{"id":24626,"date":"2025-05-20T18:41:10","date_gmt":"2025-05-20T18:41:10","guid":{"rendered":"https:\/\/electricstore.eu\/p\/uncategorized\/homcom-electric-quad-for-children-18-36-months-6v-advance-reverse-72x40x455cm\/"},"modified":"2025-05-20T18:41:22","modified_gmt":"2025-05-20T18:41:22","slug":"homcom-electric-quad-for-children-18-36-months-6v-advance-reverse-72x40x455cm","status":"publish","type":"product","link":"https:\/\/electricstore.eu\/de\/p\/o\/homcom-electric-quad-for-children-18-36-months-6v-advance-reverse-72x40x455cm\/","title":{"rendered":"HOMCOM Elektro-Quad f\u00fcr Kinder 18-36 Monate 6V Vorw\u00e4rts R\u00fcckw\u00e4rts 72x40x45,5cm"},"content":{"rendered":"<div class=\"product-specs-list-container\">\n<ul class=\"product-specs-list util-clearfix\">\n<li class=\"product-prop line-limit-length\"><span\n                                        class=\"property-title\">Markenname:&nbsp;<\/span><span\n                                        class=\"property-desc line-limit-length\">HOMCOM<\/span>\n                            <\/li>\n<li class=\"product-prop line-limit-length\"><span\n                                        class=\"property-title\">Merkmale:&nbsp;<\/span><span\n                                        class=\"property-desc line-limit-length\">Ride On<\/span>\n                            <\/li>\n<\/ul><\/div>\n<div class=\"detailmodule_html\">\n<div class=\"detail-desc-decorate-richtext\">\n<p>Kennst du schon das elektrische Quad von HOMCOM? Es ist ideal f\u00fcr Kinder, um drau\u00dfen Spa\u00df zu haben. Mit einer Reichweite von bis zu 50 Minuten nach voller Ladung k\u00f6nnen sie ihre Lieblingsorte wie echte Fahrer erkunden. Dank der vier gro\u00dfen R\u00e4der, des griffigen Lenkers und der Vorw\u00e4rts- und R\u00fcckw\u00e4rtstaste bietet dieses batteriebetriebene Fahrzeug ein besonders realistisches Fahrgef\u00fchl und sorgt f\u00fcr jede Menge Spa\u00df.<\/p>\n<div class=\"detailmodule_html\">\n<div class=\"detail-desc-decorate-richtext\">\n<div style=\"overflow:visible;height:auto\" class=\"lc-1\">\n<div class=\"f-line\">\n<div class=\"fts\">\n<div>\u00a0<\/div>\n<\/div>\n<\/div>\n<\/div>\n<div class=\"lc-1\">\n<div class=\"f-line\">\n<div class=\"fts\">\n<div><strong>Merkmale:<\/strong><\/div>\n<div>\u25cf Elektrisches Kinderfahrzeug mit sehr realistischem Design und einer sicheren Geschwindigkeit von 2,8-4,6 km\/h;<\/div>\n<div>\u25cf Einfach zu bedienen, verf\u00fcgt \u00fcber einen Vorw\u00e4rts- und R\u00fcckw\u00e4rtsknopf in der N\u00e4he des Lenkers;<\/div>\n<div>\u25cf 4 extra breite Reifen f\u00fcr sicheres und komfortables Fahren;<\/div>\n<div>\u25cf Nach vollst\u00e4ndiger Beladung betr\u00e4gt die Autonomie bis zu 50 Minuten;<\/div>\n<div>\u25cf An der Vorderseite des Autos befindet sich ein Haken, sodass man es ziehen kann, wenn die Batterie leer ist oder das Kind keine Lust mehr hat, mit dem Quad zu fahren;<\/div>\n<div>\u25cf Eine Montage ist erforderlich;<\/div>\n<div>\u25cf Wichtig: Immer nur unter Aufsicht eines Erwachsenen verwenden;<\/div>\n<div><\/div>\n<\/div>\n<\/div>\n<\/div>\n<div class=\"lc-1\">\n<div class=\"f-line\">\n<div class=\"fts\">\n<div><strong>Spezifikationen:<\/strong><\/div>\n<\/div>\n<\/div>\n<\/div>\n<\/div>\n<\/div>\n<p>\u25cf Farbe: Rosa;<\/p>\n<p>\u25cf Material: PP und Metall;<\/p>\n<p>\u25cf Gesamtma\u00dfe: 72x40x45,5 cm (LxANxAL);<\/p>\n<p>\u25cf Sitzma\u00dfe: 31,5 x 15 x 30 cm (L x B x T);<\/p>\n<p>\u25cf Raddurchmesser: \u00d8 19,5 cm;<\/p>\n<p>\u25cf Batterie: 6V, 4,5A;<\/p>\n<p>\u25cf Ladeger\u00e4t: 6V, 500MA;<\/p>\n<p>\u25cf Ladezeit: 8-12 Stunden;<\/p>\n<p>\u25cf Autonomie: 50 Minuten;<\/p>\n<p>\u25cf H\u00f6chstgeschwindigkeit: 2,8-4,6 km\/h;<\/p>\n<p>\u25cf Empfohlenes Alter: von 18 bis 36 Monaten;<\/p>\n<p>\u25cf Maximal unterst\u00fctztes Gewicht: 20 kg;<\/p>\n<p>\u25cf Zertifizierungen: EN71-1.2.3 und EN62115;<\/p>\n<p>\u25cf Referenz: 370-166V90PK;<\/p>\n<div class=\"detailmodule_html\">\n<div class=\"detail-desc-decorate-richtext\">\n<div class=\"lc-1\">\n<div class=\"f-line\">\n<div class=\"fts\">\n<div><img decoding=\"async\" width=\"1000    \" height=\"35\" src=\"https:\/\/ae01.alicdn.com\/kf\/HTB1KhgjkfiSBuNkSnhJq6zDcpXaR.jpg\" slate-data-type=\"image\"\/><\/div>\n<\/div>\n<\/div>\n<\/div>\n<\/div>\n<\/div>\n<p><img decoding=\"async\" src=\"https:\/\/ae01.alicdn.com\/kf\/S2695d8ea214049228bd1bd8d40b65a45t.jpg\" slate-data-type=\"image\"\/><img decoding=\"async\" src=\"https:\/\/ae01.alicdn.com\/kf\/Se9cba31ec7404a47ac5c51a54c1d3b19p.jpg\" slate-data-type=\"image\"\/><img decoding=\"async\" src=\"https:\/\/ae01.alicdn.com\/kf\/S220f86688bdc47d78e070fcef5e64ce09.jpg\" slate-data-type=\"image\"\/><img decoding=\"async\" src=\"https:\/\/ae01.alicdn.com\/kf\/S2c4775c9cb9d4583acacc67115bead4bs.jpg\" slate-data-type=\"image\"\/><\/p>\n<div class=\"detailmodule_html\">\n<div class=\"detail-desc-decorate-richtext\">\n<div><img fetchpriority=\"high\" decoding=\"async\" width=\"1000\" height=\"1881\" src=\"https:\/\/ae01.alicdn.com\/kf\/Ua8ece3e103ed470793ec3cb15da8a01fz.jpg\" slate-data-type=\"image\"\/><\/div>\n<\/div>\n<\/div>\n<p><\/p>\n<\/div>\n<\/div>","protected":false},"excerpt":{"rendered":"<p>Brand Name:&nbsp;HOMCOM Features:&nbsp;Ride On Have You Seen This HOMCOM electric quad? It is a good way for the little ones to enjoy outdoors. With a range of up to 50<\/p>","protected":false},"featured_media":24628,"comment_status":"open","ping_status":"closed","template":"","meta":{"_acf_changed":false},"product_brand":[],"product_cat":[15],"product_tag":[],"class_list":{"0":"post-24626","1":"product","2":"type-product","3":"status-publish","4":"has-post-thumbnail","6":"product_cat-o","8":"first","9":"instock","10":"shipping-taxable","11":"purchasable","12":"product-type-variable"},"acf":[],"_links":{"self":[{"href":"https:\/\/electricstore.eu\/de\/wp-json\/wp\/v2\/product\/24626","targetHints":{"allow":["GET"]}}],"collection":[{"href":"https:\/\/electricstore.eu\/de\/wp-json\/wp\/v2\/product"}],"about":[{"href":"https:\/\/electricstore.eu\/de\/wp-json\/wp\/v2\/types\/product"}],"replies":[{"embeddable":true,"href":"https:\/\/electricstore.eu\/de\/wp-json\/wp\/v2\/comments?post=24626"}],"wp:featuredmedia":[{"embeddable":true,"href":"https:\/\/electricstore.eu\/de\/wp-json\/wp\/v2\/media\/24628"}],"wp:attachment":[{"href":"https:\/\/electricstore.eu\/de\/wp-json\/wp\/v2\/media?parent=24626"}],"wp:term":[{"taxonomy":"product_brand","embeddable":true,"href":"https:\/\/electricstore.eu\/de\/wp-json\/wp\/v2\/product_brand?post=24626"},{"taxonomy":"product_cat","embeddable":true,"href":"https:\/\/electricstore.eu\/de\/wp-json\/wp\/v2\/product_cat?post=24626"},{"taxonomy":"product_tag","embeddable":true,"href":"https:\/\/electricstore.eu\/de\/wp-json\/wp\/v2\/product_tag?post=24626"}],"curies":[{"name":"wp","href":"https:\/\/api.w.org\/{rel}","templated":true}]}}