{"id":24439,"date":"2025-05-20T18:36:12","date_gmt":"2025-05-20T18:36:12","guid":{"rendered":"https:\/\/electricstore.eu\/p\/uncategorized\/27-5-36v-500w-electric-bike-front-wheelconversion-kit-ebike-rear-bicycle-hub-motor-wheel-conversion-kit-with-lcd-display\/"},"modified":"2025-05-20T18:36:36","modified_gmt":"2025-05-20T18:36:36","slug":"27-5-36v-500w-electric-bike-front-wheelconversion-kit-ebike-rear-bicycle-hub-motor-wheel-conversion-kit-with-lcd-display","status":"publish","type":"product","link":"https:\/\/electricstore.eu\/de\/p\/p\/kits\/electric-hub-motor-kits\/27-5-36v-500w-electric-bike-front-wheelconversion-kit-ebike-rear-bicycle-hub-motor-wheel-conversion-kit-with-lcd-display\/","title":{"rendered":"27,5 Zoll 36 V 500 W Elektrofahrrad-Vorderrad-Umr\u00fcstsatz Ebike-Hinterrad-Nabenmotor-Radumr\u00fcstsatz mit LCD-Display"},"content":{"rendered":"<div class=\"product-specs-list-container\">\n<ul class=\"product-specs-list util-clearfix\">\n<li class=\"product-prop line-limit-length\"><span\n                                        class=\"property-title\">Hochgef\u00e4hrliche Chemikalie:&nbsp;<\/span><span\n                                        class=\"property-desc line-limit-length\">Keiner<\/span>\n                            <\/li>\n<li class=\"product-prop line-limit-length\"><span\n                                        class=\"property-title\">Maximale Wattzahl:&nbsp;<\/span><span\n                                        class=\"property-desc line-limit-length\">500 W<\/span>\n                            <\/li>\n<li class=\"product-prop line-limit-length\"><span\n                                        class=\"property-title\">Markenname:&nbsp;<\/span><span\n                                        class=\"property-desc line-limit-length\">HANGKAI<\/span>\n                            <\/li>\n<li class=\"product-prop line-limit-length\"><span\n                                        class=\"property-title\">Herkunft:&nbsp;<\/span><span\n                                        class=\"property-desc line-limit-length\">Festlandchina<\/span>\n                            <\/li>\n<li class=\"product-prop line-limit-length\"><span\n                                        class=\"property-title\">Z\u00e4hlertyp:&nbsp;<\/span><span\n                                        class=\"property-desc line-limit-length\">Farb-LCD-Bildschirm<\/span>\n                            <\/li>\n<li class=\"product-prop line-limit-length\"><span\n                                        class=\"property-title\">Nenndrehzahl:&nbsp;<\/span><span\n                                        class=\"property-desc line-limit-length\">300 U\/min<\/span>\n                            <\/li>\n<li class=\"product-prop line-limit-length\"><span\n                                        class=\"property-title\">Nenndrehmoment:&nbsp;<\/span><span\n                                        class=\"property-desc line-limit-length\">55 nm<\/span>\n                            <\/li>\n<li class=\"product-prop line-limit-length\"><span\n                                        class=\"property-title\">Effizienz:&nbsp;<\/span><span\n                                        class=\"property-desc line-limit-length\">\u226582%<\/span>\n                            <\/li>\n<li class=\"product-prop line-limit-length\"><span\n                                        class=\"property-title\">Motordrehzahl:&nbsp;<\/span><span\n                                        class=\"property-desc line-limit-length\">Max. 35-40 km\/h<\/span>\n                            <\/li>\n<li class=\"product-prop line-limit-length\"><span\n                                        class=\"property-title\">Raddurchmesser:&nbsp;<\/span><span\n                                        class=\"property-desc line-limit-length\">27,5 Zoll\/69,8 cm<\/span>\n                            <\/li>\n<li class=\"product-prop line-limit-length\"><span\n                                        class=\"property-title\">Passender Griffdurchmesser:&nbsp;<\/span><span\n                                        class=\"property-desc line-limit-length\">22,2 mm\/0,87 Zoll<\/span>\n                            <\/li>\n<\/ul><\/div>\n<p style=\"text-align:center\" align=\"center\"><span style=\"font-size:20px\"><strong>27,5 Zoll 36 V 500 W Elektrofahrrad-Vorderrad-Umr\u00fcstsatz Ebike-Hinterrad-Nabenmotor-Radumr\u00fcstsatz mit LCD-Display<\/strong><\/span><\/p>\n<p><\/p>\n<p style=\"text-align:left\" class=\"MsoNormal\" align=\"left\"><strong><span style=\"background-color:rgb(255, 255, 255);color:rgb(0, 0, 0);font-size:15pt;font-family:&quot;Times New Roman&quot;\">Spezifikation<\/span><\/strong><\/p>\n<p style=\"text-align:left\" class=\"MsoNormal\" align=\"left\"><span style=\"background-color:rgb(255, 255, 255);color:rgb(0, 0, 0);font-size:12pt;font-family:&quot;Times New Roman&quot;\">Farbe: Schwarz, Silber <\/span><\/p>\n<p style=\"text-align:left\" class=\"MsoNormal\" align=\"left\"><span style=\"background-color:rgb(255, 255, 255);color:rgb(0, 0, 0);font-size:12pt;font-family:&quot;Times New Roman&quot;\">Material: Aluminiumlegierung<\/span><\/p>\n<p style=\"text-align:left\" class=\"MsoNormal\" align=\"left\"><span style=\"background-color:rgb(255, 255, 255);color:rgb(0, 0, 0);font-size:12pt;font-family:&quot;Times New Roman&quot;\">Form: Rund<\/span><\/p>\n<p style=\"text-align:left\" class=\"MsoNormal\" align=\"left\"><span style=\"background-color:rgb(255, 255, 255);color:rgb(0, 0, 0);font-size:12pt;font-family:&quot;Times New Roman&quot;\">Stil: Modern<\/span><\/p>\n<p class=\"MsoNormal\"><span style=\"font-size:12pt;font-family:&quot;Times New Roman&quot;\">Messger\u00e4ttyp: Farbbildschirm LCD<\/span><\/p>\n<p style=\"text-align:left\" class=\"MsoNormal\" align=\"left\"><span style=\"font-size:12pt;font-family:&quot;Times New Roman&quot;\">Stromversorgungsart: Blei-S\u00e4ure- oder Lithiumbatterie (nicht im Lieferumfang enthalten)<\/span><\/p>\n<p class=\"MsoNormal\"><span style=\"font-size:12pt;font-family:&quot;Times New Roman&quot;\">Einbauposition: Vorne<\/span><\/p>\n<p class=\"MsoNormal\"><span style=\"font-size:12pt;font-family:&quot;Times New Roman&quot;\">Fahrradtyp: Elektrofahrrad<\/span><\/p>\n<p class=\"MsoNormal\"><span style=\"font-size:12pt;font-family:&quot;Times New Roman&quot;\">Motortyp: <\/span><span style=\"background-color:rgb(245, 199, 205);font-size:12pt;font-family:&quot;Times New Roman&quot;\">B\u00fcrstenlos<\/span><span style=\"font-size:12pt;font-family:&quot;Times New Roman&quot;\">\u00a0und Getriebemotor<\/span><\/p>\n<p class=\"MsoNormal\"><span style=\"font-size:12pt;font-family:&quot;Times New Roman&quot;\">Bremsmethode: Scheibenbremse\/V-Bremse<\/span><\/p>\n<p class=\"MsoNormal\"><span style=\"font-size:12pt;font-family:&quot;Times New Roman&quot;\">Entsprechender Controller: 36V 500W FOC <\/span><span style=\"background-color:rgb(255, 255, 255);color:rgb(0, 0, 0);font-size:12pt;font-family:&quot;Times New Roman&quot;\">Sinuswelle <\/span><span style=\"font-size:12pt;font-family:&quot;Times New Roman&quot;\">Intelligenter Controller<\/span><\/p>\n<p class=\"MsoNormal\"><span style=\"font-size:12pt;font-family:&quot;Times New Roman&quot;\">Instrumentenanzeige: Echtzeitgeschwindigkeit, H\u00f6chstgeschwindigkeit, Durchschnittsgeschwindigkeit, Gesamtkilometerstand, Einzelkilometerstand, Batterieladeanzeige, Assist Gear\/Speed Grading, Cruise-Funktion, <\/span><span style=\"color:rgb(14, 16, 26);font-size:12pt;font-family:&quot;Times New Roman&quot;\">Fehlercodeanzeige<\/span><\/p>\n<p class=\"MsoNormal\"><span style=\"font-size:12pt;font-family:&quot;Times New Roman&quot;\">Spannung: 36V<\/span><\/p>\n<p style=\"text-align:left\" class=\"MsoNormal\" align=\"left\"><span style=\"font-size:12pt;font-family:&quot;Times New Roman&quot;\">Leistung: 500W<\/span><\/p>\n<p class=\"MsoNormal\"><span style=\"font-size:12pt;font-family:&quot;Times New Roman&quot;\">Nenndrehzahl: 300 U\/min<\/span><\/p>\n<p class=\"MsoNormal\"><span style=\"font-size:12pt;font-family:&quot;Times New Roman&quot;\">Nenndrehmoment: 55nm<\/span><\/p>\n<p class=\"MsoNormal\"><span style=\"font-size:12pt;font-family:&quot;Times New Roman&quot;\">Effizienz: \u226582%<\/span><\/p>\n<p class=\"MsoNormal\"><span style=\"font-size:12pt;font-family:&quot;Times New Roman&quot;\">Motorradgeschwindigkeit: Max. 35\u201340 km\/h<\/span><\/p>\n<p style=\"text-align:left\" class=\"MsoNormal\" align=\"left\"><span style=\"font-size:12pt;font-family:&quot;Times New Roman&quot;\">Nettogewicht: 8 kg\/17 lbs<\/span><\/p>\n<p style=\"text-align:left\" class=\"MsoNormal\" align=\"left\"><span style=\"font-size:12pt;font-family:&quot;Times New Roman&quot;\">Bruttogewicht: 9 kg\/19 lbs<\/span><\/p>\n<p style=\"text-align:left\" class=\"MsoNormal\" align=\"left\"><span style=\"font-size:12pt;font-family:&quot;Times New Roman&quot;\">Paketgr\u00f6\u00dfe: 60 * 60 * 22 cm \/ 23 * 23 * 8 Zoll<\/span><\/p>\n<p class=\"MsoNormal\"><span style=\"font-size:12pt;font-family:&quot;Times New Roman&quot;\">Controllergr\u00f6\u00dfe: 212 x 115 x 55 mm\/8,3 x 4,5 x 2 Zoll<\/span><\/p>\n<p class=\"MsoNormal\"><span style=\"font-size:12pt;font-family:&quot;Times New Roman&quot;\">LCD-Messger\u00e4tgr\u00f6\u00dfe: 68 x 96 mm\/2,6 x 3,7 Zoll<\/span><\/p>\n<p class=\"MsoNormal\"><span style=\"font-size:12pt;font-family:&quot;Times New Roman&quot;\">Raddurchmesser: 27,5 Zoll\/69,8 cm<\/span><\/p>\n<p class=\"MsoNormal\"><span style=\"font-size:12pt;font-family:&quot;Times New Roman&quot;\">Geeigneter Griffdurchmesser: 22,2 mm<\/span><\/p>\n<p><\/p>\n<p class=\"MsoNormal\"><span style=\"font-size:12pt;font-family:&quot;Times New Roman&quot;\"><\/span><img decoding=\"async\" src=\"https:\/\/ae01.alicdn.com\/kf\/S119efed99f014759b74568f5126575daw.jpg\" slate-data-type=\"image\"\/><span style=\"font-size:12pt;font-family:&quot;Times New Roman&quot;\"><\/span><img decoding=\"async\" src=\"https:\/\/ae01.alicdn.com\/kf\/Sb3e251d1970649f285772f1ddcc02017S.jpg\" slate-data-type=\"image\"\/><span style=\"font-size:12pt;font-family:&quot;Times New Roman&quot;\"><\/span><img decoding=\"async\" src=\"https:\/\/ae01.alicdn.com\/kf\/S3def8a6ba85141349e16c400749281c1R.jpg\" slate-data-type=\"image\"\/><span style=\"font-size:12pt;font-family:&quot;Times New Roman&quot;\"><\/span><img decoding=\"async\" src=\"https:\/\/ae01.alicdn.com\/kf\/S73ef15a1538144a7b9993c59607d000db.jpg\" slate-data-type=\"image\"\/><span style=\"font-size:12pt;font-family:&quot;Times New Roman&quot;\"><\/span><img decoding=\"async\" src=\"https:\/\/ae01.alicdn.com\/kf\/Sf1e143e3d21f431192eef7244e1f5ad9J.jpg\" slate-data-type=\"image\"\/><span style=\"font-size:12pt;font-family:&quot;Times New Roman&quot;\"><\/span><img decoding=\"async\" src=\"https:\/\/ae01.alicdn.com\/kf\/S3b349dd8bd5b4cd489d13aa641513a32g.jpg\" slate-data-type=\"image\"\/><span style=\"font-size:12pt;font-family:&quot;Times New Roman&quot;\"><\/span><img decoding=\"async\" src=\"https:\/\/ae01.alicdn.com\/kf\/Sc9f6365b711f4b87ba3ff77b17f0d82cc.jpg\" slate-data-type=\"image\"\/><span style=\"font-size:12pt;font-family:&quot;Times New Roman&quot;\"><\/span><img decoding=\"async\" src=\"https:\/\/ae01.alicdn.com\/kf\/S2dff059ec92f4c4c9c3f0b3ebc97866fT.jpg\" slate-data-type=\"image\"\/><span style=\"font-size:12pt;font-family:&quot;Times New Roman&quot;\"><\/span><img decoding=\"async\" src=\"https:\/\/ae01.alicdn.com\/kf\/Se1f5e54e71934f45b30bf334eb0179a0y.jpg\" slate-data-type=\"image\"\/><span style=\"font-size:12pt;font-family:&quot;Times New Roman&quot;\"><\/span><img decoding=\"async\" src=\"https:\/\/ae01.alicdn.com\/kf\/S1b2d44e026e0402e98ca40c2a740b17ef.jpg\" slate-data-type=\"image\"\/><span style=\"font-size:12pt;font-family:&quot;Times New Roman&quot;\"><\/span><img decoding=\"async\" src=\"https:\/\/ae01.alicdn.com\/kf\/Sbfe82379595d4f538f5eecaa82105600K.jpg\" slate-data-type=\"image\"\/><span style=\"font-size:12pt;font-family:&quot;Times New Roman&quot;\"><\/span><\/p>\n<p><\/p>\n<p class=\"MsoNormal\"><strong><span style=\"background-color:rgb(255, 255, 255);color:rgb(0, 0, 0);font-size:15pt;font-family:&quot;Times New Roman&quot;\">So messen Sie die Radgr\u00f6\u00dfe eines Fahrrads<\/span><\/strong><\/p>\n<p class=\"MsoNormal\"><strong><span style=\"font-size:12pt;font-family:&quot;Times New Roman&quot;\">Methode 1:<\/span><\/strong><span style=\"font-size:12pt;font-family:&quot;Times New Roman&quot;\">\u00a0Wenn Ihr Reifen montiert ist, k\u00f6nnen Sie die Radgr\u00f6\u00dfe auf dem Reifen Ihres Fahrrads finden.<\/span><\/p>\n<p class=\"MsoNormal\"><strong><span style=\"font-size:12pt;font-family:&quot;Times New Roman&quot;\">Methode 2:<\/span><\/strong><span style=\"font-size:12pt;font-family:&quot;Times New Roman&quot;\">\u00a0Messen Sie den Abstand in Zoll vom Boden unter dem Reifen bis zum Mittelpunkt des Rades. Dieses Ma\u00df entspricht dem Radius des Rades oder dem halben Durchmesser. Multiplizieren Sie die L\u00e4nge mit zwei, um den Reifendurchmesser zu berechnen. Die meisten R\u00e4der von Erwachsenenfahrr\u00e4dern haben einen Durchmesser zwischen 26 und 29 Zoll. <\/span><\/p>\n<p><\/p>\n<p style=\"text-align:left\" class=\"MsoNormal\" align=\"left\"><strong><span style=\"background-color:rgb(255, 255, 255);color:rgb(0, 0, 0);font-size:15pt;font-family:&quot;Times New Roman&quot;\">Lieferinhalt<\/span><\/strong><\/p>\n<p class=\"MsoNormal\"><span style=\"color:rgb(14, 16, 26);font-size:12pt;font-family:&quot;Times New Roman&quot;\">1 * Frontantriebsmotorrad<\/span><\/p>\n<p class=\"MsoNormal\"><span style=\"color:rgb(14, 16, 26);font-size:12pt;font-family:&quot;Times New Roman&quot;\">1 * Dreher<\/span><\/p>\n<p class=\"MsoNormal\"><span style=\"color:rgb(14, 16, 26);font-size:12pt;font-family:&quot;Times New Roman&quot;\">1 * Spannschlossabdeckung<\/span><\/p>\n<p class=\"MsoNormal\"><span style=\"color:rgb(14, 16, 26);font-size:12pt;font-family:&quot;Times New Roman&quot;\">1 * Controller<\/span><\/p>\n<p class=\"MsoNormal\"><span style=\"color:rgb(14, 16, 26);font-size:12pt;font-family:&quot;Times New Roman&quot;\">1 * Farbbildschirm LCD-Messger\u00e4t und Halterung<\/span><\/p>\n<p class=\"MsoNormal\"><span style=\"font-size:10.5pt;font-family:&quot;Times New Roman&quot;\">2<\/span><span style=\"color:rgb(14, 16, 26);font-size:12pt;font-family:&quot;Times New Roman&quot;\">* Bremsgriffe<\/span><\/p>\n<p class=\"MsoNormal\"><span style=\"color:rgb(14, 16, 26);font-size:12pt;font-family:&quot;Times New Roman&quot;\">1 Satz* Pedalassistent-Sensoren<\/span><\/p>\n<p class=\"MsoNormal\"><span style=\"color:rgb(14, 16, 26);font-size:12pt;font-family:&quot;Times New Roman&quot;\">1 * Controller-Tasche<\/span><\/p>\n<p class=\"MsoNormal\"><span style=\"color:rgb(14, 16, 26);font-size:12pt;font-family:&quot;Times New Roman&quot;\">1 * Englisches Handbuch<\/span><\/p>\n<p class=\"MsoNormal\"><span style=\"color:rgb(14, 16, 26);font-size:12pt;font-family:&quot;Times New Roman&quot;\">Weiteres Zubeh\u00f6r zur Montage<\/span><\/p>\n<p><\/p>\n<p style=\"text-align:left\" class=\"MsoNormal\" align=\"left\"><strong><span style=\"background-color:rgb(255, 255, 255);color:rgb(0, 0, 0);font-size:15pt;font-family:&quot;Times New Roman&quot;\">Hinweise<\/span><\/strong><\/p>\n<p style=\"text-align:left;margin-left:21pt\" class=\"MsoNormal\" align=\"left\"><span style=\"font-size:12pt;font-family:&quot;Times New Roman&quot;\"><span>1.\u00a0<\/span><\/span><span style=\"font-size:12pt;font-family:&quot;Times New Roman&quot;\">Die Geschwindigkeit h\u00e4ngt von der Radgr\u00f6\u00dfe, dem Stra\u00dfenzustand, dem Batteriezustand, der G\u00e4stezahl, der Windgeschwindigkeit und anderen Faktoren ab.<\/span><\/p>\n<p style=\"margin-left:21pt\" class=\"MsoNormal\"><span style=\"color:rgb(14, 16, 26);font-size:12pt;font-family:&quot;Times New Roman&quot;\"><span>2.\u00a0<\/span><\/span><span style=\"color:rgb(14, 16, 26);font-size:12pt;font-family:&quot;Times New Roman&quot;\">Es ist f\u00fcr das Vorderrad eines Zweirads oder Dreirads mit einem Innenabstand des Vordergabelklauenhakens von 3,9 Zoll geeignet. <\/span><\/p>\n<p style=\"margin-left:21pt\" class=\"MsoNormal\"><span style=\"color:rgb(14, 16, 26);font-size:12pt;font-family:&quot;Times New Roman&quot;\"><span>3.\u00a0<\/span><\/span><span style=\"color:rgb(14, 16, 26);font-size:12pt;font-family:&quot;Times New Roman&quot;\">Bitte legen Sie vorab eine Blei-S\u00e4ure-Batterie oder eine Lithium-Batterie mit einer Leistung von 500 W bereit. Bitte beachten Sie, dass Batterie und Reifen nicht im Lieferumfang enthalten sind. <\/span><\/p>\n<p style=\"margin-left:21pt\" class=\"MsoNormal\"><span style=\"color:rgb(14, 16, 26);font-size:12pt;font-family:&quot;Times New Roman&quot;\"><span>4.\u00a0<\/span><\/span><span style=\"color:rgb(14, 16, 26);font-size:12pt;font-family:&quot;Times New Roman&quot;\">Bitte achten Sie auf eine stabile Verbindung zwischen Motor und Controller.<\/span><\/p>\n<p style=\"margin-left:21pt\" class=\"MsoNormal\"><span style=\"color:rgb(14, 16, 26);font-size:12pt;font-family:&quot;Times New Roman&quot;\"><span>5.\u00a0<\/span><\/span><span style=\"color:rgb(14, 16, 26);font-size:12pt;font-family:&quot;Times New Roman&quot;\">Bitte stellen Sie sicher, dass der innere Kern jedes Steckers nicht besch\u00e4digt, gebrochen oder verbogen ist.<\/span><\/p>\n<p style=\"margin-left:21pt\" class=\"MsoNormal\"><span style=\"color:rgb(14, 16, 26);font-size:12pt;font-family:&quot;Times New Roman&quot;\"><span>6.\u00a0<\/span><\/span><span style=\"color:rgb(14, 16, 26);font-size:12pt;font-family:&quot;Times New Roman&quot;\">Wenn Ihr Kit eine Zeit lang verwendet wurde und dann pl\u00f6tzlich nicht mehr funktioniert, pr\u00fcfen Sie zun\u00e4chst, ob die Batterie Strom hat, dann, ob die Verkabelung des Controllers locker, getrennt oder geschmolzen ist und schlie\u00dflich, ob das Instrument normal funktioniert und ob ein Fehlercode angezeigt wird.<\/span><\/p>\n<p style=\"margin-left:21pt\" class=\"MsoNormal\"><span style=\"color:rgb(14, 16, 26);font-size:12pt;font-family:&quot;Times New Roman&quot;\"><span>7.\u00a0<\/span><\/span><span style=\"color:rgb(14, 16, 26);font-size:12pt;font-family:&quot;Times New Roman&quot;\">Damit das Produkt ordnungsgem\u00e4\u00df funktioniert, m\u00fcssen Sie das Ger\u00e4t w\u00e4hrend der Installation korrekt und fest anschlie\u00dfen. Tritt w\u00e4hrend des Installationsvorgangs ein Fehler auf, funktioniert das Produkt nicht ordnungsgem\u00e4\u00df. <\/span><\/p>\n<p style=\"margin-left:21pt\" class=\"MsoNormal\"><span style=\"color:rgb(14, 16, 26);font-size:12pt;font-family:&quot;Times New Roman&quot;\"><span>8.\u00a0<\/span><\/span><span style=\"color:rgb(14, 16, 26);font-size:12pt;font-family:&quot;Times New Roman&quot;\">Bitte lesen Sie die Anleitung vor der Installation und Inbetriebnahme vollst\u00e4ndig durch und beachten Sie insbesondere die enthaltenen Sicherheitshinweise. <\/span><\/p>\n<p style=\"margin-left:21pt\" class=\"MsoNormal\"><span style=\"color:rgb(14, 16, 26);font-size:12pt;font-family:&quot;Times New Roman&quot;\"><span>9.\u00a0<\/span><\/span><span style=\"color:rgb(14, 16, 26);font-size:12pt;font-family:&quot;Times New Roman&quot;\">Bitte ber\u00fccksichtigen Sie leichte Farbunterschiede aufgrund des Aufnahmelichts und einen Fehler von 1\u20133 cm aufgrund manueller Messung und stellen Sie vor der Bestellung sicher, dass es Ihnen nichts ausmacht.<\/span><\/p>\n<p><\/p>","protected":false},"excerpt":{"rendered":"<p>Hign-concerned Chemical:&nbsp;None Maximum Wattage:&nbsp;500W Brand Name:&nbsp;HANGKAI Origin:&nbsp;Mainland China Meter Typ:&nbsp;Color Screen LCD Rated Speed:&nbsp;300rpm Rated Torque:&nbsp;55nm Efficiency:&nbsp;\u226582% Motor Wheel Speed:&nbsp;Max 35-40km\/h Wheel Diameter:&nbsp;27.5inch\/69.8cm Suitable Handle Diamete:&nbsp;22.2mm\/0.87in 27.5\u201d 36V 500W Electric<\/p>","protected":false},"featured_media":24440,"comment_status":"open","ping_status":"closed","template":"","meta":{"_acf_changed":false},"product_brand":[],"product_cat":[528],"product_tag":[],"class_list":{"0":"post-24439","1":"product","2":"type-product","3":"status-publish","4":"has-post-thumbnail","6":"product_cat-electric-hub-motor-kits","8":"first","9":"instock","10":"shipping-taxable","11":"purchasable","12":"product-type-variable"},"acf":[],"_links":{"self":[{"href":"https:\/\/electricstore.eu\/de\/wp-json\/wp\/v2\/product\/24439","targetHints":{"allow":["GET"]}}],"collection":[{"href":"https:\/\/electricstore.eu\/de\/wp-json\/wp\/v2\/product"}],"about":[{"href":"https:\/\/electricstore.eu\/de\/wp-json\/wp\/v2\/types\/product"}],"replies":[{"embeddable":true,"href":"https:\/\/electricstore.eu\/de\/wp-json\/wp\/v2\/comments?post=24439"}],"wp:featuredmedia":[{"embeddable":true,"href":"https:\/\/electricstore.eu\/de\/wp-json\/wp\/v2\/media\/24440"}],"wp:attachment":[{"href":"https:\/\/electricstore.eu\/de\/wp-json\/wp\/v2\/media?parent=24439"}],"wp:term":[{"taxonomy":"product_brand","embeddable":true,"href":"https:\/\/electricstore.eu\/de\/wp-json\/wp\/v2\/product_brand?post=24439"},{"taxonomy":"product_cat","embeddable":true,"href":"https:\/\/electricstore.eu\/de\/wp-json\/wp\/v2\/product_cat?post=24439"},{"taxonomy":"product_tag","embeddable":true,"href":"https:\/\/electricstore.eu\/de\/wp-json\/wp\/v2\/product_tag?post=24439"}],"curies":[{"name":"wp","href":"https:\/\/api.w.org\/{rel}","templated":true}]}}