{"id":24321,"date":"2025-05-20T18:35:33","date_gmt":"2025-05-20T18:35:33","guid":{"rendered":"https:\/\/electricstore.eu\/p\/uncategorized\/hyper-gogo-pioneer-12-electric-chopper-motorcycle-for-kids-24v-5-2ah-160w-with-12x3-tires-8-12-16-km-h-speed-12-km-max-range\/"},"modified":"2025-05-20T18:35:56","modified_gmt":"2025-05-20T18:35:56","slug":"hyper-gogo-pioneer-12-electric-chopper-motorcycle-for-kids-24v-5-2ah-160w-with-12x3-tires-8-12-16-km-h-speed-12-km-max-range","status":"publish","type":"product","link":"https:\/\/electricstore.eu\/de\/p\/motorbikes\/electric-children-motorbikes\/hyper-gogo-pioneer-12-electric-chopper-motorcycle-for-kids-24v-5-2ah-160w-with-12x3-tires-8-12-16-km-h-speed-12-km-max-range\/","title":{"rendered":"HYPER GOGO Pioneer 12 Elektrisches Chopper-Motorrad f\u00fcr Kinder, 24 V, 5,2 Ah, 160 W, mit 12&#039;x3&#039;-Reifen, 8\/12\/16 km\/h Geschwindigkeit, 12 km maximale Reichweite"},"content":{"rendered":"<div class=\"product-specs-list-container\">\n<ul class=\"product-specs-list util-clearfix\">\n<li class=\"product-prop line-limit-length\"><span\n                                        class=\"property-title\">Modellnummer:&nbsp;<\/span><span\n                                        class=\"property-desc line-limit-length\">Pionier 12<\/span>\n                            <\/li>\n<li class=\"product-prop line-limit-length\"><span\n                                        class=\"property-title\">Radnummer:&nbsp;<\/span><span\n                                        class=\"property-desc line-limit-length\">Zwei<\/span>\n                            <\/li>\n<li class=\"product-prop line-limit-length\"><span\n                                        class=\"property-title\">Empfohlenes Alter:&nbsp;<\/span><span\n                                        class=\"property-desc line-limit-length\">6\u201312 Jahre, 14+ Jahre<\/span>\n                            <\/li>\n<li class=\"product-prop line-limit-length\"><span\n                                        class=\"property-title\">Merkmale:&nbsp;<\/span><span\n                                        class=\"property-desc line-limit-length\">Ride On<\/span>\n                            <\/li>\n<li class=\"product-prop line-limit-length\"><span\n                                        class=\"property-title\">Maximale Belastung:&nbsp;<\/span><span\n                                        class=\"property-desc line-limit-length\">65 kg<\/span>\n                            <\/li>\n<li class=\"product-prop line-limit-length\"><span\n                                        class=\"property-title\">Uphill:&nbsp;<\/span><span\n                                        class=\"property-desc line-limit-length\">10\u00b0 (17.6%)<\/span>\n                            <\/li>\n<li class=\"product-prop line-limit-length\"><span\n                                        class=\"property-title\">H\u00f6chstgeschwindigkeit:&nbsp;<\/span><span\n                                        class=\"property-desc line-limit-length\">16 km\/h (10 mph)<\/span>\n                            <\/li>\n<li class=\"product-prop line-limit-length\"><span\n                                        class=\"property-title\">Maximale Reichweite:&nbsp;<\/span><span\n                                        class=\"property-desc line-limit-length\">12 km<\/span>\n                            <\/li>\n<li class=\"product-prop line-limit-length\"><span\n                                        class=\"property-title\">Geschwindigkeitsstufen:&nbsp;<\/span><span\n                                        class=\"property-desc line-limit-length\">8\/12\/16 km\/h (5\/8\/10 mph)<\/span>\n                            <\/li>\n<li class=\"product-prop line-limit-length\"><span\n                                        class=\"property-title\">Wasserdichtigkeit:&nbsp;<\/span><span\n                                        class=\"property-desc line-limit-length\">IP6<\/span>\n                            <\/li>\n<li class=\"product-prop line-limit-length\"><span\n                                        class=\"property-title\">Material des Rahmens:&nbsp;<\/span><span\n                                        class=\"property-desc line-limit-length\">Stahl<\/span>\n                            <\/li>\n<li class=\"product-prop line-limit-length\"><span\n                                        class=\"property-title\">Bremssystem:&nbsp;<\/span><span\n                                        class=\"property-desc line-limit-length\">Rear Hub Brake<\/span>\n                            <\/li>\n<li class=\"product-prop line-limit-length\"><span\n                                        class=\"property-title\">Recommended Rider Heights:&nbsp;<\/span><span\n                                        class=\"property-desc line-limit-length\">90-160 cm (2\u201911.5\u201d-5\u20193\u201d)<\/span>\n                            <\/li>\n<li class=\"product-prop line-limit-length\"><span\n                                        class=\"property-title\">Nennleistung und -spannung:&nbsp;<\/span><span\n                                        class=\"property-desc line-limit-length\">160 W, 24 V<\/span>\n                            <\/li>\n<li class=\"product-prop line-limit-length\"><span\n                                        class=\"property-title\">Max Output Torque:&nbsp;<\/span><span\n                                        class=\"property-desc line-limit-length\">11 N.m<\/span>\n                            <\/li>\n<li class=\"product-prop line-limit-length\"><span\n                                        class=\"property-title\">Kapazit\u00e4t:&nbsp;<\/span><span\n                                        class=\"property-desc line-limit-length\">5.2Ah<\/span>\n                            <\/li>\n<li class=\"product-prop line-limit-length\"><span\n                                        class=\"property-title\">Stromspannung:&nbsp;<\/span><span\n                                        class=\"property-desc line-limit-length\">21.9V<\/span>\n                            <\/li>\n<li class=\"product-prop line-limit-length\"><span\n                                        class=\"property-title\">Ladezeit:&nbsp;<\/span><span\n                                        class=\"property-desc line-limit-length\">4h<\/span>\n                            <\/li>\n<li class=\"product-prop line-limit-length\"><span\n                                        class=\"property-title\">Leistungskapazit\u00e4t:&nbsp;<\/span><span\n                                        class=\"property-desc line-limit-length\">113.88Wh<\/span>\n                            <\/li>\n<li class=\"product-prop line-limit-length\"><span\n                                        class=\"property-title\">Input:&nbsp;<\/span><span\n                                        class=\"property-desc line-limit-length\">DC24V 1.5A<\/span>\n                            <\/li>\n<li class=\"product-prop line-limit-length\"><span\n                                        class=\"property-title\">Gr\u00f6\u00dfe:&nbsp;<\/span><span\n                                        class=\"property-desc line-limit-length\">12&quot;x3&quot;<\/span>\n                            <\/li>\n<li class=\"product-prop line-limit-length\"><span\n                                        class=\"property-title\">Typ:&nbsp;<\/span><span\n                                        class=\"property-desc line-limit-length\">Luftreifen<\/span>\n                            <\/li>\n<li class=\"product-prop line-limit-length\"><span\n                                        class=\"property-title\">Reifendruck:&nbsp;<\/span><span\n                                        class=\"property-desc line-limit-length\">100-200 KPa<\/span>\n                            <\/li>\n<\/ul><\/div>\n<div class=\"detailmodule_dynamic\"><kse:widget data-widget-type=\"relatedProduct\" id=\"1005000009406803\" title=\"\" type=\"relation\"><\/kse:widget><\/div>\n<div class=\"detailmodule_html\">\n<div class=\"detail-desc-decorate-richtext\">\n<p><\/p>\n<div style=\"background-color:rgb(240, 234, 255);margin:20px 0px 10px;margin-bottom:10px;margin-top:20px;margin-left:0px;margin-right:0px;width:100%;height:34px\">\n <span style=\"background-color:rgb(55, 139, 238);color:rgb(255, 255, 255);font-size:24px;font-family:Verdana, Arial\">Highlights<\/span><\/p>\n<\/div>\n<div class=\"detailmodule_text\">\n<div class=\"detailmodule_html\">\n<div class=\"detail-desc-decorate-richtext\">\n<div class=\"detailmodule_text-image\">\n<div class=\"detailmodule_text-image\">\n<div class=\"detailmodule_html\">\n<div class=\"detail-desc-decorate-richtext\">\n<div class=\"detailmodule_text-image\">\n<div class=\"detailmodule_html\">\n<div class=\"detail-desc-decorate-richtext\">\n<div style=\"font-family:&quot;Open Sans&quot;, Arial, Helvetica, sans-serif, Heiti;font-size:14px;color:rgb(0, 0, 0);box-sizing:content-box\" class=\"detailmodule_html\">\n<div style=\"box-sizing:content-box\" class=\"detail-desc-decorate-richtext\">\n<div style=\"width:944px;height:auto;box-sizing:content-box\">\n<div style=\"box-sizing:content-box\">\n<div class=\"detailmodule_html\">\n<div class=\"detail-desc-decorate-richtext\">\n<div style=\"font-family:&quot;Open Sans&quot;, Arial, Helvetica, sans-serif, Heiti;font-size:14px;color:rgb(0, 0, 0);box-sizing:content-box\" class=\"detailmodule_html\">\n<div style=\"box-sizing:content-box\" class=\"detail-desc-decorate-richtext\">\n<div style=\"width:944px;height:auto;box-sizing:content-box\">\n<div style=\"box-sizing:content-box\">\n<div class=\"detailmodule_html\">\n<div class=\"detail-desc-decorate-richtext\">\n<div class=\"detailmodule_text-image\">\n<div class=\"detailmodule_text-image\">\n<div class=\"detailmodule_html\">\n<div class=\"detail-desc-decorate-richtext\">\n<div style=\"width:944px;height:auto;box-sizing:content-box\">\n<div style=\"box-sizing:content-box\">\n<div class=\"detailmodule_html\">\n<div class=\"detail-desc-decorate-richtext\">\n<div style=\"font-family:&quot;Open Sans&quot;, Arial, Helvetica, sans-serif, Heiti;font-size:14px;color:rgb(0, 0, 0);box-sizing:content-box\" class=\"detailmodule_html\">\n<div style=\"box-sizing:content-box\" class=\"detail-desc-decorate-richtext\">\n<div style=\"width:944px;height:auto;box-sizing:content-box\">\n<div style=\"box-sizing:content-box\">\n<div class=\"detailmodule_html\">\n<div class=\"detail-desc-decorate-richtext\">\n<div class=\"detailmodule_text-image\">\n<div class=\"detailmodule_text\">\n<p><span style=\"color:rgb(0, 0, 0);font-size:16px;font-family:arial, helvetica, sans-serif\">1, Realistic &amp; Attractive Chopper Motorcycle;<\/span><\/p>\n<p><span style=\"color:rgb(0, 0, 0);font-size:16px;font-family:arial, helvetica, sans-serif\">2, Enhanced Safety Design;<\/span><\/p>\n<p><span style=\"color:rgb(0, 0, 0);font-size:16px;font-family:arial, helvetica, sans-serif\">3, Long Range and Variable Speed for More Fun;<\/span><\/p>\n<p><span style=\"color:rgb(0, 0, 0);font-size:16px;font-family:arial, helvetica, sans-serif\">4, Adjustable Handlebar;<\/span><\/p>\n<p><span style=\"color:rgb(0, 0, 0);font-size:16px;font-family:arial, helvetica, sans-serif\">5, Perfect Gift for Your Kids;<\/span><\/p>\n<p><span style=\"color:rgb(0, 0, 0);font-size:16px;font-family:arial, helvetica, sans-serif\">6, Enjoyable Indoor and Outdoor Riding.<\/span><\/p>\n<\/p><\/div><\/div><\/div><\/div><\/div><\/div><\/div><\/div><\/div><\/div><\/div><\/div><\/div><\/div><\/div><\/div><\/div><\/div><\/div><\/div><\/div><\/div><\/div><\/div><\/div><\/div><\/div><\/div><\/div><\/div><\/div><\/div><\/div><\/div><\/div><\/div><\/div>\n<\/div>\n<div style=\"background-color:rgb(240, 234, 255);margin:20px 0px 10px;margin-bottom:10px;margin-top:20px;margin-left:0px;margin-right:0px;width:100%;height:34px\">\n <span style=\"background-color:rgb(55, 139, 238);color:rgb(255, 255, 255);font-size:24px;font-family:Verdana, Arial\">Produktdetails<\/span>\n<\/div>\n<p><img decoding=\"async\" src=\"https:\/\/ae01.alicdn.com\/kf\/Scd2b8949ca5243228837a4fe3e291824h.jpg\" slate-data-type=\"image\" \/><img decoding=\"async\" src=\"https:\/\/ae01.alicdn.com\/kf\/Sa2ff22d4a45440409571d9e211d7cf16B.jpg\" slate-data-type=\"image\" \/><img decoding=\"async\" src=\"https:\/\/ae01.alicdn.com\/kf\/S8f78c4d1bcd7433f87f274d3519ee1ddv.jpg\" slate-data-type=\"image\" \/><img decoding=\"async\" src=\"https:\/\/ae01.alicdn.com\/kf\/S742ea07a35454d4fafa673fbd0b8f195G.jpg\" slate-data-type=\"image\" \/><img decoding=\"async\" src=\"https:\/\/ae01.alicdn.com\/kf\/Sf1c4da4348c045c6ae5a912f41829e38o.jpg\" slate-data-type=\"image\" \/><img decoding=\"async\" src=\"https:\/\/ae01.alicdn.com\/kf\/Sdc8ed884178f4a9eab490d6e747e6bdfG.jpg\" slate-data-type=\"image\" \/><img decoding=\"async\" src=\"https:\/\/ae01.alicdn.com\/kf\/Sbb0f300d29ac443a966ba007e3bfce92p.jpg\" slate-data-type=\"image\" \/><img decoding=\"async\" src=\"https:\/\/ae01.alicdn.com\/kf\/S9567ab35b46d492583bfc18e8c3f829cQ.jpg\" slate-data-type=\"image\" \/><img decoding=\"async\" src=\"https:\/\/ae01.alicdn.com\/kf\/S3253076b78cc4cf2b8dd67eeb6aaa2few.jpg\" slate-data-type=\"image\" \/><\/p>\n<div style=\"background-color:rgb(240, 234, 255);margin:20px 0px 10px;margin-bottom:10px;margin-top:20px;margin-left:0px;margin-right:0px;width:100%;height:34px\">\n <span style=\"background-color:rgb(55, 139, 238);color:rgb(255, 255, 255);font-size:24px;font-family:Verdana, Arial\">Spezifikation <\/span>\n<\/div>\n<p><\/p>\n<table style=\"border-collapse:collapse;font-family:&quot;Microsoft YaHei&quot;\" border=\"1\" cellspacing=\"8\">\n<tbody>\n<tr>\n<td width=\"130\" style=\"width:130\">\n<p><span style=\"font-size:16px;font-family:arial, helvetica, sans-serif\">Allgemein<\/span><\/p>\n<\/td>\n<td width=\"426\" style=\"width:426\">\n<p><span style=\"font-size:16px;font-family:arial, helvetica, sans-serif\">Marke: HYPER GOGO<\/span><span style=\"font-size:16px;font-family:arial, helvetica, sans-serif\"><strong><br \/><\/strong><\/span><span style=\"font-size:16px;font-family:arial, helvetica, sans-serif\">Produkt: Elektromotorrad f\u00fcr Kinder<\/span><span style=\"font-size:16px;font-family:arial, helvetica, sans-serif\"><strong><br \/><\/strong><\/span><span style=\"font-size:16px;font-family:arial, helvetica, sans-serif\">Modell: Pioneer 12<\/span><span style=\"font-size:16px;font-family:arial, helvetica, sans-serif\"><strong><br \/><\/strong><\/span><span style=\"font-size:16px;font-family:arial, helvetica, sans-serif\">Farbe: Gr\u00fcn<\/span><\/p>\n<\/td>\n<\/tr>\n<tr>\n<td width=\"130\" style=\"width:130\">\n<p><span style=\"font-size:16px;font-family:arial, helvetica, sans-serif\">Grundlegende Spezifikation<\/span><\/p>\n<\/td>\n<td width=\"426\" style=\"width:426\">\n<p><span style=\"font-size:16px;font-family:arial, helvetica, sans-serif\">Maximale Belastung: 65 kg<\/span><span style=\"font-size:16px;font-family:arial, helvetica, sans-serif\"><strong><br \/><\/strong><\/span><span style=\"font-size:16px;font-family:arial, helvetica, sans-serif\">Uphill: 10&deg; (17.6%)<\/span><span style=\"font-size:16px;font-family:arial, helvetica, sans-serif\"><strong><br \/><\/strong><\/span><span style=\"font-size:16px;font-family:arial, helvetica, sans-serif\">Max Speed: 16&nbsp;km\/h&nbsp;(10 mph)<\/span><span style=\"font-size:16px;font-family:arial, helvetica, sans-serif\"><strong><br \/><\/strong><\/span><span style=\"font-size:16px;font-family:arial, helvetica, sans-serif\">Maximale Reichweite: 12 km<\/span><span style=\"font-size:16px;font-family:arial, helvetica, sans-serif\"><strong><br \/><\/strong><\/span><span style=\"font-size:16px;font-family:arial, helvetica, sans-serif\">Speed Levels: 8\/12\/16&nbsp;km\/h (5\/8\/10 mph)<\/span><span style=\"font-size:16px;font-family:arial, helvetica, sans-serif\"><strong><br \/><\/strong><\/span><span style=\"font-size:16px;font-family:arial, helvetica, sans-serif\">Wasserdichtigkeit: IP6<\/span><span style=\"font-size:16px;font-family:arial, helvetica, sans-serif\"><strong><br \/><\/strong><\/span><span style=\"font-size:16px;font-family:arial, helvetica, sans-serif\">Material&nbsp;of Frame: Steel<\/span><span style=\"font-size:16px;font-family:arial, helvetica, sans-serif\"><strong><br \/><\/strong><\/span><span style=\"font-size:16px;font-family:arial, helvetica, sans-serif\">Bremssystem: Hinterradnabenbremse<\/span><span style=\"font-size:16px;font-family:arial, helvetica, sans-serif\"><strong><br \/><\/strong><\/span><span style=\"font-size:16px;font-family:arial, helvetica, sans-serif\">Recommended Rider Heights: 90-160&nbsp;cm (2\u201911.5\u201d-5\u20193\u201d)<\/span><\/p>\n<\/td>\n<\/tr>\n<tr>\n<td width=\"130\" style=\"width:130\">\n<p><span style=\"font-size:16px;font-family:arial, helvetica, sans-serif\">Motor<\/span><\/p>\n<\/td>\n<td width=\"426\" style=\"width:426\">\n<p><span style=\"font-size:16px;font-family:arial, helvetica, sans-serif\">Nennleistung und -spannung: 160 W, 24 V<\/span><span style=\"font-size:16px;font-family:arial, helvetica, sans-serif\"><strong><br \/><\/strong><\/span><span style=\"font-size:16px;font-family:arial, helvetica, sans-serif\">Max. Ausgangsdrehmoment: 11 Nm<\/span><\/p>\n<\/td>\n<\/tr>\n<tr>\n<td width=\"130\" style=\"width:130\">\n<p><span style=\"font-size:16px;font-family:arial, helvetica, sans-serif\">Batterie<\/span><\/p>\n<\/td>\n<td width=\"426\" style=\"width:426\">\n<p><span style=\"font-size:16px;font-family:arial, helvetica, sans-serif\">Kapazit\u00e4t: 5,2 Ah<\/span><span style=\"font-size:16px;font-family:arial, helvetica, sans-serif\"><strong><br \/><\/strong><\/span><span style=\"font-size:16px;font-family:arial, helvetica, sans-serif\">Spannung: 21,9 V<\/span><span style=\"font-size:16px;font-family:arial, helvetica, sans-serif\"><strong><br \/><\/strong><\/span><span style=\"font-size:16px;font-family:arial, helvetica, sans-serif\">Charging Time:&nbsp;4h<\/span><span style=\"font-size:16px;font-family:arial, helvetica, sans-serif\"><strong><br \/><\/strong><\/span><span style=\"font-size:16px;font-family:arial, helvetica, sans-serif\">Leistungskapazit\u00e4t: 113,88 Wh<\/span><\/p>\n<\/td>\n<\/tr>\n<tr>\n<td width=\"130\" style=\"width:130\">\n<p><span style=\"font-size:16px;font-family:arial, helvetica, sans-serif\">Ladeger\u00e4t<\/span><\/p>\n<\/td>\n<td width=\"426\" style=\"width:426\">\n<p><span style=\"font-size:16px;font-family:arial, helvetica, sans-serif\">Eingang: DC24V 1,5A<\/span><\/p>\n<\/td>\n<\/tr>\n<tr>\n<td width=\"130\" style=\"width:130\">\n<p><span style=\"font-size:16px;font-family:arial, helvetica, sans-serif\">Reifen<\/span><\/p>\n<\/td>\n<td width=\"426\" style=\"width:426\">\n<p><span style=\"font-size:16px;font-family:arial, helvetica, sans-serif\">Gr\u00f6\u00dfe: 12&quot;x3&quot;<\/span><span style=\"font-size:16px;font-family:arial, helvetica, sans-serif\"><strong><br \/><\/strong><\/span><span style=\"font-size:16px;font-family:arial, helvetica, sans-serif\">Type: Pneumatic&nbsp;Rubber&nbsp;Tires<\/span><span style=\"font-size:16px;font-family:arial, helvetica, sans-serif\"><strong><br \/><\/strong><\/span><span style=\"font-size:16px;font-family:arial, helvetica, sans-serif\">Reifendruck: 100-200 KPa<\/span><\/p>\n<\/td>\n<\/tr>\n<tr>\n<td width=\"130\" style=\"width:130\">\n<p><span style=\"font-size:16px;font-family:arial, helvetica, sans-serif\">Gewicht &amp; Gr\u00f6\u00dfe<\/span><\/p>\n<\/td>\n<td width=\"426\" style=\"width:426\">\n<p><span style=\"font-size:16px;font-family:arial, helvetica, sans-serif\">Product Weight:&nbsp;15 kg<\/span><span style=\"font-size:16px;font-family:arial, helvetica, sans-serif\"><strong><br \/><\/strong><\/span><span style=\"font-size:16px;font-family:arial, helvetica, sans-serif\">Package&nbsp;Weight: 17.96&nbsp;kg<\/span><span style=\"font-size:16px;font-family:arial, helvetica, sans-serif\"><strong><br \/><\/strong><\/span><span style=\"font-size:16px;font-family:arial, helvetica, sans-serif\">Produktgr\u00f6\u00dfe: 1189 \u00d7 612,3 \u00d7 685,7 mm<\/span><span style=\"font-size:16px;font-family:arial, helvetica, sans-serif\"><strong><br \/><\/strong><\/span><span style=\"font-size:16px;font-family:arial, helvetica, sans-serif\">Verpackungsgr\u00f6\u00dfe (L x B x H): 1050 x 245 x 530 mm<\/span><\/p>\n<\/td>\n<\/tr>\n<tr>\n<td width=\"130\" style=\"width:130\">\n<p><span style=\"font-size:16px;font-family:arial, helvetica, sans-serif\">Package&nbsp;List<\/span><\/p>\n<\/td>\n<td width=\"426\" style=\"width:426\">\n<p><span style=\"font-size:16px;font-family:arial, helvetica, sans-serif\">1 x Semi-assembled Motorcycle for Kids<\/span><span style=\"font-size:16px;font-family:arial, helvetica, sans-serif\"><strong><br \/><\/strong><\/span><span style=\"font-size:16px;font-family:arial, helvetica, sans-serif\">1 x Benutzerhandbuch<\/span><span style=\"font-size:16px;font-family:arial, helvetica, sans-serif\"><strong><br \/><\/strong><\/span><span style=\"font-size:16px;font-family:arial, helvetica, sans-serif\">1 x Ladeger\u00e4t<\/span><span style=\"font-size:16px;font-family:arial, helvetica, sans-serif\"><strong><br \/><\/strong><\/span><span style=\"font-size:16px;font-family:arial, helvetica, sans-serif\">1 x Vorderrad<\/span><span style=\"font-size:16px;font-family:arial, helvetica, sans-serif\"><strong><br \/><\/strong><\/span><span style=\"font-size:16px;font-family:arial, helvetica, sans-serif\">2 x Pedal<\/span><span style=\"font-size:16px;font-family:arial, helvetica, sans-serif\"><strong><br \/><\/strong><\/span><span style=\"font-size:16px;font-family:arial, helvetica, sans-serif\">1 x Aufbewahrungsbox<\/span><span style=\"font-size:16px;font-family:arial, helvetica, sans-serif\"><strong><br \/><\/strong><\/span><span style=\"font-size:16px;font-family:arial, helvetica, sans-serif\">1 x St\u00e4nder<\/span><span style=\"font-size:16px;font-family:arial, helvetica, sans-serif\"><strong><br \/><\/strong><\/span><span style=\"font-size:16px;font-family:arial, helvetica, sans-serif\">4 x Lenkerklemme<\/span><span style=\"font-size:16px;font-family:arial, helvetica, sans-serif\"><strong><br \/><\/strong><\/span><span style=\"font-size:16px;font-family:arial, helvetica, sans-serif\">1 x Achse mit Muttern f\u00fcr Vorderrad<\/span><span style=\"font-size:16px;font-family:arial, helvetica, sans-serif\"><strong><br \/><\/strong><\/span><span style=\"font-size:16px;font-family:arial, helvetica, sans-serif\">2 x Bolzen f\u00fcr St\u00e4nder<\/span><span style=\"font-size:16px;font-family:arial, helvetica, sans-serif\"><strong><br \/><\/strong><\/span><span style=\"font-size:16px;font-family:arial, helvetica, sans-serif\">4 x Bolt for Handlebar<\/span><span style=\"font-size:16px;font-family:arial, helvetica, sans-serif\"><strong><br \/><\/strong><\/span><span style=\"font-size:16px;font-family:arial, helvetica, sans-serif\">1 x 4 mm Inbusschl\u00fcssel<\/span><span style=\"font-size:16px;font-family:arial, helvetica, sans-serif\"><strong><br \/><\/strong><\/span><span style=\"font-size:16px;font-family:arial, helvetica, sans-serif\">1 x 6 mm Inbusschl\u00fcssel<\/span><span style=\"font-size:16px;font-family:arial, helvetica, sans-serif\"><strong><br \/><\/strong><\/span><span style=\"font-size:16px;font-family:arial, helvetica, sans-serif\">2 x 16-mm-Schraubenschl\u00fcssel<\/span><\/p>\n<\/td>\n<\/tr>\n<tr>\n<td width=\"556\" colspan=\"2\" style=\"width:556\">\n<p><span style=\"font-size:16px;font-family:arial, helvetica, sans-serif\">Bitte beachten Sie, dass die maximale Reichweite bei einer Zuladung von 60 kg und einer Fahrgeschwindigkeit von 16 km\/h auf ebener Stra\u00dfe ohne starken Wind bei 26 \u00b0C erreicht wird.<\/span><\/p>\n<\/td>\n<\/tr>\n<\/tbody>\n<\/table>\n<p><\/div>\n<\/div>","protected":false},"excerpt":{"rendered":"<p>Model Number:&nbsp;Pioneer 12 Wheel Number:&nbsp;Two Recommend Age:&nbsp;6-12Y,14+y Features:&nbsp;Ride On Max Load:&nbsp;65 kg Uphill:&nbsp;10\u00b0 (17.6%) Max Speed:&nbsp;16 km\/h (10 mph) Max Range:&nbsp;12 km Speed Levels:&nbsp;8\/12\/16 km\/h (5\/8\/10 mph) Waterproof Level:&nbsp;IP6 Material<\/p>","protected":false},"featured_media":24322,"comment_status":"open","ping_status":"closed","template":"","meta":{"_acf_changed":false},"product_brand":[],"product_cat":[313],"product_tag":[],"class_list":{"0":"post-24321","1":"product","2":"type-product","3":"status-publish","4":"has-post-thumbnail","6":"product_cat-electric-children-motorbikes","8":"first","9":"instock","10":"shipping-taxable","11":"purchasable","12":"product-type-variable"},"acf":[],"_links":{"self":[{"href":"https:\/\/electricstore.eu\/de\/wp-json\/wp\/v2\/product\/24321","targetHints":{"allow":["GET"]}}],"collection":[{"href":"https:\/\/electricstore.eu\/de\/wp-json\/wp\/v2\/product"}],"about":[{"href":"https:\/\/electricstore.eu\/de\/wp-json\/wp\/v2\/types\/product"}],"replies":[{"embeddable":true,"href":"https:\/\/electricstore.eu\/de\/wp-json\/wp\/v2\/comments?post=24321"}],"wp:featuredmedia":[{"embeddable":true,"href":"https:\/\/electricstore.eu\/de\/wp-json\/wp\/v2\/media\/24322"}],"wp:attachment":[{"href":"https:\/\/electricstore.eu\/de\/wp-json\/wp\/v2\/media?parent=24321"}],"wp:term":[{"taxonomy":"product_brand","embeddable":true,"href":"https:\/\/electricstore.eu\/de\/wp-json\/wp\/v2\/product_brand?post=24321"},{"taxonomy":"product_cat","embeddable":true,"href":"https:\/\/electricstore.eu\/de\/wp-json\/wp\/v2\/product_cat?post=24321"},{"taxonomy":"product_tag","embeddable":true,"href":"https:\/\/electricstore.eu\/de\/wp-json\/wp\/v2\/product_tag?post=24321"}],"curies":[{"name":"wp","href":"https:\/\/api.w.org\/{rel}","templated":true}]}}