{"id":23381,"date":"2025-05-20T18:33:58","date_gmt":"2025-05-20T18:33:58","guid":{"rendered":"https:\/\/electricstore.eu\/p\/uncategorized\/ebike-conversion-kit-36v-250w-front-rear-wheel-motor-hub-brushless-electric-bicycle-battery-36v-15ah-for-electric-bike\/"},"modified":"2025-05-20T18:34:11","modified_gmt":"2025-05-20T18:34:11","slug":"ebike-conversion-kit-36v-250w-front-rear-wheel-motor-hub-brushless-electric-bicycle-battery-36v-15ah-for-electric-bike","status":"publish","type":"product","link":"https:\/\/electricstore.eu\/de\/p\/p\/kits\/electric-hub-motor-kits\/ebike-conversion-kit-36v-250w-front-rear-wheel-motor-hub-brushless-electric-bicycle-battery-36v-15ah-for-electric-bike\/","title":{"rendered":"EBike-Umr\u00fcstsatz 36 V 250 W Vorder- und Hinterradmotornabe B\u00fcrstenloser Elektrofahrradakku 36 V 15 Ah f\u00fcr Elektrofahrr\u00e4der"},"content":{"rendered":"<div class=\"product-specs-list-container\">\n<ul class=\"product-specs-list util-clearfix\">\n<li class=\"product-prop line-limit-length\"><span\n                                        class=\"property-title\">Gr\u00f6\u00dfe:&nbsp;<\/span><span\n                                        class=\"property-desc line-limit-length\">29 Zoll<\/span>\n                            <\/li>\n<li class=\"product-prop line-limit-length\"><span\n                                        class=\"property-title\">Einbaulage:&nbsp;<\/span><span\n                                        class=\"property-desc line-limit-length\">Heckantrieb<\/span>\n                            <\/li>\n<li class=\"product-prop line-limit-length\"><span\n                                        class=\"property-title\">Design:&nbsp;<\/span><span\n                                        class=\"property-desc line-limit-length\">B\u00fcrstenlos<\/span>\n                            <\/li>\n<li class=\"product-prop line-limit-length\"><span\n                                        class=\"property-title\">Leistung:&nbsp;<\/span><span\n                                        class=\"property-desc line-limit-length\">401 \u2013 500 W<\/span>\n                            <\/li>\n<li class=\"product-prop line-limit-length\"><span\n                                        class=\"property-title\">Stromspannung:&nbsp;<\/span><span\n                                        class=\"property-desc line-limit-length\">36 V<\/span>\n                            <\/li>\n<li class=\"product-prop line-limit-length\"><span\n                                        class=\"property-title\">Herkunft:&nbsp;<\/span><span\n                                        class=\"property-desc line-limit-length\">Festlandchina<\/span>\n                            <\/li>\n<li class=\"product-prop line-limit-length\"><span\n                                        class=\"property-title\">Stromspannung:&nbsp;<\/span><span\n                                        class=\"property-desc line-limit-length\">48 V<\/span>\n                            <\/li>\n<li class=\"product-prop line-limit-length\"><span\n                                        class=\"property-title\">Leistung:&nbsp;<\/span><span\n                                        class=\"property-desc line-limit-length\">250W 350W 500W 1000W 1500W<\/span>\n                            <\/li>\n<li class=\"product-prop line-limit-length\"><span\n                                        class=\"property-title\">Bremsentyp:&nbsp;<\/span><span\n                                        class=\"property-desc line-limit-length\">V-Brake, Scheibenbremse kompatibel<\/span>\n                            <\/li>\n<li class=\"product-prop line-limit-length\"><span\n                                        class=\"property-title\">Gr\u00f6\u00dfe:&nbsp;<\/span><span\n                                        class=\"property-desc line-limit-length\">20 Zoll 24 Zoll 26 Zoll 27,5 Zoll 28 Zoll 29 Zoll 700C<\/span>\n                            <\/li>\n<li class=\"product-prop line-limit-length\"><span\n                                        class=\"property-title\">Motorwellendurchmesser:&nbsp;<\/span><span\n                                        class=\"property-desc line-limit-length\">36 V M12 (12 mm x 10 mm), 48 V M14 (14 mm x 10 mm),<\/span>\n                            <\/li>\n<li class=\"product-prop line-limit-length\"><span\n                                        class=\"property-title\">Notiz:&nbsp;<\/span><span\n                                        class=\"property-desc line-limit-length\">\u00dcberpr\u00fcfen Sie vor der Bestellung die auf dem Reifen eingepr\u00e4gten Abmessungen<\/span>\n                            <\/li>\n<li class=\"product-prop line-limit-length\"><span\n                                        class=\"property-title\">Artikelbreite:&nbsp;<\/span><span\n                                        class=\"property-desc line-limit-length\">Vorne 100 mm, Hinten 135 mm<\/span>\n                            <\/li>\n<li class=\"product-prop line-limit-length\"><span\n                                        class=\"property-title\">Motortyp:&nbsp;<\/span><span\n                                        class=\"property-desc line-limit-length\">48 V 1000 W 1500 W b\u00fcrstenloser getriebeloser Motor, 36 V 250 W 350 W 500 W b\u00fcrstenloser Getriebemotor<\/span>\n                            <\/li>\n<li class=\"product-prop line-limit-length\"><span\n                                        class=\"property-title\">Installationsort:&nbsp;<\/span><span\n                                        class=\"property-desc line-limit-length\">Frontantrieb<\/span>\n                            <\/li>\n<\/ul><\/div>\n<p><\/p>\n<p><\/p>\n<p><\/p>\n<p><\/p>\n<\/p>\n<p><\/p>\n<p><\/p>\n<p><\/p>\n<p><\/p>\n<p><\/p>\n<p><\/p>\n<p><\/p>\n<p><\/p>\n<div class=\"detailmodule_media\">\n<div class=\"video-container-345115150275\">\n<div class=\"detail-video\" id=\"345115150275\" data-previewurl=\"https:\/\/img.alicdn.com\/imgextra\/i1\/6000000001019\/O1CN01J5wzrG1JOkKDa9eKI_!!6000000001019-0-tbvideo.jpg\"><\/div>\n<\/div>\n<\/div>\n<p><\/p>\n<p><\/p>\n<p><\/p>\n<p><\/p>\n<p><\/p>\n<p><\/p>\n<p><\/p>\n<p><\/p>\n<p><\/p>\n<div class=\"detailmodule_text\">\n<p style=\"font-family:OpenSans;font-size:20px;font-weight:900;line-height:28px;white-space:pre-wrap;color:rgb(0, 0, 0);margin-bottom:12px\" class=\"detail-desc-decorate-title\">Packliste<\/p>\n<p style=\"font-family:OpenSans;font-size:14px;text-align:left;color:rgb(0, 0, 0);background-color:rgb(255, 255, 255);display:block;width:100%\" align=\"left\">Hinweis: Im Umr\u00fcstsatz sind Reifen, Freilauf und Scheibenbremse nicht enthalten. (Wenn Sie eine Batterie, einen Reifen, einen Freilauf oder eine Scheibenbremse ben\u00f6tigen, kontaktieren Sie uns bitte gegen eine zus\u00e4tzliche Geb\u00fchr.)<br \/>1 * Akku und Ladeger\u00e4t (Wenn Sie \u201eKEINE Batterie\u201c bestellen, sind Akku und Ladeger\u00e4t nicht im Lieferumfang enthalten)<br \/>1 * hinten motor rad<br \/>1 * DC-Controller<br \/>1 * Controller-Tasche<br \/>1 Paar * Bremshebel zur Stromabschaltung<br \/>1 * Anzeige SW900 oder LCD3<br \/>1*8 Magnet Pedal Assistent Sensor<br \/>1 Satz * Gashebel (Das LCD3-Display verwendet einen halben Drehgashebel. Das SW900-Display verwendet einen Drehgashebel.)<\/p>\n<\/div>\n<div class=\"detailmodule_image\"><img decoding=\"async\" class=\"detail-desc-decorate-image\" src=\"https:\/\/ae04.alicdn.com\/kf\/H7fef7aef407745faabf15817e0fca9fbj.jpg\" slate-data-type=\"image\"\/><\/div>\n<div class=\"detailmodule_text\">\n<p style=\"font-family:OpenSans;font-size:20px;font-weight:900;line-height:28px;white-space:pre-wrap;color:rgb(0, 0, 0);margin-bottom:12px\" class=\"detail-desc-decorate-title\">Motorrad<\/p>\n<p style=\"font-family:OpenSans;font-size:14px;text-align:left;color:rgb(0, 0, 0);background-color:rgb(255, 255, 255);display:block;width:100%\" align=\"left\">1. Volle Geschwindigkeit: 36 V 250\/350\/500 W ca. 20\u201335 km\/h,<br \/>48V 1000W ca. 45-55km\/h, <br \/>48V 1500W ca. 50-60km\/h, <br \/> (unterschiedliche Radgr\u00f6\u00dfen, Stra\u00dfen- und Wetterbedingungen sowie Fahrergewicht f\u00fchren zu unterschiedlichen Geschwindigkeiten)<br \/>2. Nabenmotor: B\u00fcrstenloser Nabenmotor f\u00fcr 36 V <br \/>B\u00fcrstenloser Nabenmotor ohne Getriebe f\u00fcr 48 V <br \/>3. Felge: Doppelwandige Aluminiumfelge<br \/>4. Rad Tretlager: Hinten 135mm-142mm<br \/>5. Drehmoment: 25\u201335 NM f\u00fcr 36 V, 250 W, 350 W, 500 W<br \/>30\u201340 NM f\u00fcr 500 W 1000 W<br \/>35-45NM f\u00fcr 1500W<br \/>6. Drehzahl: 320 f\u00fcr 36 V, 250 W, 350 W<br \/>350 f\u00fcr 36 V 500 W<br \/>470 f\u00fcr 48 V 500 W 1000 W<br \/>540 f\u00fcr 48 V 1500 W<br \/>7. Der Motor ist f\u00fcr Gewindefreilauf geeignet, nicht f\u00fcr Kassetten. Wenn Sie einen f\u00fcr Kassetten geeigneten Motor ben\u00f6tigen, kontaktieren Sie uns bitte<\/p>\n<\/div>\n<div class=\"detailmodule_image\"><img decoding=\"async\" class=\"detail-desc-decorate-image\" src=\"https:\/\/ae01.alicdn.com\/kf\/H7bc9f84c75704df78fd5fb271f27f1d3c.jpg\" slate-data-type=\"image\"\/><img decoding=\"async\" class=\"detail-desc-decorate-image\" src=\"https:\/\/ae01.alicdn.com\/kf\/H406141f49450451f823fc314a1c6ea900.jpg\" slate-data-type=\"image\"\/><img decoding=\"async\" class=\"detail-desc-decorate-image\" src=\"https:\/\/ae01.alicdn.com\/kf\/H719fb8172fba4e62b41ae2b8a38ff726U.jpg\" slate-data-type=\"image\"\/><\/div>\n<div class=\"detailmodule_text\">\n<p style=\"font-family:OpenSans;font-size:14px;text-align:left;color:rgb(0, 0, 0);background-color:rgb(255, 255, 255);display:block;width:100%\" align=\"left\">36 V<\/p>\n<\/div>\n<div class=\"detailmodule_image\"><img decoding=\"async\" class=\"detail-desc-decorate-image\" src=\"https:\/\/ae01.alicdn.com\/kf\/H7add78d689ad4c839b04ae6a669449e3p.jpg\" slate-data-type=\"image\"\/><\/div>\n<div class=\"detailmodule_text\">\n<p style=\"font-family:OpenSans;font-size:14px;text-align:left;color:rgb(0, 0, 0);background-color:rgb(255, 255, 255);display:block;width:100%\" align=\"left\">48 V<\/p>\n<\/div>\n<div class=\"detailmodule_image\"><img decoding=\"async\" class=\"detail-desc-decorate-image\" src=\"https:\/\/ae01.alicdn.com\/kf\/Hf784f9dcfd9349b0ac9a2935009c8311q.jpg\" slate-data-type=\"image\"\/><\/div>\n<div class=\"detailmodule_text-image\">\n<p style=\"font-family:OpenSans;font-size:20px;font-weight:900;line-height:28px;white-space:pre-wrap;color:rgb(0, 0, 0);margin-bottom:12px\" class=\"detail-desc-decorate-title\">Anzeige<\/p>\n<p style=\"font-family:OpenSans;font-size:14px;font-weight:300;line-height:20px;white-space:pre-wrap;color:rgb(0, 0, 0);margin-bottom:12px\" class=\"detail-desc-decorate-content\">LCD3-Display \u2013 Produktmerkmale<br \/>Anzeigefunktion:<br \/>Es zeigt die Fahrgeschwindigkeit, den Einzelkilometerstand und den Gesamtkilometerstand, die Fahrzeit, den Motorunterst\u00fctzungsgang, die Motorleistung und -temperatur, die Batteriespannung und den Ladezustand, den Bremszustand sowie die verwendete Umgebungstemperatur und andere Fahrradparameter an.<br \/>Steuer-\/Einstellfunktion:<br \/>kommt mit Bremsregenerations-Anti-Ladefunktion, Datenanzeige, intelligenter Stromversorgung, Einstellung f\u00fcr Abw\u00fcrgen, Parametereinstellung, Datenansicht, Fahrzeug-Boosting, Reisegeschwindigkeit und konstante Geschwindigkeit, Nachtfahrt, Passworteinstellung, automatische Eingabeaufforderung,<\/p>\n<div><img decoding=\"async\" class=\"detail-desc-decorate-image\" src=\"https:\/\/ae01.alicdn.com\/kf\/S809c45dcd520452c89bce7996705164cJ.jpg\" slate-data-type=\"image\"\/><\/div>\n<\/div>\n<div class=\"detailmodule_text-image\">\n<p style=\"font-family:OpenSans;font-size:20px;font-weight:900;line-height:28px;white-space:pre-wrap;color:rgb(0, 0, 0);margin-bottom:12px\" class=\"detail-desc-decorate-title\">SW900-Anzeige<\/p>\n<p style=\"font-family:OpenSans;font-size:14px;font-weight:300;line-height:20px;white-space:pre-wrap;color:rgb(0, 0, 0);margin-bottom:12px\" class=\"detail-desc-decorate-content\">SW900 Display \u2013 Produktmerkmale<br \/>Anzeigefunktion:<br \/>Geschwindigkeitsanzeige, Servo-Ganganzeige, Leistungsanzeige, St\u00f6rungsmeldung, Gesamtkilometerstand, Einzelkilometerstand, Scheinwerfer und Einzelfahrzeitanzeige.<br \/>(2) Steuer-\/Einstellfunktion:<br \/>Netzschaltersteuerung, Scheinwerferschaltersteuerung, 6-km\/h-Boost-Steuerung, Raddurchmessereinstellung, Geschwindigkeitsbegrenzungseinstellung, Messger\u00e4te-Ruhezustandseinstellung, Einstellung der Hintergrundbeleuchtungshelligkeit, Spannungseinstellung.<\/p>\n<div><img decoding=\"async\" class=\"detail-desc-decorate-image\" src=\"https:\/\/ae01.alicdn.com\/kf\/S02f864cf73974f86824ee0189728239cT.jpg\" slate-data-type=\"image\"\/><\/div>\n<\/div>\n<div class=\"detailmodule_text-image\">\n<p style=\"font-family:OpenSans;font-size:20px;font-weight:900;line-height:28px;white-space:pre-wrap;color:rgb(0, 0, 0);margin-bottom:12px\" class=\"detail-desc-decorate-title\">Regler<\/p>\n<p style=\"font-family:OpenSans;font-size:14px;font-weight:300;line-height:20px;white-space:pre-wrap;color:rgb(0, 0, 0);margin-bottom:12px\" class=\"detail-desc-decorate-content\">KT 6 Mosfet-Controller<br \/>Passend f\u00fcr: 36 V 250 W\/350 W\/500 W Motorrad, LCD3-Display<br \/>Nennstrom: 10 A, Maximalstrom: 20 \u00b1 1 A<br \/>Gr\u00f6\u00dfe: 100*61*35mm<\/p>\n<p>KT 12 Mosfet-Controller<br \/>Passend f\u00fcr: 48 V 1000 W Motorrad, LCD3-Display<br \/>Nennstrom: 15 A, Maximalstrom: 30 \u00b1 1 A<br \/>Gr\u00f6\u00dfe: 176*82*41mm<\/p>\n<p>KT 18 Mosfet-Controller<br \/>Passend f\u00fcr: 48 V 1500 W Motorrad, LCD3-Display<br \/>Nennstrom: 22 A, Maximalstrom: 45 \u00b1 1 A<br \/>Gr\u00f6\u00dfe: 240*82*41mm<\/p>\n<div><img decoding=\"async\" class=\"detail-desc-decorate-image\" src=\"https:\/\/ae01.alicdn.com\/kf\/Sbde3b91be4874976be4eb3e6881c7fdd3.jpg\" slate-data-type=\"image\"\/><\/div>\n<\/div>\n<div class=\"detailmodule_text-image\">\n<p style=\"font-family:OpenSans;font-size:14px;font-weight:300;line-height:20px;white-space:pre-wrap;color:rgb(0, 0, 0);margin-bottom:12px\" class=\"detail-desc-decorate-content\">CSC 6 Mosfet-Controller<br \/>Passend f\u00fcr: 36 V 250 W\/350 W\/500 W Motorrad, SW900-Display<br \/>Nennstrom: 15 A, Maximalstrom: 30 \u00b1 1 A<br \/>Gr\u00f6\u00dfe: 100*64*32mm<\/p>\n<p>CSC 12 Mosfet-Controller<br \/>Passend f\u00fcr: 48 V 1000 W Motorrad, SW900-Display<br \/>Nennstrom: 22 A, Max. Strom: 44 \u00b1 1 A<br \/>Gr\u00f6\u00dfe: 149 * 83,3 * 42 mm<\/p>\n<p>CSC 15 Mosfet-Controller<br \/>Passend f\u00fcr: 48 V 1500 W Motorrad, SW900-Display<br \/>Nennstrom: 35 A, Maximalstrom: 70 \u00b1 1 A<br \/>Gr\u00f6\u00dfe: 118,2 * 82,33 * 41 mm<\/p>\n<div><img decoding=\"async\" class=\"detail-desc-decorate-image\" src=\"https:\/\/ae01.alicdn.com\/kf\/S602335b46ffa4cb6ba848c755bfb554cG.jpg\" slate-data-type=\"image\"\/><\/div>\n<\/div>\n<div class=\"detailmodule_text\">\n<p style=\"font-family:OpenSans;font-size:20px;font-weight:900;line-height:28px;white-space:pre-wrap;color:rgb(0, 0, 0);margin-bottom:12px\" class=\"detail-desc-decorate-title\">Controller-Tasche<\/p>\n<\/div>\n<div class=\"detailmodule_image\"><img decoding=\"async\" class=\"detail-desc-decorate-image\" src=\"https:\/\/ae01.alicdn.com\/kf\/Hfb0c0e235e9d410f815ccbb3e9f9291as.jpg\" slate-data-type=\"image\"\/><\/div>\n<div class=\"detailmodule_text\">\n<p style=\"font-family:OpenSans;font-size:20px;font-weight:900;line-height:28px;white-space:pre-wrap;color:rgb(0, 0, 0);margin-bottom:12px\" class=\"detail-desc-decorate-title\">PAS<\/p>\n<p style=\"font-family:OpenSans;font-size:14px;font-weight:300;line-height:20px;white-space:pre-wrap;color:rgb(0, 0, 0);margin-bottom:12px\" class=\"detail-desc-decorate-content\">KT BZ-4(8) Magnet<\/p>\n<\/div>\n<div class=\"detailmodule_image\"><a href=\"https:\/\/www.aliexpress.com\/store\/product\/Electric-Bicycle-Pedal-BZ-4-8-8-Magnet-or-KT-V12L-12-Magnets-E-bike-PAS\/502344_32947529138.html?spm=2114.12010612.8148356.5.19f8628fiwlFMT\" target=\"_self\" class=\"\"><img decoding=\"async\" class=\"detail-desc-decorate-image\" src=\"https:\/\/ae01.alicdn.com\/kf\/H088209dd4faa4eca81369d582b8c1418x.jpg\" slate-data-type=\"image\"\/><\/a><\/div>\n<div class=\"detailmodule_text\">\n<p style=\"font-family:OpenSans;font-size:20px;font-weight:900;line-height:28px;white-space:pre-wrap;color:rgb(0, 0, 0);margin-bottom:12px\" class=\"detail-desc-decorate-title\">Gaspedal<\/p>\n<p style=\"font-family:OpenSans;font-size:14px;font-weight:300;line-height:20px;white-space:pre-wrap;color:rgb(0, 0, 0);margin-bottom:12px\" class=\"detail-desc-decorate-content\">LCD3-Display verwendet halben Drehgashebel<br \/>SW900-Display verwendet Twist Throttle<\/p>\n<\/div>\n<div class=\"detailmodule_image\"><img decoding=\"async\" class=\"detail-desc-decorate-image\" src=\"https:\/\/ae01.alicdn.com\/kf\/Hc8bf96217d59466fb6b0f462fe9497bcr.jpg\" slate-data-type=\"image\"\/><img decoding=\"async\" style=\"margin-bottom:10px\" class=\"detail-desc-decorate-image\" src=\"https:\/\/ae01.alicdn.com\/kf\/Sfd954843a8904eb68f3842f5a181092fd.jpg\" slate-data-type=\"image\"\/><\/div>\n<div class=\"detailmodule_text\">\n<p style=\"font-family:OpenSans;font-size:20px;font-weight:900;line-height:28px;white-space:pre-wrap;color:rgb(0, 0, 0);margin-bottom:12px\" class=\"detail-desc-decorate-title\">Bremshebel f\u00fcr Kraftabschaltung<\/p>\n<\/div>\n<div class=\"detailmodule_image\"><a href=\"https:\/\/www.aliexpress.com\/store\/product\/Ebike-Aluminum-Brake-Lever-with-Cut-Off-Electricity-Power-Parking-Function-Electric-Bicycle-Accessories\/502344_32965382287.html?spm=2114.12010612.8148356.31.19f8628fzogu7o\" target=\"_self\" class=\"\"><img decoding=\"async\" class=\"detail-desc-decorate-image\" src=\"https:\/\/ae01.alicdn.com\/kf\/Hd706089279f9482eb3a73aa6ede2c220x.jpg\" slate-data-type=\"image\"\/><\/a><\/div>\n<div class=\"detailmodule_text\">\n<p style=\"font-family:OpenSans;font-size:20px;font-weight:900;line-height:28px;white-space:pre-wrap;color:rgb(0, 0, 0);margin-bottom:12px\" class=\"detail-desc-decorate-title\">Batterie<\/p>\n<p style=\"font-family:OpenSans;font-size:14px;font-weight:300;line-height:20px;white-space:pre-wrap;color:rgb(0, 0, 0);margin-bottom:12px\" class=\"detail-desc-decorate-content\">36V 15AH Batterie<br \/>Anschluss f\u00fcr Controller: XT60<br \/>Nennspannung: 36V<br \/>Nennkapazit\u00e4t: 15Ah<br \/>Zusammengesetzter Typ: 10Series 6Paralles 10S6P<br \/>Zellen: Leistungsstarke 18650 3,7 V 2500 mAh 10 A 5C Zellen<br \/>BMS: 20 Ampere kontinuierlich, 50 \u00b1 10 Ampere maximal<br \/>Passende Motorleistung: 36 V, 250 W, 350 W, 500 W<br \/>Ladestrom: 2-5A<br \/>Ladeschlussspannung: 42 V<br \/>Entladeschlussspannung: 30 V<br \/>Entladetemperatur: -20 bis 65\u00b0C<br \/>Ladetemperatur: 0 bis 45 \u00b0C<br \/>Abmessungen: 90*110*360mm<br \/>Batteriegewicht: 3,8 kg<br \/>Zyklenlebensdauer: \u226580% Kapazit\u00e4t nach 800 Zyklen.<br \/>&#8212;&#8212;&#8212;&#8212;&#8212;&#8212;&#8212;&#8212;&#8212;&#8212;&#8212;&#8212;&#8212;&#8212;&#8212;&#8212;&#8212;&#8212;&#8212;&#8212;&#8212;&#8212;<br \/>48V 18AH Batterie<br \/>Nennspannung: 48V<br \/>Nennkapazit\u00e4t: 18 Ah<br \/>Zusammengesetzter Typ: 13Series 4Paralles 13S4P<br \/>Zellen: Leistungsstarke 21700 3,7 V 4500 mAh Zellen<br \/>BMS: 40 Ampere kontinuierlich, 100 \u00b1 10 Ampere maximal<br \/>Passende Motorleistung: 48 V, 250 W \u2013 1500 W<br \/>Ladestrom: 2-5A<br \/>Ladeschlussspannung: 54,6 V<br \/>Entladeschlussspannung: 39 V<br \/>Entladetemperatur: -20 bis 65\u00b0C<br \/>Ladetemperatur: 0 bis 45 \u00b0C<br \/>Abmessungen: 90*110*360mm<br \/>Batteriegewicht: 4,77 kg<br \/>Zyklenlebensdauer: \u226580% Kapazit\u00e4t nach 800 Zyklen.<br \/>&#8212;&#8212;&#8212;&#8212;&#8212;&#8212;&#8212;&#8212;&#8212;&#8212;&#8212;&#8212;&#8212;&#8212;&#8212;&#8212;&#8212;&#8212;&#8212;&#8212;&#8212;&#8212;<br \/>48V 24AH Batterie<br \/>Nennspannung: 48V<br \/>Nennkapazit\u00e4t: 24 Ah<br \/>Zusammengesetzter Typ: 13Series 5Paralles 13S5P<br \/>Zellen: Leistungsstarke 21700 3,7 V 4800 mAh Zellen<br \/>BMS: 40 Ampere kontinuierlich, 100 \u00b1 10 Ampere maximal<br \/>Passende Motorleistung: 48 V, 250 W \u2013 1500 W<br \/>Ladestrom: 2-5A<br \/>Ladeschlussspannung: 54,6 V<br \/>Entladeschlussspannung: 39 V<br \/>Entladetemperatur: -20 bis 65\u00b0C<br \/>Ladetemperatur: 0 bis 45 \u00b0C<br \/>Abmessungen: 90*110*360mm<br \/>Batteriegewicht: 5,73 kg<br \/>Zyklenlebensdauer: \u226580% Kapazit\u00e4t nach 800 Zyklen.<br \/>&#8212;&#8212;&#8212;&#8212;&#8212;&#8212;&#8212;&#8212;&#8212;&#8212;&#8212;&#8212;&#8212;&#8212;&#8212;&#8212;&#8212;&#8212;&#8212;&#8212;&#8212;&#8212;<\/p>\n<\/div>\n<div class=\"detailmodule_image\"><img decoding=\"async\" class=\"detail-desc-decorate-image\" src=\"https:\/\/ae01.alicdn.com\/kf\/H73dd922a6dd0414f90bee11960a200df2.png\" slate-data-type=\"image\"\/><img decoding=\"async\" class=\"detail-desc-decorate-image\" src=\"https:\/\/ae01.alicdn.com\/kf\/H2f40eb453ff042d19f4edd32f21b3176U.jpg\" slate-data-type=\"image\"\/><\/div>\n<div class=\"detailmodule_text\">\n<p style=\"font-family:OpenSans;font-size:20px;font-weight:900;line-height:28px;white-space:pre-wrap;color:rgb(0, 0, 0);margin-bottom:12px\" class=\"detail-desc-decorate-title\">Versand &amp; Garantie<\/p>\n<p style=\"font-family:OpenSans;font-size:14px;font-weight:300;line-height:20px;white-space:pre-wrap;color:rgb(0, 0, 0);margin-bottom:12px\" class=\"detail-desc-decorate-content\">F\u00fcr die Versandmethode des Verk\u00e4ufers ist auch eine Sendungsverfolgungsnummer verf\u00fcgbar.<\/p>\n<p>1. ) Preis inklusive aller Steuern<\/p>\n<p>2.) Sollten Sie nach Erhalt der Artikel noch Fragen haben, kontaktieren Sie uns bitte zun\u00e4chst. Ihre Zufriedenheit hat f\u00fcr uns oberste Priorit\u00e4t und wir sind \u00fcberzeugt, dass Sie mit unseren Dienstleistungen zufrieden sein werden.<\/p>\n<\/div>\n<div class=\"detailmodule_text\">\n<p style=\"font-family:OpenSans;font-size:20px;font-weight:900;line-height:28px;white-space:pre-wrap;color:rgb(0, 0, 0);margin-bottom:12px\" class=\"detail-desc-decorate-title\">Verpackung Unsere Fabrik und unser Lager<\/p>\n<\/div>\n<div class=\"detailmodule_image\"><img decoding=\"async\" class=\"detail-desc-decorate-image\" src=\"https:\/\/ae01.alicdn.com\/kf\/H8b810db2ab8b4d8eb427b8a220c721431.jpg\" slate-data-type=\"image\"\/><\/div>\n<div class=\"detailmodule_text\">\n<p style=\"font-family:OpenSans;font-size:20px;font-weight:900;line-height:28px;white-space:pre-wrap;color:rgb(0, 0, 0);margin-bottom:12px\" class=\"detail-desc-decorate-title\">Zertifizierung und Patent<\/p>\n<\/div>\n<div class=\"detailmodule_image\"><img decoding=\"async\" class=\"detail-desc-decorate-image\" src=\"https:\/\/ae01.alicdn.com\/kf\/Hf9f37f875a884c5f9a1fa1d70020da65l.jpg\" slate-data-type=\"image\"\/><\/div>\n<p><\/p>\n<p><\/p>\n<p><\/p>\n<p><\/p>\n<p><\/p>\n<p><\/p>\n<p><\/p>\n<p><\/p>\n<p><\/p>\n<p><\/p>","protected":false},"excerpt":{"rendered":"<p>Size:&nbsp;29-inch Mounting Position:&nbsp;Rear Drive Design:&nbsp;Brushless Wattage:&nbsp;401 &#8211; 500w Voltage:&nbsp;36V Origin:&nbsp;Mainland China Voltage:&nbsp;48V Wattage:&nbsp;250W 350W 500W 1000W 1500W Brake Type:&nbsp;v-brake, disc brake compatible size:&nbsp;20 inch 24 inch 26 inch 27.5 inch<\/p>","protected":false},"featured_media":23382,"comment_status":"open","ping_status":"closed","template":"","meta":{"_acf_changed":false},"product_brand":[],"product_cat":[528],"product_tag":[],"class_list":{"0":"post-23381","1":"product","2":"type-product","3":"status-publish","4":"has-post-thumbnail","6":"product_cat-electric-hub-motor-kits","8":"first","9":"instock","10":"shipping-taxable","11":"purchasable","12":"product-type-variable"},"acf":[],"_links":{"self":[{"href":"https:\/\/electricstore.eu\/de\/wp-json\/wp\/v2\/product\/23381","targetHints":{"allow":["GET"]}}],"collection":[{"href":"https:\/\/electricstore.eu\/de\/wp-json\/wp\/v2\/product"}],"about":[{"href":"https:\/\/electricstore.eu\/de\/wp-json\/wp\/v2\/types\/product"}],"replies":[{"embeddable":true,"href":"https:\/\/electricstore.eu\/de\/wp-json\/wp\/v2\/comments?post=23381"}],"wp:featuredmedia":[{"embeddable":true,"href":"https:\/\/electricstore.eu\/de\/wp-json\/wp\/v2\/media\/23382"}],"wp:attachment":[{"href":"https:\/\/electricstore.eu\/de\/wp-json\/wp\/v2\/media?parent=23381"}],"wp:term":[{"taxonomy":"product_brand","embeddable":true,"href":"https:\/\/electricstore.eu\/de\/wp-json\/wp\/v2\/product_brand?post=23381"},{"taxonomy":"product_cat","embeddable":true,"href":"https:\/\/electricstore.eu\/de\/wp-json\/wp\/v2\/product_cat?post=23381"},{"taxonomy":"product_tag","embeddable":true,"href":"https:\/\/electricstore.eu\/de\/wp-json\/wp\/v2\/product_tag?post=23381"}],"curies":[{"name":"wp","href":"https:\/\/api.w.org\/{rel}","templated":true}]}}