{"id":23374,"date":"2025-05-20T18:33:51","date_gmt":"2025-05-20T18:33:51","guid":{"rendered":"https:\/\/electricstore.eu\/p\/uncategorized\/electric-bike-battery-36v-10-4ah-500w-powerful-lithium-cells-48v-13ah-1000w-battery-for-ebike\/"},"modified":"2025-05-20T18:33:53","modified_gmt":"2025-05-20T18:33:53","slug":"electric-bike-battery-36v-10-4ah-500w-powerful-lithium-cells-48v-13ah-1000w-battery-for-ebike","status":"publish","type":"product","link":"https:\/\/electricstore.eu\/de\/p\/p\/ebike-batteries\/downtube-e-bike-batteries\/electric-bike-battery-36v-10-4ah-500w-powerful-lithium-cells-48v-13ah-1000w-battery-for-ebike\/","title":{"rendered":"Elektrische fahrrad Batterie 36V 10,4 AH 500W Leistungsstarke Lithium-Zellen 48V 13AH 1000W Batterie F\u00dcR eBike"},"content":{"rendered":"<div class=\"product-specs-list-container\">\n<ul class=\"product-specs-list util-clearfix\">\n<li class=\"product-prop line-limit-length\"><span\n                                        class=\"property-title\">Kapazit\u00e4t:&nbsp;<\/span><span\n                                        class=\"property-desc line-limit-length\">10 \u2013 20Ah<\/span>\n                            <\/li>\n<li class=\"product-prop line-limit-length\"><span\n                                        class=\"property-title\">Stromspannung:&nbsp;<\/span><span\n                                        class=\"property-desc line-limit-length\">48 V<\/span>\n                            <\/li>\n<li class=\"product-prop line-limit-length\"><span\n                                        class=\"property-title\">Typ:&nbsp;<\/span><span\n                                        class=\"property-desc line-limit-length\">Lithiumbatterie<\/span>\n                            <\/li>\n<li class=\"product-prop line-limit-length\"><span\n                                        class=\"property-title\">Markenname:&nbsp;<\/span><span\n                                        class=\"property-desc line-limit-length\">CSC<\/span>\n                            <\/li>\n<li class=\"product-prop line-limit-length\"><span\n                                        class=\"property-title\">Herkunft:&nbsp;<\/span><span\n                                        class=\"property-desc line-limit-length\">Festlandchina<\/span>\n                            <\/li>\n<li class=\"product-prop line-limit-length\"><span\n                                        class=\"property-title\">Stromspannung:&nbsp;<\/span><span\n                                        class=\"property-desc line-limit-length\">36 V<\/span>\n                            <\/li>\n<\/ul><\/div>\n<div class=\"detailmodule_text-image\">\n<p style=\"font-family:OpenSans;font-size:20px;font-weight:900;line-height:28px;white-space:pre-wrap;color:rgb(0, 0, 0);margin-bottom:12px\" class=\"detail-desc-decorate-title\">36V 10,4AH Batterie<\/p>\n<p style=\"font-family:OpenSans;font-size:14px;font-weight:300;line-height:20px;white-space:pre-wrap;color:rgb(0, 0, 0);margin-bottom:12px\" class=\"detail-desc-decorate-content\">Anschluss f\u00fcr Controller: XT60<br \/>Nennspannung: 36V<br \/>Nennkapazit\u00e4t: 10,4 Ah<br \/>Zusammengesetzter Typ: 10Series 4Paralles 10S4P<br \/>Zellen: Leistungsstarke 18650 3,7 V 2600 mAh 5C Zellen<br \/>BMS: 20 Ampere kontinuierlich, 400 \u00b1 10 Ampere maximal<br \/>Passende Motorleistung: 36 V, 250 W, 350 W, 500 W<br \/>Ladestrom: 2A<br \/>Ladeschlussspannung: 42 V<br \/>Entladeschlussspannung: 30 V<br \/>Entladetemperatur: -20 bis 65\u00b0C<br \/>Ladetemperatur: 0 bis 45 \u00b0C<br \/>Abmessungen: 70*80*205mm<br \/>Batteriegewicht: 2,9 kg<br \/>Zyklenlebensdauer: \u226580% Kapazit\u00e4t nach 800 Zyklen.<\/p>\n<div><img decoding=\"async\" class=\"detail-desc-decorate-image\" src=\"https:\/\/ae01.alicdn.com\/kf\/S72fb5736b7ed4501a57e529cee275859G.jpg\" slate-data-type=\"image\"\/><\/div>\n<\/div>\n<div class=\"detailmodule_text-image\">\n<p style=\"font-family:OpenSans;font-size:20px;font-weight:900;line-height:28px;white-space:pre-wrap;color:rgb(0, 0, 0);margin-bottom:12px\" class=\"detail-desc-decorate-title\">48V 13AH Batterie<\/p>\n<p style=\"font-family:OpenSans;font-size:14px;font-weight:300;line-height:20px;white-space:pre-wrap;color:rgb(0, 0, 0);margin-bottom:12px\" class=\"detail-desc-decorate-content\">Anschluss f\u00fcr Controller: XT60<br \/>Nennspannung: 48V<br \/>Nennkapazit\u00e4t: 13Ah<br \/>Zusammengesetzter Typ: 13Series 5Paralles 13S5P<br \/>Zellen: Leistungsstarke 18650 3,7 V 2600 mAh 5C Zellen<br \/>BMS: 30 Ampere kontinuierlich, 60 \u00b1 10 Ampere maximal<br \/>Passende Motorleistung: 48 V, 500 W, 750 W, 1000 W<br \/>Ladestrom: 2A<br \/>Ladeschlussspannung: 54,6 V<br \/>Entladeschlussspannung: 39 V<br \/>Entladetemperatur: -20 bis 65\u00b0C<br \/>Ladetemperatur: 0 bis 45 \u00b0C<br \/>Abmessungen: 70*95*270mm<br \/>Batteriegewicht: 4,4 kg<br \/>Zyklenlebensdauer: \u226580% Kapazit\u00e4t nach 800 Zyklen.<\/p>\n<div><img decoding=\"async\" class=\"detail-desc-decorate-image\" src=\"https:\/\/ae01.alicdn.com\/kf\/Sef0229418144480883c055d6f1b8484cp.jpg\" slate-data-type=\"image\"\/><\/div>\n<\/div>\n<div class=\"detailmodule_text-image\">\n<p style=\"font-family:OpenSans;font-size:20px;font-weight:900;line-height:28px;white-space:pre-wrap;color:rgb(0, 0, 0);margin-bottom:12px\" class=\"detail-desc-decorate-title\">more pictures<\/p>\n<div><img decoding=\"async\" class=\"detail-desc-decorate-image\" src=\"https:\/\/ae01.alicdn.com\/kf\/Sb192aea0f4e24c99ae56e6499d33056dz.jpg\" slate-data-type=\"image\"\/><img decoding=\"async\" class=\"detail-desc-decorate-image\" src=\"https:\/\/ae01.alicdn.com\/kf\/S17ceb65eb11c41a5b23532d185a130648.jpg\" slate-data-type=\"image\"\/><img decoding=\"async\" class=\"detail-desc-decorate-image\" src=\"https:\/\/ae01.alicdn.com\/kf\/Sfd5d857dc05d4d1a9a7d4fc2965da033Q.jpg\" slate-data-type=\"image\"\/><img decoding=\"async\" class=\"detail-desc-decorate-image\" src=\"https:\/\/ae01.alicdn.com\/kf\/S55812da570a242d291342fb501a78f804.jpg\" slate-data-type=\"image\"\/><img decoding=\"async\" class=\"detail-desc-decorate-image\" src=\"https:\/\/ae01.alicdn.com\/kf\/Seef94df485cc4668a9037d9175e7076b5.jpg\" slate-data-type=\"image\"\/><img decoding=\"async\" class=\"detail-desc-decorate-image\" src=\"https:\/\/ae01.alicdn.com\/kf\/S5f1fabead3934c40b8f1c3079c8e1e2dp.jpg\" slate-data-type=\"image\"\/><img decoding=\"async\" class=\"detail-desc-decorate-image\" src=\"https:\/\/ae01.alicdn.com\/kf\/S5741a34181ee4b0e8c6cef678186afedJ.jpg\" slate-data-type=\"image\"\/><img decoding=\"async\" class=\"detail-desc-decorate-image\" src=\"https:\/\/ae01.alicdn.com\/kf\/S3f10e64211cd4185afd8debe6ef41231P.jpg\" slate-data-type=\"image\"\/><img decoding=\"async\" class=\"detail-desc-decorate-image\" src=\"https:\/\/ae01.alicdn.com\/kf\/S460fae700978497c8e0d0c063a51eebdd.jpg\" slate-data-type=\"image\"\/><\/div>\n<\/div>\n<div class=\"detailmodule_text\">\n<p style=\"font-family:OpenSans;font-size:20px;font-weight:900;line-height:28px;white-space:pre-wrap;color:rgb(0, 0, 0);margin-bottom:12px\" class=\"detail-desc-decorate-title\">Versand &amp; Garantie<\/p>\n<p style=\"font-family:OpenSans;font-size:14px;font-weight:300;line-height:20px;white-space:pre-wrap;color:rgb(0, 0, 0);margin-bottom:12px\" class=\"detail-desc-decorate-content\">F\u00fcr die Versandmethode des Verk\u00e4ufers ist auch eine Sendungsverfolgungsnummer verf\u00fcgbar.<\/p>\n<p>1. ) Preis inklusive aller Steuern<\/p>\n<p>2.) Sollten Sie nach Erhalt der Artikel noch Fragen haben, kontaktieren Sie uns bitte zun\u00e4chst. Ihre Zufriedenheit hat f\u00fcr uns oberste Priorit\u00e4t und wir sind \u00fcberzeugt, dass Sie mit unseren Dienstleistungen zufrieden sein werden.<\/p>\n<\/div>\n<div class=\"detailmodule_image\"><img decoding=\"async\" class=\"detail-desc-decorate-image\" src=\"https:\/\/ae01.alicdn.com\/kf\/S8bf12e6c65f746449ad69534878f8a47q.jpg\" slate-data-type=\"image\"\/><\/div>\n<p><\/p>","protected":false},"excerpt":{"rendered":"<p>Capacity:&nbsp;10 &#8211; 20Ah Voltage:&nbsp;48v Type:&nbsp;lithium battery Brand Name:&nbsp;CSC Origin:&nbsp;Mainland China Voltage:&nbsp;36v 36V 10.4AH Battery Connector for Controller: XT60Nominal Voltage: 36VNominal Capacity: 10.4AhComposed Type: 10Series 4Paralles 10S4PCells: Powerful 18650 3.7V 2600mAh<\/p>","protected":false},"featured_media":23078,"comment_status":"open","ping_status":"closed","template":"","meta":{"_acf_changed":false},"product_brand":[],"product_cat":[533],"product_tag":[],"class_list":{"0":"post-23374","1":"product","2":"type-product","3":"status-publish","4":"has-post-thumbnail","6":"product_cat-downtube-e-bike-batteries","8":"first","9":"instock","10":"shipping-taxable","11":"purchasable","12":"product-type-variable"},"acf":[],"_links":{"self":[{"href":"https:\/\/electricstore.eu\/de\/wp-json\/wp\/v2\/product\/23374","targetHints":{"allow":["GET"]}}],"collection":[{"href":"https:\/\/electricstore.eu\/de\/wp-json\/wp\/v2\/product"}],"about":[{"href":"https:\/\/electricstore.eu\/de\/wp-json\/wp\/v2\/types\/product"}],"replies":[{"embeddable":true,"href":"https:\/\/electricstore.eu\/de\/wp-json\/wp\/v2\/comments?post=23374"}],"wp:featuredmedia":[{"embeddable":true,"href":"https:\/\/electricstore.eu\/de\/wp-json\/wp\/v2\/media\/23078"}],"wp:attachment":[{"href":"https:\/\/electricstore.eu\/de\/wp-json\/wp\/v2\/media?parent=23374"}],"wp:term":[{"taxonomy":"product_brand","embeddable":true,"href":"https:\/\/electricstore.eu\/de\/wp-json\/wp\/v2\/product_brand?post=23374"},{"taxonomy":"product_cat","embeddable":true,"href":"https:\/\/electricstore.eu\/de\/wp-json\/wp\/v2\/product_cat?post=23374"},{"taxonomy":"product_tag","embeddable":true,"href":"https:\/\/electricstore.eu\/de\/wp-json\/wp\/v2\/product_tag?post=23374"}],"curies":[{"name":"wp","href":"https:\/\/api.w.org\/{rel}","templated":true}]}}