{"id":21792,"date":"2025-05-20T18:27:06","date_gmt":"2025-05-20T18:27:06","guid":{"rendered":"https:\/\/electricstore.eu\/p\/uncategorized\/ampace-p600-pro-1800w-pure-sine-wave-584wh-lifepo4-battery-2000-cycles-app-control-600w-solar-generator-for-outdoor-camping\/"},"modified":"2025-05-20T18:27:07","modified_gmt":"2025-05-20T18:27:07","slug":"ampace-p600-pro-1800w-pure-sine-wave-584wh-lifepo4-battery-2000-cycles-app-control-600w-solar-generator-for-outdoor-camping","status":"publish","type":"product","link":"https:\/\/electricstore.eu\/de\/p\/batteries\/portable-power-stations\/ampace-p600-pro-1800w-pure-sine-wave-584wh-lifepo4-battery-2000-cycles-app-control-600w-solar-generator-for-outdoor-camping\/","title":{"rendered":"Ampace P600 Pro 1800W Reine Sinuswelle 584Wh LiFePO4 Batterie 2000 Zyklen APP-Steuerung 600W Solargenerator f\u00fcr Outdoor-Camping"},"content":{"rendered":"<div class=\"product-specs-list-container\">\n<ul class=\"product-specs-list util-clearfix\">\n<li class=\"product-prop line-limit-length\"><span\n                                        class=\"property-title\">Nennkapazit\u00e4t:&nbsp;<\/span><span\n                                        class=\"property-desc line-limit-length\">584 Wh<\/span>\n                            <\/li>\n<li class=\"product-prop line-limit-length\"><span\n                                        class=\"property-title\">Modellnummer:&nbsp;<\/span><span\n                                        class=\"property-desc line-limit-length\">ANDES 600 Pro<\/span>\n                            <\/li>\n<li class=\"product-prop line-limit-length\"><span\n                                        class=\"property-title\">Typ:&nbsp;<\/span><span\n                                        class=\"property-desc line-limit-length\">LiFePO4<\/span>\n                            <\/li>\n<li class=\"product-prop line-limit-length\"><span\n                                        class=\"property-title\">Set-Typ:&nbsp;<\/span><span\n                                        class=\"property-desc line-limit-length\">Ladeger\u00e4te-Sets<\/span>\n                            <\/li>\n<li class=\"product-prop line-limit-length\"><span\n                                        class=\"property-title\">Marke:&nbsp;<\/span><span\n                                        class=\"property-desc line-limit-length\">Ampace<\/span>\n                            <\/li>\n<li class=\"product-prop line-limit-length\"><span\n                                        class=\"property-title\">Typ:&nbsp;<\/span><span\n                                        class=\"property-desc line-limit-length\">Tragbares Kraftwerk<\/span>\n                            <\/li>\n<li class=\"product-prop line-limit-length\"><span\n                                        class=\"property-title\">Modell:&nbsp;<\/span><span\n                                        class=\"property-desc line-limit-length\">ANDES 600 Pro<\/span>\n                            <\/li>\n<li class=\"product-prop line-limit-length\"><span\n                                        class=\"property-title\">Kapazit\u00e4t:&nbsp;<\/span><span\n                                        class=\"property-desc line-limit-length\">584 Wh<\/span>\n                            <\/li>\n<li class=\"product-prop line-limit-length\"><span\n                                        class=\"property-title\">Zertifizierung:&nbsp;<\/span><span\n                                        class=\"property-desc line-limit-length\">UL, CE, FCC, PSE, RoHS<\/span>\n                            <\/li>\n<li class=\"product-prop line-limit-length\"><span\n                                        class=\"property-title\">Startseite EPS:&nbsp;<\/span><span\n                                        class=\"property-desc line-limit-length\">20 ms<\/span>\n                            <\/li>\n<li class=\"product-prop line-limit-length\"><span\n                                        class=\"property-title\">Licht:&nbsp;<\/span><span\n                                        class=\"property-desc line-limit-length\">LED-Licht + Umgebungslicht<\/span>\n                            <\/li>\n<li class=\"product-prop line-limit-length\"><span\n                                        class=\"property-title\">Typ A:&nbsp;<\/span><span\n                                        class=\"property-desc line-limit-length\">9 Ausgangsanschl\u00fcsse<\/span>\n                            <\/li>\n<\/ul><\/div>\n<p><\/p>\n<p style=\"font-family:&quot;Microsoft YaHei&quot;;font-size:medium;font-weight:400;letter-spacing:normal;text-align:start;white-space:normal;color:rgb(0, 0, 0)\" align=\"start\"><span style=\"font-size:x-large\">Highlights<\/span><\/p>\n<p><\/p>\n<h3 style=\"font-family:&quot;Microsoft YaHei&quot;;letter-spacing:normal;text-align:start;white-space:normal;color:rgb(0, 0, 0)\" align=\"start\">Umweltfreundliches, effizientes und tragbares Kraftwerk<\/h3>\n<p style=\"font-family:&quot;Microsoft YaHei&quot;;font-size:medium;font-weight:400;letter-spacing:normal;text-align:start;white-space:normal;color:rgb(0, 0, 0)\" align=\"start\">Mit nur 7,6 kg ist das Ampace ANDES 600 Pro Power Station eine leichte und ultraportable L\u00f6sung f\u00fcr unterwegs. Dank fortschrittlicher SiC-Technologie erreicht es eine Energieeffizienz von bis zu 95%, minimiert Energieverluste und unterst\u00fctzt eine nachhaltige Energienutzung. Perfekt f\u00fcr Camping, Wandern oder Notf\u00e4lle: Dieses kompakte Kraftpaket bietet au\u00dfergew\u00f6hnliche Leistung ohne viel Platz.<\/p>\n<h3 style=\"font-family:&quot;Microsoft YaHei&quot;;letter-spacing:normal;text-align:start;white-space:normal;color:rgb(0, 0, 0)\" align=\"start\">Vielseitige Leistung f\u00fcr jeden Bedarf<\/h3>\n<p style=\"font-family:&quot;Microsoft YaHei&quot;;font-size:medium;font-weight:400;letter-spacing:normal;text-align:start;white-space:normal;color:rgb(0, 0, 0)\" align=\"start\">Mit neun Multifunktionsanschl\u00fcssen versorgt der ANDES 600 Pro verschiedene Ger\u00e4te mit Strom, von Smartphones und Laptops bis hin zu Minik\u00fchlschr\u00e4nken und CPAP-Ger\u00e4ten. Seine flexiblen Ladeoptionen \u2013 darunter Wechselstrom, Solar und Autoladung \u2013 machen ihn zur vielseitigen Wahl f\u00fcr verschiedene Szenarien wie Outdoor-Abenteuer oder die Notstromversorgung zu Hause.<\/p>\n<h3 style=\"font-family:&quot;Microsoft YaHei&quot;;letter-spacing:normal;text-align:start;white-space:normal;color:rgb(0, 0, 0)\" align=\"start\">Schnelles Laden und langlebiger Akku<\/h3>\n<p style=\"font-family:&quot;Microsoft YaHei&quot;;font-size:medium;font-weight:400;letter-spacing:normal;text-align:start;white-space:normal;color:rgb(0, 0, 0)\" align=\"start\">Das tragbare Ampace ANDES 600 Pro-Ladeger\u00e4t bietet dank A-Boost-Technologie blitzschnelles Aufladen von 0 auf 100 TP7T in nur 1,5 Stunden. Ausgestattet mit fortschrittlicher LiFePO\u2084-Akkutechnologie bietet es eine beeindruckende Lebensdauer von bis zu 2.000 Zyklen und gew\u00e4hrleistet so zuverl\u00e4ssige Leistung \u00fcber Jahre hinweg. Die integrierte SiC-Technologie sorgt f\u00fcr eine Energieeffizienz von bis zu 95 TP7T und liefert mit jeder Ladung \u00fcberlegene Leistung.<\/p>\n<h3 style=\"font-family:&quot;Microsoft YaHei&quot;;letter-spacing:normal;text-align:start;white-space:normal;color:rgb(0, 0, 0)\" align=\"start\">Langlebige und zuverl\u00e4ssige Stromversorgungsl\u00f6sung<\/h3>\n<p style=\"font-family:&quot;Microsoft YaHei&quot;;font-size:medium;font-weight:400;letter-spacing:normal;text-align:start;white-space:normal;color:rgb(0, 0, 0)\" align=\"start\">Dieses f\u00fcr raue Umgebungen konzipierte Kraftwerk arbeitet zuverl\u00e4ssig bei Temperaturen bis zu -20 \u00b0C. Die EPS-Auto-Switch-Funktion aktiviert sich in weniger als 30 ms und garantiert so eine unterbrechungsfreie Stromversorgung bei Stromausf\u00e4llen oder in Notf\u00e4llen. Mit \u00fcber 2.800 Qualit\u00e4tspr\u00fcfungen und internationalen Zertifizierungen steht beim Ampace ANDES 600 Pro Sicherheit und Zuverl\u00e4ssigkeit an erster Stelle. Es ist ein zuverl\u00e4ssiger Begleiter f\u00fcr Zuhause, Reisen und Outdoor-Aktivit\u00e4ten und bietet zuverl\u00e4ssige Stromversorgung, wann und wo immer Sie sie am meisten brauchen.<\/p>\n<h3 style=\"font-family:&quot;Microsoft YaHei&quot;;letter-spacing:normal;text-align:start;white-space:normal;color:rgb(0, 0, 0)\" align=\"start\">Intelligente Funktionen mit leisem Betrieb<\/h3>\n<p style=\"font-family:&quot;Microsoft YaHei&quot;;font-size:medium;font-weight:400;letter-spacing:normal;text-align:start;white-space:normal;color:rgb(0, 0, 0)\" align=\"start\">Behalten Sie die volle Kontrolle mit einer intelligenten App f\u00fcr m\u00fchelose \u00dcberwachung und Verwaltung. Mit einem fl\u00fcsterleisen Ger\u00e4uschpegel von unter 30 dB ist das tragbare Kraftwerk Ampace ANDES 600 Pro ideal f\u00fcr den Einsatz im Innenbereich oder f\u00fcr ruhige Outdoor-Erlebnisse. Sein intuitives Design sorgt f\u00fcr ein nahtloses Benutzererlebnis, selbst in anspruchsvollsten Situationen.<\/p>\n<p><\/p>\n<h2 style=\"font-family:&quot;Microsoft YaHei&quot;;font-size:14px;letter-spacing:normal;text-align:start;white-space:normal;color:rgb(0, 0, 0);margin:10px 0px;margin-bottom:10px;margin-top:10px;margin-left:0px;margin-right:0px;padding:0px;padding-bottom:0px;padding-top:0px;padding-left:0px;padding-right:0px\" align=\"start\">Spezifikation<\/h2>\n<p><\/p>\n<table style=\"border-collapse:collapse;font-family:&quot;Microsoft YaHei&quot;;width:1215.38px\" border=\"1\" cellpadding=\"8\">\n<tbody>\n<tr>\n<td style=\"width:308.788px;height:121px\" width=\"152\">\n<p><strong>Allgemein<\/strong><\/p>\n<\/td>\n<td style=\"width:872.188px;height:121px\" width=\"415\">\n<p>Marke: Ampace<br \/>Typ: Tragbares Kraftwerk<br \/>Modell: ANDES 600 Pro<br \/>Farbe: Schwarz<\/p>\n<\/td>\n<\/tr>\n<tr>\n<td style=\"width:308.788px;height:188px\" width=\"152\">\n<p><strong>Grundlegende Spezifikation<\/strong><\/p>\n<\/td>\n<td style=\"width:872.188px;height:188px\" width=\"415\">\n<p>Kapazit\u00e4t: 584Wh<br \/>APP-Steuerung: Ja<br \/>Zertifizierung: UL, CE, FCC, PSE, RoHS<br \/>Home-EPS: 20 ms<br \/>Licht: LED-Licht + Umgebungslicht<br \/>Ladetemperatur: -10 \u00b0C bis 45 \u00b0C (14 \u00b0F bis 113 \u00b0F)<br \/>Entladetemperatur: -20 \u00b0C bis 45 \u00b0C (-4 \u00b0F bis 113 \u00b0F)<\/p>\n<\/td>\n<\/tr>\n<tr>\n<td style=\"width:308.788px;height:233px\" width=\"152\">\n<p><strong>Ausgabe<\/strong><\/p>\n<\/td>\n<td style=\"width:872.188px;height:233px\" width=\"415\">\n<p>ACx2: Reine Sinuswelle, 600 W (1800 W Spitzenleistung) gesamt, EU: 220\u2013240 V, 50 Hz<br \/>Maximale Ger\u00e4teleistung, die von A-Turbo unterst\u00fctzt wird: 1.800 W f\u00fcr ohmsche Lasten<br \/>USB-Cx1: 5 V\/3 A, 9 V\/3 A, 12 V\/3 A, 15 V\/3 A, 20 V\/5 A, 100 W max.<br \/>USB-Cx1: 5 V\/3 A, 9 V\/3 A, 12 V\/3 A, 15 V\/3 A, 20 V\/3 A, 60 W max.<br \/>USB-Ax2: 5 V\/3 A, 9 V\/2 A, 12 V\/1,5 A, 18 W max. pro Anschluss<br \/>Autosteckdose x1: 12 V\/10 A, 120 W max<br \/>DC 5521 Ausgang x 2: 12 V\/10 A, 120 W max.<\/p>\n<\/td>\n<\/tr>\n<tr>\n<td style=\"width:308.788px;height:121px\" width=\"152\">\n<p><strong>Eingang<\/strong><\/p>\n<\/td>\n<td style=\"width:872.188px;height:121px\" width=\"415\">\n<p>AC-Ladeeingang: EU 220\u2013240\u00a0V, 50\u00a0Hz (A-Boost-Schnellladung: 550\u00a0W, max.)<br \/>Ladeeingang des Solarmoduls: DC11~30V, 12A (max. 200W)<br \/>Auto-Ladeeingang: DC12V\/24V, 8A (max. 96W)<\/p>\n<\/td>\n<\/tr>\n<tr>\n<td style=\"width:308.788px;height:166px\" width=\"152\">\n<p><strong>Batterieinformationen<\/strong><\/p>\n<\/td>\n<td style=\"width:872.188px;height:166px\" width=\"415\">\n<p>Zellchemiesystem: LiFePO\u2084-Hybridsystem<br \/>Lebensdauer: 2000 Zyklen<br \/>Schutz: Untertemperaturschutz; Unterspannungsschutz; \u00dcberstromschutz; \u00dcberlastschutz; \u00dcbertemperaturschutz; \u00dcberspannungsschutz; Kurzschlussschutz.<\/p>\n<\/td>\n<\/tr>\n<tr>\n<td style=\"width:308.788px;height:121px\" width=\"152\">\n<p><strong>Gewicht &amp; Gr\u00f6\u00dfe<\/strong><\/p>\n<\/td>\n<td style=\"width:872.188px;height:121px\" width=\"415\">\n<p>Produktgewicht: 7,6 kg\/16,8 lbs<br \/>Paketgewicht: 8,5 kg\/18,74 lbs<br \/>Produktgr\u00f6\u00dfe: 28,5 \u00d7 20,9 \u00d7 21,4 cm<br \/>Verpackungsgr\u00f6\u00dfe: 34,5 \u00d7 26,0 x 27,0 cm<\/p>\n<\/td>\n<\/tr>\n<tr>\n<td style=\"width:308.788px;height:166px\" width=\"152\">\n<p><strong>Paketliste<\/strong><\/p>\n<\/td>\n<td style=\"width:872.188px;height:166px\" width=\"415\">\n<p>1 x ANDES 600 PRO\u00a0<br \/>1 x AC-Ladekabel\u00a0<br \/>1 x Auto-Ladekabel\u00a0<br \/>1 x Kabeltasche\u00a0<br \/>1 x Benutzerhandbuch<br \/>1 x Garantiekarte\u00a0<\/p>\n<\/td>\n<\/tr>\n<\/tbody>\n<\/table>\n<p><img decoding=\"async\" src=\"https:\/\/ae01.alicdn.com\/kf\/S50d3d270f5294728b9149c67860a3f7bx.jpeg\" slate-data-type=\"image\"\/><img decoding=\"async\" src=\"https:\/\/ae01.alicdn.com\/kf\/S50168e86323c40c98388461af7027665g.jpeg\" slate-data-type=\"image\"\/><img decoding=\"async\" src=\"https:\/\/ae01.alicdn.com\/kf\/S9fa55404a0024cd6aff399bc311b6eb6R.jpeg\" slate-data-type=\"image\"\/><img decoding=\"async\" src=\"https:\/\/ae01.alicdn.com\/kf\/Sd8798235e8724107b6df349ed0f7a126b.jpeg\" slate-data-type=\"image\"\/><img decoding=\"async\" src=\"https:\/\/ae01.alicdn.com\/kf\/Sb3a5778a14b6478ca2593583af84f59cE.jpeg\" slate-data-type=\"image\"\/><img decoding=\"async\" src=\"https:\/\/ae01.alicdn.com\/kf\/S290b776314044876a5540209782747556.jpeg\" slate-data-type=\"image\"\/><img decoding=\"async\" src=\"https:\/\/ae01.alicdn.com\/kf\/S1cb214553c204920b394721e63e235e9J.jpeg\" slate-data-type=\"image\"\/><img decoding=\"async\" src=\"https:\/\/ae01.alicdn.com\/kf\/Saf659a2ca7a54135a2bd9f0182780f48n.jpeg\" slate-data-type=\"image\"\/><img decoding=\"async\" src=\"https:\/\/ae01.alicdn.com\/kf\/S88a60e0ac3ad426d92e280d3d9d27666s.jpeg\" slate-data-type=\"image\"\/><img decoding=\"async\" src=\"https:\/\/ae01.alicdn.com\/kf\/Sdb31ccd65c9f48c88164abcb341cc3830.jpeg\" slate-data-type=\"image\"\/><img decoding=\"async\" src=\"https:\/\/ae01.alicdn.com\/kf\/Sb83ba7317365404b8ccd8f3b0e7d214ah.jpeg\" slate-data-type=\"image\"\/><img decoding=\"async\" src=\"https:\/\/ae01.alicdn.com\/kf\/Sb3eebfeb3a5445e6a4766c3375ef32edK.jpeg\" slate-data-type=\"image\"\/><\/p>","protected":false},"excerpt":{"rendered":"<p>Nominal Capacity:&nbsp;584Wh Model Number:&nbsp;ANDES 600 Pro Type:&nbsp;LiFePO4 Set Type:&nbsp;Charger Sets Brand:&nbsp;Ampace Type:&nbsp;Portable Power Station Model:&nbsp;ANDES 600 Pro Capacity:&nbsp;584Wh Certification:&nbsp;UL, CE, FCC, PSE, RoHS Home EPS:&nbsp;20ms Light:&nbsp;LED Light+Ambient Light Type A:&nbsp;9<\/p>","protected":false},"featured_media":21794,"comment_status":"open","ping_status":"closed","template":"","meta":{"_acf_changed":false},"product_brand":[],"product_cat":[515],"product_tag":[],"class_list":{"0":"post-21792","1":"product","2":"type-product","3":"status-publish","4":"has-post-thumbnail","6":"product_cat-portable-power-stations","8":"first","9":"instock","10":"shipping-taxable","11":"purchasable","12":"product-type-simple"},"acf":[],"_links":{"self":[{"href":"https:\/\/electricstore.eu\/de\/wp-json\/wp\/v2\/product\/21792","targetHints":{"allow":["GET"]}}],"collection":[{"href":"https:\/\/electricstore.eu\/de\/wp-json\/wp\/v2\/product"}],"about":[{"href":"https:\/\/electricstore.eu\/de\/wp-json\/wp\/v2\/types\/product"}],"replies":[{"embeddable":true,"href":"https:\/\/electricstore.eu\/de\/wp-json\/wp\/v2\/comments?post=21792"}],"wp:featuredmedia":[{"embeddable":true,"href":"https:\/\/electricstore.eu\/de\/wp-json\/wp\/v2\/media\/21794"}],"wp:attachment":[{"href":"https:\/\/electricstore.eu\/de\/wp-json\/wp\/v2\/media?parent=21792"}],"wp:term":[{"taxonomy":"product_brand","embeddable":true,"href":"https:\/\/electricstore.eu\/de\/wp-json\/wp\/v2\/product_brand?post=21792"},{"taxonomy":"product_cat","embeddable":true,"href":"https:\/\/electricstore.eu\/de\/wp-json\/wp\/v2\/product_cat?post=21792"},{"taxonomy":"product_tag","embeddable":true,"href":"https:\/\/electricstore.eu\/de\/wp-json\/wp\/v2\/product_tag?post=21792"}],"curies":[{"name":"wp","href":"https:\/\/api.w.org\/{rel}","templated":true}]}}