{"id":21784,"date":"2025-05-20T18:27:00","date_gmt":"2025-05-20T18:27:00","guid":{"rendered":"https:\/\/electricstore.eu\/p\/uncategorized\/oukitel-p5000-pro-solar-generator-160000mah-power-station-4000w-pure-sine-wave-smart-temperature-control-charging-stations\/"},"modified":"2025-05-20T18:27:10","modified_gmt":"2025-05-20T18:27:10","slug":"oukitel-p5000-pro-solar-generator-160000mah-power-station-4000w-pure-sine-wave-smart-temperature-control-charging-stations","status":"publish","type":"product","link":"https:\/\/www.electricstore.eu\/de\/p\/batteries\/portable-power-stations\/oukitel-p5000-pro-solar-generator-160000mah-power-station-4000w-pure-sine-wave-smart-temperature-control-charging-stations\/","title":{"rendered":"OUKITEL P5000 Pro Solargenerator 160000 mAh Kraftwerk 4000 W Reine Sinuswelle Intelligente Temperaturregelung Ladestationen"},"content":{"rendered":"<div class=\"product-specs-list-container\">\n<ul class=\"product-specs-list util-clearfix\">\n<li class=\"product-prop line-limit-length\"><span\n                                        class=\"property-title\">Anwendung:&nbsp;<\/span><span\n                                        class=\"property-desc line-limit-length\">Solar Power Storage<\/span>\n                            <\/li>\n<li class=\"product-prop line-limit-length\"><span\n                                        class=\"property-title\">Nennkapazit\u00e4t:&nbsp;<\/span><span\n                                        class=\"property-desc line-limit-length\">160000 mAh<\/span>\n                            <\/li>\n<li class=\"product-prop line-limit-length\"><span\n                                        class=\"property-title\">Modellnummer:&nbsp;<\/span><span\n                                        class=\"property-desc line-limit-length\">OUKITEL P5000 Pro<\/span>\n                            <\/li>\n<li class=\"product-prop line-limit-length\"><span\n                                        class=\"property-title\">Typ:&nbsp;<\/span><span\n                                        class=\"property-desc line-limit-length\">LiFePO4<\/span>\n                            <\/li>\n<li class=\"product-prop line-limit-length\"><span\n                                        class=\"property-title\">Set-Typ:&nbsp;<\/span><span\n                                        class=\"property-desc line-limit-length\">Ladeger\u00e4te-Sets<\/span>\n                            <\/li>\n<li class=\"product-prop line-limit-length\"><span\n                                        class=\"property-title\">Marke:&nbsp;<\/span><span\n                                        class=\"property-desc line-limit-length\">OUKITEL<\/span>\n                            <\/li>\n<li class=\"product-prop line-limit-length\"><span\n                                        class=\"property-title\">Leistung:&nbsp;<\/span><span\n                                        class=\"property-desc line-limit-length\">5120Wh (51.2V)<\/span>\n                            <\/li>\n<li class=\"product-prop line-limit-length\"><span\n                                        class=\"property-title\">Kapazit\u00e4t:&nbsp;<\/span><span\n                                        class=\"property-desc line-limit-length\">160000 mAh<\/span>\n                            <\/li>\n<li class=\"product-prop line-limit-length\"><span\n                                        class=\"property-title\">Batterie:&nbsp;<\/span><span\n                                        class=\"property-desc line-limit-length\">LiFePO4<\/span>\n                            <\/li>\n<li class=\"product-prop line-limit-length\"><span\n                                        class=\"property-title\">Inverter:&nbsp;<\/span><span\n                                        class=\"property-desc line-limit-length\">Reine Sinuswelle<\/span>\n                            <\/li>\n<li class=\"product-prop line-limit-length\"><span\n                                        class=\"property-title\">Surge Power:&nbsp;<\/span><span\n                                        class=\"property-desc line-limit-length\">8000 W<\/span>\n                            <\/li>\n<li class=\"product-prop line-limit-length\"><span\n                                        class=\"property-title\">Funktionen 01:&nbsp;<\/span><span\n                                        class=\"property-desc line-limit-length\">portable power station<\/span>\n                            <\/li>\n<li class=\"product-prop line-limit-length\"><span\n                                        class=\"property-title\">Funktionen 02:&nbsp;<\/span><span\n                                        class=\"property-desc line-limit-length\">power station<\/span>\n                            <\/li>\n<li class=\"product-prop line-limit-length\"><span\n                                        class=\"property-title\">Funktionen 03:&nbsp;<\/span><span\n                                        class=\"property-desc line-limit-length\">portable solar power station<\/span>\n                            <\/li>\n<li class=\"product-prop line-limit-length\"><span\n                                        class=\"property-title\">Funktionen 04:&nbsp;<\/span><span\n                                        class=\"property-desc line-limit-length\">charging stations<\/span>\n                            <\/li>\n<li class=\"product-prop line-limit-length\"><span\n                                        class=\"property-title\">Funktionen 05:&nbsp;<\/span><span\n                                        class=\"property-desc line-limit-length\">solar generator<\/span>\n                            <\/li>\n<li class=\"product-prop line-limit-length\"><span\n                                        class=\"property-title\">Funktionen 06:&nbsp;<\/span><span\n                                        class=\"property-desc line-limit-length\">gasoline electric generator<\/span>\n                            <\/li>\n<li class=\"product-prop line-limit-length\"><span\n                                        class=\"property-title\">UPS Rated Power::&nbsp;<\/span><span\n                                        class=\"property-desc line-limit-length\">2800W<\/span>\n                            <\/li>\n<li class=\"product-prop line-limit-length\"><span\n                                        class=\"property-title\">Nennleistung:&nbsp;<\/span><span\n                                        class=\"property-desc line-limit-length\">4000W<\/span>\n                            <\/li>\n<li class=\"product-prop line-limit-length\"><span\n                                        class=\"property-title\">Car Charging:&nbsp;<\/span><span\n                                        class=\"property-desc line-limit-length\">12V\/8A,24V\/10A<\/span>\n                            <\/li>\n<\/ul><\/div>\n<p><\/p>\n<p style=\"font-family:&quot;Noto Sans SC&quot;;font-size:medium;font-weight:400;letter-spacing:normal;text-align:start;white-space:normal;color:rgb(0, 0, 0)\" align=\"start\"><span style=\"font-size:x-large\">Highlights<\/span><\/p>\n<p><\/p>\n<h3 style=\"font-family:&quot;Noto Sans SC&quot;;letter-spacing:normal;text-align:start;white-space:normal;color:rgb(0, 0, 0)\" align=\"start\">AC 4000W Output for Heavy-Duty Uses<\/h3>\n<p style=\"font-family:&quot;Noto Sans SC&quot;;font-size:medium;font-weight:400;letter-spacing:normal;text-align:start;white-space:normal;color:rgb(0, 0, 0)\" align=\"start\">Run high-wattage appliances without overloading, like heavy-duty power tools in small business and residential scenarios.<\/p>\n<h3 style=\"font-family:&quot;Noto Sans SC&quot;;letter-spacing:normal;text-align:start;white-space:normal;color:rgb(0, 0, 0)\" align=\"start\">No More Darkness, No More Worries<\/h3>\n<p style=\"font-family:&quot;Noto Sans SC&quot;;font-size:medium;font-weight:400;letter-spacing:normal;text-align:start;white-space:normal;color:rgb(0, 0, 0)\" align=\"start\">Pair with dual power automatic transfer switch, P5000 Pro power goes on when the grid power goes out, keeping your home appliances running smoothly, and giving you peace of mind in emergencies.<\/p>\n<h3 style=\"font-family:&quot;Noto Sans SC&quot;;letter-spacing:normal;text-align:start;white-space:normal;color:rgb(0, 0, 0)\" align=\"start\">80% Only in 1 Hour<\/h3>\n<p style=\"font-family:&quot;Noto Sans SC&quot;;font-size:medium;font-weight:400;letter-spacing:normal;text-align:start;white-space:normal;color:rgb(0, 0, 0)\" align=\"start\">Combine up to 1000W solar with AC 3200W input for world-leading charging speeds. In only 1 hour get an 80% charge. Or stick with AC for an 80% charge in a speedy 15 hours.<\/p>\n<h3 style=\"font-family:&quot;Noto Sans SC&quot;;letter-spacing:normal;text-align:start;white-space:normal;color:rgb(0, 0, 0)\" align=\"start\">5000 Cycles Battery Built to Last 10 Years<\/h3>\n<p style=\"font-family:&quot;Noto Sans SC&quot;;font-size:medium;font-weight:400;letter-spacing:normal;text-align:start;white-space:normal;color:rgb(0, 0, 0)\" align=\"start\">P5000 Pro picks the safe, stable, and long-lasting LiFePO4 battery. That&#x27;ll give you 5000 cycles so your battery will last up to 10 years.<\/p>\n<h3 style=\"font-family:&quot;Noto Sans SC&quot;;letter-spacing:normal;text-align:start;white-space:normal;color:rgb(0, 0, 0)\" align=\"start\">Smart Temperature Control<\/h3>\n<p style=\"font-family:&quot;Noto Sans SC&quot;;font-size:medium;font-weight:400;letter-spacing:normal;text-align:start;white-space:normal;color:rgb(0, 0, 0)\" align=\"start\">The constant temperature ^stem safeguards the P5000 Pro power station operates at optimal temperatures, and protects it from overheating and potential losses.<\/p>\n<h3 style=\"font-family:&quot;Noto Sans SC&quot;;letter-spacing:normal;text-align:start;white-space:normal;color:rgb(0, 0, 0)\" align=\"start\">Real-time Control At Your Fingertips<\/h3>\n<p style=\"font-family:&quot;Noto Sans SC&quot;;font-size:medium;font-weight:400;letter-spacing:normal;text-align:start;white-space:normal;color:rgb(0, 0, 0)\" align=\"start\">Whether you&#x27;re at home or on the go, you can monitor and manage the battery directly from your phone with the App via WiFi or Bluetooth.<\/p>\n<p><\/p>\n<h2 style=\"font-family:&quot;Noto Sans SC&quot;;font-size:14px;letter-spacing:normal;text-align:start;white-space:normal;color:rgb(0, 0, 0);margin:10px 0px;margin-bottom:10px;margin-top:10px;margin-left:0px;margin-right:0px;padding:0px;padding-bottom:0px;padding-top:0px;padding-left:0px;padding-right:0px\" align=\"start\">Spezifikation<\/h2>\n<p><\/p>\n<table style=\"border-collapse:collapse;font-family:&quot;Noto Sans SC&quot;;width:1000px\" class=\"jbEidtTable\" border=\"1\" cellpadding=\"5\" cellspacing=\"0\">\n<tbody>\n<tr>\n<td style=\"text-align:left\" align=\"left\">\n<p><strong>Allgemein<\/strong><\/p>\n<\/td>\n<td style=\"text-align:left\" align=\"left\">\n<p>Marke: OUKITEL<br \/>Typ: Tragbares Kraftwerk<br \/>Modell: P5000 Pro<br \/>Farbe: Schwarz<\/p>\n<\/td>\n<\/tr>\n<tr>\n<td style=\"text-align:left\" align=\"left\">\n<p><strong>Spezifikation<\/strong><\/p>\n<\/td>\n<td style=\"text-align:left\" align=\"left\">\n<p>Electrical Specifications<br \/>Power: 5120Wh (51.2V)<br \/>Capacity: 160000 mAh<br \/>Batterie: LiFePO4<br \/>Cycle life: 5000+<br \/>Inverter: Pure Sine Wave<br \/>AC Adapter: 12V-120V \/ 15A, Maximum 1000W<br \/>Super Fast Charge: Max3200W, AC200-240Vac Max10A<br \/>AC Charging time: 1.6 hours<br \/>Solar Panel connector: 1* XT60 Port,12V-120V \/ 15A, MPPT MAX 1000W<br \/>Solar Charging: 5 Hours<br \/>Car Charging: 12V\/8A,24V\/10A<br \/>Same time charge and discharge: Support<\/p>\n<p>AC Output<br \/>Rated Power: 4000W<br \/>UPS Rated Power: 2800W<br \/>Surge Power: 8000W<br \/>Voltage: 200-240Vac<br \/>Rated Frequency: 60Hz\/50Hz<br \/>4000W load: &lt; 5000W constant power<br \/>Over Load: 5000W\u2264load 6000W @1s; 8000W\u2265load @0.5s<br \/>Inverter efficiency: \u03b7=92%<br \/>Depth of Discharge: DOD=90%<\/p>\n<p>DC-Ausgang<br \/>AC Output: 5 ports AC 4000W<br \/>USB-A: 2* 12W (5V\/2.4A)<br \/>USB-A,QC3.0: 2* 18W (5V\/3A ; 9V\/2A; 12V\/1.5A)<br \/>Type-C: 2* PD100W(5V3A; 9V3A;12V3A;15V3A;20V5A )<br \/>DC48V: 1* 48V15A socket<br \/>DC12V: 2* 12V3A socket<br \/>Cigar lighter Port: 1* 12V\/10A socket<br \/>LED Lighting: \/<br \/>Operating Condition<br \/>Start Time: &lt; 10mS<br \/>Management System: BMS Management<br \/>Charging Temperature: 0-40 \u00b0C \/ 32-104\u00b0F<br \/>Discharging Temperature: -10-40 \u00b0C \/ -4-104\u00b0F<br \/>Humidity: 10%-90%<br \/>Cooling Strategy: 6*Fans<br \/>Protection: Rescue &amp; Short-circuit, Over-current, Over-voltage, Low-voltage, Over-load, Over-temperature, Over-charge<\/p>\n<\/td>\n<\/tr>\n<tr>\n<td style=\"text-align:left\" align=\"left\">\n<p><strong>Gewicht &amp; Gr\u00f6\u00dfe<\/strong><\/p>\n<\/td>\n<td style=\"text-align:left\" align=\"left\">\n<p>Produktgewicht: 53 kg<br \/>Paketgewicht: 58kg<br \/>Verpackungsgr\u00f6\u00dfe (L x B x H): 69,2 \u00d7 41,3 \u00d7 59,5 cm<\/p>\n<\/td>\n<\/tr>\n<tr>\n<td style=\"text-align:left\" align=\"left\">\n<p><strong>Packungsinhalt<\/strong><\/p>\n<\/td>\n<td style=\"text-align:left\" align=\"left\">\n<p>1 x tragbares Kraftwerk<br \/>1 x MC4-Kabel<br \/>1 x Auto-Ladekabel<br \/>1 x Adapter<br \/>1 x Benutzerhandbuch<\/p>\n<\/td>\n<\/tr>\n<\/tbody>\n<\/table>\n<p><\/p>\n<table style=\"border-collapse:collapse;font-family:&quot;Noto Sans SC&quot;;width:1000px\" class=\"jbEidtTable\" border=\"1\" cellpadding=\"5\" cellspacing=\"0\">\n<tbody>\n<tr>\n<td style=\"text-align:left\" align=\"left\">\n<p><strong>Allgemein<\/strong><\/p>\n<\/td>\n<td style=\"text-align:left\" align=\"left\">\n<p>Marke: OUKITEL<br \/>Typ: Tragbares Kraftwerk<br \/>Modell: P5000 Pro<br \/>Farbe: Schwarz<\/p>\n<\/td>\n<\/tr>\n<tr>\n<td style=\"text-align:left\" align=\"left\">\n<p><strong>Spezifikation<\/strong><\/p>\n<\/td>\n<td style=\"text-align:left\" align=\"left\">\n<p>Electrical Specifications<br \/>Power: 5120Wh (51.2V)<br \/>Capacity: 160000 mAh<br \/>Batterie: LiFePO4<br \/>Cycle life: 5000+<br \/>Inverter: Pure Sine Wave<br \/>AC Adapter: 12V-120V \/ 15A, Maximum 1000W<br \/>Super Fast Charge: Max3200W, AC200-240Vac Max10A<br \/>AC Charging time: 1.6 hours<br \/>Solar Panel connector: 1* XT60 Port,12V-120V \/ 15A, MPPT MAX 1000W<br \/>Solar Charging: 5 Hours<br \/>Car Charging: 12V\/8A,24V\/10A<br \/>Same time charge and discharge: Support<\/p>\n<p>AC Output<br \/>Rated Power: 4000W<br \/>UPS Rated Power: 2800W<br \/>Surge Power: 8000W<br \/>Voltage: 200-240Vac<br \/>Rated Frequency: 60Hz\/50Hz<br \/>4000W load: &lt; 5000W constant power<br \/>Over Load: 5000W\u2264load 6000W @1s; 8000W\u2265load @0.5s<br \/>Inverter efficiency: \u03b7=92%<br \/>Depth of Discharge: DOD=90%<\/p>\n<p>DC-Ausgang<br \/>AC Output: 5 ports AC 4000W<br \/>USB-A: 2* 12W (5V\/2.4A)<br \/>USB-A,QC3.0: 2* 18W (5V\/3A ; 9V\/2A; 12V\/1.5A)<br \/>Type-C: 2* PD100W(5V3A; 9V3A;12V3A;15V3A;20V5A )<br \/>DC48V: 1* 48V15A socket<br \/>DC12V: 2* 12V3A socket<br \/>Cigar lighter Port: 1* 12V\/10A socket<br \/>LED Lighting: \/<br \/>Operating Condition<br \/>Start Time: &lt; 10mS<br \/>Management System: BMS Management<br \/>Charging Temperature: 0-40 \u00b0C \/ 32-104\u00b0F<br \/>Discharging Temperature: -10-40 \u00b0C \/ -4-104\u00b0F<br \/>Humidity: 10%-90%<br \/>Cooling Strategy: 6*Fans<br \/>Protection: Rescue &amp; Short-circuit, Over-current, Over-voltage, Low-voltage, Over-load, Over-temperature, Over-charge<\/p>\n<\/td>\n<\/tr>\n<tr>\n<td style=\"text-align:left\" align=\"left\">\n<p><strong>Gewicht &amp; Gr\u00f6\u00dfe<\/strong><\/p>\n<\/td>\n<td style=\"text-align:left\" align=\"left\">\n<p>Produktgewicht: 53 kg<br \/>Paketgewicht: 58kg<br \/>Verpackungsgr\u00f6\u00dfe (L x B x H): 69,2 \u00d7 41,3 \u00d7 59,5 cm<\/p>\n<\/td>\n<\/tr>\n<tr>\n<td style=\"text-align:left\" align=\"left\">\n<p><strong>Packungsinhalt<\/strong><\/p>\n<\/td>\n<td style=\"text-align:left\" align=\"left\">\n<p>1 x tragbares Kraftwerk<br \/>1 x MC4-Kabel<br \/>1 x Auto-Ladekabel<br \/>1 x Adapter<br \/>1 x Benutzerhandbuch<\/p>\n<\/td>\n<\/tr>\n<\/tbody>\n<\/table>\n<p style=\"font-family:&quot;Open Sans&quot;, Roboto, Arial, Helvetica, sans-serif, SimSun;font-size:14px;font-weight:400;letter-spacing:normal;line-height:inherit;text-align:start;white-space:normal;color:rgb(34, 34, 34);margin:0px;margin-bottom:0px;margin-top:0px;margin-left:0px;margin-right:0px;padding:0px;padding-bottom:0px;padding-top:0px;padding-left:0px;padding-right:0px;box-sizing:border-box\" align=\"start\">\n<p><img decoding=\"async\" style=\"border:0px;margin:0px;margin-bottom:0px;margin-top:0px;margin-left:0px;margin-right:0px;padding:0px;padding-bottom:0px;padding-top:0px;padding-left:0px;padding-right:0px;max-width:100%;box-sizing:border-box\" src=\"https:\/\/ae01.alicdn.com\/kf\/S09b2fab3925b4b27879fab9daadc9a56L.jpg\" slate-data-type=\"image\"\/><img decoding=\"async\" style=\"border:0px;margin:0px;margin-bottom:0px;margin-top:0px;margin-left:0px;margin-right:0px;padding:0px;padding-bottom:0px;padding-top:0px;padding-left:0px;padding-right:0px;max-width:100%;box-sizing:border-box\" src=\"https:\/\/ae01.alicdn.com\/kf\/S58e352965bb242259d55f1337e84a67eX.jpg\" slate-data-type=\"image\"\/><img decoding=\"async\" style=\"border:0px;margin:0px;margin-bottom:0px;margin-top:0px;margin-left:0px;margin-right:0px;padding:0px;padding-bottom:0px;padding-top:0px;padding-left:0px;padding-right:0px;max-width:100%;box-sizing:border-box\" src=\"https:\/\/ae01.alicdn.com\/kf\/S03b425096d36428180b1f8f6e83ff2eb0.jpg\" slate-data-type=\"image\"\/><img decoding=\"async\" style=\"border:0px;margin:0px;margin-bottom:0px;margin-top:0px;margin-left:0px;margin-right:0px;padding:0px;padding-bottom:0px;padding-top:0px;padding-left:0px;padding-right:0px;max-width:100%;box-sizing:border-box\" src=\"https:\/\/ae01.alicdn.com\/kf\/S0b769d2595354d339a47d8e07aadc42dC.jpg\" slate-data-type=\"image\"\/><img decoding=\"async\" style=\"border:0px;margin:0px;margin-bottom:0px;margin-top:0px;margin-left:0px;margin-right:0px;padding:0px;padding-bottom:0px;padding-top:0px;padding-left:0px;padding-right:0px;max-width:100%;box-sizing:border-box\" src=\"https:\/\/ae01.alicdn.com\/kf\/S476920e94ac14d0b80af4da9093ad2b7k.jpg\" slate-data-type=\"image\"\/><img decoding=\"async\" style=\"border:0px;margin:0px;margin-bottom:0px;margin-top:0px;margin-left:0px;margin-right:0px;padding:0px;padding-bottom:0px;padding-top:0px;padding-left:0px;padding-right:0px;max-width:100%;box-sizing:border-box\" src=\"https:\/\/ae01.alicdn.com\/kf\/S07d9bb0ed87b46b0a6bd9356a64f753ch.jpg\" slate-data-type=\"image\"\/><img decoding=\"async\" style=\"border:0px;margin:0px;margin-bottom:0px;margin-top:0px;margin-left:0px;margin-right:0px;padding:0px;padding-bottom:0px;padding-top:0px;padding-left:0px;padding-right:0px;max-width:100%;box-sizing:border-box\" src=\"https:\/\/ae01.alicdn.com\/kf\/S9aa6ac8588694d70b64e44ecf933d6c9N.jpg\" slate-data-type=\"image\"\/><img decoding=\"async\" style=\"border:0px;margin:0px;margin-bottom:0px;margin-top:0px;margin-left:0px;margin-right:0px;padding:0px;padding-bottom:0px;padding-top:0px;padding-left:0px;padding-right:0px;max-width:100%;box-sizing:border-box\" src=\"https:\/\/ae01.alicdn.com\/kf\/S6c25fc76485f4e1080257e4284f1f47bk.jpg\" slate-data-type=\"image\"\/><img decoding=\"async\" style=\"border:0px;margin:0px;margin-bottom:0px;margin-top:0px;margin-left:0px;margin-right:0px;padding:0px;padding-bottom:0px;padding-top:0px;padding-left:0px;padding-right:0px;max-width:100%;box-sizing:border-box\" src=\"https:\/\/ae01.alicdn.com\/kf\/Sbe7150297da04ab2ad1468314555de3ab.jpg\" slate-data-type=\"image\"\/><img decoding=\"async\" style=\"border:0px;margin:0px;margin-bottom:0px;margin-top:0px;margin-left:0px;margin-right:0px;padding:0px;padding-bottom:0px;padding-top:0px;padding-left:0px;padding-right:0px;max-width:100%;box-sizing:border-box\" src=\"https:\/\/ae01.alicdn.com\/kf\/S262e0eacc4f849d4aa0d48453e3d6842d.jpg\" slate-data-type=\"image\"\/><img decoding=\"async\" style=\"border:0px;margin:0px;margin-bottom:0px;margin-top:0px;margin-left:0px;margin-right:0px;padding:0px;padding-bottom:0px;padding-top:0px;padding-left:0px;padding-right:0px;max-width:100%;box-sizing:border-box\" src=\"https:\/\/ae01.alicdn.com\/kf\/S437da8c96e264926ab17d698dddda1faF.jpg\" slate-data-type=\"image\"\/><img decoding=\"async\" style=\"border:0px;margin:0px;margin-bottom:0px;margin-top:0px;margin-left:0px;margin-right:0px;padding:0px;padding-bottom:0px;padding-top:0px;padding-left:0px;padding-right:0px;max-width:100%;box-sizing:border-box\" src=\"https:\/\/ae01.alicdn.com\/kf\/S523ef52daede4909b0424dce91e4cc9fK.jpg\" slate-data-type=\"image\"\/><img decoding=\"async\" style=\"border:0px;margin:0px;margin-bottom:0px;margin-top:0px;margin-left:0px;margin-right:0px;padding:0px;padding-bottom:0px;padding-top:0px;padding-left:0px;padding-right:0px;max-width:100%;box-sizing:border-box\" src=\"https:\/\/ae01.alicdn.com\/kf\/S0c89c49d09ca4061bca8cb27dbd3f2e0z.jpg\" slate-data-type=\"image\"\/><img decoding=\"async\" style=\"border:0px;margin:0px;margin-bottom:0px;margin-top:0px;margin-left:0px;margin-right:0px;padding:0px;padding-bottom:0px;padding-top:0px;padding-left:0px;padding-right:0px;max-width:100%;box-sizing:border-box\" src=\"https:\/\/ae01.alicdn.com\/kf\/S6b75bbccd0824fcd8f7c89c8e9c9bdb4o.jpg\" slate-data-type=\"image\"\/><img decoding=\"async\" style=\"border:0px;margin:0px;margin-bottom:0px;margin-top:0px;margin-left:0px;margin-right:0px;padding:0px;padding-bottom:0px;padding-top:0px;padding-left:0px;padding-right:0px;max-width:100%;box-sizing:border-box\" src=\"https:\/\/ae01.alicdn.com\/kf\/S8bda748ca20545e08d39c8781e14b2cbl.jpg\" slate-data-type=\"image\"\/><\/p>\n<p><\/p>","protected":false},"excerpt":{"rendered":"<p>Application:&nbsp;Solar Power Storage Nominal Capacity:&nbsp;160000 mAh Model Number:&nbsp;OUKITEL P5000 Pro Type:&nbsp;LiFePO4 Set Type:&nbsp;Charger Sets Brand:&nbsp;OUKITEL Power:&nbsp;5120Wh (51.2V) Capacity:&nbsp;160000 mAh Battery:&nbsp;LiFePO4 Inverter:&nbsp;Pure Sine Wave Surge Power:&nbsp;8000W Features 01:&nbsp;portable power station Features<\/p>","protected":false},"featured_media":21785,"comment_status":"open","ping_status":"closed","template":"","meta":{"_acf_changed":false},"product_brand":[],"product_cat":[515],"product_tag":[],"class_list":{"0":"post-21784","1":"product","2":"type-product","3":"status-publish","4":"has-post-thumbnail","6":"product_cat-portable-power-stations","8":"first","9":"instock","10":"shipping-taxable","11":"purchasable","12":"product-type-simple"},"acf":[],"_links":{"self":[{"href":"https:\/\/www.electricstore.eu\/de\/wp-json\/wp\/v2\/product\/21784","targetHints":{"allow":["GET"]}}],"collection":[{"href":"https:\/\/www.electricstore.eu\/de\/wp-json\/wp\/v2\/product"}],"about":[{"href":"https:\/\/www.electricstore.eu\/de\/wp-json\/wp\/v2\/types\/product"}],"replies":[{"embeddable":true,"href":"https:\/\/www.electricstore.eu\/de\/wp-json\/wp\/v2\/comments?post=21784"}],"wp:featuredmedia":[{"embeddable":true,"href":"https:\/\/www.electricstore.eu\/de\/wp-json\/wp\/v2\/media\/21785"}],"wp:attachment":[{"href":"https:\/\/www.electricstore.eu\/de\/wp-json\/wp\/v2\/media?parent=21784"}],"wp:term":[{"taxonomy":"product_brand","embeddable":true,"href":"https:\/\/www.electricstore.eu\/de\/wp-json\/wp\/v2\/product_brand?post=21784"},{"taxonomy":"product_cat","embeddable":true,"href":"https:\/\/www.electricstore.eu\/de\/wp-json\/wp\/v2\/product_cat?post=21784"},{"taxonomy":"product_tag","embeddable":true,"href":"https:\/\/www.electricstore.eu\/de\/wp-json\/wp\/v2\/product_tag?post=21784"}],"curies":[{"name":"wp","href":"https:\/\/api.w.org\/{rel}","templated":true}]}}