{"id":21729,"date":"2025-05-20T18:21:38","date_gmt":"2025-05-20T18:21:38","guid":{"rendered":"https:\/\/electricstore.eu\/p\/uncategorized\/gooloo-gp4000-pro-car-jump-starter-4000a-peak-26800mah-power-bank-car-power-supply-15v-10a-dc-output-1w-white-led-10l-diesel\/"},"modified":"2025-08-10T14:25:39","modified_gmt":"2025-08-10T14:25:39","slug":"gooloo-gp4000-pro-car-jump-starter-4000a-peak-26800mah-power-bank-car-power-supply-15v-10a-dc-output-1w-white-led-10l-diesel","status":"publish","type":"product","link":"https:\/\/electricstore.eu\/de\/p\/batteries\/jump-starter-compressor-power-banks\/gooloo-gp4000-pro-car-jump-starter-4000a-peak-26800mah-power-bank-car-power-supply-15v-10a-dc-output-1w-white-led-10l-diesel\/","title":{"rendered":"GOOLOO GP4000 PRO Auto-Starthilfe, 4000 A Peak, 26800 mAh, Powerbank, Auto-Netzteil, 15 V, 10 A DC-Ausgang, 1 W, wei\u00dfe LED, 10 l Diesel"},"content":{"rendered":"<div class=\"product-specs-list-container\">\n<ul class=\"product-specs-list util-clearfix\">\n<li class=\"product-prop line-limit-length\"><span\n                                        class=\"property-title\">Batteriekapazit\u00e4t (mAh):&nbsp;<\/span><span\n                                        class=\"property-desc line-limit-length\">20000-30000<\/span>\n                            <\/li>\n<li class=\"product-prop line-limit-length\"><span\n                                        class=\"property-title\">Marke:&nbsp;<\/span><span\n                                        class=\"property-desc line-limit-length\">GOOLOO<\/span>\n                            <\/li>\n<li class=\"product-prop line-limit-length\"><span\n                                        class=\"property-title\">Typ:&nbsp;<\/span><span\n                                        class=\"property-desc line-limit-length\">Starthilfe<\/span>\n                            <\/li>\n<li class=\"product-prop line-limit-length\"><span\n                                        class=\"property-title\">Modell:&nbsp;<\/span><span\n                                        class=\"property-desc line-limit-length\">GP4000 PRO<\/span>\n                            <\/li>\n<li class=\"product-prop line-limit-length\"><span\n                                        class=\"property-title\">Batteriekapazit\u00e4t:&nbsp;<\/span><span\n                                        class=\"property-desc line-limit-length\">26800 mAh<\/span>\n                            <\/li>\n<li class=\"product-prop line-limit-length\"><span\n                                        class=\"property-title\">Spitzenstrom:&nbsp;<\/span><span\n                                        class=\"property-desc line-limit-length\">4000A<\/span>\n                            <\/li>\n<li class=\"product-prop line-limit-length\"><span\n                                        class=\"property-title\">Auto-Starthilfe-Ausgang:&nbsp;<\/span><span\n                                        class=\"property-desc line-limit-length\">15 V<\/span>\n                            <\/li>\n<li class=\"product-prop line-limit-length\"><span\n                                        class=\"property-title\">Typ-C-Eingang:&nbsp;<\/span><span\n                                        class=\"property-desc line-limit-length\">15 W (5 V\/3 A)<\/span>\n                            <\/li>\n<li class=\"product-prop line-limit-length\"><span\n                                        class=\"property-title\">LED-Lichtleistung:&nbsp;<\/span><span\n                                        class=\"property-desc line-limit-length\">Wei\u00df: 1 W<\/span>\n                            <\/li>\n<li class=\"product-prop line-limit-length\"><span\n                                        class=\"property-title\">Funktionen 01:&nbsp;<\/span><span\n                                        class=\"property-desc line-limit-length\">4000A Leistungsstarker Auto-Starthilfe<\/span>\n                            <\/li>\n<li class=\"product-prop line-limit-length\"><span\n                                        class=\"property-title\">Funktionen 02:&nbsp;<\/span><span\n                                        class=\"property-desc line-limit-length\">Tragbares Ladeger\u00e4t mit hoher Kapazit\u00e4t<\/span>\n                            <\/li>\n<li class=\"product-prop line-limit-length\"><span\n                                        class=\"property-title\">Funktionen 03:&nbsp;<\/span><span\n                                        class=\"property-desc line-limit-length\">Lebensretter im Notfall<\/span>\n                            <\/li>\n<li class=\"product-prop line-limit-length\"><span\n                                        class=\"property-title\">Funktionen 04:&nbsp;<\/span><span\n                                        class=\"property-desc line-limit-length\">Sicherheit und Qualit\u00e4t Metallklammern<\/span>\n                            <\/li>\n<li class=\"product-prop line-limit-length\"><span\n                                        class=\"property-title\">Funktionen 05:&nbsp;<\/span><span\n                                        class=\"property-desc line-limit-length\">Robustes 12-V-Auto-Starthilfeger\u00e4t<\/span>\n                            <\/li>\n<li class=\"product-prop line-limit-length\"><span\n                                        class=\"property-title\">Funktionen 06:&nbsp;<\/span><span\n                                        class=\"property-desc line-limit-length\">Zuverl\u00e4ssig bei extremer K\u00e4lte<\/span>\n                            <\/li>\n<\/ul><\/div>\n<p style=\"font-family:&quot;Open Sans&quot;, Roboto, Arial, Helvetica, sans-serif, SimSun;font-size:14px;font-weight:400;letter-spacing:normal;line-height:inherit;text-align:start;white-space:normal;color:rgb(34, 34, 34);margin:0px;margin-bottom:0px;margin-top:0px;margin-left:0px;margin-right:0px;padding:0px;padding-bottom:0px;padding-top:0px;padding-left:0px;padding-right:0px;box-sizing:border-box\" align=\"start\"><span style=\"color:rgb(0, 0, 0);font-size:medium;font-family:&quot;Microsoft YaHei&quot;\"><strong><span style=\"font-size:24px\"><span style=\"font-family:&quot;times new roman&quot;, times, serif\">&gt;&gt;Highlights<\/span><\/span><\/strong><\/span><\/p>\n<p style=\"font-family:&quot;Open Sans&quot;, Roboto, Arial, Helvetica, sans-serif, SimSun;font-size:14px;font-weight:400;letter-spacing:normal;line-height:inherit;text-align:start;white-space:normal;color:rgb(34, 34, 34);margin:0px;margin-bottom:0px;margin-top:0px;margin-left:0px;margin-right:0px;padding:0px;padding-bottom:0px;padding-top:0px;padding-left:0px;padding-right:0px;box-sizing:border-box\" align=\"start\"><\/p>\n<h3 style=\"font-family:&quot;Open Sans&quot;, Roboto, Arial, Helvetica, sans-serif, SimSun;letter-spacing:normal;text-align:start;white-space:normal;color:rgb(34, 34, 34);box-sizing:border-box\" align=\"start\"><strong><span style=\"font-size:18px;font-family:&quot;times new roman&quot;, times, serif\">4000A Leistungsstarker Auto-Starthilfe<\/span><\/strong><\/h3>\n<p style=\"font-family:&quot;Open Sans&quot;, Roboto, Arial, Helvetica, sans-serif, SimSun;font-size:14px;font-weight:400;letter-spacing:normal;line-height:inherit;text-align:start;white-space:normal;color:rgb(34, 34, 34);margin:0px;margin-bottom:0px;margin-top:0px;margin-left:0px;margin-right:0px;padding:0px;padding-bottom:0px;padding-top:0px;padding-left:0px;padding-right:0px;box-sizing:border-box\" align=\"start\"><span style=\"font-size:18px;font-family:&quot;times new roman&quot;, times, serif\">Der 4000-Ampere-Starthilfeakku kann einer leeren Autobatterie schnell Starthilfe geben. Selbst bei zu niedriger Batteriespannung f\u00fchrt ein Druck auf die \u201eBOOST\u201c-Taste zum Neustart des Fahrzeugs. Das GOOLOO Autobatterieladeger\u00e4t startet alle Benzin- und Dieselmotoren bis 10,0 l Hubraum in wenigen Sekunden. Dazu geh\u00f6ren 12-V-Fahrzeuge, Motorr\u00e4der, Pickups, Wohnmobile, Traktoren, LKWs, Transporter, Gel\u00e4ndefahrzeuge, Schneemobile, Yachten und viele mehr.<\/span><\/p>\n<h3 style=\"font-family:&quot;Open Sans&quot;, Roboto, Arial, Helvetica, sans-serif, SimSun;letter-spacing:normal;text-align:start;white-space:normal;color:rgb(34, 34, 34);box-sizing:border-box\" align=\"start\"><strong><span style=\"font-size:18px;font-family:&quot;times new roman&quot;, times, serif\">Tragbares Ladeger\u00e4t mit hoher Kapazit\u00e4t<\/span><\/strong><\/h3>\n<p style=\"font-family:&quot;Open Sans&quot;, Roboto, Arial, Helvetica, sans-serif, SimSun;font-size:14px;font-weight:400;letter-spacing:normal;line-height:inherit;text-align:start;white-space:normal;color:rgb(34, 34, 34);margin:0px;margin-bottom:0px;margin-top:0px;margin-left:0px;margin-right:0px;padding:0px;padding-bottom:0px;padding-top:0px;padding-left:0px;padding-right:0px;box-sizing:border-box\" align=\"start\"><span style=\"font-size:18px;font-family:&quot;times new roman&quot;, times, serif\">Das tragbare Starthilfeger\u00e4t GP4000 PRO ist mit zwei USB-Ladeanschl\u00fcssen (einer davon unterst\u00fctzt Schnellladen) und einem USB-Typ-C-Ladeanschluss (5 V\/3 A) ausgestattet. Sie k\u00f6nnen damit andere Ger\u00e4te oder das Starthilfeger\u00e4t selbst aufladen. Es ist \u00fcberallhin mitnehmbar und l\u00e4dt zahlreiche tragbare Ger\u00e4te wie Smartphones, Tablets, Kameras, GPS-Systeme und mehr schnell auf.<\/span><\/p>\n<h3 style=\"font-family:&quot;Open Sans&quot;, Roboto, Arial, Helvetica, sans-serif, SimSun;letter-spacing:normal;text-align:start;white-space:normal;color:rgb(34, 34, 34);box-sizing:border-box\" align=\"start\"><strong><span style=\"font-size:18px;font-family:&quot;times new roman&quot;, times, serif\">Lebensretter im Notfall\u00a0<\/span><\/strong><\/h3>\n<p style=\"font-family:&quot;Open Sans&quot;, Roboto, Arial, Helvetica, sans-serif, SimSun;font-size:14px;font-weight:400;letter-spacing:normal;line-height:inherit;text-align:start;white-space:normal;color:rgb(34, 34, 34);margin:0px;margin-bottom:0px;margin-top:0px;margin-left:0px;margin-right:0px;padding:0px;padding-bottom:0px;padding-top:0px;padding-left:0px;padding-right:0px;box-sizing:border-box\" align=\"start\"><span style=\"font-size:18px;font-family:&quot;times new roman&quot;, times, serif\">Das tragbare Starthilfeger\u00e4t GOOLOO GP4000 PRO gibt Fahrzeugen in Sekundenschnelle Starthilfe, damit Sie nicht l\u00e4nger als n\u00f6tig in einer unsicheren Situation liegen bleiben. Eine volle Ladung reicht f\u00fcr die meisten Fahrzeuge \u00fcber 60-mal!<\/span><\/p>\n<h3 style=\"font-family:&quot;Open Sans&quot;, Roboto, Arial, Helvetica, sans-serif, SimSun;letter-spacing:normal;text-align:start;white-space:normal;color:rgb(34, 34, 34);box-sizing:border-box\" align=\"start\"><span style=\"font-size:18px;font-family:&quot;times new roman&quot;, times, serif\">Sicherheit und Qualit\u00e4t Metallklammern<\/span><\/h3>\n<p style=\"font-family:&quot;Open Sans&quot;, Roboto, Arial, Helvetica, sans-serif, SimSun;font-size:14px;font-weight:400;letter-spacing:normal;line-height:inherit;text-align:start;white-space:normal;color:rgb(34, 34, 34);margin:0px;margin-bottom:0px;margin-top:0px;margin-left:0px;margin-right:0px;padding:0px;padding-bottom:0px;padding-top:0px;padding-left:0px;padding-right:0px;box-sizing:border-box\" align=\"start\"><span style=\"font-size:18px;font-family:&quot;times new roman&quot;, times, serif\">Der GOOLOO Starthilfe-Akku verf\u00fcgt \u00fcber zehn integrierte Schutzfunktionen und beseitigt so Ihre Sorgen vor Missbrauch und Funkenbildung. Wir wollten sicherstellen, dass sich unsere Nutzer bei der Verwendung unseres Produkts rundum sicher f\u00fchlen. Die Smart Jumper Cables sind mit Metallklemmen ausgestattet, um Sch\u00e4den durch langfristige Nutzung zu vermeiden.<\/span><\/p>\n<h3 style=\"font-family:&quot;Open Sans&quot;, Roboto, Arial, Helvetica, sans-serif, SimSun;letter-spacing:normal;text-align:start;white-space:normal;color:rgb(34, 34, 34);box-sizing:border-box\" align=\"start\"><strong><span style=\"font-size:18px;font-family:&quot;times new roman&quot;, times, serif\">Robustes 12-V-Auto-Starthilfeger\u00e4t<\/span><\/strong><\/h3>\n<p style=\"font-family:&quot;Open Sans&quot;, Roboto, Arial, Helvetica, sans-serif, SimSun;font-size:14px;font-weight:400;letter-spacing:normal;line-height:inherit;text-align:start;white-space:normal;color:rgb(34, 34, 34);margin:0px;margin-bottom:0px;margin-top:0px;margin-left:0px;margin-right:0px;padding:0px;padding-bottom:0px;padding-top:0px;padding-left:0px;padding-right:0px;box-sizing:border-box\" align=\"start\"><span style=\"font-size:18px;font-family:&quot;times new roman&quot;, times, serif\">Dank der geh\u00e4rteten Kunststoff- und Gummiecken \u00fcbersteht der Starter problemlos St\u00fcrze. Eine eingebaute Taschenlampe hilft Ihnen bei n\u00e4chtlichen Fahrzeugnotf\u00e4llen.<\/span><\/p>\n<h3 style=\"font-family:&quot;Open Sans&quot;, Roboto, Arial, Helvetica, sans-serif, SimSun;letter-spacing:normal;text-align:start;white-space:normal;color:rgb(34, 34, 34);box-sizing:border-box\" align=\"start\"><strong><span style=\"font-size:18px;font-family:&quot;times new roman&quot;, times, serif\">Zuverl\u00e4ssig bei extremer K\u00e4lte<\/span><\/strong><\/h3>\n<p style=\"font-family:&quot;Open Sans&quot;, Roboto, Arial, Helvetica, sans-serif, SimSun;font-size:14px;font-weight:400;letter-spacing:normal;line-height:inherit;text-align:start;white-space:normal;color:rgb(34, 34, 34);margin:0px;margin-bottom:0px;margin-top:0px;margin-left:0px;margin-right:0px;padding:0px;padding-bottom:0px;padding-top:0px;padding-left:0px;padding-right:0px;box-sizing:border-box\" align=\"start\"><span style=\"font-size:18px;font-family:&quot;times new roman&quot;, times, serif\">Der verbesserte Smartchip im Batterie-Booster GP4000 PRO sorgt f\u00fcr eine schnelle und zuverl\u00e4ssige Z\u00fcndung des Autos bei extremen Temperaturen von -20 \u00b0C bis 60 \u00b0C.<\/span><\/p>\n<p style=\"font-family:&quot;Open Sans&quot;, Roboto, Arial, Helvetica, sans-serif, SimSun;font-size:14px;font-weight:400;letter-spacing:normal;line-height:inherit;text-align:start;white-space:normal;color:rgb(34, 34, 34);margin:0px;margin-bottom:0px;margin-top:0px;margin-left:0px;margin-right:0px;padding:0px;padding-bottom:0px;padding-top:0px;padding-left:0px;padding-right:0px;box-sizing:border-box\" align=\"start\"><\/p>\n<p style=\"font-family:&quot;Open Sans&quot;, Roboto, Arial, Helvetica, sans-serif, SimSun;font-size:14px;font-weight:400;letter-spacing:normal;line-height:inherit;text-align:start;white-space:normal;color:rgb(34, 34, 34);margin:0px;margin-bottom:0px;margin-top:0px;margin-left:0px;margin-right:0px;padding:0px;padding-bottom:0px;padding-top:0px;padding-left:0px;padding-right:0px;box-sizing:border-box\" align=\"start\"><span style=\"color:rgb(34, 34, 34);font-size:14px;font-family:&quot;Open Sans&quot;, Roboto, Arial, Helvetica, sans-serif, SimSun\"><strong><span style=\"font-size:24px\"><span style=\"font-family:&quot;times new roman&quot;, times, serif\">&gt;&gt;Spezifikation<\/span><\/span><\/strong><\/span><\/p>\n<p style=\"font-family:&quot;Open Sans&quot;, Roboto, Arial, Helvetica, sans-serif, SimSun;font-size:14px;font-weight:400;letter-spacing:normal;line-height:inherit;text-align:start;white-space:normal;color:rgb(34, 34, 34);margin:0px;margin-bottom:0px;margin-top:0px;margin-left:0px;margin-right:0px;padding:0px;padding-bottom:0px;padding-top:0px;padding-left:0px;padding-right:0px;box-sizing:border-box\" align=\"start\">\n<table style=\"border-collapse:collapse;font-family:&quot;Microsoft YaHei&quot;;font-size:14px;text-align:start;color:rgb(34, 34, 34);width:1000px\" class=\"jbEidtTable\" border=\"1\" cellpadding=\"5\" cellspacing=\"0\" align=\"start\">\n<tbody>\n<tr>\n<td style=\"font-size:14px;text-align:left\" align=\"left\">\n<p style=\"line-height:inherit;margin:0px;margin-bottom:0px;margin-top:0px;margin-left:0px;margin-right:0px;padding:0px;padding-bottom:0px;padding-top:0px;padding-left:0px;padding-right:0px;box-sizing:border-box\"><span style=\"font-size:18px;font-family:&quot;times new roman&quot;, times, serif\"><strong>Allgemein<\/strong><\/span><\/p>\n<\/td>\n<td style=\"font-size:14px;text-align:left\" align=\"left\">\n<p style=\"line-height:inherit;margin:0px;margin-bottom:0px;margin-top:0px;margin-left:0px;margin-right:0px;padding:0px;padding-bottom:0px;padding-top:0px;padding-left:0px;padding-right:0px;box-sizing:border-box\"><span style=\"font-size:18px;font-family:&quot;times new roman&quot;, times, serif\">Marke: GOOLOO<br \/>Typ: Starthilfe<br \/>Modell: GP4000 PRO<br \/>Farbe: Gelb<\/span><\/p>\n<\/td>\n<\/tr>\n<tr>\n<td style=\"font-size:14px;text-align:left\" align=\"left\">\n<p style=\"line-height:inherit;margin:0px;margin-bottom:0px;margin-top:0px;margin-left:0px;margin-right:0px;padding:0px;padding-bottom:0px;padding-top:0px;padding-left:0px;padding-right:0px;box-sizing:border-box\"><span style=\"font-size:18px;font-family:&quot;times new roman&quot;, times, serif\"><strong>Spezifikation<\/strong><\/span><\/p>\n<\/td>\n<td style=\"font-size:14px;text-align:left\" align=\"left\">\n<p style=\"line-height:inherit;margin:0px;margin-bottom:0px;margin-top:0px;margin-left:0px;margin-right:0px;padding:0px;padding-bottom:0px;padding-top:0px;padding-left:0px;padding-right:0px;box-sizing:border-box\"><span style=\"font-size:18px;font-family:&quot;times new roman&quot;, times, serif\">Batteriekapazit\u00e4t: 26800 mAh\u00a0<br \/>Spitzenstrom: 4000A\u00a0<br \/>Auto-Starthilfe-Ausgang: 15 V\u00a0<br \/>Typ-C-Eingang: 15 W (5 V\/3 A)\u00a0<br \/>USB2-Ausgang: 5 V\/2,1 A, 15 V\/10 A\u00a0<br \/>Dieselmotorleistung: Bis zu 10 l\u00a0<br \/>LED-Lichtleistung: Wei\u00df: 1 W<\/span><\/p>\n<\/td>\n<\/tr>\n<tr>\n<td style=\"font-size:14px;text-align:left\" align=\"left\">\n<p style=\"line-height:inherit;margin:0px;margin-bottom:0px;margin-top:0px;margin-left:0px;margin-right:0px;padding:0px;padding-bottom:0px;padding-top:0px;padding-left:0px;padding-right:0px;box-sizing:border-box\"><span style=\"font-size:18px;font-family:&quot;times new roman&quot;, times, serif\"><strong>Gewicht &amp; Gr\u00f6\u00dfe<\/strong><\/span><\/p>\n<\/td>\n<td style=\"font-size:14px;text-align:left\" align=\"left\">\n<p style=\"line-height:inherit;margin:0px;margin-bottom:0px;margin-top:0px;margin-left:0px;margin-right:0px;padding:0px;padding-bottom:0px;padding-top:0px;padding-left:0px;padding-right:0px;box-sizing:border-box\"><span style=\"font-size:18px;font-family:&quot;times new roman&quot;, times, serif\">Produktgewicht: 0,82 kg<br \/>Paketgewicht: 1,77 kg<br \/>Verpackungsgr\u00f6\u00dfe (L x B x H): 23 x 10 x 3,8 cm<\/span><\/p>\n<\/td>\n<\/tr>\n<\/tbody>\n<\/table>\n<p style=\"font-family:&quot;Open Sans&quot;, Roboto, Arial, Helvetica, sans-serif, SimSun;font-size:14px;font-weight:400;letter-spacing:normal;line-height:inherit;text-align:start;white-space:normal;color:rgb(34, 34, 34);margin:0px;margin-bottom:0px;margin-top:0px;margin-left:0px;margin-right:0px;padding:0px;padding-bottom:0px;padding-top:0px;padding-left:0px;padding-right:0px;box-sizing:border-box\" align=\"start\"><\/p>\n<p style=\"font-family:&quot;Open Sans&quot;, Roboto, Arial, Helvetica, sans-serif, SimSun;font-size:14px;font-weight:400;letter-spacing:normal;line-height:inherit;text-align:start;white-space:normal;color:rgb(34, 34, 34);margin:0px;margin-bottom:0px;margin-top:0px;margin-left:0px;margin-right:0px;padding:0px;padding-bottom:0px;padding-top:0px;padding-left:0px;padding-right:0px;box-sizing:border-box\" align=\"start\"><span style=\"color:rgb(34, 34, 34);font-size:14px;font-family:&quot;Open Sans&quot;, Roboto, Arial, Helvetica, sans-serif, SimSun\"><strong><span style=\"font-size:24px\"><span style=\"font-family:&quot;times new roman&quot;, times, serif\">&gt;&gt;Produktbilder und Beschreibungen<\/span><\/span><\/strong><\/span><\/p>\n<p style=\"font-family:&quot;Open Sans&quot;, Roboto, Arial, Helvetica, sans-serif, SimSun;font-size:14px;font-weight:400;letter-spacing:normal;line-height:inherit;text-align:start;white-space:normal;color:rgb(34, 34, 34);margin:0px;margin-bottom:0px;margin-top:0px;margin-left:0px;margin-right:0px;padding:0px;padding-bottom:0px;padding-top:0px;padding-left:0px;padding-right:0px;box-sizing:border-box\" align=\"start\"><img decoding=\"async\" src=\"https:\/\/ae01.alicdn.com\/kf\/Sfb99134e9ee649d2b0e7c558f4350c541.jpg\" slate-data-type=\"image\"\/><img decoding=\"async\" src=\"https:\/\/ae01.alicdn.com\/kf\/Sa828ce264ee240258a8a7cec52c8ac27G.jpg\" slate-data-type=\"image\"\/><img decoding=\"async\" src=\"https:\/\/ae01.alicdn.com\/kf\/Sb2e55234127243f6aaa1298af270da5db.jpg\" slate-data-type=\"image\"\/><img decoding=\"async\" src=\"https:\/\/ae01.alicdn.com\/kf\/S765f40fc77f34b589624f0fe27bdc040K.jpg\" slate-data-type=\"image\"\/><img decoding=\"async\" src=\"https:\/\/ae01.alicdn.com\/kf\/S38ea6669a03a44f08778e7a916cf7bb27.jpg\" slate-data-type=\"image\"\/><img decoding=\"async\" src=\"https:\/\/ae01.alicdn.com\/kf\/Sc42b45c62ff84c9d8b378d6ed316c84du.jpg\" slate-data-type=\"image\"\/><img decoding=\"async\" src=\"https:\/\/ae01.alicdn.com\/kf\/Sa7399f155e6b43c7bf1f12957fe604a0W.jpg\" slate-data-type=\"image\"\/><img decoding=\"async\" src=\"https:\/\/ae01.alicdn.com\/kf\/S846e59da2fe54b699d23b2ae9371233bK.jpg\" slate-data-type=\"image\"\/><img decoding=\"async\" src=\"https:\/\/ae01.alicdn.com\/kf\/S8502ff02fc91400ba1349bf54f3de588n.jpg\" slate-data-type=\"image\"\/><img decoding=\"async\" src=\"https:\/\/ae01.alicdn.com\/kf\/Sd5c19b049aaa4292b5033820971674caZ.jpg\" slate-data-type=\"image\"\/><img decoding=\"async\" src=\"https:\/\/ae01.alicdn.com\/kf\/S95dac948900a42f39205def49d941e0dK.jpg\" slate-data-type=\"image\"\/><img decoding=\"async\" src=\"https:\/\/ae01.alicdn.com\/kf\/S2264e22029564c298da97ed2a5463ef3e.jpg\" slate-data-type=\"image\"\/><img decoding=\"async\" src=\"https:\/\/ae01.alicdn.com\/kf\/Seb0216eff383408892d7a33e38ca6744P.jpg\" slate-data-type=\"image\"\/><\/p>","protected":false},"excerpt":{"rendered":"<p>Battery Capacity(mAh):&nbsp;20000-30000 Brand:&nbsp;GOOLOO Type:&nbsp;Jump Starter Model:&nbsp;GP4000 PRO Battery Capacity:&nbsp;26800mAh Peak Current:&nbsp;4000A Car Jump Start Output:&nbsp;15V Type-C Input:&nbsp;15W(5V\/3A) LED Light Power:&nbsp;White: 1W Features 01:&nbsp;4000A Powerful Car Jump Starter Features 02:&nbsp;High Capacity<\/p>","protected":false},"featured_media":21730,"comment_status":"open","ping_status":"closed","template":"","meta":{"_acf_changed":false},"product_brand":[],"product_cat":[527],"product_tag":[],"class_list":{"0":"post-21729","1":"product","2":"type-product","3":"status-publish","4":"has-post-thumbnail","6":"product_cat-jump-starter-compressor-power-banks","8":"first","9":"instock","10":"shipping-taxable","11":"purchasable","12":"product-type-simple"},"acf":[],"_links":{"self":[{"href":"https:\/\/electricstore.eu\/de\/wp-json\/wp\/v2\/product\/21729","targetHints":{"allow":["GET"]}}],"collection":[{"href":"https:\/\/electricstore.eu\/de\/wp-json\/wp\/v2\/product"}],"about":[{"href":"https:\/\/electricstore.eu\/de\/wp-json\/wp\/v2\/types\/product"}],"replies":[{"embeddable":true,"href":"https:\/\/electricstore.eu\/de\/wp-json\/wp\/v2\/comments?post=21729"}],"wp:featuredmedia":[{"embeddable":true,"href":"https:\/\/electricstore.eu\/de\/wp-json\/wp\/v2\/media\/21730"}],"wp:attachment":[{"href":"https:\/\/electricstore.eu\/de\/wp-json\/wp\/v2\/media?parent=21729"}],"wp:term":[{"taxonomy":"product_brand","embeddable":true,"href":"https:\/\/electricstore.eu\/de\/wp-json\/wp\/v2\/product_brand?post=21729"},{"taxonomy":"product_cat","embeddable":true,"href":"https:\/\/electricstore.eu\/de\/wp-json\/wp\/v2\/product_cat?post=21729"},{"taxonomy":"product_tag","embeddable":true,"href":"https:\/\/electricstore.eu\/de\/wp-json\/wp\/v2\/product_tag?post=21729"}],"curies":[{"name":"wp","href":"https:\/\/api.w.org\/{rel}","templated":true}]}}