{"id":21717,"date":"2025-05-20T18:21:28","date_gmt":"2025-05-20T18:21:28","guid":{"rendered":"https:\/\/electricstore.eu\/p\/uncategorized\/lanpwr-ufox-plus-50e-solar-power-station-5000w-5120wh-solar-generator-lifepo4-battery-off-grid-inverter-expandable-app-control\/"},"modified":"2025-05-20T18:21:29","modified_gmt":"2025-05-20T18:21:29","slug":"lanpwr-ufox-plus-50e-solar-power-station-5000w-5120wh-solar-generator-lifepo4-battery-off-grid-inverter-expandable-app-control","status":"publish","type":"product","link":"https:\/\/electricstore.eu\/de\/p\/batteries\/portable-power-stations\/lanpwr-ufox-plus-50e-solar-power-station-5000w-5120wh-solar-generator-lifepo4-battery-off-grid-inverter-expandable-app-control\/","title":{"rendered":"LANPWR UFox Plus 50E Solarkraftwerk 5000W 5120Wh Solargenerator LiFePO4-Batterie Inselbetriebener Wechselrichter Erweiterbar &amp; App-Steuerung"},"content":{"rendered":"<div class=\"product-specs-list-container\">\n<ul class=\"product-specs-list util-clearfix\">\n<li class=\"product-prop line-limit-length\"><span\n                                        class=\"property-title\">Nennkapazit\u00e4t:&nbsp;<\/span><span\n                                        class=\"property-desc line-limit-length\">5120 Wh<\/span>\n                            <\/li>\n<li class=\"product-prop line-limit-length\"><span\n                                        class=\"property-title\">Modellnummer:&nbsp;<\/span><span\n                                        class=\"property-desc line-limit-length\">UFOX-PLUS-50E<\/span>\n                            <\/li>\n<li class=\"product-prop line-limit-length\"><span\n                                        class=\"property-title\">Typ:&nbsp;<\/span><span\n                                        class=\"property-desc line-limit-length\">LiFePO4<\/span>\n                            <\/li>\n<li class=\"product-prop line-limit-length\"><span\n                                        class=\"property-title\">Set-Typ:&nbsp;<\/span><span\n                                        class=\"property-desc line-limit-length\">Ladeger\u00e4te-Sets<\/span>\n                            <\/li>\n<li class=\"product-prop line-limit-length\"><span\n                                        class=\"property-title\">Marke:&nbsp;<\/span><span\n                                        class=\"property-desc line-limit-length\">LANPWR<\/span>\n                            <\/li>\n<li class=\"product-prop line-limit-length\"><span\n                                        class=\"property-title\">Typ:&nbsp;<\/span><span\n                                        class=\"property-desc line-limit-length\">Li-Ionen (LFP \/LiFePO4)<\/span>\n                            <\/li>\n<li class=\"product-prop line-limit-length\"><span\n                                        class=\"property-title\">Modell:&nbsp;<\/span><span\n                                        class=\"property-desc line-limit-length\">UFOX-PLUS-50E<\/span>\n                            <\/li>\n<li class=\"product-prop line-limit-length\"><span\n                                        class=\"property-title\">Kapazit\u00e4t:&nbsp;<\/span><span\n                                        class=\"property-desc line-limit-length\">5,12 kWh<\/span>\n                            <\/li>\n<li class=\"product-prop line-limit-length\"><span\n                                        class=\"property-title\">Nennleistung:&nbsp;<\/span><span\n                                        class=\"property-desc line-limit-length\">5000W<\/span>\n                            <\/li>\n<li class=\"product-prop line-limit-length\"><span\n                                        class=\"property-title\">Surge powe:&nbsp;<\/span><span\n                                        class=\"property-desc line-limit-length\">Surge power<\/span>\n                            <\/li>\n<li class=\"product-prop line-limit-length\"><span\n                                        class=\"property-title\">10000W, 5s:&nbsp;<\/span><span\n                                        class=\"property-desc line-limit-length\">Max. output current<\/span>\n                            <\/li>\n<\/ul><\/div>\n<p><\/p>\n<p style=\"font-family:&quot;Noto Sans SC&quot;;font-size:medium;font-weight:400;letter-spacing:normal;text-align:start;white-space:normal;color:rgb(0, 0, 0)\" align=\"start\"><span style=\"font-size:x-large\">Highlights<\/span><\/p>\n<p><\/p>\n<h3 style=\"font-family:&quot;Noto Sans SC&quot;;letter-spacing:normal;text-align:start;white-space:normal;color:rgb(0, 0, 0)\" align=\"start\">4-in-1-Schnellladung und 5000 W Leistung<\/h3>\n<p style=\"font-family:&quot;Noto Sans SC&quot;;font-size:medium;font-weight:400;letter-spacing:normal;text-align:start;white-space:normal;color:rgb(0, 0, 0)\" align=\"start\">Kombiniert 4500 W Solar + 3000 W Lichtmaschine\/Generator\/Landstrom f\u00fcr ultraschnelles Aufladen in 1,5\u20133 Stunden. Versorgt Hochleistungsger\u00e4te (bis zu 5000 W) mit reinem Sinuswellenausgang.<\/p>\n<h3 style=\"font-family:&quot;Noto Sans SC&quot;;letter-spacing:normal;text-align:start;white-space:normal;color:rgb(0, 0, 0)\" align=\"start\">Langlebige LiFePO4-Batterie<\/h3>\n<p style=\"font-family:&quot;Noto Sans SC&quot;;font-size:medium;font-weight:400;letter-spacing:normal;text-align:start;white-space:normal;color:rgb(0, 0, 0)\" align=\"start\">Der 5120-Wh-LiFePO4-Akku h\u00e4lt viele Jahre (\u00fcber 5000 Zyklen) und bleibt auch unter extremen Bedingungen f\u00fcr netzunabh\u00e4ngige H\u00e4user oder Wohnmobile stabil.<\/p>\n<h3 style=\"font-family:&quot;Noto Sans SC&quot;;letter-spacing:normal;text-align:start;white-space:normal;color:rgb(0, 0, 0)\" align=\"start\">Solarbereit und Energieeinsparungen<\/h3>\n<p style=\"font-family:&quot;Noto Sans SC&quot;;font-size:medium;font-weight:400;letter-spacing:normal;text-align:start;white-space:normal;color:rgb(0, 0, 0)\" align=\"start\">Integrierter MPPT maximiert die 4500 W Solarleistung und senkt so die Stromrechnung um 80%. Speichert Netzstrom au\u00dferhalb der Spitzenzeiten f\u00fcr Einsparungen am Tag.<\/p>\n<h3 style=\"font-family:&quot;Noto Sans SC&quot;;letter-spacing:normal;text-align:start;white-space:normal;color:rgb(0, 0, 0)\" align=\"start\">All-in-One-USV und intelligente Steuerung<\/h3>\n<p style=\"font-family:&quot;Noto Sans SC&quot;;font-size:medium;font-weight:400;letter-spacing:normal;text-align:start;white-space:normal;color:rgb(0, 0, 0)\" align=\"start\">Sofortige Notstromversorgung (Umschaltzeit &lt;10 ms) bei Ausf\u00e4llen. Fern\u00fcberwachung und -steuerung \u00fcber die Wi-Fi\/4G-App.<\/p>\n<h3 style=\"font-family:&quot;Noto Sans SC&quot;;letter-spacing:normal;text-align:start;white-space:normal;color:rgb(0, 0, 0)\" align=\"start\">Industriequalit\u00e4t und tragbar<\/h3>\n<p style=\"font-family:&quot;Noto Sans SC&quot;;font-size:medium;font-weight:400;letter-spacing:normal;text-align:start;white-space:normal;color:rgb(0, 0, 0)\" align=\"start\">Kompaktes Design mit Schutzart IP65 f\u00fcr raue Umgebungen. Plug-and-Play-Einrichtung f\u00fcr Zuhause, Wohnmobile oder Notf\u00e4lle.<\/p>\n<p><\/p>\n<h2 style=\"font-family:&quot;Noto Sans SC&quot;;font-size:14px;letter-spacing:normal;text-align:start;white-space:normal;color:rgb(0, 0, 0);margin:10px 0px;margin-bottom:10px;margin-top:10px;margin-left:0px;margin-right:0px;padding:0px;padding-bottom:0px;padding-top:0px;padding-left:0px;padding-right:0px\" align=\"start\">Spezifikation<\/h2>\n<p><\/p>\n<table style=\"border-collapse:collapse;font-family:&quot;Noto Sans SC&quot;;width:1000px\" class=\"jbEidtTable\" border=\"1\" cellpadding=\"5\" cellspacing=\"0\">\n<tbody>\n<tr>\n<td style=\"text-align:left;height:120.868px\" align=\"left\">\n<p><strong>Allgemein<\/strong><\/p>\n<\/td>\n<td style=\"text-align:left;height:120.868px\" align=\"left\">\n<p>Marke: LANPWR<br \/>Typ: Li-Ionen (LFP \/LiFePO4)<br \/>Modell: UFOX-PLUS-35E<br \/>Farbe: Wei\u00df<\/p>\n<\/td>\n<\/tr>\n<tr>\n<td style=\"text-align:left;height:244.444px\" align=\"left\">\n<p><strong>Spezifikation<\/strong><\/p>\n<\/td>\n<td style=\"text-align:left;height:244.444px\" align=\"left\">\n<p>Spezifikation<br \/>Nennspannung: 51,2 V<br \/>Kapazit\u00e4t: 5,12 kWh<br \/>Nennleistung: 3500W<br \/>Spitzenleistung: 7000 W, 5 s<br \/>Nennausgangsspannung: 220\/230\/240 V<br \/>Max. Ausgangsstrom: 16A<br \/>Max. PV-Leistung (empfohlen): 4500 W<br \/>Max. PV-Spannung: 450 V<br \/>MPPT-Spannungsbereich: 120~430V<br \/>Max. PV-Ladestrom (Batterie): 80 A<\/p>\n<\/td>\n<\/tr>\n<tr>\n<td style=\"text-align:left;height:88.8889px\" align=\"left\">\n<p><strong>Gewicht &amp; Gr\u00f6\u00dfe<\/strong><\/p>\n<\/td>\n<td style=\"text-align:left;height:88.8889px\" align=\"left\">\n<p>Produktgewicht: 67,2 kg<br \/>Paketgewicht: 70kg<br \/>Produktgr\u00f6\u00dfe (L x B x H): 585 x 611 x 230 mm<br \/>Verpackungsgr\u00f6\u00dfe (L x B x H): 655 x 645 x 362 mm<\/p>\n<\/td>\n<\/tr>\n<tr>\n<td style=\"text-align:left;height:209.757px\" align=\"left\">\n<p><strong>Packungsinhalt<\/strong><\/p>\n<\/td>\n<td style=\"text-align:left;height:209.757px\" align=\"left\">\n<p>1 x Solarkraftwerk<br \/>1 x WiFi-Modulantenne<br \/>3 x Rohrverbinder rot<br \/>3 x Rohrverbinder schwarz<br \/>2 x Rohrverbinder gelb<br \/>1 x Benutzerhandbuch<br \/>1 x Qualifiziertes Zertifikat<br \/>1 x APP-Bedienungsanleitung<br \/>1 x Packliste<\/p>\n<\/td>\n<\/tr>\n<\/tbody>\n<\/table>\n<p><img decoding=\"async\" src=\"https:\/\/ae01.alicdn.com\/kf\/Sb1c378e788b04161817bb4f54630798dx.jpeg\" slate-data-type=\"image\"\/><img decoding=\"async\" src=\"https:\/\/ae01.alicdn.com\/kf\/Sed203d359d7d4804843144bcc45ac107s.jpeg\" slate-data-type=\"image\"\/><img decoding=\"async\" src=\"https:\/\/ae01.alicdn.com\/kf\/Sada0bffd785f4b4e9d33efb3c269d126A.jpeg\" slate-data-type=\"image\"\/><img decoding=\"async\" src=\"https:\/\/ae01.alicdn.com\/kf\/Sdd522bf880534d529a1acc5640b3276cv.jpeg\" slate-data-type=\"image\"\/><img decoding=\"async\" src=\"https:\/\/ae01.alicdn.com\/kf\/Scabbec8dc7394659aa6c105f42aa82caJ.jpeg\" slate-data-type=\"image\"\/><img decoding=\"async\" src=\"https:\/\/ae01.alicdn.com\/kf\/S57b59c48c3a54306aeead92575f0b5ade.jpeg\" slate-data-type=\"image\"\/><img decoding=\"async\" src=\"https:\/\/ae01.alicdn.com\/kf\/S4b84e03c395e416c8fff4e1e77766096i.jpeg\" slate-data-type=\"image\"\/><img decoding=\"async\" src=\"https:\/\/ae01.alicdn.com\/kf\/Sca61d7a440e34046b695cd61c723662as.jpeg\" slate-data-type=\"image\"\/><img decoding=\"async\" src=\"https:\/\/ae01.alicdn.com\/kf\/S30e49d2e1adb4a2e9f1fec66feba65dfT.jpeg\" slate-data-type=\"image\"\/><img decoding=\"async\" src=\"https:\/\/ae01.alicdn.com\/kf\/S7782a7bf3fcd49f9bca1a8223b4cc952T.jpeg\" slate-data-type=\"image\"\/><img decoding=\"async\" src=\"https:\/\/ae01.alicdn.com\/kf\/S10953597b45f4309960b07cd984e15c5W.jpeg\" slate-data-type=\"image\"\/><img decoding=\"async\" src=\"https:\/\/ae01.alicdn.com\/kf\/S0622d0352064421dacdcc980e05fde80H.jpeg\" slate-data-type=\"image\"\/><img decoding=\"async\" src=\"https:\/\/ae01.alicdn.com\/kf\/S154cc3f7e1694152af0a0b47d012fe34J.jpeg\" slate-data-type=\"image\"\/><\/p>","protected":false},"excerpt":{"rendered":"<p>Nominal Capacity:&nbsp;5120Wh Model Number:&nbsp;UFOX-PLUS-50E Type:&nbsp;LiFePO4 Set Type:&nbsp;Charger Sets Brand:&nbsp;LANPWR Type:&nbsp;Li-ions(LFP \/LiFePO4) Model:&nbsp;UFOX-PLUS-50E Capacity:&nbsp;5.12kWh Rated power:&nbsp;5000W Surge powe:&nbsp;Surge power 10000W, 5s:&nbsp;Max. output current Highlights 4-in-1 Fast Charging &amp; 5000W Output Combines<\/p>","protected":false},"featured_media":21719,"comment_status":"open","ping_status":"closed","template":"","meta":{"_acf_changed":false},"product_brand":[],"product_cat":[515],"product_tag":[],"class_list":{"0":"post-21717","1":"product","2":"type-product","3":"status-publish","4":"has-post-thumbnail","6":"product_cat-portable-power-stations","8":"first","9":"instock","10":"shipping-taxable","11":"purchasable","12":"product-type-simple"},"acf":[],"_links":{"self":[{"href":"https:\/\/electricstore.eu\/de\/wp-json\/wp\/v2\/product\/21717","targetHints":{"allow":["GET"]}}],"collection":[{"href":"https:\/\/electricstore.eu\/de\/wp-json\/wp\/v2\/product"}],"about":[{"href":"https:\/\/electricstore.eu\/de\/wp-json\/wp\/v2\/types\/product"}],"replies":[{"embeddable":true,"href":"https:\/\/electricstore.eu\/de\/wp-json\/wp\/v2\/comments?post=21717"}],"wp:featuredmedia":[{"embeddable":true,"href":"https:\/\/electricstore.eu\/de\/wp-json\/wp\/v2\/media\/21719"}],"wp:attachment":[{"href":"https:\/\/electricstore.eu\/de\/wp-json\/wp\/v2\/media?parent=21717"}],"wp:term":[{"taxonomy":"product_brand","embeddable":true,"href":"https:\/\/electricstore.eu\/de\/wp-json\/wp\/v2\/product_brand?post=21717"},{"taxonomy":"product_cat","embeddable":true,"href":"https:\/\/electricstore.eu\/de\/wp-json\/wp\/v2\/product_cat?post=21717"},{"taxonomy":"product_tag","embeddable":true,"href":"https:\/\/electricstore.eu\/de\/wp-json\/wp\/v2\/product_tag?post=21717"}],"curies":[{"name":"wp","href":"https:\/\/api.w.org\/{rel}","templated":true}]}}