{"id":21596,"date":"2025-05-20T18:20:13","date_gmt":"2025-05-20T18:20:13","guid":{"rendered":"https:\/\/electricstore.eu\/p\/uncategorized\/eleglide-m1-plus-adult-bikes-250w-motor-electric-bikes-13ah-100km-range-app-control-electric-bicycles-cheap-electric-bike\/"},"modified":"2025-05-20T18:20:18","modified_gmt":"2025-05-20T18:20:18","slug":"eleglide-m1-plus-adult-bikes-250w-motor-electric-bikes-13ah-100km-range-app-control-electric-bicycles-cheap-electric-bike","status":"publish","type":"product","link":"https:\/\/electricstore.eu\/de\/p\/bikes\/eleglide-m1-plus-adult-bikes-250w-motor-electric-bikes-13ah-100km-range-app-control-electric-bicycles-cheap-electric-bike\/","title":{"rendered":"Eleglide M1 Plus Fahrr\u00e4der f\u00fcr Erwachsene 250W Motor Elektrofahrr\u00e4der 13AH 100km Reichweite App-Steuerung Elektrofahrr\u00e4der G\u00fcnstiges Elektrofahrrad"},"content":{"rendered":"<div class=\"product-specs-list-container\">\n<ul class=\"product-specs-list util-clearfix\">\n<li class=\"product-prop line-limit-length\"><span\n                                        class=\"property-title\">Marke:&nbsp;<\/span><span\n                                        class=\"property-desc line-limit-length\">Eleglide<\/span>\n                            <\/li>\n<li class=\"product-prop line-limit-length\"><span\n                                        class=\"property-title\">Modell:&nbsp;<\/span><span\n                                        class=\"property-desc line-limit-length\">M1 Plus<\/span>\n                            <\/li>\n<li class=\"product-prop line-limit-length\"><span\n                                        class=\"property-title\">Nettogewicht:&nbsp;<\/span><span\n                                        class=\"property-desc line-limit-length\">21,7 kg<\/span>\n                            <\/li>\n<li class=\"product-prop line-limit-length\"><span\n                                        class=\"property-title\">Max. Zuladung des Fahrrads:&nbsp;<\/span><span\n                                        class=\"property-desc line-limit-length\">1790 x 680 x 1041 mm<\/span>\n                            <\/li>\n<li class=\"product-prop line-limit-length\"><span\n                                        class=\"property-title\">Rahmengr\u00f6\u00dfe:&nbsp;<\/span><span\n                                        class=\"property-desc line-limit-length\">27,5&quot;\/29&quot;<\/span>\n                            <\/li>\n<li class=\"product-prop line-limit-length\"><span\n                                        class=\"property-title\">Maximale Belastung des Fahrrads:&nbsp;<\/span><span\n                                        class=\"property-desc line-limit-length\">100 kg<\/span>\n                            <\/li>\n<li class=\"product-prop line-limit-length\"><span\n                                        class=\"property-title\">Gehmodus:&nbsp;<\/span><span\n                                        class=\"property-desc line-limit-length\">6 km\/h<\/span>\n                            <\/li>\n<li class=\"product-prop line-limit-length\"><span\n                                        class=\"property-title\">Wasserdichtigkeit:&nbsp;<\/span><span\n                                        class=\"property-desc line-limit-length\">IPX4<\/span>\n                            <\/li>\n<li class=\"product-prop line-limit-length\"><span\n                                        class=\"property-title\">Funktionen 01:&nbsp;<\/span><span\n                                        class=\"property-desc line-limit-length\">Elektrofahrrad<\/span>\n                            <\/li>\n<li class=\"product-prop line-limit-length\"><span\n                                        class=\"property-title\">Funktionen 02:&nbsp;<\/span><span\n                                        class=\"property-desc line-limit-length\">Elektrofahrr\u00e4der<\/span>\n                            <\/li>\n<li class=\"product-prop line-limit-length\"><span\n                                        class=\"property-title\">Funktionen 03:&nbsp;<\/span><span\n                                        class=\"property-desc line-limit-length\">Elektrofahrrad-Angebot<\/span>\n                            <\/li>\n<li class=\"product-prop line-limit-length\"><span\n                                        class=\"property-title\">Funktionen 04:&nbsp;<\/span><span\n                                        class=\"property-desc line-limit-length\">Elektrofahrr\u00e4der f\u00fcr Erwachsene<\/span>\n                            <\/li>\n<li class=\"product-prop line-limit-length\"><span\n                                        class=\"property-title\">Funktionen 05:&nbsp;<\/span><span\n                                        class=\"property-desc line-limit-length\">Faltrad<\/span>\n                            <\/li>\n<li class=\"product-prop line-limit-length\"><span\n                                        class=\"property-title\">Funktionen 06:&nbsp;<\/span><span\n                                        class=\"property-desc line-limit-length\">Elektrofahrr\u00e4der f\u00fcr Erwachsene<\/span>\n                            <\/li>\n<li class=\"product-prop line-limit-length\"><span\n                                        class=\"property-title\">Material:&nbsp;<\/span><span\n                                        class=\"property-desc line-limit-length\">Aluminiumlegierung<\/span>\n                            <\/li>\n<li class=\"product-prop line-limit-length\"><span\n                                        class=\"property-title\">Funktionen 08:&nbsp;<\/span><span\n                                        class=\"property-desc line-limit-length\">Elektrisches E-Bike<\/span>\n                            <\/li>\n<li class=\"product-prop line-limit-length\"><span\n                                        class=\"property-title\">Funktionen 09:&nbsp;<\/span><span\n                                        class=\"property-desc line-limit-length\">G\u00fcnstige Fahrr\u00e4der<\/span>\n                            <\/li>\n<\/ul><\/div>\n<p><\/p>\n<p style=\"font-family:&quot;Microsoft YaHei&quot;;font-size:medium;font-weight:400;letter-spacing:normal;text-align:start;white-space:normal;color:rgb(0, 0, 0)\" align=\"start\"><span style=\"font-size:x-large\">Highlights<\/span><\/p>\n<p><\/p>\n<p style=\"font-family:&quot;Microsoft YaHei&quot;;font-size:medium;font-weight:400;letter-spacing:normal;text-align:start;white-space:normal;color:rgb(0, 0, 0)\" align=\"start\"><strong>Leistungsstarker Motor und gro\u00dfer Akku<br \/><\/strong>Das Eleglide M1 Plus ist mit einem leistungsstarken 250-W-Brushless-Motor ausgestattet, der ein Drehmoment von 45 Nm liefert und eine H\u00f6chstgeschwindigkeit von 25 km\/h erm\u00f6glicht. Dank des austauschbaren 12,5-Ah-Lithium-Ionen-Akkus sind im Unterst\u00fctzungsmodus Reichweiten von bis zu 100 km m\u00f6glich \u2013 ideal f\u00fcr lange Touren.<br \/><strong>27,5&quot;\/29&quot; CST-Reifen<br \/><\/strong>Das verbesserte M1 Plus ist mit gr\u00f6\u00dferen 27,5-Zoll-\/29-Zoll-CST-Luftreifen ausgestattet, die sich an verschiedene Stra\u00dfenoberfl\u00e4chen anpassen und Hindernisse im Gel\u00e4nde m\u00fchelos und stabil bew\u00e4ltigen. Dar\u00fcber hinaus reduziert das Stollenprofil der Reifen die St\u00f6\u00dfe durch Unebenheiten der Stra\u00dfe deutlich und sorgt so f\u00fcr noch mehr Fahrspa\u00df.<br \/><strong>21-Gang-Shimano-Schaltung<br \/><\/strong>Das E-Bike ist mit professionellen Shimano-Schaltwerken ausgestattet. Der Umwerfer vorne verf\u00fcgt \u00fcber 3 G\u00e4nge, der Umwerfer hinten \u00fcber 7. Dank dieser Schaltwerke genie\u00dfen Sie eine schnellere und komfortablere Fahrt.<br \/><strong>Hydraulische Federung mit Sperre<br \/><\/strong>Das neue Eleglide M1 Plus wurde mit einer hydraulischen D\u00e4mpfungskonstruktion und einer Federungssperre ausgestattet, was f\u00fcr ein komfortableres Fahrerlebnis sorgt.<br \/><strong>3 Fahrmodi &amp; 5 Geschwindigkeitsstufen<br \/><\/strong>W\u00e4hrend der Fahrt mit der Eleglide M1 Plus k\u00f6nnen Sie zwischen Elektro-, Unterst\u00fctzungs- und manuellem Modus w\u00e4hlen. Au\u00dferdem stehen Ihnen f\u00fcnf Unterst\u00fctzungs-\/Elektromodus-Stufen zur Verf\u00fcgung, darunter Geschwindigkeiten von 12, 16, 20, 23 und 25 km\/h.<br \/><strong>SmartLCD und App-Steuerung<br \/><\/strong>Das M1 Plus verf\u00fcgt \u00fcber ein intelligentes LCD-Display, das Sie mit allen wichtigen Details wie Geschwindigkeit, Fahrstrecke und Akkustand in Echtzeit informiert. Sie k\u00f6nnen Unterst\u00fctzungsstufen wechseln, die Bildschirmabschaltung einstellen, den Schiebemodus aktivieren und vieles mehr \u2013 alles direkt \u00fcber das Display. Zus\u00e4tzlich l\u00e4sst sich Ihr E-Bike bequem per Smartphone mit der Eleglide-App steuern. Die App erm\u00f6glicht Ihnen die Aktivierung weiterer Funktionen, wie das Sperren des E-Bikes, das Festlegen eines Passworts und das Anpassen der Bildschirmabschaltung. So wird Ihre Fahrt komfortabler und angenehmer.<\/p>\n<p><\/p>\n<h2 style=\"font-family:&quot;Microsoft YaHei&quot;;font-size:14px;letter-spacing:normal;text-align:start;white-space:normal;color:rgb(0, 0, 0);margin:10px 0px;margin-bottom:10px;margin-top:10px;margin-left:0px;margin-right:0px;padding:0px;padding-bottom:0px;padding-top:0px;padding-left:0px;padding-right:0px\" align=\"start\">Spezifikation<\/h2>\n<p><\/p>\n<table style=\"border-collapse:collapse;font-family:&quot;Microsoft YaHei&quot;\" border=\"1\" cellpadding=\"8\">\n<tbody>\n<tr>\n<td style=\"width:102px\" width=\"102\">\n<p>Allgemein<\/p>\n<\/td>\n<td style=\"width:454px\" width=\"454\">\n<p>Marke: Eleglide<br \/>Modell: M1 Plus (27,5&quot;)<br \/>Farbe: Schwarz<\/p>\n<\/td>\n<\/tr>\n<tr>\n<td style=\"width:102px\" width=\"102\">\n<p>Grundlegende Spezifikation<\/p>\n<\/td>\n<td style=\"width:454px\" width=\"454\">\n<p>Nettogewicht: 21,7 kg<br \/>Ausgeklappte Gr\u00f6\u00dfe: 1790 x 680 x 1041 mm<br \/>Rahmengr\u00f6\u00dfe: 27,5&quot;\/29&quot; x 18&quot;<br \/>Lenkerl\u00e4nge: 680 mm (26,8 Zoll)<br \/>Sattelh\u00f6he (vom Boden): 33,5&quot;-41,3&quot;<br \/>Empfohlene K\u00f6rpergr\u00f6\u00dfe des Fahrers: 160-195 cm (ca. 5&#039; 3&quot;-6&#039; 4,8&quot;)<br \/>Maximale Belastung des Fahrrads: 100 kg<br \/>Abschaltgeschwindigkeit: 25 km\/h (einstellbar auf 32 km\/h)<br \/>Maximale Reichweite: 100 km (Assistenzmodus)<br \/>Tretunterst\u00fctzungsstufen: 12\/16\/20\/23\/25 km\/h<br \/>Gehmodus: 6 km\/h<br \/>Wasserdichtigkeit: IPX4<br \/>Material: Aluminiumlegierung<br \/>Bremssystem: Scheibenbremsen vorne und hinten + Bremsfunktion bei ausgeschaltetem Motor<\/p>\n<\/td>\n<\/tr>\n<tr>\n<td style=\"width:102px\" width=\"102\">\n<p>Motor<\/p>\n<\/td>\n<td style=\"width:454px\" width=\"454\">\n<p>Nennleistung und -spannung: 250 W, 36 V<br \/>Maximale Momentanleistung: 500 W<br \/>Maximale Drehzahl: 210<br \/>Max. Ausgangsdrehmoment: 45 N.M<\/p>\n<\/td>\n<\/tr>\n<tr>\n<td style=\"width:102px\" width=\"102\">\n<p>Umwerfer<\/p>\n<\/td>\n<td style=\"width:454px\" width=\"454\">\n<p>Marke: Shimano<br \/>Anzahl der G\u00e4nge: 3 (vorne), 7 (hinten)<\/p>\n<\/td>\n<\/tr>\n<tr>\n<td style=\"width:102px\" width=\"102\">\n<p>Batterie<\/p>\n<\/td>\n<td style=\"width:454px\" width=\"454\">\n<p>Kapazit\u00e4t: 12,5 Ah<br \/>Spannung: 36V<br \/>Ladezeit: 7 Stunden<br \/>Leistungskapazit\u00e4t: 450 Wh<br \/>Schutzsystem: Ja<\/p>\n<\/td>\n<\/tr>\n<tr>\n<td style=\"width:102px\" width=\"102\">\n<p>Ladeger\u00e4t<\/p>\n<\/td>\n<td style=\"width:454px\" width=\"454\">\n<p>Eingang: 100\u2013240 V, 2 A<br \/>Ausgang: 42 V, 2 A<\/p>\n<\/td>\n<\/tr>\n<tr>\n<td style=\"width:102px\" width=\"102\">\n<p>Reifen<\/p>\n<\/td>\n<td style=\"width:454px\" width=\"454\">\n<p>Marke: CST<br \/>Gr\u00f6\u00dfe: 27,5&quot; x 2,1&quot;<br \/>Typ: Pneumatische Gummireifen<br \/>Reifendruck: 45-65 PSI<br \/>Bester Reifendruck: 50 PSI (vorne), 55 PSI (hinten)<\/p>\n<\/td>\n<\/tr>\n<tr>\n<td style=\"width:102px\" width=\"102\">\n<p>Anzeige<\/p>\n<\/td>\n<td style=\"width:454px\" width=\"454\">\n<p>Gr\u00f6\u00dfe: 1,75&quot;<br \/>Typ: LCD<br \/>Informationen: Geschwindigkeit, Akkustand, Tageskilometerz\u00e4hler, Unterst\u00fctzungsstufe, Schiebemodus, Lichtmarkierung, Fehlercode, Brems-\/St\u00f6rungsmarkierung<br \/>Funktionen: Ein-\/Ausschalten, Licht ein-\/ausschalten, Unterst\u00fctzungsstufen schalten, Push-Modus aktivieren, Kilometerz\u00e4hlerdaten l\u00f6schen, Bildschirm-Timeout einstellen usw.<\/p>\n<\/td>\n<\/tr>\n<tr>\n<td style=\"width:102px\" width=\"102\">\n<p>App<\/p>\n<\/td>\n<td style=\"width:454px\" width=\"454\">\n<p>Name: Eleglide<br \/>Systemunterst\u00fctzung: iOS (11.0+), Android (5.0+)<br \/>Funktionen: Licht ein-\/ausschalten, Unterst\u00fctzungsstufen wechseln, Fahrrad sperren\/entsperren, Passwort festlegen, Bildschirmhelligkeit anpassen usw.<\/p>\n<\/td>\n<\/tr>\n<tr>\n<td style=\"width:102px\" width=\"102\">\n<p>Paket<\/p>\n<\/td>\n<td style=\"width:454px\" width=\"454\">\n<p>Gr\u00f6\u00dfe: 1480 x 220 x 770 mm<br \/>Bruttogewicht: 27 kg<\/p>\n<\/td>\n<\/tr>\n<tr>\n<td style=\"width:102px\" width=\"102\">\n<p>Paketliste<\/p>\n<\/td>\n<td style=\"width:454px\" width=\"454\">\n<p>1 x Eleglide Fahrrad, 1 x Benutzerhandbuch<br \/>1 x Ladeger\u00e4t, 2 x Pedale<br \/>1 x R\u00fcckstrahler, 4 x Speichenreflektoren<br \/>1 x LCD-Display, 2 x Tasten<br \/>1 x Werkzeugsatz, 1 x Gashebelsatz<\/p>\n<\/td>\n<\/tr>\n<tr>\n<td style=\"width:556px\" width=\"556\" colspan=\"2\">\n<p>Hinweis: Die maximale Reichweite wird unter folgenden Bedingungen erreicht: 75 kg Last, 26 \u00b0C Temperatur, 15 km\/h konstante Geschwindigkeit, auf ebenen Stra\u00dfen ohne starken Wind.<\/p>\n<\/td>\n<\/tr>\n<\/tbody>\n<\/table>\n<p><img decoding=\"async\" src=\"https:\/\/ae01.alicdn.com\/kf\/Sac0bfdff325945939c57588c426418188.jpeg\" slate-data-type=\"image\"\/><img decoding=\"async\" src=\"https:\/\/ae01.alicdn.com\/kf\/Sc9cdbd8ee5874b28b0c1844b60e60a00T.jpeg\" slate-data-type=\"image\"\/><img decoding=\"async\" src=\"https:\/\/ae01.alicdn.com\/kf\/S071ddc459d02406a83f5f5ec2ae198ca5.jpeg\" slate-data-type=\"image\"\/><img decoding=\"async\" src=\"https:\/\/ae01.alicdn.com\/kf\/S80dcff1728f54ec187b138bfa5abde9do.jpeg\" slate-data-type=\"image\"\/><img decoding=\"async\" src=\"https:\/\/ae01.alicdn.com\/kf\/S8ca7e861e8494bd8823febb4c52d1200a.jpeg\" slate-data-type=\"image\"\/><img decoding=\"async\" src=\"https:\/\/ae01.alicdn.com\/kf\/Sf95a79c18d5b4a1fb532eb5783407ed4z.jpeg\" slate-data-type=\"image\"\/><img decoding=\"async\" src=\"https:\/\/ae01.alicdn.com\/kf\/Sca407e8bd8314675b9b371ef8edbb823H.jpeg\" slate-data-type=\"image\"\/><img decoding=\"async\" src=\"https:\/\/ae01.alicdn.com\/kf\/S90b863fb99c34b6ab9e3e4ddf97e3450v.jpeg\" slate-data-type=\"image\"\/><img decoding=\"async\" src=\"https:\/\/ae01.alicdn.com\/kf\/Se833949820214331919e9fc5b4a42a3fl.jpeg\" slate-data-type=\"image\"\/><img decoding=\"async\" src=\"https:\/\/ae01.alicdn.com\/kf\/S979251df0f4c405c9e7b03d4fae6b516v.jpeg\" slate-data-type=\"image\"\/><img decoding=\"async\" src=\"https:\/\/ae01.alicdn.com\/kf\/Sd27b1ff2cbfb44e7b8309b4bfdcab174E.jpeg\" slate-data-type=\"image\"\/><img decoding=\"async\" src=\"https:\/\/ae01.alicdn.com\/kf\/S73ef3b1ada2c43c39c525e7e71f89367A.jpeg\" slate-data-type=\"image\"\/><img decoding=\"async\" src=\"https:\/\/ae01.alicdn.com\/kf\/S5cdbcaa253284456bc6c72c76ac180bbB.jpeg\" slate-data-type=\"image\"\/><img decoding=\"async\" src=\"https:\/\/ae01.alicdn.com\/kf\/S54d93284c50042b5992ab8d218488629P.jpeg\" slate-data-type=\"image\"\/><\/p>","protected":false},"excerpt":{"rendered":"<p>Brand:&nbsp;Eleglide Model:&nbsp;M1 Plus Net Weight:&nbsp;21.7kg Max Load of Bike:&nbsp;1790x680x1041mm Size of Frame:&nbsp;27.5&quot;\/29\u201c Max Load of Bike::&nbsp;100 kg Walk Mode:&nbsp;6km\/h Waterproof Level:&nbsp;IPX4 Features 01:&nbsp;Electric Bicycle Features 02:&nbsp;Electric Bikes Features 03:&nbsp;Electric Bike<\/p>","protected":false},"featured_media":21597,"comment_status":"open","ping_status":"closed","template":"","meta":{"_acf_changed":false},"product_brand":[],"product_cat":[230],"product_tag":[],"class_list":{"0":"post-21596","1":"product","2":"type-product","3":"status-publish","4":"has-post-thumbnail","6":"product_cat-bikes","8":"first","9":"instock","10":"shipping-taxable","11":"purchasable","12":"product-type-variable"},"acf":[],"_links":{"self":[{"href":"https:\/\/electricstore.eu\/de\/wp-json\/wp\/v2\/product\/21596","targetHints":{"allow":["GET"]}}],"collection":[{"href":"https:\/\/electricstore.eu\/de\/wp-json\/wp\/v2\/product"}],"about":[{"href":"https:\/\/electricstore.eu\/de\/wp-json\/wp\/v2\/types\/product"}],"replies":[{"embeddable":true,"href":"https:\/\/electricstore.eu\/de\/wp-json\/wp\/v2\/comments?post=21596"}],"wp:featuredmedia":[{"embeddable":true,"href":"https:\/\/electricstore.eu\/de\/wp-json\/wp\/v2\/media\/21597"}],"wp:attachment":[{"href":"https:\/\/electricstore.eu\/de\/wp-json\/wp\/v2\/media?parent=21596"}],"wp:term":[{"taxonomy":"product_brand","embeddable":true,"href":"https:\/\/electricstore.eu\/de\/wp-json\/wp\/v2\/product_brand?post=21596"},{"taxonomy":"product_cat","embeddable":true,"href":"https:\/\/electricstore.eu\/de\/wp-json\/wp\/v2\/product_cat?post=21596"},{"taxonomy":"product_tag","embeddable":true,"href":"https:\/\/electricstore.eu\/de\/wp-json\/wp\/v2\/product_tag?post=21596"}],"curies":[{"name":"wp","href":"https:\/\/api.w.org\/{rel}","templated":true}]}}