{"id":21547,"date":"2025-05-20T18:19:48","date_gmt":"2025-05-20T18:19:48","guid":{"rendered":"https:\/\/electricstore.eu\/p\/uncategorized\/touroll-s1-electric-fat-bike-25km-h-20x4-0-fat-tires-60nm-torque-15-6ah-100km-range-7-speed-shimano-gear-electric-bicycles\/"},"modified":"2025-05-20T18:19:57","modified_gmt":"2025-05-20T18:19:57","slug":"touroll-s1-electric-fat-bike-25km-h-20x4-0-fat-tires-60nm-torque-15-6ah-100km-range-7-speed-shimano-gear-electric-bicycles","status":"publish","type":"product","link":"https:\/\/electricstore.eu\/de\/p\/bikes\/touroll-s1-electric-fat-bike-25km-h-20x4-0-fat-tires-60nm-torque-15-6ah-100km-range-7-speed-shimano-gear-electric-bicycles\/","title":{"rendered":"Touroll S1 Electric Fat Bike 25 km\/h 20&#039;x4.0\u2032 Fat Reifen 60Nm Drehmoment 15,6 Ah 100 km Reichweite 7-Gang Shimano Getriebe Elektrofahrr\u00e4der"},"content":{"rendered":"<div class=\"product-specs-list-container\">\n<ul class=\"product-specs-list util-clearfix\">\n<li class=\"product-prop line-limit-length\"><span\n                                        class=\"property-title\">Marke:&nbsp;<\/span><span\n                                        class=\"property-desc line-limit-length\">Tourol<\/span>\n                            <\/li>\n<li class=\"product-prop line-limit-length\"><span\n                                        class=\"property-title\">Name:&nbsp;<\/span><span\n                                        class=\"property-desc line-limit-length\">Snodal<\/span>\n                            <\/li>\n<li class=\"product-prop line-limit-length\"><span\n                                        class=\"property-title\">Modell:&nbsp;<\/span><span\n                                        class=\"property-desc line-limit-length\">S1<\/span>\n                            <\/li>\n<li class=\"product-prop line-limit-length\"><span\n                                        class=\"property-title\">Leistungskapazit\u00e4t:&nbsp;<\/span><span\n                                        class=\"property-desc line-limit-length\">748,8 Wh<\/span>\n                            <\/li>\n<li class=\"product-prop line-limit-length\"><span\n                                        class=\"property-title\">Rahmengr\u00f6\u00dfe:&nbsp;<\/span><span\n                                        class=\"property-desc line-limit-length\">20&quot;x17&quot;<\/span>\n                            <\/li>\n<li class=\"product-prop line-limit-length\"><span\n                                        class=\"property-title\">Max. Zuladung des Fahrrads:&nbsp;<\/span><span\n                                        class=\"property-desc line-limit-length\">120 kg<\/span>\n                            <\/li>\n<li class=\"product-prop line-limit-length\"><span\n                                        class=\"property-title\">Abschaltgeschwindigkeit:&nbsp;<\/span><span\n                                        class=\"property-desc line-limit-length\">25 km\/h<\/span>\n                            <\/li>\n<li class=\"product-prop line-limit-length\"><span\n                                        class=\"property-title\">Maximale Reichweite::&nbsp;<\/span><span\n                                        class=\"property-desc line-limit-length\">100 km (Assistenzmodus)<\/span>\n                            <\/li>\n<li class=\"product-prop line-limit-length\"><span\n                                        class=\"property-title\">Funktionen 01:&nbsp;<\/span><span\n                                        class=\"property-desc line-limit-length\">Elektrofahrrad<\/span>\n                            <\/li>\n<li class=\"product-prop line-limit-length\"><span\n                                        class=\"property-title\">Funktionen 02:&nbsp;<\/span><span\n                                        class=\"property-desc line-limit-length\">Elektrofahrr\u00e4der<\/span>\n                            <\/li>\n<li class=\"product-prop line-limit-length\"><span\n                                        class=\"property-title\">Funktionen 03:&nbsp;<\/span><span\n                                        class=\"property-desc line-limit-length\">Elektrofahrrad-Angebot<\/span>\n                            <\/li>\n<li class=\"product-prop line-limit-length\"><span\n                                        class=\"property-title\">Funktionen 04:&nbsp;<\/span><span\n                                        class=\"property-desc line-limit-length\">Elektrofahrr\u00e4der f\u00fcr Erwachsene<\/span>\n                            <\/li>\n<li class=\"product-prop line-limit-length\"><span\n                                        class=\"property-title\">Funktionen 06:&nbsp;<\/span><span\n                                        class=\"property-desc line-limit-length\">Elektrofahrr\u00e4der f\u00fcr Erwachsene<\/span>\n                            <\/li>\n<li class=\"product-prop line-limit-length\"><span\n                                        class=\"property-title\">Funktionen 08:&nbsp;<\/span><span\n                                        class=\"property-desc line-limit-length\">Elektrisches E-Bike<\/span>\n                            <\/li>\n<li class=\"product-prop line-limit-length\"><span\n                                        class=\"property-title\">Funktionen 09:&nbsp;<\/span><span\n                                        class=\"property-desc line-limit-length\">G\u00fcnstige Fahrr\u00e4der<\/span>\n                            <\/li>\n<li class=\"product-prop line-limit-length\"><span\n                                        class=\"property-title\">Wasserdichtigkeit:&nbsp;<\/span><span\n                                        class=\"property-desc line-limit-length\">IPX4<\/span>\n                            <\/li>\n<li class=\"product-prop line-limit-length\"><span\n                                        class=\"property-title\">Material des Rahmens:&nbsp;<\/span><span\n                                        class=\"property-desc line-limit-length\">Aluminiumlegierung (AL6061)<\/span>\n                            <\/li>\n<\/ul><\/div>\n<p style=\"font-family:&quot;Noto Sans SC&quot;;font-size:medium;font-weight:400;letter-spacing:normal;text-align:start;white-space:normal;color:rgb(0, 0, 0)\" align=\"start\"><span style=\"font-size:x-large\">Highlights<\/span><\/p>\n<p><\/p>\n<p style=\"font-family:&quot;Noto Sans SC&quot;;font-size:medium;font-weight:400;letter-spacing:normal;text-align:start;white-space:normal;color:rgb(0, 0, 0)\" align=\"start\"><strong>Sanfte Fahrt auf jedem Gel\u00e4nde<br \/><\/strong>Das Touroll S1 electric fat bike meistert m\u00fchelos jedes Gel\u00e4nde mit 4 Zoll breiten Reifen, die f\u00fcr besseren Grip, verbessertes Handling und Stabilit\u00e4t sorgen. Die grobstollige Reifenoberfl\u00e4che absorbiert Unebenheiten deutlich und sorgt f\u00fcr ein ruhigeres Fahrgef\u00fchl. Die 20-Zoll-R\u00e4der rollen m\u00fchelos \u00fcber Hindernisse und Bodenwellen hinweg. Dank der zuverl\u00e4ssigen Federung, die St\u00f6\u00dfe deutlich reduziert, bew\u00e4ltigt dieses Fahrrad auch unwegsames Gel\u00e4nde komfortabel und sicher.<br \/><strong><br \/>Kraftvolles und Ausdauerreiten<br \/><\/strong>Das S1 E-Bike bietet mit seinem leistungsstarken b\u00fcrstenlosen Motor und 60 Nm Drehmoment atemberaubende Power und erm\u00f6glicht es Ihnen, die Natur mit Kraft, Geschwindigkeit und Spannung zu erkunden. Mit dem herausnehmbaren 15,6-Ah-Lithium-Ionen-Akku schafft es im Assistenzmodus 100 km pro Ladung und macht Ihre Abenteuer und langen Fahrten zum Kinderspiel.<strong><br \/><\/strong><br \/><strong>Verbesserte Sicherheit<br \/><\/strong>Der Toroll S1 verf\u00fcgt \u00fcber einen robusten Rahmen aus 6061er Aluminiumlegierung f\u00fcr eine zuverl\u00e4ssige Fahrt. Sein fortschrittliches Bremssystem mit E-Bremse und Doppelscheibenbremsen sorgt f\u00fcr maximale Reaktionsf\u00e4higkeit. Die StVZO-zertifizierte Leuchte erf\u00fcllt die strengen deutschen Stra\u00dfenverkehrsvorschriften. Dank ihrer hohen Lichtausbeute ohne Blendung erh\u00f6ht diese Fahrradleuchte die Sichtbarkeit im Stra\u00dfenverkehr und gew\u00e4hrleistet die Sicherheit anderer Verkehrsteilnehmer. Fahren Sie unbesorgt!<strong><\/p>\n<p>Spa\u00df am Radfahren mit<\/strong><strong><span>\u00a0<\/span><\/strong><strong>Shimano-Schaltung<br \/><\/strong>Mit der 7-Gang-Shimano-Kettenschaltung k\u00f6nnen Sie jederzeit schalten und die variable Geschwindigkeit genie\u00dfen. Mit einem professionellen Getriebesystem k\u00f6nnen Sie die G\u00e4nge Ihres Fahrrads an die Stra\u00dfenbedingungen anpassen und so eine schnelle und angenehme Fahrt genie\u00dfen.<\/p>\n<p><strong>Intelligente LCD-Steuerung<br \/><\/strong>Dank des intelligenten LCD-Displays k\u00f6nnen Sie wichtige Daten wie Geschwindigkeit und Akkustand in Echtzeit \u00fcberwachen und nahtlos zwischen f\u00fcnf Unterst\u00fctzungsstufen wechseln \u2013 12, 15, 18, 21 und 25 km\/h. Mit nur einem Knopfdruck aktivieren Sie den 6-km\/h-Schiebemodus und k\u00f6nnen das Rad m\u00fchelos schieben \u2013 perfekt f\u00fcr einen gem\u00fctlichen Spaziergang am Stra\u00dfenrand. Genie\u00dfen Sie die Landschaft in Ihrem eigenen Tempo mit dem Tourol S1.<strong><\/p>\n<p>Erweitert<\/strong><strong><span>\u00a0<\/span><\/strong><strong>Komfort und Bequemlichkeit<br \/><\/strong>Das Touroll S1 fat bike ist mit einem verstellbaren Vorbau ausgestattet, der die Lenkerh\u00f6he flexibel an Ihre Bed\u00fcrfnisse anpasst und so f\u00fcr eine bequeme Sitzposition sorgt. Der Klappmechanismus erleichtert den Transport und die Lagerung. Dar\u00fcber hinaus verf\u00fcgt das S1 \u00fcber einen stabilen Gep\u00e4cktr\u00e4ger, der Ihr Gep\u00e4ck sicher verstaut und so f\u00fcr eine entspannte Radtour sorgt.<\/p>\n<p><\/p>\n<h2 style=\"font-family:&quot;Noto Sans SC&quot;;font-size:14px;letter-spacing:normal;text-align:start;white-space:normal;color:rgb(0, 0, 0);margin:10px 0px;margin-bottom:10px;margin-top:10px;margin-left:0px;margin-right:0px;padding:0px;padding-bottom:0px;padding-top:0px;padding-left:0px;padding-right:0px\" align=\"start\">Spezifikation<\/h2>\n<p><\/p>\n<table style=\"border-collapse:collapse;font-family:&quot;Noto Sans SC&quot;\" border=\"1\" cellpadding=\"8\">\n<tbody>\n<tr>\n<td style=\"width:98px\" width=\"98\">\n<p>Allgemein<\/p>\n<\/td>\n<td style=\"width:458px\" width=\"458\">\n<p>Marke: Tourol<br \/>Wo ist Snodal, Mexiko<br \/>Modell: S1<br \/>Farbe: Schwarz<\/p>\n<\/td>\n<\/tr>\n<tr>\n<td style=\"width:98px\" width=\"98\">\n<p>Grundlegende Spezifikation<\/p>\n<\/td>\n<td style=\"width:458px\" width=\"458\">\n<p>Nettogewicht: 30kg<br \/>Gr\u00f6\u00dfe ausgeklappt: 1700 x 600 x 1320 mm<br \/>Gefaltete Gr\u00f6\u00dfe: 1000 x 740 x 475 mm<br \/>Rahmengr\u00f6\u00dfe: 20&quot;x17&quot;<br \/>Lenkerl\u00e4nge: 600 mm (23,6 Zoll)<br \/>Sattelh\u00f6he (vom Boden): 32,5&quot;-41,7&quot;<br \/>Empfohlene K\u00f6rpergr\u00f6\u00dfe des Fahrers: 160\u2013200 cm (ca. 5&#039; 3&quot;\u20136&#039; 7&quot;)<br \/>Maximale Belastung des Fahrrads: 120 kg<br \/>Abschaltgeschwindigkeit: 25 km\/h<br \/>Maximale Reichweite: 100 km (Assistenzmodus)<br \/>Tretunterst\u00fctzungsstufen: 12\/15\/18\/21\/25 km\/h<br \/>Gehmodus: 6 km\/h<br \/>Wasserdichtigkeit: IPX4<br \/>Rahmenmaterial: Aluminiumlegierung (AL6061)<br \/>Bremssystem: Scheibenbremsen und E-Bremse<br \/>Federung: Mechanischer Sto\u00dfd\u00e4mpfer mit Sperrfunktion<br \/>Federweg: 50 mm<\/p>\n<\/td>\n<\/tr>\n<tr>\n<td style=\"width:98px\" width=\"98\">\n<p>Motor<\/p>\n<\/td>\n<td style=\"width:458px\" width=\"458\">\n<p>Typ: Nabenmotor<br \/>Nennspannung: 48 V<br \/>Max. Ausgangsdrehmoment: 60 N.M<\/p>\n<\/td>\n<\/tr>\n<tr>\n<td style=\"width:98px\" width=\"98\">\n<p>Umwerfer<\/p>\n<\/td>\n<td style=\"width:458px\" width=\"458\">\n<p>Marke: Shimano<br \/>Anzahl der G\u00e4nge: 7 (hinten)<\/p>\n<\/td>\n<\/tr>\n<tr>\n<td style=\"width:98px\" width=\"98\">\n<p>Batterie<\/p>\n<\/td>\n<td style=\"width:458px\" width=\"458\">\n<p>Kapazit\u00e4t: 15,6 Ah<br \/>Spannung: 48V<br \/>Ladezeit: 6-8h<br \/>Leistungskapazit\u00e4t: 748,8 Wh<br \/>Schutzsystem: Ja<\/p>\n<\/td>\n<\/tr>\n<tr>\n<td style=\"width:98px\" width=\"98\">\n<p>Ladeger\u00e4t<\/p>\n<\/td>\n<td style=\"width:458px\" width=\"458\">\n<p>Eingang: 100\u2013240\u00a0V, 2,0\u00a0A<br \/>Ausgang: 54,6 V, 2,0 A<\/p>\n<\/td>\n<\/tr>\n<tr>\n<td style=\"width:98px\" width=\"98\">\n<p>Reifen<\/p>\n<\/td>\n<td style=\"width:458px\" width=\"458\">\n<p>Gr\u00f6\u00dfe: 20\u00d74&quot;<br \/>Typ: Pneumatische Gummireifen<br \/>Reifendruck: 5 ~ 30 PSI\u00a0<br \/>Bester Reifendruck: 15~17,5 PSI<\/p>\n<\/td>\n<\/tr>\n<tr>\n<td style=\"width:98px\" width=\"98\">\n<p>Anzeige<\/p>\n<\/td>\n<td style=\"width:458px\" width=\"458\">\n<p>Typ: LCD<br \/>Informationen: Echtzeitgeschwindigkeit, Unterst\u00fctzungsstufe, Batteriestand<br \/>Funktionen: Ein-\/Ausschalten, Licht ein-\/ausschalten, Unterst\u00fctzungsstufen \u00e4ndern, Gehmodus aktivieren usw.<\/p>\n<\/td>\n<\/tr>\n<tr>\n<td style=\"width:98px\" width=\"98\">\n<p>Paket<\/p>\n<\/td>\n<td style=\"width:458px\" width=\"458\">\n<p>Gr\u00f6\u00dfe: 1400x290x745mm<br \/>Bruttogewicht: 38kg<\/p>\n<\/td>\n<\/tr>\n<tr>\n<td style=\"width:98px\" width=\"98\">\n<p>Paketliste<\/p>\n<\/td>\n<td style=\"width:458px\" width=\"458\">\n<p>1 x E-Bike, 1 x Bedienungsanleitung<br \/>1 x Ladeger\u00e4t, 2 x Pedal (links und rechts).<br \/>1 x Scheinwerfer 2 x Speichenreflektor<br \/>1 x Sattel 1 x R\u00fcckstrahler<br \/>1 x Display 1 x Gep\u00e4cktr\u00e4ger mit R\u00fccklicht<br \/>2 x Schl\u00fcssel, 2 x Schutzblech (vorne und hinten).<br \/>1 x Werkzeugsatz\u00a0\u00a0\u00a0\u00a0\u00a0\u00a0\u00a0\u00a0\u00a0\u00a0<\/p>\n<\/td>\n<\/tr>\n<tr>\n<td style=\"width:556px\" width=\"556\" colspan=\"2\">\n<p>Hinweis: Die maximale Reichweite wird unter folgenden Bedingungen erreicht: 75 kg Last, 26 \u00b0C Temperatur, 15 km\/h konstante Geschwindigkeit, auf ebenen Stra\u00dfen ohne starken Wind.<\/p>\n<\/td>\n<\/tr>\n<\/tbody>\n<\/table>\n<p><img decoding=\"async\" src=\"https:\/\/ae01.alicdn.com\/kf\/Sa9b7f74d147244d080dec043041031a8K.jpeg\" slate-data-type=\"image\"\/><img decoding=\"async\" src=\"https:\/\/ae01.alicdn.com\/kf\/S126c06209c814432bdb5a40a12663539e.jpeg\" slate-data-type=\"image\"\/><img decoding=\"async\" src=\"https:\/\/ae01.alicdn.com\/kf\/S6acfd2dd40274063aebeac7817aabd1b0.jpeg\" slate-data-type=\"image\"\/><img decoding=\"async\" src=\"https:\/\/ae01.alicdn.com\/kf\/S7c310d2659444ca9b8d19e696b9ea36eZ.jpeg\" slate-data-type=\"image\"\/><img decoding=\"async\" src=\"https:\/\/ae01.alicdn.com\/kf\/S33c43cfb399d48b5b586d02d697addbaU.jpeg\" slate-data-type=\"image\"\/><img decoding=\"async\" src=\"https:\/\/ae01.alicdn.com\/kf\/Sae0d1025c0c94b54aff86305df224c8dO.jpeg\" slate-data-type=\"image\"\/><img decoding=\"async\" src=\"https:\/\/ae01.alicdn.com\/kf\/S5a6ce1d6e7144230a5f82d05005fe2c2J.jpeg\" slate-data-type=\"image\"\/><img decoding=\"async\" src=\"https:\/\/ae01.alicdn.com\/kf\/S3c41e0809fe44230af0c9960e768b69dQ.jpeg\" slate-data-type=\"image\"\/><img decoding=\"async\" src=\"https:\/\/ae01.alicdn.com\/kf\/S13ce4a7b8a9146049d88cffc639a8985T.jpeg\" slate-data-type=\"image\"\/><img decoding=\"async\" src=\"https:\/\/ae01.alicdn.com\/kf\/Sd6290a361aa9429fbeb62f4586b4df9fc.jpeg\" slate-data-type=\"image\"\/><img decoding=\"async\" src=\"https:\/\/ae01.alicdn.com\/kf\/S4f4e14cb579543099ef7c0e5889cb1d32.jpeg\" slate-data-type=\"image\"\/><img decoding=\"async\" src=\"https:\/\/ae01.alicdn.com\/kf\/Sed0ca1ac0b1148fe90975516f234d6138.jpeg\" slate-data-type=\"image\"\/><\/p>","protected":false},"excerpt":{"rendered":"<p>Brand:&nbsp;Touroll Name:&nbsp;Snodal Model:&nbsp;S1 Power Capacity:&nbsp;748.8Wh Size of Frame:&nbsp;20&quot;x17&quot; Max Load of Bike:&nbsp;120kg Cut-off Speed:&nbsp;25km\/h Max Range::&nbsp;100km (Assist Mode) Features 01:&nbsp;Electric Bicycle Features 02:&nbsp;Electric Bikes Features 03:&nbsp;Electric Bike Offer Features 04:&nbsp;Electric<\/p>","protected":false},"featured_media":21548,"comment_status":"open","ping_status":"closed","template":"","meta":{"_acf_changed":false},"product_brand":[],"product_cat":[230],"product_tag":[],"class_list":{"0":"post-21547","1":"product","2":"type-product","3":"status-publish","4":"has-post-thumbnail","6":"product_cat-bikes","8":"first","9":"instock","10":"shipping-taxable","11":"purchasable","12":"product-type-simple"},"acf":[],"_links":{"self":[{"href":"https:\/\/electricstore.eu\/de\/wp-json\/wp\/v2\/product\/21547","targetHints":{"allow":["GET"]}}],"collection":[{"href":"https:\/\/electricstore.eu\/de\/wp-json\/wp\/v2\/product"}],"about":[{"href":"https:\/\/electricstore.eu\/de\/wp-json\/wp\/v2\/types\/product"}],"replies":[{"embeddable":true,"href":"https:\/\/electricstore.eu\/de\/wp-json\/wp\/v2\/comments?post=21547"}],"wp:featuredmedia":[{"embeddable":true,"href":"https:\/\/electricstore.eu\/de\/wp-json\/wp\/v2\/media\/21548"}],"wp:attachment":[{"href":"https:\/\/electricstore.eu\/de\/wp-json\/wp\/v2\/media?parent=21547"}],"wp:term":[{"taxonomy":"product_brand","embeddable":true,"href":"https:\/\/electricstore.eu\/de\/wp-json\/wp\/v2\/product_brand?post=21547"},{"taxonomy":"product_cat","embeddable":true,"href":"https:\/\/electricstore.eu\/de\/wp-json\/wp\/v2\/product_cat?post=21547"},{"taxonomy":"product_tag","embeddable":true,"href":"https:\/\/electricstore.eu\/de\/wp-json\/wp\/v2\/product_tag?post=21547"}],"curies":[{"name":"wp","href":"https:\/\/api.w.org\/{rel}","templated":true}]}}