{"id":9214,"date":"2025-05-20T17:45:55","date_gmt":"2025-05-20T17:45:55","guid":{"rendered":"https:\/\/electricstore.eu\/p\/uncategorized\/oukitel-bp2000-portable-power-station-oukitel-b2000-battery-pack-2048wh-battery-pack-640000mah-7-b2000-2200w-ac-output-1800w-ac\/"},"modified":"2025-05-20T17:46:42","modified_gmt":"2025-05-20T17:46:42","slug":"oukitel-bp2000-portable-power-station-oukitel-b2000-battery-pack-2048wh-battery-pack-640000mah-7-b2000-2200w-ac-output-1800w-ac","status":"publish","type":"product","link":"https:\/\/electricstore.eu\/da\/p\/batteries\/portable-power-stations\/oukitel-bp2000-portable-power-station-oukitel-b2000-battery-pack-2048wh-battery-pack-640000mah-7-b2000-2200w-ac-output-1800w-ac\/","title":{"rendered":"OUKITEL BP2000 B\u00e6rbar Str\u00f8mstation + OUKITEL B2000 Batteripakke 2048Wh Batteripakke 640000mAh 7 B2000 2200W AC-udgang 1800W AC"},"content":{"rendered":"<div class=\"product-specs-list-container\">\n<ul class=\"product-specs-list util-clearfix\">\n<li class=\"product-prop line-limit-length\"><span\n                                        class=\"property-title\">Sk\u00e6rm:&nbsp;<\/span><span\n                                        class=\"property-desc line-limit-length\">Ja<\/span>\n                            <\/li>\n<li class=\"product-prop line-limit-length\"><span\n                                        class=\"property-title\">Nominel kapacitet:&nbsp;<\/span><span\n                                        class=\"property-desc line-limit-length\">&gt;3500mAh<\/span>\n                            <\/li>\n<li class=\"product-prop line-limit-length\"><span\n                                        class=\"property-title\">Modelnummer:&nbsp;<\/span><span\n                                        class=\"property-desc line-limit-length\">BP2000<\/span>\n                            <\/li>\n<li class=\"product-prop line-limit-length\"><span\n                                        class=\"property-title\">Type:&nbsp;<\/span><span\n                                        class=\"property-desc line-limit-length\">LiFePO4<\/span>\n                            <\/li>\n<li class=\"product-prop line-limit-length\"><span\n                                        class=\"property-title\">S\u00e6ttype:&nbsp;<\/span><span\n                                        class=\"property-desc line-limit-length\">Opladers\u00e6t<\/span>\n                            <\/li>\n<li class=\"product-prop line-limit-length\"><span\n                                        class=\"property-title\">M\u00e6rkenavn:&nbsp;<\/span><span\n                                        class=\"property-desc line-limit-length\">OUKITEL<\/span>\n                            <\/li>\n<li class=\"product-prop line-limit-length\"><span\n                                        class=\"property-title\">Magt:&nbsp;<\/span><span\n                                        class=\"property-desc line-limit-length\">2048 Wh (51,2 V)<\/span>\n                            <\/li>\n<li class=\"product-prop line-limit-length\"><span\n                                        class=\"property-title\">Kapacitet:&nbsp;<\/span><span\n                                        class=\"property-desc line-limit-length\">640000mAh<\/span>\n                            <\/li>\n<li class=\"product-prop line-limit-length\"><span\n                                        class=\"property-title\">Cykluslevetid:&nbsp;<\/span><span\n                                        class=\"property-desc line-limit-length\">3500+<\/span>\n                            <\/li>\n<li class=\"product-prop line-limit-length\"><span\n                                        class=\"property-title\">AC-oplader:&nbsp;<\/span><span\n                                        class=\"property-desc line-limit-length\">Maks. 1800 W, AC 200-240 V AC Maks. 15 A<\/span>\n                            <\/li>\n<li class=\"product-prop line-limit-length\"><span\n                                        class=\"property-title\">AC-opladningstid:&nbsp;<\/span><span\n                                        class=\"property-desc line-limit-length\">Superhurtig opladning, 1,8 timer (80% str\u00f8m)<\/span>\n                            <\/li>\n<li class=\"product-prop line-limit-length\"><span\n                                        class=\"property-title\">Solcelleopladningstid:&nbsp;<\/span><span\n                                        class=\"property-desc line-limit-length\">2,5 timer<\/span>\n                            <\/li>\n<li class=\"product-prop line-limit-length\"><span\n                                        class=\"property-title\">Bilopladning:&nbsp;<\/span><span\n                                        class=\"property-desc line-limit-length\">12V\/8A, 24V\/10A<\/span>\n                            <\/li>\n<li class=\"product-prop line-limit-length\"><span\n                                        class=\"property-title\">Nominel effekt:&nbsp;<\/span><span\n                                        class=\"property-desc line-limit-length\">2200W<\/span>\n                            <\/li>\n<li class=\"product-prop line-limit-length\"><span\n                                        class=\"property-title\">UPS-nominel effekt:&nbsp;<\/span><span\n                                        class=\"property-desc line-limit-length\">2000W<\/span>\n                            <\/li>\n<li class=\"product-prop line-limit-length\"><span\n                                        class=\"property-title\">Oversp\u00e6ndingseffekt:&nbsp;<\/span><span\n                                        class=\"property-desc line-limit-length\">4000W<\/span>\n                            <\/li>\n<li class=\"product-prop line-limit-length\"><span\n                                        class=\"property-title\">Sp\u00e6nding:&nbsp;<\/span><span\n                                        class=\"property-desc line-limit-length\">200-240 V AC<\/span>\n                            <\/li>\n<li class=\"product-prop line-limit-length\"><span\n                                        class=\"property-title\">Nominel frekvens:&nbsp;<\/span><span\n                                        class=\"property-desc line-limit-length\">60Hz\/50Hz<\/span>\n                            <\/li>\n<li class=\"product-prop line-limit-length\"><span\n                                        class=\"property-title\">Invertereffektivitet:&nbsp;<\/span><span\n                                        class=\"property-desc line-limit-length\">\u03b7=90%<\/span>\n                            <\/li>\n<li class=\"product-prop line-limit-length\"><span\n                                        class=\"property-title\">Udladningsdybde:&nbsp;<\/span><span\n                                        class=\"property-desc line-limit-length\">DOD=90%<\/span>\n                            <\/li>\n<li class=\"product-prop line-limit-length\"><span\n                                        class=\"property-title\">AC-udgang:&nbsp;<\/span><span\n                                        class=\"property-desc line-limit-length\">5 porte *AC 2200W<\/span>\n                            <\/li>\n<li class=\"product-prop line-limit-length\"><span\n                                        class=\"property-title\">Starttidspunkt:&nbsp;<\/span><span\n                                        class=\"property-desc line-limit-length\">&lt;10 mS<\/span>\n                            <\/li>\n<li class=\"product-prop line-limit-length\"><span\n                                        class=\"property-title\">Ledelsessystem:&nbsp;<\/span><span\n                                        class=\"property-desc line-limit-length\">BMS-styring<\/span>\n                            <\/li>\n<li class=\"product-prop line-limit-length\"><span\n                                        class=\"property-title\">Fugtighed:&nbsp;<\/span><span\n                                        class=\"property-desc line-limit-length\">10%-90%<\/span>\n                            <\/li>\n<li class=\"product-prop line-limit-length\"><span\n                                        class=\"property-title\">K\u00f8lestrategi:&nbsp;<\/span><span\n                                        class=\"property-desc line-limit-length\">6*Ventilatorer<\/span>\n                            <\/li>\n<\/ul><\/div>\n<div class=\"detailmodule_dynamic\"><kse:widget data-widget-type=\"customText\" id=\"1005000009406803\" type=\"relation\"><\/kse:widget><\/div>\n<div class=\"detailmodule_html\">\n<div class=\"detail-desc-decorate-richtext\">\n<p><\/p>\n<div style=\"background-color:rgb(240, 234, 255);margin:20px 0px 10px;margin-bottom:10px;margin-top:20px;margin-left:0px;margin-right:0px;width:100%;height:34px\"><span style=\"background-color:rgb(55, 139, 238);color:rgb(255, 255, 255);font-size:24px;font-family:Verdana, Arial\">H\u00f8jdepunkter<\/span><\/div>\n<div class=\"detailmodule_text\">\n<div class=\"detailmodule_html\">\n<div class=\"detail-desc-decorate-richtext\">\n<div class=\"detailmodule_text-image\">\n<div class=\"detailmodule_text-image\">\n<div class=\"detailmodule_text-image\">\n<div class=\"detailmodule_text-image\">\n<p><span style=\"font-size:16px;font-family:arial, helvetica, sans-serif\">Det b\u00e6rbare kraftv\u00e6rk BP2000 har en topmoderne tovejsinverter, der muligg\u00f8r ultrahurtig AC-genopladning p\u00e5 op til 1800 W, den h\u00f8jeste effekt ved brug af str\u00f8m fra lysnettet. Det bruger f\u00f8rsteklasses eksplosionssikre LiFePO4-batterier med 3500 levetider og et smart BMS for sikker og stabil str\u00f8mforsyning. Det har en MPPT-str\u00f8mchip til effektiv solcelleopladning og kan fungere som en UPS under str\u00f8mafbrydelser. Det kan ogs\u00e5 tilslutte ekstra batterier parallelt for at im\u00f8dekomme varierende str\u00f8mbehov.<\/span><\/p>\n<\/div>\n<\/div>\n<\/div>\n<\/div>\n<\/div>\n<\/div>\n<\/div>\n<div style=\"background-color:rgb(240, 234, 255);margin:20px 0px 10px;margin-bottom:10px;margin-top:20px;margin-left:0px;margin-right:0px;width:100%;height:34px\"><span style=\"background-color:rgb(55, 139, 238);color:rgb(255, 255, 255);font-size:24px;font-family:Verdana, Arial\">Produktdetaljer<\/span><\/div>\n<p><img decoding=\"async\" src=\"https:\/\/ae01.alicdn.com\/kf\/Sba8451d5f8cf4ad9a7ecf0921ed168645.jpg\" slate-data-type=\"image\"\/><img decoding=\"async\" src=\"https:\/\/ae01.alicdn.com\/kf\/Sb1a9118055374ce9be0481d3c80a03737.jpg\" slate-data-type=\"image\"\/><img decoding=\"async\" src=\"https:\/\/ae01.alicdn.com\/kf\/S9acf727d490c47d89d3811d1c6ff68d0B.jpg\" slate-data-type=\"image\"\/><img decoding=\"async\" src=\"https:\/\/ae01.alicdn.com\/kf\/S74d7a0a938cd454e97fc5232fc3f671bX.jpg\" slate-data-type=\"image\"\/><img decoding=\"async\" src=\"https:\/\/ae01.alicdn.com\/kf\/S97a4e576c0f44ab4932a505c14b8de1dJ.jpg\" slate-data-type=\"image\"\/><img decoding=\"async\" src=\"https:\/\/ae01.alicdn.com\/kf\/S0ba87de2edeb42d28172ce8c5daeb61fe.jpg\" slate-data-type=\"image\"\/><img decoding=\"async\" src=\"https:\/\/ae01.alicdn.com\/kf\/S489b1c2234af49bf98cb4320aa303f069.jpg\" slate-data-type=\"image\"\/><img decoding=\"async\" src=\"https:\/\/ae01.alicdn.com\/kf\/S07ec58da814f4ccca368341f59e7cb6e5.jpg\" slate-data-type=\"image\"\/><img decoding=\"async\" src=\"https:\/\/ae01.alicdn.com\/kf\/S350d6aee5f7c441197ae433f2ce85bd3e.jpg\" slate-data-type=\"image\"\/><img decoding=\"async\" src=\"https:\/\/ae01.alicdn.com\/kf\/S0d386b1c436e42e1819059a2fb86e1c0W.jpg\" slate-data-type=\"image\"\/><img decoding=\"async\" src=\"https:\/\/ae01.alicdn.com\/kf\/S4af50a4243b045829ac4e660cb31be66c.jpg\" slate-data-type=\"image\"\/><img decoding=\"async\" src=\"https:\/\/ae01.alicdn.com\/kf\/S2cf01a6e623b4b9a8a6c15a967780ccaU.jpg\" slate-data-type=\"image\"\/><\/p>\n<p><strong><span style=\"font-size:16px;font-family:arial, helvetica, sans-serif\">Q: Hvor mange B2000-batteripakker kan jeg tilslutte?<\/span><\/strong><\/p>\n<p><span style=\"font-size:16px;font-family:arial, helvetica, sans-serif\">A: Op til 7 x B2000 for en enorm kapacitet p\u00e5 16384 Wh.<\/span><\/p>\n<p><\/p>\n<div>\n<\/div>\n<p><strong><span style=\"font-size:16px;font-family:arial, helvetica, sans-serif\">Q: Hvordan ved jeg, om mit apparat fungerer godt med BP2000?<\/span><\/strong><\/p>\n<p><span style=\"font-size:16px;font-family:arial, helvetica, sans-serif\">A: Beregn venligst den samlede effekt p\u00e5 dine enheder. BP2000 burde fungere, hvis belastningen ikke overstiger den nominelle effekt p\u00e5 2200 W.<\/span><\/p>\n<p><\/p>\n<div>\n<\/div>\n<p><strong><span style=\"font-size:16px;font-family:arial, helvetica, sans-serif\">Q: Har BP2000 en UPS-funktion?<\/span><\/strong><\/p>\n<p><span style=\"font-size:16px;font-family:arial, helvetica, sans-serif\">A: Ja, UPS&#039;ens omskiftningstid er mindre end 10 ms.<\/span><\/p>\n<p><\/p>\n<div>\n<\/div>\n<p><strong><span style=\"font-size:16px;font-family:arial, helvetica, sans-serif\">Q: Vil BP2000 UPS-funktionen f\u00e5 elektrisk st\u00f8d?<\/span><\/strong><\/p>\n<p><span style=\"font-size:16px;font-family:arial, helvetica, sans-serif\">A: Nej, BP2000 er designet med jordledninger, der beskytter den mod skader for\u00e5rsaget af str\u00f8mst\u00f8d, lynnedslag eller andre elektriske forstyrrelser, og forhindrer elektrisk st\u00f8d, der kan skyldes intern isoleringsskade, elektricitet i skallen osv.<\/span><\/p>\n<p><\/p>\n<div>\n<\/div>\n<p><strong><span style=\"font-size:16px;font-family:arial, helvetica, sans-serif\">Q: Kan BP2000 oplades med solpaneler og stikkontakter samtidigt?<\/span><\/strong><\/p>\n<p><span style=\"font-size:16px;font-family:arial, helvetica, sans-serif\">A: Ja, opladningstiden vil kun v\u00e6re 1 time.<\/span><\/p>\n<p><\/p>\n<div>\n<\/div>\n<p><strong><span style=\"font-size:16px;font-family:arial, helvetica, sans-serif\">Q: Kan jeg bruge OUKITEL B2000-udvidelsesbatteriet separat?<\/span><\/strong><\/p>\n<p><span style=\"font-size:16px;font-family:arial, helvetica, sans-serif\">A: Ja, B2000-udvidelsesbatteriet kan bruges som en selvst\u00e6ndig, b\u00e6rbar str\u00f8mforsyning.<\/span><\/p>\n<p><\/p>\n<div>\n<\/div>\n<p><strong><span style=\"font-size:16px;font-family:arial, helvetica, sans-serif\">Q: Kan jeg bruge tredjeparts solpaneler, og hvad er foruds\u00e6tningerne?<\/span><\/strong><\/p>\n<p><span style=\"font-size:16px;font-family:arial, helvetica, sans-serif\">A: Ja, det kan du. Solcelleanl\u00e6gget skal opfylde:<\/span><\/p>\n<p><span style=\"font-size:16px;font-family:arial, helvetica, sans-serif\">1. MC4-stik<\/span><\/p>\n<p><span style=\"font-size:16px;font-family:arial, helvetica, sans-serif\">2. Den samlede tomgangssp\u00e6nding (Voc) ligger i omr\u00e5det 12-120V\/MAX.15A<\/span><\/p>\n<p><\/p>\n<div>\n<\/div>\n<p><strong><span style=\"font-size:16px;font-family:arial, helvetica, sans-serif\">Q: Kan BP2000 oplade og aflade p\u00e5 samme tid?<\/span><\/strong><\/p>\n<p><span style=\"font-size:16px;font-family:arial, helvetica, sans-serif\">A: Ja.<\/span><\/p>\n<p><\/p>\n<div>\n<\/div>\n<p><strong><span style=\"font-size:16px;font-family:arial, helvetica, sans-serif\">Q: Hvordan opbevares det?<\/span><\/strong><\/p>\n<p><span style=\"font-size:16px;font-family:arial, helvetica, sans-serif\">A: Sluk venligst produktet, og placer det et t\u00f8rt sted. Placer ikke dette produkt i n\u00e6rheden af vand. Vi anbefaler at bruge produktet hver tredje m\u00e5ned (aflade den resterende str\u00f8m f\u00f8rst, og genoplad det til den \u00f8nskede procentdel, f.eks. 50%).<\/span><\/p>\n<div style=\"background-color:rgb(240, 234, 255);margin:20px 0px 10px;margin-bottom:10px;margin-top:20px;margin-left:0px;margin-right:0px;width:100%;height:34px\"><span style=\"background-color:rgb(55, 139, 238);color:rgb(255, 255, 255);font-size:24px;font-family:Verdana, Arial\">Specifikation<\/span><\/div>\n<p><\/p>\n<table style=\"border-collapse:collapse;font-family:&quot;Microsoft YaHei&quot;;width:1000px\" class=\"jbEidtTable\" border=\"1\" cellpadding=\"5\" cellspacing=\"0\">\n<tbody>\n<tr>\n<td style=\"text-align:left;height:80px\" align=\"left\">\n<p><span style=\"font-size:16px;font-family:arial, helvetica, sans-serif\">Generel<\/span><\/p>\n<\/td>\n<td style=\"text-align:left;height:80px\" align=\"left\">\n<p><span style=\"font-size:16px;font-family:arial, helvetica, sans-serif\">M\u00e6rke: OUKITEL<br \/>Type: Kraftv\u00e6rk<br \/>Model: BP2000<br \/>Farve: Sort<\/span><\/p>\n<\/td>\n<\/tr>\n<tr>\n<td style=\"text-align:left;height:22px\" align=\"left\">\n<p><span style=\"font-size:16px;font-family:arial, helvetica, sans-serif\">Specifikation<\/span><\/p>\n<\/td>\n<td style=\"text-align:left;height:22px\" align=\"left\">\n<div><span style=\"font-size:16px;font-family:arial, helvetica, sans-serif\"><strong>Elektriske specifikationer:<\/strong><\/span><span style=\"font-size:16px;font-family:arial, helvetica, sans-serif\"><br \/>Str\u00f8m: 2048 Wh (51,2 V)<br \/>Kapacitet: 640000mAh<br \/>Batteri: LiFePO4<br \/>Cykluslevetid: 3500+<br \/>Batteriudvidelsesport: 1* port (Op til 7 batteripakker kan udvides)<br \/>Inverter: Ren sinusb\u00f8lge, tovejsinverter<\/span><\/div>\n<p><span style=\"font-size:16px;font-family:arial, helvetica, sans-serif\"><strong>Opladningsindgang:<\/strong><\/span><span style=\"font-size:16px;font-family:arial, helvetica, sans-serif\"><br \/>AC-oplader: Maks. 1800 W, AC 200-240 V vekselstr\u00f8m Maks. 15 A<br \/>AC-opladningstid: Superhurtig opladning, 1,8 timer (80% str\u00f8m)<br \/>Solcelleoplader: 1* XT60-port, 12V-120V \/ 15A, MPPT MAX 1000W<br \/>Solcelleopladningstid: 2,5 timer<br \/>Bilopladning: 12V\/8A, 24V\/10A<br \/>Samtidig opladning og afladning: Support<\/span><\/p>\n<p><span style=\"font-size:16px;font-family:arial, helvetica, sans-serif\"><strong>AC-udgang:<\/strong><\/span><span style=\"font-size:16px;font-family:arial, helvetica, sans-serif\"><br \/>Nominel effekt: 2200W<br \/>UPS-nominel effekt: 2000 W<br \/>St\u00f8dningsstr\u00f8m: 4000W<br \/>Sp\u00e6nding: 200-240 V vekselstr\u00f8m<br \/>Nominel frekvens: 60Hz\/50Hz<br \/>Overbelastning: 2200W \u2264 belastning &lt; 3000W konstant effekt; 3000W \u2264 belastning 4000W @5s; 4000W \u2264 belastning @0,5s<br \/>Invertereffektivitet: \u03b7=90%<br \/>Udladningsdybde: DOD=90%<br \/>AC-udgang: 5 porte *AC 2200W<\/span><\/p>\n<p><span style=\"font-size:16px;font-family:arial, helvetica, sans-serif\"><strong>USB-udgang:\u00a0<\/strong><\/span><span style=\"font-size:16px;font-family:arial, helvetica, sans-serif\"><br \/>USB-A: 2* 12W (5V\/2,4A)<br \/>USB-A, QC3.0: 2* 18W (5V\/3A; 9V\/2A; 12V\/1,5A)<br \/>Type-C: 2* PD100W (5V 3A; 9V 3A; 12V 3A; 15V 3A; 20V 5A)<\/span><\/p>\n<p><span style=\"font-size:16px;font-family:arial, helvetica, sans-serif\"><strong>DC-udgang:\u00a0<\/strong><\/span><span style=\"font-size:16px;font-family:arial, helvetica, sans-serif\"><br \/>RV (luftfartsport): 1* 24V\/10A stikkontakt<br \/>DC5521: 2* 12V\/3A stikkontakt<br \/>Cigaret\u00e6nderport: 1* 12V\/10A stikkontakt<\/span><\/p>\n<p><span style=\"font-size:16px;font-family:arial, helvetica, sans-serif\"><strong>Driftstilstand:\u00a0<\/strong><\/span><span style=\"font-size:16px;font-family:arial, helvetica, sans-serif\"><br \/>Starttid: &lt;10mS<br \/>Styringssystem: BMS-styring<br \/>Opladningstemperatur: 0-40 Celsius \/ 32-104 Fahrenheit<br \/>Afladningstemperatur: -10-40 Celsius \/14-104 Fahrenheit<br \/>Luftfugtighed: 10%-90%<br \/>K\u00f8lestrategi: 6*Bl\u00e6sere<\/span><\/p>\n<p><span style=\"font-size:16px;font-family:arial, helvetica, sans-serif\"><strong>Mekaniske specifikationer:<\/strong><\/span><span style=\"font-size:16px;font-family:arial, helvetica, sans-serif\"><br \/>Beskyttelse: Redning og kortslutning, overstr\u00f8m, oversp\u00e6nding, lavsp\u00e6nding, overbelastning, overtemperatur, overopladning<br \/>Skalmateriale: ABS + PC<br \/>Brandklassificering: V0<br \/>Certifikat: CE, FCC, PSE, UN38.3, EMC, LVD, RoHS, MSDS, METI<\/span><\/p>\n<\/td>\n<\/tr>\n<tr>\n<td style=\"text-align:left;height:89px\" align=\"left\">\n<p><span style=\"font-size:16px;font-family:arial, helvetica, sans-serif\">V\u00e6gt og st\u00f8rrelse<\/span><\/p>\n<\/td>\n<td style=\"text-align:left;height:89px\" align=\"left\">\n<p><span style=\"font-size:16px;font-family:arial, helvetica, sans-serif\">Produktv\u00e6gt: 22 kg<br \/>Pakkev\u00e6gt: 23,5 kg<br \/>Produktst\u00f8rrelse (L x B x H): 48,2 \u00d7 29,6 \u00d7 31,8 cm<br \/>Pakkest\u00f8rrelse (L x B x H): 58,5 \u00d7 40,6 x 42 cm<\/span><\/p>\n<\/td>\n<\/tr>\n<tr>\n<td style=\"text-align:left;height:76px\" align=\"left\">\n<p><span style=\"font-size:16px;font-family:arial, helvetica, sans-serif\">Pakkens indhold<\/span><\/p>\n<\/td>\n<td style=\"text-align:left;height:76px\" align=\"left\">\n<p><span style=\"font-size:16px;font-family:arial, helvetica, sans-serif\">1 x BP2000 b\u00e6rbar kraftstation<br \/>1 x AC-kabel<br \/>1 x MC4-kabel<br \/>1 x bilopladekabel<br \/>1 x Brugermanual<\/span><\/p>\n<\/td>\n<\/tr>\n<\/tbody>\n<\/table>\n<p><\/p>\n<\/div>\n<\/div>\n<p><\/p>","protected":false},"excerpt":{"rendered":"<p>Display screen:&nbsp;Yes Nominal Capacity:&nbsp;&gt;3500mAh Model Number:&nbsp;BP2000 Type:&nbsp;LiFePO4 Set Type:&nbsp;Charger Sets Brand Name:&nbsp;OUKITEL Power:&nbsp;2048Wh (51.2V ) Capacity:&nbsp;640000mAh Cycle Life:&nbsp;3500+ AC Charger:&nbsp;Max1800W, AC200-240Vac Max15A AC Charging Time:&nbsp;Super Fast Charge, 1.8 hours (80%<\/p>","protected":false},"featured_media":9216,"comment_status":"open","ping_status":"closed","template":"","meta":{"_acf_changed":false},"product_brand":[],"product_cat":[515],"product_tag":[],"class_list":{"0":"post-9214","1":"product","2":"type-product","3":"status-publish","4":"has-post-thumbnail","6":"product_cat-portable-power-stations","8":"first","9":"instock","10":"shipping-taxable","11":"purchasable","12":"product-type-variable"},"acf":[],"_links":{"self":[{"href":"https:\/\/electricstore.eu\/da\/wp-json\/wp\/v2\/product\/9214","targetHints":{"allow":["GET"]}}],"collection":[{"href":"https:\/\/electricstore.eu\/da\/wp-json\/wp\/v2\/product"}],"about":[{"href":"https:\/\/electricstore.eu\/da\/wp-json\/wp\/v2\/types\/product"}],"replies":[{"embeddable":true,"href":"https:\/\/electricstore.eu\/da\/wp-json\/wp\/v2\/comments?post=9214"}],"wp:featuredmedia":[{"embeddable":true,"href":"https:\/\/electricstore.eu\/da\/wp-json\/wp\/v2\/media\/9216"}],"wp:attachment":[{"href":"https:\/\/electricstore.eu\/da\/wp-json\/wp\/v2\/media?parent=9214"}],"wp:term":[{"taxonomy":"product_brand","embeddable":true,"href":"https:\/\/electricstore.eu\/da\/wp-json\/wp\/v2\/product_brand?post=9214"},{"taxonomy":"product_cat","embeddable":true,"href":"https:\/\/electricstore.eu\/da\/wp-json\/wp\/v2\/product_cat?post=9214"},{"taxonomy":"product_tag","embeddable":true,"href":"https:\/\/electricstore.eu\/da\/wp-json\/wp\/v2\/product_tag?post=9214"}],"curies":[{"name":"wp","href":"https:\/\/api.w.org\/{rel}","templated":true}]}}