{"id":9208,"date":"2025-05-20T17:45:51","date_gmt":"2025-05-20T17:45:51","guid":{"rendered":"https:\/\/electricstore.eu\/p\/uncategorized\/lanpwr-51-2v-100ah-rack-mount-lifepo4-battery-pack-backup-power-5120wh-energy-built-in-100a-bms-100-dod-support-in-parallel\/"},"modified":"2025-05-20T17:46:19","modified_gmt":"2025-05-20T17:46:19","slug":"lanpwr-51-2v-100ah-rack-mount-lifepo4-battery-pack-backup-power-5120wh-energy-built-in-100a-bms-100-dod-support-in-parallel","status":"publish","type":"product","link":"https:\/\/electricstore.eu\/da\/p\/batteries\/portable-power-stations\/lanpwr-51-2v-100ah-rack-mount-lifepo4-battery-pack-backup-power-5120wh-energy-built-in-100a-bms-100-dod-support-in-parallel\/","title":{"rendered":"LANPWR 51,2V 100Ah rackmonteret LiFePO4-batteripakke med backup-str\u00f8m, 5120Wh energi, indbygget 100A BMS, 100% DOD, parallel underst\u00f8ttelse"},"content":{"rendered":"<div class=\"product-specs-list-container\">\n<ul class=\"product-specs-list util-clearfix\">\n<li class=\"product-prop line-limit-length\"><span\n                                        class=\"property-title\">Sk\u00e6rm:&nbsp;<\/span><span\n                                        class=\"property-desc line-limit-length\">Ja<\/span>\n                            <\/li>\n<li class=\"product-prop line-limit-length\"><span\n                                        class=\"property-title\">Nominel kapacitet:&nbsp;<\/span><span\n                                        class=\"property-desc line-limit-length\">&gt;3500mAh<\/span>\n                            <\/li>\n<li class=\"product-prop line-limit-length\"><span\n                                        class=\"property-title\">Modelnummer:&nbsp;<\/span><span\n                                        class=\"property-desc line-limit-length\">LFP51.2-100<\/span>\n                            <\/li>\n<li class=\"product-prop line-limit-length\"><span\n                                        class=\"property-title\">Type:&nbsp;<\/span><span\n                                        class=\"property-desc line-limit-length\">LiFePO4<\/span>\n                            <\/li>\n<li class=\"product-prop line-limit-length\"><span\n                                        class=\"property-title\">S\u00e6ttype:&nbsp;<\/span><span\n                                        class=\"property-desc line-limit-length\">Opladers\u00e6t<\/span>\n                            <\/li>\n<li class=\"product-prop line-limit-length\"><span\n                                        class=\"property-title\">Nominel sp\u00e6nding:&nbsp;<\/span><span\n                                        class=\"property-desc line-limit-length\">51,2V<\/span>\n                            <\/li>\n<li class=\"product-prop line-limit-length\"><span\n                                        class=\"property-title\">Sp\u00e6ndingsomr\u00e5de:&nbsp;<\/span><span\n                                        class=\"property-desc line-limit-length\">44,8V-56V<\/span>\n                            <\/li>\n<li class=\"product-prop line-limit-length\"><span\n                                        class=\"property-title\">Nominel kapacitet:&nbsp;<\/span><span\n                                        class=\"property-desc line-limit-length\">100Ah<\/span>\n                            <\/li>\n<li class=\"product-prop line-limit-length\"><span\n                                        class=\"property-title\">Nominel energi:&nbsp;<\/span><span\n                                        class=\"property-desc line-limit-length\">5120Wh<\/span>\n                            <\/li>\n<li class=\"product-prop line-limit-length\"><span\n                                        class=\"property-title\">Ladesp\u00e6ndingsomr\u00e5de:&nbsp;<\/span><span\n                                        class=\"property-desc line-limit-length\">56-57,6V<\/span>\n                            <\/li>\n<li class=\"product-prop line-limit-length\"><span\n                                        class=\"property-title\">Afsk\u00e6ringssp\u00e6nding:&nbsp;<\/span><span\n                                        class=\"property-desc line-limit-length\">44,8V<\/span>\n                            <\/li>\n<li class=\"product-prop line-limit-length\"><span\n                                        class=\"property-title\">Anbefalet ladestr\u00f8m:&nbsp;<\/span><span\n                                        class=\"property-desc line-limit-length\">50A<\/span>\n                            <\/li>\n<li class=\"product-prop line-limit-length\"><span\n                                        class=\"property-title\">Maks. ladestr\u00f8m:&nbsp;<\/span><span\n                                        class=\"property-desc line-limit-length\">100A<\/span>\n                            <\/li>\n<li class=\"product-prop line-limit-length\"><span\n                                        class=\"property-title\">Maks. afladningsstr\u00f8m:&nbsp;<\/span><span\n                                        class=\"property-desc line-limit-length\">100A<\/span>\n                            <\/li>\n<\/ul><\/div>\n<div class=\"detailmodule_dynamic\"><kse:widget data-widget-type=\"relatedProduct\" id=\"1005000009406803\" title=\"\" type=\"relation\"><\/kse:widget><\/div>\n<div class=\"detailmodule_html\">\n<div class=\"detail-desc-decorate-richtext\">\n<p><\/p>\n<div style=\"background-color:rgb(240, 234, 255);margin:20px 0px 10px;margin-bottom:10px;margin-top:20px;margin-left:0px;margin-right:0px;width:100%;height:34px\">\n <span style=\"background-color:rgb(55, 139, 238);color:rgb(255, 255, 255);font-size:24px;font-family:Verdana, Arial\">H\u00f8jdepunkter<\/span><br \/>\n \n<\/div>\n<div class=\"detailmodule_text\">\n<p style=\"font-family:&quot;Microsoft YaHei&quot;;letter-spacing:normal;text-align:start;white-space:normal;color:rgb(0, 0, 0)\" align=\"start\"><strong><span style=\"font-size:16px;font-family:arial, helvetica, sans-serif\">H\u00f8j cykluslevetid og levetid<\/span><\/strong><\/p>\n<p style=\"font-family:&quot;Microsoft YaHei&quot;;font-size:medium;font-weight:400;letter-spacing:normal;text-align:start;white-space:normal;color:rgb(0, 0, 0)\" align=\"start\"><span style=\"font-size:16px;font-family:arial, helvetica, sans-serif\">LANPWR 51.2V 100Ah LiFePO4-batterier bruger avancerede klasse A LiFePO4-celler. Med et nyt forbedret metalhus, der giver mere styrke end et normalt ABS-hus, er varmeafledningen nemmere. Det er den perfekte erstatning for dit gamle batterisystem. LANPWR 51.2V 100Ah 100% DOD har en levetid p\u00e5 over 5000 cyklusser og kan bruges i omkring 10 \u00e5r.<\/span><\/p>\n<p><\/p>\n<p style=\"font-family:&quot;Microsoft YaHei&quot;;letter-spacing:normal;text-align:start;white-space:normal;color:rgb(0, 0, 0)\" align=\"start\"><strong><span style=\"font-size:16px;font-family:arial, helvetica, sans-serif\">10 dages non-stop str\u00f8mforsyning<\/span><\/strong><\/p>\n<p style=\"font-family:&quot;Microsoft YaHei&quot;;font-size:medium;font-weight:400;letter-spacing:normal;text-align:start;white-space:normal;color:rgb(0, 0, 0)\" align=\"start\"><span style=\"font-size:16px;font-family:arial, helvetica, sans-serif\">LANPWR 51.2V 100Ah rackmonteret LiFePO4-batteri kan forsyne dit hjem med str\u00f8m i op til 10 dage uden at bruge str\u00f8m fra elnettet (s\u00f8rg for, at det daglige str\u00f8mforbrug er 0,5 kWh), s\u00e5 du undg\u00e5r str\u00f8mafbrydelser. LANPWR 51.2V 100Ah rackmonteret LiFePO4-batteri har fleksibel konfiguration, maksimalt 8 enheder kan tilsluttes parallelt for at udvide kapacitet og str\u00f8m med DIP-switche.<\/span><\/p>\n<p><\/p>\n<p style=\"font-family:&quot;Microsoft YaHei&quot;;letter-spacing:normal;text-align:start;white-space:normal;color:rgb(0, 0, 0)\" align=\"start\"><strong><span style=\"font-size:16px;font-family:arial, helvetica, sans-serif\">Sikkerhed og milj\u00f8venlig<\/span><\/strong><\/p>\n<p style=\"font-family:&quot;Microsoft YaHei&quot;;font-size:medium;font-weight:400;letter-spacing:normal;text-align:start;white-space:normal;color:rgb(0, 0, 0)\" align=\"start\"><span style=\"font-size:16px;font-family:arial, helvetica, sans-serif\">LANPWR 51.2V 100Ah lithium-jernfosfatbatteri bruger lithium-jernfosfatceller af A-kvalitet, som har h\u00f8jere energit\u00e6thed, mere stabil ydeevne og h\u00f8jere ydeevne. LiFePO4-batterier kan genbruges og producerer ikke elementer, der er skadelige for milj\u00f8et, men blybatterier forurener milj\u00f8et.<\/span><\/p>\n<\/div>\n<div style=\"background-color:rgb(240, 234, 255);margin:20px 0px 10px;margin-bottom:10px;margin-top:20px;margin-left:0px;margin-right:0px;width:100%;height:34px\">\n <span style=\"background-color:rgb(55, 139, 238);color:rgb(255, 255, 255);font-size:24px;font-family:Verdana, Arial\">Produktdetaljer<\/span>\n<\/div>\n<p><img decoding=\"async\" src=\"https:\/\/ae01.alicdn.com\/kf\/S499e3ff91aa940898a439643698def2eu.jpg\" slate-data-type=\"image\" \/><img decoding=\"async\" src=\"https:\/\/ae01.alicdn.com\/kf\/S028f210b3c6647f1b4db126ba56ec88af.jpg\" slate-data-type=\"image\" \/><img decoding=\"async\" src=\"https:\/\/ae01.alicdn.com\/kf\/S65d8462a308648a9af33fda06bcaa857a.jpg\" slate-data-type=\"image\" \/><img decoding=\"async\" src=\"https:\/\/ae01.alicdn.com\/kf\/S2bc5fccd681b459784d42d3f9193a97cs.jpg\" slate-data-type=\"image\" \/><img decoding=\"async\" src=\"https:\/\/ae01.alicdn.com\/kf\/Sc56c2ac8a6be476fabc41125fea07b1ei.jpg\" slate-data-type=\"image\" \/><img decoding=\"async\" src=\"https:\/\/ae01.alicdn.com\/kf\/Sbda7ca0196f64cdda33e4a1d200f312dj.jpg\" slate-data-type=\"image\" \/><img decoding=\"async\" src=\"https:\/\/ae01.alicdn.com\/kf\/Sdb923799e32947c1a349a3e293374406W.jpg\" slate-data-type=\"image\" \/><\/p>\n<div style=\"background-color:rgb(240, 234, 255);margin:20px 0px 10px;margin-bottom:10px;margin-top:20px;margin-left:0px;margin-right:0px;width:100%;height:34px\">\n <span style=\"background-color:rgb(55, 139, 238);color:rgb(255, 255, 255);font-size:24px;font-family:Verdana, Arial\">Specifikation<\/span>\n<\/div>\n<p><\/p>\n<table style=\"border-collapse:collapse;font-family:&quot;Microsoft YaHei&quot;;width:1000px\" class=\"jbEidtTable\" border=\"1\" cellpadding=\"5\" cellspacing=\"0\">\n<tbody>\n<tr>\n<td style=\"text-align:left\" align=\"left\">\n<p><span style=\"font-size:16px;font-family:arial, helvetica, sans-serif\"><strong>Generel<\/strong><\/span><\/p>\n<\/td>\n<td style=\"text-align:left\" align=\"left\">\n<p><span style=\"font-size:16px;font-family:arial, helvetica, sans-serif\">M\u00e6rke: LANPWR<br \/>Type: Rackmonteret LiFePO4-batteri<br \/>Model: LFP51.2-100<br \/>Farve: Sort<\/span><\/p>\n<\/td>\n<\/tr>\n<tr>\n<td style=\"text-align:left\" align=\"left\">\n<p><span style=\"font-size:16px;font-family:arial, helvetica, sans-serif\"><strong>Specifikation<\/strong><\/span><\/p>\n<\/td>\n<td style=\"text-align:left\" align=\"left\">\n<p><span style=\"font-size:16px;font-family:arial, helvetica, sans-serif\">Nominel sp\u00e6nding: 51,2V<br \/>Sp\u00e6ndingsomr\u00e5de: 44,8V-56V<br \/>Nominel kapacitet: 100 Ah<br \/>Nominel energi: 5120 Wh<br \/>Ladesp\u00e6ndingsomr\u00e5de: 56-57,6V<br \/>Afbrydelsessp\u00e6nding: 44,8V<br \/>Anbefalet ladestr\u00f8m: 50A<br \/>Maks. ladestr\u00f8m: 100A<br \/>Maks. afladningsstr\u00f8m: 100A<\/span><\/p>\n<\/td>\n<\/tr>\n<tr>\n<td style=\"text-align:left\" align=\"left\">\n<p><span style=\"font-size:16px;font-family:arial, helvetica, sans-serif\"><strong>V\u00e6gt og st\u00f8rrelse<\/strong><\/span><\/p>\n<\/td>\n<td style=\"text-align:left\" align=\"left\">\n<p><span style=\"font-size:16px;font-family:arial, helvetica, sans-serif\">Produktv\u00e6gt: 42,3 kg<br \/>Pakkev\u00e6gt: 45,5 kg<br \/>Produktst\u00f8rrelse (L x B x H): 490 * 451,5 * 160 mm<br \/>Pakkest\u00f8rrelse (L x B x H): 564 * 542 * 239 mm<\/span><\/p>\n<\/td>\n<\/tr>\n<tr>\n<td style=\"text-align:left\" align=\"left\">\n<p><span style=\"font-size:16px;font-family:arial, helvetica, sans-serif\"><strong>Pakkens indhold<\/strong><\/span><\/p>\n<\/td>\n<td style=\"text-align:left\" align=\"left\">\n<p><span style=\"font-size:16px;font-family:arial, helvetica, sans-serif\">1 x 51,2V 100Ah rackmonteret LiFePO4-batteri<br \/>1 x positivt parallelt batterikabel<br \/>1 x negativt parallelt batterikabel<br \/>1 x RJ45-terminalkabel<br \/>1 x Brugermanual<\/span><\/p>\n<\/td>\n<\/tr>\n<\/tbody>\n<\/table>\n<p><\/div>\n<\/div>","protected":false},"excerpt":{"rendered":"<p>Display screen:&nbsp;Yes Nominal Capacity:&nbsp;&gt;3500mAh Model Number:&nbsp;LFP51.2-100 Type:&nbsp;LiFePO4 Set Type:&nbsp;Charger Sets Nominal Voltage:&nbsp;51.2V Voltage Range:&nbsp;44.8V-56V Nominal Capacity:&nbsp;100Ah Nominal Energy:&nbsp;5120Wh Charge Voltage Range:&nbsp;56-57.6V Cut-off Voltage:&nbsp;44.8V Recommend Charge Current:&nbsp;50A Max. Charging Current:&nbsp;100A Max.<\/p>","protected":false},"featured_media":9210,"comment_status":"open","ping_status":"closed","template":"","meta":{"_acf_changed":false},"product_brand":[],"product_cat":[515],"product_tag":[],"class_list":{"0":"post-9208","1":"product","2":"type-product","3":"status-publish","4":"has-post-thumbnail","6":"product_cat-portable-power-stations","8":"first","9":"instock","10":"shipping-taxable","11":"purchasable","12":"product-type-simple"},"acf":[],"_links":{"self":[{"href":"https:\/\/electricstore.eu\/da\/wp-json\/wp\/v2\/product\/9208","targetHints":{"allow":["GET"]}}],"collection":[{"href":"https:\/\/electricstore.eu\/da\/wp-json\/wp\/v2\/product"}],"about":[{"href":"https:\/\/electricstore.eu\/da\/wp-json\/wp\/v2\/types\/product"}],"replies":[{"embeddable":true,"href":"https:\/\/electricstore.eu\/da\/wp-json\/wp\/v2\/comments?post=9208"}],"wp:featuredmedia":[{"embeddable":true,"href":"https:\/\/electricstore.eu\/da\/wp-json\/wp\/v2\/media\/9210"}],"wp:attachment":[{"href":"https:\/\/electricstore.eu\/da\/wp-json\/wp\/v2\/media?parent=9208"}],"wp:term":[{"taxonomy":"product_brand","embeddable":true,"href":"https:\/\/electricstore.eu\/da\/wp-json\/wp\/v2\/product_brand?post=9208"},{"taxonomy":"product_cat","embeddable":true,"href":"https:\/\/electricstore.eu\/da\/wp-json\/wp\/v2\/product_cat?post=9208"},{"taxonomy":"product_tag","embeddable":true,"href":"https:\/\/electricstore.eu\/da\/wp-json\/wp\/v2\/product_tag?post=9208"}],"curies":[{"name":"wp","href":"https:\/\/api.w.org\/{rel}","templated":true}]}}