{"id":9138,"date":"2025-05-20T17:45:15","date_gmt":"2025-05-20T17:45:15","guid":{"rendered":"https:\/\/electricstore.eu\/p\/uncategorized\/daranener-sp300-300w-foldable-solar-panel-adjustable-stand-22-0-photoelectric-conversion-efficiency-monocrystalline-silicon\/"},"modified":"2025-05-20T17:45:31","modified_gmt":"2025-05-20T17:45:31","slug":"daranener-sp300-300w-foldable-solar-panel-adjustable-stand-22-0-photoelectric-conversion-efficiency-monocrystalline-silicon","status":"publish","type":"product","link":"https:\/\/electricstore.eu\/da\/p\/batteries\/foldable-solar-panels\/daranener-sp300-300w-foldable-solar-panel-adjustable-stand-22-0-photoelectric-conversion-efficiency-monocrystalline-silicon\/","title":{"rendered":"DaranEner SP300 300W foldbart solpanel, justerbar stativ, 22.0% fotoelektrisk konverteringseffektivitet, monokrystallinsk silicium"},"content":{"rendered":"<div class=\"product-specs-list-container\">\n<ul class=\"product-specs-list util-clearfix\">\n<li class=\"product-prop line-limit-length\"><span\n                                        class=\"property-title\">Anvendelse:&nbsp;<\/span><span\n                                        class=\"property-desc line-limit-length\">HJEM<\/span>\n                            <\/li>\n<li class=\"product-prop line-limit-length\"><span\n                                        class=\"property-title\">Modelnummer:&nbsp;<\/span><span\n                                        class=\"property-desc line-limit-length\">SP300<\/span>\n                            <\/li>\n<\/ul><\/div>\n<div class=\"detailmodule_dynamic\"><kse:widget data-widget-type=\"customText\" id=\"1005000009406803\" type=\"relation\"><\/kse:widget><\/div>\n<div class=\"detailmodule_html\">\n<div class=\"detail-desc-decorate-richtext\">\n<p><\/p>\n<div style=\"background-color:rgb(240, 234, 255);margin:20px 0px 10px;margin-bottom:10px;margin-top:20px;margin-left:0px;margin-right:0px;width:100%;height:34px\"><span style=\"background-color:rgb(55, 139, 238);color:rgb(255, 255, 255);font-size:24px;font-family:Verdana, Arial\">H\u00f8jdepunkter<\/span><\/div>\n<div class=\"detailmodule_text\">\n<div class=\"detailmodule_html\">\n<div class=\"detail-desc-decorate-richtext\">\n<div class=\"detailmodule_text\">\n<p style=\"font-family:&quot;Microsoft YaHei&quot;;font-size:medium;font-weight:400;letter-spacing:normal;text-align:start;white-space:normal;color:rgb(0, 0, 0)\" align=\"start\"><span style=\"font-size:16px;font-family:arial, helvetica, sans-serif\">1. Lavet af monokrystallinsk silicium med h\u00f8j renhed, giver den en h\u00f8j konverteringseffektivitet p\u00e5 op til 22%; Sammenklappelig og nem at b\u00e6re;<\/span><\/p>\n<p style=\"font-family:&quot;Microsoft YaHei&quot;;font-size:medium;font-weight:400;letter-spacing:normal;text-align:start;white-space:normal;color:rgb(0, 0, 0)\" align=\"start\"><span style=\"font-size:16px;font-family:arial, helvetica, sans-serif\">2. ETFE-materiale, fremragende holdbarhed, ETFE har ogs\u00e5 h\u00f8j gennemsigtighed, med en lysgennemgang p\u00e5 op til 95%;<\/span><\/p>\n<p style=\"font-family:&quot;Microsoft YaHei&quot;;font-size:medium;font-weight:400;letter-spacing:normal;text-align:start;white-space:normal;color:rgb(0, 0, 0)\" align=\"start\"><span style=\"font-size:16px;font-family:arial, helvetica, sans-serif\">3. IP54 vandt\u00e6t, sikker at bruge selv p\u00e5 regnfulde dage;<\/span><\/p>\n<p style=\"font-family:&quot;Microsoft YaHei&quot;;font-size:medium;font-weight:400;letter-spacing:normal;text-align:start;white-space:normal;color:rgb(0, 0, 0)\" align=\"start\"><span style=\"font-size:16px;font-family:arial, helvetica, sans-serif\">4. Det indbyggede MC4-kabel forbedrer energieffektiviteten betydeligt og reducerer opladningstiden.<\/span><\/p>\n<\/div>\n<\/div>\n<\/div>\n<\/div>\n<div style=\"background-color:rgb(240, 234, 255);margin:20px 0px 10px;margin-bottom:10px;margin-top:20px;margin-left:0px;margin-right:0px;width:100%;height:34px\"><span style=\"background-color:rgb(55, 139, 238);color:rgb(255, 255, 255);font-size:24px;font-family:Verdana, Arial\">Produktdetaljer<\/span><\/div>\n<p><img decoding=\"async\" src=\"https:\/\/ae01.alicdn.com\/kf\/Sc51eaab8276341bbb08988fd3b0d4a0bB.jpg\" slate-data-type=\"image\"\/><img decoding=\"async\" src=\"https:\/\/ae01.alicdn.com\/kf\/S3ea535ac965a4133baa101a99c0f6e3c6.jpg\" slate-data-type=\"image\"\/><img decoding=\"async\" src=\"https:\/\/ae01.alicdn.com\/kf\/Sfbf8355407d8410cb29f91500a05a5994.jpg\" slate-data-type=\"image\"\/><img decoding=\"async\" src=\"https:\/\/ae01.alicdn.com\/kf\/Sd368d047dc8e46b092576922982ea1daT.jpg\" slate-data-type=\"image\"\/><\/p>\n<div style=\"background-color:rgb(240, 234, 255);margin:20px 0px 10px;margin-bottom:10px;margin-top:20px;margin-left:0px;margin-right:0px;width:100%;height:34px\"><span style=\"background-color:rgb(55, 139, 238);color:rgb(255, 255, 255);font-size:24px;font-family:Verdana, Arial\">Specifikation<\/span><\/div>\n<p><span style=\"color:rgb(0, 0, 0);font-size:16px;font-family:arial, helvetica, sans-serif\">Nominel effekt: 300W<br \/>Nominel sp\u00e6nding: 36,3V<br \/>\u00c5ben kredsl\u00f8bssp\u00e6nding: 43,5V<br \/>Nominel str\u00f8m: 8,26A<br \/>Foldet st\u00f8rrelse: Ca. 740 * 604 * 45 mm<br \/>Udfoldet st\u00f8rrelse: Ca. 2408 * 740 * 25 mm<br \/>Ledningsl\u00e6ngde: 1,5 m (MC4)<br \/>Fotoelektrisk konverteringseffektivitet: 22,0%<br \/>St\u00f8vt\u00e6t\/vandt\u00e6t klasse: IP54<br \/>Indkapsling af solpaneloverflader: ETFE<br \/>Solcelletyper: Monokrystallinsk silicium<\/span><\/p>\n<\/div>\n<\/div>\n<p><\/p>","protected":false},"excerpt":{"rendered":"<p>Application:&nbsp;HOME Model Number:&nbsp;SP300 Highlights 1. Made of high-purity monocrystalline silicon, it provides a high conversion efficiency of up to 22%; Foldable and easy to carry; 2. ETFE material, excellent durability,<\/p>","protected":false},"featured_media":9139,"comment_status":"open","ping_status":"closed","template":"","meta":{"_acf_changed":false},"product_brand":[],"product_cat":[531],"product_tag":[],"class_list":{"0":"post-9138","1":"product","2":"type-product","3":"status-publish","4":"has-post-thumbnail","6":"product_cat-foldable-solar-panels","8":"first","9":"instock","10":"shipping-taxable","11":"purchasable","12":"product-type-simple"},"acf":[],"_links":{"self":[{"href":"https:\/\/electricstore.eu\/da\/wp-json\/wp\/v2\/product\/9138","targetHints":{"allow":["GET"]}}],"collection":[{"href":"https:\/\/electricstore.eu\/da\/wp-json\/wp\/v2\/product"}],"about":[{"href":"https:\/\/electricstore.eu\/da\/wp-json\/wp\/v2\/types\/product"}],"replies":[{"embeddable":true,"href":"https:\/\/electricstore.eu\/da\/wp-json\/wp\/v2\/comments?post=9138"}],"wp:featuredmedia":[{"embeddable":true,"href":"https:\/\/electricstore.eu\/da\/wp-json\/wp\/v2\/media\/9139"}],"wp:attachment":[{"href":"https:\/\/electricstore.eu\/da\/wp-json\/wp\/v2\/media?parent=9138"}],"wp:term":[{"taxonomy":"product_brand","embeddable":true,"href":"https:\/\/electricstore.eu\/da\/wp-json\/wp\/v2\/product_brand?post=9138"},{"taxonomy":"product_cat","embeddable":true,"href":"https:\/\/electricstore.eu\/da\/wp-json\/wp\/v2\/product_cat?post=9138"},{"taxonomy":"product_tag","embeddable":true,"href":"https:\/\/electricstore.eu\/da\/wp-json\/wp\/v2\/product_tag?post=9138"}],"curies":[{"name":"wp","href":"https:\/\/api.w.org\/{rel}","templated":true}]}}