{"id":9133,"date":"2025-05-20T17:45:12","date_gmt":"2025-05-20T17:45:12","guid":{"rendered":"https:\/\/electricstore.eu\/p\/uncategorized\/daranener-neo1500pro-portable-power-station-1382wh-lifepo4-solar-generator-1800w-ac-output-charge-to-80-in-1-hour-14-ports\/"},"modified":"2025-05-20T17:45:26","modified_gmt":"2025-05-20T17:45:26","slug":"daranener-neo1500pro-portable-power-station-1382wh-lifepo4-solar-generator-1800w-ac-output-charge-to-80-in-1-hour-14-ports","status":"publish","type":"product","link":"https:\/\/electricstore.eu\/da\/p\/batteries\/portable-power-stations\/daranener-neo1500pro-portable-power-station-1382wh-lifepo4-solar-generator-1800w-ac-output-charge-to-80-in-1-hour-14-ports\/","title":{"rendered":"DaranEner NEO1500Pro b\u00e6rbart kraftv\u00e6rk, 1382Wh LiFePO4 solgenerator, 1800W AC-udgang, opladning til 80% p\u00e5 1 time, 14 porte"},"content":{"rendered":"<div class=\"product-specs-list-container\">\n<ul class=\"product-specs-list util-clearfix\">\n<li class=\"product-prop line-limit-length\"><span\n                                        class=\"property-title\">Sk\u00e6rm:&nbsp;<\/span><span\n                                        class=\"property-desc line-limit-length\">Ja<\/span>\n                            <\/li>\n<li class=\"product-prop line-limit-length\"><span\n                                        class=\"property-title\">Nominel kapacitet:&nbsp;<\/span><span\n                                        class=\"property-desc line-limit-length\">&gt;3500mAh<\/span>\n                            <\/li>\n<li class=\"product-prop line-limit-length\"><span\n                                        class=\"property-title\">Modelnummer:&nbsp;<\/span><span\n                                        class=\"property-desc line-limit-length\">NEO1500Pro<\/span>\n                            <\/li>\n<li class=\"product-prop line-limit-length\"><span\n                                        class=\"property-title\">Type:&nbsp;<\/span><span\n                                        class=\"property-desc line-limit-length\">LiFePO4<\/span>\n                            <\/li>\n<li class=\"product-prop line-limit-length\"><span\n                                        class=\"property-title\">S\u00e6ttype:&nbsp;<\/span><span\n                                        class=\"property-desc line-limit-length\">Opladers\u00e6t<\/span>\n                            <\/li>\n<li class=\"product-prop line-limit-length\"><span\n                                        class=\"property-title\">Kapacitet:&nbsp;<\/span><span\n                                        class=\"property-desc line-limit-length\">1382Wh<\/span>\n                            <\/li>\n<li class=\"product-prop line-limit-length\"><span\n                                        class=\"property-title\">Celletype:&nbsp;<\/span><span\n                                        class=\"property-desc line-limit-length\">LiFePo4<\/span>\n                            <\/li>\n<li class=\"product-prop line-limit-length\"><span\n                                        class=\"property-title\">Cyklustider:&nbsp;<\/span><span\n                                        class=\"property-desc line-limit-length\">3500+ cyklusser til 80% af oprindelig kapacitet<\/span>\n                            <\/li>\n<li class=\"product-prop line-limit-length\"><span\n                                        class=\"property-title\">System:&nbsp;<\/span><span\n                                        class=\"property-desc line-limit-length\">MPPT-controller, BMS osv.<\/span>\n                            <\/li>\n<li class=\"product-prop line-limit-length\"><span\n                                        class=\"property-title\">USB-A*4:&nbsp;<\/span><span\n                                        class=\"property-desc line-limit-length\">MAKS. 24W<\/span>\n                            <\/li>\n<li class=\"product-prop line-limit-length\"><span\n                                        class=\"property-title\">USB-C*2:&nbsp;<\/span><span\n                                        class=\"property-desc line-limit-length\">Maks. 100W<\/span>\n                            <\/li>\n<li class=\"product-prop line-limit-length\"><span\n                                        class=\"property-title\">Bilstikudgang:&nbsp;<\/span><span\n                                        class=\"property-desc line-limit-length\">Maks. 120 W (12 V\u23938 A)<\/span>\n                            <\/li>\n<li class=\"product-prop line-limit-length\"><span\n                                        class=\"property-title\">AC-udgang:&nbsp;<\/span><span\n                                        class=\"property-desc line-limit-length\">1800W (maks. 3000W) 230V 50Hz\/60Hz<\/span>\n                            <\/li>\n<li class=\"product-prop line-limit-length\"><span\n                                        class=\"property-title\">LED-belysning:&nbsp;<\/span><span\n                                        class=\"property-desc line-limit-length\">3W<\/span>\n                            <\/li>\n<li class=\"product-prop line-limit-length\"><span\n                                        class=\"property-title\">AC-indgang:&nbsp;<\/span><span\n                                        class=\"property-desc line-limit-length\">Maks. 1300W (230V\/5,7A)<\/span>\n                            <\/li>\n<li class=\"product-prop line-limit-length\"><span\n                                        class=\"property-title\">Solopladning:&nbsp;<\/span><span\n                                        class=\"property-desc line-limit-length\">Maks. 600W (XT60-port 33-60V\/20A)<\/span>\n                            <\/li>\n<li class=\"product-prop line-limit-length\"><span\n                                        class=\"property-title\">Driftstemperatur:&nbsp;<\/span><span\n                                        class=\"property-desc line-limit-length\">-10-45\u00b0C<\/span>\n                            <\/li>\n<\/ul><\/div>\n<div class=\"detailmodule_dynamic\"><kse:widget data-widget-type=\"customText\" id=\"1005000009406803\" type=\"relation\"><\/kse:widget><\/div>\n<div class=\"detailmodule_html\">\n<div class=\"detail-desc-decorate-richtext\">\n<p><\/p>\n<div style=\"background-color:rgb(240, 234, 255);margin:20px 0px 10px;margin-bottom:10px;margin-top:20px;margin-left:0px;margin-right:0px;width:100%;height:34px\"><span style=\"background-color:rgb(55, 139, 238);color:rgb(255, 255, 255);font-size:24px;font-family:Verdana, Arial\">H\u00f8jdepunkter<\/span><\/div>\n<div class=\"detailmodule_text\">\n<p style=\"font-family:&quot;Microsoft YaHei&quot;;letter-spacing:normal;text-align:start;white-space:normal;color:rgb(0, 0, 0)\" align=\"start\"><strong><span style=\"font-size:16px;font-family:arial, helvetica, sans-serif\">Hurtig genopladningshastighed<\/span><\/strong><\/p>\n<p style=\"font-family:&quot;Microsoft YaHei&quot;;font-size:medium;font-weight:400;letter-spacing:normal;text-align:start;white-space:normal;color:rgb(0, 0, 0)\" align=\"start\"><span style=\"font-size:16px;font-family:arial, helvetica, sans-serif\">B\u00e6rbar str\u00f8mforsyning fra 0% til 80% med AC-opladning p\u00e5 kun 1 time og fuld opladning p\u00e5 kun 1,3 timer. Derudover underst\u00f8tter den h\u00f8jtydende solcelleindgang p\u00e5 op til 600 W med et 33V-60V XT60-interface. Den kan hurtigt oplade op til 80% p\u00e5 bare 2 timer med solenergi, selv n\u00e5r den er off-grid. Sikrer en hurtig og tilg\u00e6ngelig str\u00f8mforsyning, uanset hvor du er.<\/span><\/p>\n<div><\/div>\n<p style=\"font-family:&quot;Microsoft YaHei&quot;;letter-spacing:normal;text-align:start;white-space:normal;color:rgb(0, 0, 0)\" align=\"start\"><strong><span style=\"font-size:16px;font-family:arial, helvetica, sans-serif\">LiFePO4-batteri med stor kapacitet<\/span><\/strong><\/p>\n<p style=\"font-family:&quot;Microsoft YaHei&quot;;font-size:medium;font-weight:400;letter-spacing:normal;text-align:start;white-space:normal;color:rgb(0, 0, 0)\" align=\"start\"><span style=\"font-size:16px;font-family:arial, helvetica, sans-serif\">Denne solcellegenerator har en 1382,4 Wh LiFePO4-batteripakke, der er kendt for sin overlegne termiske og kemiske stabilitet, og som kan klare over 3.500 opladningscyklusser, hvilket sikrer en batterilevetid p\u00e5 over 10 \u00e5r, hvis den bruges hver dag. Avanceret BMS og brandsikre materialer i V0-kvalitet er indarbejdet for at garantere holdbarhed og sikkerhed.<\/span><\/p>\n<div><\/div>\n<p style=\"font-family:&quot;Microsoft YaHei&quot;;letter-spacing:normal;text-align:start;white-space:normal;color:rgb(0, 0, 0)\" align=\"start\"><strong><span style=\"font-size:16px;font-family:arial, helvetica, sans-serif\">Str\u00f8mforsyning til 14 enheder<\/span><\/strong><\/p>\n<p style=\"font-family:&quot;Microsoft YaHei&quot;;font-size:medium;font-weight:400;letter-spacing:normal;text-align:start;white-space:normal;color:rgb(0, 0, 0)\" align=\"start\"><span style=\"font-size:16px;font-family:arial, helvetica, sans-serif\">Med en h\u00f8j kontinuerlig effekt p\u00e5 1800 W og en sp\u00e6ndingsudladning p\u00e5 2600 W kan denne str\u00f8mforsyning h\u00e5ndtere 95% af daglige apparater. Udstyret med 3 AC-stik, 1 cigaretstik til bilen, 2 PD100W USB-C-porte, 4 USB-A-porte og 4 12V DC5521-porte kan NEO1500 Pro forsyne en bred vifte af enheder med str\u00f8m, lige fra telefoner, kameraer og b\u00e6rbare computere til elektriske varmeovne, k\u00f8leskabe og endda klimaanl\u00e6g.<\/span><\/p>\n<div><\/div>\n<p style=\"font-family:&quot;Microsoft YaHei&quot;;letter-spacing:normal;text-align:start;white-space:normal;color:rgb(0, 0, 0)\" align=\"start\"><strong><span style=\"font-size:16px;font-family:arial, helvetica, sans-serif\">Den ultimative n\u00f8dledsager<\/span><\/strong><\/p>\n<p style=\"font-family:&quot;Microsoft YaHei&quot;;font-size:medium;font-weight:400;letter-spacing:normal;text-align:start;white-space:normal;color:rgb(0, 0, 0)\" align=\"start\"><span style=\"font-size:16px;font-family:arial, helvetica, sans-serif\">Str\u00f8mforsyningen har en UPS-funktion med en t\u00e6ndingstid p\u00e5 \u226415 ms, der fungerer som en p\u00e5lidelig backup-str\u00f8mforsyning til hjemmet. Den kan beskytte dine kritiske data, akvariesystemer og andet vigtigt udstyr under str\u00f8mafbrydelser. NEO1500 Pros dybe dvaletilstand minimerer den interne selvafladning af batteriet, hvilket sikrer et h\u00f8jt niveau af lagret str\u00f8m i l\u00e6ngere perioder, hvilket g\u00f8r den til en ideel backup-str\u00f8mkilde n\u00e5r som helst og hvor som helst.<\/span><\/p>\n<\/div>\n<div style=\"background-color:rgb(240, 234, 255);margin:20px 0px 10px;margin-bottom:10px;margin-top:20px;margin-left:0px;margin-right:0px;width:100%;height:34px\"><span style=\"background-color:rgb(55, 139, 238);color:rgb(255, 255, 255);font-size:24px;font-family:Verdana, Arial\">Produktdetaljer<\/span><\/div>\n<p><img decoding=\"async\" src=\"https:\/\/ae01.alicdn.com\/kf\/S6d4381a8839f4b92a796edbb468e6f904.jpg\" slate-data-type=\"image\"\/><img decoding=\"async\" src=\"https:\/\/ae01.alicdn.com\/kf\/S212a4fd57b3c494996a8c5b7656608a0h.jpg\" slate-data-type=\"image\"\/><img decoding=\"async\" src=\"https:\/\/ae01.alicdn.com\/kf\/S08b408f6779747f8ac198199acd591d3X.jpg\" slate-data-type=\"image\"\/><img decoding=\"async\" src=\"https:\/\/ae01.alicdn.com\/kf\/Sbc3f636544164409a080372f6cda2dd9L.jpg\" slate-data-type=\"image\"\/><img decoding=\"async\" src=\"https:\/\/ae01.alicdn.com\/kf\/S6c99e79f2b764bfdbf1cd8aeb6b1905dt.jpg\" slate-data-type=\"image\"\/><img decoding=\"async\" src=\"https:\/\/ae01.alicdn.com\/kf\/S2712e0230a0a43e1a728b136cc570e5dc.jpg\" slate-data-type=\"image\"\/><img decoding=\"async\" src=\"https:\/\/ae01.alicdn.com\/kf\/S97efa334eeb64f44a0260228f2bdd6bc7.jpg\" slate-data-type=\"image\"\/><img decoding=\"async\" src=\"https:\/\/ae01.alicdn.com\/kf\/S9d7363d509d345b7a2f50ffaa34ea27ff.jpg\" slate-data-type=\"image\"\/><img decoding=\"async\" src=\"https:\/\/ae01.alicdn.com\/kf\/Sdda8344a40874aa89e0da9482beacdf7t.jpg\" slate-data-type=\"image\"\/><img decoding=\"async\" src=\"https:\/\/ae01.alicdn.com\/kf\/S0fda479049bd452fb9524ce594519dfeq.jpg\" slate-data-type=\"image\"\/><img decoding=\"async\" src=\"https:\/\/ae01.alicdn.com\/kf\/S4326839354cb4441809004c97d4d7359G.jpg\" slate-data-type=\"image\"\/><img decoding=\"async\" src=\"https:\/\/ae01.alicdn.com\/kf\/S84d80288d6584f20823887efe5330c0az.jpg\" slate-data-type=\"image\"\/><img decoding=\"async\" src=\"https:\/\/ae01.alicdn.com\/kf\/S9b9caa440e5747059606da659787656ar.jpg\" slate-data-type=\"image\"\/><img decoding=\"async\" src=\"https:\/\/ae01.alicdn.com\/kf\/Sc26a815f968543799496de3a95130bf6V.jpg\" slate-data-type=\"image\"\/><\/p>\n<div style=\"background-color:rgb(240, 234, 255);margin:20px 0px 10px;margin-bottom:10px;margin-top:20px;margin-left:0px;margin-right:0px;width:100%;height:34px\"><span style=\"background-color:rgb(55, 139, 238);color:rgb(255, 255, 255);font-size:24px;font-family:Verdana, Arial\">Specifikation<\/span><\/div>\n<div><\/div>\n<table style=\"border-collapse:collapse;font-family:&quot;Microsoft YaHei&quot;;width:1000px\" class=\"jbEidtTable\" border=\"1\" cellpadding=\"5\" cellspacing=\"0\">\n<tbody>\n<tr>\n<td style=\"text-align:left\" align=\"left\">\n<p><span style=\"font-size:16px;font-family:arial, helvetica, sans-serif\">Generel<\/span><\/p>\n<\/td>\n<td style=\"text-align:left\" align=\"left\">\n<p><span style=\"font-size:16px;font-family:arial, helvetica, sans-serif\">M\u00e6rke: DaranEner<br \/>Type: B\u00e6rbart kraftv\u00e6rk<br \/>Model: NEO1500Pro\u00a0<br \/>Farve: Sort<\/span><\/p>\n<\/td>\n<\/tr>\n<tr>\n<td style=\"text-align:left\" align=\"left\">\n<p><span style=\"font-size:16px;font-family:arial, helvetica, sans-serif\">Specifikation<\/span><\/p>\n<\/td>\n<td style=\"text-align:left\" align=\"left\">\n<div><span style=\"font-size:16px;font-family:arial, helvetica, sans-serif\">Kapacitet: 1382 Wh<br \/>Type: LiFePO4<br \/>Livscyklusser: 3500+ cyklusser til 80% af oprindelig kapacitet<br \/>Holdbarhed: Oplad til 80% hver 3.-6. m\u00e5ned<br \/>System: MPPT-controller, BMS osv.<\/span><\/div>\n<p><span style=\"font-size:16px;font-family:arial, helvetica, sans-serif\">Produktion<br \/>USB-A*4: MAKS. 24W<br \/>USB-C*2: Maks. 100 W<br \/>Bilstikudgang: Maks. 120W (12V\u23938A)<br \/>AC-udgang: 1800W (maks. 3000W) 230V 50Hz\/60Hz<br \/>LED-belysning: 3W<\/span><\/p>\n<p><span style=\"font-size:16px;font-family:arial, helvetica, sans-serif\">Indtastning:<br \/>AC-indgang: Maks. 1300W (230V\/5,7A)<br \/>Solcelleopladning: Maks. 600W (XT60-port 33-60V\/20A)<\/span><\/p>\n<p><span style=\"font-size:16px;font-family:arial, helvetica, sans-serif\">Driftstemperatur: -10-45\u00b0C<\/span><\/p>\n<\/td>\n<\/tr>\n<tr>\n<td style=\"text-align:left\" align=\"left\">\n<p><span style=\"font-size:16px;font-family:arial, helvetica, sans-serif\">V\u00e6gt og st\u00f8rrelse<\/span><\/p>\n<\/td>\n<td style=\"text-align:left\" align=\"left\">\n<p><span style=\"font-size:16px;font-family:arial, helvetica, sans-serif\">Produktv\u00e6gt: 18,66 kg<br \/>Pakkev\u00e6gt: 20,92 kg<br \/>Produktst\u00f8rrelse (L x B x H): 44,0 * 23,5 * 29,5 cm<br \/>Pakkest\u00f8rrelse (L x B x H): 53,6 * 32,2 * 42,7 cm<\/span><\/p>\n<\/td>\n<\/tr>\n<tr>\n<td style=\"text-align:left\" align=\"left\">\n<p><span style=\"font-size:16px;font-family:arial, helvetica, sans-serif\">Pakkens indhold<\/span><\/p>\n<\/td>\n<td style=\"text-align:left\" align=\"left\">\n<p><span style=\"font-size:16px;font-family:arial, helvetica, sans-serif\">1 x B\u00e6rbar kraftstation<br \/>1 x MC4 til XT60 solcellekabel<br \/>1 x AC-opladekabel<br \/>1 x USB-C-kabel<br \/>1 x Brugermanual<\/span><\/p>\n<\/td>\n<\/tr>\n<\/tbody>\n<\/table>\n<div><\/div>\n<\/div>\n<\/div>\n<p><\/p>","protected":false},"excerpt":{"rendered":"<p>Display screen:&nbsp;Yes Nominal Capacity:&nbsp;&gt;3500mAh Model Number:&nbsp;NEO1500Pro Type:&nbsp;LiFePO4 Set Type:&nbsp;Charger Sets Capacity:&nbsp;1382Wh Cell Type:&nbsp;LiFePo4 Cycle Times:&nbsp;3500+ cycles to 80% of original capacity System:&nbsp;MPPT controller, BMS, etc. USB-A*4:&nbsp;MAX. 24W USB-C*2:&nbsp;Max.100W Car socket<\/p>","protected":false},"featured_media":9134,"comment_status":"open","ping_status":"closed","template":"","meta":{"_acf_changed":false},"product_brand":[],"product_cat":[515],"product_tag":[],"class_list":{"0":"post-9133","1":"product","2":"type-product","3":"status-publish","4":"has-post-thumbnail","6":"product_cat-portable-power-stations","8":"first","9":"instock","10":"shipping-taxable","11":"purchasable","12":"product-type-simple"},"acf":[],"_links":{"self":[{"href":"https:\/\/electricstore.eu\/da\/wp-json\/wp\/v2\/product\/9133","targetHints":{"allow":["GET"]}}],"collection":[{"href":"https:\/\/electricstore.eu\/da\/wp-json\/wp\/v2\/product"}],"about":[{"href":"https:\/\/electricstore.eu\/da\/wp-json\/wp\/v2\/types\/product"}],"replies":[{"embeddable":true,"href":"https:\/\/electricstore.eu\/da\/wp-json\/wp\/v2\/comments?post=9133"}],"wp:featuredmedia":[{"embeddable":true,"href":"https:\/\/electricstore.eu\/da\/wp-json\/wp\/v2\/media\/9134"}],"wp:attachment":[{"href":"https:\/\/electricstore.eu\/da\/wp-json\/wp\/v2\/media?parent=9133"}],"wp:term":[{"taxonomy":"product_brand","embeddable":true,"href":"https:\/\/electricstore.eu\/da\/wp-json\/wp\/v2\/product_brand?post=9133"},{"taxonomy":"product_cat","embeddable":true,"href":"https:\/\/electricstore.eu\/da\/wp-json\/wp\/v2\/product_cat?post=9133"},{"taxonomy":"product_tag","embeddable":true,"href":"https:\/\/electricstore.eu\/da\/wp-json\/wp\/v2\/product_tag?post=9133"}],"curies":[{"name":"wp","href":"https:\/\/api.w.org\/{rel}","templated":true}]}}