{"id":8441,"date":"2025-05-19T20:30:58","date_gmt":"2025-05-19T20:30:58","guid":{"rendered":"https:\/\/electricstore.eu\/product\/uncategorized\/l12-48v-max-speed-45-mph-range-35-45-km-electric-scooter\/"},"modified":"2025-05-21T05:41:28","modified_gmt":"2025-05-21T05:41:28","slug":"l12-48v-max-speed-45-mph-range-35-45-km-electric-scooter","status":"publish","type":"product","link":"https:\/\/electricstore.eu\/da\/p\/scooters\/electric-off-road-scooter\/l12-48v-max-speed-45-mph-range-35-45-km-electric-scooter\/","title":{"rendered":"Geofought L12 500W 48V 13Ah 45 km\/t 35-45 km 10\u2033 Tohjulet Scooter"},"content":{"rendered":"<div class=\"product-specs-list-container\">\n<ul class=\"product-specs-list util-clearfix\">\n<li class=\"product-prop line-limit-length\"><span\n                                        class=\"property-title\">D\u00e6kst\u00f8rrelse:&nbsp;<\/span><span\n                                        class=\"property-desc line-limit-length\">10 tommer<\/span>\n                            <\/li>\n<li class=\"product-prop line-limit-length\"><span\n                                        class=\"property-title\">Modelnummer:&nbsp;<\/span><span\n                                        class=\"property-desc line-limit-length\">L12<\/span>\n                            <\/li>\n<li class=\"product-prop line-limit-length\"><span\n                                        class=\"property-title\">Kategori:&nbsp;<\/span><span\n                                        class=\"property-desc line-limit-length\">Tohjulet scooter<\/span>\n                            <\/li>\n<li class=\"product-prop line-limit-length\"><span\n                                        class=\"property-title\">Relevante personer:&nbsp;<\/span><span\n                                        class=\"property-desc line-limit-length\">Unisex<\/span>\n                            <\/li>\n<li class=\"product-prop line-limit-length\"><span\n                                        class=\"property-title\">R\u00e6kkevidde pr. opladning:&nbsp;<\/span><span\n                                        class=\"property-desc line-limit-length\">40-60 km<\/span>\n                            <\/li>\n<li class=\"product-prop line-limit-length\"><span\n                                        class=\"property-title\">Opladningstid:&nbsp;<\/span><span\n                                        class=\"property-desc line-limit-length\">6-8 timer<\/span>\n                            <\/li>\n<li class=\"product-prop line-limit-length\"><span\n                                        class=\"property-title\">Sp\u00e6nding:&nbsp;<\/span><span\n                                        class=\"property-desc line-limit-length\">48v<\/span>\n                            <\/li>\n<li class=\"product-prop line-limit-length\"><span\n                                        class=\"property-title\">Foldet:&nbsp;<\/span><span\n                                        class=\"property-desc line-limit-length\">JA<\/span>\n                            <\/li>\n<li class=\"product-prop line-limit-length\"><span\n                                        class=\"property-title\">Oprindelse:&nbsp;<\/span><span\n                                        class=\"property-desc line-limit-length\">Kinas fastland<\/span>\n                            <\/li>\n<li class=\"product-prop line-limit-length\"><span\n                                        class=\"property-title\">Effekt (W):&nbsp;<\/span><span\n                                        class=\"property-desc line-limit-length\">201-500W<\/span>\n                            <\/li>\n<li class=\"product-prop line-limit-length\"><span\n                                        class=\"property-title\">Oprindelsessted:&nbsp;<\/span><span\n                                        class=\"property-desc line-limit-length\">Jiangsu, Kina<\/span>\n                            <\/li>\n<li class=\"product-prop line-limit-length\"><span\n                                        class=\"property-title\">M\u00e6rke:&nbsp;<\/span><span\n                                        class=\"property-desc line-limit-length\">Geofought<\/span>\n                            <\/li>\n<li class=\"product-prop line-limit-length\"><span\n                                        class=\"property-title\">Modelnummer:&nbsp;<\/span><span\n                                        class=\"property-desc line-limit-length\">L12<\/span>\n                            <\/li>\n<li class=\"product-prop line-limit-length\"><span\n                                        class=\"property-title\">Magt:&nbsp;<\/span><span\n                                        class=\"property-desc line-limit-length\">500W, 500w motor<\/span>\n                            <\/li>\n<li class=\"product-prop line-limit-length\"><span\n                                        class=\"property-title\">Sp\u00e6nding:&nbsp;<\/span><span\n                                        class=\"property-desc line-limit-length\">48V<\/span>\n                            <\/li>\n<li class=\"product-prop line-limit-length\"><span\n                                        class=\"property-title\">Opladningstid:&nbsp;<\/span><span\n                                        class=\"property-desc line-limit-length\">6-10 timer<\/span>\n                            <\/li>\n<li class=\"product-prop line-limit-length\"><span\n                                        class=\"property-title\">Sammenklappelig:&nbsp;<\/span><span\n                                        class=\"property-desc line-limit-length\">Ja<\/span>\n                            <\/li>\n<li class=\"product-prop line-limit-length\"><span\n                                        class=\"property-title\">R\u00e6kkevidde pr. opladning:&nbsp;<\/span><span\n                                        class=\"property-desc line-limit-length\">35-45 km<\/span>\n                            <\/li>\n<li class=\"product-prop line-limit-length\"><span\n                                        class=\"property-title\">Maksimal hastighed:&nbsp;<\/span><span\n                                        class=\"property-desc line-limit-length\">41-50 km\/t, 45 km\/t<\/span>\n                            <\/li>\n<li class=\"product-prop line-limit-length\"><span\n                                        class=\"property-title\">Kategori:&nbsp;<\/span><span\n                                        class=\"property-desc line-limit-length\">Tohjulet scooter<\/span>\n                            <\/li>\n<li class=\"product-prop line-limit-length\"><span\n                                        class=\"property-title\">G\u00e6lder for m\u00e6ngden:&nbsp;<\/span><span\n                                        class=\"property-desc line-limit-length\">Unisex<\/span>\n                            <\/li>\n<li class=\"product-prop line-limit-length\"><span\n                                        class=\"property-title\">Smart type:&nbsp;<\/span><span\n                                        class=\"property-desc line-limit-length\">Elektronisk<\/span>\n                            <\/li>\n<li class=\"product-prop line-limit-length\"><span\n                                        class=\"property-title\">Batterikapacitet:&nbsp;<\/span><span\n                                        class=\"property-desc line-limit-length\">13AH<\/span>\n                            <\/li>\n<li class=\"product-prop line-limit-length\"><span\n                                        class=\"property-title\">M\u00e6rkenavn:&nbsp;<\/span><span\n                                        class=\"property-desc line-limit-length\">Geofought-scooter<\/span>\n                            <\/li>\n<li class=\"product-prop line-limit-length\"><span\n                                        class=\"property-title\">D\u00e6k:&nbsp;<\/span><span\n                                        class=\"property-desc line-limit-length\">10 tommer<\/span>\n                            <\/li>\n<li class=\"product-prop line-limit-length\"><span\n                                        class=\"property-title\">R\u00e6kkevidde:&nbsp;<\/span><span\n                                        class=\"property-desc line-limit-length\">35-45 km<\/span>\n                            <\/li>\n<li class=\"product-prop line-limit-length\"><span\n                                        class=\"property-title\">Batteritype:&nbsp;<\/span><span\n                                        class=\"property-desc line-limit-length\">Lithiumbatteri<\/span>\n                            <\/li>\n<li class=\"product-prop line-limit-length\"><span\n                                        class=\"property-title\">Batteri:&nbsp;<\/span><span\n                                        class=\"property-desc line-limit-length\">13ah<\/span>\n                            <\/li>\n<li class=\"product-prop line-limit-length\"><span\n                                        class=\"property-title\">Maks. belastning (kg):&nbsp;<\/span><span\n                                        class=\"property-desc line-limit-length\">150 kg<\/span>\n                            <\/li>\n<li class=\"product-prop line-limit-length\"><span\n                                        class=\"property-title\">Gear:&nbsp;<\/span><span\n                                        class=\"property-desc line-limit-length\">3 gear<\/span>\n                            <\/li>\n<li class=\"product-prop line-limit-length\"><span\n                                        class=\"property-title\">Pakningsst\u00f8rrelse:&nbsp;<\/span><span\n                                        class=\"property-desc line-limit-length\">128*28*52 cm<\/span>\n                            <\/li>\n<li class=\"product-prop line-limit-length\"><span\n                                        class=\"property-title\">Certifikat:&nbsp;<\/span><span\n                                        class=\"property-desc line-limit-length\"><\/span>\n                            <\/li>\n<\/ul><\/div>\n<div class=\"detailmodule_html\">\n<div class=\"detail-desc-decorate-richtext\">\n<div id=\"detail_decorate_root\">\n<div>\u00a0<\/div>\n<div>\n<div id=\"ali-anchor-AliMagic-gzf72v\">Produktbeskrivelse<\/div>\n<\/div>\n<div>\n<div>\n<div>\n<div>\n<div>\n<div>\n<div><strong>EU p\u00e5 lager Elektrisk Step Elektric Scooter 10 tommer 500w 45 km\/t maks. hastighed Udskift batteri Elektrisk Scooter <\/strong><\/div>\n<div>\n<div><span>48v 500w enkeltmotor <\/span><\/div>\n<div><span>Type: 10 tommer landevejsd\u00e6k Batterikapacitet: 48v 13ah Hastighed: 45 km\/t, 3 gear R\u00e6kkevidde: 35-45 km<\/span><\/div>\n<\/div>\n<\/div>\n<\/div>\n<\/div>\n<\/div>\n<\/div>\n<\/div>\n<div>\n<div>\n<div>\n<div>\n<div>\n<div><img decoding=\"async\" class=\"magic-8\" src=\"https:\/\/ae01.alicdn.com\/kf\/S4ed53e5dfba1433584b8e0b9c189dd85b.jpg?width=1000&amp;height=1000&amp;hash=2000\" slate-data-type=\"image\"\/><\/div>\n<\/div>\n<\/div>\n<\/div>\n<\/div>\n<\/div>\n<div>\u00a0<\/div>\n<div>\n<div>\n<table style=\"border-collapse:collapse\" class=\"has-title all magic-10\">\n<tbody>\n<tr>\n<td rowspan=\"1\" colspan=\"1\">\n<div>produktnavn<\/div>\n<\/td>\n<td rowspan=\"1\" colspan=\"1\">\n<div>Geofought L12<\/div>\n<\/td>\n<\/tr>\n<tr>\n<td rowspan=\"1\" colspan=\"1\">\n<div>Motorens nominelle effekt<\/div>\n<\/td>\n<td rowspan=\"1\" colspan=\"1\">\n<div>500w<\/div>\n<\/td>\n<\/tr>\n<tr>\n<td rowspan=\"1\" colspan=\"1\">\n<div>R\u00e6kkevidde (km)<\/div>\n<\/td>\n<td rowspan=\"1\" colspan=\"1\">\n<div>35-45 km<\/div>\n<\/td>\n<\/tr>\n<tr>\n<td rowspan=\"1\" colspan=\"1\">\n<div>Batteritype<\/div>\n<\/td>\n<td rowspan=\"1\" colspan=\"1\">\n<div>Lithiumbatteri<\/div>\n<\/td>\n<\/tr>\n<tr>\n<td rowspan=\"1\" colspan=\"1\">\n<div>Batterikapacitet (AH)<\/div>\n<\/td>\n<td rowspan=\"1\" colspan=\"1\">\n<div><span class=\"magic-13\">48v 13ah<\/span><\/div>\n<\/td>\n<\/tr>\n<tr>\n<td rowspan=\"1\" colspan=\"1\">\n<div>Tophastighed (km\/t)<\/div>\n<\/td>\n<td rowspan=\"1\" colspan=\"1\">\n<div>45 km\/t<\/div>\n<\/td>\n<\/tr>\n<tr>\n<td rowspan=\"1\" colspan=\"1\">\n<div>Maks. belastning (kg)<\/div>\n<\/td>\n<td rowspan=\"1\" colspan=\"1\">\n<div>150 kg<\/div>\n<\/td>\n<\/tr>\n<tr>\n<td rowspan=\"1\" colspan=\"1\">\n<div>D\u00e6kst\u00f8rrelse<\/div>\n<\/td>\n<td rowspan=\"1\" colspan=\"1\">\n<div>10 tommer\u00a0<\/div>\n<\/td>\n<\/tr>\n<tr>\n<td rowspan=\"1\" colspan=\"1\">\n<div>Bremse<\/div>\n<\/td>\n<td rowspan=\"1\" colspan=\"1\">\n<div>Skivebremse\u00a0<\/div>\n<\/td>\n<\/tr>\n<tr>\n<td rowspan=\"1\" colspan=\"1\">\n<div>Kropsst\u00f8rrelse<\/div>\n<\/td>\n<td rowspan=\"1\" colspan=\"1\">\n<div>128*28*54<\/div>\n<\/td>\n<\/tr>\n<\/tbody>\n<\/table>\n<\/div>\n<\/div>\n<div>\n<div>\n<div>\n<div>\n<div>\n<div><span><strong>Detaljebillede<\/strong><\/span><\/div>\n<\/div>\n<\/div>\n<\/div>\n<\/div>\n<\/div>\n<div>\n<div>\n<div>\n<div>\n<div>\n<div><img decoding=\"async\" class=\"magic-16\" src=\"https:\/\/ae01.alicdn.com\/kf\/S970ee5b33c4e4b25b4f65a171e7a61d0j.jpg?width=750&amp;height=1200&amp;hash=1950\" slate-data-type=\"image\"\/><\/div>\n<\/div>\n<\/div>\n<\/div>\n<\/div>\n<\/div>\n<div>\n<div>\n<div>\n<div>\n<div>\n<div><img decoding=\"async\" class=\"magic-18\" src=\"https:\/\/ae01.alicdn.com\/kf\/S8e522b3a41da4fbb8c4e70ba1661bfecg.jpg?width=750&amp;height=1258&amp;hash=2008\" slate-data-type=\"image\"\/><\/div>\n<\/div>\n<\/div>\n<\/div>\n<\/div>\n<\/div>\n<div>\n<div>\n<div>\n<div>\n<div>\n<div><img decoding=\"async\" class=\"magic-20\" src=\"https:\/\/ae01.alicdn.com\/kf\/Sf29a88e4a8e14e70b8483e0da7d6f2d0I.jpg?width=1920&amp;height=1080&amp;hash=3000\" slate-data-type=\"image\"\/><\/div>\n<\/div>\n<\/div>\n<\/div>\n<\/div>\n<\/div>\n<div>\n<div>\n<div>\n<div>\n<div>\n<div><img decoding=\"async\" class=\"magic-22\" src=\"https:\/\/ae01.alicdn.com\/kf\/Sf6c9e27028b348259cbfb3c3a96b0483V.jpg?width=1440&amp;height=1080&amp;hash=2520\" slate-data-type=\"image\"\/><\/div>\n<\/div>\n<\/div>\n<\/div>\n<\/div>\n<\/div>\n<div>\n<div id=\"ali-anchor-AliMagic-s22dnq\">Kundefeedback<\/div>\n<\/div>\n<div>\n<div>\n<div>\n<div>\n<div>\n<div><img decoding=\"async\" class=\"magic-24\" src=\"https:\/\/ae01.alicdn.com\/kf\/Sdc13db1a3ab74cf2904abd72c61d48d0b.jpg?width=540&amp;height=1200&amp;hash=1740\" slate-data-type=\"image\"\/><\/div>\n<div><img decoding=\"async\" class=\"magic-24\" src=\"https:\/\/ae01.alicdn.com\/kf\/S1fbc61221bd5448684f23007acd22025B.jpg?width=1080&amp;height=2400&amp;hash=3480\" slate-data-type=\"image\"\/><\/div>\n<\/div>\n<\/div>\n<\/div>\n<\/div>\n<\/div>\n<div>\n<div>\n<div>\n<div>\n<div>\n<div><img decoding=\"async\" class=\"magic-27\" src=\"https:\/\/ae01.alicdn.com\/kf\/S474162c8d33c4784b28148568327068fj.jpg?width=476&amp;height=460&amp;hash=936\" slate-data-type=\"image\"\/><\/div>\n<div><img decoding=\"async\" class=\"magic-29\" src=\"https:\/\/ae01.alicdn.com\/kf\/S6e9edb81d801437597dd48b431b84fe51.jpg?width=476&amp;height=507&amp;hash=983\" slate-data-type=\"image\"\/><\/div>\n<\/div>\n<\/div>\n<\/div>\n<\/div>\n<\/div>\n<div>\n<div id=\"ali-anchor-AliMagic-xj7rlm\">Klar til afsendelse<\/div>\n<\/div>\n<div>\n<div>\n<div>\n<div>\n<div>\n<div><img decoding=\"async\" class=\"magic-31\" src=\"https:\/\/ae01.alicdn.com\/kf\/S41cc3d7521dc45a8ab8bc2f34ed014b4o.jpg?width=3648&amp;height=2736&amp;hash=6384\" slate-data-type=\"image\"\/><\/div>\n<div><img decoding=\"async\" class=\"magic-31\" src=\"https:\/\/ae01.alicdn.com\/kf\/S4bd2163e88934eebaefd9184ac0cba08s.jpg?width=1440&amp;height=1080&amp;hash=2520\" slate-data-type=\"image\"\/><\/div>\n<\/div>\n<\/div>\n<\/div>\n<\/div>\n<\/div>\n<div>\n<div>\n<div>\n<div>\n<div>\n<div><img decoding=\"async\" class=\"magic-31\" src=\"https:\/\/ae01.alicdn.com\/kf\/S59de090934e04fed9d5b5067d3b1ed3ah.jpg?width=1440&amp;height=1080&amp;hash=2520\" slate-data-type=\"image\"\/><\/div>\n<div><img decoding=\"async\" class=\"magic-31\" src=\"https:\/\/ae01.alicdn.com\/kf\/S2717488a6b454b5f87641267fe8ae193q.jpg?width=1440&amp;height=1080&amp;hash=2520\" slate-data-type=\"image\"\/><\/div>\n<\/div>\n<\/div>\n<\/div>\n<\/div>\n<\/div>\n<div>\n<div id=\"ali-anchor-AliMagic-vgy8yv\">Anbefal produkter<\/div>\n<\/div>\n<div>\u00a0<\/div>\n<div>\n<div id=\"ali-anchor-AliMagic-iwf6hj\">Firmaprofil<\/div>\n<\/div>\n<div>\n<div>\n<div>\n<div>\n<div>\n<div><img decoding=\"async\" class=\"magic-20\" src=\"https:\/\/ae01.alicdn.com\/kf\/S4458afffa07b45e3a37be52dc76765019.jpg?width=1920&amp;height=1080&amp;hash=3000\" slate-data-type=\"image\"\/><\/div>\n<\/div>\n<\/div>\n<\/div>\n<\/div>\n<\/div>\n<div>\n<div>\n<div>\n<div>\n<div>\n<div><img decoding=\"async\" class=\"magic-34\" src=\"https:\/\/ae01.alicdn.com\/kf\/S827d20bb45af402db729719212895de1T.jpg?width=830&amp;height=499&amp;hash=1329\" slate-data-type=\"image\"\/><\/div>\n<\/div>\n<\/div>\n<\/div>\n<\/div>\n<\/div>\n<div>\n<div>\n<div>\n<div>\n<div>\n<div><img decoding=\"async\" class=\"magic-36\" src=\"https:\/\/ae01.alicdn.com\/kf\/Sf500f1b955ea40ee95c2d3210f14e325d.jpg?width=750&amp;height=810&amp;hash=1560\" slate-data-type=\"image\"\/><\/div>\n<\/div>\n<\/div>\n<\/div>\n<\/div>\n<\/div>\n<div>\n<div id=\"ali-anchor-AliMagic-09s5h7\">Produktemballage<\/div>\n<\/div>\n<div>\n<div>\n<div>\n<div>\n<div>\n<div><img decoding=\"async\" class=\"magic-31\" src=\"https:\/\/ae01.alicdn.com\/kf\/S29723daf908b4c4f9e710b391df94ab3x.jpg?width=1440&amp;height=1080&amp;hash=2520\" slate-data-type=\"image\"\/><\/div>\n<div><img decoding=\"async\" class=\"magic-31\" src=\"https:\/\/ae01.alicdn.com\/kf\/Sd54e04ecd11c410ba1e8766bc0bc9767R.jpg?width=1440&amp;height=1080&amp;hash=2520\" slate-data-type=\"image\"\/><\/div>\n<\/div>\n<\/div>\n<\/div>\n<\/div>\n<\/div>\n<div>\n<div id=\"ali-anchor-AliMagic-nsikbv\">Ofte stillede sp\u00f8rgsm\u00e5l<\/div>\n<\/div>\n<div>\n<div>\n<div>\n<div>\n<div>\n<div>\n<div><span><strong>1. Hvorfor v\u00e6lge os?<\/strong><\/span> <span><br \/>Professionelle s\u00e6lgere og researchteam;<br \/>Accepter handelssikringsordre for at beskytte k\u00f8ber;<br \/>Vi kan lave OEM\/ODM-produkter;<br \/>Levering til tiden.<\/span><br \/><span><strong>2. Hvordan f\u00e5r man en pr\u00f8ve og sparer omkostningerne?<\/strong><\/span> <span><br \/>Pr\u00f8vekort kan leveres gratis, kun fragtomkostninger.<br \/>For en tilpasset pr\u00f8ve, kontakt os venligst for at f\u00e5 en pris p\u00e5 pr\u00f8ven.<br \/>Hvis du bestiller direkte, kan vi give dig en gratis pr\u00f8ve for at kontrollere kvaliteten.<\/span><br \/><span><strong>3\u9286\u4e44hat&#x27;s your payment term?<\/strong><\/span> <span><br \/>30% depositum og 70% restbetaling.<\/span><br \/><span><strong>4. Hvordan udf\u00f8rer jeres kvalitetskontrol?<\/strong><\/span> <span><br \/>Vi har et professionelt QC-team, vi vil kontrollere varekvaliteten under al masseproduktion.<\/span><br \/><span><strong>5\u9286\u4e21f we don&#x27;t have any shipping forwarder in China, could you do this for us?<\/strong><\/span> <span><br \/>Vi har et meget godt forhold til spedit\u00f8rfirmaet, vi kan sende dig den bedste fragtpris og fremragende service.<\/span><\/div>\n<div><span>Hvis du er interesseret i en hvilken som helst type, bedes du sende os oplysningerne via e-mail eller online. Vi vil give dig den bedste pris.<br \/>viden af h\u00f8jeste standard. Og vi byder varmt venner fra hele verden velkommen til at bes\u00f8ge vores fabrikker for at g\u00f8re forretninger. <\/span><\/div>\n<\/div>\n<\/div>\n<\/div>\n<\/div>\n<\/div>\n<\/div>\n<\/div>\n<\/div>\n<\/div>\n<p><\/p>","protected":false},"excerpt":{"rendered":"<p>Tire Size:&nbsp;10 inch Model Number:&nbsp;L12 Category:&nbsp;Two-wheel Scooter Applicable People:&nbsp;Unisex Range Per Charge:&nbsp;40-60km Charging Time:&nbsp;6-8h Voltage:&nbsp;48v Folded:&nbsp;YES Origin:&nbsp;Mainland China Power (W):&nbsp;201-500W Place of Origin:&nbsp;Jiangsu, China Brand:&nbsp;Geofought Model Number:&nbsp;L12 Power:&nbsp;500W, 500w motor<\/p>","protected":false},"featured_media":8442,"comment_status":"open","ping_status":"closed","template":"","meta":{"_acf_changed":false},"product_brand":[],"product_cat":[468,297],"product_tag":[],"class_list":{"0":"post-8441","1":"product","2":"type-product","3":"status-publish","4":"has-post-thumbnail","6":"product_cat-electric-off-road-scooter","7":"product_cat-scooters","9":"first","10":"instock","11":"shipping-taxable","12":"purchasable","13":"product-type-variable"},"acf":[],"_links":{"self":[{"href":"https:\/\/electricstore.eu\/da\/wp-json\/wp\/v2\/product\/8441","targetHints":{"allow":["GET"]}}],"collection":[{"href":"https:\/\/electricstore.eu\/da\/wp-json\/wp\/v2\/product"}],"about":[{"href":"https:\/\/electricstore.eu\/da\/wp-json\/wp\/v2\/types\/product"}],"replies":[{"embeddable":true,"href":"https:\/\/electricstore.eu\/da\/wp-json\/wp\/v2\/comments?post=8441"}],"wp:featuredmedia":[{"embeddable":true,"href":"https:\/\/electricstore.eu\/da\/wp-json\/wp\/v2\/media\/8442"}],"wp:attachment":[{"href":"https:\/\/electricstore.eu\/da\/wp-json\/wp\/v2\/media?parent=8441"}],"wp:term":[{"taxonomy":"product_brand","embeddable":true,"href":"https:\/\/electricstore.eu\/da\/wp-json\/wp\/v2\/product_brand?post=8441"},{"taxonomy":"product_cat","embeddable":true,"href":"https:\/\/electricstore.eu\/da\/wp-json\/wp\/v2\/product_cat?post=8441"},{"taxonomy":"product_tag","embeddable":true,"href":"https:\/\/electricstore.eu\/da\/wp-json\/wp\/v2\/product_tag?post=8441"}],"curies":[{"name":"wp","href":"https:\/\/api.w.org\/{rel}","templated":true}]}}