{"id":8362,"date":"2025-05-19T20:30:17","date_gmt":"2025-05-19T20:30:17","guid":{"rendered":"https:\/\/electricstore.eu\/product\/uncategorized\/humsienk-12v-200ah-100a\/"},"modified":"2025-05-20T13:38:42","modified_gmt":"2025-05-20T13:38:42","slug":"humsienk-12v-200ah-100a","status":"publish","type":"product","link":"https:\/\/electricstore.eu\/da\/p\/batteries\/lifepo4-batteries\/100-200ah-lifepo4-batteries\/humsienk-12v-200ah-100a\/","title":{"rendered":"Humsienk 200Ah 12V LiFePO4 Batteri"},"content":{"rendered":"<div class=\"product-specs-list-container\">\n<ul class=\"product-specs-list util-clearfix\">\n<li class=\"product-prop line-limit-length\"><span\n                                        class=\"property-title\">Meget bekymret kemikalie:&nbsp;<\/span><span\n                                        class=\"property-desc line-limit-length\">Ingen<\/span>\n                            <\/li>\n<li class=\"product-prop line-limit-length\"><span\n                                        class=\"property-title\">Nominel kapacitet:&nbsp;<\/span><span\n                                        class=\"property-desc line-limit-length\">100Ah<\/span>\n                            <\/li>\n<li class=\"product-prop line-limit-length\"><span\n                                        class=\"property-title\">V\u00e6gt:&nbsp;<\/span><span\n                                        class=\"property-desc line-limit-length\">20,3 kg<\/span>\n                            <\/li>\n<li class=\"product-prop line-limit-length\"><span\n                                        class=\"property-title\">Sp\u00e6nding:&nbsp;<\/span><span\n                                        class=\"property-desc line-limit-length\">12,8V<\/span>\n                            <\/li>\n<li class=\"product-prop line-limit-length\"><span\n                                        class=\"property-title\">St\u00f8rrelse:&nbsp;<\/span><span\n                                        class=\"property-desc line-limit-length\">19,0 x 6,7 x 9,5 tommer<\/span>\n                            <\/li>\n<li class=\"product-prop line-limit-length\"><span\n                                        class=\"property-title\">Modelnummer:&nbsp;<\/span><span\n                                        class=\"property-desc line-limit-length\">12V 200AH 100<\/span>\n                            <\/li>\n<li class=\"product-prop line-limit-length\"><span\n                                        class=\"property-title\">Type:&nbsp;<\/span><span\n                                        class=\"property-desc line-limit-length\">LiFePO4<\/span>\n                            <\/li>\n<li class=\"product-prop line-limit-length\"><span\n                                        class=\"property-title\">M\u00e6rkenavn:&nbsp;<\/span><span\n                                        class=\"property-desc line-limit-length\">Humsienk<\/span>\n                            <\/li>\n<li class=\"product-prop line-limit-length\"><span\n                                        class=\"property-title\">Oprindelse:&nbsp;<\/span><span\n                                        class=\"property-desc line-limit-length\">Kinas fastland<\/span>\n                            <\/li>\n<li class=\"product-prop line-limit-length\"><span\n                                        class=\"property-title\">Nominel sp\u00e6nding:&nbsp;<\/span><span\n                                        class=\"property-desc line-limit-length\">Andre<\/span>\n                            <\/li>\n<\/ul><\/div>\n<p><strong><span style=\"font-size:18px;font-family:arial, helvetica, sans-serif\">Enest\u00e5ende cykluslevetid og effektivitet:<\/span><\/strong><\/p>\n<p><span style=\"font-size:18px;font-family:arial, helvetica, sans-serif\">Med en kapacitet til at lade mere end 15.000 gange, \u00f8ger vores batteri effektiviteten med 63% sammenlignet med traditionelle muligheder. Dens langvarige holdbarhed og h\u00f8je effektivitet g\u00f8r det til et ideelt valg til langvarig og hyppig brug i forskellige milj\u00f8er.<\/span><\/p>\n<p><\/p>\n<p><strong><span style=\"font-size:18px;font-family:arial, helvetica, sans-serif\">Alsidige opladningsmuligheder og lavtemperaturbesparelse:<\/span><\/strong><\/p>\n<p><span style=\"font-size:18px;font-family:arial, helvetica, sans-serif\">Dette alsidige batteri underst\u00f8tter tre opladningsmetoder: dedikeret LiFePO4-oplader, solpanel + MPPT-oplader og DC-DC-konverter fra en generator. Derudover inkluderer det lavtemperaturbevarelse, hvilket g\u00f8r det muligt at fungere problemfrit under ekstreme forhold og sikre p\u00e5lidelighed \u00e5ret rundt.<\/span><\/p>\n<p><\/p>\n<p><strong><span style=\"font-size:18px;font-family:arial, helvetica, sans-serif\">Skalerbare energil\u00f8sninger:<\/span><\/strong><\/p>\n<p><span style=\"font-size:18px;font-family:arial, helvetica, sans-serif\">Vores batteri er let skalerbart til 4S4P-konfigurationer og kan levere en maksimal energi p\u00e5 40,96 kWh. Dets modul\u00e6re design im\u00f8dekommer forskellige str\u00f8mbehov, hvilket g\u00f8r det yderst tilpasningsdygtigt til en bred vifte af scenarier, fra fritidsaktiviteter til kritiske off-grid-systemer, hvilket forbedrer din energiuafh\u00e6ngighed og bekvemmelighed.<\/span><\/p>\n<p><\/p>\n<p><strong><span style=\"font-size:18px;font-family:arial, helvetica, sans-serif\">Alsidig str\u00f8mforsyning til forskellige anvendelser:<\/span><\/strong><\/p>\n<p><span style=\"font-size:18px;font-family:arial, helvetica, sans-serif\">Den er designet til en lang r\u00e6kke anvendelser og er et fremragende valg til autocampere, skibe, off-grid opholdsrum, campingture og n\u00f8dstr\u00f8mssystemer, hvilket sikrer en konstant og p\u00e5lidelig str\u00f8mforsyning, uanset hvor du g\u00e5r hen.<\/span><img decoding=\"async\" src=\"https:\/\/ae01.alicdn.com\/kf\/Sb7fe9276d0a7498995f4c89ff45d0ccdW.png\" slate-data-type=\"image\"\/><img decoding=\"async\" src=\"https:\/\/ae01.alicdn.com\/kf\/S8732b7b2356c46b1aaf39a35be29bfdcY.png\" slate-data-type=\"image\"\/><img decoding=\"async\" src=\"https:\/\/ae01.alicdn.com\/kf\/Sacd42f691f8f47f89d6f77cc4ff692a2v.png\" slate-data-type=\"image\"\/><img decoding=\"async\" src=\"https:\/\/ae01.alicdn.com\/kf\/S2b3ca2afba6941a5b38bf4a0e804dca44.png\" slate-data-type=\"image\"\/><img decoding=\"async\" src=\"https:\/\/ae01.alicdn.com\/kf\/S710e707facee431da90507ad715bcf19S.png\" slate-data-type=\"image\"\/><img decoding=\"async\" src=\"https:\/\/ae01.alicdn.com\/kf\/S020e558e6160483782eac7b919253ce2b.png\" slate-data-type=\"image\"\/><\/p>","protected":false},"excerpt":{"rendered":"<p>Hign-concerned Chemical:&nbsp;None Nominal Capacity:&nbsp;100Ah Weight:&nbsp;20.3kg Voltage:&nbsp;12.8V Size:&nbsp;19.0 x 6.7x 9.5 Inches Model Number:&nbsp;12V 200AH 100 Type:&nbsp;LiFePO4 Brand Name:&nbsp;Humsienk Origin:&nbsp;Mainland China Rated Voltage:&nbsp;Others Exceptional Cycle Life &amp; Efficiency: With the capability<\/p>","protected":false},"featured_media":8363,"comment_status":"open","ping_status":"closed","template":"","meta":{"_acf_changed":false},"product_brand":[],"product_cat":[237],"product_tag":[],"class_list":{"0":"post-8362","1":"product","2":"type-product","3":"status-publish","4":"has-post-thumbnail","6":"product_cat-100-200ah-lifepo4-batteries","8":"first","9":"instock","10":"shipping-taxable","11":"purchasable","12":"product-type-simple"},"acf":[],"_links":{"self":[{"href":"https:\/\/electricstore.eu\/da\/wp-json\/wp\/v2\/product\/8362","targetHints":{"allow":["GET"]}}],"collection":[{"href":"https:\/\/electricstore.eu\/da\/wp-json\/wp\/v2\/product"}],"about":[{"href":"https:\/\/electricstore.eu\/da\/wp-json\/wp\/v2\/types\/product"}],"replies":[{"embeddable":true,"href":"https:\/\/electricstore.eu\/da\/wp-json\/wp\/v2\/comments?post=8362"}],"wp:featuredmedia":[{"embeddable":true,"href":"https:\/\/electricstore.eu\/da\/wp-json\/wp\/v2\/media\/8363"}],"wp:attachment":[{"href":"https:\/\/electricstore.eu\/da\/wp-json\/wp\/v2\/media?parent=8362"}],"wp:term":[{"taxonomy":"product_brand","embeddable":true,"href":"https:\/\/electricstore.eu\/da\/wp-json\/wp\/v2\/product_brand?post=8362"},{"taxonomy":"product_cat","embeddable":true,"href":"https:\/\/electricstore.eu\/da\/wp-json\/wp\/v2\/product_cat?post=8362"},{"taxonomy":"product_tag","embeddable":true,"href":"https:\/\/electricstore.eu\/da\/wp-json\/wp\/v2\/product_tag?post=8362"}],"curies":[{"name":"wp","href":"https:\/\/api.w.org\/{rel}","templated":true}]}}