{"id":8228,"date":"2025-05-19T20:29:21","date_gmt":"2025-05-19T20:29:21","guid":{"rendered":"https:\/\/electricstore.eu\/product\/uncategorized\/qs-motor-qs138-3000w-v1-mid-drive-motor-72v100kph-electric-motorcycle\/"},"modified":"2025-05-20T13:09:49","modified_gmt":"2025-05-20T13:09:49","slug":"qs-motor-qs138-3000w-v1-mid-drive-motor-72v100kph-electric-motorcycle","status":"publish","type":"product","link":"https:\/\/electricstore.eu\/da\/p\/o\/qs-motor-qs138-3000w-v1-mid-drive-motor-72v100kph-electric-motorcycle\/","title":{"rendered":"QS MOTOR QS138 3000W 72V 13,6Ah 100 km\/t elektrisk motorcykel midterdrevsmotor"},"content":{"rendered":"<div class=\"product-specs-list-container\">\n<ul class=\"product-specs-list util-clearfix\">\n<li class=\"product-prop line-limit-length\"><span\n                                        class=\"property-title\">Meget bekymret kemikalie:&nbsp;<\/span><span\n                                        class=\"property-desc line-limit-length\">Ingen<\/span>\n                            <\/li>\n<li class=\"product-prop line-limit-length\"><span\n                                        class=\"property-title\">Andet varenummer:&nbsp;<\/span><span\n                                        class=\"property-desc line-limit-length\">-en<\/span>\n                            <\/li>\n<li class=\"product-prop line-limit-length\"><span\n                                        class=\"property-title\">Placering p\u00e5 k\u00f8ret\u00f8j:&nbsp;<\/span><span\n                                        class=\"property-desc line-limit-length\">BAG<\/span>\n                            <\/li>\n<li class=\"product-prop line-limit-length\"><span\n                                        class=\"property-title\">Produktionsland\/-region:&nbsp;<\/span><span\n                                        class=\"property-desc line-limit-length\">Kina<\/span>\n                            <\/li>\n<li class=\"product-prop line-limit-length\"><span\n                                        class=\"property-title\">Udskiftningsdelnummer:&nbsp;<\/span><span\n                                        class=\"property-desc line-limit-length\">-en<\/span>\n                            <\/li>\n<li class=\"product-prop line-limit-length\"><span\n                                        class=\"property-title\">S\u00e6rlige funktioner:&nbsp;<\/span><span\n                                        class=\"property-desc line-limit-length\">K\u00f8rsel<\/span>\n                            <\/li>\n<li class=\"product-prop line-limit-length\"><span\n                                        class=\"property-title\">Varens v\u00e6gt:&nbsp;<\/span><span\n                                        class=\"property-desc line-limit-length\">13.7<\/span>\n                            <\/li>\n<li class=\"product-prop line-limit-length\"><span\n                                        class=\"property-title\">Varens h\u00f8jde:&nbsp;<\/span><span\n                                        class=\"property-desc line-limit-length\">32<\/span>\n                            <\/li>\n<li class=\"product-prop line-limit-length\"><span\n                                        class=\"property-title\">Varebredde:&nbsp;<\/span><span\n                                        class=\"property-desc line-limit-length\">31.5<\/span>\n                            <\/li>\n<li class=\"product-prop line-limit-length\"><span\n                                        class=\"property-title\">Varel\u00e6ngde:&nbsp;<\/span><span\n                                        class=\"property-desc line-limit-length\">31.5<\/span>\n                            <\/li>\n<li class=\"product-prop line-limit-length\"><span\n                                        class=\"property-title\">Producentens varenummer:&nbsp;<\/span><span\n                                        class=\"property-desc line-limit-length\">-en<\/span>\n                            <\/li>\n<li class=\"product-prop line-limit-length\"><span\n                                        class=\"property-title\">Oprindelse:&nbsp;<\/span><span\n                                        class=\"property-desc line-limit-length\">Kinas fastland<\/span>\n                            <\/li>\n<li class=\"product-prop line-limit-length\"><span\n                                        class=\"property-title\">Motor:&nbsp;<\/span><span\n                                        class=\"property-desc line-limit-length\">DC-motor<\/span>\n                            <\/li>\n<li class=\"product-prop line-limit-length\"><span\n                                        class=\"property-title\">Materiale:&nbsp;<\/span><span\n                                        class=\"property-desc line-limit-length\">Aluminium<\/span>\n                            <\/li>\n<\/ul><\/div>\n<div>\n<div><kse:widget data-widget-type=\"customText\" id=\"1005000001338413\" type=\"relation\"><\/kse:widget><\/div>\n<div><strong><span style=\"font-size:22px;font-family:&quot;lucida sans unicode&quot;, &quot;lucida grande&quot;, sans-serif\">QS 138 3000W V1 Midterdrevsmotor 72V100KPH Gammelt Udseende Til Elektrisk Let Motorcykel<\/span><\/strong><\/div>\n<div class=\"detailmodule_text-image\">\n<div><\/div>\n<p style=\"color:rgb(208, 2, 27)\"><span style=\"font-family:&quot;lucida sans unicode&quot;, &quot;lucida grande&quot;, sans-serif\">En 138 3000W mid-drive motor kan bruges til elektriske lette motorcykler, som kan v\u00e6re 72V 100KPH.<br \/>Derudover leverer vi k\u00e6degearadaptere som standard.<br \/>PS Hvis du er i tvivl om fragtomkostningerne, er du velkommen til at kontakte os.<br \/>Vi kan ogs\u00e5 afgive en ordre, men ikke betale f\u00f8rst, s\u00e5 kan vi justere prisen.<\/span><\/p>\n<div><\/div>\n<div class=\"detailmodule_image\"><strong><span class=\"15\" style=\"color:rgb(211, 49, 21);font-size:12pt;font-family:&quot;Lucida Sans Unicode&quot;\">Note: <\/span><\/strong><\/div>\n<p style=\"line-height:13.5pt;margin:0pt;margin-bottom:0pt;margin-top:0pt;margin-left:0pt;margin-right:0pt;padding:0pt;padding-bottom:0pt;padding-top:0pt;padding-left:0em;padding-right:0pt\" class=\"p\"><strong><span class=\"15\" style=\"color:rgb(211, 49, 21);font-size:12pt;font-family:&quot;Lucida Sans Unicode&quot;\">Dette er en vare, der leveres til Europa-lageret.<\/span><\/strong><\/p>\n<p class=\"MsoNormal\"><strong><span class=\"15\" style=\"color:rgb(211, 49, 21);font-size:12pt;font-family:&quot;Lucida Sans Unicode&quot;\">Produkterne sendes fra det indenlandske lager i Polen og kan kun sendes til Polen og f\u00f8lgende europ\u00e6iske lande: Tyskland, Frankrig, Italien, \u00d8strig, Holland, Finland, Belgien, Danmark, Spanien, Bulgarien, Portugal, Sverige, Ungarn, Slovakiet, Tjekkiet, Litauen, Letland, Luxembourg, Slovenien, Estland, Kroatien, Gr\u00e6kenland, Kroatien, Rum\u00e6nien, Irland, Cypern. V\u00e6r venligst opm\u00e6rksom p\u00e5 dette.<\/span><\/strong><span style=\"color:rgb(211, 49, 21);font-size:16px;font-family:&quot;lucida sans unicode&quot;, &quot;lucida grande&quot;, sans-serif\"><strong>\u00a0<\/strong><\/span><\/p>\n<div>\n<p><\/div>\n<div>\u00a0<\/div>\n<\/div>\n<div class=\"detailmodule_text-image\">\n<div><\/div>\n<p style=\"font-family:OpenSans;font-size:20px;font-weight:900;line-height:28px;text-align:left;white-space:pre-wrap;color:rgb(0, 0, 0);margin-bottom:12px\" class=\"detail-desc-decorate-title\" align=\"left\"><span style=\"background-color:rgb(164, 221, 0);font-size:16px;font-family:&quot;lucida sans unicode&quot;, &quot;lucida grande&quot;, sans-serif\">Et s\u00e6t inklusive nedenst\u00e5ende s\u00e6t<\/span><\/p>\n<p style=\"font-family:OpenSans;font-size:14px;font-weight:300;line-height:20px;white-space:pre-wrap;color:rgb(0, 0, 0);margin-bottom:12px\" class=\"detail-desc-decorate-content\"><span style=\"font-size:14px;font-family:&quot;lucida sans unicode&quot;, &quot;lucida grande&quot;, sans-serif\"><br \/>1,1 stk. x 138 3000W V1 mellemdrevsmotor med 428 14T tandhjulsadapter<\/span><\/p>\n<div><\/div>\n<\/div>\n<div class=\"detailmodule_text\">\n<p style=\"font-family:OpenSans;font-size:20px;font-weight:900;line-height:28px;white-space:pre-wrap;color:rgb(0, 0, 0);margin-bottom:12px\" class=\"detail-desc-decorate-title\"><span style=\"background-color:rgb(164, 221, 0);font-size:16px\">N\u00f8glefunktioner<\/span><\/p>\n<p style=\"font-family:OpenSans;font-size:14px;font-weight:300;line-height:20px;white-space:pre-wrap;color:rgb(0, 0, 0);margin-bottom:12px\" class=\"detail-desc-decorate-content\"><span style=\"font-family:&quot;lucida sans unicode&quot;, &quot;lucida grande&quot;, sans-serif\">1) Letv\u00e6gts og lille dimension sammenlignet med navmotor<br \/>2) H\u00f8j ydeevnefordel fra flux-sv\u00e6kkelse<br \/>3) H\u00f8j effektivitet under klatring og bedre acceleration<br \/>4) Underst\u00f8tter regenerativ bremsning<\/span><\/p>\n<p style=\"font-family:OpenSans;font-size:14px;font-weight:300;line-height:20px;white-space:pre-wrap;color:rgb(0, 0, 0);margin-bottom:12px\" class=\"detail-desc-decorate-content\"><img decoding=\"async\" src=\"https:\/\/ae01.alicdn.com\/kf\/S6946e94503f34fc08a6a3d129a0ed4b2X.jpg\" slate-data-type=\"image\"\/><\/p>\n<div><\/div>\n<\/div>\n<div class=\"detailmodule_text-image\">\n<p style=\"font-family:OpenSans;font-size:20px;font-weight:900;line-height:28px;white-space:pre-wrap;color:rgb(0, 0, 0);margin-bottom:12px\" class=\"detail-desc-decorate-title\"><span style=\"background-color:rgb(164, 221, 0);font-size:16px\">Produktbeskrivelse<\/span><\/p>\n<div><img decoding=\"async\" src=\"https:\/\/ae01.alicdn.com\/kf\/Sea562be3849f43eea009178791b4954aT.jpg\" slate-data-type=\"image\"\/><\/div>\n<\/div>\n<div class=\"detailmodule_text-image\">\n<div><\/div>\n<p style=\"font-family:OpenSans;font-size:20px;font-weight:900;line-height:28px;white-space:pre-wrap;color:rgb(0, 0, 0);margin-bottom:12px\" class=\"detail-desc-decorate-title\"><span style=\"background-color:rgb(244, 78, 59);font-size:16px;font-family:&quot;lucida sans unicode&quot;, &quot;lucida grande&quot;, sans-serif\">Tegning<\/span><\/p>\n<p style=\"font-family:OpenSans;font-size:14px;font-weight:300;line-height:20px;white-space:pre-wrap;color:rgb(0, 0, 0);margin-bottom:12px\" class=\"detail-desc-decorate-content\"><span style=\"font-size:14px;font-family:&quot;lucida sans unicode&quot;, &quot;lucida grande&quot;, sans-serif\">Se 138 3000W V1 mellemdrevsmotor med remdesign<\/span><\/p>\n<div><img fetchpriority=\"high\" decoding=\"async\" class=\"detail-desc-decorate-image\" width=\"800\" height=\"657\" src=\"https:\/\/ae01.alicdn.com\/kf\/Hd34d04446c1d4eb7a30f0162b3895e68m.jpg\" slate-data-type=\"image\"\/><\/div>\n<\/div>\n<div class=\"detailmodule_text-image\">\n<div><\/div>\n<p style=\"font-family:OpenSans;font-size:20px;font-weight:900;line-height:28px;white-space:pre-wrap;color:rgb(0, 0, 0);margin-bottom:12px\" class=\"detail-desc-decorate-title\"><span style=\"background-color:rgb(244, 78, 59);font-size:16px;font-family:&quot;lucida sans unicode&quot;, &quot;lucida grande&quot;, sans-serif\">Testrapport<\/span><\/p>\n<div><img decoding=\"async\" class=\"detail-desc-decorate-image\" width=\"800\" height=\"486\" src=\"https:\/\/ae01.alicdn.com\/kf\/H68d41373bb1940fb8a933fe6dc560366K.jpg\" slate-data-type=\"image\"\/><\/div>\n<\/div>\n<div class=\"detailmodule_text-image\">\n<div><\/div>\n<p class=\"MsoNormal\"><span style=\"color:rgb(255, 0, 0)\">Bem\u00e6rkning til motor med tandhjulsdesign<\/span><\/p>\n<p class=\"MsoNormal\"><span style=\"color:rgb(255, 0, 0)\">Vi vil gradvist \u00e6ndre spline-akselst\u00f8rrelsen fra 6-4 til 6-5.<\/span><\/p>\n<p class=\"MsoNormal\"><span style=\"color:rgb(255, 0, 0)\">Fordi 6-5 er mere slidst\u00e6rk og mere kompatibel<\/span><\/p>\n<p class=\"MsoNormal\"><span style=\"color:rgb(255, 0, 0)\">Kontrasten mellem 6-4 og 6-5 er som vist nedenfor:<\/span><\/p>\n<div><\/div>\n<p class=\"MsoNormal\"><img decoding=\"async\" width=\"800\" height=\"560\" src=\"https:\/\/ae01.alicdn.com\/kf\/H92532228f9054498b4de99b8855756a1U.jpg\" slate-data-type=\"image\"\/><\/p>\n<div><\/div>\n<p style=\"font-family:OpenSans;font-size:20px;font-weight:900;line-height:28px;white-space:pre-wrap;color:rgb(0, 0, 0);margin-bottom:12px\" class=\"detail-desc-decorate-title\"><span style=\"background-color:rgb(164, 221, 0);font-size:14px;font-family:&quot;lucida sans unicode&quot;, &quot;lucida grande&quot;, sans-serif\">Konverteringss\u00e6t<\/span><\/p>\n<p style=\"color:rgb(208, 2, 27)\"><span style=\"font-size:14px;font-family:&quot;lucida sans unicode&quot;, &quot;lucida grande&quot;, sans-serif\">Hvis du er interesseret i disse konverteringss\u00e6t, kan du klikke p\u00e5 det vedh\u00e6ftede billede.<\/span><\/p>\n<div><\/div>\n<p style=\"color:rgb(208, 2, 27)\"><a href=\"https:\/\/www.aliexpress.com\/item\/4000003502810.html?spm=a2g0o.store_pc_groupList.8148356.40.58677d39u2VsRZ\" target=\"_self\" class=\"\"><img loading=\"lazy\" decoding=\"async\" width=\"285\" height=\"272\" src=\"https:\/\/ae01.alicdn.com\/kf\/H92409da29169482bb5733c44ef2fb23cC.jpg\" slate-data-type=\"image\"\/><\/a><\/p>\n<div><\/div>\n<\/div>\n<div class=\"detailmodule_text-image\">\n<p style=\"font-family:OpenSans;font-size:20px;font-weight:900;line-height:28px;white-space:pre-wrap;color:rgb(0, 0, 0);margin-bottom:12px\" class=\"detail-desc-decorate-title\"><span style=\"background-color:rgb(164, 221, 0);font-size:16px;font-family:&quot;lucida sans unicode&quot;, &quot;lucida grande&quot;, sans-serif\">Anvendelse<\/span><\/p>\n<div><img decoding=\"async\" src=\"https:\/\/ae01.alicdn.com\/kf\/Sa12d2bcf8be845799786dd0294876ed4U.jpg\" slate-data-type=\"image\"\/><\/div>\n<\/div>\n<div><\/div>\n<\/div>\n<div>\u00a0<\/div>\n<p><span style=\"font-size:16px;font-family:&quot;lucida sans unicode&quot;, &quot;lucida grande&quot;, sans-serif\"><strong><span style=\"font-family:&quot;lucida sans unicode&quot;, &quot;lucida grande&quot;, sans-serif\"><span style=\"background-color:rgb(255, 255, 0);font-family:&quot;lucida sans unicode&quot;, &quot;lucida grande&quot;, sans-serif\"><span style=\"color:rgb(0, 0, 0);font-family:&quot;lucida sans unicode&quot;, &quot;lucida grande&quot;, sans-serif\">Programmerbar software og brugermanual (f\u00f8r du modtog controlleren)\u00a0<\/span><\/span><\/span><\/strong><\/span><\/p>\n<p><\/p>\n<p style=\"font-family:&quot;open sans&quot;, roboto, arial, helvetica, sans-serif, simsun;font-size:14px;font-weight:400;letter-spacing:normal;line-height:inherit;text-align:start;white-space:normal;color:rgb(0, 0, 0);background-color:rgb(255, 255, 255);margin:0px;margin-bottom:0px;margin-top:0px;margin-left:0px;margin-right:0px;padding:0px;padding-bottom:0px;padding-top:0px;padding-left:0px;padding-right:0px;box-sizing:border-box\" align=\"start\"><span style=\"color:rgb(0, 0, 0);font-size:14px;font-family:&quot;lucida sans unicode&quot;, &quot;lucida grande&quot;, sans-serif\">Kontakt venligst salgsafdelingen for at f\u00e5 linket og adgangskoden til at downloade manualerne og softwaren, f\u00f8r\/n\u00e5r du modtager controllerne.<\/span><\/p>\n<p style=\"font-family:&quot;open sans&quot;, roboto, arial, helvetica, sans-serif, simsun;font-size:14px;font-weight:400;letter-spacing:normal;line-height:inherit;text-align:start;white-space:normal;color:rgb(0, 0, 0);background-color:rgb(255, 255, 255);margin:0px;margin-bottom:0px;margin-top:0px;margin-left:0px;margin-right:0px;padding:0px;padding-bottom:0px;padding-top:0px;padding-left:0px;padding-right:0px;box-sizing:border-box\" align=\"start\"><\/p>\n<p style=\"font-family:&quot;open sans&quot;, roboto, arial, helvetica, sans-serif, simsun;font-size:14px;font-weight:400;letter-spacing:normal;line-height:inherit;text-align:start;white-space:normal;color:rgb(0, 0, 0);background-color:rgb(255, 255, 255);margin:0px;margin-bottom:0px;margin-top:0px;margin-left:0px;margin-right:0px;padding:0px;padding-bottom:0px;padding-top:0px;padding-left:0px;padding-right:0px;box-sizing:border-box\" align=\"start\"><kse:widget data-widget-type=\"customText\" id=\"1005000000987255\" type=\"custom\"><\/kse:widget><\/p>\n<p><\/p>","protected":false},"excerpt":{"rendered":"<p>Hign-concerned Chemical:&nbsp;None Other Part Number:&nbsp;a Placement on Vehicle:&nbsp;REAR Country\/Region of Manufacture:&nbsp;China Interchange Part Number:&nbsp;a Special Features:&nbsp;Driving Item Weight:&nbsp;13.7 Item Height:&nbsp;32 Item Width:&nbsp;31.5 Item Length:&nbsp;31.5 Manufacturer Part Number:&nbsp;a Origin:&nbsp;Mainland China Motor:&nbsp;DC<\/p>","protected":false},"featured_media":8229,"comment_status":"open","ping_status":"closed","template":"","meta":{"_acf_changed":false},"product_brand":[],"product_cat":[15,232],"product_tag":[],"class_list":{"0":"post-8228","1":"product","2":"type-product","3":"status-publish","4":"has-post-thumbnail","6":"product_cat-o","7":"product_cat-motorbikes","9":"first","10":"instock","11":"shipping-taxable","12":"purchasable","13":"product-type-simple"},"acf":[],"_links":{"self":[{"href":"https:\/\/electricstore.eu\/da\/wp-json\/wp\/v2\/product\/8228","targetHints":{"allow":["GET"]}}],"collection":[{"href":"https:\/\/electricstore.eu\/da\/wp-json\/wp\/v2\/product"}],"about":[{"href":"https:\/\/electricstore.eu\/da\/wp-json\/wp\/v2\/types\/product"}],"replies":[{"embeddable":true,"href":"https:\/\/electricstore.eu\/da\/wp-json\/wp\/v2\/comments?post=8228"}],"wp:featuredmedia":[{"embeddable":true,"href":"https:\/\/electricstore.eu\/da\/wp-json\/wp\/v2\/media\/8229"}],"wp:attachment":[{"href":"https:\/\/electricstore.eu\/da\/wp-json\/wp\/v2\/media?parent=8228"}],"wp:term":[{"taxonomy":"product_brand","embeddable":true,"href":"https:\/\/electricstore.eu\/da\/wp-json\/wp\/v2\/product_brand?post=8228"},{"taxonomy":"product_cat","embeddable":true,"href":"https:\/\/electricstore.eu\/da\/wp-json\/wp\/v2\/product_cat?post=8228"},{"taxonomy":"product_tag","embeddable":true,"href":"https:\/\/electricstore.eu\/da\/wp-json\/wp\/v2\/product_tag?post=8228"}],"curies":[{"name":"wp","href":"https:\/\/api.w.org\/{rel}","templated":true}]}}