{"id":7781,"date":"2025-05-15T19:56:30","date_gmt":"2025-05-15T19:56:30","guid":{"rendered":"https:\/\/electricstore.eu\/product\/evercross-tech-ev-07m-20-km-h-10-km-11-children-electric-motorbike\/"},"modified":"2025-05-21T05:40:08","modified_gmt":"2025-05-21T05:40:08","slug":"evercross-tech-ev-07m-20-km-h-10-km-11-children-electric-motorbike","status":"publish","type":"product","link":"https:\/\/electricstore.eu\/da\/p\/motorbikes\/electric-children-motorbikes\/evercross-tech-ev-07m-20-km-h-10-km-11-children-electric-motorbike\/","title":{"rendered":"EVERCROSS TECH EV07M 300W 24V 4Ah 20 km\/t 10-30 km 11\u2033 B\u00f8rne Elmotorcykel"},"content":{"rendered":"<div class=\"product-specs-list-container\">\n<ul class=\"product-specs-list util-clearfix\">\n<li class=\"product-prop line-limit-length\"><span\n                                        class=\"property-title\">Modelnummer:&nbsp;<\/span><span\n                                        class=\"property-desc line-limit-length\">EV07M<\/span>\n                            <\/li>\n<li class=\"product-prop line-limit-length\"><span\n                                        class=\"property-title\">Nominel passagerkapacitet:&nbsp;<\/span><span\n                                        class=\"property-desc line-limit-length\">\u00c9t s\u00e6de<\/span>\n                            <\/li>\n<li class=\"product-prop line-limit-length\"><span\n                                        class=\"property-title\">Stil:&nbsp;<\/span><span\n                                        class=\"property-desc line-limit-length\">Standardtype<\/span>\n                            <\/li>\n<li class=\"product-prop line-limit-length\"><span\n                                        class=\"property-title\">Maksimal hastighed:&nbsp;<\/span><span\n                                        class=\"property-desc line-limit-length\">&lt;25 km\/t<\/span>\n                            <\/li>\n<li class=\"product-prop line-limit-length\"><span\n                                        class=\"property-title\">R\u00e6kkevidde pr. effekt:&nbsp;<\/span><span\n                                        class=\"property-desc line-limit-length\">10 \u2013 30 km<\/span>\n                            <\/li>\n<li class=\"product-prop line-limit-length\"><span\n                                        class=\"property-title\">Effekt:&nbsp;<\/span><span\n                                        class=\"property-desc line-limit-length\">251 \u2013 350w<\/span>\n                            <\/li>\n<li class=\"product-prop line-limit-length\"><span\n                                        class=\"property-title\">Str\u00f8mforsyning:&nbsp;<\/span><span\n                                        class=\"property-desc line-limit-length\">litiumbatteri<\/span>\n                            <\/li>\n<li class=\"product-prop line-limit-length\"><span\n                                        class=\"property-title\">Sp\u00e6nding:&nbsp;<\/span><span\n                                        class=\"property-desc line-limit-length\">24V<\/span>\n                            <\/li>\n<li class=\"product-prop line-limit-length\"><span\n                                        class=\"property-title\">M\u00e6rkenavn:&nbsp;<\/span><span\n                                        class=\"property-desc line-limit-length\">EVERCROSS-TEKNOLOGI<\/span>\n                            <\/li>\n<li class=\"product-prop line-limit-length\"><span\n                                        class=\"property-title\">Str\u00f8mkilde:&nbsp;<\/span><span\n                                        class=\"property-desc line-limit-length\">litiumbatteri<\/span>\n                            <\/li>\n<li class=\"product-prop line-limit-length\"><span\n                                        class=\"property-title\">Oprindelse:&nbsp;<\/span><span\n                                        class=\"property-desc line-limit-length\">Kinas fastland<\/span>\n                            <\/li>\n<li class=\"product-prop line-limit-length\"><span\n                                        class=\"property-title\">Foldet:&nbsp;<\/span><span\n                                        class=\"property-desc line-limit-length\">Ingen<\/span>\n                            <\/li>\n<li class=\"product-prop line-limit-length\"><span\n                                        class=\"property-title\">Hjulst\u00f8rrelse:&nbsp;<\/span><span\n                                        class=\"property-desc line-limit-length\">12\u201d<\/span>\n                            <\/li>\n<\/ul><\/div>\n<div class=\"detailmodule_html\">\n<div class=\"detail-desc-decorate-richtext\">\n<p><strong><span style=\"font-size:10.5pt;font-family:Calibri\">TILPASSET KRAFT FOR SIKKER OG SJOV K\u00d8RSEL<\/span><\/strong><\/p>\n<p class=\"MsoNormal\"><span style=\"font-size:10.5pt;font-family:Calibri\">Den elektriske motorcykel<\/span><span style=\"font-size:10.5pt;font-family:\u5b8b\u4f53\">EVERROSS TECH<\/span><span style=\"font-size:10.5pt;font-family:Calibri\">EV07M n\u00e5r en maksimal hastighed p\u00e5 20 km\/t, hvilket er ideelt til at give b\u00f8rn i alderen 3 til 12 \u00e5r en sp\u00e6ndende k\u00f8reoplevelse, samtidig med at deres sikkerhed sikres. Hastigheden er omhyggeligt kalibreret for at skabe en perfekt balance mellem gl\u00e6de og tryghed for for\u00e6ldrene.<\/span><\/p>\n<p><\/p>\n<p class=\"MsoNormal\"><strong><span style=\"font-size:10.5pt;font-family:Calibri\">ROBUST DESIGN OG TILPASSET TIL B\u00d8RN<\/span><\/strong><\/p>\n<p class=\"MsoNormal\"><span style=\"font-size:10.5pt;font-family:Calibri\">Udstyret med en robust ramme og 11-tommer hjul kan denne motorcykel klare op til 60 kg, hvilket g\u00f8r den velegnet til b\u00f8rn i forskellige st\u00f8rrelser. Dens moderne design og klare farvemuligheder appellerer til b\u00e5de drenge og piger og tilbyder en stil, som b\u00f8rn elsker.<\/span><\/p>\n<p><\/p>\n<p class=\"MsoNormal\"><strong><span style=\"font-size:10.5pt;font-family:Calibri\">LANG-LANG SELSKAB FOR MERE FORN\u00d8JELSE<\/span><\/strong><\/p>\n<p class=\"MsoNormal\"><span style=\"font-size:10.5pt;font-family:Calibri\">Takket v\u00e6re et batteri p\u00e5 25,2 V 4AH (100,8 Wh) tilbyder den elektriske motorcykel en r\u00e6kkevidde p\u00e5 op til 10 km pr. opladning, perfekt til eventyr i det fri. Med en opladningstid p\u00e5 kun 4-6 timer kan b\u00f8rn hurtigt genoptage deres aktiviteter efter en pause.<\/span><\/p>\n<p><\/p>\n<p class=\"MsoNormal\"><strong><span style=\"font-size:10.5pt;font-family:Calibri\">CARACT\u00c9RISTIQUES SIKKERHED STYRKES<\/span><\/strong><\/p>\n<p class=\"MsoNormal\"><span style=\"font-size:10.5pt;font-family:Calibri\">EV07M-modellen er udstyret med et effektivt skivebremsesystem og et stramt tyngdepunkt, der sikrer bedre stabilitet og optimal kontrol. Disse funktioner sikrer sikker k\u00f8rsel, selv for unge, uerfarne bilister.<\/span><\/p>\n<p><\/p>\n<p class=\"MsoNormal\"><strong><span style=\"font-size:10.5pt;font-family:Calibri\">MOTOR MANGLER TIL FORSKELLIGE TERR\u00c6NER<\/span><\/strong><\/p>\n<p class=\"MsoNormal\"><span style=\"font-size:10.5pt;font-family:Calibri\">Med en motor p\u00e5 300 W kan denne elektriske motorcykel k\u00f8re p\u00e5 skr\u00e5ninger op til 8\u00b0, hvilket g\u00f8r den til et ideelt valg til varieret terr\u00e6n. Uanset om det er p\u00e5 flade overflader eller lette bakker, leverer EV07M en j\u00e6vn og p\u00e5lidelig ydeevne. Det er den perfekte gave til at opmuntre b\u00f8rn til at udforske og udvikle deres k\u00f8ref\u00e6rdigheder.<\/span><\/p>\n<\/div>\n<\/div>","protected":false},"excerpt":{"rendered":"<p>Model Number:&nbsp;EV07M Rated Passenger Capacity:&nbsp;One Seat Style:&nbsp;Standard Type Max Speed:&nbsp;&lt;25km\/h Range per Power:&nbsp;10 &#8211; 30 km Wattage:&nbsp;251 &#8211; 350w Power Supply:&nbsp;lithium battery Voltage:&nbsp;24V Brand Name:&nbsp;EVERCROSS TECH Power Source:&nbsp;lithium battery Origin:&nbsp;Mainland<\/p>","protected":false},"featured_media":7782,"comment_status":"open","ping_status":"closed","template":"","meta":{"_acf_changed":false},"product_brand":[],"product_cat":[313],"product_tag":[327],"class_list":{"0":"post-7781","1":"product","2":"type-product","3":"status-publish","4":"has-post-thumbnail","6":"product_cat-electric-children-motorbikes","7":"product_tag-evercross","9":"first","10":"instock","11":"shipping-taxable","12":"purchasable","13":"product-type-variable"},"acf":[],"_links":{"self":[{"href":"https:\/\/electricstore.eu\/da\/wp-json\/wp\/v2\/product\/7781","targetHints":{"allow":["GET"]}}],"collection":[{"href":"https:\/\/electricstore.eu\/da\/wp-json\/wp\/v2\/product"}],"about":[{"href":"https:\/\/electricstore.eu\/da\/wp-json\/wp\/v2\/types\/product"}],"replies":[{"embeddable":true,"href":"https:\/\/electricstore.eu\/da\/wp-json\/wp\/v2\/comments?post=7781"}],"wp:featuredmedia":[{"embeddable":true,"href":"https:\/\/electricstore.eu\/da\/wp-json\/wp\/v2\/media\/7782"}],"wp:attachment":[{"href":"https:\/\/electricstore.eu\/da\/wp-json\/wp\/v2\/media?parent=7781"}],"wp:term":[{"taxonomy":"product_brand","embeddable":true,"href":"https:\/\/electricstore.eu\/da\/wp-json\/wp\/v2\/product_brand?post=7781"},{"taxonomy":"product_cat","embeddable":true,"href":"https:\/\/electricstore.eu\/da\/wp-json\/wp\/v2\/product_cat?post=7781"},{"taxonomy":"product_tag","embeddable":true,"href":"https:\/\/electricstore.eu\/da\/wp-json\/wp\/v2\/product_tag?post=7781"}],"curies":[{"name":"wp","href":"https:\/\/api.w.org\/{rel}","templated":true}]}}