{"id":7734,"date":"2025-05-15T19:53:14","date_gmt":"2025-05-15T19:53:14","guid":{"rendered":"https:\/\/electricstore.eu\/product\/250w-dual-motor-36v-15-6ah-electric-mobility-scooter\/"},"modified":"2025-05-21T05:40:08","modified_gmt":"2025-05-21T05:40:08","slug":"250w-dual-motor-36v-15-6ah-electric-mobility-scooter","status":"publish","type":"product","link":"https:\/\/www.electricstore.eu\/da\/p\/electric-mobility-scooters\/250w-dual-motor-36v-15-6ah-electric-mobility-scooter\/","title":{"rendered":"Electrib DH0305 250W 36V 15,6Ah 18 km\/t 60-80 km 10\u2033 firehjulet mobilitetsscooter"},"content":{"rendered":"<div class=\"product-specs-list-container\">\n<ul class=\"product-specs-list util-clearfix\">\n<li class=\"product-prop line-limit-length\"><span\n                                        class=\"property-title\">D\u00e6kst\u00f8rrelse:&nbsp;<\/span><span\n                                        class=\"property-desc line-limit-length\">10 tommer<\/span>\n                            <\/li>\n<li class=\"product-prop line-limit-length\"><span\n                                        class=\"property-title\">Modelnummer:&nbsp;<\/span><span\n                                        class=\"property-desc line-limit-length\">DH0305<\/span>\n                            <\/li>\n<li class=\"product-prop line-limit-length\"><span\n                                        class=\"property-title\">Kategori:&nbsp;<\/span><span\n                                        class=\"property-desc line-limit-length\">Firehjulet scooter<\/span>\n                            <\/li>\n<li class=\"product-prop line-limit-length\"><span\n                                        class=\"property-title\">Relevante personer:&nbsp;<\/span><span\n                                        class=\"property-desc line-limit-length\">Unisex<\/span>\n                            <\/li>\n<li class=\"product-prop line-limit-length\"><span\n                                        class=\"property-title\">R\u00e6kkevidde pr. opladning:&nbsp;<\/span><span\n                                        class=\"property-desc line-limit-length\">60-80 km<\/span>\n                            <\/li>\n<li class=\"product-prop line-limit-length\"><span\n                                        class=\"property-title\">Opladningstid:&nbsp;<\/span><span\n                                        class=\"property-desc line-limit-length\">8-10 timer<\/span>\n                            <\/li>\n<li class=\"product-prop line-limit-length\"><span\n                                        class=\"property-title\">Sp\u00e6nding:&nbsp;<\/span><span\n                                        class=\"property-desc line-limit-length\">36v<\/span>\n                            <\/li>\n<li class=\"product-prop line-limit-length\"><span\n                                        class=\"property-title\">Foldet:&nbsp;<\/span><span\n                                        class=\"property-desc line-limit-length\">JA<\/span>\n                            <\/li>\n<li class=\"product-prop line-limit-length\"><span\n                                        class=\"property-title\">Effekt (W):&nbsp;<\/span><span\n                                        class=\"property-desc line-limit-length\">201-500W<\/span>\n                            <\/li>\n<li class=\"product-prop line-limit-length\"><span\n                                        class=\"property-title\">Oprindelse:&nbsp;<\/span><span\n                                        class=\"property-desc line-limit-length\">Kinas fastland<\/span>\n                            <\/li>\n<li class=\"product-prop line-limit-length\"><span\n                                        class=\"property-title\">Navn:&nbsp;<\/span><span\n                                        class=\"property-desc line-limit-length\">Elektrisk mobilitetsscooter<\/span>\n                            <\/li>\n<li class=\"product-prop line-limit-length\"><span\n                                        class=\"property-title\">Motor:&nbsp;<\/span><span\n                                        class=\"property-desc line-limit-length\">250W dobbelte baghjulsmotor<\/span>\n                            <\/li>\n<li class=\"product-prop line-limit-length\"><span\n                                        class=\"property-title\">Batteri:&nbsp;<\/span><span\n                                        class=\"property-desc line-limit-length\">36V10.4Ah \/36v15.6AH lithiumbatteri<\/span>\n                            <\/li>\n<li class=\"product-prop line-limit-length\"><span\n                                        class=\"property-title\">R\u00e6kkevidde:&nbsp;<\/span><span\n                                        class=\"property-desc line-limit-length\">25-40 km<\/span>\n                            <\/li>\n<li class=\"product-prop line-limit-length\"><span\n                                        class=\"property-title\">Hastighed:&nbsp;<\/span><span\n                                        class=\"property-desc line-limit-length\">6-12-18 km\/t<\/span>\n                            <\/li>\n<li class=\"product-prop line-limit-length\"><span\n                                        class=\"property-title\">D\u00e6k for\/bag:&nbsp;<\/span><span\n                                        class=\"property-desc line-limit-length\">10\/8 tommer<\/span>\n                            <\/li>\n<li class=\"product-prop line-limit-length\"><span\n                                        class=\"property-title\">Maksimal belastning:&nbsp;<\/span><span\n                                        class=\"property-desc line-limit-length\">120 kg<\/span>\n                            <\/li>\n<li class=\"product-prop line-limit-length\"><span\n                                        class=\"property-title\">Certifikat:&nbsp;<\/span><span\n                                        class=\"property-desc line-limit-length\"><\/span>\n                            <\/li>\n<\/ul><\/div>\n<div class=\"detailmodule_html\">\n<div class=\"detail-desc-decorate-richtext\">\n<p style=\"font-family:OpenSans;font-size:20px;font-weight:900;line-height:28px;white-space:pre-wrap;color:rgb(0, 0, 0);margin-bottom:12px\" class=\"detail-desc-decorate-title\">Produktinformation<\/p>\n<div>\n<p style=\"font-family:OpenSans;font-size:14px;font-weight:300;line-height:20px;white-space:pre-wrap;color:rgb(0, 0, 0);margin-bottom:12px\" class=\"detail-desc-decorate-content\">Motor: 250Wx2 baghjul b\u00f8rstel\u00f8s<br \/>Batteri: 36V10.4Ah \/ 36V15.6AH litiumbatteri<br \/>Sk\u00e6rm: LED-sk\u00e6rm<br \/>Forlygte: LED-lys<br \/>Baglygte: LED-lys<br \/>Stel: Kulstofst\u00e5l af h\u00f8j kvalitet<br \/>Baghjulsoph\u00e6ng: Fjederoph\u00e6ng<br \/>D\u00e6k fortil: 10\/8 tommer d\u00e6k<br \/>Maksimal hastighed: 18 km\/t<br \/>K\u00f8reafstand:<\/p>\n<p style=\"font-family:OpenSans;font-size:14px;font-weight:300;line-height:20px;white-space:pre-wrap;color:rgb(0, 0, 0);margin-bottom:12px\" class=\"detail-desc-decorate-content\">36V10.4AH 25 km<\/p>\n<div>\n<p style=\"font-family:OpenSans;font-size:14px;font-weight:300;line-height:20px;white-space:pre-wrap;color:rgb(0, 0, 0);margin-bottom:12px\" class=\"detail-desc-decorate-content\">36V15.6AH: 40 km<\/p>\n<\/div>\n<p style=\"font-family:OpenSans;font-size:14px;font-weight:300;line-height:20px;white-space:pre-wrap;color:rgb(0, 0, 0);margin-bottom:12px\" class=\"detail-desc-decorate-content\">Opladningstid: 6-8 timer<br \/>Maksimal belastning: 120 kg<\/p>\n<\/div>\n<p><img decoding=\"async\" src=\"https:\/\/ae01.alicdn.com\/kf\/Sd0d06690fd574f3eac417ad2da52a68e7.jpg?width=1001&amp;height=1001&amp;hash=2002\" slate-data-type=\"image\"\/><img decoding=\"async\" src=\"https:\/\/ae01.alicdn.com\/kf\/S93de481dbecb4060ae849c2ed26ba2276.jpg?width=1001&amp;height=1001&amp;hash=2002\" slate-data-type=\"image\"\/><img decoding=\"async\" src=\"https:\/\/ae01.alicdn.com\/kf\/Sde2bb1bc8c20495790cef44174870ffcg.jpg?width=1001&amp;height=1001&amp;hash=2002\" slate-data-type=\"image\"\/><img decoding=\"async\" src=\"https:\/\/ae01.alicdn.com\/kf\/S5b6910f12df348ed99c11d18b47f1239O.jpg?width=770&amp;height=770&amp;hash=1540\" slate-data-type=\"image\"\/><img decoding=\"async\" src=\"https:\/\/ae01.alicdn.com\/kf\/S8bbf36d6c3e045ffafe00e7400b6f6932.jpg?width=1200&amp;height=1200&amp;hash=2400\" slate-data-type=\"image\"\/><img decoding=\"async\" src=\"https:\/\/ae01.alicdn.com\/kf\/Sbded4fe78baa4c568851bb4fe0216a7bu.jpg?width=1200&amp;height=1200&amp;hash=2400\" slate-data-type=\"image\"\/><\/p>\n<p><img decoding=\"async\" src=\"https:\/\/ae01.alicdn.com\/kf\/Sdec76eab70a149faad1843099b4a834f2.jpg?width=750&amp;height=750&amp;hash=1500\" slate-data-type=\"image\"\/><img decoding=\"async\" src=\"https:\/\/ae01.alicdn.com\/kf\/Se3513983ec074324a32625c38879ad45p.jpg?width=950&amp;height=686&amp;hash=1636\" slate-data-type=\"image\"\/><img decoding=\"async\" src=\"https:\/\/ae01.alicdn.com\/kf\/Sc4b42ddbad4243c185249518e62970d3K.jpg?width=750&amp;height=750&amp;hash=1500\" slate-data-type=\"image\"\/><\/p>\n<p><strong><span style=\"font-size:32px;font-family:arial, helvetica, sans-serif\">Flere detaljer <\/span><\/strong><\/p>\n<p><img decoding=\"async\" src=\"https:\/\/ae01.alicdn.com\/kf\/Sc4864ee3711741b1b22160d9fcc80207Y.jpg?width=958&amp;height=674&amp;hash=1632\" slate-data-type=\"image\"\/><\/p>\n<p><img decoding=\"async\" src=\"https:\/\/ae01.alicdn.com\/kf\/S5e8a57b71e3748ec856ff6f29ee93072E.jpg?width=1000&amp;height=667&amp;hash=1667\" slate-data-type=\"image\"\/><img decoding=\"async\" src=\"https:\/\/ae01.alicdn.com\/kf\/S4085cbaed77c4553899c74385fa595a0G.jpg?width=731&amp;height=497&amp;hash=1228\" slate-data-type=\"image\"\/><img decoding=\"async\" src=\"https:\/\/ae01.alicdn.com\/kf\/Sc554b98866954c91b1a09958fae72096t.jpg?width=720&amp;height=296&amp;hash=1016\" slate-data-type=\"image\"\/><img decoding=\"async\" src=\"https:\/\/ae01.alicdn.com\/kf\/S50ab3c17e80549039ca4d3ff8b1e4e89v.jpg?width=960&amp;height=413&amp;hash=1373\" slate-data-type=\"image\"\/><img decoding=\"async\" src=\"https:\/\/ae01.alicdn.com\/kf\/S6d67786d4c9b4d6b95a0380308a4d355j.jpg?width=780&amp;height=537&amp;hash=1317\" slate-data-type=\"image\"\/><img decoding=\"async\" src=\"https:\/\/ae01.alicdn.com\/kf\/S7307ef46f7b04759abf29e8506040c33G.jpg?width=872&amp;height=594&amp;hash=1466\" slate-data-type=\"image\"\/><img decoding=\"async\" src=\"https:\/\/ae01.alicdn.com\/kf\/S5e63248e527b4f44b50e92fad021736cN.jpg?width=689&amp;height=447&amp;hash=1136\" slate-data-type=\"image\"\/><img decoding=\"async\" src=\"https:\/\/ae01.alicdn.com\/kf\/Scc80b8c81c1743f6922b7cb05bcfc5efB.jpg?width=526&amp;height=488&amp;hash=1014\" slate-data-type=\"image\"\/><img decoding=\"async\" src=\"https:\/\/ae01.alicdn.com\/kf\/S06e2513146184672afe7e18efae54030P.jpg?width=670&amp;height=550&amp;hash=1220\" slate-data-type=\"image\"\/><img decoding=\"async\" src=\"https:\/\/ae01.alicdn.com\/kf\/S7b9fc34613af449e95573a671681a427X.jpg?width=1000&amp;height=750&amp;hash=1750\" slate-data-type=\"image\"\/><img decoding=\"async\" src=\"https:\/\/ae01.alicdn.com\/kf\/S13c4d81a7c824ff3abe3d7401e368c21h.jpg?width=1440&amp;height=1080&amp;hash=2520\" slate-data-type=\"image\"\/><img decoding=\"async\" src=\"https:\/\/ae01.alicdn.com\/kf\/Secbf05bab3974db2a56cef63f5e3699fs.jpg?width=1000&amp;height=750&amp;hash=1750\" slate-data-type=\"image\"\/><img decoding=\"async\" src=\"https:\/\/ae01.alicdn.com\/kf\/Sb289a74863504f36a909dc51618a3827V.jpg?width=1080&amp;height=810&amp;hash=1890\" slate-data-type=\"image\"\/><img decoding=\"async\" src=\"https:\/\/ae01.alicdn.com\/kf\/S4f8519e92bc84ba0b454b19e126645d62.jpg?width=1200&amp;height=900&amp;hash=2100\" slate-data-type=\"image\"\/><img decoding=\"async\" src=\"https:\/\/ae01.alicdn.com\/kf\/Sc48835eaee57414781a780365c485262t.jpg?width=4032&amp;height=3024&amp;hash=7056\" slate-data-type=\"image\"\/><\/p>\n<div>\n<p style=\"font-family:OpenSans;font-size:20px;font-weight:900;line-height:28px;white-space:pre-wrap;color:rgb(0, 0, 0);margin-bottom:12px\" class=\"detail-desc-decorate-title\">Forholdsregler f\u00f8r k\u00f8b.<\/p>\n<p style=\"font-family:OpenSans;font-size:14px;font-weight:300;line-height:20px;white-space:pre-wrap;color:rgb(0, 0, 0);margin-bottom:12px\" class=\"detail-desc-decorate-content\">1. Da elektriske l\u00f8behjul med lithiumbatteri er de internationalt forbudte varer. Vi skal levere dem p\u00e5 en s\u00e6rlig m\u00e5de. Normalt er der ingen m\u00e5de at transportere dem p\u00e5, s\u00e5 vi sender dem f\u00f8rst til Shenzhen, derefter til Hongkong og til Europa\/Rusland\/USA\/Australien\/Canada osv. Generelt sender vi dem med tog til Europa\/Rusland, ad s\u00f8vejen til USA. Derefter leverer vi dem med UPS\/\/FedEx og andre logistiske virksomheder. Hvis du \u00f8nsker, at vi sender dem med fly, skal du betale meget h\u00f8jere ekstra gebyrer.<\/p>\n<p>2. Sporingsnummeret kan ikke spores, f\u00f8r forsendelsen er afsluttet. Hvis du kan spore det, betyder det, at du vil modtage scooteren flere dage senere. Vent venligst t\u00e5lmodigt inden da. Normalt efter ca. 35-40 dage. Sporingsoplysningerne vil blive opdateret, og pakken vil blive sendt til dig inden for ca. 40-60 dage.<\/p>\n<p>3. Ovenst\u00e5ende er den omtrentlige leveringstid baseret p\u00e5 vores erfaring. Vi vil g\u00f8re vores bedste for at levere en p\u00e5lidelig leveringsservice og h\u00e5ber, at varerne ankommer til tiden. Leveringen kan dog blive forsinket p\u00e5 grund af toldbehandling, helligdage, d\u00e5rligt vejr, flystrejke, orkanen Sandy osv. Tak for din forst\u00e5else!<\/p>\n<\/div>\n<div><\/div>\n<\/div>\n<\/div>\n<p><\/p>","protected":false},"excerpt":{"rendered":"<p>Tire Size:&nbsp;10 inch Model Number:&nbsp;DH0305 Category:&nbsp;Four-wheel Scooter Applicable People:&nbsp;Unisex Range Per Charge:&nbsp;60-80km Charging Time:&nbsp;8-10h Voltage:&nbsp;36v Folded:&nbsp;YES Power (W):&nbsp;201-500W Origin:&nbsp;Mainland China Name:&nbsp;Mobility electric scooter Motor:&nbsp;250W dual rear wheels motor Battery:&nbsp;36V10.4Ah \/36v15.6AH<\/p>","protected":false},"featured_media":7735,"comment_status":"open","ping_status":"closed","template":"","meta":{"_acf_changed":false},"product_brand":[],"product_cat":[301],"product_tag":[],"class_list":{"0":"post-7734","1":"product","2":"type-product","3":"status-publish","4":"has-post-thumbnail","6":"product_cat-electric-mobility-scooters","8":"first","9":"instock","10":"shipping-taxable","11":"purchasable","12":"product-type-variable"},"acf":[],"_links":{"self":[{"href":"https:\/\/www.electricstore.eu\/da\/wp-json\/wp\/v2\/product\/7734","targetHints":{"allow":["GET"]}}],"collection":[{"href":"https:\/\/www.electricstore.eu\/da\/wp-json\/wp\/v2\/product"}],"about":[{"href":"https:\/\/www.electricstore.eu\/da\/wp-json\/wp\/v2\/types\/product"}],"replies":[{"embeddable":true,"href":"https:\/\/www.electricstore.eu\/da\/wp-json\/wp\/v2\/comments?post=7734"}],"wp:featuredmedia":[{"embeddable":true,"href":"https:\/\/www.electricstore.eu\/da\/wp-json\/wp\/v2\/media\/7735"}],"wp:attachment":[{"href":"https:\/\/www.electricstore.eu\/da\/wp-json\/wp\/v2\/media?parent=7734"}],"wp:term":[{"taxonomy":"product_brand","embeddable":true,"href":"https:\/\/www.electricstore.eu\/da\/wp-json\/wp\/v2\/product_brand?post=7734"},{"taxonomy":"product_cat","embeddable":true,"href":"https:\/\/www.electricstore.eu\/da\/wp-json\/wp\/v2\/product_cat?post=7734"},{"taxonomy":"product_tag","embeddable":true,"href":"https:\/\/www.electricstore.eu\/da\/wp-json\/wp\/v2\/product_tag?post=7734"}],"curies":[{"name":"wp","href":"https:\/\/api.w.org\/{rel}","templated":true}]}}