{"id":7705,"date":"2025-05-15T19:49:11","date_gmt":"2025-05-15T19:49:11","guid":{"rendered":"https:\/\/electricstore.eu\/product\/m10-72v-50ah-10000w-dual-drive-electric-motorbike\/"},"modified":"2025-05-21T05:40:10","modified_gmt":"2025-05-21T05:40:10","slug":"m10-72v-50ah-10000w-dual-drive-electric-motorbike","status":"publish","type":"product","link":"https:\/\/electricstore.eu\/da\/p\/motorbikes\/electric-minibikes\/m10-72v-50ah-10000w-dual-drive-electric-motorbike\/","title":{"rendered":"Electrib M10 10000W &gt;60V 50Ah 50-70 km\/t 60-80 km 14\u2033 Dual Drive Elmotorcykel"},"content":{"rendered":"<div class=\"product-specs-list-container\">\n<ul class=\"product-specs-list util-clearfix\">\n<li class=\"product-prop line-limit-length\"><span\n                                        class=\"property-title\">Modelnummer:&nbsp;<\/span><span\n                                        class=\"property-desc line-limit-length\">M10<\/span>\n                            <\/li>\n<li class=\"product-prop line-limit-length\"><span\n                                        class=\"property-title\">Kategori:&nbsp;<\/span><span\n                                        class=\"property-desc line-limit-length\">Tohjulet scooter<\/span>\n                            <\/li>\n<li class=\"product-prop line-limit-length\"><span\n                                        class=\"property-title\">Relevante personer:&nbsp;<\/span><span\n                                        class=\"property-desc line-limit-length\">Unisex<\/span>\n                            <\/li>\n<li class=\"product-prop line-limit-length\"><span\n                                        class=\"property-title\">R\u00e6kkevidde pr. opladning:&nbsp;<\/span><span\n                                        class=\"property-desc line-limit-length\">60-80 km<\/span>\n                            <\/li>\n<li class=\"product-prop line-limit-length\"><span\n                                        class=\"property-title\">Opladningstid:&nbsp;<\/span><span\n                                        class=\"property-desc line-limit-length\">8-10 timer<\/span>\n                            <\/li>\n<li class=\"product-prop line-limit-length\"><span\n                                        class=\"property-title\">Sp\u00e6nding:&nbsp;<\/span><span\n                                        class=\"property-desc line-limit-length\">&gt;60v<\/span>\n                            <\/li>\n<li class=\"product-prop line-limit-length\"><span\n                                        class=\"property-title\">Foldet:&nbsp;<\/span><span\n                                        class=\"property-desc line-limit-length\">Ingen<\/span>\n                            <\/li>\n<li class=\"product-prop line-limit-length\"><span\n                                        class=\"property-title\">Oprindelse:&nbsp;<\/span><span\n                                        class=\"property-desc line-limit-length\">Kinas fastland<\/span>\n                            <\/li>\n<li class=\"product-prop line-limit-length\"><span\n                                        class=\"property-title\">Effekt (W):&nbsp;<\/span><span\n                                        class=\"property-desc line-limit-length\">10000W<\/span>\n                            <\/li>\n<li class=\"product-prop line-limit-length\"><span\n                                        class=\"property-title\">oprindelsesland:&nbsp;<\/span><span\n                                        class=\"property-desc line-limit-length\">Kina<\/span>\n                            <\/li>\n<li class=\"product-prop line-limit-length\"><span\n                                        class=\"property-title\">m\u00e6rke:&nbsp;<\/span><span\n                                        class=\"property-desc line-limit-length\">MM<\/span>\n                            <\/li>\n<li class=\"product-prop line-limit-length\"><span\n                                        class=\"property-title\">Model:&nbsp;<\/span><span\n                                        class=\"property-desc line-limit-length\">M10<\/span>\n                            <\/li>\n<li class=\"product-prop line-limit-length\"><span\n                                        class=\"property-title\">opladningstid:&nbsp;<\/span><span\n                                        class=\"property-desc line-limit-length\">6-8 timer<\/span>\n                            <\/li>\n<li class=\"product-prop line-limit-length\"><span\n                                        class=\"property-title\">Om man skal folde:&nbsp;<\/span><span\n                                        class=\"property-desc line-limit-length\">Ja<\/span>\n                            <\/li>\n<li class=\"product-prop line-limit-length\"><span\n                                        class=\"property-title\">kilometer\/opladning \u00e9n gang:&nbsp;<\/span><span\n                                        class=\"property-desc line-limit-length\">60-80 kilometer<\/span>\n                            <\/li>\n<li class=\"product-prop line-limit-length\"><span\n                                        class=\"property-title\">Maksimal hastighed:&nbsp;<\/span><span\n                                        class=\"property-desc line-limit-length\">50-70 km\/t<\/span>\n                            <\/li>\n<li class=\"product-prop line-limit-length\"><span\n                                        class=\"property-title\">klassifikation:&nbsp;<\/span><span\n                                        class=\"property-desc line-limit-length\">tohjulet scooter<\/span>\n                            <\/li>\n<li class=\"product-prop line-limit-length\"><span\n                                        class=\"property-title\">relevant population:&nbsp;<\/span><span\n                                        class=\"property-desc line-limit-length\">Unisex<\/span>\n                            <\/li>\n<li class=\"product-prop line-limit-length\"><span\n                                        class=\"property-title\">Intelligent:&nbsp;<\/span><span\n                                        class=\"property-desc line-limit-length\">elektronisk<\/span>\n                            <\/li>\n<li class=\"product-prop line-limit-length\"><span\n                                        class=\"property-title\">Batterikapacitet:&nbsp;<\/span><span\n                                        class=\"property-desc line-limit-length\">30ah\/40ah<\/span>\n                            <\/li>\n<li class=\"product-prop line-limit-length\"><span\n                                        class=\"property-title\">patenteret produkt:&nbsp;<\/span><span\n                                        class=\"property-desc line-limit-length\">Brugsmodelpatent<\/span>\n                            <\/li>\n<li class=\"product-prop line-limit-length\"><span\n                                        class=\"property-title\">motor:&nbsp;<\/span><span\n                                        class=\"property-desc line-limit-length\">B\u00f8rstel\u00f8s<\/span>\n                            <\/li>\n<li class=\"product-prop line-limit-length\"><span\n                                        class=\"property-title\">vandt\u00e6t:&nbsp;<\/span><span\n                                        class=\"property-desc line-limit-length\">vandt\u00e6t<\/span>\n                            <\/li>\n<li class=\"product-prop line-limit-length\"><span\n                                        class=\"property-title\">magt:&nbsp;<\/span><span\n                                        class=\"property-desc line-limit-length\">10000w<\/span>\n                            <\/li>\n<li class=\"product-prop line-limit-length\"><span\n                                        class=\"property-title\">Plug-in-metode:&nbsp;<\/span><span\n                                        class=\"property-desc line-limit-length\">Japansk stik, amerikansk standard, europ\u00e6isk stik<\/span>\n                            <\/li>\n<li class=\"product-prop line-limit-length\"><span\n                                        class=\"property-title\">Affjedringstype:&nbsp;<\/span><span\n                                        class=\"property-desc line-limit-length\">Fuld affjedring<\/span>\n                            <\/li>\n<li class=\"product-prop line-limit-length\"><span\n                                        class=\"property-title\">Maksimal belastning:&nbsp;<\/span><span\n                                        class=\"property-desc line-limit-length\">200 kg<\/span>\n                            <\/li>\n<li class=\"product-prop line-limit-length\"><span\n                                        class=\"property-title\">Batteritype:&nbsp;<\/span><span\n                                        class=\"property-desc line-limit-length\">litiumbatteri<\/span>\n                            <\/li>\n<li class=\"product-prop line-limit-length\"><span\n                                        class=\"property-title\">Komponentmateriale:&nbsp;<\/span><span\n                                        class=\"property-desc line-limit-length\">aluminiumslegering<\/span>\n                            <\/li>\n<li class=\"product-prop line-limit-length\"><span\n                                        class=\"property-title\">kontrolmetode:&nbsp;<\/span><span\n                                        class=\"property-desc line-limit-length\">Fjernbetjening, applikationsstyring, stemmestyring<\/span>\n                            <\/li>\n<li class=\"product-prop line-limit-length\"><span\n                                        class=\"property-title\">Bremsesystem:&nbsp;<\/span><span\n                                        class=\"property-desc line-limit-length\">Elektronik, skive, hydraulisk skive<\/span>\n                            <\/li>\n<li class=\"product-prop line-limit-length\"><span\n                                        class=\"property-title\">fungere:&nbsp;<\/span><span\n                                        class=\"property-desc line-limit-length\">Milj\u00f8venlig, foldbar, vandt\u00e6t, b\u00e6rbar, let, LED-lys,<\/span>\n                            <\/li>\n<li class=\"product-prop line-limit-length\"><span\n                                        class=\"property-title\">Varens h\u00f8jde fra bund til top:&nbsp;<\/span><span\n                                        class=\"property-desc line-limit-length\">45 tommer og derover<\/span>\n                            <\/li>\n<li class=\"product-prop line-limit-length\"><span\n                                        class=\"property-title\">R\u00e6kkevidde pr. opladning:&nbsp;<\/span><span\n                                        class=\"property-desc line-limit-length\">100-150 km<\/span>\n                            <\/li>\n<li class=\"product-prop line-limit-length\"><span\n                                        class=\"property-title\">Maksimal hastighed:&nbsp;<\/span><span\n                                        class=\"property-desc line-limit-length\">31-40 km\/t<\/span>\n                            <\/li>\n<li class=\"product-prop line-limit-length\"><span\n                                        class=\"property-title\">Oprindelsessted:&nbsp;<\/span><span\n                                        class=\"property-desc line-limit-length\">Jiangsu, Kina<\/span>\n                            <\/li>\n<li class=\"product-prop line-limit-length\"><span\n                                        class=\"property-title\">Smart type:&nbsp;<\/span><span\n                                        class=\"property-desc line-limit-length\">Bluetooth<\/span>\n                            <\/li>\n<li class=\"product-prop line-limit-length\"><span\n                                        class=\"property-title\">Opladningstid:&nbsp;<\/span><span\n                                        class=\"property-desc line-limit-length\">6-8 timer<\/span>\n                            <\/li>\n<li class=\"product-prop line-limit-length\"><span\n                                        class=\"property-title\">Kategori:&nbsp;<\/span><span\n                                        class=\"property-desc line-limit-length\">Tohjulet scooter<\/span>\n                            <\/li>\n<li class=\"product-prop line-limit-length\"><span\n                                        class=\"property-title\">Relevante personer:&nbsp;<\/span><span\n                                        class=\"property-desc line-limit-length\">Unisex<\/span>\n                            <\/li>\n<li class=\"product-prop line-limit-length\"><span\n                                        class=\"property-title\">Batterikapacitet:&nbsp;<\/span><span\n                                        class=\"property-desc line-limit-length\">&gt; 40 Ah<\/span>\n                            <\/li>\n<li class=\"product-prop line-limit-length\"><span\n                                        class=\"property-title\">Materiale:&nbsp;<\/span><span\n                                        class=\"property-desc line-limit-length\">Forst\u00e6rket jern + aluminiumslegering<\/span>\n                            <\/li>\n<li class=\"product-prop line-limit-length\"><span\n                                        class=\"property-title\">D\u00e6kst\u00f8rrelse:&nbsp;<\/span><span\n                                        class=\"property-desc line-limit-length\">14 tommer d\u00e6k<\/span>\n                            <\/li>\n<li class=\"product-prop line-limit-length\"><span\n                                        class=\"property-title\">Certifikat:&nbsp;<\/span><span\n                                        class=\"property-desc line-limit-length\"><\/span>\n                            <\/li>\n<\/ul><\/div>\n<div class=\"detailmodule_html\">\n<div class=\"detail-desc-decorate-richtext\">\n<div id=\"ali-anchor-AliPostDhMb-CWMYZ\" style=\"padding-top:8px\" class=\"mceSectionContainer\">\n<div id=\"ali-title-AliPostDhMb-CWMYZ\" style=\"border-bottom:1px solid rgb(221, 221, 221);padding:8px 0px;padding-bottom:8px;padding-top:8px;padding-left:0px;padding-right:0px\"><span style=\"background-color:rgb(221, 221, 221);color:rgb(51, 51, 51)\">Produktbeskrivelse<\/span><\/div>\n<div style=\"padding:10px 0px;padding-bottom:10px;padding-top:10px;padding-left:0px;padding-right:0px\"><img decoding=\"async\" style=\"width:100%\" width=\"100%\" src=\"https:\/\/ae01.alicdn.com\/kf\/S589df6d0e4e647c9ae89d3a7fbd2120aE.jpg?width=1700&amp;height=1700&amp;hash=3400\" slate-data-type=\"image\"\/><br \/><img decoding=\"async\" style=\"width:100%\" width=\"100%\" src=\"https:\/\/ae01.alicdn.com\/kf\/S147230ac33c641d783109fbe67b871abB.jpg?width=1024&amp;height=1024&amp;hash=2048\" slate-data-type=\"image\"\/><br \/><img decoding=\"async\" style=\"width:100%\" width=\"100%\" src=\"https:\/\/ae01.alicdn.com\/kf\/Sf48a9f6fa4db4d02ba419e466eb55f2eM.jpg?width=1000&amp;height=1000&amp;hash=2000\" slate-data-type=\"image\"\/><br \/><img decoding=\"async\" src=\"https:\/\/ae01.alicdn.com\/kf\/S589df6d0e4e647c9ae89d3a7fbd2120aE.jpg?width=1700&amp;height=1700&amp;hash=3400\" slate-data-type=\"image\"\/> <img decoding=\"async\" src=\"https:\/\/ae01.alicdn.com\/kf\/S6057c999aa2143e1b1463cffe1fbaa03O.jpg?width=1700&amp;height=1700&amp;hash=3400\" slate-data-type=\"image\"\/> <img decoding=\"async\" src=\"https:\/\/ae01.alicdn.com\/kf\/Sf777a634f2034a6daa48f80948aad775M.jpg?width=1700&amp;height=1700&amp;hash=3400\" slate-data-type=\"image\"\/> <img decoding=\"async\" src=\"https:\/\/ae01.alicdn.com\/kf\/Sf7672062435a417ab72bc32340dbcd6bJ.jpg?width=1700&amp;height=1700&amp;hash=3400\" slate-data-type=\"image\"\/> <img decoding=\"async\" src=\"https:\/\/ae01.alicdn.com\/kf\/S757b4b19bb6546859a467cc641fe1b2fM.jpg?width=1700&amp;height=1700&amp;hash=3400\" slate-data-type=\"image\"\/> <img decoding=\"async\" src=\"https:\/\/ae01.alicdn.com\/kf\/Sebe5663af04049579fe73d71cf44354e7.jpg?width=1700&amp;height=1700&amp;hash=3400\" slate-data-type=\"image\"\/> <img decoding=\"async\" src=\"https:\/\/ae01.alicdn.com\/kf\/Sf7fdd77acdfa4de5a083153d33120da2w.jpg?width=1700&amp;height=1700&amp;hash=3400\" slate-data-type=\"image\"\/> <img decoding=\"async\" src=\"https:\/\/ae01.alicdn.com\/kf\/S0dad8d8c851f437a8a503bc3b4ef272d7.jpg?width=1700&amp;height=1700&amp;hash=3400\" slate-data-type=\"image\"\/> <img decoding=\"async\" src=\"https:\/\/ae01.alicdn.com\/kf\/Sd07e4d7c400a440ba29acafa38f68a36B.jpg?width=1700&amp;height=1700&amp;hash=3400\" slate-data-type=\"image\"\/> <img decoding=\"async\" src=\"https:\/\/ae01.alicdn.com\/kf\/S8d2074c1e7824d838fc6f700f9e5454eG.jpg?width=1700&amp;height=1700&amp;hash=3400\" slate-data-type=\"image\"\/> <img decoding=\"async\" src=\"https:\/\/ae01.alicdn.com\/kf\/S50d6834cd0a4423981ba560771e92663y.jpg?width=1700&amp;height=1700&amp;hash=3400\" slate-data-type=\"image\"\/><\/div>\n<\/div>\n<div id=\"ali-anchor-AliPostDhMb-QrXan\" style=\"padding-top:8px\" class=\"mceSectionContainer\">\n<div id=\"ali-title-AliPostDhMb-QrXan\" style=\"border-bottom:1px solid rgb(221, 221, 221);padding:8px 0px;padding-bottom:8px;padding-top:8px;padding-left:0px;padding-right:0px\"><span style=\"background-color:rgb(221, 221, 221);color:rgb(51, 51, 51)\">Specifikation<\/span><\/div>\n<div id=\"ali-desLoader-AliPostDhMb-QrXan\" style=\"padding:10px 4px;padding-bottom:10px;padding-top:10px;padding-left:4px;padding-right:4px\">\n<table style=\"border-collapse:collapse;background-color:rgb(255, 255, 255)\" border=\"1px\">\n<tbody>\n<tr>\n<td style=\"padding:5px 10px;width:259px\">\n<p>punkt<\/p>\n<\/td>\n<td style=\"padding:5px 10px;width:443px\">\n<p>v\u00e6rdi<\/p>\n<\/td>\n<\/tr>\n<tr>\n<td style=\"padding:5px 10px;width:259px\">\n<p>Sammenklappelig<\/p>\n<\/td>\n<td style=\"padding:5px 10px;width:443px\">\n<p>Ja<\/p>\n<\/td>\n<\/tr>\n<tr>\n<td style=\"padding:5px 10px;width:259px\">\n<p>R\u00e6kkevidde pr. opladning<\/p>\n<\/td>\n<td style=\"padding:5px 10px;width:443px\">\n<p>60-80 km<\/p>\n<\/td>\n<\/tr>\n<tr>\n<td style=\"padding:5px 10px;width:259px\">\n<p>Maksimal hastighed<\/p>\n<\/td>\n<td style=\"padding:5px 10px;width:443px\">\n<p>50-70 km\/t<\/p>\n<\/td>\n<\/tr>\n<tr>\n<td style=\"padding:5px 10px;width:259px\">\n<p>Oprindelsessted<\/p>\n<\/td>\n<td style=\"padding:5px 10px;width:443px\">\n<p>Kina<\/p>\n<\/td>\n<\/tr>\n<tr>\n<td style=\"padding:5px 10px;width:259px\">\n<p>&#8211;<\/p>\n<\/td>\n<td style=\"padding:5px 10px;width:443px\">\n<p>Jiangsu<\/p>\n<\/td>\n<\/tr>\n<tr>\n<td style=\"padding:5px 10px;width:259px\">\n<p>Smart type<\/p>\n<\/td>\n<td style=\"padding:5px 10px;width:443px\">\n<p>elektronisk<\/p>\n<\/td>\n<\/tr>\n<tr>\n<td style=\"padding:5px 10px;width:259px\">\n<p>M\u00e6rkenavn<\/p>\n<\/td>\n<td style=\"padding:5px 10px;width:443px\">\n<p>Jinmingchan<\/p>\n<\/td>\n<\/tr>\n<tr>\n<td style=\"padding:5px 10px;width:259px\">\n<p>Opladningstid<\/p>\n<\/td>\n<td style=\"padding:5px 10px;width:443px\">\n<p>6-8 timer<\/p>\n<\/td>\n<\/tr>\n<tr>\n<td style=\"padding:5px 10px;width:259px\">\n<p>Kategori<\/p>\n<\/td>\n<td style=\"padding:5px 10px;width:443px\">\n<p>Tohjulet scooter<\/p>\n<\/td>\n<\/tr>\n<tr>\n<td style=\"padding:5px 10px;width:259px\">\n<p>Relevante personer<\/p>\n<\/td>\n<td style=\"padding:5px 10px;width:443px\">\n<p>Unisex<\/p>\n<\/td>\n<\/tr>\n<tr>\n<td style=\"padding:5px 10px;width:259px\">\n<p>Batterikapacitet<\/p>\n<\/td>\n<td style=\"padding:5px 10px;width:443px\">\n<p>30ah\/40ah<\/p>\n<\/td>\n<\/tr>\n<tr>\n<td style=\"padding:5px 10px;width:259px\">\n<p>Patenteret produkt<\/p>\n<\/td>\n<td style=\"padding:5px 10px;width:443px\">\n<p>Brugsmodelpatent<\/p>\n<\/td>\n<\/tr>\n<\/tbody>\n<\/table>\n<\/div>\n<\/div>\n<div id=\"ali-anchor-AliPostDhMb-3FlYX\" style=\"padding-top:8px\" class=\"mceSectionContainer\">\n<div id=\"ali-title-AliPostDhMb-3FlYX\" style=\"border-bottom:1px solid rgb(221, 221, 221);padding:8px 0px;padding-bottom:8px;padding-top:8px;padding-left:0px;padding-right:0px\"><span style=\"background-color:rgb(221, 221, 221);color:rgb(51, 51, 51)\">Salgsargument<\/span><\/div>\n<div style=\"padding:10px 4px;padding-bottom:10px;padding-top:10px;padding-left:4px;padding-right:4px\">\n<p>1. Dobbelt motorkraft: Dokma D-NOVA elektriske l\u00f8behjul har et kraftfuldt dobbelt motorsystem, der leverer hurtig kraft og sikrer en j\u00e6vn k\u00f8reoplevelse.<\/p>\n<p>2. Tilpasset akrylbelysning: Scooterens unikke akrylbelysning giver mulighed for tilpasning, s\u00e5 den matcher din personlige stil, hvilket skaber et enest\u00e5ende udseende i den travle by.<\/p>\n<p>3. Sammenklappelig og let: Med en v\u00e6gt p\u00e5 kun 14 kg er denne scooter let og nem at folde sammen, hvilket g\u00f8r den perfekt til dem, der har brug for at navigere gennem travle rum eller pendle med stil.<\/p>\n<p>4. Stel af aluminiumslegering: D-NOVA elektriske l\u00f8behjulet er konstrueret med en holdbar stel af aluminiumslegering og tilbyder en st\u00e6rk og robust platform, der underst\u00f8tter k\u00f8rere p\u00e5 op til 200 kg og n\u00e5r tophastigheder p\u00e5 op til 105 km\/t.<\/p>\n<p>5. CE-certificeret og sikkerhedskompatibel: Dokma D-NOVA elektriske l\u00f8behjul har modtaget CE-certificering, hvilket sikrer, at det opfylder strenge sikkerhedsstandarder og kan bruges trygt i forskellige milj\u00f8er.<\/p>\n<\/div>\n<\/div>\n<div id=\"ali-anchor-AliPostDhMb-W5Kby\" style=\"padding-top:8px\" class=\"mceSectionContainer\">\n<div id=\"ali-title-AliPostDhMb-W5Kby\" style=\"border-bottom:1px solid rgb(221, 221, 221);padding:8px 0px;padding-bottom:8px;padding-top:8px;padding-left:0px;padding-right:0px\"><span style=\"background-color:rgb(221, 221, 221);color:rgb(51, 51, 51)\">Virksomhedsintroduktion<\/span><\/div>\n<div style=\"padding:10px 4px;padding-bottom:10px;padding-top:10px;padding-left:4px;padding-right:4px\">\n<p>Suzhou Jinming Cicada Technology Co., Ltd., etableret i 2019, er en professionel, h\u00f8jteknologisk virksomhed dedikeret til forskning, udvikling, innovation og salg af udend\u00f8rs- og elektroniske produkter. Vores omfattende udvalg af produkter omfatter campingtelte, campingtelte med baldakin, udend\u00f8rs str\u00f8mforsyninger, udend\u00f8rs campister, udend\u00f8rs borde og stole, foldbare solcelle-opladere, smarte armb\u00e5nd, smarture, invertere, solcelle-invertere, integrerede energilagringsinvertere og meget mere.<\/p>\n<p>Vi overholder strenge kvalitetskontrolforanstaltninger og sikrer operationel ekspertise i hver produktionsfase, fra r\u00e5materialer til f\u00e6rdigt produkt. Vores team af dygtige fagfolk arbejder med avanceret udstyr og et topmoderne testsystem.<\/p>\n<p>Vores produkter er certificeret med CE, ROHS, MSDS, og vores str\u00e6ben efter l\u00f8bende forbedring af produktkvaliteten sikrer kundetilfredshed. Vi tilbyder b\u00e5de OEM- og ODM-tjenester, leverer produkter af h\u00f8j kvalitet og hurtig levering til kunder over hele verden.<\/p>\n<p>Suzhou Jinming Cicada Technology Co., Ltd. betjener et bredt marked, herunder fastlandet, Nordamerika, Europa, Mellem\u00f8sten, Sydamerika, Sydafrika, Rusland, Indien og andre lande. Vi str\u00e6ber efter at opbygge varige partnerskaber med kunder i udlandet og er forpligtet til at skabe en f\u00e6lles og lysere fremtid.<\/p>\n<\/div>\n<\/div>\n<div id=\"ali-anchor-AliPostDhMb-uimiX\" style=\"padding-top:8px\" class=\"mceSectionContainer\">\n<div id=\"ali-title-AliPostDhMb-uimiX\" style=\"border-bottom:1px solid rgb(221, 221, 221);padding:8px 0px;padding-bottom:8px;padding-top:8px;padding-left:0px;padding-right:0px\"><span style=\"background-color:rgb(221, 221, 221);color:rgb(51, 51, 51)\">Ofte stillede sp\u00f8rgsm\u00e5l<\/span><\/div>\n<div style=\"padding:10px 4px;padding-bottom:10px;padding-top:10px;padding-left:4px;padding-right:4px\">\n<p><strong>1. Hvem er vi?<\/strong><br \/>Vi er baseret i Jiangsu, Kina, og har siden 2019 solgt til Vesteuropa (10,00%), Syd\u00f8stasien (10,00%), Nordamerika (10,00%), \u00d8steuropa (8,00%), Oceanien (8,00%), Sydeuropa (8,00%), Nordeuropa (8,00%), Indenlandske markeder (6,00%), Sydasien (6,00%), Sydamerika (6,00%), Mellemamerika (5,00%), Mellem\u00f8sten (5,00%), Afrika (5,00%) og \u00d8stasien (5,00%). Der er i alt omkring 301-500 personer p\u00e5 vores kontor.<\/p>\n<p><strong>2. Hvordan kan vi garantere kvalitet?<\/strong><br \/>Altid en pr\u00e6produktionspr\u00f8ve f\u00f8r masseproduktion;<br \/>Altid endelig inspektion f\u00f8r forsendelse;<\/p>\n<p><strong>3. Hvad kan du k\u00f8be hos os?<\/strong><br \/>El-scooter, \u00e6ldrescooter, el-motorcykel, udend\u00f8rs klapborde og stole, udend\u00f8rs telt og h\u00e6ngek\u00f8je<\/p>\n<p><strong>4. Hvorfor skal du k\u00f8be fra os og ikke fra andre leverand\u00f8rer?<\/strong><br \/>Suzhou Cicada er en h\u00f8jteknologisk virksomhed, der har specialiseret sig i forskning, fremstilling, design og salg af el-scootere, dele til elektriske scootere, udend\u00f8rs telte og baldakiner i mere end 5 \u00e5r.<\/p>\n<p><strong>5. Hvilke tjenester kan vi tilbyde?<\/strong><br \/>Accepterede leveringsbetingelser: -;<br \/>Accepteret betalingsvaluta: -;<br \/>Accepteret betalingstype: -;<br \/>Sprog der tales: \u2013<\/p>\n<\/div>\n<\/div>\n<\/div>\n<\/div>\n<p><\/p>","protected":false},"excerpt":{"rendered":"<p>Model Number:&nbsp;M10 Category:&nbsp;Two-wheel Scooter Applicable People:&nbsp;Unisex Range Per Charge:&nbsp;60-80km Charging Time:&nbsp;8-10h Voltage:&nbsp;&gt;60v Folded:&nbsp;No Origin:&nbsp;Mainland China Power (W):&nbsp;10000W country of origin:&nbsp;China brand:&nbsp;MM Model:&nbsp;M10 charging time:&nbsp;6-8 hours Whether to fold:&nbsp;Yes kilometers\/charge once:&nbsp;60-80<\/p>","protected":false},"featured_media":7706,"comment_status":"open","ping_status":"closed","template":"","meta":{"_acf_changed":false},"product_brand":[],"product_cat":[311],"product_tag":[306],"class_list":{"0":"post-7705","1":"product","2":"type-product","3":"status-publish","4":"has-post-thumbnail","6":"product_cat-electric-minibikes","7":"product_tag-m10","9":"first","10":"instock","11":"shipping-taxable","12":"purchasable","13":"product-type-variable"},"acf":[],"_links":{"self":[{"href":"https:\/\/electricstore.eu\/da\/wp-json\/wp\/v2\/product\/7705","targetHints":{"allow":["GET"]}}],"collection":[{"href":"https:\/\/electricstore.eu\/da\/wp-json\/wp\/v2\/product"}],"about":[{"href":"https:\/\/electricstore.eu\/da\/wp-json\/wp\/v2\/types\/product"}],"replies":[{"embeddable":true,"href":"https:\/\/electricstore.eu\/da\/wp-json\/wp\/v2\/comments?post=7705"}],"wp:featuredmedia":[{"embeddable":true,"href":"https:\/\/electricstore.eu\/da\/wp-json\/wp\/v2\/media\/7706"}],"wp:attachment":[{"href":"https:\/\/electricstore.eu\/da\/wp-json\/wp\/v2\/media?parent=7705"}],"wp:term":[{"taxonomy":"product_brand","embeddable":true,"href":"https:\/\/electricstore.eu\/da\/wp-json\/wp\/v2\/product_brand?post=7705"},{"taxonomy":"product_cat","embeddable":true,"href":"https:\/\/electricstore.eu\/da\/wp-json\/wp\/v2\/product_cat?post=7705"},{"taxonomy":"product_tag","embeddable":true,"href":"https:\/\/electricstore.eu\/da\/wp-json\/wp\/v2\/product_tag?post=7705"}],"curies":[{"name":"wp","href":"https:\/\/api.w.org\/{rel}","templated":true}]}}