{"id":7573,"date":"2025-05-15T19:32:50","date_gmt":"2025-05-15T19:32:50","guid":{"rendered":"https:\/\/electricstore.eu\/product\/usamr-100ah-12v-lifepo4-battery-4\/"},"modified":"2025-05-20T13:40:13","modified_gmt":"2025-05-20T13:40:13","slug":"usamr-100ah-12v-lifepo4-battery-4","status":"publish","type":"product","link":"https:\/\/electricstore.eu\/da\/p\/batteries\/lifepo4-batteries\/100-200ah-lifepo4-batteries\/usamr-100ah-12v-lifepo4-battery-4\/","title":{"rendered":"USAMR 100Ah 12V LiFePO4 Batteri"},"content":{"rendered":"<div class=\"product-specs-list-container\">\n<ul class=\"product-specs-list util-clearfix\">\n<li class=\"product-prop line-limit-length\"><span\n                                        class=\"property-title\">Nominel kapacitet:&nbsp;<\/span><span\n                                        class=\"property-desc line-limit-length\">100AH<\/span>\n                            <\/li>\n<li class=\"product-prop line-limit-length\"><span\n                                        class=\"property-title\">V\u00e6gt:&nbsp;<\/span><span\n                                        class=\"property-desc line-limit-length\">Omkring 9,5 kg<\/span>\n                            <\/li>\n<li class=\"product-prop line-limit-length\"><span\n                                        class=\"property-title\">St\u00f8rrelse:&nbsp;<\/span><span\n                                        class=\"property-desc line-limit-length\">310*172*193 mm<\/span>\n                            <\/li>\n<li class=\"product-prop line-limit-length\"><span\n                                        class=\"property-title\">Modelnummer:&nbsp;<\/span><span\n                                        class=\"property-desc line-limit-length\">12V Liferpo4-batteri<\/span>\n                            <\/li>\n<li class=\"product-prop line-limit-length\"><span\n                                        class=\"property-title\">Type:&nbsp;<\/span><span\n                                        class=\"property-desc line-limit-length\">LiFePO4<\/span>\n                            <\/li>\n<li class=\"product-prop line-limit-length\"><span\n                                        class=\"property-title\">M\u00e6rkenavn:&nbsp;<\/span><span\n                                        class=\"property-desc line-limit-length\">Likctt<\/span>\n                            <\/li>\n<li class=\"product-prop line-limit-length\"><span\n                                        class=\"property-title\">Oprindelse:&nbsp;<\/span><span\n                                        class=\"property-desc line-limit-length\">Kinas fastland<\/span>\n                            <\/li>\n<\/ul><\/div>\n<div class=\"detailmodule_html\">\n<div class=\"detail-desc-decorate-richtext\">\n<p style=\"text-align:left;color:#ff0000;font-size:13px;\">Transport i Den Europ\u00e6iske Union, Storbritannien, USA, Canada og Asien er SKATTEFRI.<\/p>\n<p style=\"text-align:left;color:#434649;font-size:13px;\">EU-lageret (Polen-lageret) er ankommet. Venner, der har brug for det, kan afgive en ordre nu. Afgiv f\u00f8rst ordren og arranger forsendelsen f\u00f8rst. Du kan modtage varerne inden for 3-7 dage efter afsendelsen.<\/p>\n<p style=\"text-align:left;color:#434649;font-size:13px;\">Batteritype:<\/p>\n<p style=\"text-align:left;color:#434649;font-size:13px;\">Batterikapacitet: 100 Ah<\/p>\n<p style=\"text-align:left;color:#434649;font-size:13px;\">Batterist\u00f8rrelse: 310*172*193 mm (+\/-10 mm)<\/p>\n<p style=\"text-align:left;color:#434649;font-size:13px;\">V\u00e6gt: 9,5 kg (+\/- 0,5 kg)<\/p>\n<p style=\"text-align:left;color:#434649;font-size:13px;\">Indbygget: 3,2V LiFePO4-batteri<\/p>\n<p style=\"text-align:left;color:#434649;font-size:13px;\">Nominel sp\u00e6nding: 12,8V<\/p>\n<p style=\"text-align:left;color:#434649;font-size:13px;\">Maksimal ladestr\u00f8m: 50A<\/p>\n<p style=\"text-align:left;color:#434649;font-size:13px;\">\u00d8jeblikkelig afladningsstr\u00f8m: 200A<\/p>\n<p style=\"text-align:left;color:#434649;font-size:13px;\">Kontinuerlig afladningsstr\u00f8m: 100A<\/p>\n<p style=\"text-align:left;color:#434649;font-size:13px;\">Levetid: 6000 cyklusser eller mere<\/p>\n<p style=\"text-align:left;color:#434649;font-size:13px;\">Opladningstemperatur: 0~45\u00b0C<\/p>\n<p style=\"text-align:left;color:#434649;font-size:13px;\">Udladningstemperatur: -20~60\u00b0C<\/p>\n<p style=\"text-align:left;color:#434649;font-size:13px;\">Opbevaringstemperatur: -20~65 \u00b0C<\/p>\n<p style=\"text-align:left;color:#434649;font-size:13px;\">Driftssp\u00e6ndingsomr\u00e5de: 8,0V-14,6V<\/p>\n<p style=\"text-align:left;color:#434649;font-size:13px;\">Overbelastningsbeskyttelsessp\u00e6nding: 14,6V \u00b1 0,05V<\/p>\n<p style=\"text-align:left;color:#434649;font-size:13px;\">Beskyttelsessp\u00e6nding mod overbelastning: 8,0V \u00b1 0,05V<\/p>\n<p style=\"text-align:left;color:#434649;font-size:13px;\">Beskyt batteritemperatur: 60\u00b0C plus 5\u00b0C<\/p>\n<p style=\"text-align:left;color:#434649;font-size:13px;\">Output og parametre: h\u00f8jstr\u00f8m positiv\/negativ forbindelseskolonne (r\u00f8d positiv, sort negativ)<\/p>\n<p><img fetchpriority=\"high\" decoding=\"async\" height=\"1000\" referrerpolicy=\"no-referrer\" src=\"https:\/\/ae01.alicdn.com\/kf\/S067d40bf5d6a470fbb897ae4517eb01aU.jpg\" style=\"width: 100%; height: auto; vertical-align: middle;\" width=\"1000\"><img decoding=\"async\" height=\"1000\" referrerpolicy=\"no-referrer\" src=\"https:\/\/ae01.alicdn.com\/kf\/Sc8e20982c0c24990b982ff1098ee7fe4O.jpg\" style=\"width: 100%; height: auto; vertical-align: middle;\" width=\"1000\"><img decoding=\"async\" height=\"1000\" referrerpolicy=\"no-referrer\" src=\"https:\/\/ae01.alicdn.com\/kf\/S21204818ccfe476f8cdb57ed2eff54488.jpg\" style=\"width: 100%; height: auto; vertical-align: middle;\" width=\"1000\"><img loading=\"lazy\" decoding=\"async\" height=\"1000\" referrerpolicy=\"no-referrer\" src=\"https:\/\/ae01.alicdn.com\/kf\/Sdd5f793a9e82469d8861fce6f2237116H.jpg?width=1000&amp;height=1000&amp;hash=2000\" style=\"width: 100%; height: auto; vertical-align: middle;\" width=\"1000\"><img loading=\"lazy\" decoding=\"async\" height=\"1000\" referrerpolicy=\"no-referrer\" src=\"https:\/\/ae01.alicdn.com\/kf\/Sa87aedfb711a498baf53cb5f0918ec25W.jpg?width=1000&amp;height=1000&amp;hash=2000\" style=\"width: 100%; height: auto; vertical-align: middle;\" width=\"1000\"><img loading=\"lazy\" decoding=\"async\" height=\"1000\" referrerpolicy=\"no-referrer\" src=\"https:\/\/ae01.alicdn.com\/kf\/S8256b9357bec45938b3bdcc5cbe4e14dU.jpg?width=1000&amp;height=1000&amp;hash=2000\" style=\"width: 100%; height: auto; vertical-align: middle;\" width=\"1000\"><img loading=\"lazy\" decoding=\"async\" height=\"1000\" referrerpolicy=\"no-referrer\" src=\"https:\/\/ae01.alicdn.com\/kf\/S25812d371a1b481bad8252ec39c6f779Z.jpg?width=1000&amp;height=1000&amp;hash=2000\" style=\"width: 100%; height: auto; vertical-align: middle;\" width=\"1000\"><img loading=\"lazy\" decoding=\"async\" height=\"1000\" referrerpolicy=\"no-referrer\" src=\"https:\/\/ae01.alicdn.com\/kf\/Sdf8c449031774211a956931b433543a0q.jpg?width=1000&amp;height=1000&amp;hash=2000\" style=\"width: 100%; height: auto; vertical-align: middle;\" width=\"1000\"><img loading=\"lazy\" decoding=\"async\" height=\"1000\" referrerpolicy=\"no-referrer\" src=\"https:\/\/ae01.alicdn.com\/kf\/Se4f0309c932a4b0b8c55f27669797293m.jpg?width=1000&amp;height=1000&amp;hash=2000\" style=\"width: 100%; height: auto; vertical-align: middle;\" width=\"1000\"><\/p>\n<p style=\"text-align:left;color:#434649;font-size:13px;\">Elektrisk str\u00f8mapplikation<\/p>\n<p style=\"text-align:left;color:#434649;font-size:13px;\">\u25cfStart batterimotoren<\/p>\n<p style=\"text-align:left;color:#434649;font-size:13px;\">\u25cf Kommercielle busser og busser:<\/p>\n<p style=\"text-align:left;color:#434649;font-size:13px;\">Elbiler, elbusser, golfvogne\/elcykler, scootere, autocampere, AGV&#039;er, marinesoldater, busser, campingvogne, k\u00f8restole,<\/p>\n<p style=\"text-align:left;color:#434649;font-size:13px;\">Elektroniske lastbiler, elektroniske fejemaskiner, gulvrensere, elektroniske rollatorer osv.<\/p>\n<p style=\"text-align:left;color:#434649;font-size:13px;\">\u25cf Intelligent robot<\/p>\n<p style=\"text-align:left;color:#434649;font-size:13px;\">\u25cf Elv\u00e6rkt\u00f8j: elektriske boremaskiner, leget\u00f8j<\/p>\n<p style=\"text-align:left;color:#434649;font-size:13px;\">Energilagring<\/p>\n<p style=\"text-align:left;color:#434649;font-size:13px;\">\u25cf Solenergisystem<\/p>\n<p style=\"text-align:left;color:#434649;font-size:13px;\">\u25cf Bynet (til\/fra)<\/p>\n<p style=\"text-align:left;color:#434649;font-size:13px;\">Backup-system og UPS<\/p>\n<p style=\"text-align:left;color:#434649;font-size:13px;\">\u25cf Telekommunikationsbase, kabel-tv-system, computerservercenter, medicinsk udstyr, milit\u00e6rt udstyr<\/p>\n<p style=\"text-align:left;color:#434649;font-size:13px;\">andre apps<\/p>\n<p style=\"text-align:left;color:#434649;font-size:13px;\">\u25cf Sikkerhed og elektronik, mobilt salgssted, minedriftsbelysning \/ lommelygte \/ LED-lys \/ n\u00f8dlys<\/p>\n<p style=\"text-align:left;color:#434649;font-size:13px;\">Produktfordele:<\/p>\n<p style=\"text-align:left;color:#434649;font-size:13px;\">Nem at b\u00e6re, h\u00f8j kapacitet, platform med h\u00f8j frigivelse, lange arbejdstimer, lang levetid, sikkerhed og milj\u00f8beskyttelse<\/p>\n<p><img loading=\"lazy\" decoding=\"async\" height=\"1000\" referrerpolicy=\"no-referrer\" src=\"https:\/\/ae01.alicdn.com\/kf\/S27b23c2fe70a4c37899b54c92940cb610.jpg\" style=\"width: 100%; height: auto; vertical-align: middle;\" width=\"1000\"><\/div>\n<\/div>","protected":false},"excerpt":{"rendered":"<p>Nominal Capacity:&nbsp;100AH Weight:&nbsp;About 9.5kg Size:&nbsp;310*172*193mm Model Number:&nbsp;12V Liferpo4 Battery Type:&nbsp;LiFePO4 Brand Name:&nbsp;Likctt Origin:&nbsp;Mainland China Transportation in the European Union, United Kingdom,the United States, Canada, and Asian TAX FREE. The EU<\/p>","protected":false},"featured_media":7557,"comment_status":"open","ping_status":"closed","template":"","meta":{"_acf_changed":false},"product_brand":[],"product_cat":[237],"product_tag":[243],"class_list":{"0":"post-7573","1":"product","2":"type-product","3":"status-publish","4":"has-post-thumbnail","6":"product_cat-100-200ah-lifepo4-batteries","7":"product_tag-usamr","9":"first","10":"instock","11":"shipping-taxable","12":"purchasable","13":"product-type-simple"},"acf":[],"_links":{"self":[{"href":"https:\/\/electricstore.eu\/da\/wp-json\/wp\/v2\/product\/7573","targetHints":{"allow":["GET"]}}],"collection":[{"href":"https:\/\/electricstore.eu\/da\/wp-json\/wp\/v2\/product"}],"about":[{"href":"https:\/\/electricstore.eu\/da\/wp-json\/wp\/v2\/types\/product"}],"replies":[{"embeddable":true,"href":"https:\/\/electricstore.eu\/da\/wp-json\/wp\/v2\/comments?post=7573"}],"wp:featuredmedia":[{"embeddable":true,"href":"https:\/\/electricstore.eu\/da\/wp-json\/wp\/v2\/media\/7557"}],"wp:attachment":[{"href":"https:\/\/electricstore.eu\/da\/wp-json\/wp\/v2\/media?parent=7573"}],"wp:term":[{"taxonomy":"product_brand","embeddable":true,"href":"https:\/\/electricstore.eu\/da\/wp-json\/wp\/v2\/product_brand?post=7573"},{"taxonomy":"product_cat","embeddable":true,"href":"https:\/\/electricstore.eu\/da\/wp-json\/wp\/v2\/product_cat?post=7573"},{"taxonomy":"product_tag","embeddable":true,"href":"https:\/\/electricstore.eu\/da\/wp-json\/wp\/v2\/product_tag?post=7573"}],"curies":[{"name":"wp","href":"https:\/\/api.w.org\/{rel}","templated":true}]}}