{"id":7553,"date":"2025-05-15T19:32:32","date_gmt":"2025-05-15T19:32:32","guid":{"rendered":"https:\/\/electricstore.eu\/product\/usamr-100ah-12v-lifepo4-battery\/"},"modified":"2025-05-21T05:40:14","modified_gmt":"2025-05-21T05:40:14","slug":"usamr-100ah-12v-lifepo4-battery","status":"publish","type":"product","link":"https:\/\/electricstore.eu\/da\/p\/batteries\/lifepo4-batteries\/100-200ah-lifepo4-batteries\/usamr-100ah-12v-lifepo4-battery\/","title":{"rendered":"USAMR 100Ah 12V LiFePO4 Batteri"},"content":{"rendered":"<div class=\"product-specs-list-container\">\n<ul class=\"product-specs-list util-clearfix\">\n<li class=\"product-prop line-limit-length\"><span\n                                        class=\"property-title\">Nominel kapacitet:&nbsp;<\/span><span\n                                        class=\"property-desc line-limit-length\">100AH<\/span>\n                            <\/li>\n<li class=\"product-prop line-limit-length\"><span\n                                        class=\"property-title\">V\u00e6gt:&nbsp;<\/span><span\n                                        class=\"property-desc line-limit-length\">Omkring 10,8 kg<\/span>\n                            <\/li>\n<li class=\"product-prop line-limit-length\"><span\n                                        class=\"property-title\">St\u00f8rrelse:&nbsp;<\/span><span\n                                        class=\"property-desc line-limit-length\">230x230x180mm<\/span>\n                            <\/li>\n<li class=\"product-prop line-limit-length\"><span\n                                        class=\"property-title\">Modelnummer:&nbsp;<\/span><span\n                                        class=\"property-desc line-limit-length\">12V Liferpo4-batteri<\/span>\n                            <\/li>\n<li class=\"product-prop line-limit-length\"><span\n                                        class=\"property-title\">Type:&nbsp;<\/span><span\n                                        class=\"property-desc line-limit-length\">LiFePO4<\/span>\n                            <\/li>\n<li class=\"product-prop line-limit-length\"><span\n                                        class=\"property-title\">M\u00e6rkenavn:&nbsp;<\/span><span\n                                        class=\"property-desc line-limit-length\">Likctt<\/span>\n                            <\/li>\n<li class=\"product-prop line-limit-length\"><span\n                                        class=\"property-title\">Oprindelse:&nbsp;<\/span><span\n                                        class=\"property-desc line-limit-length\">Kinas fastland<\/span>\n                            <\/li>\n<\/ul><\/div>\n<div class=\"detailmodule_html\">\n<div class=\"detail-desc-decorate-richtext\">\n<p style=\"text-align:left;color:#ff0000;font-size:20px;font-weight:bold;\">Transport i Den Europ\u00e6iske Union, Storbritannien, USA, Canada og Asien er SKATTEFRI.<\/p>\n<p style=\"text-align:left;color:#434649;font-size:13px;\">EU-lageret (Polen-lageret) er ankommet. Venner, der har brug for det, kan afgive en ordre nu. Afgiv f\u00f8rst ordren og arranger forsendelsen f\u00f8rst. Du kan modtage varerne inden for 3-7 dage efter afsendelsen.<br \/>\nBatteritype:<br \/>\nBatterikapacitet: 100 Ah<br \/>\nBatterist\u00f8rrelse: 230*230*180 mm (+\/-10 mm)<br \/>\nV\u00e6gt: 10,8 kg (+\/- 0,5 kg)<br \/>\nIndbygget: 3,2V LiFePO4-batteri<br \/>\nNominel sp\u00e6nding: 12,8V<br \/>\nMaksimal ladestr\u00f8m: 50A<br \/>\n\u00d8jeblikkelig afladningsstr\u00f8m: 200A<br \/>\nKontinuerlig afladningsstr\u00f8m: 100A<br \/>\nLevetid: 6000 cyklusser eller mere<br \/>\nEtuimateriale: Matel<br \/>\nOpladningstemperatur: 0~45\u00b0C<br \/>\nUdladningstemperatur: -20~60\u00b0C<br \/>\nOpbevaringstemperatur: -20~65 \u00b0C<br \/>\nDriftssp\u00e6ndingsomr\u00e5de: 8,0V-14,6V<br \/>\nOverbelastningsbeskyttelsessp\u00e6nding: 14,6V \u00b1 0,05V<br \/>\nBeskyttelsessp\u00e6nding mod overbelastning: 8,0V \u00b1 0,05V<br \/>\nBeskyt batteritemperatur: 60\u00b0C plus 5\u00b0C<br \/>\nOutput og parametre: h\u00f8jstr\u00f8m positiv\/negativ forbindelseskolonne (r\u00f8d positiv, sort negativ)<\/p>\n<p><img fetchpriority=\"high\" decoding=\"async\" height=\"1000\" referrerpolicy=\"no-referrer\" src=\"https:\/\/ae01.alicdn.com\/kf\/Scd9ac7997ce74868ae50556c9c920c75E.jpg?width=1000&#038;height=1000&#038;hash=2000\" style=\"width: 100%; height: auto; vertical-align: middle;\" width=\"1000\"><img decoding=\"async\" height=\"1000\" referrerpolicy=\"no-referrer\" src=\"https:\/\/ae01.alicdn.com\/kf\/S3b297dfe2df946db90b12474d69d5a4cb.jpg\" style=\"width: 100%; height: auto; vertical-align: middle;\" width=\"1000\"><img decoding=\"async\" height=\"1000\" referrerpolicy=\"no-referrer\" src=\"https:\/\/ae01.alicdn.com\/kf\/Sc449e1c4f1234226b6d55f3cddd4bc77F.jpg?width=1000&#038;height=1000&#038;hash=2000\" style=\"width: 100%; height: auto; vertical-align: middle;\" width=\"1000\"><\/p>\n<p style=\"text-align:left;color:#434649;font-size:13px;\">Batteritype:<br \/>\nBatterikapacitet: 100 Ah<br \/>\nBatterist\u00f8rrelse: 310*172*193 mm (+\/-10 mm)<br \/>\nV\u00e6gt: 9,5 kg (+\/- 0,5 kg)<br \/>\nIndbygget: 3,2V LiFePO4-batteri<br \/>\nNominel sp\u00e6nding: 12,8V<br \/>\nMaksimal ladestr\u00f8m: 50A<br \/>\n\u00d8jeblikkelig afladningsstr\u00f8m: 200A<br \/>\nKontinuerlig afladningsstr\u00f8m: 100A<br \/>\nLevetid: 6000 cyklusser eller mere<br \/>\nOpladningstemperatur: 0~45\u00b0C<br \/>\nUdladningstemperatur: -20~60\u00b0C<br \/>\nOpbevaringstemperatur: -20~65 \u00b0C<br \/>\nDriftssp\u00e6ndingsomr\u00e5de: 8,0V-14,6V<br \/>\nOverbelastningsbeskyttelsessp\u00e6nding: 14,6V \u00b1 0,05V<br \/>\nBeskyttelsessp\u00e6nding mod overbelastning: 8,0V \u00b1 0,05V<br \/>\nBeskyt batteritemperatur: 60\u00b0C plus 5\u00b0C<br \/>\nOutput og parametre: h\u00f8jstr\u00f8m positiv\/negativ forbindelseskolonne (r\u00f8d positiv, sort negativ)<\/p>\n<p><img loading=\"lazy\" decoding=\"async\" height=\"1000\" referrerpolicy=\"no-referrer\" src=\"https:\/\/ae01.alicdn.com\/kf\/S7ab31d5bcc21462190a3dbf7b8dde4a0c.jpg?width=1000&#038;height=1000&#038;hash=2000\" style=\"width: 100%; height: auto; vertical-align: middle;\" width=\"1000\"><img loading=\"lazy\" decoding=\"async\" height=\"1000\" referrerpolicy=\"no-referrer\" src=\"https:\/\/ae01.alicdn.com\/kf\/S59b8b8b3d37743c1aefe5710fc421d4dG.jpg?width=1000&#038;height=1000&#038;hash=2000\" style=\"width: 100%; height: auto; vertical-align: middle;\" width=\"1000\"><img loading=\"lazy\" decoding=\"async\" height=\"1000\" referrerpolicy=\"no-referrer\" src=\"https:\/\/ae01.alicdn.com\/kf\/Se4f0309c932a4b0b8c55f27669797293m.jpg?width=1000&#038;height=1000&#038;hash=2000\" style=\"width: 100%; height: auto; vertical-align: middle;\" width=\"1000\"><\/p>\n<p style=\"text-align:left;color:#434649;font-size:13px;\">Elektrisk str\u00f8mapplikation<br \/>\n\u25cfStart batterimotoren<br \/>\n\u25cf Kommercielle busser og busser:<br \/>\nElbiler, elbusser, golfvogne\/elcykler, scootere, autocampere, AGV&#039;er, marinesoldater, busser, campingvogne, k\u00f8restole,<br \/>\nElektroniske lastbiler, elektroniske fejemaskiner, gulvrensere, elektroniske rollatorer osv.<br \/>\n\u25cf Intelligent robot<br \/>\n\u25cf Elv\u00e6rkt\u00f8j: elektriske boremaskiner, leget\u00f8j<br \/>\nEnergilagring<br \/>\n\u25cf Solenergisystem<br \/>\n\u25cf Bynet (til\/fra)<br \/>\nBackup-system og UPS<br \/>\n\u25cf Telekommunikationsbase, kabel-tv-system, computerservercenter, medicinsk udstyr, milit\u00e6rt udstyr<br \/>\nandre apps<br \/>\n\u25cf Sikkerhed og elektronik, mobilt salgssted, minedriftsbelysning \/ lommelygte \/ LED-lys \/ n\u00f8dlys<br \/>\nProduktfordele:<br \/>\nNem at b\u00e6re, h\u00f8j kapacitet, platform med h\u00f8j frigivelse, lange arbejdstimer, lang levetid, sikkerhed og milj\u00f8beskyttelse<\/p>\n<p><img loading=\"lazy\" decoding=\"async\" height=\"1000\" referrerpolicy=\"no-referrer\" src=\"https:\/\/ae01.alicdn.com\/kf\/S27b23c2fe70a4c37899b54c92940cb610.jpg\" style=\"width: 100%; height: auto; vertical-align: middle;\" width=\"1000\"><\/div>\n<\/div>","protected":false},"excerpt":{"rendered":"<p>Nominal Capacity:&nbsp;100AH Weight:&nbsp;About 10.8kg Size:&nbsp;230x230x180mm Model Number:&nbsp;12V Liferpo4 Battery Type:&nbsp;LiFePO4 Brand Name:&nbsp;Likctt Origin:&nbsp;Mainland China Transportation in the European Union, United Kingdom,the United States, Canada, and Asian TAX FREE. The EU<\/p>","protected":false},"featured_media":7474,"comment_status":"open","ping_status":"closed","template":"","meta":{"_acf_changed":false},"product_brand":[],"product_cat":[237],"product_tag":[243],"class_list":{"0":"post-7553","1":"product","2":"type-product","3":"status-publish","4":"has-post-thumbnail","6":"product_cat-100-200ah-lifepo4-batteries","7":"product_tag-usamr","9":"first","10":"instock","11":"shipping-taxable","12":"purchasable","13":"product-type-variable"},"acf":[],"_links":{"self":[{"href":"https:\/\/electricstore.eu\/da\/wp-json\/wp\/v2\/product\/7553","targetHints":{"allow":["GET"]}}],"collection":[{"href":"https:\/\/electricstore.eu\/da\/wp-json\/wp\/v2\/product"}],"about":[{"href":"https:\/\/electricstore.eu\/da\/wp-json\/wp\/v2\/types\/product"}],"replies":[{"embeddable":true,"href":"https:\/\/electricstore.eu\/da\/wp-json\/wp\/v2\/comments?post=7553"}],"wp:featuredmedia":[{"embeddable":true,"href":"https:\/\/electricstore.eu\/da\/wp-json\/wp\/v2\/media\/7474"}],"wp:attachment":[{"href":"https:\/\/electricstore.eu\/da\/wp-json\/wp\/v2\/media?parent=7553"}],"wp:term":[{"taxonomy":"product_brand","embeddable":true,"href":"https:\/\/electricstore.eu\/da\/wp-json\/wp\/v2\/product_brand?post=7553"},{"taxonomy":"product_cat","embeddable":true,"href":"https:\/\/electricstore.eu\/da\/wp-json\/wp\/v2\/product_cat?post=7553"},{"taxonomy":"product_tag","embeddable":true,"href":"https:\/\/electricstore.eu\/da\/wp-json\/wp\/v2\/product_tag?post=7553"}],"curies":[{"name":"wp","href":"https:\/\/api.w.org\/{rel}","templated":true}]}}