{"id":7458,"date":"2025-05-15T13:44:51","date_gmt":"2025-05-15T13:44:51","guid":{"rendered":"https:\/\/electricstore.eu\/product\/honeywhale-electric-scooter-m2-pro-for-adult-e-scooter-foldable-500w-30km-range-8-5-tire-32km-h-max-speed-e-absdisc-brake\/"},"modified":"2025-05-21T05:38:11","modified_gmt":"2025-05-21T05:38:11","slug":"honeywhale-electric-scooter-m2-pro-for-adult-e-scooter-foldable-500w-30km-range-8-5-tire-32km-h-max-speed-e-absdisc-brake","status":"publish","type":"product","link":"https:\/\/electricstore.eu\/da\/p\/scooters\/electric-city-scooters\/honeywhale-electric-scooter-m2-pro-for-adult-e-scooter-foldable-500w-30km-range-8-5-tire-32km-h-max-speed-e-absdisc-brake\/","title":{"rendered":"HONEYWHALE M2 Pro 500W 36V 10,4Ah 32 km\/t 30 km 8,5\u2033 El-scooter"},"content":{"rendered":"<div class=\"product-specs-list-container\">\n<ul class=\"product-specs-list util-clearfix\">\n<li class=\"product-prop line-limit-length\"><span\n                                        class=\"property-title\">D\u00e6kst\u00f8rrelse:&nbsp;<\/span><span\n                                        class=\"property-desc line-limit-length\">8,5 tommer<\/span>\n                            <\/li>\n<li class=\"product-prop line-limit-length\"><span\n                                        class=\"property-title\">Modelnummer:&nbsp;<\/span><span\n                                        class=\"property-desc line-limit-length\">M2 Pro<\/span>\n                            <\/li>\n<li class=\"product-prop line-limit-length\"><span\n                                        class=\"property-title\">Kategori:&nbsp;<\/span><span\n                                        class=\"property-desc line-limit-length\">Tohjulet scooter<\/span>\n                            <\/li>\n<li class=\"product-prop line-limit-length\"><span\n                                        class=\"property-title\">Relevante personer:&nbsp;<\/span><span\n                                        class=\"property-desc line-limit-length\">Unisex<\/span>\n                            <\/li>\n<li class=\"product-prop line-limit-length\"><span\n                                        class=\"property-title\">R\u00e6kkevidde pr. opladning:&nbsp;<\/span><span\n                                        class=\"property-desc line-limit-length\">30 km<\/span>\n                            <\/li>\n<li class=\"product-prop line-limit-length\"><span\n                                        class=\"property-title\">Opladningstid:&nbsp;<\/span><span\n                                        class=\"property-desc line-limit-length\">6-8 timer<\/span>\n                            <\/li>\n<li class=\"product-prop line-limit-length\"><span\n                                        class=\"property-title\">Sp\u00e6nding:&nbsp;<\/span><span\n                                        class=\"property-desc line-limit-length\">36v<\/span>\n                            <\/li>\n<li class=\"product-prop line-limit-length\"><span\n                                        class=\"property-title\">Foldet:&nbsp;<\/span><span\n                                        class=\"property-desc line-limit-length\">JA<\/span>\n                            <\/li>\n<li class=\"product-prop line-limit-length\"><span\n                                        class=\"property-title\">Effekt (W):&nbsp;<\/span><span\n                                        class=\"property-desc line-limit-length\">201-500W<\/span>\n                            <\/li>\n<li class=\"product-prop line-limit-length\"><span\n                                        class=\"property-title\">Oprindelse:&nbsp;<\/span><span\n                                        class=\"property-desc line-limit-length\">Kinas fastland<\/span>\n                            <\/li>\n<li class=\"product-prop line-limit-length\"><span\n                                        class=\"property-title\">Ramme:&nbsp;<\/span><span\n                                        class=\"property-desc line-limit-length\">Aluminiumlegering<\/span>\n                            <\/li>\n<li class=\"product-prop line-limit-length\"><span\n                                        class=\"property-title\">Motor:&nbsp;<\/span><span\n                                        class=\"property-desc line-limit-length\">350W (maks. 500W)<\/span>\n                            <\/li>\n<li class=\"product-prop line-limit-length\"><span\n                                        class=\"property-title\">Batteri:&nbsp;<\/span><span\n                                        class=\"property-desc line-limit-length\">36V 10,4Ah<\/span>\n                            <\/li>\n<li class=\"product-prop line-limit-length\"><span\n                                        class=\"property-title\">Hastighed:&nbsp;<\/span><span\n                                        class=\"property-desc line-limit-length\">6\/15\/25\/32 km\/t<\/span>\n                            <\/li>\n<li class=\"product-prop line-limit-length\"><span\n                                        class=\"property-title\">R\u00e6kkevidde:&nbsp;<\/span><span\n                                        class=\"property-desc line-limit-length\">30 km<\/span>\n                            <\/li>\n<li class=\"product-prop line-limit-length\"><span\n                                        class=\"property-title\">Klatregrad:&nbsp;<\/span><span\n                                        class=\"property-desc line-limit-length\">15\u00b0<\/span>\n                            <\/li>\n<li class=\"product-prop line-limit-length\"><span\n                                        class=\"property-title\">Bremse:&nbsp;<\/span><span\n                                        class=\"property-desc line-limit-length\">Skivebremse og elektronisk bremse<\/span>\n                            <\/li>\n<li class=\"product-prop line-limit-length\"><span\n                                        class=\"property-title\">Maks. belastning:&nbsp;<\/span><span\n                                        class=\"property-desc line-limit-length\">120 kg<\/span>\n                            <\/li>\n<li class=\"product-prop line-limit-length\"><span\n                                        class=\"property-title\">Vise:&nbsp;<\/span><span\n                                        class=\"property-desc line-limit-length\">LED<\/span>\n                            <\/li>\n<li class=\"product-prop line-limit-length\"><span\n                                        class=\"property-title\">Produktv\u00e6gt:&nbsp;<\/span><span\n                                        class=\"property-desc line-limit-length\">12 kg<\/span>\n                            <\/li>\n<li class=\"product-prop line-limit-length\"><span\n                                        class=\"property-title\">Pakkev\u00e6gt:&nbsp;<\/span><span\n                                        class=\"property-desc line-limit-length\">15 kg<\/span>\n                            <\/li>\n<li class=\"product-prop line-limit-length\"><span\n                                        class=\"property-title\">Produktst\u00f8rrelse (L x B x H):&nbsp;<\/span><span\n                                        class=\"property-desc line-limit-length\">106 x 43 x 109,8 cm<\/span>\n                            <\/li>\n<li class=\"product-prop line-limit-length\"><span\n                                        class=\"property-title\">Pakkest\u00f8rrelse (L x B x H):&nbsp;<\/span><span\n                                        class=\"property-desc line-limit-length\">110,5 x 15,5 x 53 cm<\/span>\n                            <\/li>\n<li class=\"product-prop line-limit-length\"><span\n                                        class=\"property-title\">Certifikat:&nbsp;<\/span><span\n                                        class=\"property-desc line-limit-length\"><\/span>\n                            <\/li>\n<\/ul><\/div>\n<p style=\"text-align:center\" align=\"center\"><span style=\"color:rgb(0, 0, 0);font-size:medium;font-family:&quot;Microsoft YaHei&quot;\"><strong><span style=\"font-size:24px\"><span style=\"font-family:&quot;times new roman&quot;, times, serif\">HONEYWHALE El-l\u00f8behjul M2 Pro til voksne, foldbar el-l\u00f8behjul, 500W motor, 36V 10,4Ah batteri, 30 km r\u00e6kkevidde, 8,5 tommer d\u00e6k, 32 km\/t maks. hastighed, elektriske abs og skivebremser<\/span><\/span><\/strong><\/span><\/p>\n<p><\/p>\n<p style=\"font-family:&quot;TT Norms Pro&quot;, &quot;Open Sans&quot;, Roboto, Arial, Helvetica, sans-serif, SimSun;font-size:14px;font-weight:400;letter-spacing:normal;line-height:inherit;text-align:start;white-space:normal;color:rgb(34, 34, 34);margin:0px;margin-bottom:0px;margin-top:0px;margin-left:0px;margin-right:0px;padding:0px;padding-bottom:0px;padding-top:0px;padding-left:0px;padding-right:0px;box-sizing:border-box\" align=\"start\"><span style=\"color:rgb(0, 0, 0);font-size:medium;font-family:&quot;Microsoft YaHei&quot;\"><strong><span style=\"font-size:24px\"><span style=\"font-family:&quot;times new roman&quot;, times, serif\">&gt;&gt;H\u00f8jdepunkter<\/span><\/span><\/strong><\/span><\/p>\n<p style=\"font-family:&quot;TT Norms Pro&quot;, &quot;Open Sans&quot;, Roboto, Arial, Helvetica, sans-serif, SimSun;font-size:14px;font-weight:400;letter-spacing:normal;line-height:inherit;text-align:start;white-space:normal;color:rgb(34, 34, 34);margin:0px;margin-bottom:0px;margin-top:0px;margin-left:0px;margin-right:0px;padding:0px;padding-bottom:0px;padding-top:0px;padding-left:0px;padding-right:0px;box-sizing:border-box\" align=\"start\"><\/p>\n<h3 style=\"font-family:&quot;TT Norms Pro&quot;, &quot;Open Sans&quot;, Roboto, Arial, Helvetica, sans-serif, SimSun;letter-spacing:normal;text-align:start;white-space:normal;color:rgb(34, 34, 34);box-sizing:border-box\" align=\"start\"><span style=\"font-size:18px;font-family:&quot;times new roman&quot;, times, serif\">500W kraftfuld motor<\/span><\/h3>\n<p style=\"font-family:&quot;TT Norms Pro&quot;, &quot;Open Sans&quot;, Roboto, Arial, Helvetica, sans-serif, SimSun;font-size:14px;font-weight:400;letter-spacing:normal;line-height:inherit;text-align:start;white-space:normal;color:rgb(34, 34, 34);margin:0px;margin-bottom:0px;margin-top:0px;margin-left:0px;margin-right:0px;padding:0px;padding-bottom:0px;padding-top:0px;padding-left:0px;padding-right:0px;box-sizing:border-box\" align=\"start\"><span style=\"font-size:18px;font-family:&quot;times new roman&quot;, times, serif\">HONEYWHALE M2 Pro el-scooteren er udstyret med en kraftig 500W motor (nominel effekt 350W) med en hastighed p\u00e5 op til 32 km\/t. Den kan klare en maksimal h\u00e6ldning p\u00e5 15\u00b0.<\/span><\/p>\n<h3 style=\"font-family:&quot;TT Norms Pro&quot;, &quot;Open Sans&quot;, Roboto, Arial, Helvetica, sans-serif, SimSun;letter-spacing:normal;text-align:start;white-space:normal;color:rgb(34, 34, 34);box-sizing:border-box\" align=\"start\"><span style=\"font-size:18px;font-family:&quot;times new roman&quot;, times, serif\">Lang batterilevetid<\/span><\/h3>\n<p style=\"font-family:&quot;TT Norms Pro&quot;, &quot;Open Sans&quot;, Roboto, Arial, Helvetica, sans-serif, SimSun;font-size:14px;font-weight:400;letter-spacing:normal;line-height:inherit;text-align:start;white-space:normal;color:rgb(34, 34, 34);margin:0px;margin-bottom:0px;margin-top:0px;margin-left:0px;margin-right:0px;padding:0px;padding-bottom:0px;padding-top:0px;padding-left:0px;padding-right:0px;box-sizing:border-box\" align=\"start\"><span style=\"font-size:18px;font-family:&quot;times new roman&quot;, times, serif\">HONEYWHALE M2 Pro Commuter El-l\u00f8behjulet er udstyret med et 36V 10,4Ah batteri med en r\u00e6kkevidde p\u00e5 op til 30 km, hvilket er perfekt til daglig pendling.<\/span><\/p>\n<h3 style=\"font-family:&quot;TT Norms Pro&quot;, &quot;Open Sans&quot;, Roboto, Arial, Helvetica, sans-serif, SimSun;letter-spacing:normal;text-align:start;white-space:normal;color:rgb(34, 34, 34);box-sizing:border-box\" align=\"start\"><span style=\"font-size:18px;font-family:&quot;times new roman&quot;, times, serif\">8,5-tommer pneumatiske d\u00e6k<\/span><\/h3>\n<p style=\"font-family:&quot;TT Norms Pro&quot;, &quot;Open Sans&quot;, Roboto, Arial, Helvetica, sans-serif, SimSun;font-size:14px;font-weight:400;letter-spacing:normal;line-height:inherit;text-align:start;white-space:normal;color:rgb(34, 34, 34);margin:0px;margin-bottom:0px;margin-top:0px;margin-left:0px;margin-right:0px;padding:0px;padding-bottom:0px;padding-top:0px;padding-left:0px;padding-right:0px;box-sizing:border-box\" align=\"start\"><span style=\"font-size:18px;font-family:&quot;times new roman&quot;, times, serif\">HONEYWHALE M2 Pro el-scooteren har 8,5-tommer pneumatiske d\u00e6k, der giver fremragende tr\u00e6kkraft og st\u00f8dabsorbering.<\/span><\/p>\n<h3 style=\"font-family:&quot;TT Norms Pro&quot;, &quot;Open Sans&quot;, Roboto, Arial, Helvetica, sans-serif, SimSun;letter-spacing:normal;text-align:start;white-space:normal;color:rgb(34, 34, 34);box-sizing:border-box\" align=\"start\"><span style=\"font-size:18px;font-family:&quot;times new roman&quot;, times, serif\">P\u00e5lideligt design<\/span><\/h3>\n<p style=\"font-family:&quot;TT Norms Pro&quot;, &quot;Open Sans&quot;, Roboto, Arial, Helvetica, sans-serif, SimSun;font-size:14px;font-weight:400;letter-spacing:normal;line-height:inherit;text-align:start;white-space:normal;color:rgb(34, 34, 34);margin:0px;margin-bottom:0px;margin-top:0px;margin-left:0px;margin-right:0px;padding:0px;padding-bottom:0px;padding-top:0px;padding-left:0px;padding-right:0px;box-sizing:border-box\" align=\"start\"><span style=\"font-size:18px;font-family:&quot;times new roman&quot;, times, serif\">Det dobbelte bremsesystem (skivebremse og elektronisk bremse) sikrer hurtig og stabil opbremsning i n\u00f8dsituationer, hvilket forbedrer sikkerheden under k\u00f8rsel.<\/span><\/p>\n<h3 style=\"font-family:&quot;TT Norms Pro&quot;, &quot;Open Sans&quot;, Roboto, Arial, Helvetica, sans-serif, SimSun;letter-spacing:normal;text-align:start;white-space:normal;color:rgb(34, 34, 34);box-sizing:border-box\" align=\"start\"><span style=\"font-size:18px;font-family:&quot;times new roman&quot;, times, serif\">For- og baglygter<\/span><\/h3>\n<p style=\"font-family:&quot;TT Norms Pro&quot;, &quot;Open Sans&quot;, Roboto, Arial, Helvetica, sans-serif, SimSun;font-size:14px;font-weight:400;letter-spacing:normal;line-height:inherit;text-align:start;white-space:normal;color:rgb(34, 34, 34);margin:0px;margin-bottom:0px;margin-top:0px;margin-left:0px;margin-right:0px;padding:0px;padding-bottom:0px;padding-top:0px;padding-left:0px;padding-right:0px;box-sizing:border-box\" align=\"start\"><span style=\"font-size:18px;font-family:&quot;times new roman&quot;, times, serif\">HONEYWHALE M2 Pro elektrisk l\u00f8behjul til voksne er ogs\u00e5 udstyret med for- og baglygter, og baglygten lyser automatisk op ved opbremsning for at advare andre k\u00f8ret\u00f8jer og fodg\u00e6ngere.<\/span><\/p>\n<h3 style=\"font-family:&quot;TT Norms Pro&quot;, &quot;Open Sans&quot;, Roboto, Arial, Helvetica, sans-serif, SimSun;letter-spacing:normal;text-align:start;white-space:normal;color:rgb(34, 34, 34);box-sizing:border-box\" align=\"start\"><span style=\"font-size:18px;font-family:&quot;times new roman&quot;, times, serif\">4-hastighedstilstande<\/span><\/h3>\n<p style=\"font-family:&quot;TT Norms Pro&quot;, &quot;Open Sans&quot;, Roboto, Arial, Helvetica, sans-serif, SimSun;font-size:14px;font-weight:400;letter-spacing:normal;line-height:inherit;text-align:start;white-space:normal;color:rgb(34, 34, 34);margin:0px;margin-bottom:0px;margin-top:0px;margin-left:0px;margin-right:0px;padding:0px;padding-bottom:0px;padding-top:0px;padding-left:0px;padding-right:0px;box-sizing:border-box\" align=\"start\"><span style=\"font-size:18px;font-family:&quot;times new roman&quot;, times, serif\">HONEYWHALE M2 Pro el-scooteren har en fartpilotfunktion og 4-hastighedstilstande, der nemt kan skiftes efter dine behov.<\/span><\/p>\n<h3 style=\"font-family:&quot;TT Norms Pro&quot;, &quot;Open Sans&quot;, Roboto, Arial, Helvetica, sans-serif, SimSun;letter-spacing:normal;text-align:start;white-space:normal;color:rgb(34, 34, 34);box-sizing:border-box\" align=\"start\"><span style=\"font-size:18px;font-family:&quot;times new roman&quot;, times, serif\">LED-sk\u00e6rm<\/span><\/h3>\n<p style=\"font-family:&quot;TT Norms Pro&quot;, &quot;Open Sans&quot;, Roboto, Arial, Helvetica, sans-serif, SimSun;font-size:14px;font-weight:400;letter-spacing:normal;line-height:inherit;text-align:start;white-space:normal;color:rgb(34, 34, 34);margin:0px;margin-bottom:0px;margin-top:0px;margin-left:0px;margin-right:0px;padding:0px;padding-bottom:0px;padding-top:0px;padding-left:0px;padding-right:0px;box-sizing:border-box\" align=\"start\"><span style=\"font-size:18px;font-family:&quot;times new roman&quot;, times, serif\">HONEYWHALE M2 Pro el-l\u00f8behjulet er udstyret med et LED-display, der giver information om den aktuelle hastighed, batteriniveau og k\u00f8retilstand, s\u00e5 du til enhver tid kan se l\u00f8behjulets status.<\/span><\/p>\n<p style=\"font-family:&quot;TT Norms Pro&quot;, &quot;Open Sans&quot;, Roboto, Arial, Helvetica, sans-serif, SimSun;font-size:14px;font-weight:400;letter-spacing:normal;line-height:inherit;text-align:start;white-space:normal;color:rgb(34, 34, 34);margin:0px;margin-bottom:0px;margin-top:0px;margin-left:0px;margin-right:0px;padding:0px;padding-bottom:0px;padding-top:0px;padding-left:0px;padding-right:0px;box-sizing:border-box\" align=\"start\"><\/p>\n<p style=\"font-family:&quot;TT Norms Pro&quot;, &quot;Open Sans&quot;, Roboto, Arial, Helvetica, sans-serif, SimSun;font-size:14px;font-weight:400;letter-spacing:normal;line-height:inherit;text-align:start;white-space:normal;color:rgb(34, 34, 34);margin:0px;margin-bottom:0px;margin-top:0px;margin-left:0px;margin-right:0px;padding:0px;padding-bottom:0px;padding-top:0px;padding-left:0px;padding-right:0px;box-sizing:border-box\" align=\"start\"><span style=\"color:rgb(0, 0, 0);font-size:medium;font-family:&quot;Microsoft YaHei&quot;\"><strong><span style=\"font-size:24px\"><span style=\"font-family:&quot;times new roman&quot;, times, serif\">&gt;&gt;Specifikation<\/span><\/span><\/strong><\/span><\/p>\n<p style=\"font-family:&quot;TT Norms Pro&quot;, &quot;Open Sans&quot;, Roboto, Arial, Helvetica, sans-serif, SimSun;font-size:14px;font-weight:400;letter-spacing:normal;line-height:inherit;text-align:start;white-space:normal;color:rgb(34, 34, 34);margin:0px;margin-bottom:0px;margin-top:0px;margin-left:0px;margin-right:0px;padding:0px;padding-bottom:0px;padding-top:0px;padding-left:0px;padding-right:0px;box-sizing:border-box\" align=\"start\"><\/p>\n<p style=\"font-family:&quot;TT Norms Pro&quot;, &quot;Open Sans&quot;, Roboto, Arial, Helvetica, sans-serif, SimSun;font-size:14px;font-weight:400;letter-spacing:normal;line-height:inherit;text-align:start;white-space:normal;color:rgb(34, 34, 34);margin:0px;margin-bottom:0px;margin-top:0px;margin-left:0px;margin-right:0px;padding:0px;padding-bottom:0px;padding-top:0px;padding-left:0px;padding-right:0px;box-sizing:border-box\" align=\"start\"><\/p>\n<table style=\"border-collapse:collapse;font-family:&quot;TT Norms Pro&quot;, &quot;Open Sans&quot;, Roboto, Arial, Helvetica, sans-serif, SimSun;font-size:14px;text-align:start;color:rgb(34, 34, 34)\" class=\"jbEidtTable\" border=\"1\" cellpadding=\"5\" cellspacing=\"0\" align=\"start\">\n<tbody>\n<tr>\n<td style=\"text-align:left;width:266.922px;height:99px\" align=\"left\">\n<p style=\"line-height:inherit;margin:0px;margin-bottom:0px;margin-top:0px;margin-left:0px;margin-right:0px;padding:0px;padding-bottom:0px;padding-top:0px;padding-left:0px;padding-right:0px;box-sizing:border-box\"><span style=\"font-size:18px;font-family:&quot;times new roman&quot;, times, serif\"><strong>Generel<\/strong><\/span><\/p>\n<\/td>\n<td style=\"text-align:left;width:648.078px;height:99px\" align=\"left\">\n<p style=\"line-height:inherit;margin:0px;margin-bottom:0px;margin-top:0px;margin-left:0px;margin-right:0px;padding:0px;padding-bottom:0px;padding-top:0px;padding-left:0px;padding-right:0px;box-sizing:border-box\"><span style=\"font-size:18px;font-family:&quot;times new roman&quot;, times, serif\">M\u00e6rke: HONEYWHALE<br \/>Type: Elektrisk l\u00f8behjul<br \/>Model: M2 Pro<\/span><\/p>\n<\/td>\n<\/tr>\n<tr>\n<td style=\"text-align:left;width:266.922px;height:291px\" align=\"left\">\n<p style=\"line-height:inherit;margin:0px;margin-bottom:0px;margin-top:0px;margin-left:0px;margin-right:0px;padding:0px;padding-bottom:0px;padding-top:0px;padding-left:0px;padding-right:0px;box-sizing:border-box\"><span style=\"font-size:18px;font-family:&quot;times new roman&quot;, times, serif\"><strong>Specifikation<\/strong><\/span><\/p>\n<\/td>\n<td style=\"text-align:left;width:648.078px;height:291px\" align=\"left\">\n<p style=\"line-height:inherit;margin:0px;margin-bottom:0px;margin-top:0px;margin-left:0px;margin-right:0px;padding:0px;padding-bottom:0px;padding-top:0px;padding-left:0px;padding-right:0px;box-sizing:border-box\"><span style=\"font-size:18px;font-family:&quot;times new roman&quot;, times, serif\">Stel: Aluminiumlegering<br \/>Motor: 350W (maks. 500W)<br \/>Batteri: 36V 10,4Ah<br \/>Opladningstid: 6-8 timer<br \/>Hastighed: 6\/15\/25\/32 km\/t<br \/>R\u00e6kkevidde: 30 km<br \/>Stigningsgrad: 15\u00b0<br \/>Bremse: Skivebremse og elektronisk bremse<br \/>Vandt\u00e6thedsniveau: IPX4<br \/>D\u00e6k: 8,5 tommer<br \/>Sk\u00e6rm: LED<br \/>Maksimal belastning: 120 kg<br \/>APP: HONEYWHALE<\/span><\/p>\n<\/td>\n<\/tr>\n<tr>\n<td style=\"text-align:left;width:266.922px;height:89px\" align=\"left\">\n<p style=\"line-height:inherit;margin:0px;margin-bottom:0px;margin-top:0px;margin-left:0px;margin-right:0px;padding:0px;padding-bottom:0px;padding-top:0px;padding-left:0px;padding-right:0px;box-sizing:border-box\"><span style=\"font-size:18px;font-family:&quot;times new roman&quot;, times, serif\"><strong>V\u00e6gt og st\u00f8rrelse<\/strong><\/span><\/p>\n<\/td>\n<td style=\"text-align:left;width:648.078px;height:89px\" align=\"left\">\n<p style=\"line-height:inherit;margin:0px;margin-bottom:0px;margin-top:0px;margin-left:0px;margin-right:0px;padding:0px;padding-bottom:0px;padding-top:0px;padding-left:0px;padding-right:0px;box-sizing:border-box\"><span style=\"font-size:18px;font-family:&quot;times new roman&quot;, times, serif\">Produktv\u00e6gt: 12 kg<br \/>Pakkev\u00e6gt: 15 kg<br \/>Produktst\u00f8rrelse (L x B x H): 106 x 43 x 109,8 cm<br \/>Pakkest\u00f8rrelse (L x B x H): 110,5 x 15,5 x 53 cm<\/span><\/p>\n<\/td>\n<\/tr>\n<\/tbody>\n<\/table>\n<p style=\"font-family:&quot;TT Norms Pro&quot;, &quot;Open Sans&quot;, Roboto, Arial, Helvetica, sans-serif, SimSun;font-size:14px;font-weight:400;letter-spacing:normal;line-height:inherit;text-align:start;white-space:normal;color:rgb(34, 34, 34);margin:0px;margin-bottom:0px;margin-top:0px;margin-left:0px;margin-right:0px;padding:0px;padding-bottom:0px;padding-top:0px;padding-left:0px;padding-right:0px;box-sizing:border-box\" align=\"start\"><\/p>\n<p style=\"font-family:&quot;TT Norms Pro&quot;, &quot;Open Sans&quot;, Roboto, Arial, Helvetica, sans-serif, SimSun;font-size:14px;font-weight:400;letter-spacing:normal;line-height:inherit;text-align:start;white-space:normal;color:rgb(34, 34, 34);margin:0px;margin-bottom:0px;margin-top:0px;margin-left:0px;margin-right:0px;padding:0px;padding-bottom:0px;padding-top:0px;padding-left:0px;padding-right:0px;box-sizing:border-box\" align=\"start\"><span style=\"color:rgb(34, 34, 34);font-size:14px;font-family:&quot;TT Norms Pro&quot;, &quot;Open Sans&quot;, Roboto, Arial, Helvetica, sans-serif, SimSun\"><strong><span style=\"color:rgb(0, 0, 0);font-size:24px;font-family:&quot;times new roman&quot;, times, serif\">&gt;&gt;Produktbilleder og beskrivelser<\/span><\/strong><\/span><\/p>\n<p style=\"font-family:&quot;TT Norms Pro&quot;, &quot;Open Sans&quot;, Roboto, Arial, Helvetica, sans-serif, SimSun;font-size:14px;font-weight:400;letter-spacing:normal;line-height:inherit;text-align:start;white-space:normal;color:rgb(34, 34, 34);margin:0px;margin-bottom:0px;margin-top:0px;margin-left:0px;margin-right:0px;padding:0px;padding-bottom:0px;padding-top:0px;padding-left:0px;padding-right:0px;box-sizing:border-box\" align=\"start\"><img decoding=\"async\" src=\"https:\/\/ae01.alicdn.com\/kf\/S8a688887c2c24a81b3144930705553ees.jpg\" slate-data-type=\"image\"\/><img decoding=\"async\" src=\"https:\/\/ae01.alicdn.com\/kf\/S0c698947427e4ebbb7a382ddac2b6d59b.jpg\" slate-data-type=\"image\"\/><img decoding=\"async\" src=\"https:\/\/ae01.alicdn.com\/kf\/Sa8aa685d9ab940329e891c20b2e992fay.jpg\" slate-data-type=\"image\"\/><img decoding=\"async\" src=\"https:\/\/ae01.alicdn.com\/kf\/Sd9b32b5b57a2435a88f2a27ec1a4325dh.jpg\" slate-data-type=\"image\"\/><img decoding=\"async\" src=\"https:\/\/ae01.alicdn.com\/kf\/S81e7171f0b9a4017861dddc635fbfef3g.jpg\" slate-data-type=\"image\"\/><img decoding=\"async\" src=\"https:\/\/ae01.alicdn.com\/kf\/S97d669431cfe453a9fc22e0124eac9c4w.jpg\" slate-data-type=\"image\"\/><img decoding=\"async\" src=\"https:\/\/ae01.alicdn.com\/kf\/Sc4e5c0f0546a4e1bb7108a3b59393aaa7.png\" slate-data-type=\"image\"\/><img decoding=\"async\" src=\"https:\/\/ae01.alicdn.com\/kf\/Sd5aaecca554f450ab842e8e6a6e627b4r.jpg\" slate-data-type=\"image\"\/><img decoding=\"async\" src=\"https:\/\/ae01.alicdn.com\/kf\/Sb5824aab5b244f5fb044a8679b24d810w.png\" slate-data-type=\"image\"\/><img decoding=\"async\" src=\"https:\/\/ae01.alicdn.com\/kf\/S9c3f993d13fe4bf7bf6ce4d8c0994d31H.jpg\" slate-data-type=\"image\"\/><img decoding=\"async\" src=\"https:\/\/ae01.alicdn.com\/kf\/S78143d12e8ee4e77a68cac1a5fcf3da2V.jpg\" slate-data-type=\"image\"\/><img decoding=\"async\" src=\"https:\/\/ae01.alicdn.com\/kf\/Sf8b78c9727144d189226f4d5a598a815W.jpg\" slate-data-type=\"image\"\/><\/p>","protected":false},"excerpt":{"rendered":"<p>Tire Size:&nbsp;8.5 inch Model Number:&nbsp;M2 Pro Category:&nbsp;Two-wheel Scooter Applicable People:&nbsp;Unisex Range Per Charge:&nbsp;30Km Charging Time:&nbsp;6-8h Voltage:&nbsp;36v Folded:&nbsp;YES Power (W):&nbsp;201-500W Origin:&nbsp;Mainland China Frame:&nbsp;Aluminum alloy Motor:&nbsp;350W (peak 500W) Battery:&nbsp;36V 10.4Ah Speed:&nbsp;6\/15\/25\/32km\/h Range:&nbsp;30km<\/p>","protected":false},"featured_media":7459,"comment_status":"open","ping_status":"closed","template":"","meta":{"_acf_changed":false},"product_brand":[],"product_cat":[469],"product_tag":[305],"class_list":{"0":"post-7458","1":"product","2":"type-product","3":"status-publish","4":"has-post-thumbnail","6":"product_cat-electric-city-scooters","7":"product_tag-honeywhale","9":"first","10":"instock","11":"shipping-taxable","12":"purchasable","13":"product-type-simple"},"acf":[],"_links":{"self":[{"href":"https:\/\/electricstore.eu\/da\/wp-json\/wp\/v2\/product\/7458","targetHints":{"allow":["GET"]}}],"collection":[{"href":"https:\/\/electricstore.eu\/da\/wp-json\/wp\/v2\/product"}],"about":[{"href":"https:\/\/electricstore.eu\/da\/wp-json\/wp\/v2\/types\/product"}],"replies":[{"embeddable":true,"href":"https:\/\/electricstore.eu\/da\/wp-json\/wp\/v2\/comments?post=7458"}],"wp:featuredmedia":[{"embeddable":true,"href":"https:\/\/electricstore.eu\/da\/wp-json\/wp\/v2\/media\/7459"}],"wp:attachment":[{"href":"https:\/\/electricstore.eu\/da\/wp-json\/wp\/v2\/media?parent=7458"}],"wp:term":[{"taxonomy":"product_brand","embeddable":true,"href":"https:\/\/electricstore.eu\/da\/wp-json\/wp\/v2\/product_brand?post=7458"},{"taxonomy":"product_cat","embeddable":true,"href":"https:\/\/electricstore.eu\/da\/wp-json\/wp\/v2\/product_cat?post=7458"},{"taxonomy":"product_tag","embeddable":true,"href":"https:\/\/electricstore.eu\/da\/wp-json\/wp\/v2\/product_tag?post=7458"}],"curies":[{"name":"wp","href":"https:\/\/api.w.org\/{rel}","templated":true}]}}