{"id":25915,"date":"2025-05-20T19:04:25","date_gmt":"2025-05-20T19:04:25","guid":{"rendered":"https:\/\/electricstore.eu\/p\/uncategorized\/randride-yg90b-electric-bicycle-48v17ah-battery-45km-h-27-speed-27-5-cst-tire-1000w-powerful-motor-e-bike-adult-electric-bike\/"},"modified":"2025-05-20T19:08:03","modified_gmt":"2025-05-20T19:08:03","slug":"randride-yg90b-electric-bicycle-48v17ah-battery-45km-h-27-speed-27-5-cst-tire-1000w-powerful-motor-e-bike-adult-electric-bike","status":"publish","type":"product","link":"https:\/\/electricstore.eu\/da\/p\/bikes\/randride-yg90b-electric-bicycle-48v17ah-battery-45km-h-27-speed-27-5-cst-tire-1000w-powerful-motor-e-bike-adult-electric-bike\/","title":{"rendered":"RANDRIDE YG90B Elcykel 48V17Ah Batteri 45 km\/t 27-speed 27,5\u201c CST D\u00e6k 1000W Kraftig Motor Elcykel Voksen Elcykel"},"content":{"rendered":"<div class=\"product-specs-list-container\">\n<ul class=\"product-specs-list util-clearfix\">\n<li class=\"product-prop line-limit-length\"><span\n                                        class=\"property-title\">Modelnummer:&nbsp;<\/span><span\n                                        class=\"property-desc line-limit-length\">RANDRIDE YG90B<\/span>\n                            <\/li>\n<li class=\"product-prop line-limit-length\"><span\n                                        class=\"property-title\">Nominel passagerkapacitet:&nbsp;<\/span><span\n                                        class=\"property-desc line-limit-length\">To s\u00e6der<\/span>\n                            <\/li>\n<li class=\"product-prop line-limit-length\"><span\n                                        class=\"property-title\">Stil:&nbsp;<\/span><span\n                                        class=\"property-desc line-limit-length\">Standardtype<\/span>\n                            <\/li>\n<li class=\"product-prop line-limit-length\"><span\n                                        class=\"property-title\">Maksimal hastighed:&nbsp;<\/span><span\n                                        class=\"property-desc line-limit-length\">&gt;50 km\/t<\/span>\n                            <\/li>\n<li class=\"product-prop line-limit-length\"><span\n                                        class=\"property-title\">R\u00e6kkevidde pr. effekt:&nbsp;<\/span><span\n                                        class=\"property-desc line-limit-length\">31 \u2013 60 km<\/span>\n                            <\/li>\n<li class=\"product-prop line-limit-length\"><span\n                                        class=\"property-title\">Effekt:&nbsp;<\/span><span\n                                        class=\"property-desc line-limit-length\">&gt; 500w<\/span>\n                            <\/li>\n<li class=\"product-prop line-limit-length\"><span\n                                        class=\"property-title\">Str\u00f8mforsyning:&nbsp;<\/span><span\n                                        class=\"property-desc line-limit-length\">litiumbatteri<\/span>\n                            <\/li>\n<li class=\"product-prop line-limit-length\"><span\n                                        class=\"property-title\">Sp\u00e6nding:&nbsp;<\/span><span\n                                        class=\"property-desc line-limit-length\">48V<\/span>\n                            <\/li>\n<li class=\"product-prop line-limit-length\"><span\n                                        class=\"property-title\">Str\u00f8mkilde:&nbsp;<\/span><span\n                                        class=\"property-desc line-limit-length\">litiumbatteri<\/span>\n                            <\/li>\n<li class=\"product-prop line-limit-length\"><span\n                                        class=\"property-title\">Oprindelse:&nbsp;<\/span><span\n                                        class=\"property-desc line-limit-length\">Kinas fastland<\/span>\n                            <\/li>\n<li class=\"product-prop line-limit-length\"><span\n                                        class=\"property-title\">Foldet:&nbsp;<\/span><span\n                                        class=\"property-desc line-limit-length\">Ingen<\/span>\n                            <\/li>\n<li class=\"product-prop line-limit-length\"><span\n                                        class=\"property-title\">Motor:&nbsp;<\/span><span\n                                        class=\"property-desc line-limit-length\">B\u00f8rstel\u00f8s<\/span>\n                            <\/li>\n<li class=\"product-prop line-limit-length\"><span\n                                        class=\"property-title\">Hjulst\u00f8rrelse:&nbsp;<\/span><span\n                                        class=\"property-desc line-limit-length\">26&quot;<\/span>\n                            <\/li>\n<li class=\"product-prop line-limit-length\"><span\n                                        class=\"property-title\">Rammemateriale:&nbsp;<\/span><span\n                                        class=\"property-desc line-limit-length\">Aluminiumlegering<\/span>\n                            <\/li>\n<\/ul><\/div>\n<p><span style=\"color:rgb(244, 78, 59)\"><u><\/u><\/span><img decoding=\"async\" src=\"https:\/\/ae01.alicdn.com\/kf\/Se58f1b8cc27e40a6baec7a529d0b7032K.jpg\" slate-data-type=\"image\"\/><span style=\"color:rgb(244, 78, 59)\"><u><\/u><\/span><img decoding=\"async\" src=\"https:\/\/ae01.alicdn.com\/kf\/S7e668f7678084117a161ea11407550cfn.jpg\" slate-data-type=\"image\"\/><span style=\"color:rgb(244, 78, 59)\"><u><\/u><\/span><img decoding=\"async\" src=\"https:\/\/ae01.alicdn.com\/kf\/Sb5755098f59d48aeabf75bee59deb7a8G.jpg\" slate-data-type=\"image\"\/><span style=\"color:rgb(244, 78, 59)\"><u><\/u><\/span><img decoding=\"async\" src=\"https:\/\/ae01.alicdn.com\/kf\/Sb26a704ecec24c39994e9be2092e8a57m.jpg\" slate-data-type=\"image\"\/><span style=\"color:rgb(244, 78, 59)\"><u><\/u><\/span><img decoding=\"async\" src=\"https:\/\/ae01.alicdn.com\/kf\/S38801b4013f745be94b2e99b1bbeaf6dF.jpg\" slate-data-type=\"image\"\/><span style=\"color:rgb(244, 78, 59)\"><u><\/u><\/span><img decoding=\"async\" src=\"https:\/\/ae01.alicdn.com\/kf\/S0ef382a0688f41f28729cc777f1df427G.jpg\" slate-data-type=\"image\"\/><span style=\"color:rgb(244, 78, 59)\"><u><\/u><\/span><img decoding=\"async\" src=\"https:\/\/ae01.alicdn.com\/kf\/S179cf6c0885740adbeffcc30a242a127S.jpg\" slate-data-type=\"image\"\/><span style=\"color:rgb(244, 78, 59)\"><u><\/u><\/span><img decoding=\"async\" src=\"https:\/\/ae01.alicdn.com\/kf\/S40abc74b7970476eb42cff35897fe279Q.jpg\" slate-data-type=\"image\"\/><span style=\"color:rgb(244, 78, 59)\"><u><\/u><\/span><img decoding=\"async\" src=\"https:\/\/ae01.alicdn.com\/kf\/S40420ce44e10448e95cb32ca9f4ea7a9H.jpg\" slate-data-type=\"image\"\/><span style=\"color:rgb(244, 78, 59)\"><u><\/u><\/span><img decoding=\"async\" src=\"https:\/\/ae01.alicdn.com\/kf\/S4e698cf8831847568c1e8abff211fcfem.jpg\" slate-data-type=\"image\"\/><span style=\"color:rgb(244, 78, 59)\"><u><\/u><\/span><img decoding=\"async\" src=\"https:\/\/ae01.alicdn.com\/kf\/S9c185002ca99449f9b72f2ee4a1d36cez.jpg\" slate-data-type=\"image\"\/><span style=\"color:rgb(244, 78, 59)\"><u><\/u><\/span><img decoding=\"async\" src=\"https:\/\/ae01.alicdn.com\/kf\/S3c512de52fc14e4ca08e1fbd2e619fdaH.jpg\" slate-data-type=\"image\"\/><span style=\"color:rgb(244, 78, 59)\"><u><\/u><\/span><img decoding=\"async\" src=\"https:\/\/ae01.alicdn.com\/kf\/S620fcbd721a6402da86ffa74f2a89e85h.jpg\" slate-data-type=\"image\"\/><span style=\"color:rgb(244, 78, 59)\"><u><\/u><\/span><img decoding=\"async\" src=\"https:\/\/ae01.alicdn.com\/kf\/S45008c75a62f438cb3dffc09b36c7c82a.jpg\" slate-data-type=\"image\"\/><span style=\"color:rgb(244, 78, 59)\"><u><\/u><\/span><img decoding=\"async\" src=\"https:\/\/ae01.alicdn.com\/kf\/Sfdd745fde6f84dc599172a7a7f2cdfb6Z.jpg\" slate-data-type=\"image\"\/><span style=\"color:rgb(244, 78, 59)\"><u><\/u><\/span><img decoding=\"async\" src=\"https:\/\/ae01.alicdn.com\/kf\/S9fe72d886f034585b36a2cf4d3d070b8M.jpg\" slate-data-type=\"image\"\/><span style=\"color:rgb(244, 78, 59)\"><u><\/u><\/span><img decoding=\"async\" src=\"https:\/\/ae01.alicdn.com\/kf\/Sbc0b237c64a7426483da1ac51a7e5462c.jpg\" slate-data-type=\"image\"\/><span style=\"color:rgb(244, 78, 59)\"><u><\/u><\/span><img decoding=\"async\" src=\"https:\/\/ae01.alicdn.com\/kf\/Sdfc23be6e8654d8fb12800175f19ac91u.jpg\" slate-data-type=\"image\"\/><span style=\"color:rgb(244, 78, 59)\"><u><\/u><\/span><img decoding=\"async\" src=\"https:\/\/ae01.alicdn.com\/kf\/Sbdb4267db0ef41aca274025b1f75e4fa9.jpg\" slate-data-type=\"image\"\/><span style=\"color:rgb(244, 78, 59)\"><u><\/u><\/span><img decoding=\"async\" src=\"https:\/\/ae01.alicdn.com\/kf\/S8cf2f9aef3ad41e398b1492cd554ad49E.jpg\" slate-data-type=\"image\"\/><span style=\"color:rgb(244, 78, 59)\"><u><\/u><\/span><img decoding=\"async\" src=\"https:\/\/ae01.alicdn.com\/kf\/S1b33a8120bfd43dbbf4edde7b461bc3aY.jpg\" slate-data-type=\"image\"\/><span style=\"color:rgb(244, 78, 59)\"><u><\/u><\/span><img decoding=\"async\" src=\"https:\/\/ae01.alicdn.com\/kf\/Sbe37d6a1632d4f458b3f3036578dea91B.jpg\" slate-data-type=\"image\"\/><span style=\"color:rgb(244, 78, 59)\"><u><\/u><\/span><img decoding=\"async\" src=\"https:\/\/ae01.alicdn.com\/kf\/S39eaa12ff927497e833d9c1644d5f788b.jpg\" slate-data-type=\"image\"\/><span style=\"color:rgb(244, 78, 59)\"><u><\/u><\/span><img decoding=\"async\" src=\"https:\/\/ae01.alicdn.com\/kf\/S33921628b40848efaf22417447c9f272r.jpg\" slate-data-type=\"image\"\/><span style=\"color:rgb(244, 78, 59)\"><u><\/u><\/span><img decoding=\"async\" src=\"https:\/\/ae01.alicdn.com\/kf\/Sd633cd2cd8154bb2a873804e4520dba2D.jpg\" slate-data-type=\"image\"\/><span style=\"color:rgb(244, 78, 59)\"><u><\/u><\/span><img decoding=\"async\" src=\"https:\/\/ae01.alicdn.com\/kf\/S648c1c0d2bf648ea8384238990ad6ceay.jpg\" slate-data-type=\"image\"\/><span style=\"color:rgb(244, 78, 59)\"><u>K\u00e6re ven,<\/u><\/span><\/p>\n<h3 style=\"font-family:&quot;TT Norms Pro&quot;, &quot;Open Sans&quot;, Roboto, Arial, Helvetica, sans-serif, SimSun;letter-spacing:normal;text-align:start;white-space:normal;color:rgb(34, 34, 34);box-sizing:border-box\" align=\"start\"><span style=\"color:rgb(244, 78, 59)\"><u>Vi har et professionelt reparationsteam og offline eftersalgsservice i Polen.<\/u><\/span><\/h3>\n<h3 style=\"font-family:&quot;TT Norms Pro&quot;, &quot;Open Sans&quot;, Roboto, Arial, Helvetica, sans-serif, SimSun;letter-spacing:normal;text-align:start;white-space:normal;color:rgb(34, 34, 34);box-sizing:border-box\" align=\"start\"><span style=\"color:rgb(244, 78, 59)\"><u>Den k\u00f8bte elcykel sendes fra Polen, og vi kan udstede en faktura for den. Hvis du har sp\u00f8rgsm\u00e5l, bedes du kontakte os.<\/u><\/span><\/h3>\n<h1 style=\"text-align:center\" align=\"center\"><strong>RANDRIDE YG90B Elcykel 48V17Ah Batteri 45 km\/t 27-speed 27,5\u201c CST D\u00e6k 1000W Kraftig Motor Elcykel Voksen Elcykel<\/strong><\/h1>\n<p style=\"text-align:center\" align=\"center\"><\/p>","protected":false},"excerpt":{"rendered":"<p>Model Number:&nbsp;RANDRIDE YG90B Rated Passenger Capacity:&nbsp;Two Seat Style:&nbsp;Standard Type Max Speed:&nbsp;&gt;50km\/h Range per Power:&nbsp;31 &#8211; 60 km Wattage:&nbsp;&gt; 500w Power Supply:&nbsp;lithium battery Voltage:&nbsp;48V Power Source:&nbsp;lithium battery Origin:&nbsp;Mainland China Folded:&nbsp;No Motor:&nbsp;Brushless<\/p>","protected":false},"featured_media":25916,"comment_status":"open","ping_status":"closed","template":"","meta":{"_acf_changed":false},"product_brand":[],"product_cat":[230],"product_tag":[],"class_list":{"0":"post-25915","1":"product","2":"type-product","3":"status-publish","4":"has-post-thumbnail","6":"product_cat-bikes","8":"first","9":"instock","10":"shipping-taxable","11":"purchasable","12":"product-type-variable"},"acf":[],"_links":{"self":[{"href":"https:\/\/electricstore.eu\/da\/wp-json\/wp\/v2\/product\/25915","targetHints":{"allow":["GET"]}}],"collection":[{"href":"https:\/\/electricstore.eu\/da\/wp-json\/wp\/v2\/product"}],"about":[{"href":"https:\/\/electricstore.eu\/da\/wp-json\/wp\/v2\/types\/product"}],"replies":[{"embeddable":true,"href":"https:\/\/electricstore.eu\/da\/wp-json\/wp\/v2\/comments?post=25915"}],"wp:featuredmedia":[{"embeddable":true,"href":"https:\/\/electricstore.eu\/da\/wp-json\/wp\/v2\/media\/25916"}],"wp:attachment":[{"href":"https:\/\/electricstore.eu\/da\/wp-json\/wp\/v2\/media?parent=25915"}],"wp:term":[{"taxonomy":"product_brand","embeddable":true,"href":"https:\/\/electricstore.eu\/da\/wp-json\/wp\/v2\/product_brand?post=25915"},{"taxonomy":"product_cat","embeddable":true,"href":"https:\/\/electricstore.eu\/da\/wp-json\/wp\/v2\/product_cat?post=25915"},{"taxonomy":"product_tag","embeddable":true,"href":"https:\/\/electricstore.eu\/da\/wp-json\/wp\/v2\/product_tag?post=25915"}],"curies":[{"name":"wp","href":"https:\/\/api.w.org\/{rel}","templated":true}]}}