{"id":25827,"date":"2025-05-20T19:03:30","date_gmt":"2025-05-20T19:03:30","guid":{"rendered":"https:\/\/electricstore.eu\/p\/uncategorized\/boyueda-q7pro-max-electric-scooter-3200w-dual-motor-52v28ah-110km-long-mileage-70km-h-10tire-nfc-app-control-foldable-e-scooter\/"},"modified":"2025-05-20T19:07:20","modified_gmt":"2025-05-20T19:07:20","slug":"boyueda-q7pro-max-electric-scooter-3200w-dual-motor-52v28ah-110km-long-mileage-70km-h-10tire-nfc-app-control-foldable-e-scooter","status":"publish","type":"product","link":"https:\/\/electricstore.eu\/da\/p\/scooters\/boyueda-q7pro-max-electric-scooter-3200w-dual-motor-52v28ah-110km-long-mileage-70km-h-10tire-nfc-app-control-foldable-e-scooter\/","title":{"rendered":"BOYUEDA Q7Pro Max El-l\u00f8behjul 3200W Dobbeltmotor 52V28AH 110 km kilometertal 70 km\/t 10\u2033 d\u00e6k NFC app-styring Sammenklappelig el-l\u00f8behjul"},"content":{"rendered":"<div class=\"product-specs-list-container\">\n<ul class=\"product-specs-list util-clearfix\">\n<li class=\"product-prop line-limit-length\"><span\n                                        class=\"property-title\">D\u00e6kst\u00f8rrelse:&nbsp;<\/span><span\n                                        class=\"property-desc line-limit-length\">10 tommer<\/span>\n                            <\/li>\n<li class=\"product-prop line-limit-length\"><span\n                                        class=\"property-title\">Modelnummer:&nbsp;<\/span><span\n                                        class=\"property-desc line-limit-length\">BOYUEDA Q7Pro Max<\/span>\n                            <\/li>\n<li class=\"product-prop line-limit-length\"><span\n                                        class=\"property-title\">Kategori:&nbsp;<\/span><span\n                                        class=\"property-desc line-limit-length\">Tohjulet scooter<\/span>\n                            <\/li>\n<li class=\"product-prop line-limit-length\"><span\n                                        class=\"property-title\">Relevante personer:&nbsp;<\/span><span\n                                        class=\"property-desc line-limit-length\">Unisex<\/span>\n                            <\/li>\n<li class=\"product-prop line-limit-length\"><span\n                                        class=\"property-title\">R\u00e6kkevidde pr. opladning:&nbsp;<\/span><span\n                                        class=\"property-desc line-limit-length\">40-60 km<\/span>\n                            <\/li>\n<li class=\"product-prop line-limit-length\"><span\n                                        class=\"property-title\">Opladningstid:&nbsp;<\/span><span\n                                        class=\"property-desc line-limit-length\">6-8 timer<\/span>\n                            <\/li>\n<li class=\"product-prop line-limit-length\"><span\n                                        class=\"property-title\">Sp\u00e6nding:&nbsp;<\/span><span\n                                        class=\"property-desc line-limit-length\">48v<\/span>\n                            <\/li>\n<li class=\"product-prop line-limit-length\"><span\n                                        class=\"property-title\">Foldet:&nbsp;<\/span><span\n                                        class=\"property-desc line-limit-length\">JA<\/span>\n                            <\/li>\n<li class=\"product-prop line-limit-length\"><span\n                                        class=\"property-title\">Oprindelse:&nbsp;<\/span><span\n                                        class=\"property-desc line-limit-length\">Kinas fastland<\/span>\n                            <\/li>\n<li class=\"product-prop line-limit-length\"><span\n                                        class=\"property-title\">Effekt (W):&nbsp;<\/span><span\n                                        class=\"property-desc line-limit-length\">1001-2000w<\/span>\n                            <\/li>\n<li class=\"product-prop line-limit-length\"><span\n                                        class=\"property-title\">Maks. motor:&nbsp;<\/span><span\n                                        class=\"property-desc line-limit-length\">3200W<\/span>\n                            <\/li>\n<li class=\"product-prop line-limit-length\"><span\n                                        class=\"property-title\">maksimal r\u00e6kkevidde:&nbsp;<\/span><span\n                                        class=\"property-desc line-limit-length\">110KM<\/span>\n                            <\/li>\n<li class=\"product-prop line-limit-length\"><span\n                                        class=\"property-title\">maksimal hastighed:&nbsp;<\/span><span\n                                        class=\"property-desc line-limit-length\">70KM\/H<\/span>\n                            <\/li>\n<li class=\"product-prop line-limit-length\"><span\n                                        class=\"property-title\">Maks. belastning:&nbsp;<\/span><span\n                                        class=\"property-desc line-limit-length\">200kg<\/span>\n                            <\/li>\n<li class=\"product-prop line-limit-length\"><span\n                                        class=\"property-title\">Klatreevne:&nbsp;<\/span><span\n                                        class=\"property-desc line-limit-length\">35\u00b0<\/span>\n                            <\/li>\n<li class=\"product-prop line-limit-length\"><span\n                                        class=\"property-title\">Bremsesystem:&nbsp;<\/span><span\n                                        class=\"property-desc line-limit-length\">Hydraulic disc brake, brand: Inching<\/span>\n                            <\/li>\n<li class=\"product-prop line-limit-length\"><span\n                                        class=\"property-title\">Batteri:&nbsp;<\/span><span\n                                        class=\"property-desc line-limit-length\">52V28A1456Wh<\/span>\n                            <\/li>\n<li class=\"product-prop line-limit-length\"><span\n                                        class=\"property-title\">Forreste st\u00f8dd\u00e6mper:&nbsp;<\/span><span\n                                        class=\"property-desc line-limit-length\">Hydraulisk st\u00f8dd\u00e6mpning<\/span>\n                            <\/li>\n<li class=\"product-prop line-limit-length\"><span\n                                        class=\"property-title\">Bageste st\u00f8dd\u00e6mper:&nbsp;<\/span><span\n                                        class=\"property-desc line-limit-length\">Spring shock absorber<\/span>\n                            <\/li>\n<li class=\"product-prop line-limit-length\"><span\n                                        class=\"property-title\">Anvendeligt terr\u00e6n:&nbsp;<\/span><span\n                                        class=\"property-desc line-limit-length\">Vej, By, Offroad<\/span>\n                            <\/li>\n<li class=\"product-prop line-limit-length\"><span\n                                        class=\"property-title\">Boot device:&nbsp;<\/span><span\n                                        class=\"property-desc line-limit-length\">NFC power on + password power on<\/span>\n                            <\/li>\n<li class=\"product-prop line-limit-length\"><span\n                                        class=\"property-title\">Tire model:&nbsp;<\/span><span\n                                        class=\"property-desc line-limit-length\">Dual-purpose tire, 10 inches in diameter, 90 mm wide<\/span>\n                            <\/li>\n<li class=\"product-prop line-limit-length\"><span\n                                        class=\"property-title\">Controller:&nbsp;<\/span><span\n                                        class=\"property-desc line-limit-length\">52V28A*2<\/span>\n                            <\/li>\n<li class=\"product-prop line-limit-length\"><span\n                                        class=\"property-title\">Certifikat:&nbsp;<\/span><span\n                                        class=\"property-desc line-limit-length\"><\/span>\n                            <\/li>\n<\/ul><\/div>\n<h1 style=\"text-align:center\" align=\"center\"><strong>BOYUEDA Q7Pro Max Electric Scooter 3200W Dual Motor 52V28AH 110KM Long Mileage 70KM\/H 10&quot;Tire NFC App Control Foldable E-Scooter<\/strong><\/h1>\n<h3 style=\"font-family:DeepSeek-CJK-patch, Inter, system-ui, -apple-system, BlinkMacSystemFont, &quot;Segoe UI&quot;, Roboto, &quot;Noto Sans&quot;, Ubuntu, Cantarell, &quot;Helvetica Neue&quot;, Oxygen, &quot;Open Sans&quot;, sans-serif;font-size:18.288px;font-weight:600;letter-spacing:normal;line-height:1.5;text-align:start;white-space:normal;color:rgb(64, 64, 64);background-color:rgb(255, 255, 255);margin:18.288px 0px 13.716px;margin-bottom:13.716px;margin-top:18.288px;margin-left:0px;margin-right:0px\" align=\"start\"><strong>Q7Pro Max Electric Scooter \u2013 Specifications<\/strong><\/h3>\n<p><\/p>\n<table style=\"border-collapse:collapse;font-family:DeepSeek-CJK-patch, Inter, system-ui, -apple-system, BlinkMacSystemFont, &quot;Segoe UI&quot;, Roboto, &quot;Noto Sans&quot;, Ubuntu, Cantarell, &quot;Helvetica Neue&quot;, Oxygen, &quot;Open Sans&quot;, sans-serif;font-size:16.002px;text-align:start;color:rgb(64, 64, 64);background-color:rgb(255, 255, 255)\" align=\"start\">\n<tr>\n<td style=\"font-weight:600;text-align:left;color:rgb(64, 64, 64);border-bottom:1px solid rgb(163, 163, 163);border-top:1px solid rgb(163, 163, 163);padding:6.858px 13.716px 6.858px 0px;padding-bottom:6.858px;padding-top:6.858px;padding-left:0px;padding-right:13.716px\" align=\"left\">\n<p><strong>Kategori<\/strong><\/p>\n<\/td>\n<td style=\"font-weight:600;text-align:left;color:rgb(64, 64, 64);border-bottom:1px solid rgb(163, 163, 163);border-top:1px solid rgb(163, 163, 163);padding:6.858px 13.716px;padding-bottom:6.858px;padding-top:6.858px;padding-left:13.716px;padding-right:13.716px\" align=\"left\">\n<p><strong>Detaljer<\/strong><\/p>\n<\/td>\n<\/tr>\n<tbody>\n<tr>\n<td style=\"padding:6.858px 13.716px 6.858px 0px\">\n<p><strong>Model<\/strong><\/p>\n<\/td>\n<td style=\"padding:6.858px 13.716px\">\n<p>Q7Pro Max<\/p>\n<\/td>\n<\/tr>\n<tr>\n<td style=\"padding:6.858px 13.716px 6.858px 0px\">\n<p><strong>Batterikapacitet<\/strong><\/p>\n<\/td>\n<td style=\"padding:6.858px 13.716px\">\n<p>52V 28Ah (1456Wh)<\/p>\n<\/td>\n<\/tr>\n<tr>\n<td style=\"padding:6.858px 13.716px 6.858px 0px\">\n<p><strong>Motor<\/strong><\/p>\n<\/td>\n<td style=\"padding:6.858px 13.716px\">\n<p>Dual high-speed motors, 2\u00d71600W (3200W total)<\/p>\n<\/td>\n<\/tr>\n<tr>\n<td style=\"padding:6.858px 13.716px 6.858px 0px\">\n<p><strong>D\u00e6k<\/strong><\/p>\n<\/td>\n<td style=\"padding:6.858px 13.716px\">\n<p>Hybrid tires (road\/light off-road), 10-inch diameter, 90mm width<\/p>\n<\/td>\n<\/tr>\n<tr>\n<td style=\"padding:6.858px 13.716px 6.858px 0px\">\n<p><strong>Maksimal hastighed<\/strong><\/p>\n<\/td>\n<td style=\"padding:6.858px 13.716px\">\n<p>70 km\/h<\/p>\n<\/td>\n<\/tr>\n<tr>\n<td style=\"padding:6.858px 13.716px 6.858px 0px\">\n<p><strong>R\u00e6kkevidde<\/strong><\/p>\n<\/td>\n<td style=\"padding:6.858px 13.716px\">\n<p>90\u2013110 km (varies by terrain &amp; load)<\/p>\n<\/td>\n<\/tr>\n<tr>\n<td style=\"padding:6.858px 13.716px 6.858px 0px\">\n<p><strong>Terr\u00e6n<\/strong><\/p>\n<\/td>\n<td style=\"padding:6.858px 13.716px\">\n<p>Road &amp; urban off-road<\/p>\n<\/td>\n<\/tr>\n<tr>\n<td style=\"padding:6.858px 13.716px 6.858px 0px\">\n<p><strong>T\u00e6nding<\/strong><\/p>\n<\/td>\n<td style=\"padding:6.858px 13.716px\">\n<p><strong>NFC unlock + PIN code startup<\/strong><\/p>\n<\/td>\n<\/tr>\n<tr>\n<td style=\"padding:6.858px 13.716px 6.858px 0px\">\n<p><strong>Forlygter<\/strong><\/p>\n<\/td>\n<td style=\"padding:6.858px 13.716px\">\n<p>Futuristic circular LED headlight<\/p>\n<\/td>\n<\/tr>\n<tr>\n<td style=\"padding:6.858px 13.716px 6.858px 0px\">\n<p><strong>Opladning<\/strong><\/p>\n<\/td>\n<td style=\"padding:6.858px 13.716px\">\n<p>Dual charging ports (includes<span>\u00a0<\/span><strong>1 dual-port charger<\/strong>)<\/p>\n<\/td>\n<\/tr>\n<tr>\n<td style=\"padding:6.858px 13.716px 6.858px 0px\">\n<p><strong>Driftstemperatur<\/strong><\/p>\n<\/td>\n<td style=\"padding:6.858px 13.716px\">\n<p>-30\u00b0C og derover<\/p>\n<\/td>\n<\/tr>\n<tr>\n<td style=\"padding:6.858px 13.716px 6.858px 0px\">\n<p><strong>Maksimal stigningsvinkel<\/strong><\/p>\n<\/td>\n<td style=\"padding:6.858px 13.716px\">\n<p>35\u00b0<\/p>\n<\/td>\n<\/tr>\n<tr>\n<td style=\"padding:6.858px 13.716px 6.858px 0px\">\n<p><strong>Bremser<\/strong><\/p>\n<\/td>\n<td style=\"padding:6.858px 13.716px\">\n<p>Hydraulic disc brakes (Brand: Diandong)<\/p>\n<\/td>\n<\/tr>\n<tr>\n<td style=\"padding:6.858px 13.716px 6.858px 0px\">\n<p><strong>Stelmateriale<\/strong><\/p>\n<\/td>\n<td style=\"padding:6.858px 13.716px\">\n<p>H\u00f8jstyrke aluminiumslegering<\/p>\n<\/td>\n<\/tr>\n<tr>\n<td style=\"padding:6.858px 13.716px 6.858px 0px\">\n<p><strong>Farve<\/strong><\/p>\n<\/td>\n<td style=\"padding:6.858px 13.716px\">\n<p>Red &amp; black (main body)<\/p>\n<\/td>\n<\/tr>\n<tr>\n<td style=\"padding:6.858px 13.716px 6.858px 0px\">\n<p><strong>Maksimal lastekapacitet<\/strong><\/p>\n<\/td>\n<td style=\"padding:6.858px 13.716px\">\n<p>200 kg<\/p>\n<\/td>\n<\/tr>\n<tr>\n<td style=\"padding:6.858px 13.716px 6.858px 0px\">\n<p><strong>D\u00e6kh\u00f8jde<\/strong><\/p>\n<\/td>\n<td style=\"padding:6.858px 13.716px\">\n<p>17 cm (ground clearance)<\/p>\n<\/td>\n<\/tr>\n<tr>\n<td style=\"padding:6.858px 13.716px 6.858px 0px\">\n<p><strong>D\u00e6kst\u00f8rrelse<\/strong><\/p>\n<\/td>\n<td style=\"padding:6.858px 13.716px\">\n<p>22.5 cm (W) \u00d7 53 cm (L)<\/p>\n<\/td>\n<\/tr>\n<tr>\n<td style=\"padding:6.858px 13.716px 6.858px 0px\">\n<p><strong>Forhjulsoph\u00e6ng<\/strong><\/p>\n<\/td>\n<td style=\"padding:6.858px 13.716px\">\n<p>Hydraulisk st\u00f8dd\u00e6mpning<\/p>\n<\/td>\n<\/tr>\n<tr>\n<td style=\"padding:6.858px 13.716px 6.858px 0px\">\n<p><strong>Baghjulsoph\u00e6ng<\/strong><\/p>\n<\/td>\n<td style=\"padding:6.858px 13.716px\">\n<p>High-strength spring suspension<\/p>\n<\/td>\n<\/tr>\n<tr>\n<td style=\"padding:6.858px 13.716px 6.858px 0px\">\n<p><strong>Controller<\/strong><\/p>\n<\/td>\n<td style=\"padding:6.858px 13.716px\">\n<p>Dual 52V 28A controllers<\/p>\n<\/td>\n<\/tr>\n<tr>\n<td style=\"padding:6.858px 13.716px 6.858px 0px\">\n<p><strong>Inkluderede varer<\/strong><\/p>\n<\/td>\n<td style=\"padding:6.858px 13.716px\">\n<p>Scooter \u00d71, S\u00e6de \u00d71, Oplader \u00d72, Sekskantskruetr\u00e6kkers\u00e6t \u00d71, Telefonholder \u00d71, 3L sort EVA opbevaringstaske \u00d71<\/p>\n<\/td>\n<\/tr>\n<\/tbody>\n<\/table>\n<hr style=\"font-family:DeepSeek-CJK-patch, Inter, system-ui, -apple-system, BlinkMacSystemFont, &quot;Segoe UI&quot;, Roboto, &quot;Noto Sans&quot;, Ubuntu, Cantarell, &quot;Helvetica Neue&quot;, Oxygen, &quot;Open Sans&quot;, sans-serif;font-size:16.002px;font-weight:400;letter-spacing:normal;text-align:start;white-space:normal;color:rgb(64, 64, 64);background-color:rgb(163, 163, 163);border:none;margin:13.716px 0px;margin-bottom:13.716px;margin-top:13.716px;margin-left:0px;margin-right:0px;display:block;height:1px\" align=\"start\"\/>\n<h3 style=\"font-family:DeepSeek-CJK-patch, Inter, system-ui, -apple-system, BlinkMacSystemFont, &quot;Segoe UI&quot;, Roboto, &quot;Noto Sans&quot;, Ubuntu, Cantarell, &quot;Helvetica Neue&quot;, Oxygen, &quot;Open Sans&quot;, sans-serif;font-size:18.288px;font-weight:600;letter-spacing:normal;line-height:1.5;text-align:start;white-space:normal;color:rgb(64, 64, 64);background-color:rgb(255, 255, 255);margin:18.288px 0px 13.716px;margin-bottom:13.716px;margin-top:18.288px;margin-left:0px;margin-right:0px\" align=\"start\"><strong>Produktets h\u00f8jdepunkter<\/strong><\/h3>\n<ol style=\"font-family:DeepSeek-CJK-patch, Inter, system-ui, -apple-system, BlinkMacSystemFont, &quot;Segoe UI&quot;, Roboto, &quot;Noto Sans&quot;, Ubuntu, Cantarell, &quot;Helvetica Neue&quot;, Oxygen, &quot;Open Sans&quot;, sans-serif;font-size:16.002px;font-weight:400;letter-spacing:normal;text-align:start;white-space:normal;color:rgb(64, 64, 64);background-color:rgb(255, 255, 255);margin:13.716px 0px;margin-bottom:13.716px;margin-top:13.716px;margin-left:0px;margin-right:0px;padding-left:27.432px\" align=\"start\">\n<li>\n<p style=\"font-size:16.002px;line-height:28.575px;margin-bottom:0px;margin-top:0px;margin-left:0px;margin-right:0px\"><strong>Smart Control Hub<\/strong><span>\u00a0<\/span>\u2013 Large<span>\u00a0<\/span><strong>LCD dashboard<\/strong><span>\u00a0<\/span>with integrated settings: gear adjustment, front\/rear drive switch, riding modes, and more.<span>\u00a0<\/span><strong>NFC\/PIN startup<\/strong><span>\u00a0<\/span>for convenience.<\/p>\n<\/li>\n<li style=\"margin-top:4px\">\n<p style=\"font-size:16.002px;line-height:28.575px;margin-bottom:0px;margin-top:0px;margin-left:0px;margin-right:0px\"><strong>Powerful 3200W Motor<\/strong><span>\u00a0<\/span>\u2013 Speeds up to<span>\u00a0<\/span><strong>70 km\/h<\/strong>, perfect for commuting, errands, and<span>\u00a0<\/span><strong>light urban off-roading<\/strong>.<\/p>\n<\/li>\n<li style=\"margin-top:4px\">\n<p style=\"font-size:16.002px;line-height:28.575px;margin-bottom:0px;margin-top:0px;margin-left:0px;margin-right:0px\"><strong>Foldable &amp; Portable<\/strong><span>\u00a0<\/span>\u2013 Compact design fits in car trunks;<span>\u00a0<\/span><strong>rust-proof aluminum frame<\/strong><span>\u00a0<\/span>ensures long-term durability.<\/p>\n<\/li>\n<li style=\"margin-top:4px\">\n<p style=\"font-size:16.002px;line-height:28.575px;margin-bottom:0px;margin-top:0px;margin-left:0px;margin-right:0px\"><strong>Langtidsholdbart batteri<\/strong><span>\u00a0<\/span>\u2013 1456Wh capacity delivers<span>\u00a0<\/span><strong>90\u2013110 km<\/strong><span>\u00a0<\/span>per charge (ideal for daily use).<\/p>\n<\/li>\n<li style=\"margin-top:4px\">\n<p style=\"font-size:16.002px;line-height:28.575px;margin-bottom:0px;margin-top:0px;margin-left:0px;margin-right:0px\"><strong>Easy-Swap Controller<\/strong><span>\u00a0<\/span>\u2013 Modular plug-in design for quick maintenance and repairs.<\/p>\n<\/li>\n<li style=\"margin-top:4px\">\n<p style=\"font-size:16.002px;line-height:28.575px;margin-bottom:0px;margin-top:0px;margin-left:0px;margin-right:0px\"><strong>Reliable Hydraulic Brakes<\/strong><span>\u00a0<\/span>\u2013 Foran og bagp\u00e5<span>\u00a0<\/span><strong>hydraulic discs<\/strong><span>\u00a0<\/span>for smooth, stable stopping.<\/p>\n<\/li>\n<li style=\"margin-top:4px\">\n<p style=\"font-size:16.002px;line-height:28.575px;margin-bottom:0px;margin-top:0px;margin-left:0px;margin-right:0px\"><strong>Enhanced Comfort<\/strong><span>\u00a0<\/span>\u2013<span>\u00a0<\/span><strong>Front hydraulic + rear spring suspension<\/strong><span>\u00a0<\/span>for a smoother ride on rough surfaces.<\/p>\n<\/li>\n<li style=\"margin-top:4px\">\n<p style=\"font-size:16.002px;line-height:28.575px;margin-bottom:0px;margin-top:0px;margin-left:0px;margin-right:0px\"><strong>Avanceret belysning<\/strong><span>\u00a0<\/span>\u2013 Futuristic circular headlight, acrylic side panels, rear sequential turn signals, and hidden running\/brake lights.<\/p>\n<\/li>\n<li style=\"margin-top:4px\">\n<p style=\"font-size:16.002px;line-height:28.575px;margin-bottom:0px;margin-top:0px;margin-left:0px;margin-right:0px\"><strong>Hybrid Tires for Grip<\/strong><span>\u00a0<\/span>\u2013 10-inch<span>\u00a0<\/span><strong>90mm wide vacuum tires<\/strong><span>\u00a0<\/span>for stability and wear resistance.<\/p>\n<\/li>\n<li style=\"margin-top:4px\">\n<p style=\"font-size:16.002px;line-height:28.575px;margin-bottom:0px;margin-top:0px;margin-left:0px;margin-right:0px\"><strong>Smartphone Connectivity<\/strong><span>\u00a0<\/span>\u2013<span>\u00a0<\/span><strong>Real-time tracking &amp; adjustments<\/strong><span>\u00a0<\/span>via app (supports 12 languages).<\/p>\n<\/li>\n<\/ol>\n<hr style=\"font-family:DeepSeek-CJK-patch, Inter, system-ui, -apple-system, BlinkMacSystemFont, &quot;Segoe UI&quot;, Roboto, &quot;Noto Sans&quot;, Ubuntu, Cantarell, &quot;Helvetica Neue&quot;, Oxygen, &quot;Open Sans&quot;, sans-serif;font-size:16.002px;font-weight:400;letter-spacing:normal;text-align:start;white-space:normal;color:rgb(64, 64, 64);background-color:rgb(163, 163, 163);border:none;margin:13.716px 0px;margin-bottom:13.716px;margin-top:13.716px;margin-left:0px;margin-right:0px;display:block;height:1px\" align=\"start\"\/>\n<h3 style=\"font-family:DeepSeek-CJK-patch, Inter, system-ui, -apple-system, BlinkMacSystemFont, &quot;Segoe UI&quot;, Roboto, &quot;Noto Sans&quot;, Ubuntu, Cantarell, &quot;Helvetica Neue&quot;, Oxygen, &quot;Open Sans&quot;, sans-serif;font-size:18.288px;font-weight:600;letter-spacing:normal;line-height:1.5;text-align:start;white-space:normal;color:rgb(64, 64, 64);background-color:rgb(255, 255, 255);margin:18.288px 0px 13.716px;margin-bottom:13.716px;margin-top:18.288px;margin-left:0px;margin-right:0px\" align=\"start\"><strong>Why Choose Q7Pro Max?<\/strong><\/h3>\n<p style=\"font-family:DeepSeek-CJK-patch, Inter, system-ui, -apple-system, BlinkMacSystemFont, &quot;Segoe UI&quot;, Roboto, &quot;Noto Sans&quot;, Ubuntu, Cantarell, &quot;Helvetica Neue&quot;, Oxygen, &quot;Open Sans&quot;, sans-serif;font-size:16.002px;font-weight:400;letter-spacing:normal;line-height:28.575px;text-align:start;white-space:normal;color:rgb(64, 64, 64);background-color:rgb(255, 255, 255);margin:13.716px 0px;margin-bottom:13.716px;margin-top:13.716px;margin-left:0px;margin-right:0px\" align=\"start\">\u2705<span>\u00a0<\/span><strong>Tech-Savvy Design<\/strong><span>\u00a0<\/span>\u2013 NFC\/PIN ignition, app integration, and customizable settings.<br \/>\u2705<span>\u00a0<\/span><strong>Versatile Performance<\/strong><span>\u00a0<\/span>\u2013 Handles city streets and light off-road trails effortlessly.<br \/>\u2705<span>\u00a0<\/span><strong>Premium Safety Features<\/strong><span>\u00a0<\/span>\u2013 Hydraulic brakes + wide tires for confident rides.<\/p>\n<p><img decoding=\"async\" src=\"https:\/\/ae01.alicdn.com\/kf\/S11d20ddf80794b0f8b3edbfea4ba3d22g.jpg\" slate-data-type=\"image\"\/><img decoding=\"async\" src=\"https:\/\/ae01.alicdn.com\/kf\/S49e231bf18dd4811bd8dac287de8171cf.jpg\" slate-data-type=\"image\"\/><img decoding=\"async\" src=\"https:\/\/ae01.alicdn.com\/kf\/S184f33bee7f04de8b194510e85bd3942C.jpg\" slate-data-type=\"image\"\/><img decoding=\"async\" src=\"https:\/\/ae01.alicdn.com\/kf\/S3bb680f2964a4b41a4e626cd15bbde9fY.jpg\" slate-data-type=\"image\"\/><img decoding=\"async\" src=\"https:\/\/ae01.alicdn.com\/kf\/S343ff6162c3444b8baa8e01bcb990124l.jpg\" slate-data-type=\"image\"\/><img decoding=\"async\" src=\"https:\/\/ae01.alicdn.com\/kf\/S30d0c9aac7db488a9d6905660e9900306.jpg\" slate-data-type=\"image\"\/><img decoding=\"async\" src=\"https:\/\/ae01.alicdn.com\/kf\/S935ab7ec187d48cfaab01573129f4c289.jpg\" slate-data-type=\"image\"\/><img decoding=\"async\" src=\"https:\/\/ae01.alicdn.com\/kf\/Sf3c784fdb0064461863ffa4743f1f9f1M.jpg\" slate-data-type=\"image\"\/><img decoding=\"async\" src=\"https:\/\/ae01.alicdn.com\/kf\/S35344d6781e94d038149a5ac044a6cbeM.jpg\" slate-data-type=\"image\"\/><img decoding=\"async\" src=\"https:\/\/ae01.alicdn.com\/kf\/S8f296f557e6b4f969857e6f70985d835h.jpg\" slate-data-type=\"image\"\/><img decoding=\"async\" src=\"https:\/\/ae01.alicdn.com\/kf\/Sa0c660ca02fc4a28bd3a3b07d97346b1t.jpg\" slate-data-type=\"image\"\/><\/p>","protected":false},"excerpt":{"rendered":"<p>Tire Size:&nbsp;10 inch Model Number:&nbsp;BOYUEDA Q7Pro Max Category:&nbsp;Two-wheel Scooter Applicable People:&nbsp;Unisex Range Per Charge:&nbsp;40-60km Charging Time:&nbsp;6-8h Voltage:&nbsp;48v Folded:&nbsp;YES Origin:&nbsp;Mainland China Power (W):&nbsp;1001-2000w Max motor:&nbsp;3200W max range:&nbsp;110KM max speed:&nbsp;70KM\/H max Load:&nbsp;200kg<\/p>","protected":false},"featured_media":25828,"comment_status":"open","ping_status":"closed","template":"","meta":{"_acf_changed":false},"product_brand":[],"product_cat":[297],"product_tag":[],"class_list":{"0":"post-25827","1":"product","2":"type-product","3":"status-publish","4":"has-post-thumbnail","6":"product_cat-scooters","8":"first","9":"instock","10":"shipping-taxable","11":"purchasable","12":"product-type-variable"},"acf":[],"_links":{"self":[{"href":"https:\/\/electricstore.eu\/da\/wp-json\/wp\/v2\/product\/25827","targetHints":{"allow":["GET"]}}],"collection":[{"href":"https:\/\/electricstore.eu\/da\/wp-json\/wp\/v2\/product"}],"about":[{"href":"https:\/\/electricstore.eu\/da\/wp-json\/wp\/v2\/types\/product"}],"replies":[{"embeddable":true,"href":"https:\/\/electricstore.eu\/da\/wp-json\/wp\/v2\/comments?post=25827"}],"wp:featuredmedia":[{"embeddable":true,"href":"https:\/\/electricstore.eu\/da\/wp-json\/wp\/v2\/media\/25828"}],"wp:attachment":[{"href":"https:\/\/electricstore.eu\/da\/wp-json\/wp\/v2\/media?parent=25827"}],"wp:term":[{"taxonomy":"product_brand","embeddable":true,"href":"https:\/\/electricstore.eu\/da\/wp-json\/wp\/v2\/product_brand?post=25827"},{"taxonomy":"product_cat","embeddable":true,"href":"https:\/\/electricstore.eu\/da\/wp-json\/wp\/v2\/product_cat?post=25827"},{"taxonomy":"product_tag","embeddable":true,"href":"https:\/\/electricstore.eu\/da\/wp-json\/wp\/v2\/product_tag?post=25827"}],"curies":[{"name":"wp","href":"https:\/\/api.w.org\/{rel}","templated":true}]}}