{"id":25726,"date":"2025-05-20T19:00:50","date_gmt":"2025-05-20T19:00:50","guid":{"rendered":"https:\/\/electricstore.eu\/p\/uncategorized\/hyper-go-mjx-14210-v2-0-1-14-rc-car-55km-h-high-speed-brushless-2-4g-remote-control-4wd-off-road-racing-rc-truck-electric-toy\/"},"modified":"2025-05-20T19:06:07","modified_gmt":"2025-05-20T19:06:07","slug":"hyper-go-mjx-14210-v2-0-1-14-rc-car-55km-h-high-speed-brushless-2-4g-remote-control-4wd-off-road-racing-rc-truck-electric-toy","status":"publish","type":"product","link":"https:\/\/www.electricstore.eu\/da\/p\/rc\/rc-cars\/hyper-go-mjx-14210-v2-0-1-14-rc-car-55km-h-high-speed-brushless-2-4g-remote-control-4wd-off-road-racing-rc-truck-electric-toy\/","title":{"rendered":"Hyper Go MJX 14210 V2.0 1\/14 Fjernstyret Bil 55 km\/t H\u00f8jhastighed B\u00f8rstel\u00f8s 2.4G Fjernstyret 4WD Offroad Racing Fjernstyret Lastbil Elektrisk Leget\u00f8j"},"content":{"rendered":"<div class=\"product-specs-list-container\">\n<ul class=\"product-specs-list util-clearfix\">\n<li class=\"product-prop line-limit-length\"><span\n                                        class=\"property-title\">Meget bekymret kemikalie:&nbsp;<\/span><span\n                                        class=\"property-desc line-limit-length\">Ingen<\/span>\n                            <\/li>\n<li class=\"product-prop line-limit-length\"><span\n                                        class=\"property-title\">CE:&nbsp;<\/span><span\n                                        class=\"property-desc line-limit-length\">Certifikat<\/span>\n                            <\/li>\n<li class=\"product-prop line-limit-length\"><span\n                                        class=\"property-title\">Er elektrisk:&nbsp;<\/span><span\n                                        class=\"property-desc line-limit-length\">litiumbatteri<\/span>\n                            <\/li>\n<li class=\"product-prop line-limit-length\"><span\n                                        class=\"property-title\">Stregkode:&nbsp;<\/span><span\n                                        class=\"property-desc line-limit-length\">Ingen<\/span>\n                            <\/li>\n<li class=\"product-prop line-limit-length\"><span\n                                        class=\"property-title\">Gasspj\u00e6lds servo:&nbsp;<\/span><span\n                                        class=\"property-desc line-limit-length\">2852 b\u00f8rstel\u00f8s motor<\/span>\n                            <\/li>\n<li class=\"product-prop line-limit-length\"><span\n                                        class=\"property-title\">Styreservo:&nbsp;<\/span><span\n                                        class=\"property-desc line-limit-length\">19g digital servo (2,2 kg cm)<\/span>\n                            <\/li>\n<li class=\"product-prop line-limit-length\"><span\n                                        class=\"property-title\">Magt:&nbsp;<\/span><span\n                                        class=\"property-desc line-limit-length\">55 km\/t<\/span>\n                            <\/li>\n<li class=\"product-prop line-limit-length\"><span\n                                        class=\"property-title\">Forsamlingens tilstand:&nbsp;<\/span><span\n                                        class=\"property-desc line-limit-length\">Klar til brug<\/span>\n                            <\/li>\n<li class=\"product-prop line-limit-length\"><span\n                                        class=\"property-title\">Flyvetid:&nbsp;<\/span><span\n                                        class=\"property-desc line-limit-length\">\u2265 13 minutter (fuld hastighed)<\/span>\n                            <\/li>\n<li class=\"product-prop line-limit-length\"><span\n                                        class=\"property-title\">D\u00e6kspor:&nbsp;<\/span><span\n                                        class=\"property-desc line-limit-length\">188 mm<\/span>\n                            <\/li>\n<li class=\"product-prop line-limit-length\"><span\n                                        class=\"property-title\">Akselafstand:&nbsp;<\/span><span\n                                        class=\"property-desc line-limit-length\">198 mm<\/span>\n                            <\/li>\n<li class=\"product-prop line-limit-length\"><span\n                                        class=\"property-title\">Fjern afstand:&nbsp;<\/span><span\n                                        class=\"property-desc line-limit-length\">\u2265120m<\/span>\n                            <\/li>\n<li class=\"product-prop line-limit-length\"><span\n                                        class=\"property-title\">Skala:&nbsp;<\/span><span\n                                        class=\"property-desc line-limit-length\">1:14<\/span>\n                            <\/li>\n<li class=\"product-prop line-limit-length\"><span\n                                        class=\"property-title\">Dimensioner:&nbsp;<\/span><span\n                                        class=\"property-desc line-limit-length\">320*230*124 mm<\/span>\n                            <\/li>\n<li class=\"product-prop line-limit-length\"><span\n                                        class=\"property-title\">Drejningsmoment:&nbsp;<\/span><span\n                                        class=\"property-desc line-limit-length\">som vist<\/span>\n                            <\/li>\n<li class=\"product-prop line-limit-length\"><span\n                                        class=\"property-title\">Modelnummer:&nbsp;<\/span><span\n                                        class=\"property-desc line-limit-length\">MJX Hyper Go 14210 14209<\/span>\n                            <\/li>\n<li class=\"product-prop line-limit-length\"><span\n                                        class=\"property-title\">Kontrolkanaler:&nbsp;<\/span><span\n                                        class=\"property-desc line-limit-length\">4 kanaler<\/span>\n                            <\/li>\n<li class=\"product-prop line-limit-length\"><span\n                                        class=\"property-title\">Controllertilstand:&nbsp;<\/span><span\n                                        class=\"property-desc line-limit-length\">MODE2<\/span>\n                            <\/li>\n<li class=\"product-prop line-limit-length\"><span\n                                        class=\"property-title\">Fjernbetjening:&nbsp;<\/span><span\n                                        class=\"property-desc line-limit-length\">Ja<\/span>\n                            <\/li>\n<li class=\"product-prop line-limit-length\"><span\n                                        class=\"property-title\">Materiale:&nbsp;<\/span><span\n                                        class=\"property-desc line-limit-length\">Metal, plastik, gummi<\/span>\n                            <\/li>\n<li class=\"product-prop line-limit-length\"><span\n                                        class=\"property-title\">M\u00e6rkenavn:&nbsp;<\/span><span\n                                        class=\"property-desc line-limit-length\">WDSZKMYF<\/span>\n                            <\/li>\n<li class=\"product-prop line-limit-length\"><span\n                                        class=\"property-title\">Anbefalet alder:&nbsp;<\/span><span\n                                        class=\"property-desc line-limit-length\">14+ \u00e5r<\/span>\n                            <\/li>\n<li class=\"product-prop line-limit-length\"><span\n                                        class=\"property-title\">Oprindelse:&nbsp;<\/span><span\n                                        class=\"property-desc line-limit-length\">Kinas fastland<\/span>\n                            <\/li>\n<li class=\"product-prop line-limit-length\"><span\n                                        class=\"property-title\">Design:&nbsp;<\/span><span\n                                        class=\"property-desc line-limit-length\">Dirt Bike<\/span>\n                            <\/li>\n<li class=\"product-prop line-limit-length\"><span\n                                        class=\"property-title\">Type:&nbsp;<\/span><span\n                                        class=\"property-desc line-limit-length\">Bil<\/span>\n                            <\/li>\n<li class=\"product-prop line-limit-length\"><span\n                                        class=\"property-title\">Funktioner:&nbsp;<\/span><span\n                                        class=\"property-desc line-limit-length\">FJERNBETJENING<\/span>\n                            <\/li>\n<\/ul><\/div>\n<p><span style=\"color:rgb(244, 78, 59);font-size:22px\"><strong>Hyper Go MJX 14210 V2.0 1\/14 Fjernstyret Bil 55 km\/t H\u00f8jhastighed B\u00f8rstel\u00f8s 2.4G Fjernstyret 4WD Offroad Racing Fjernstyret Lastbil Elektrisk Leget\u00f8j<\/strong><\/span><\/p>\n<p><\/p>\n<p><strong><span style=\"color:rgb(0, 0, 0);font-size:16px\">Produktbeskrivelse<\/span><\/strong><\/p>\n<p><\/p>\n<p><span style=\"color:rgb(0, 0, 0);font-size:16px\"> <\/span><span style=\"color:rgba(244,78,59,255);font-size:16px\">Funktioner:<\/span><\/p>\n<p><\/p>\n<p><span style=\"color:rgba(244,78,59,255);font-size:16px\">1. Hydraulisk st\u00f8dd\u00e6mper i metal;<\/span><\/p>\n<p><\/p>\n<p><span style=\"color:rgba(244,78,59,255);font-size:16px\">2. Standard 2S batteri 55 km\/t, underst\u00f8tter 3S batteri, maks. hastighed op til 80 km\/t<\/span><\/p>\n<p><\/p>\n<p><span style=\"color:rgba(244,78,59,255);font-size:16px\">3. 45A uafh\u00e6ngig b\u00f8rstel\u00f8s ESC + 2852 4400KV firepolet b\u00f8rstel\u00f8s motor;<\/span><\/p>\n<p><\/p>\n<p><span style=\"color:rgba(244,78,59,255);font-size:16px\">4. Antikollisionshoved i metal;<\/span><\/p>\n<p><\/p>\n<p><span style=\"color:rgba(244,78,59,255);font-size:16px\">5. Transmissionssystem i metal (differentiale i metalgear);<\/span><\/p>\n<p><\/p>\n<p><span style=\"color:rgba(244,78,59,255);font-size:16px\">6. Standard uafh\u00e6ngig modtager, nem at modificere.<\/span><\/p>\n<p><\/p>\n<p><span style=\"color:rgb(0, 0, 0);font-size:16px\">Grundl\u00e6ggende parametre:<\/span><\/p>\n<p><\/p>\n<p><span style=\"color:rgb(0, 0, 0);font-size:16px\">Produktmodel nr.: 14210<\/span><\/p>\n<p><\/p>\n<p><span style=\"color:rgb(0, 0, 0);font-size:16px\">Skala: 1\/14<\/span><\/p>\n<p><\/p>\n<p><span style=\"color:rgb(0, 0, 0);font-size:16px\">Maksimal hastighed: 80 km\/t<\/span><\/p>\n<p><\/p>\n<p><span style=\"color:rgb(0, 0, 0);font-size:16px\">Fjernbetjeningsafstand: 120m<\/span><\/p>\n<p><\/p>\n<p><span style=\"color:rgb(0, 0, 0);font-size:16px\">Maksimal brugstid: 15 min<\/span><\/p>\n<p><\/p>\n<p><span style=\"color:rgb(0, 0, 0);font-size:16px\">Opladningstid: 4 timer (ved brug af 5V 2A oplader)<\/span><\/p>\n<p><\/p>\n<p><span style=\"color:rgb(0, 0, 0);font-size:16px\">Opladningsmetode: USB-opladningskabel<\/span><\/p>\n<p><\/p>\n<p><span style=\"color:rgb(0, 0, 0);font-size:16px\">Dimensioner og specifikationer:<\/span><\/p>\n<p><\/p>\n<p><\/p>\n<p><strong><span style=\"color:rgb(0, 0, 0);font-size:16px\">14210:<\/span><\/strong><\/p>\n<p><\/p>\n<p><span style=\"color:rgb(0, 0, 0);font-size:16px\">Produktst\u00f8rrelse (mm) 320*230*124 mm<\/span><\/p>\n<p><\/p>\n<p><span style=\"color:rgb(0, 0, 0);font-size:16px\">Akselafstand (mm) 188 mm<\/span><\/p>\n<p><\/p>\n<p><span style=\"color:rgb(0, 0, 0);font-size:16px\">Akselafstand (mm) 198 mm<\/span><\/p>\n<p><\/p>\n<p><span style=\"color:rgb(0, 0, 0);font-size:16px\">D\u00e6kdiameter (mm) 90 mm<\/span><\/p>\n<p><\/p>\n<p><span style=\"color:rgb(0, 0, 0);font-size:16px\">K\u00f8ret\u00f8jets v\u00e6gt 1410 g<\/span><\/p>\n<p><\/p>\n<p><strong><span style=\"color:rgb(0, 0, 0);font-size:16px\">Konfigur\u00e9r:<\/span><\/strong><\/p>\n<p><\/p>\n<p><span style=\"color:rgb(0, 0, 0);font-size:16px\">Motorspecifikationer: B\u00f8rstel\u00f8s motor 2852 4400KV 4 poler<\/span><\/p>\n<p><\/p>\n<p><span style=\"color:rgb(0, 0, 0);font-size:16px\">Motork\u00f8ling i aluminium k\u00f8leplade + ventilator<\/span><\/p>\n<p><\/p>\n<p><span style=\"color:rgb(0, 0, 0);font-size:16px\">ESC 45A b\u00f8rstel\u00f8s ESC (metalk\u00f8leplade)<\/span><\/p>\n<p><\/p>\n<p><span style=\"color:rgb(0, 0, 0);font-size:16px\">Servospecifikation 19g digital servo<\/span><\/p>\n<p><\/p>\n<p><span style=\"color:rgb(0, 0, 0);font-size:16px\">Fjernbetjening 2,4 GHz<\/span><\/p>\n<p><\/p>\n<p><span style=\"color:rgb(0, 0, 0);font-size:16px\">Fjernbetjeningsbatteri 1,5 AA*2<\/span><\/p>\n<p><\/p>\n<p><span style=\"color:rgb(0, 0, 0);font-size:16px\">Specifikationer for bilbatteri 7,4V 3000mAh 2S 25C<\/span><\/p>\n<p><\/p>\n<p><strong><span style=\"color:rgb(0, 0, 0);font-size:16px\">pakkeliste:<\/span><\/strong><\/p>\n<p><\/p>\n<p><span style=\"color:rgb(0, 0, 0);font-size:16px\">Bil*1<\/span><\/p>\n<p><\/p>\n<p><span style=\"color:rgb(0, 0, 0);font-size:16px\">Fjernbetjening*1<\/span><\/p>\n<p><\/p>\n<p><span style=\"color:rgb(0, 0, 0);font-size:16px\">batteri*1;<\/span><\/p>\n<p><\/p>\n<p><span style=\"color:rgb(0, 0, 0);font-size:16px\">bagvinge*1;<\/span><\/p>\n<p><\/p>\n<p><span style=\"color:rgb(0, 0, 0);font-size:16px\">Manuel*1;<\/span><\/p>\n<p><\/p>\n<p><span style=\"color:rgb(0, 0, 0);font-size:16px\">USB-opladerkabel * 1;<\/span><\/p>\n<p><\/p>\n<p><span style=\"color:rgb(0, 0, 0);font-size:16px\">Unbrakon\u00f8gle * 1;<\/span><\/p>\n<p><\/p>\n<p><span style=\"color:rgb(0, 0, 0);font-size:16px\">Tilbeh\u00f8r til head-up-hjul*1;<\/span><\/p>\n<p><\/p>\n<p><span style=\"color:rgb(0, 0, 0);font-size:16px\">Skruetr\u00e6kker * 1<\/span><\/p>\n<p><\/p>\n<p><span style=\"color:rgb(0, 0, 0);font-size:16px\">D\u00e6k * 2 (inkl. karosserid\u00e6k)<\/span><\/p>\n<p><\/p>\n<p style=\"font-family:&quot;TT Norms Pro&quot;, &quot;Open Sans&quot;, Roboto, Arial, Helvetica, sans-serif, SimSun;font-size:14px;font-weight:400;letter-spacing:normal;line-height:inherit;text-align:start;white-space:normal;color:rgb(34, 34, 34);margin:0px;margin-bottom:0px;margin-top:0px;margin-left:0px;margin-right:0px;padding:0px;padding-bottom:0px;padding-top:0px;padding-left:0px;padding-right:0px;box-sizing:border-box\" align=\"start\"><img decoding=\"async\" style=\"border:0px;margin:0px;margin-bottom:0px;margin-top:0px;margin-left:0px;margin-right:0px;padding:0px;padding-bottom:0px;padding-top:0px;padding-left:0px;padding-right:0px;max-width:100%;box-sizing:border-box\" src=\"https:\/\/ae01.alicdn.com\/kf\/Ad3bddfd9b72b4845a536d4672df29bb3t.jpg\" slate-data-type=\"image\"\/><img decoding=\"async\" style=\"border:0px;margin:0px;margin-bottom:0px;margin-top:0px;margin-left:0px;margin-right:0px;padding:0px;padding-bottom:0px;padding-top:0px;padding-left:0px;padding-right:0px;max-width:100%;box-sizing:border-box\" src=\"https:\/\/ae01.alicdn.com\/kf\/Ae34950f5cb2543d199148235983484b4B.jpg\" slate-data-type=\"image\"\/><img decoding=\"async\" style=\"border:0px;margin:0px;margin-bottom:0px;margin-top:0px;margin-left:0px;margin-right:0px;padding:0px;padding-bottom:0px;padding-top:0px;padding-left:0px;padding-right:0px;max-width:100%;box-sizing:border-box\" src=\"https:\/\/ae01.alicdn.com\/kf\/A1741f0c3661542139a1b13ff7d43eff9x.jpg\" slate-data-type=\"image\"\/><img decoding=\"async\" style=\"border:0px;margin:0px;margin-bottom:0px;margin-top:0px;margin-left:0px;margin-right:0px;padding:0px;padding-bottom:0px;padding-top:0px;padding-left:0px;padding-right:0px;max-width:100%;box-sizing:border-box\" src=\"https:\/\/ae01.alicdn.com\/kf\/A174a908ee32d40a4aac656a63a2f6d8bC.jpg\" slate-data-type=\"image\"\/><img decoding=\"async\" style=\"border:0px;margin:0px;margin-bottom:0px;margin-top:0px;margin-left:0px;margin-right:0px;padding:0px;padding-bottom:0px;padding-top:0px;padding-left:0px;padding-right:0px;max-width:100%;box-sizing:border-box\" src=\"https:\/\/ae01.alicdn.com\/kf\/A9a18b8ff6a764a98bf107dbb3728b009i.jpg\" slate-data-type=\"image\"\/><img decoding=\"async\" style=\"border:0px;margin:0px;margin-bottom:0px;margin-top:0px;margin-left:0px;margin-right:0px;padding:0px;padding-bottom:0px;padding-top:0px;padding-left:0px;padding-right:0px;max-width:100%;box-sizing:border-box\" src=\"https:\/\/ae01.alicdn.com\/kf\/A4c8eba9294014111994c12bfba7aded3B.jpg\" slate-data-type=\"image\"\/><img decoding=\"async\" style=\"border:0px;margin:0px;margin-bottom:0px;margin-top:0px;margin-left:0px;margin-right:0px;padding:0px;padding-bottom:0px;padding-top:0px;padding-left:0px;padding-right:0px;max-width:100%;box-sizing:border-box\" src=\"https:\/\/ae01.alicdn.com\/kf\/A1bcaece87e1f48d5bbc9030b317674b4A.jpg\" slate-data-type=\"image\"\/><img decoding=\"async\" style=\"border:0px;margin:0px;margin-bottom:0px;margin-top:0px;margin-left:0px;margin-right:0px;padding:0px;padding-bottom:0px;padding-top:0px;padding-left:0px;padding-right:0px;max-width:100%;box-sizing:border-box\" src=\"https:\/\/ae01.alicdn.com\/kf\/A26ae147906f549c0b337a98524bbc7f8V.jpg\" slate-data-type=\"image\"\/><img decoding=\"async\" style=\"border:0px;margin:0px;margin-bottom:0px;margin-top:0px;margin-left:0px;margin-right:0px;padding:0px;padding-bottom:0px;padding-top:0px;padding-left:0px;padding-right:0px;max-width:100%;box-sizing:border-box\" src=\"https:\/\/ae01.alicdn.com\/kf\/A1fda068dace84fa79091c945c904724fk.jpg\" slate-data-type=\"image\"\/><img decoding=\"async\" style=\"border:0px;margin:0px;margin-bottom:0px;margin-top:0px;margin-left:0px;margin-right:0px;padding:0px;padding-bottom:0px;padding-top:0px;padding-left:0px;padding-right:0px;max-width:100%;box-sizing:border-box\" src=\"https:\/\/ae01.alicdn.com\/kf\/A0ae556d91ffb4c348be427abdd2b547bc.jpg\" slate-data-type=\"image\"\/><img decoding=\"async\" style=\"border:0px;margin:0px;margin-bottom:0px;margin-top:0px;margin-left:0px;margin-right:0px;padding:0px;padding-bottom:0px;padding-top:0px;padding-left:0px;padding-right:0px;max-width:100%;box-sizing:border-box\" src=\"https:\/\/ae01.alicdn.com\/kf\/Aa3e13f7814cd49009da1e0ea8336b841e.jpg\" slate-data-type=\"image\"\/><img decoding=\"async\" style=\"border:0px;margin:0px;margin-bottom:0px;margin-top:0px;margin-left:0px;margin-right:0px;padding:0px;padding-bottom:0px;padding-top:0px;padding-left:0px;padding-right:0px;max-width:100%;box-sizing:border-box\" src=\"https:\/\/ae01.alicdn.com\/kf\/A14f69ad1bd1b438bb4daa4b42597dfc7J.jpg\" slate-data-type=\"image\"\/><img decoding=\"async\" style=\"border:0px;margin:0px;margin-bottom:0px;margin-top:0px;margin-left:0px;margin-right:0px;padding:0px;padding-bottom:0px;padding-top:0px;padding-left:0px;padding-right:0px;max-width:100%;box-sizing:border-box\" src=\"https:\/\/ae01.alicdn.com\/kf\/Aa1f26019fa6746a788e33feb6adbe4a5B.jpg\" slate-data-type=\"image\"\/><img decoding=\"async\" style=\"border:0px;margin:0px;margin-bottom:0px;margin-top:0px;margin-left:0px;margin-right:0px;padding:0px;padding-bottom:0px;padding-top:0px;padding-left:0px;padding-right:0px;max-width:100%;box-sizing:border-box\" src=\"https:\/\/ae01.alicdn.com\/kf\/A774081aed8b942e7acaf49610db62bdcp.jpg\" slate-data-type=\"image\"\/><img decoding=\"async\" style=\"border:0px;margin:0px;margin-bottom:0px;margin-top:0px;margin-left:0px;margin-right:0px;padding:0px;padding-bottom:0px;padding-top:0px;padding-left:0px;padding-right:0px;max-width:100%;box-sizing:border-box\" src=\"https:\/\/ae01.alicdn.com\/kf\/A5049f32fb51c4b6893c15cd2091d39c6m.jpg\" slate-data-type=\"image\"\/><img decoding=\"async\" style=\"border:0px;margin:0px;margin-bottom:0px;margin-top:0px;margin-left:0px;margin-right:0px;padding:0px;padding-bottom:0px;padding-top:0px;padding-left:0px;padding-right:0px;max-width:100%;box-sizing:border-box\" src=\"https:\/\/ae01.alicdn.com\/kf\/A32563d52304747c8b5e86699d4af4df8G.jpg\" slate-data-type=\"image\"\/><img decoding=\"async\" style=\"border:0px;margin:0px;margin-bottom:0px;margin-top:0px;margin-left:0px;margin-right:0px;padding:0px;padding-bottom:0px;padding-top:0px;padding-left:0px;padding-right:0px;max-width:100%;box-sizing:border-box\" src=\"https:\/\/ae01.alicdn.com\/kf\/A6f008b1d035a433e99610ffe78870e9bC.jpg\" slate-data-type=\"image\"\/><img decoding=\"async\" style=\"border:0px;margin:0px;margin-bottom:0px;margin-top:0px;margin-left:0px;margin-right:0px;padding:0px;padding-bottom:0px;padding-top:0px;padding-left:0px;padding-right:0px;max-width:100%;box-sizing:border-box\" src=\"https:\/\/ae01.alicdn.com\/kf\/Af2d68fd06cd742e3851b9862f5f2d9e4v.jpg\" slate-data-type=\"image\"\/><img decoding=\"async\" style=\"border:0px;margin:0px;margin-bottom:0px;margin-top:0px;margin-left:0px;margin-right:0px;padding:0px;padding-bottom:0px;padding-top:0px;padding-left:0px;padding-right:0px;max-width:100%;box-sizing:border-box\" src=\"https:\/\/ae01.alicdn.com\/kf\/Abd482e2d7b8b4ebabab44c5b1c1c8530Y.jpg\" slate-data-type=\"image\"\/><img decoding=\"async\" style=\"border:0px;margin:0px;margin-bottom:0px;margin-top:0px;margin-left:0px;margin-right:0px;padding:0px;padding-bottom:0px;padding-top:0px;padding-left:0px;padding-right:0px;max-width:100%;box-sizing:border-box\" src=\"https:\/\/ae01.alicdn.com\/kf\/Aa2e0cb20a73a442fadc49fc9fe285b4dS.jpg\" slate-data-type=\"image\"\/><img decoding=\"async\" style=\"border:0px;margin:0px;margin-bottom:0px;margin-top:0px;margin-left:0px;margin-right:0px;padding:0px;padding-bottom:0px;padding-top:0px;padding-left:0px;padding-right:0px;max-width:100%;box-sizing:border-box\" src=\"https:\/\/ae01.alicdn.com\/kf\/A8740e031b4314d6785c4851ce1970bebW.jpg\" slate-data-type=\"image\"\/><img decoding=\"async\" style=\"border:0px;margin:0px;margin-bottom:0px;margin-top:0px;margin-left:0px;margin-right:0px;padding:0px;padding-bottom:0px;padding-top:0px;padding-left:0px;padding-right:0px;max-width:100%;box-sizing:border-box\" src=\"https:\/\/ae01.alicdn.com\/kf\/Aaddc1c4e75c9467b877f39cd68ee5696u.jpg\" slate-data-type=\"image\"\/><img decoding=\"async\" style=\"border:0px;margin:0px;margin-bottom:0px;margin-top:0px;margin-left:0px;margin-right:0px;padding:0px;padding-bottom:0px;padding-top:0px;padding-left:0px;padding-right:0px;max-width:100%;box-sizing:border-box\" src=\"https:\/\/ae01.alicdn.com\/kf\/A317b6c9d3b83421e9482cd1ab110604ck.jpg\" slate-data-type=\"image\"\/><img decoding=\"async\" style=\"border:0px;margin:0px;margin-bottom:0px;margin-top:0px;margin-left:0px;margin-right:0px;padding:0px;padding-bottom:0px;padding-top:0px;padding-left:0px;padding-right:0px;max-width:100%;box-sizing:border-box\" src=\"https:\/\/ae01.alicdn.com\/kf\/Acda42ec6a24a4bb9ba6997b3d8d9926fn.jpg\" slate-data-type=\"image\"\/><img decoding=\"async\" style=\"border:0px;margin:0px;margin-bottom:0px;margin-top:0px;margin-left:0px;margin-right:0px;padding:0px;padding-bottom:0px;padding-top:0px;padding-left:0px;padding-right:0px;max-width:100%;box-sizing:border-box\" src=\"https:\/\/ae01.alicdn.com\/kf\/A684404bc598e44d5992d7e7fec2bd671V.jpg\" slate-data-type=\"image\"\/><img decoding=\"async\" style=\"border:0px;margin:0px;margin-bottom:0px;margin-top:0px;margin-left:0px;margin-right:0px;padding:0px;padding-bottom:0px;padding-top:0px;padding-left:0px;padding-right:0px;max-width:100%;box-sizing:border-box\" src=\"https:\/\/ae01.alicdn.com\/kf\/A1994c28b1cc6443f86d58d102e26ca20w.jpg\" slate-data-type=\"image\"\/><img decoding=\"async\" style=\"border:0px;margin:0px;margin-bottom:0px;margin-top:0px;margin-left:0px;margin-right:0px;padding:0px;padding-bottom:0px;padding-top:0px;padding-left:0px;padding-right:0px;max-width:100%;box-sizing:border-box\" src=\"https:\/\/ae01.alicdn.com\/kf\/A49629716aaa042fb9c8c13678e1ee374C.jpg\" slate-data-type=\"image\"\/><img decoding=\"async\" style=\"border:0px;margin:0px;margin-bottom:0px;margin-top:0px;margin-left:0px;margin-right:0px;padding:0px;padding-bottom:0px;padding-top:0px;padding-left:0px;padding-right:0px;max-width:100%;box-sizing:border-box\" src=\"https:\/\/ae01.alicdn.com\/kf\/A4523b77d6f6a420d89d497ff253d96b3Z.jpg\" slate-data-type=\"image\"\/><img decoding=\"async\" style=\"border:0px;margin:0px;margin-bottom:0px;margin-top:0px;margin-left:0px;margin-right:0px;padding:0px;padding-bottom:0px;padding-top:0px;padding-left:0px;padding-right:0px;max-width:100%;box-sizing:border-box\" src=\"https:\/\/ae01.alicdn.com\/kf\/A54b8228b68d148eb815d22aa4994b8b4s.jpg\" slate-data-type=\"image\"\/><\/p>","protected":false},"excerpt":{"rendered":"<p>Hign-concerned Chemical:&nbsp;None CE:&nbsp;Certificate Is Electric:&nbsp;lithium battery Barcode:&nbsp;No Throttle servo:&nbsp;2852 brushless motor Steering servo:&nbsp;19g digital servo (2.2kg. cm) Power:&nbsp;55km\/h State of Assembly:&nbsp;Ready-to-Go Flight Time:&nbsp;\u2265 13 minutes (full speed) Tire Track:&nbsp;188mm Wheelbase:&nbsp;198mm<\/p>","protected":false},"featured_media":25727,"comment_status":"open","ping_status":"closed","template":"","meta":{"_acf_changed":false},"product_brand":[],"product_cat":[519],"product_tag":[],"class_list":{"0":"post-25726","1":"product","2":"type-product","3":"status-publish","4":"has-post-thumbnail","6":"product_cat-rc-cars","8":"first","9":"instock","10":"shipping-taxable","11":"purchasable","12":"product-type-simple"},"acf":[],"_links":{"self":[{"href":"https:\/\/www.electricstore.eu\/da\/wp-json\/wp\/v2\/product\/25726","targetHints":{"allow":["GET"]}}],"collection":[{"href":"https:\/\/www.electricstore.eu\/da\/wp-json\/wp\/v2\/product"}],"about":[{"href":"https:\/\/www.electricstore.eu\/da\/wp-json\/wp\/v2\/types\/product"}],"replies":[{"embeddable":true,"href":"https:\/\/www.electricstore.eu\/da\/wp-json\/wp\/v2\/comments?post=25726"}],"wp:featuredmedia":[{"embeddable":true,"href":"https:\/\/www.electricstore.eu\/da\/wp-json\/wp\/v2\/media\/25727"}],"wp:attachment":[{"href":"https:\/\/www.electricstore.eu\/da\/wp-json\/wp\/v2\/media?parent=25726"}],"wp:term":[{"taxonomy":"product_brand","embeddable":true,"href":"https:\/\/www.electricstore.eu\/da\/wp-json\/wp\/v2\/product_brand?post=25726"},{"taxonomy":"product_cat","embeddable":true,"href":"https:\/\/www.electricstore.eu\/da\/wp-json\/wp\/v2\/product_cat?post=25726"},{"taxonomy":"product_tag","embeddable":true,"href":"https:\/\/www.electricstore.eu\/da\/wp-json\/wp\/v2\/product_tag?post=25726"}],"curies":[{"name":"wp","href":"https:\/\/api.w.org\/{rel}","templated":true}]}}