{"id":25714,"date":"2025-05-20T19:00:43","date_gmt":"2025-05-20T19:00:43","guid":{"rendered":"https:\/\/electricstore.eu\/p\/uncategorized\/hyper-go-mjx-genuine-license-16208-16210-1-16-4wd-rc-car-55km-h-brushless-rc-racing-car-remote-control-cars-off-road-truck-toys\/"},"modified":"2025-05-20T19:06:11","modified_gmt":"2025-05-20T19:06:11","slug":"hyper-go-mjx-genuine-license-16208-16210-1-16-4wd-rc-car-55km-h-brushless-rc-racing-car-remote-control-cars-off-road-truck-toys","status":"publish","type":"product","link":"https:\/\/electricstore.eu\/da\/p\/rc\/rc-cars\/hyper-go-mjx-genuine-license-16208-16210-1-16-4wd-rc-car-55km-h-brushless-rc-racing-car-remote-control-cars-off-road-truck-toys\/","title":{"rendered":"Hyper Go MJX \u00c6gte Licens 16208 16210 1\/16 4WD Fjernstyret Bil 55 KM\/T B\u00f8rstel\u00f8s Fjernstyret Racerbil Fjernstyrede Biler Offroad Lastbil Leget\u00f8j"},"content":{"rendered":"<div class=\"product-specs-list-container\">\n<ul class=\"product-specs-list util-clearfix\">\n<li class=\"product-prop line-limit-length\"><span\n                                        class=\"property-title\">Meget bekymret kemikalie:&nbsp;<\/span><span\n                                        class=\"property-desc line-limit-length\">Ingen<\/span>\n                            <\/li>\n<li class=\"product-prop line-limit-length\"><span\n                                        class=\"property-title\">CE:&nbsp;<\/span><span\n                                        class=\"property-desc line-limit-length\">Certifikat<\/span>\n                            <\/li>\n<li class=\"product-prop line-limit-length\"><span\n                                        class=\"property-title\">Er elektrisk:&nbsp;<\/span><span\n                                        class=\"property-desc line-limit-length\">litiumbatteri<\/span>\n                            <\/li>\n<li class=\"product-prop line-limit-length\"><span\n                                        class=\"property-title\">Stregkode:&nbsp;<\/span><span\n                                        class=\"property-desc line-limit-length\">Ingen<\/span>\n                            <\/li>\n<li class=\"product-prop line-limit-length\"><span\n                                        class=\"property-title\">Gasspj\u00e6lds servo:&nbsp;<\/span><span\n                                        class=\"property-desc line-limit-length\">17g digital servo<\/span>\n                            <\/li>\n<li class=\"product-prop line-limit-length\"><span\n                                        class=\"property-title\">Styreservo:&nbsp;<\/span><span\n                                        class=\"property-desc line-limit-length\">17g digital servo<\/span>\n                            <\/li>\n<li class=\"product-prop line-limit-length\"><span\n                                        class=\"property-title\">Forsamlingens tilstand:&nbsp;<\/span><span\n                                        class=\"property-desc line-limit-length\">Klar til brug<\/span>\n                            <\/li>\n<li class=\"product-prop line-limit-length\"><span\n                                        class=\"property-title\">Flyvetid:&nbsp;<\/span><span\n                                        class=\"property-desc line-limit-length\">12,5 minutter<\/span>\n                            <\/li>\n<li class=\"product-prop line-limit-length\"><span\n                                        class=\"property-title\">D\u00e6kspor:&nbsp;<\/span><span\n                                        class=\"property-desc line-limit-length\">182 mm<\/span>\n                            <\/li>\n<li class=\"product-prop line-limit-length\"><span\n                                        class=\"property-title\">Akselafstand:&nbsp;<\/span><span\n                                        class=\"property-desc line-limit-length\">175 mm<\/span>\n                            <\/li>\n<li class=\"product-prop line-limit-length\"><span\n                                        class=\"property-title\">Fjern afstand:&nbsp;<\/span><span\n                                        class=\"property-desc line-limit-length\">60-80m<\/span>\n                            <\/li>\n<li class=\"product-prop line-limit-length\"><span\n                                        class=\"property-title\">Garanti:&nbsp;<\/span><span\n                                        class=\"property-desc line-limit-length\">Ingen<\/span>\n                            <\/li>\n<li class=\"product-prop line-limit-length\"><span\n                                        class=\"property-title\">Skala:&nbsp;<\/span><span\n                                        class=\"property-desc line-limit-length\">1:16<\/span>\n                            <\/li>\n<li class=\"product-prop line-limit-length\"><span\n                                        class=\"property-title\">Dimensioner:&nbsp;<\/span><span\n                                        class=\"property-desc line-limit-length\">25,2*20,5*10 cm<\/span>\n                            <\/li>\n<li class=\"product-prop line-limit-length\"><span\n                                        class=\"property-title\">Drejningsmoment:&nbsp;<\/span><span\n                                        class=\"property-desc line-limit-length\">Som vist<\/span>\n                            <\/li>\n<li class=\"product-prop line-limit-length\"><span\n                                        class=\"property-title\">Modelnummer:&nbsp;<\/span><span\n                                        class=\"property-desc line-limit-length\">MJX Hyper Go 16207 16208 16210 16210<\/span>\n                            <\/li>\n<li class=\"product-prop line-limit-length\"><span\n                                        class=\"property-title\">Pakken indeholder:&nbsp;<\/span><span\n                                        class=\"property-desc line-limit-length\">Original \u00e6ske, batterier, betjeningsvejledning, oplader, fjernbetjening, USB-kabel<\/span>\n                            <\/li>\n<li class=\"product-prop line-limit-length\"><span\n                                        class=\"property-title\">Kontrolkanaler:&nbsp;<\/span><span\n                                        class=\"property-desc line-limit-length\">4 kanaler<\/span>\n                            <\/li>\n<li class=\"product-prop line-limit-length\"><span\n                                        class=\"property-title\">Controllertilstand:&nbsp;<\/span><span\n                                        class=\"property-desc line-limit-length\">MODE2<\/span>\n                            <\/li>\n<li class=\"product-prop line-limit-length\"><span\n                                        class=\"property-title\">Ladesp\u00e6nding:&nbsp;<\/span><span\n                                        class=\"property-desc line-limit-length\">11,1V 1050mAh<\/span>\n                            <\/li>\n<li class=\"product-prop line-limit-length\"><span\n                                        class=\"property-title\">Fjernbetjening:&nbsp;<\/span><span\n                                        class=\"property-desc line-limit-length\">Ja<\/span>\n                            <\/li>\n<li class=\"product-prop line-limit-length\"><span\n                                        class=\"property-title\">Materiale:&nbsp;<\/span><span\n                                        class=\"property-desc line-limit-length\">Metal, plastik, gummi<\/span>\n                            <\/li>\n<li class=\"product-prop line-limit-length\"><span\n                                        class=\"property-title\">M\u00e6rkenavn:&nbsp;<\/span><span\n                                        class=\"property-desc line-limit-length\">WDSZKMYF<\/span>\n                            <\/li>\n<li class=\"product-prop line-limit-length\"><span\n                                        class=\"property-title\">Anbefalet alder:&nbsp;<\/span><span\n                                        class=\"property-desc line-limit-length\">14+ \u00e5r<\/span>\n                            <\/li>\n<li class=\"product-prop line-limit-length\"><span\n                                        class=\"property-title\">Oprindelse:&nbsp;<\/span><span\n                                        class=\"property-desc line-limit-length\">Kinas fastland<\/span>\n                            <\/li>\n<li class=\"product-prop line-limit-length\"><span\n                                        class=\"property-title\">Design:&nbsp;<\/span><span\n                                        class=\"property-desc line-limit-length\">Dirt Bike<\/span>\n                            <\/li>\n<li class=\"product-prop line-limit-length\"><span\n                                        class=\"property-title\">Type:&nbsp;<\/span><span\n                                        class=\"property-desc line-limit-length\">Bil<\/span>\n                            <\/li>\n<li class=\"product-prop line-limit-length\"><span\n                                        class=\"property-title\">Funktioner:&nbsp;<\/span><span\n                                        class=\"property-desc line-limit-length\">FJERNBETJENING<\/span>\n                            <\/li>\n<\/ul><\/div>\n<p><\/p>\n<div class=\"detailmodule_html\">\n<div class=\"detail-desc-decorate-richtext\">\n<p><span style=\"color:rgb(244, 78, 59);font-size:16px\"><strong>Note:<\/strong><\/span><\/p>\n<p><span style=\"color:rgb(244, 78, 59);font-size:16px\">1. Leget\u00f8jsbilens hastighed p\u00e5 70 km\/t er tomgangshastigheden i den ideelle tilstand, og bilens faktiske hastighed p\u00e5virkes af andre faktorer, s\u00e5som stedet.<\/span><\/p>\n<p><span style=\"color:rgb(244, 78, 59);font-size:16px\">2. 16207 kan kun bruge 3S-batteri, 16208 og 16210 kan bruge 2S-batteri og 3S-batteri<\/span><\/p>\n<p><span style=\"color:rgb(244, 78, 59);font-size:16px\">3.16208,16209,16210 Efter udskiftning af 3S-batteriet n\u00e5r den maksimale hastighed 70 km\/t, og r\u00e6kkevidden er mere end 20 minutter. Dette 3S-batteri er et modificeret batteri, og opladningstiden tager cirka 4 timer.<\/span><\/p>\n<p><span style=\"color:rgb(244, 78, 59);font-size:16px\"><\/span><\/p>\n<div class=\"detailmodule_media\">\n<div class=\"video-container-5000210508095\">\n<div class=\"detail-video\" id=\"5000210508095\" data-previewurl=\"https:\/\/ae01.alicdn.com\/kf\/Sdb446eb188794ab7a48383720b5b791aP.jpg\"><\/div>\n<\/div>\n<\/div>\n<p><span style=\"color:rgb(244, 78, 59);font-size:16px\"><\/span><\/p>\n<div>\n<div><span style=\"font-size:20px\"><strong>Hyper Go MJX \u00c6gte Licens 16208 16210 1\/16 4WD Fjernstyret Bil 55 KM\/T B\u00f8rstel\u00f8s Fjernstyret Racerbil Fjernstyrede Biler Offroad Lastbil Leget\u00f8j<\/strong><\/span><\/div>\n<\/div>\n<p><strong><span style=\"color:rgb(0, 0, 0);font-size:16px\">Bem\u00e6rk venligst f\u00f8lgende ved brug af batteriet:<\/span><\/strong><\/p>\n<p><span style=\"color:rgb(0, 0, 0);font-size:16px\">1. N\u00e5r batteriet er d\u00f8dt, skal det oplades i tide for at sikre, at batteriet har overskydende str\u00f8m. Hvis batteriet er helt tomt, kan batteriet ikke oplades.<\/span><\/p>\n<p><span style=\"color:rgb(0, 0, 0);font-size:16px\">2. N\u00e5r batteriet oplades, skal du afbryde forbindelsen til fjernbetjeningsbilen. S\u00f8rg for at tage batteriet ud for at oplade det separat.<\/span><\/p>\n<p><span style=\"color:rgb(0, 0, 0);font-size:16px\">3. Hvis du ikke bruger fjernbetjeningsbilen, skal du frakoble batteriet fra fjernbetjeningsbilens ledning. Undlad absolut at tilslutte den, og oplad batteriet helt, da det ellers vil beskadige batteriet.<\/span><\/p>\n<p><strong><span style=\"color:rgb(0, 0, 0);font-size:16px\">MJX 16207 16208 16210 70 km\/t b\u00f8rstel\u00f8s fjernstyret bil 4WD elektrisk h\u00f8jhastigheds off-road fjernstyret drift monstertruck til b\u00f8rn<\/span><\/strong><\/p>\n<p><span style=\"color:rgb(0, 0, 0);font-size:16px\">Bem\u00e6rk: V\u00e6r opm\u00e6rksom p\u00e5 at identificere modellen, inden du k\u00f8ber. Modelparametrene er som f\u00f8lger:<\/span><\/p>\n<p><span style=\"color:rgb(0, 0, 0);font-size:16px\">1.<\/span><\/p>\n<p><span style=\"color:rgb(0, 0, 0);font-size:16px\">Produktnavn: 16207<\/span><\/p>\n<p><span style=\"color:rgb(0, 0, 0);font-size:16px\">St\u00f8rrelse: 25,2 * 20,5 * 10 cm<\/span><\/p>\n<p><span style=\"color:rgb(0, 0, 0);font-size:16px\">Maksimal hastighed: 70 km\/t<\/span><\/p>\n<p><span style=\"color:rgb(0, 0, 0);font-size:16px\">Batteri: 3S 11.1V 1050mAh<\/span><\/p>\n<p><span style=\"color:rgb(0, 0, 0);font-size:16px\">Drivmotor: 2845 firepolet b\u00f8rstel\u00f8s motor<\/span><\/p>\n<p><span style=\"color:rgb(0, 0, 0);font-size:16px\">V\u00e6gt: 1030 g<\/span><\/p>\n<p><span style=\"color:rgb(0, 0, 0);font-size:16px\">Arbejdstid: 12,5 minutter<\/span><\/p>\n<p><span style=\"color:rgb(0, 0, 0);font-size:16px\">2.<\/span><\/p>\n<p><span style=\"color:rgb(0, 0, 0);font-size:16px\">Produktnavn: 16708<\/span><\/p>\n<p><span style=\"color:rgb(0, 0, 0);font-size:16px\">St\u00f8rrelse: 31*22,2*13 cm<\/span><\/p>\n<p><span style=\"color:rgb(0, 0, 0);font-size:16px\">Maksimal hastighed: 55 km\/t<\/span><\/p>\n<p><span style=\"color:rgb(0, 0, 0);font-size:16px\">Batteri: 2S 7.4V 1050mAh<\/span><\/p>\n<p><span style=\"color:rgb(0, 0, 0);font-size:16px\">Drivmotor: 2845 firepolet b\u00f8rstel\u00f8s motor<\/span><\/p>\n<p><span style=\"color:rgb(0, 0, 0);font-size:16px\">V\u00e6gt: 1070 g<\/span><\/p>\n<p><span style=\"color:rgb(0, 0, 0);font-size:16px\">Arbejdstid: 10 minutter<\/span><\/p>\n<p><span style=\"color:rgb(0, 0, 0);font-size:16px\">3.<\/span><\/p>\n<p><span style=\"color:rgb(0, 0, 0);font-size:16px\">Produktnavn: 16210<\/span><\/p>\n<p><span style=\"color:rgb(0, 0, 0);font-size:16px\">St\u00f8rrelse: 31*22,2*11 cm<\/span><\/p>\n<p><span style=\"color:rgb(0, 0, 0);font-size:16px\">Maksimal hastighed: 55 km\/t<\/span><\/p>\n<p><span style=\"color:rgb(0, 0, 0);font-size:16px\">Batteri: 2S 7.4V 1050mAh<\/span><\/p>\n<p><span style=\"color:rgb(0, 0, 0);font-size:16px\">Drivmotor: 2845 firepolet b\u00f8rstel\u00f8s motor<\/span><\/p>\n<p><span style=\"color:rgb(0, 0, 0);font-size:16px\">V\u00e6gt: 1030 g<\/span><\/p>\n<p><span style=\"color:rgb(0, 0, 0);font-size:16px\">Arbejdstid: 10 minutter<\/span><\/p>\n<p><strong><span style=\"color:rgb(0, 0, 0);font-size:16px\">Funktioner<\/span><\/strong><\/p>\n<p><span style=\"color:rgb(0, 0, 0);font-size:16px\">1. Hydraulisk st\u00f8dd\u00e6mper i metal;<\/span><\/p>\n<p><span style=\"color:rgb(0, 0, 0);font-size:16px\">2. Standard 3S batteri 65 km\/t<\/span><\/p>\n<p><span style=\"color:rgb(0, 0, 0);font-size:16px\">3. 45A uafh\u00e6ngig b\u00f8rstel\u00f8s ESC + 2845 firepolet b\u00f8rstel\u00f8s motor;<\/span><\/p>\n<p><span style=\"color:rgb(0, 0, 0);font-size:16px\">4. Antikollisionshoved i metal;<\/span><\/p>\n<p><span style=\"color:rgb(0, 0, 0);font-size:16px\">5. Transmissionssystem i metal (differentiale i metalgear);<\/span><\/p>\n<p><span style=\"color:rgb(0, 0, 0);font-size:16px\">6. Standard uafh\u00e6ngig modtager, nem at modificere.<\/span><\/p>\n<p><img decoding=\"async\" src=\"https:\/\/ae01.alicdn.com\/kf\/S9873c018f78e447aa5ff885e1955d332y.jpg\" slate-data-type=\"image\"\/><img decoding=\"async\" src=\"https:\/\/ae01.alicdn.com\/kf\/S7acc5a7aa71d4704a6056ffc85c520c02.jpg\" slate-data-type=\"image\"\/><img decoding=\"async\" src=\"https:\/\/ae01.alicdn.com\/kf\/Sd9273ce101384bbca7e6b58d757da007b.jpg\" slate-data-type=\"image\"\/><img decoding=\"async\" src=\"https:\/\/ae01.alicdn.com\/kf\/Se054621738da4d049d194d1f391227b7H.jpg\" slate-data-type=\"image\"\/><img decoding=\"async\" src=\"https:\/\/ae01.alicdn.com\/kf\/S033dbd62692d46d0a50a52ca9affdef9o.jpg\" slate-data-type=\"image\"\/><img decoding=\"async\" src=\"https:\/\/ae01.alicdn.com\/kf\/Scb37f1d083e44e73bca9fda8d9670d3f7.jpg\" slate-data-type=\"image\"\/><\/p>\n<div>\n<\/div>\n<\/div>\n<\/div>\n<p><\/p>","protected":false},"excerpt":{"rendered":"<p>Hign-concerned Chemical:&nbsp;None CE:&nbsp;Certificate Is Electric:&nbsp;lithium battery Barcode:&nbsp;No Throttle servo:&nbsp;17g digital servo Steering servo:&nbsp;17g digital servo State of Assembly:&nbsp;Ready-to-Go Flight Time:&nbsp;12.5min Tire Track:&nbsp;182mm Wheelbase:&nbsp;175mm Remote Distance:&nbsp;60-80m Warranty:&nbsp;None Scale:&nbsp;1:16 Dimensions:&nbsp;25.2*20.5*10cm Torque:&nbsp;As Show<\/p>","protected":false},"featured_media":25715,"comment_status":"open","ping_status":"closed","template":"","meta":{"_acf_changed":false},"product_brand":[],"product_cat":[519],"product_tag":[],"class_list":{"0":"post-25714","1":"product","2":"type-product","3":"status-publish","4":"has-post-thumbnail","6":"product_cat-rc-cars","8":"first","9":"instock","10":"shipping-taxable","11":"purchasable","12":"product-type-variable"},"acf":[],"_links":{"self":[{"href":"https:\/\/electricstore.eu\/da\/wp-json\/wp\/v2\/product\/25714","targetHints":{"allow":["GET"]}}],"collection":[{"href":"https:\/\/electricstore.eu\/da\/wp-json\/wp\/v2\/product"}],"about":[{"href":"https:\/\/electricstore.eu\/da\/wp-json\/wp\/v2\/types\/product"}],"replies":[{"embeddable":true,"href":"https:\/\/electricstore.eu\/da\/wp-json\/wp\/v2\/comments?post=25714"}],"wp:featuredmedia":[{"embeddable":true,"href":"https:\/\/electricstore.eu\/da\/wp-json\/wp\/v2\/media\/25715"}],"wp:attachment":[{"href":"https:\/\/electricstore.eu\/da\/wp-json\/wp\/v2\/media?parent=25714"}],"wp:term":[{"taxonomy":"product_brand","embeddable":true,"href":"https:\/\/electricstore.eu\/da\/wp-json\/wp\/v2\/product_brand?post=25714"},{"taxonomy":"product_cat","embeddable":true,"href":"https:\/\/electricstore.eu\/da\/wp-json\/wp\/v2\/product_cat?post=25714"},{"taxonomy":"product_tag","embeddable":true,"href":"https:\/\/electricstore.eu\/da\/wp-json\/wp\/v2\/product_tag?post=25714"}],"curies":[{"name":"wp","href":"https:\/\/api.w.org\/{rel}","templated":true}]}}