{"id":25643,"date":"2025-05-20T19:00:23","date_gmt":"2025-05-20T19:00:23","guid":{"rendered":"https:\/\/electricstore.eu\/p\/uncategorized\/wltoys-16101-4wd-remote-control-car-with-led-off-road-4x4-rc-50km-h-high-speed-buggy-truck-super-desert-racing-toy-kids-adults\/"},"modified":"2025-05-20T19:05:28","modified_gmt":"2025-05-20T19:05:28","slug":"wltoys-16101-4wd-remote-control-car-with-led-off-road-4x4-rc-50km-h-high-speed-buggy-truck-super-desert-racing-toy-kids-adults","status":"publish","type":"product","link":"https:\/\/electricstore.eu\/da\/p\/rc\/rc-cars\/wltoys-16101-4wd-remote-control-car-with-led-off-road-4x4-rc-50km-h-high-speed-buggy-truck-super-desert-racing-toy-kids-adults\/","title":{"rendered":"WLtoys 16101 4WD fjernstyret bil med LED offroad 4\u00d74 RC 50 km\/t h\u00f8jhastigheds buggy lastbil super \u00f8rkenracer leget\u00f8j b\u00f8rn voksne"},"content":{"rendered":"<div class=\"product-specs-list-container\">\n<ul class=\"product-specs-list util-clearfix\">\n<li class=\"product-prop line-limit-length\"><span\n                                        class=\"property-title\">Meget bekymret kemikalie:&nbsp;<\/span><span\n                                        class=\"property-desc line-limit-length\">Ingen<\/span>\n                            <\/li>\n<li class=\"product-prop line-limit-length\"><span\n                                        class=\"property-title\">Certifikatnummer:&nbsp;<\/span><span\n                                        class=\"property-desc line-limit-length\">Som vist<\/span>\n                            <\/li>\n<li class=\"product-prop line-limit-length\"><span\n                                        class=\"property-title\">CE:&nbsp;<\/span><span\n                                        class=\"property-desc line-limit-length\">Certifikat<\/span>\n                            <\/li>\n<li class=\"product-prop line-limit-length\"><span\n                                        class=\"property-title\">Er elektrisk:&nbsp;<\/span><span\n                                        class=\"property-desc line-limit-length\">litiumbatteri<\/span>\n                            <\/li>\n<li class=\"product-prop line-limit-length\"><span\n                                        class=\"property-title\">Stregkode:&nbsp;<\/span><span\n                                        class=\"property-desc line-limit-length\">Ingen<\/span>\n                            <\/li>\n<li class=\"product-prop line-limit-length\"><span\n                                        class=\"property-title\">Gasspj\u00e6lds servo:&nbsp;<\/span><span\n                                        class=\"property-desc line-limit-length\">Som vist<\/span>\n                            <\/li>\n<li class=\"product-prop line-limit-length\"><span\n                                        class=\"property-title\">Styreservo:&nbsp;<\/span><span\n                                        class=\"property-desc line-limit-length\">5 linjer, 17 g<\/span>\n                            <\/li>\n<li class=\"product-prop line-limit-length\"><span\n                                        class=\"property-title\">Magt:&nbsp;<\/span><span\n                                        class=\"property-desc line-limit-length\">RC390 h\u00f8jhastighedsmotor<\/span>\n                            <\/li>\n<li class=\"product-prop line-limit-length\"><span\n                                        class=\"property-title\">Forsamlingens tilstand:&nbsp;<\/span><span\n                                        class=\"property-desc line-limit-length\">Klar til brug<\/span>\n                            <\/li>\n<li class=\"product-prop line-limit-length\"><span\n                                        class=\"property-title\">Flyvetid:&nbsp;<\/span><span\n                                        class=\"property-desc line-limit-length\">15-18 minutter (kontinuerlig k\u00f8rsel ved fuld hastighed)<\/span>\n                            <\/li>\n<li class=\"product-prop line-limit-length\"><span\n                                        class=\"property-title\">D\u00e6kspor:&nbsp;<\/span><span\n                                        class=\"property-desc line-limit-length\">172 mm<\/span>\n                            <\/li>\n<li class=\"product-prop line-limit-length\"><span\n                                        class=\"property-title\">Akselafstand:&nbsp;<\/span><span\n                                        class=\"property-desc line-limit-length\">185 mm<\/span>\n                            <\/li>\n<li class=\"product-prop line-limit-length\"><span\n                                        class=\"property-title\">Advarsel:&nbsp;<\/span><span\n                                        class=\"property-desc line-limit-length\">Ingen<\/span>\n                            <\/li>\n<li class=\"product-prop line-limit-length\"><span\n                                        class=\"property-title\">Fjern afstand:&nbsp;<\/span><span\n                                        class=\"property-desc line-limit-length\">80m<\/span>\n                            <\/li>\n<li class=\"product-prop line-limit-length\"><span\n                                        class=\"property-title\">Garanti:&nbsp;<\/span><span\n                                        class=\"property-desc line-limit-length\">Ingen<\/span>\n                            <\/li>\n<li class=\"product-prop line-limit-length\"><span\n                                        class=\"property-title\">Skala:&nbsp;<\/span><span\n                                        class=\"property-desc line-limit-length\">1:16<\/span>\n                            <\/li>\n<li class=\"product-prop line-limit-length\"><span\n                                        class=\"property-title\">Dimensioner:&nbsp;<\/span><span\n                                        class=\"property-desc line-limit-length\">32*20,5*14 cm<\/span>\n                            <\/li>\n<li class=\"product-prop line-limit-length\"><span\n                                        class=\"property-title\">Drejningsmoment:&nbsp;<\/span><span\n                                        class=\"property-desc line-limit-length\">Som vist<\/span>\n                            <\/li>\n<li class=\"product-prop line-limit-length\"><span\n                                        class=\"property-title\">Modelnummer:&nbsp;<\/span><span\n                                        class=\"property-desc line-limit-length\">S386<\/span>\n                            <\/li>\n<li class=\"product-prop line-limit-length\"><span\n                                        class=\"property-title\">Pakken indeholder:&nbsp;<\/span><span\n                                        class=\"property-desc line-limit-length\">Batterier, betjeningsvejledning, fjernbetjening, USB-kabel<\/span>\n                            <\/li>\n<li class=\"product-prop line-limit-length\"><span\n                                        class=\"property-title\">Kontrolkanaler:&nbsp;<\/span><span\n                                        class=\"property-desc line-limit-length\">4 kanaler<\/span>\n                            <\/li>\n<li class=\"product-prop line-limit-length\"><span\n                                        class=\"property-title\">Controllertilstand:&nbsp;<\/span><span\n                                        class=\"property-desc line-limit-length\">MODE2<\/span>\n                            <\/li>\n<li class=\"product-prop line-limit-length\"><span\n                                        class=\"property-title\">Ladesp\u00e6nding:&nbsp;<\/span><span\n                                        class=\"property-desc line-limit-length\">5V<\/span>\n                            <\/li>\n<li class=\"product-prop line-limit-length\"><span\n                                        class=\"property-title\">Fjernbetjening:&nbsp;<\/span><span\n                                        class=\"property-desc line-limit-length\">Ja<\/span>\n                            <\/li>\n<li class=\"product-prop line-limit-length\"><span\n                                        class=\"property-title\">Materiale:&nbsp;<\/span><span\n                                        class=\"property-desc line-limit-length\">Metal, Plast<\/span>\n                            <\/li>\n<li class=\"product-prop line-limit-length\"><span\n                                        class=\"property-title\">M\u00e6rkenavn:&nbsp;<\/span><span\n                                        class=\"property-desc line-limit-length\">WDSZKMYF<\/span>\n                            <\/li>\n<li class=\"product-prop line-limit-length\"><span\n                                        class=\"property-title\">Anbefalet alder:&nbsp;<\/span><span\n                                        class=\"property-desc line-limit-length\">14+ \u00e5r<\/span>\n                            <\/li>\n<li class=\"product-prop line-limit-length\"><span\n                                        class=\"property-title\">Oprindelse:&nbsp;<\/span><span\n                                        class=\"property-desc line-limit-length\">Kinas fastland<\/span>\n                            <\/li>\n<li class=\"product-prop line-limit-length\"><span\n                                        class=\"property-title\">Design:&nbsp;<\/span><span\n                                        class=\"property-desc line-limit-length\">Dirt Bike<\/span>\n                            <\/li>\n<li class=\"product-prop line-limit-length\"><span\n                                        class=\"property-title\">Type:&nbsp;<\/span><span\n                                        class=\"property-desc line-limit-length\">Bil<\/span>\n                            <\/li>\n<li class=\"product-prop line-limit-length\"><span\n                                        class=\"property-title\">Funktioner:&nbsp;<\/span><span\n                                        class=\"property-desc line-limit-length\">FJERNBETJENING<\/span>\n                            <\/li>\n<\/ul><\/div>\n<div class=\"detailmodule_html\">\n<div class=\"detail-desc-decorate-richtext\">\n<div><span style=\"color:rgba(244,78,59,255)\"><strong>K\u00e6re ven, du kan v\u00e6lge mellem et enkelt batteri eller et dobbelt batteri<br \/><\/strong><\/span><\/div>\n<p><strong><span style=\"color:rgb(0, 0, 0)\">Sp\u00f8rgsm\u00e5l og svar<\/span><\/strong><\/p>\n<p><span style=\"color:rgb(0, 0, 0)\">Q1: Hvorfor er d\u00e6kkene p\u00e5 den fjernstyrede bil blotlagte?<\/span><\/p>\n<p><span style=\"color:rgb(0, 0, 0)\">A: [Specielt design] T\u00e5grebet er st\u00e6rkt og glider ikke let, hvilket er med til at forbedre karosseriets stabilitet og d\u00e6kkets greb i sving.<\/span><\/p>\n<p><span style=\"color:rgb(0, 0, 0)\">Q2: Hvordan justerer man d\u00e6kkenes h\u00e6ldning p\u00e5 den fjernstyrede bil?<\/span><\/p>\n<p><span style=\"color:rgb(0, 0, 0)\">A: Den kan justeres med finjusteringsknapperne og finjusteringsknapperne til gash\u00e5ndtaget p\u00e5 fjernbetjeningen.<\/span><\/p>\n<p><span style=\"color:rgb(0, 0, 0)\">Q3: Hvad skal jeg g\u00f8re, hvis jeg ikke kan finde mit tilbeh\u00f8r?<\/span><\/p>\n<p><span style=\"color:rgb(0, 0, 0)\">A: Tjek venligst pakken omhyggeligt f\u00f8rst. Hvis du ikke kan finde den, bedes du hj\u00e6lpe os med den fulde udpakningsvideo, s\u00e5 tjekker vi problemet med vores lager og tilbyder en passende l\u00f8sning.<\/span><\/p>\n<p><span style=\"color:rgb(0, 0, 0)\">Q4: Q: Hvad skal jeg g\u00f8re, hvis jeg har problemer efter salget?<\/span><\/p>\n<p><span style=\"color:rgb(0, 0, 0)\">A: Du kan v\u00e6re sikker p\u00e5, at hvis der opst\u00e5r problemer, st\u00e5r vi altid til r\u00e5dighed for at l\u00f8se dit problem mere effektivt og tilbyde professionel hj\u00e6lp. Vi vil besvare dine sp\u00f8rgsm\u00e5l inden for 24 timer.<\/span><\/p>\n<p><span style=\"color:rgb(0, 0, 0)\">Q5: Hvad skal jeg g\u00f8re, n\u00e5r min fjernbetjening ikke kan tilsluttes til fjernbetjeningen?<\/span><\/p>\n<p><span style=\"color:rgb(0, 0, 0)\">A: S\u00f8rg for, at batteriet er fuldt opladet. Par derefter manuelt leget\u00f8jsbilen og fjernbetjeningen. Du kan ogs\u00e5 se brugermanualen for detaljer om at matche leget\u00f8jsbilen. Du kan teste bundkortets sp\u00e6nding, s\u00e5 du kan analysere, hvad problemet er.<\/span><\/p>\n<p><span style=\"color:rgb(0, 0, 0)\">Q6: Hvad skal jeg g\u00f8re, n\u00e5r leget\u00f8jsbilen kan dreje, men ikke kan bev\u00e6ge sig fremad eller bagud, efter at min fjernbetjening er tilsluttet til fjernbetjeningen?<\/span><\/p>\n<p><span style=\"color:rgb(0, 0, 0)\">A: Unders\u00f8g f\u00f8rst, om batteriet er fuldt opladet, og test derefter bundkortets og motorsp\u00e6ndingen, s\u00e5 du kan analysere, hvad problemet er.<\/span><\/p>\n<p><span style=\"background-color:rgb(252, 220, 0);color:rgb(244, 78, 59)\"><strong>BEM\u00c6RK:<\/strong><\/span><\/p>\n<p><span style=\"color:rgb(244, 78, 59)\">1. Den ideelle hastighed for SCY-16106 er 50 km\/t, men den faktiske hastighed vil blive p\u00e5virket af andre faktorer, s\u00e5som stedet. Den faktiske hastighed for SCY-16106 er omkring 38 km\/t.<\/span><\/p>\n<p><span style=\"color:rgb(244, 78, 59)\">2. Detailpakken er lavet af skumkasser, hvilket kan reducere skader p\u00e5 produktet under transport. Originale kasser er ikke inkluderet.<\/span><\/p>\n<p><strong>Bem\u00e6rk venligst f\u00f8lgende ved brug af batteriet:<\/strong><\/p>\n<p>N\u00e5r du har modtaget produktet, skal du fjerne batteriet og oplade det, og derefter bruge det efter opladning.<\/p>\n<p>1. N\u00e5r batteriet er d\u00f8dt, skal det oplades i tide for at sikre, at batteriet har overskydende str\u00f8m. Hvis batteriet er helt tomt, kan batteriet ikke oplades.<\/p>\n<p>2. N\u00e5r batteriet oplades, skal du afbryde forbindelsen til fjernbetjeningsbilen. S\u00f8rg for at tage batteriet ud for at oplade det separat.<\/p>\n<p>3. Hvis du ikke bruger fjernbetjeningsbilen, skal du frakoble batteriet fra fjernbetjeningsbilens ledning. Undlad absolut at tilslutte den, og oplad batteriet helt, da det ellers vil beskadige batteriet.<\/p>\n<p>4. Link til batterik\u00f8b: https:\/\/www.aliexpress.us\/item\/3256805004857810.html?spm=5261.ProductManageOnline.0.0.65ca4edfQ08pDK&amp;gatewayAdapt=glo2usa4itemAdapt&amp;_randl_shipto=US<\/p>\n<p><strong>Vi anbefaler: at du ser videoen og l\u00e6ser vores beskrivelse grundigt, inden du k\u00f8ber<\/strong><\/p>\n<p>Varehusnavn: SCY-16106<\/p>\n<p>St\u00f8rrelse: 32*20,5*14 cm<\/p>\n<p>Maksimal hastighed: 50 km\/t<\/p>\n<p>Batteri: 7,4V 1300mAh<\/p>\n<p>Drivmotor: RC390 h\u00f8jhastigheds kulb\u00f8rste st\u00e6rk magnetisk (magnetisk beskyttelse + k\u00f8leplade) motor<\/p>\n<p>Arbejdstid: 15-18 minutter<\/p>\n<p><strong>Funktioner<\/strong><\/p>\n<p>1. Brug af simuleret strukturdesign, med en f\u00f8lelse af \u00e6gte bilkontrol, for at opn\u00e5 trinl\u00f8s hastighed i fuld skala, h\u00f8jhastighedsk\u00f8rsel, hurtig acceleration, deceleration, bremsning, bakning, venstresving, h\u00f8jresving.<\/p>\n<p>2. Anvendelige steder: fladt land, sand, mudder, gr\u00e6s.<\/p>\n<p>3. 4WD-drev: opretst\u00e5ende fjederd\u00e6mpning for og bag, uafh\u00e6ngigt affjedringssystem med dobbelte wishbone-arme.<\/p>\n<p>4. 2,4G fuldproportionalt synkroniseret fjernbetjeningssystem. Fuld proportional gas\/styring.<\/p>\n<p>5. 2,4G st\u00e6nkt\u00e6t firevejs 30A integreret ESC\/modtager.<\/p>\n<p>6. Drivaksel til forhjulets krydskugleled, drivaksel med delt hundeben p\u00e5 baghjulet.<\/p>\n<p>7. Femtr\u00e5ds 17G servo.<\/p>\n<p>8. Superbatteristr\u00f8m: 7,4V, 18650-1300mAh Li-ion-batteri (T-stik), afladningshastighed 10C.<\/p>\n<p>9. 16 kuglelejer i hele k\u00f8ret\u00f8jet.<\/p>\n<p>10. Metalplade til anden gulv, metalkode til forreste og bageste arm, metalmidteraksel.<\/p>\n<p>Skallen har en eksplosionssikker PVC-skal med h\u00f8j sejhed og et h\u00f8jstyrke-antirulleskelet.<\/p>\n<p>11. Skallen er udstyret med LED-forlygter, LED-taglygter og LED-baglygter (tre tilstande: konstant lys, langsom blinkning, hurtig blinkning)<\/p>\n<p>12. Simulering af terr\u00e6ng\u00e5ende d\u00e6k, st\u00e6rkt greb.<\/p>\n<p><img decoding=\"async\" src=\"https:\/\/ae01.alicdn.com\/kf\/Sb380b75922034046853d0a7e094248631.jpg?width=1000&amp;height=1441&amp;hash=2441\" slate-data-type=\"image\"\/><img decoding=\"async\" src=\"https:\/\/ae01.alicdn.com\/kf\/S78e5fd6623c448abb866844b09f51dd8P.jpg?width=1000&amp;height=1400&amp;hash=2400\" slate-data-type=\"image\"\/><img decoding=\"async\" src=\"https:\/\/ae01.alicdn.com\/kf\/S74cf5551c3dd46c589b1000e469d8ef5L.jpg?width=1000&amp;height=1405&amp;hash=2405\" slate-data-type=\"image\"\/><img decoding=\"async\" src=\"https:\/\/ae01.alicdn.com\/kf\/Sfd93e3740d334489b426303a395c52fdF.jpg?width=1000&amp;height=1399&amp;hash=2399\" slate-data-type=\"image\"\/><img decoding=\"async\" src=\"https:\/\/ae01.alicdn.com\/kf\/S15141754318b454c8825f46c5c420e8eX.jpg?width=1000&amp;height=1397&amp;hash=2397\" slate-data-type=\"image\"\/><img decoding=\"async\" src=\"https:\/\/ae01.alicdn.com\/kf\/S8a29c57ba47f48119928241c8f39c157o.jpg?width=1000&amp;height=1404&amp;hash=2404\" slate-data-type=\"image\"\/><img decoding=\"async\" src=\"https:\/\/ae01.alicdn.com\/kf\/Sf773cc710b8048e7b73a0c365d81e1b9q.jpg?width=1000&amp;height=1397&amp;hash=2397\" slate-data-type=\"image\"\/><img decoding=\"async\" src=\"https:\/\/ae01.alicdn.com\/kf\/Sab54b4a3686744f384dac0714f51e72fp.jpg?width=1000&amp;height=1799&amp;hash=2799\" slate-data-type=\"image\"\/><img decoding=\"async\" src=\"https:\/\/ae01.alicdn.com\/kf\/Sf734bd064e4f49619411c9f6f2252e4aP.jpg?width=1000&amp;height=1944&amp;hash=2944\" slate-data-type=\"image\"\/><img decoding=\"async\" src=\"https:\/\/ae01.alicdn.com\/kf\/Sa384ea5a78c24d49988ad89359e9b23aT.jpg?width=1000&amp;height=1677&amp;hash=2677\" slate-data-type=\"image\"\/><img decoding=\"async\" src=\"https:\/\/ae01.alicdn.com\/kf\/S5852843b625748a3a014ae5d00f4cc382.jpg?width=1000&amp;height=1851&amp;hash=2851\" slate-data-type=\"image\"\/><img decoding=\"async\" src=\"https:\/\/ae01.alicdn.com\/kf\/Sd8fd64d2b79441c8b7e3c339ee2f311bk.jpg?width=1000&amp;height=2209&amp;hash=3209\" slate-data-type=\"image\"\/><img decoding=\"async\" src=\"https:\/\/ae01.alicdn.com\/kf\/S4f92581c5f844f238eaf4e54b6144661I.jpg?width=1000&amp;height=2011&amp;hash=3011\" slate-data-type=\"image\"\/><img decoding=\"async\" src=\"https:\/\/ae01.alicdn.com\/kf\/S71ffc064cc14406a985585e5361a096cF.jpg?width=1000&amp;height=2039&amp;hash=3039\" slate-data-type=\"image\"\/><img decoding=\"async\" src=\"https:\/\/ae01.alicdn.com\/kf\/S9af29e92d1594a22ac323d1aca4530298.jpg?width=1000&amp;height=1886&amp;hash=2886\" slate-data-type=\"image\"\/><img decoding=\"async\" src=\"https:\/\/ae01.alicdn.com\/kf\/S687e21b96c734a3fa6d1bdda5e1eac80p.jpg?width=1000&amp;height=1616&amp;hash=2616\" slate-data-type=\"image\"\/><img decoding=\"async\" src=\"https:\/\/ae01.alicdn.com\/kf\/S692b55ae25dd4471a1f128ff2de7a0c43.jpg?width=1000&amp;height=2206&amp;hash=3206\" slate-data-type=\"image\"\/><img decoding=\"async\" src=\"https:\/\/ae01.alicdn.com\/kf\/S8a740a41cc01481598e908eae186adbfl.jpg?width=1000&amp;height=1265&amp;hash=2265\" slate-data-type=\"image\"\/><img decoding=\"async\" src=\"https:\/\/ae01.alicdn.com\/kf\/Sdcc86a84a58743c99171b3abeabd13aam.jpg?width=1000&amp;height=1156&amp;hash=2156\" slate-data-type=\"image\"\/><img decoding=\"async\" src=\"https:\/\/ae01.alicdn.com\/kf\/Sf6f0ef33372b4f4896805a193b5b1c14Y.jpg?width=1000&amp;height=1097&amp;hash=2097\" slate-data-type=\"image\"\/><img decoding=\"async\" src=\"https:\/\/ae01.alicdn.com\/kf\/S86e992edd3a54719ac9b4d504e2eb39e9.jpg?width=1000&amp;height=1162&amp;hash=2162\" slate-data-type=\"image\"\/><img decoding=\"async\" src=\"https:\/\/ae01.alicdn.com\/kf\/S7d53844b6e82444faca8781650a8ff74F.jpg?width=1000&amp;height=1197&amp;hash=2197\" slate-data-type=\"image\"\/><img decoding=\"async\" src=\"https:\/\/ae01.alicdn.com\/kf\/S0cd8f57d7dd14de19cb293da8455b1c01.jpg?width=1000&amp;height=1500&amp;hash=2500\" slate-data-type=\"image\"\/><\/p>\n<div>\n<\/div>\n<div><\/div>\n<\/div>\n<\/div>\n<p><\/p>","protected":false},"excerpt":{"rendered":"<p>Hign-concerned Chemical:&nbsp;None Certificate Number:&nbsp;As Show CE:&nbsp;Certificate Is Electric:&nbsp;lithium battery Barcode:&nbsp;No Throttle servo:&nbsp;As Show Steering servo:&nbsp;5 lines,17g Power:&nbsp;RC390 high-speed motor State of Assembly:&nbsp;Ready-to-Go Flight Time:&nbsp;15-18 minutes (continuous full speed running) Tire<\/p>","protected":false},"featured_media":25644,"comment_status":"open","ping_status":"closed","template":"","meta":{"_acf_changed":false},"product_brand":[],"product_cat":[519],"product_tag":[],"class_list":{"0":"post-25643","1":"product","2":"type-product","3":"status-publish","4":"has-post-thumbnail","6":"product_cat-rc-cars","8":"first","9":"instock","10":"shipping-taxable","11":"purchasable","12":"product-type-variable"},"acf":[],"_links":{"self":[{"href":"https:\/\/electricstore.eu\/da\/wp-json\/wp\/v2\/product\/25643","targetHints":{"allow":["GET"]}}],"collection":[{"href":"https:\/\/electricstore.eu\/da\/wp-json\/wp\/v2\/product"}],"about":[{"href":"https:\/\/electricstore.eu\/da\/wp-json\/wp\/v2\/types\/product"}],"replies":[{"embeddable":true,"href":"https:\/\/electricstore.eu\/da\/wp-json\/wp\/v2\/comments?post=25643"}],"wp:featuredmedia":[{"embeddable":true,"href":"https:\/\/electricstore.eu\/da\/wp-json\/wp\/v2\/media\/25644"}],"wp:attachment":[{"href":"https:\/\/electricstore.eu\/da\/wp-json\/wp\/v2\/media?parent=25643"}],"wp:term":[{"taxonomy":"product_brand","embeddable":true,"href":"https:\/\/electricstore.eu\/da\/wp-json\/wp\/v2\/product_brand?post=25643"},{"taxonomy":"product_cat","embeddable":true,"href":"https:\/\/electricstore.eu\/da\/wp-json\/wp\/v2\/product_cat?post=25643"},{"taxonomy":"product_tag","embeddable":true,"href":"https:\/\/electricstore.eu\/da\/wp-json\/wp\/v2\/product_tag?post=25643"}],"curies":[{"name":"wp","href":"https:\/\/api.w.org\/{rel}","templated":true}]}}