{"id":25506,"date":"2025-05-20T18:59:41","date_gmt":"2025-05-20T18:59:41","guid":{"rendered":"https:\/\/electricstore.eu\/p\/uncategorized\/vevor-epp-foam-rc-plane-2-4g-3ch-radio-control-aircraft-sea-and-air-rc-glider-water-land-flying-airplane-toys-gift-for-boys\/"},"modified":"2025-05-20T19:03:40","modified_gmt":"2025-05-20T19:03:40","slug":"vevor-epp-foam-rc-plane-2-4g-3ch-radio-control-aircraft-sea-and-air-rc-glider-water-land-flying-airplane-toys-gift-for-boys","status":"publish","type":"product","link":"https:\/\/electricstore.eu\/da\/p\/rc\/rc-cars\/vevor-epp-foam-rc-plane-2-4g-3ch-radio-control-aircraft-sea-and-air-rc-glider-water-land-flying-airplane-toys-gift-for-boys\/","title":{"rendered":"VEVOR EPP Skum RC Fly 2.4G 3CH Radiostyret Fly S\u00f8- og Luftfly RC Sv\u00e6vefly Vand Land Flyvende Fly Leget\u00f8j Gave til Drenge"},"content":{"rendered":"<div class=\"product-specs-list-container\">\n<ul class=\"product-specs-list util-clearfix\">\n<li class=\"product-prop line-limit-length\"><span\n                                        class=\"property-title\">Meget bekymret kemikalie:&nbsp;<\/span><span\n                                        class=\"property-desc line-limit-length\">Ingen<\/span>\n                            <\/li>\n<li class=\"product-prop line-limit-length\"><span\n                                        class=\"property-title\">Er elektrisk:&nbsp;<\/span><span\n                                        class=\"property-desc line-limit-length\">Intet batteri<\/span>\n                            <\/li>\n<li class=\"product-prop line-limit-length\"><span\n                                        class=\"property-title\">Modvindsevne:&nbsp;<\/span><span\n                                        class=\"property-desc line-limit-length\">Ja<\/span>\n                            <\/li>\n<li class=\"product-prop line-limit-length\"><span\n                                        class=\"property-title\">Dronev\u00e6gt:&nbsp;<\/span><span\n                                        class=\"property-desc line-limit-length\">\/<\/span>\n                            <\/li>\n<li class=\"product-prop line-limit-length\"><span\n                                        class=\"property-title\">Startv\u00e6gt:&nbsp;<\/span><span\n                                        class=\"property-desc line-limit-length\">\/<\/span>\n                            <\/li>\n<li class=\"product-prop line-limit-length\"><span\n                                        class=\"property-title\">Transittid (dage):&nbsp;<\/span><span\n                                        class=\"property-desc line-limit-length\">\/<\/span>\n                            <\/li>\n<li class=\"product-prop line-limit-length\"><span\n                                        class=\"property-title\">Videooptagelsesopl\u00f8sning:&nbsp;<\/span><span\n                                        class=\"property-desc line-limit-length\">andre<\/span>\n                            <\/li>\n<li class=\"product-prop line-limit-length\"><span\n                                        class=\"property-title\">Operat\u00f8rf\u00e6rdighedsniveau:&nbsp;<\/span><span\n                                        class=\"property-desc line-limit-length\">Nybegynder<\/span>\n                            <\/li>\n<li class=\"product-prop line-limit-length\"><span\n                                        class=\"property-title\">Indend\u00f8rs\/udend\u00f8rs brug:&nbsp;<\/span><span\n                                        class=\"property-desc line-limit-length\">Udend\u00f8rs<\/span>\n                            <\/li>\n<li class=\"product-prop line-limit-length\"><span\n                                        class=\"property-title\">Kameramonteringstype:&nbsp;<\/span><span\n                                        class=\"property-desc line-limit-length\">andre<\/span>\n                            <\/li>\n<li class=\"product-prop line-limit-length\"><span\n                                        class=\"property-title\">Stregkode:&nbsp;<\/span><span\n                                        class=\"property-desc line-limit-length\">Ingen<\/span>\n                            <\/li>\n<li class=\"product-prop line-limit-length\"><span\n                                        class=\"property-title\">Modelnummer:&nbsp;<\/span><span\n                                        class=\"property-desc line-limit-length\">Z62<\/span>\n                            <\/li>\n<li class=\"product-prop line-limit-length\"><span\n                                        class=\"property-title\">Controllertilstand:&nbsp;<\/span><span\n                                        class=\"property-desc line-limit-length\">MODE1<\/span>\n                            <\/li>\n<li class=\"product-prop line-limit-length\"><span\n                                        class=\"property-title\">Flyvetid:&nbsp;<\/span><span\n                                        class=\"property-desc line-limit-length\">10~20<\/span>\n                            <\/li>\n<li class=\"product-prop line-limit-length\"><span\n                                        class=\"property-title\">Kontrolkanaler:&nbsp;<\/span><span\n                                        class=\"property-desc line-limit-length\">3 kanaler<\/span>\n                            <\/li>\n<li class=\"product-prop line-limit-length\"><span\n                                        class=\"property-title\">Batteri til controller:&nbsp;<\/span><span\n                                        class=\"property-desc line-limit-length\">3*AAA (medf\u00f8lger ikke)<\/span>\n                            <\/li>\n<li class=\"product-prop line-limit-length\"><span\n                                        class=\"property-title\">Fjern afstand:&nbsp;<\/span><span\n                                        class=\"property-desc line-limit-length\">150 m<\/span>\n                            <\/li>\n<li class=\"product-prop line-limit-length\"><span\n                                        class=\"property-title\">Opladningstid:&nbsp;<\/span><span\n                                        class=\"property-desc line-limit-length\">90 minutter<\/span>\n                            <\/li>\n<li class=\"product-prop line-limit-length\"><span\n                                        class=\"property-title\">Ladesp\u00e6nding:&nbsp;<\/span><span\n                                        class=\"property-desc line-limit-length\">5V<\/span>\n                            <\/li>\n<li class=\"product-prop line-limit-length\"><span\n                                        class=\"property-title\">Str\u00f8mkilde:&nbsp;<\/span><span\n                                        class=\"property-desc line-limit-length\">Elektrisk<\/span>\n                            <\/li>\n<li class=\"product-prop line-limit-length\"><span\n                                        class=\"property-title\">Fjernbetjening:&nbsp;<\/span><span\n                                        class=\"property-desc line-limit-length\">Ja<\/span>\n                            <\/li>\n<li class=\"product-prop line-limit-length\"><span\n                                        class=\"property-title\">Pakken indeholder:&nbsp;<\/span><span\n                                        class=\"property-desc line-limit-length\">Fjernbetjening<\/span>\n                            <\/li>\n<li class=\"product-prop line-limit-length\"><span\n                                        class=\"property-title\">Materiale:&nbsp;<\/span><span\n                                        class=\"property-desc line-limit-length\">Plast<\/span>\n                            <\/li>\n<li class=\"product-prop line-limit-length\"><span\n                                        class=\"property-title\">Funktioner:&nbsp;<\/span><span\n                                        class=\"property-desc line-limit-length\">andre<\/span>\n                            <\/li>\n<li class=\"product-prop line-limit-length\"><span\n                                        class=\"property-title\">Anbefalet alder:&nbsp;<\/span><span\n                                        class=\"property-desc line-limit-length\">14+ \u00e5r<\/span>\n                            <\/li>\n<li class=\"product-prop line-limit-length\"><span\n                                        class=\"property-title\">Oprindelse:&nbsp;<\/span><span\n                                        class=\"property-desc line-limit-length\">Kinas fastland<\/span>\n                            <\/li>\n<li class=\"product-prop line-limit-length\"><span\n                                        class=\"property-title\">Luftfotografering:&nbsp;<\/span><span\n                                        class=\"property-desc line-limit-length\">Ingen<\/span>\n                            <\/li>\n<li class=\"product-prop line-limit-length\"><span\n                                        class=\"property-title\">Type:&nbsp;<\/span><span\n                                        class=\"property-desc line-limit-length\">Fly<\/span>\n                            <\/li>\n<li class=\"product-prop line-limit-length\"><span\n                                        class=\"property-title\">M\u00e6rke:&nbsp;<\/span><span\n                                        class=\"property-desc line-limit-length\">VEVOR<\/span>\n                            <\/li>\n<li class=\"product-prop line-limit-length\"><span\n                                        class=\"property-title\">Type:&nbsp;<\/span><span\n                                        class=\"property-desc line-limit-length\">RC-fly<\/span>\n                            <\/li>\n<li class=\"product-prop line-limit-length\"><span\n                                        class=\"property-title\">Design:&nbsp;<\/span><span\n                                        class=\"property-desc line-limit-length\">Amfibisk<\/span>\n                            <\/li>\n<li class=\"product-prop line-limit-length\"><span\n                                        class=\"property-title\">Propelmateriale:&nbsp;<\/span><span\n                                        class=\"property-desc line-limit-length\">ABS<\/span>\n                            <\/li>\n<li class=\"product-prop line-limit-length\"><span\n                                        class=\"property-title\">Kropsmateriale:&nbsp;<\/span><span\n                                        class=\"property-desc line-limit-length\">EPP<\/span>\n                            <\/li>\n<li class=\"product-prop line-limit-length\"><span\n                                        class=\"property-title\">Enkelt batterikapacitet:&nbsp;<\/span><span\n                                        class=\"property-desc line-limit-length\">800mAh<\/span>\n                            <\/li>\n<li class=\"product-prop line-limit-length\"><span\n                                        class=\"property-title\">Fungere:&nbsp;<\/span><span\n                                        class=\"property-desc line-limit-length\">Triphibe til s\u00f8s, p\u00e5 land og i luften, 2-hastigheder<\/span>\n                            <\/li>\n<li class=\"product-prop line-limit-length\"><span\n                                        class=\"property-title\">Farve:&nbsp;<\/span><span\n                                        class=\"property-desc line-limit-length\">Hvid<\/span>\n                            <\/li>\n<\/ul><\/div>\n<div class=\"detailmodule_html\">\n<div class=\"detail-desc-decorate-richtext\">\n<div style=\"font-family:&quot;Open sans&quot;, Arial, Helvetica, sans-serif\">\n<div><img decoding=\"async\" style=\"width:100%\" width=\"100%\" src=\"https:\/\/d2qc09rl1gfuof.cloudfront.net\/vevor\/boutique-banner\/pc\/banner-en.jpg\" slate-data-type=\"image\"\/><\/div>\n<div>\n<div style=\"font-size:16px;font-weight:bold;text-align:center;color:rgb(34, 34, 34);margin:24px 0px;margin-bottom:24px;margin-top:24px;margin-left:0px;margin-right:0px\" align=\"center\">VEVOR RC-fly \u2013 Mestre himlen med sjov<\/div>\n<div><img decoding=\"async\" style=\"width:100%\" width=\"100%\" src=\"https:\/\/d2qc09rl1gfuof.cloudfront.net\/product\/YKFJLTD2532CRJINZ\/rc-airplane-a100-1.4-pt.jpg\" slate-data-type=\"image\"\/><\/div>\n<div style=\"font-size:14px;text-align:center;color:rgb(34, 34, 34);margin:16px 0px 24px;margin-bottom:24px;margin-top:16px;margin-left:0px;margin-right:0px\" align=\"center\">Introduktion til et fjernstyret fly designet til interaktiv sjov mellem voksne og b\u00f8rn. Det er super nemt at flyve \u2013 b\u00f8rn vil kunne styre det selvsikkert efter blot et par timers \u00f8velse. Det realistiske design tilf\u00f8jer et ekstra element af sjov til flyveeventyr.<\/div>\n<\/div>\n<div>\n<div style=\"margin:8px 0px;margin-bottom:8px;margin-top:8px;margin-left:0px;margin-right:0px\"><img decoding=\"async\" style=\"width:100%\" width=\"100%\" src=\"https:\/\/d2qc09rl1gfuof.cloudfront.net\/product\/YKFJLTD2532CRJINZ\/rc-airplane-a100-2.2-pt.jpg\" slate-data-type=\"image\"\/><\/div>\n<div style=\"font-size:14px;text-align:center;color:rgb(34, 34, 34);margin:16px 0px 24px;margin-bottom:24px;margin-top:16px;margin-left:0px;margin-right:0px\" align=\"center\">Tag styringen med fjernstyrede flys tr\u00e5dl\u00f8se controller \u2013 naviger ubesv\u00e6ret til venstre, h\u00f8jre, op og ned. Nyd en p\u00e5lidelig forbindelse op til 150 m med 2,4 GHz-frekvensen, der sikrer problemfri flyvninger uden interferens, perfekt til piloter i alle aldre.<\/div>\n<\/div>\n<div>\n<div style=\"margin:8px 0px;margin-bottom:8px;margin-top:8px;margin-left:0px;margin-right:0px\"><img decoding=\"async\" style=\"width:100%\" width=\"100%\" src=\"https:\/\/d2qc09rl1gfuof.cloudfront.net\/product\/YKFJLTD2532CRJINZ\/rc-airplane-a100-2.3-pt.jpg\" slate-data-type=\"image\"\/><\/div>\n<div style=\"font-size:14px;text-align:center;color:rgb(34, 34, 34);margin:16px 0px 24px;margin-bottom:24px;margin-top:16px;margin-left:0px;margin-right:0px\" align=\"center\">Vores fjernstyrede fly flyver l\u00e6ngere med to s\u00e6t batterier inkluderet. Udskift dem for kontinuerlig sp\u00e6nding i luften uden besv\u00e6ret med hyppig genopladning eller lange nedetidsperioder.<\/div>\n<\/div>\n<div>\n<div style=\"margin:8px 0px;margin-bottom:8px;margin-top:8px;margin-left:0px;margin-right:0px\"><img decoding=\"async\" style=\"width:100%\" width=\"100%\" src=\"https:\/\/d2qc09rl1gfuof.cloudfront.net\/product\/YKFJLTD2532CRJINZ\/rc-airplane-a100-2.4-pt.jpg\" slate-data-type=\"image\"\/><\/div>\n<div style=\"font-size:14px;text-align:center;color:rgb(34, 34, 34);margin:16px 0px 24px;margin-bottom:24px;margin-top:16px;margin-left:0px;margin-right:0px\" align=\"center\">Mestrer nemt starter. Tag blot fjernbetjeningen med \u00e9n h\u00e5nd, giv gas, og affyr fjernbetjeningsflyet lige frem. Eller placer det p\u00e5 en glat overflade, giv gas for at f\u00e5 en 10 meter lang glidebane, og se det sv\u00e6ve.<\/div>\n<\/div>\n<div>\n<div style=\"margin:8px 0px;margin-bottom:8px;margin-top:8px;margin-left:0px;margin-right:0px\"><img decoding=\"async\" style=\"width:100%\" width=\"100%\" src=\"https:\/\/d2qc09rl1gfuof.cloudfront.net\/product\/YKFJLTD2532CRJINZ\/rc-airplane-a100-2.5-pt.jpg\" slate-data-type=\"image\"\/><\/div>\n<div style=\"font-size:14px;text-align:center;color:rgb(34, 34, 34);margin:16px 0px 24px;margin-bottom:24px;margin-top:16px;margin-left:0px;margin-right:0px\" align=\"center\">Dette fjernstyrede fly til begyndere inkluderer ekstra batterier og propeller for uforstyrret sjov. Har du mistet en del? Bare rolig \u2013 udskift den med det samme uden at t\u00f8ve.<\/div>\n<\/div>\n<div style=\"margin:16px 0px 24px;margin-bottom:24px;margin-top:16px;margin-left:0px;margin-right:0px\"><\/div>\n<div style=\"margin:24px 0px;margin-bottom:24px;margin-top:24px;margin-left:0px;margin-right:0px\">\n<div style=\"font-size:16px;font-weight:bold;color:rgb(34, 34, 34);margin:24px 0px 16px;margin-bottom:16px;margin-top:24px;margin-left:0px;margin-right:0px\">Funktioner og detaljer<\/div>\n<ul style=\"margin:16px 0px 24px;margin-bottom:24px;margin-top:16px;margin-left:0px;margin-right:0px\">\n<li style=\"font-size:14px;color:rgb(34, 34, 34)\">\n<p>Multifunktionelt design: Med amfibiske funktioner, 3 kanaler og 2 hastighedstilstande kan dette fjernstyrede fly lette fra jorden, starte manuelt op i luften eller glide problemfrit fra vandet. Nyd ubegr\u00e6nset udend\u00f8rs sjov med forbedret man\u00f8vredygtighed. Uanset om du er nybegynder eller en erfaren pilot, sikrer det en perfekt flyverytme.<\/p>\n<\/li>\n<li style=\"font-size:14px;color:rgb(34, 34, 34)\">\n<p>Let og holdbar: Vores fjernstyrede fly er fremstillet af EPP-materiale af h\u00f8j kvalitet og er let, men alligevel robust nok til at klare st\u00f8d og styrt. Dens robuste konstruktion \u00f8ger holdbarheden og sikrer, at det kan modst\u00e5 udend\u00f8rs forhold. Selv hvis flyet v\u00e6lter p\u00e5 vandet, sikrer de indbyggede funktioner og kontroller, at det kan man\u00f8vreres tilbage.<\/p>\n<\/li>\n<li style=\"font-size:14px;color:rgb(34, 34, 34)\">\n<p>2,4 GHz tr\u00e5dl\u00f8st styresystem: Tag fuld kontrol med den brugervenlige fjernbetjening. Flyv op, ned, til venstre, til h\u00f8jre, fremad og bagud med en r\u00e6kkevidde p\u00e5 op til 150 m. 2,4 GHz-frekvensen sikrer en p\u00e5lidelig forbindelse, der g\u00f8r det muligt for flere fjernstyrede fly at flyve sammen problemfrit \u2013 ideelt til venskabelige konkurrencer! Advarslen om lavt batteri giver dig besked ved tilbagevenden eller landing for at forhindre un\u00f8dvendig batteriafladning under flyvningen.<\/p>\n<\/li>\n<li style=\"font-size:14px;color:rgb(34, 34, 34)\">\n<p>Forl\u00e6nget flyvetid: Dette fjernstyrede fly inkluderer to s\u00e6t 800 mAh batterier, der giver op til 30 minutters flyvetid. Udskift blot det afladede batteri med det andet s\u00e6t for uafbrudt flyvesjov - ikke mere ventetid p\u00e5 genopladninger.<\/p>\n<\/li>\n<li style=\"font-size:14px;color:rgb(34, 34, 34)\">\n<p>Nem flyvesjov: Vores fjernstyrede fly er designet til interaktiv sjov mellem b\u00f8rn og voksne og er super nemt at flyve. Inkluderer en indbygget 6-akset gyrostabilisator til stabile flyvninger. B\u00f8rn vil flyve selvsikkert efter blot et par \u00f8velser. Den er perfekt til voksne, b\u00f8rn, begyndere og alle, der elsker flyvesjov. Reservedele som batterier og propeller holder det sjove i gang uden afbrydelser.<\/p>\n<\/li>\n<\/ul>\n<\/div>\n<div>\n<div>\n<div style=\"margin:16px 0px 24px;margin-bottom:24px;margin-top:16px;margin-left:0px;margin-right:0px\"><img decoding=\"async\" style=\"width:100%\" width=\"100%\" src=\"https:\/\/d2qc09rl1gfuof.cloudfront.net\/product\/YKFJLTD2532CRJINZ\/rc-airplane-a100-1.11-pt.jpg\" slate-data-type=\"image\"\/><\/div>\n<\/div>\n<\/div>\n<\/div>\n<\/div>\n<\/div>\n<p><\/p>","protected":false},"excerpt":{"rendered":"<p>Hign-concerned Chemical:&nbsp;None Is Electric:&nbsp;No battery Anti-wind Ability:&nbsp;Yes Drone Weight:&nbsp;\/ Takeoff Weight:&nbsp;\/ Transit Time (Days):&nbsp;\/ Video Capture Resolution:&nbsp;other Operator Skill Level:&nbsp;Beginner Indoor\/Outdoor Use:&nbsp;Outdoor Camera Mount Type:&nbsp;other Barcode:&nbsp;No Model Number:&nbsp;Z62 Controller Mode:&nbsp;MODE1<\/p>","protected":false},"featured_media":25507,"comment_status":"open","ping_status":"closed","template":"","meta":{"_acf_changed":false},"product_brand":[],"product_cat":[519],"product_tag":[],"class_list":{"0":"post-25506","1":"product","2":"type-product","3":"status-publish","4":"has-post-thumbnail","6":"product_cat-rc-cars","8":"first","9":"instock","10":"shipping-taxable","11":"purchasable","12":"product-type-variable"},"acf":[],"_links":{"self":[{"href":"https:\/\/electricstore.eu\/da\/wp-json\/wp\/v2\/product\/25506","targetHints":{"allow":["GET"]}}],"collection":[{"href":"https:\/\/electricstore.eu\/da\/wp-json\/wp\/v2\/product"}],"about":[{"href":"https:\/\/electricstore.eu\/da\/wp-json\/wp\/v2\/types\/product"}],"replies":[{"embeddable":true,"href":"https:\/\/electricstore.eu\/da\/wp-json\/wp\/v2\/comments?post=25506"}],"wp:featuredmedia":[{"embeddable":true,"href":"https:\/\/electricstore.eu\/da\/wp-json\/wp\/v2\/media\/25507"}],"wp:attachment":[{"href":"https:\/\/electricstore.eu\/da\/wp-json\/wp\/v2\/media?parent=25506"}],"wp:term":[{"taxonomy":"product_brand","embeddable":true,"href":"https:\/\/electricstore.eu\/da\/wp-json\/wp\/v2\/product_brand?post=25506"},{"taxonomy":"product_cat","embeddable":true,"href":"https:\/\/electricstore.eu\/da\/wp-json\/wp\/v2\/product_cat?post=25506"},{"taxonomy":"product_tag","embeddable":true,"href":"https:\/\/electricstore.eu\/da\/wp-json\/wp\/v2\/product_tag?post=25506"}],"curies":[{"name":"wp","href":"https:\/\/api.w.org\/{rel}","templated":true}]}}