{"id":25336,"date":"2025-05-20T18:58:42","date_gmt":"2025-05-20T18:58:42","guid":{"rendered":"https:\/\/electricstore.eu\/p\/uncategorized\/vevor-440lbs-wireless-electric-lifting-hoist-with-40ft-single-20ft-double-slings-lifting-height-lift-hoist-for-garage-warehouse\/"},"modified":"2025-05-20T19:00:04","modified_gmt":"2025-05-20T19:00:04","slug":"vevor-440lbs-wireless-electric-lifting-hoist-with-40ft-single-20ft-double-slings-lifting-height-lift-hoist-for-garage-warehouse","status":"publish","type":"product","link":"https:\/\/electricstore.eu\/da\/p\/o\/electric-lifting-hoists\/vevor-440lbs-wireless-electric-lifting-hoist-with-40ft-single-20ft-double-slings-lifting-height-lift-hoist-for-garage-warehouse\/","title":{"rendered":"VEVOR 440lbs tr\u00e5dl\u00f8s elektrisk l\u00f8ftehejs med 40ft enkelt\/20ft dobbelte stropper l\u00f8fteh\u00f8jdehejs til garagelager"},"content":{"rendered":"<div class=\"product-specs-list-container\">\n<ul class=\"product-specs-list util-clearfix\">\n<li class=\"product-prop line-limit-length\"><span\n                                        class=\"property-title\">Meget bekymret kemikalie:&nbsp;<\/span><span\n                                        class=\"property-desc line-limit-length\">Ingen<\/span>\n                            <\/li>\n<li class=\"product-prop line-limit-length\"><span\n                                        class=\"property-title\">Modelnummer:&nbsp;<\/span><span\n                                        class=\"property-desc line-limit-length\">PA200<\/span>\n                            <\/li>\n<li class=\"product-prop line-limit-length\"><span\n                                        class=\"property-title\">Oprindelse:&nbsp;<\/span><span\n                                        class=\"property-desc line-limit-length\">Kinas fastland<\/span>\n                            <\/li>\n<li class=\"product-prop line-limit-length\"><span\n                                        class=\"property-title\">M\u00e6rkenavn:&nbsp;<\/span><span\n                                        class=\"property-desc line-limit-length\">VEVOR<\/span>\n                            <\/li>\n<\/ul><\/div>\n<div class=\"detailmodule_html\">\n<div class=\"detail-desc-decorate-richtext\">\n<div style=\"font-family:&quot;Open sans&quot;, Arial, Helvetica, sans-serif\">\n<div><img decoding=\"async\" style=\"width:100%\" width=\"100%\" src=\"https:\/\/d2qc09rl1gfuof.cloudfront.net\/vevor\/boutique-banner\/pc\/banner-en.jpg\" slate-data-type=\"image\"\/><\/div>\n<div>\n<div style=\"font-size:16px;font-weight:bold;text-align:center;color:rgb(34, 34, 34);margin:24px 0px;margin-bottom:24px;margin-top:24px;margin-left:0px;margin-right:0px\" align=\"center\">VEVOR Elektrisk Talje \u2013 L\u00f8ft din last uden anstrengelse<\/div>\n<div><img decoding=\"async\" style=\"width:100%\" width=\"100%\" src=\"https:\/\/d2qc09rl1gfuof.cloudfront.net\/product\/DDGSSHLYXWXSZ60OH\/electric-hoist-a100-1.4-pt.jpg\" slate-data-type=\"image\"\/><\/div>\n<div style=\"font-size:14px;text-align:center;color:rgb(34, 34, 34);margin:16px 0px 24px;margin-bottom:24px;margin-top:16px;margin-left:0px;margin-right:0px\" align=\"center\">Denne elektriske talje er udstyret med en p\u00e5lidelig luftk\u00f8let kobbermotor, hvilket g\u00f8r l\u00f8ft nemt og ensartet. Dens k\u00f8lesystem og ventilator hj\u00e6lper med at forhindre overophedning, s\u00e5 du kan forts\u00e6tte med at arbejde l\u00e6ngere uden problemer.<\/div>\n<\/div>\n<div>\n<div style=\"margin:8px 0px;margin-bottom:8px;margin-top:8px;margin-left:0px;margin-right:0px\"><img decoding=\"async\" style=\"width:100%\" width=\"100%\" src=\"https:\/\/d2qc09rl1gfuof.cloudfront.net\/product\/DDGSSHLYXWXSZ60OH\/electric-hoist-a100-2.2-pt.jpg\" slate-data-type=\"image\"\/><\/div>\n<div style=\"font-size:14px;text-align:center;color:rgb(34, 34, 34);margin:16px 0px 24px;margin-bottom:24px;margin-top:16px;margin-left:0px;margin-right:0px\" align=\"center\">Brug for fart eller styrke? Skift mellem enkeltkabeltilstand for hurtigere l\u00f8ft med lettere l\u00e6s eller dobbeltkabeltilstand til tungere opgaver. Vores elektriske spil er bygget til at h\u00e5ndtere alt, hvad du kaster efter den.<\/div>\n<\/div>\n<div>\n<div style=\"margin:8px 0px;margin-bottom:8px;margin-top:8px;margin-left:0px;margin-right:0px\"><img decoding=\"async\" style=\"width:100%\" width=\"100%\" src=\"https:\/\/d2qc09rl1gfuof.cloudfront.net\/product\/DDGSSHLYXWXSZ60OH\/electric-hoist-a100-2.3-pt.jpg\" slate-data-type=\"image\"\/><\/div>\n<div style=\"font-size:14px;text-align:center;color:rgb(34, 34, 34);margin:16px 0px 24px;margin-bottom:24px;margin-top:16px;margin-left:0px;margin-right:0px\" align=\"center\">Uanset om du er t\u00e6t p\u00e5 eller langt v\u00e6k, har denne loftlift dig d\u00e6kket ind med b\u00e5de kablede og tr\u00e5dl\u00f8se betjeningselementer. Med en tr\u00e5dl\u00f8s r\u00e6kkevidde p\u00e5 op til 100 m og en n\u00f8dstopknap har du ro i sindet og fleksibiliteten til at f\u00e5 arbejdet gjort korrekt.<\/div>\n<\/div>\n<div>\n<div style=\"margin:8px 0px;margin-bottom:8px;margin-top:8px;margin-left:0px;margin-right:0px\"><img decoding=\"async\" style=\"width:100%\" width=\"100%\" src=\"https:\/\/d2qc09rl1gfuof.cloudfront.net\/product\/DDGSSHLYXWXSZ60OH\/electric-hoist-a100-2.4-pt.jpg\" slate-data-type=\"image\"\/><\/div>\n<div style=\"font-size:14px;text-align:center;color:rgb(34, 34, 34);margin:16px 0px 24px;margin-bottom:24px;margin-top:16px;margin-left:0px;margin-right:0px\" align=\"center\">Vores garagehejs er fremstillet af slidst\u00e6rkt legeret st\u00e5l og et belagt st\u00e5lkabel, og handler om stabilitet. Det tykke kabel og anti-tippe-designet betyder, at den kan h\u00e5ndtere tunge belastninger sikkert, mens overophedningsbeskyttelse s\u00f8rger for, at alt k\u00f8rer problemfrit.<\/div>\n<\/div>\n<div>\n<div style=\"margin:8px 0px;margin-bottom:8px;margin-top:8px;margin-left:0px;margin-right:0px\"><img decoding=\"async\" style=\"width:100%\" width=\"100%\" src=\"https:\/\/d2qc09rl1gfuof.cloudfront.net\/product\/DDGSSHLYXWXSZ60OH\/electric-hoist-a100-2.5-pt.jpg\" slate-data-type=\"image\"\/><\/div>\n<div style=\"font-size:14px;text-align:center;color:rgb(34, 34, 34);margin:16px 0px 24px;margin-bottom:24px;margin-top:16px;margin-left:0px;margin-right:0px\" align=\"center\">Uanset om du arbejder i din garage, p\u00e5 lageret eller i v\u00e6rkstedet, kan denne elektriske kabeltalje tilpasse sig en r\u00e6kke forskellige opgaver, hvilket g\u00f8r den til et ideelt v\u00e6rkt\u00f8j til ethvert projekt.<\/div>\n<\/div>\n<div style=\"margin:16px 0px 24px;margin-bottom:24px;margin-top:16px;margin-left:0px;margin-right:0px\"><\/div>\n<div style=\"margin:24px 0px;margin-bottom:24px;margin-top:24px;margin-left:0px;margin-right:0px\">\n<div style=\"font-size:16px;font-weight:bold;color:rgb(34, 34, 34);margin:24px 0px 16px;margin-bottom:16px;margin-top:24px;margin-left:0px;margin-right:0px\">Funktioner og detaljer<\/div>\n<ul style=\"margin:16px 0px 24px;margin-bottom:24px;margin-top:16px;margin-left:0px;margin-right:0px\">\n<li style=\"font-size:14px;color:rgb(34, 34, 34)\">\n<p>180 kg lasteevne: Denne elektriske talje kan nemt l\u00f8fte sm\u00e5 motorer, gearkasser, stort v\u00e6rkstedsv\u00e6rkt\u00f8j eller byggematerialer. L\u00f8ftekapacitet: 100 kg (enkelt kabel), 200 kg (dobbelt kabel).<\/p>\n<\/li>\n<li style=\"font-size:14px;color:rgb(34, 34, 34)\">\n<p>Kraftig motor: Den h\u00f8jkvalitets kobbermotor giver st\u00e6rk kraft, som kan modst\u00e5 store kr\u00e6fter uden at for\u00e5rsage deformation af det elektriske spil. Derudover kan den store k\u00f8leventilator hurtigt k\u00f8le maskinen ned for at undg\u00e5 overophedning. Derfor sikrer denne kraftfulde motor effektiv drift og sparer dig mere tid og energi.<\/p>\n<\/li>\n<li style=\"font-size:14px;color:rgb(34, 34, 34)\">\n<p>Nem at installere: Vores garagehejs kan h\u00e6nges direkte i loftet ved hj\u00e6lp af metal- eller massive tr\u00e6lister. Derudover er den udstyret med en n\u00f8dstopkontakt og et elektromagnetisk bremsesystem for at undg\u00e5 unormal glidning.<\/p>\n<\/li>\n<li style=\"font-size:14px;color:rgb(34, 34, 34)\">\n<p>Dobbelte betjeningsmuligheder: Med b\u00e5de kablede og tr\u00e5dl\u00f8se fjernbetjeninger giver denne loftlift dig styringen. Den kablede fjernbetjening r\u00e6kker 4,2 m, mens den tr\u00e5dl\u00f8se giver dig mulighed for at arbejde op til 100 m v\u00e6k. Den har en fremragende kontaktfunktion, der muligg\u00f8r betjening med \u00e9n h\u00e5nd til at l\u00f8fte, s\u00e6nke og placere udstyret.<\/p>\n<\/li>\n<li style=\"font-size:14px;color:rgb(34, 34, 34)\">\n<p>Mange anvendelser: Denne elektriske kabeltalje bruges i vid udstr\u00e6kning i garager, fabrikker, lagerbygninger og familier, s\u00e5vel som af professionelle og amat\u00f8rer. Den er velegnet til reparation af skibe, biler, pl\u00e6neklippere, golfvogne, boligindretning, motorer, kampesten, tr\u00e6er osv.<\/p>\n<\/li>\n<\/ul>\n<\/div>\n<div>\n<div>\n<div style=\"margin:16px 0px 24px;margin-bottom:24px;margin-top:16px;margin-left:0px;margin-right:0px\"><img decoding=\"async\" style=\"width:100%\" width=\"100%\" src=\"https:\/\/d2qc09rl1gfuof.cloudfront.net\/product\/DDGSSHLYXWXSZ60OH\/electric-hoist-a100-1.11-pt.jpg\" slate-data-type=\"image\"\/><\/div>\n<\/div>\n<\/div>\n<\/div>\n<div><\/div>\n<\/div>\n<\/div>\n<p><\/p>","protected":false},"excerpt":{"rendered":"<p>Hign-concerned Chemical:&nbsp;None Model Number:&nbsp;PA200 Origin:&nbsp;Mainland China Brand Name:&nbsp;VEVOR VEVOR Electric Hoist \u2013 Lift Your Cargo with No Effort Equipped with a reliable air-cooled copper motor, this electric hoist makes lifting<\/p>","protected":false},"featured_media":25337,"comment_status":"open","ping_status":"closed","template":"","meta":{"_acf_changed":false},"product_brand":[],"product_cat":[517],"product_tag":[],"class_list":{"0":"post-25336","1":"product","2":"type-product","3":"status-publish","4":"has-post-thumbnail","6":"product_cat-electric-lifting-hoists","8":"first","9":"instock","10":"shipping-taxable","11":"purchasable","12":"product-type-variable"},"acf":[],"_links":{"self":[{"href":"https:\/\/electricstore.eu\/da\/wp-json\/wp\/v2\/product\/25336","targetHints":{"allow":["GET"]}}],"collection":[{"href":"https:\/\/electricstore.eu\/da\/wp-json\/wp\/v2\/product"}],"about":[{"href":"https:\/\/electricstore.eu\/da\/wp-json\/wp\/v2\/types\/product"}],"replies":[{"embeddable":true,"href":"https:\/\/electricstore.eu\/da\/wp-json\/wp\/v2\/comments?post=25336"}],"wp:featuredmedia":[{"embeddable":true,"href":"https:\/\/electricstore.eu\/da\/wp-json\/wp\/v2\/media\/25337"}],"wp:attachment":[{"href":"https:\/\/electricstore.eu\/da\/wp-json\/wp\/v2\/media?parent=25336"}],"wp:term":[{"taxonomy":"product_brand","embeddable":true,"href":"https:\/\/electricstore.eu\/da\/wp-json\/wp\/v2\/product_brand?post=25336"},{"taxonomy":"product_cat","embeddable":true,"href":"https:\/\/electricstore.eu\/da\/wp-json\/wp\/v2\/product_cat?post=25336"},{"taxonomy":"product_tag","embeddable":true,"href":"https:\/\/electricstore.eu\/da\/wp-json\/wp\/v2\/product_tag?post=25336"}],"curies":[{"name":"wp","href":"https:\/\/api.w.org\/{rel}","templated":true}]}}