{"id":25283,"date":"2025-05-20T18:58:26","date_gmt":"2025-05-20T18:58:26","guid":{"rendered":"https:\/\/electricstore.eu\/p\/uncategorized\/vevor-300kg-electric-hoist-lifting-crane-cable-hoist-winch-for-boat-car-garage-elevator-with-wired-remote-control-lifter\/"},"modified":"2025-05-20T18:59:06","modified_gmt":"2025-05-20T18:59:06","slug":"vevor-300kg-electric-hoist-lifting-crane-cable-hoist-winch-for-boat-car-garage-elevator-with-wired-remote-control-lifter","status":"publish","type":"product","link":"https:\/\/electricstore.eu\/da\/p\/o\/electric-lifting-hoists\/vevor-300kg-electric-hoist-lifting-crane-cable-hoist-winch-for-boat-car-garage-elevator-with-wired-remote-control-lifter\/","title":{"rendered":"VEVOR 300 kg elektrisk talje, l\u00f8ftekran, kabeltalje, spil til b\u00e5d, bilgarage, elevator med kablet fjernbetjening"},"content":{"rendered":"<div class=\"product-specs-list-container\">\n<ul class=\"product-specs-list util-clearfix\">\n<li class=\"product-prop line-limit-length\"><span\n                                        class=\"property-title\">Meget bekymret kemikalie:&nbsp;<\/span><span\n                                        class=\"property-desc line-limit-length\">Ingen<\/span>\n                            <\/li>\n<li class=\"product-prop line-limit-length\"><span\n                                        class=\"property-title\">Oprindelse:&nbsp;<\/span><span\n                                        class=\"property-desc line-limit-length\">Kinas fastland<\/span>\n                            <\/li>\n<li class=\"product-prop line-limit-length\"><span\n                                        class=\"property-title\">M\u00e6rkenavn:&nbsp;<\/span><span\n                                        class=\"property-desc line-limit-length\">VEVOR<\/span>\n                            <\/li>\n<\/ul><\/div>\n<div class=\"detailmodule_dynamic\"><kse:widget data-widget-type=\"customText\" id=\"1005000000572806\" type=\"relation\"><\/kse:widget><\/div>\n<div class=\"detailmodule_html\">\n<div class=\"detail-desc-decorate-richtext\">\n<div style=\"padding:20px;padding-bottom:20px;padding-top:20px;padding-left:20px;padding-right:20px\">\n<div style=\"text-align:center;width:100%\" align=\"center\"><img decoding=\"async\" src=\"https:\/\/vevor-bmp-prm.s3.ap-east-1.amazonaws.com\/default\/vevor-1.png\" slate-data-type=\"image\"\/><\/div>\n<div style=\"font-size:16px;font-weight:bold;line-height:36px\">Produktbeskrivelse<\/div>\n<div style=\"width:100%\"><img decoding=\"async\" src=\"https:\/\/d2qc09rl1gfuof.cloudfront.net\/product\/DDHLPA30000000001\/lift-electric-hoist-a100-1.4.jpg\" slate-data-type=\"image\"\/><\/div>\n<div style=\"margin-top:15px;display:flex\">\n<div style=\"width:33%\"><img decoding=\"async\" style=\"width:100%\" width=\"100%\" src=\"https:\/\/d2qc09rl1gfuof.cloudfront.net\/product\/DDHLPA30000000001\/lift-electric-hoist-x1.jpg\" slate-data-type=\"image\"\/><\/div>\n<div style=\"padding:0px 15px;padding-bottom:0px;padding-top:0px;padding-left:15px;padding-right:15px;width:33%\">\n<div style=\"font-size:16px;font-weight:bold;line-height:36px\">660LBS elektrisk l\u00f8ftehejs<\/div>\n<div style=\"font-size:14px\"><\/div>\n<div style=\"font-size:14px\">550W kobbermotor og rotationssikker st\u00e5ltr\u00e5d og h\u00f8j sikkerhed<\/div>\n<ul style=\"font-size:14px;background-color:rgb(243, 243, 243);border:1px solid rgb(204, 204, 204);margin-top:8px;padding:10px 40px;padding-bottom:10px;padding-top:10px;padding-left:40px;padding-right:40px\">\n<li>\n<p>Denne elektriske talje er designet til l\u00f8ft og flytning af tunge applikationer. St\u00e5lkonstruktionen og motoren i rent kobber g\u00f8r den holdbar og h\u00f8jeffektiv. Taljen kan bruges med en enkelt line med en kapacitet p\u00e5 150 kg eller med dobbelt line med en kapacitet p\u00e5 300 kg. Det er et ideelt h\u00e5ndteringsv\u00e6rkt\u00f8j til fabrikker, havne, lagre, godsl\u00f8ft, byggepladser og andre steder.<\/p>\n<\/li>\n<li>\n<p>660 pund lastekapacitet<\/p>\n<\/li>\n<li>\n<p>550W kraftfuld motor<\/p>\n<\/li>\n<li>\n<p>3,9 fods kontrolkabel<\/p>\n<\/li>\n<li>\n<p>Premium-struktur<\/p>\n<\/li>\n<\/ul>\n<\/div>\n<div style=\"border-left:1px solid rgb(204, 204, 204);padding:0px 15px;padding-bottom:0px;padding-top:0px;padding-left:15px;padding-right:15px;width:33%\">\n<div>\u00a0<\/div>\n<div style=\"padding:0px 15px;padding-bottom:0px;padding-top:0px;padding-left:15px;padding-right:15px\">\n<div><img decoding=\"async\" style=\"width:100%\" width=\"100%\" src=\"https:\/\/vevor-bmp-prm.s3.ap-east-1.amazonaws.com\/default\/vevor-2.jpg\" slate-data-type=\"image\"\/><\/div>\n<div style=\"font-size:14px;font-weight:bold;line-height:24px\">Robust udstyr og v\u00e6rkt\u00f8j, betal mindre<\/div>\n<div style=\"font-size:12px;margin:8px 0px;margin-bottom:8px;margin-top:8px;margin-left:0px;margin-right:0px\">VEVOR er et f\u00f8rende m\u00e6rke, der specialiserer sig i udstyr og v\u00e6rkt\u00f8j. Sammen med tusindvis af motiverede medarbejdere er VEVOR dedikeret til at forsyne vores kunder med robust udstyr og v\u00e6rkt\u00f8j til utroligt lave priser. I dag s\u00e6lges VEVORs produkter i mere end 200 lande og regioner med over 10 millioner medlemmer verden over.<\/div>\n<div style=\"font-size:14px;font-weight:bold;line-height:24px\">Hvorfor v\u00e6lge VEVOR?<\/div>\n<ul style=\"font-size:14px;background-color:rgb(243, 243, 243);border:1px solid rgb(204, 204, 204);margin-top:8px;padding:10px 40px;padding-bottom:10px;padding-top:10px;padding-left:40px;padding-right:40px\">\n<li>\n<p>Premium robust kvalitet<\/p>\n<\/li>\n<li>\n<p>Utroligt lave priser<\/p>\n<\/li>\n<li>\n<p>Hurtig og sikker levering<\/p>\n<\/li>\n<li>\n<p>30 dages gratis returnering<\/p>\n<\/li>\n<li>\n<p>24\/7 Opm\u00e6rksom service<\/p>\n<\/li>\n<\/ul>\n<\/div>\n<\/div>\n<\/div>\n<div style=\"margin-top:30px\">\n<div style=\"font-size:16px;font-weight:bold;line-height:36px\">N\u00f8glefunktioner<\/div>\n<div style=\"padding:30px;padding-bottom:30px;padding-top:30px;padding-left:30px;padding-right:30px\">\n<div>\n<div style=\"margin-top:15px;padding:0px 15px;padding-bottom:0px;padding-top:0px;padding-left:15px;padding-right:15px;display:inline-block;width:33%;box-sizing:border-box\">\n<div><img decoding=\"async\" style=\"width:100%\" width=\"100%\" src=\"https:\/\/d2qc09rl1gfuof.cloudfront.net\/product\/DDHLPA30000000001\/lift-electric-hoist-m100-2.jpg\" slate-data-type=\"image\"\/><\/div>\n<div style=\"font-size:16px;font-weight:bold;line-height:36px\">Stor lastb\u00e6rende<\/div>\n<div style=\"font-size:14px\">Vores elektriske talje opfylder dine forskellige krav til styrke og h\u00e5rdhed. Kapaciteten og hastigheden for enkeltlinjer er 150 kg, 10 m\/min. Kapaciteten og hastigheden for dobbeltlinjer er 300 kg, 5 m\/min.<\/div>\n<\/div>\n<div style=\"margin-top:15px;padding:0px 15px;padding-bottom:0px;padding-top:0px;padding-left:15px;padding-right:15px;display:inline-block;width:33%;box-sizing:border-box\">\n<div><img decoding=\"async\" style=\"width:100%\" width=\"100%\" src=\"https:\/\/d2qc09rl1gfuof.cloudfront.net\/product\/DDHLPA30000000001\/lift-electric-hoist-m100-3.jpg\" slate-data-type=\"image\"\/><\/div>\n<div style=\"font-size:16px;font-weight:bold;line-height:36px\">H\u00e5ndtagsafbryder<\/div>\n<div style=\"font-size:14px\">Den kablede fjernbetjening i denne talje betjenes via en h\u00e5ndtagskontakt. Trykknappen g\u00e5r opad, og omvendt nedad. Et kabel p\u00e5 ca. 1,2 m giver dig mulighed for at betjene den p\u00e5 en bestemt afstand.<\/div>\n<\/div>\n<div style=\"margin-top:15px;padding:0px 15px;padding-bottom:0px;padding-top:0px;padding-left:15px;padding-right:15px;display:inline-block;width:33%;box-sizing:border-box\">\n<div><img decoding=\"async\" style=\"width:100%\" width=\"100%\" src=\"https:\/\/d2qc09rl1gfuof.cloudfront.net\/product\/DDHLPA30000000001\/lift-electric-hoist-m100-4.jpg\" slate-data-type=\"image\"\/><\/div>\n<div style=\"font-size:16px;font-weight:bold;line-height:36px\">H\u00f8jkvalitets kobbermotor<\/div>\n<div style=\"font-size:14px\">Det elektriske spil anvender en 550W motor af rent kobber, som har h\u00f8j effektivitet og lav st\u00f8j. Derudover kan det elektriske spil arbejde kontinuerligt i lang tid, fordi det udstr\u00e5ler hurtigt.<\/div>\n<\/div>\n<div style=\"margin-top:15px;padding:0px 15px;padding-bottom:0px;padding-top:0px;padding-left:15px;padding-right:15px;display:inline-block;width:33%;box-sizing:border-box\">\n<div><img decoding=\"async\" style=\"width:100%\" width=\"100%\" src=\"https:\/\/d2qc09rl1gfuof.cloudfront.net\/product\/DDHLPA30000000001\/lift-electric-hoist-m100-5.jpg\" slate-data-type=\"image\"\/><\/div>\n<div style=\"font-size:16px;font-weight:bold;line-height:36px\">Sikkerhedsdesign<\/div>\n<div style=\"font-size:14px\">N\u00e5r den r\u00f8de blok r\u00f8rer ved gr\u00e6nseafbryderen, stopper motoren automatisk for at forhindre overbelastning af k\u00e6derne. Derudover giver den galvaniserede st\u00e5ltr\u00e5d og krogen med l\u00e5s dobbelt beskyttelse under driften.<\/div>\n<\/div>\n<div style=\"margin-top:15px;padding:0px 15px;padding-bottom:0px;padding-top:0px;padding-left:15px;padding-right:15px;display:inline-block;width:33%;box-sizing:border-box\">\n<div><img decoding=\"async\" style=\"width:100%\" width=\"100%\" src=\"https:\/\/d2qc09rl1gfuof.cloudfront.net\/product\/DDHLPA30000000001\/lift-electric-hoist-m100-6.jpg\" slate-data-type=\"image\"\/><\/div>\n<div style=\"font-size:16px;font-weight:bold;line-height:36px\">Nem at installere<\/div>\n<div style=\"font-size:14px\">For at opfylde dine behov er vores elektriske talje udstyret med en metalfastg\u00f8relsesring, der nemt installeres. Husk blot, at stangens bredde og h\u00f8jde ikke m\u00e5 overstige monteringsbeslagenes indvendige st\u00f8rrelse. Ringbredde: 5 cm; h\u00f8jde: 4,5 cm.<\/div>\n<\/div>\n<div style=\"margin-top:15px;padding:0px 15px;padding-bottom:0px;padding-top:0px;padding-left:15px;padding-right:15px;display:inline-block;width:33%;box-sizing:border-box\">\n<div><img decoding=\"async\" style=\"width:100%\" width=\"100%\" src=\"https:\/\/d2qc09rl1gfuof.cloudfront.net\/product\/DDHLPA30000000001\/lift-electric-hoist-m100-7.jpg\" slate-data-type=\"image\"\/><\/div>\n<div style=\"font-size:16px;font-weight:bold;line-height:36px\">Omfattende anvendelser<\/div>\n<div style=\"font-size:14px\">Denne elektriske talje er et fremragende valg til at l\u00f8fte genstande med almindelig eller uj\u00e6vn form, s\u00e5som sten, tr\u00e6er, pl\u00e6neklippere, motorer osv. Som et resultat heraf bruges den i vid udstr\u00e6kning i bilproducenter, p\u00e5 byggepladser, logistik, lagerbygninger osv.<\/div>\n<\/div>\n<\/div>\n<\/div>\n<\/div>\n<div style=\"margin-top:15px;display:flex\">\n<div style=\"width:33%\"><img decoding=\"async\" style=\"width:100%\" width=\"100%\" src=\"https:\/\/d2qc09rl1gfuof.cloudfront.net\/product\/DDHLPA30000000001\/lift-electric-hoist-a100-2.jpg\" slate-data-type=\"image\"\/><\/div>\n<div style=\"padding:0px 15px;padding-bottom:0px;padding-top:0px;padding-left:15px;padding-right:15px;width:33%\">\n<div style=\"font-size:16px;font-weight:bold;line-height:36px\">300 kg<\/div>\n<ul style=\"font-size:14px;border:1px solid rgb(204, 204, 204);margin-top:8px;padding:10px 40px;padding-bottom:10px;padding-top:10px;padding-left:40px;padding-right:40px\">\n<li>\n<p>Model: PA300<\/p>\n<\/li>\n<li>\n<p>Materiale: Aluminiumlegering og legeret st\u00e5l<\/p>\n<\/li>\n<li>\n<p>Sp\u00e6nding: 110V\/60Hz<\/p>\n<\/li>\n<li>\n<p>Effekt: 550W<\/p>\n<\/li>\n<li>\n<p>Belastningskapacitet: 150 kg, 300 kg<\/p>\n<\/li>\n<li>\n<p>L\u00f8fteh\u00f8jde: 12 m, 6 m<\/p>\n<\/li>\n<li>\n<p>L\u00f8ftehastighed: 10 m\/min., 5 m\/min.<\/p>\n<\/li>\n<li>\n<p>St\u00e5llinjel\u00e6ngde: 12 m<\/p>\n<\/li>\n<li>\n<p>Netledningsl\u00e6ngde: 0,65 m<\/p>\n<\/li>\n<li>\n<p>Fjernbetjeningsledningsl\u00e6ngde: 1,2 m<\/p>\n<\/li>\n<li>\n<p>Ringbredde: 5 cm<\/p>\n<\/li>\n<li>\n<p>Ringh\u00f8jde: 4,5 cm<\/p>\n<\/li>\n<li>\n<p>Varest\u00f8rrelse: 13,5 x 5,5 x 7,8 tommer \/ 34,3 x 14 x 19,8 cm<\/p>\n<\/li>\n<li>\n<p>V\u00e6gt: 11 kg<\/p>\n<\/li>\n<\/ul>\n<\/div>\n<div style=\"border-left:1px solid rgb(204, 204, 204);padding:0px 15px;padding-bottom:0px;padding-top:0px;padding-left:15px;padding-right:15px;width:33%\">\n<div style=\"width:100%\"><img decoding=\"async\" style=\"width:100%\" width=\"100%\" src=\"https:\/\/d2qc09rl1gfuof.cloudfront.net\/product\/DDHLPA30000000001\/lift-electric-hoist-a100-3.jpg\" slate-data-type=\"image\"\/><\/div>\n<div style=\"font-size:14px;font-weight:bold;line-height:24px\">Pakkens indhold<\/div>\n<ul style=\"font-size:14px;background-color:rgb(243, 243, 243);border:1px solid rgb(204, 204, 204);margin-top:8px;padding:10px 40px;padding-bottom:10px;padding-top:10px;padding-left:40px;padding-right:40px\">\n<li>\n<p>1 x elektrisk talje<\/p>\n<\/li>\n<li>\n<p>2 x l\u00f8fte\u00f8jer<\/p>\n<\/li>\n<li>\n<p>1 x Bev\u00e6gelig remskive<\/p>\n<\/li>\n<li>\n<p>1 x pose med skruer<\/p>\n<\/li>\n<\/ul>\n<\/div>\n<\/div>\n<div style=\"margin-top:15px;display:flex\">\n<div style=\"width:33%\"><img decoding=\"async\" style=\"width:100%\" width=\"100%\" src=\"https:\/\/d2qc09rl1gfuof.cloudfront.net\/product\/DDHLPA25000000001\/lift-electric-hoist-a100-2.jpg\" slate-data-type=\"image\"\/><\/div>\n<div style=\"padding:0px 15px;padding-bottom:0px;padding-top:0px;padding-left:15px;padding-right:15px;width:33%\">\n<div style=\"font-size:16px;font-weight:bold;line-height:36px\">250 kg<\/div>\n<ul style=\"font-size:14px;border:1px solid rgb(204, 204, 204);margin-top:8px;padding:10px 40px;padding-bottom:10px;padding-top:10px;padding-left:40px;padding-right:40px\">\n<li>\n<p>Model: PA250<\/p>\n<\/li>\n<li>\n<p>Materiale: Aluminiumlegering og legeret st\u00e5l<\/p>\n<\/li>\n<li>\n<p>Sp\u00e6nding: 110V\/60Hz<\/p>\n<\/li>\n<li>\n<p>Effekt: 500W<\/p>\n<\/li>\n<li>\n<p>Belastningskapacitet: 125 kg, 250 kg<\/p>\n<\/li>\n<li>\n<p>L\u00f8fteh\u00f8jde: 12 m, 6 m<\/p>\n<\/li>\n<li>\n<p>L\u00f8ftehastighed: 10 m\/min., 5 m\/min.<\/p>\n<\/li>\n<li>\n<p>St\u00e5llinjel\u00e6ngde: 12 m<\/p>\n<\/li>\n<li>\n<p>Netledningsl\u00e6ngde: 0,65 m<\/p>\n<\/li>\n<li>\n<p>Fjernbetjeningsledningsl\u00e6ngde: 1,5 m<\/p>\n<\/li>\n<li>\n<p>Ringbredde: 5 cm<\/p>\n<\/li>\n<li>\n<p>Ringh\u00f8jde: 4,5 cm<\/p>\n<\/li>\n<li>\n<p>Varest\u00f8rrelse: 13,5 x 5,5 x 7,8 tommer \/ 34,3 x 14 x 19,8 cm<\/p>\n<\/li>\n<li>\n<p>V\u00e6gt: 11 kg<\/p>\n<\/li>\n<\/ul>\n<\/div>\n<div style=\"border-left:1px solid rgb(204, 204, 204);padding:0px 15px;padding-bottom:0px;padding-top:0px;padding-left:15px;padding-right:15px;width:33%\">\n<div style=\"width:100%\"><img decoding=\"async\" style=\"width:100%\" width=\"100%\" src=\"https:\/\/d2qc09rl1gfuof.cloudfront.net\/product\/DDHLPA25000000001\/lift-electric-hoist-a100-3.jpg\" slate-data-type=\"image\"\/><\/div>\n<div style=\"font-size:14px;font-weight:bold;line-height:24px\">Pakkens indhold<\/div>\n<ul style=\"font-size:14px;background-color:rgb(243, 243, 243);border:1px solid rgb(204, 204, 204);margin-top:8px;padding:10px 40px;padding-bottom:10px;padding-top:10px;padding-left:40px;padding-right:40px\">\n<li>\n<p>1 x elektrisk talje<\/p>\n<\/li>\n<li>\n<p>2 x l\u00f8fte\u00f8jer<\/p>\n<\/li>\n<li>\n<p>1 x Bev\u00e6gelig remskive<\/p>\n<\/li>\n<li>\n<p>1 x pose med skruer<\/p>\n<\/li>\n<\/ul>\n<\/div>\n<\/div>\n<div style=\"margin-top:15px;display:flex\">\n<div style=\"width:33%\"><img decoding=\"async\" style=\"width:100%\" width=\"100%\" src=\"https:\/\/d2qc09rl1gfuof.cloudfront.net\/product\/DDHLPA50000000001\/lift-electric-hoist-a100-2.jpg\" slate-data-type=\"image\"\/><\/div>\n<div style=\"padding:0px 15px;padding-bottom:0px;padding-top:0px;padding-left:15px;padding-right:15px;width:33%\">\n<div style=\"font-size:16px;font-weight:bold;line-height:36px\">500 kg<\/div>\n<ul style=\"font-size:14px;border:1px solid rgb(204, 204, 204);margin-top:8px;padding:10px 40px;padding-bottom:10px;padding-top:10px;padding-left:40px;padding-right:40px\">\n<li>\n<p>Model: PA500<\/p>\n<\/li>\n<li>\n<p>Materiale: Aluminiumlegering og legeret st\u00e5l<\/p>\n<\/li>\n<li>\n<p>Sp\u00e6nding: 110V\/60Hz<\/p>\n<\/li>\n<li>\n<p>Effekt: 900W<\/p>\n<\/li>\n<li>\n<p>Belastningskapacitet: 250 kg, 500 kg<\/p>\n<\/li>\n<li>\n<p>L\u00f8fteh\u00f8jde: 12 m, 6 m<\/p>\n<\/li>\n<li>\n<p>L\u00f8ftehastighed: 10 m\/min., 5 m\/min.<\/p>\n<\/li>\n<li>\n<p>St\u00e5llinjel\u00e6ngde: 12 m<\/p>\n<\/li>\n<li>\n<p>Netledningsl\u00e6ngde: 0,65 m<\/p>\n<\/li>\n<li>\n<p>Fjernbetjeningsledningsl\u00e6ngde: 1,3 m<\/p>\n<\/li>\n<li>\n<p>Ringbredde: 5,5 cm<\/p>\n<\/li>\n<li>\n<p>Ringh\u00f8jde: 5 cm<\/p>\n<\/li>\n<li>\n<p>Varest\u00f8rrelse: 38 x 14 x 23 cm<\/p>\n<\/li>\n<li>\n<p>V\u00e6gt: 15 kg<\/p>\n<\/li>\n<\/ul>\n<\/div>\n<div style=\"border-left:1px solid rgb(204, 204, 204);padding:0px 15px;padding-bottom:0px;padding-top:0px;padding-left:15px;padding-right:15px;width:33%\">\n<div style=\"width:100%\"><img decoding=\"async\" style=\"width:100%\" width=\"100%\" src=\"https:\/\/d2qc09rl1gfuof.cloudfront.net\/product\/DDHLPA50000000001\/lift-electric-hoist-a100-3.jpg\" slate-data-type=\"image\"\/><\/div>\n<div style=\"font-size:14px;font-weight:bold;line-height:24px\">Pakkens indhold<\/div>\n<ul style=\"font-size:14px;background-color:rgb(243, 243, 243);border:1px solid rgb(204, 204, 204);margin-top:8px;padding:10px 40px;padding-bottom:10px;padding-top:10px;padding-left:40px;padding-right:40px\">\n<li>\n<p>1 x elektrisk talje<\/p>\n<\/li>\n<li>\n<p>2 x l\u00f8fte\u00f8jer<\/p>\n<\/li>\n<li>\n<p>1 x Bev\u00e6gelig remskive<\/p>\n<\/li>\n<li>\n<p>1 x pose med skruer<\/p>\n<\/li>\n<\/ul>\n<\/div>\n<\/div>\n<div>\n<div style=\"font-size:16px;font-weight:bold;line-height:36px\">Funktioner og detaljer<\/div>\n<ul style=\"font-size:14px;padding-left:40px\">\n<li>\n<p>660 pund lastekapacitet: Den elektriske talje l\u00f8fter nemt sm\u00e5 motorer, transmissioner eller byggematerialer. Den underst\u00f8tter to l\u00f8ftetilstande med en sikkerhedsl\u00e5s i st\u00e5l. Kapaciteten og hastigheden for en enkelt line er 330 pund\/150 kg, 32,8 fod\/min (10 m\/min). Kapaciteten og hastigheden for den dobbelte line er 660 pund\/300 kg, 16,4 fod\/min (5 m\/min).<\/p>\n<\/li>\n<li>\n<p>550W Kraftig Motor: Den h\u00f8jkvalitets kobbermotor leverer en kraftig 550W effekt, der kan modst\u00e5 stor kraft uden at deformere dette elektriske spil. Derudover k\u00f8ler den store radiatorventilator maskinen hurtigt ved hj\u00e6lp af overophedningsbeskyttelse. Denne kraftfulde motor sikrer s\u00e5ledes h\u00f8jeffektivt arbejde og sparer mere energi.<\/p>\n<\/li>\n<li>\n<p>1 meter lang styreledning: Vores elektriske talje med fjernbetjening opn\u00e5s via en h\u00e5ndtagsafbryder, som er installeret p\u00e5 maskinen for betjening p\u00e5 sikker afstand. Derudover er vores talje udstyret med en gr\u00e6nseafbryder og bufferfjeder for at stoppe maskinen automatisk og forhindre, at den h\u00e6nger ned.<\/p>\n<\/li>\n<li>\n<p>Premium-struktur: Dette elektriske spil er konstrueret af en legeringsskal og galvaniseret st\u00e5ltr\u00e5d, der beskytter mod korrosion, rust og regn. St\u00e5ltr\u00e5dens l\u00e6ngde: 12 m; Diameter: 3 mm. Derudover er metalfastg\u00f8relsesringen justerbar efter dine forskellige behov og kan nemt installeres.<\/p>\n<\/li>\n<li>\n<p>Bred anvendelse: Taljen er velegnet til fabrikker, lagerbygninger, byggepladser, bilproducenter, jernbanekonstruktioner osv. Det er et ideelt v\u00e6rkt\u00f8j til arbejde i barske indend\u00f8rs eller udend\u00f8rs milj\u00f8er. Brug venligst en stangbredde og -h\u00f8jde, der er kompatibel med monteringsbeslagenes indvendige st\u00f8rrelser.<\/p>\n<\/li>\n<\/ul>\n<\/div>\n<\/div>\n<div><\/div>\n<\/div>\n<\/div>\n<div class=\"detailmodule_dynamic\"><kse:widget data-widget-type=\"customText\" id=\"1005000000397265\" type=\"custom\"><\/kse:widget><\/div>\n<p><\/p>","protected":false},"excerpt":{"rendered":"<p>Hign-concerned Chemical:&nbsp;None Origin:&nbsp;Mainland China Brand Name:&nbsp;VEVOR Product Description 660LBS Lift Electric Hoist 550W Copper Motor &amp; Anti-Rotate Steel Wire &amp; High Security This lift electric hoist is designed for lifting<\/p>","protected":false},"featured_media":25285,"comment_status":"open","ping_status":"closed","template":"","meta":{"_acf_changed":false},"product_brand":[],"product_cat":[517],"product_tag":[],"class_list":{"0":"post-25283","1":"product","2":"type-product","3":"status-publish","4":"has-post-thumbnail","6":"product_cat-electric-lifting-hoists","8":"first","9":"instock","10":"shipping-taxable","11":"purchasable","12":"product-type-variable"},"acf":[],"_links":{"self":[{"href":"https:\/\/electricstore.eu\/da\/wp-json\/wp\/v2\/product\/25283","targetHints":{"allow":["GET"]}}],"collection":[{"href":"https:\/\/electricstore.eu\/da\/wp-json\/wp\/v2\/product"}],"about":[{"href":"https:\/\/electricstore.eu\/da\/wp-json\/wp\/v2\/types\/product"}],"replies":[{"embeddable":true,"href":"https:\/\/electricstore.eu\/da\/wp-json\/wp\/v2\/comments?post=25283"}],"wp:featuredmedia":[{"embeddable":true,"href":"https:\/\/electricstore.eu\/da\/wp-json\/wp\/v2\/media\/25285"}],"wp:attachment":[{"href":"https:\/\/electricstore.eu\/da\/wp-json\/wp\/v2\/media?parent=25283"}],"wp:term":[{"taxonomy":"product_brand","embeddable":true,"href":"https:\/\/electricstore.eu\/da\/wp-json\/wp\/v2\/product_brand?post=25283"},{"taxonomy":"product_cat","embeddable":true,"href":"https:\/\/electricstore.eu\/da\/wp-json\/wp\/v2\/product_cat?post=25283"},{"taxonomy":"product_tag","embeddable":true,"href":"https:\/\/electricstore.eu\/da\/wp-json\/wp\/v2\/product_tag?post=25283"}],"curies":[{"name":"wp","href":"https:\/\/api.w.org\/{rel}","templated":true}]}}