{"id":25236,"date":"2025-05-20T18:58:08","date_gmt":"2025-05-20T18:58:08","guid":{"rendered":"https:\/\/electricstore.eu\/p\/uncategorized\/vevor-hand-winch-boat-trailer-winch-heavy-duty-rope-crank-polyester-strap-and-two-way-ratchet-manual-operated-hand-crank-winch\/"},"modified":"2025-05-20T18:58:37","modified_gmt":"2025-05-20T18:58:37","slug":"vevor-hand-winch-boat-trailer-winch-heavy-duty-rope-crank-polyester-strap-and-two-way-ratchet-manual-operated-hand-crank-winch","status":"publish","type":"product","link":"https:\/\/electricstore.eu\/da\/p\/o\/electric-winches\/vevor-hand-winch-boat-trailer-winch-heavy-duty-rope-crank-polyester-strap-and-two-way-ratchet-manual-operated-hand-crank-winch\/","title":{"rendered":"VEVOR H\u00e5ndspil B\u00e5dtrailerspil Kraftigt reb Krumtap Polyesterrem og tovejs skralde Manuelt betjent h\u00e5ndsvingspil"},"content":{"rendered":"<div class=\"product-specs-list-container\">\n<ul class=\"product-specs-list util-clearfix\">\n<li class=\"product-prop line-limit-length\"><span\n                                        class=\"property-title\">Meget bekymret kemikalie:&nbsp;<\/span><span\n                                        class=\"property-desc line-limit-length\">Ingen<\/span>\n                            <\/li>\n<li class=\"product-prop line-limit-length\"><span\n                                        class=\"property-title\">Oprindelse:&nbsp;<\/span><span\n                                        class=\"property-desc line-limit-length\">Kinas fastland<\/span>\n                            <\/li>\n<li class=\"product-prop line-limit-length\"><span\n                                        class=\"property-title\">M\u00e6rkenavn:&nbsp;<\/span><span\n                                        class=\"property-desc line-limit-length\">VEVOR<\/span>\n                            <\/li>\n<li class=\"product-prop line-limit-length\"><span\n                                        class=\"property-title\">Varemodelnummer:&nbsp;<\/span><span\n                                        class=\"property-desc line-limit-length\">KW3500<\/span>\n                            <\/li>\n<li class=\"product-prop line-limit-length\"><span\n                                        class=\"property-title\">Max Pulling Capacity:&nbsp;<\/span><span\n                                        class=\"property-desc line-limit-length\">3500 lbs\/2000 lbs\/1600 lbs\/1200 lbs<\/span>\n                            <\/li>\n<li class=\"product-prop line-limit-length\"><span\n                                        class=\"property-title\">Produktv\u00e6gt:&nbsp;<\/span><span\n                                        class=\"property-desc line-limit-length\">11.35 lbs\/7.6 lbs\/8.59 lbs\/6.28 lbs<\/span>\n                            <\/li>\n<li class=\"product-prop line-limit-length\"><span\n                                        class=\"property-title\">3500lbs  Product Size:&nbsp;<\/span><span\n                                        class=\"property-desc line-limit-length\">10.23 x 6.29 x 7.08 in\/260 x 160 x 180 mm<\/span>\n                            <\/li>\n<li class=\"product-prop line-limit-length\"><span\n                                        class=\"property-title\">2000lbs  Product Size:&nbsp;<\/span><span\n                                        class=\"property-desc line-limit-length\">8.18 x 4.13 x 5.94 in\/208 x 105 x 151 mm<\/span>\n                            <\/li>\n<li class=\"product-prop line-limit-length\"><span\n                                        class=\"property-title\">1600lbs  Product Size:&nbsp;<\/span><span\n                                        class=\"property-desc line-limit-length\">8.81 x 5.94 x 6.96 in\/224 x 151 x 177 mm<\/span>\n                            <\/li>\n<li class=\"product-prop line-limit-length\"><span\n                                        class=\"property-title\">1200lbs  Product Size:&nbsp;<\/span><span\n                                        class=\"property-desc line-limit-length\">8.18 x 5.43 x 5.86 in\/208 x 138 x 149 mm<\/span>\n                            <\/li>\n<\/ul><\/div>\n<div class=\"detailmodule_dynamic\"><kse:widget data-widget-type=\"customText\" id=\"1005000000790434\" type=\"relation\"><\/kse:widget><\/div>\n<div class=\"detailmodule_html\">\n<div class=\"detail-desc-decorate-richtext\">\n<div style=\"font-family:&quot;Open sans&quot;, Arial, Helvetica, sans-serif\">\n<div><img decoding=\"async\" style=\"width:100%\" width=\"100%\" src=\"https:\/\/d2qc09rl1gfuof.cloudfront.net\/vevor\/boutique-banner\/pc\/banner-en.jpg\" slate-data-type=\"image\"\/><\/div>\n<div>\n<div style=\"font-size:16px;font-weight:bold;text-align:center;color:rgb(34, 34, 34);margin:24px 0px;margin-bottom:24px;margin-top:24px;margin-left:0px;margin-right:0px\" align=\"center\">VEVOR h\u00e5ndspil \u2013 Alt om tr\u00e6kkraft og lethed<\/div>\n<div><img decoding=\"async\" style=\"width:100%\" width=\"100%\" src=\"https:\/\/d2qc09rl1gfuof.cloudfront.net\/product\/CYSDJP3500BDRD94X\/hand-winch-a100-1.4.jpg\" slate-data-type=\"image\"\/><\/div>\n<div style=\"font-size:14px;text-align:center;color:rgb(34, 34, 34);margin:16px 0px 24px;margin-bottom:24px;margin-top:16px;margin-left:0px;margin-right:0px\" align=\"center\">Your new sidekick for tough pulls \u2013 our hand winch. With a 3500 lbs capacity, 33 ft strap, 4:1\/8:1 dual-speed two-way ratchet, and 10-inch easy-grip handle, it&#x27;s ready to be your on-the-go traction pro.<\/div>\n<div style=\"font-size:14px;text-align:center;color:rgb(34, 34, 34);margin:16px 0px 24px;margin-bottom:24px;margin-top:16px;margin-left:0px;margin-right:0px\" align=\"center\"><img decoding=\"async\" src=\"https:\/\/d2qc09rl1gfuof.cloudfront.net\/product\/CYSDJP2000BDI2OUW\/hand-winch-a100-1.4.jpg\" slate-data-type=\"image\"\/><\/div>\n<div style=\"font-size:14px;text-align:center;color:rgb(34, 34, 34);margin:16px 0px 24px;margin-bottom:24px;margin-top:16px;margin-left:0px;margin-right:0px\" align=\"center\"><span style=\"background-color:rgb(255, 255, 255);color:rgb(13, 17, 17);font-family:&quot;Roboto Condensed&quot;\">Your new sidekick for tough pulls \u2013 our hand winch. With a 2000 lbs capacity, 23 ft strap, 4:1 single-speed two-way ratchet, and 8-inch easy-grip handle, it&#x27;s ready to be your on-the-go traction pro.<\/span><\/div>\n<div style=\"font-size:14px;text-align:center;color:rgb(34, 34, 34);margin:16px 0px 24px;margin-bottom:24px;margin-top:16px;margin-left:0px;margin-right:0px\" align=\"center\"><img decoding=\"async\" src=\"https:\/\/d2qc09rl1gfuof.cloudfront.net\/product\/CYSDJP1600BDKMHDE\/hand-winch-a100-1.4.jpg\" slate-data-type=\"image\"\/><\/div>\n<div style=\"font-size:14px;text-align:center;color:rgb(34, 34, 34);margin:16px 0px 24px;margin-bottom:24px;margin-top:16px;margin-left:0px;margin-right:0px\" align=\"center\"><span style=\"background-color:rgb(255, 255, 255);color:rgb(13, 17, 17);font-family:&quot;Roboto Condensed&quot;\">Your new sidekick for tough pulls \u2013 our hand winch. With a 1600 lbs capacity, 33 ft strap, 4:1 single-speed two-way ratchet, and 8-inch easy-grip handle, it&#x27;s ready to be your on-the-go traction pro.<\/span><\/div>\n<div style=\"font-size:14px;text-align:center;color:rgb(34, 34, 34);margin:16px 0px 24px;margin-bottom:24px;margin-top:16px;margin-left:0px;margin-right:0px\" align=\"center\"><img decoding=\"async\" src=\"https:\/\/d2qc09rl1gfuof.cloudfront.net\/product\/CYSDJP1200BDE18BE\/hand-winch-a100-1.4.jpg\" slate-data-type=\"image\"\/><\/div>\n<div style=\"font-size:14px;text-align:center;color:rgb(34, 34, 34);margin:16px 0px 24px;margin-bottom:24px;margin-top:16px;margin-left:0px;margin-right:0px\" align=\"center\"><span style=\"background-color:rgb(255, 255, 255);color:rgb(13, 17, 17);font-family:&quot;Roboto Condensed&quot;\">Your new sidekick for tough pulls \u2013 our hand winch. With a 1200 lbs capacity, 23 ft strap, 4:1 single-speed two-way ratchet, and 8-inch easy-grip handle, it&#x27;s ready to be your on-the-go traction pro.<\/span><\/div>\n<\/div>\n<div>\n<div>\u00a0<\/div>\n<div style=\"margin:8px 0px;margin-bottom:8px;margin-top:8px;margin-left:0px;margin-right:0px\"><img decoding=\"async\" style=\"width:100%\" width=\"100%\" src=\"https:\/\/d2qc09rl1gfuof.cloudfront.net\/product\/CYSDJP3500BDRD94X\/hand-winch-a100-2.2.jpg\" slate-data-type=\"image\"\/><\/div>\n<div style=\"font-size:14px;text-align:center;color:rgb(34, 34, 34);margin:16px 0px 24px;margin-bottom:24px;margin-top:16px;margin-left:0px;margin-right:0px\" align=\"center\">Facing a stuck vehicle or a boat that just won&#x27;t budge? Our boat winch is here to save the day! It&#x27;s designed to tackle the trickiest of pulls with ease, offering 3500 lbs of pulling power for all your everyday challenges.<\/div>\n<div style=\"font-size:14px;text-align:center;color:rgb(34, 34, 34);margin:16px 0px 24px;margin-bottom:24px;margin-top:16px;margin-left:0px;margin-right:0px\" align=\"center\"><img decoding=\"async\" src=\"https:\/\/d2qc09rl1gfuof.cloudfront.net\/product\/CYSDJP2000BDI2OUW\/hand-winch-a100-2.2.jpg\" slate-data-type=\"image\"\/><\/div>\n<div style=\"font-size:14px;text-align:center;color:rgb(34, 34, 34);margin:16px 0px 24px;margin-bottom:24px;margin-top:16px;margin-left:0px;margin-right:0px\" align=\"center\"><span style=\"background-color:rgb(255, 255, 255);color:rgb(13, 17, 17);font-family:&quot;Roboto Condensed&quot;\">Facing a stuck vehicle or a boat that just won&#x27;t budge? Our boat winch is here to save the day! It&#x27;s designed to tackle the trickiest of pulls with ease, offering 2000 lbs of pulling power for all your everyday challenges.<\/span><\/div>\n<div style=\"font-size:14px;text-align:center;color:rgb(34, 34, 34);margin:16px 0px 24px;margin-bottom:24px;margin-top:16px;margin-left:0px;margin-right:0px\" align=\"center\"><img decoding=\"async\" src=\"https:\/\/d2qc09rl1gfuof.cloudfront.net\/product\/CYSDJP1600BDKMHDE\/hand-winch-a100-2.2.jpg\" slate-data-type=\"image\"\/><\/div>\n<div style=\"font-size:14px;text-align:center;color:rgb(34, 34, 34);margin:16px 0px 24px;margin-bottom:24px;margin-top:16px;margin-left:0px;margin-right:0px\" align=\"center\"><span style=\"background-color:rgb(255, 255, 255);color:rgb(13, 17, 17);font-family:&quot;Roboto Condensed&quot;\">Facing a stuck vehicle or a boat that just won&#x27;t budge? Our boat winch is here to save the day! It&#x27;s designed to tackle the trickiest of pulls with ease, offering 1600 lbs of pulling power for all your everyday challenges.<\/span><\/div>\n<div style=\"font-size:14px;text-align:center;color:rgb(34, 34, 34);margin:16px 0px 24px;margin-bottom:24px;margin-top:16px;margin-left:0px;margin-right:0px\" align=\"center\"><img decoding=\"async\" src=\"https:\/\/d2qc09rl1gfuof.cloudfront.net\/product\/CYSDJP1200BDE18BE\/hand-winch-a100-2.2.jpg\" slate-data-type=\"image\"\/><\/div>\n<div style=\"font-size:14px;text-align:center;color:rgb(34, 34, 34);margin:16px 0px 24px;margin-bottom:24px;margin-top:16px;margin-left:0px;margin-right:0px\" align=\"center\"><span style=\"background-color:rgb(255, 255, 255);color:rgb(13, 17, 17);font-family:&quot;Roboto Condensed&quot;\">Facing a stuck vehicle or a boat that just won&#x27;t budge? Our boat winch is here to save the day! It&#x27;s designed to tackle the trickiest of pulls with ease, offering 1200 lbs of pulling power for all your everyday challenges.<\/span><\/div>\n<\/div>\n<div>\n<div>\u00a0<\/div>\n<div style=\"margin:8px 0px;margin-bottom:8px;margin-top:8px;margin-left:0px;margin-right:0px\"><img decoding=\"async\" style=\"width:100%\" width=\"100%\" src=\"https:\/\/d2qc09rl1gfuof.cloudfront.net\/product\/CYSDJP3500BDRD94X\/hand-winch-a100-2.3.jpg\" slate-data-type=\"image\"\/><\/div>\n<div style=\"font-size:14px;text-align:center;color:rgb(34, 34, 34);margin:16px 0px 24px;margin-bottom:24px;margin-top:16px;margin-left:0px;margin-right:0px\" align=\"center\">Glem alt om gear, der giver op ved det f\u00f8rste tegn p\u00e5 vejr. Vores b\u00e5dtovs krumtapgear er varmebehandlet for at kunne modst\u00e5 alt \u2013 hvad enten det er en snestorm eller en solskinsdag. Rustbestandige og problemfri gear handler om p\u00e5lidelighed.<\/div>\n<\/div>\n<div>\n<div>\u00a0<\/div>\n<div style=\"margin:8px 0px;margin-bottom:8px;margin-top:8px;margin-left:0px;margin-right:0px\"><img decoding=\"async\" style=\"width:100%\" width=\"100%\" src=\"https:\/\/d2qc09rl1gfuof.cloudfront.net\/product\/CYSDJP3500BDRD94X\/hand-winch-a100-2.4.jpg\" slate-data-type=\"image\"\/><\/div>\n<div style=\"font-size:14px;text-align:center;color:rgb(34, 34, 34);margin:16px 0px 24px;margin-bottom:24px;margin-top:16px;margin-left:0px;margin-right:0px\" align=\"center\">Vores h\u00e5ndsvingsspil har en solid, smedet krog i \u00e9t stykke, der er st\u00e6rk nok til de tungeste l\u00e6s. Dens brede \u00e5bning er klar til selv de tungeste reb eller anh\u00e6ngerkroge, og med en selvl\u00e5sende sikkerhedsl\u00e5s forbliver din last sikkert fastgjort.<\/div>\n<\/div>\n<div>\n<div>\u00a0<\/div>\n<div style=\"margin:8px 0px;margin-bottom:8px;margin-top:8px;margin-left:0px;margin-right:0px\"><img decoding=\"async\" style=\"width:100%\" width=\"100%\" src=\"https:\/\/d2qc09rl1gfuof.cloudfront.net\/product\/CYSDJP3500BDRD94X\/hand-winch-a100-2.5.jpg\" slate-data-type=\"image\"\/><\/div>\n<div style=\"font-size:14px;text-align:center;color:rgb(34, 34, 34);margin:16px 0px 24px;margin-bottom:24px;margin-top:16px;margin-left:0px;margin-right:0px\" align=\"center\">Du beh\u00f8ver ikke at v\u00e6re en v\u00e6rkt\u00f8jsn\u00f8rd for at installere dette kraftige h\u00e5ndspil. Bare monter det, indstil h\u00e5ndtaget, juster skralden, og s\u00e5 er du klar. Hurtigt, nemt og problemfrit \u2013 s\u00e5 enkelt er det.<\/div>\n<\/div>\n<div style=\"margin:16px 0px 24px;margin-bottom:24px;margin-top:16px;margin-left:0px;margin-right:0px\"><\/div>\n<div style=\"margin:24px 0px;margin-bottom:24px;margin-top:24px;margin-left:0px;margin-right:0px\">\n<div style=\"font-size:16px;font-weight:bold;color:rgb(34, 34, 34);margin:24px 0px 16px;margin-bottom:16px;margin-top:24px;margin-left:0px;margin-right:0px\">Funktioner og detaljer<\/div>\n<ul style=\"margin:16px 0px 24px;margin-bottom:24px;margin-top:16px;margin-left:0px;margin-right:0px\">\n<li style=\"font-size:14px;color:rgb(34, 34, 34)\">\n<p>Tough Strap, Tougher Performance: Our hand winch features a 33 ft high-strength polyester strap with a pulling force of up to 3500 lbs. Forget about those fragile, break-prone ropes. This one&#x27;s in it for the long haul, ready to tackle even the heftiest vehicles and boats.<\/p>\n<\/li>\n<li style=\"font-size:14px;color:rgb(34, 34, 34)\">\n<p>Tovejs-skralde: Denne b\u00e5dtovsving er udstyret med en f\u00f8rsteklasses tovejs-skralde i kulstofst\u00e5l. Med en 4:1\/8:1 dobbelt hastighed til justering af h\u00e5ndtagets position handler det om kontrol \u2013 indspoling, udspoling, dit valg. Takket v\u00e6re den h\u00f8jtemperaturh\u00e6rdningsproces er disse gear robuste og klar til at modst\u00e5 udend\u00f8rslivets p\u00e5virkninger.<\/p>\n<\/li>\n<li style=\"font-size:14px;color:rgb(34, 34, 34)\">\n<p>Smedet krog: Det handler ikke kun om b\u00e5dens spilrem. Krogen er ogs\u00e5 vigtig. Vi taler om en 26 mm bred \u00e5bning, der er smedet for styrke og klar til at klare tunge belastninger uden besv\u00e6r. Dens antikorrosions- og revnebestandige konstruktion betyder, at den holder sin form, brug efter brug. Derudover giver sikkerhedsl\u00e5sen dig ro i sindet.<\/p>\n<\/li>\n<li style=\"font-size:14px;color:rgb(34, 34, 34)\">\n<p>H\u00e5ndter med lethed: Vores h\u00e5ndsvingsspil har et ergonomisk h\u00e5ndtag, der er perfekt dimensioneret til 25 cm. Det handler om greb og komfort her, kombineret med en robust galvaniseret ramme. Hurtig at installere og endnu hurtigere at bruge \u2013 dette lille kraftv\u00e6rk g\u00f8r det nemt at tr\u00e6kke tunge k\u00f8ret\u00f8jer og b\u00e5de.<\/p>\n<\/li>\n<li style=\"font-size:14px;color:rgb(34, 34, 34)\">\n<p>Klar til alt, hvor som helst: Nem at s\u00e6tte op, nem at bruge \u2013 vores kraftige h\u00e5ndspil er din foretrukne l\u00f8sning til vandret tr\u00e6k, uanset hvor du er. Indend\u00f8rs, udend\u00f8rs, p\u00e5 vandet eller land \u2013 tag det med til motorb\u00e5de, trailere eller terr\u00e6ng\u00e5ende k\u00f8ret\u00f8jer, og se det udf\u00f8re sin magi.<\/p>\n<\/li>\n<li style=\"font-size:14px;color:rgb(34, 34, 34)\">\n<p><span style=\"color:rgb(0, 0, 0);font-size:medium\"><strong><span style=\"font-size:24px\"><span style=\"color:rgb(186, 55, 42)\">3500LBS<\/span><\/span><\/strong><\/span><span style=\"color:rgb(0, 0, 0);font-size:medium\"><strong><span style=\"font-size:24px\">\u00a0Specifikationer<\/span><\/strong><\/span><\/p>\n<\/li>\n<\/ul>\n<\/div>\n<div>\n<div>\u00a0<\/div>\n<div>\n<div>\u00a0<\/div>\n<div style=\"margin:16px 0px 24px;margin-bottom:24px;margin-top:16px;margin-left:0px;margin-right:0px\"><img decoding=\"async\" style=\"width:100%\" width=\"100%\" src=\"https:\/\/d2qc09rl1gfuof.cloudfront.net\/product\/CYSDJP3500BDRD94X\/hand-winch-a100-1.11.jpg\" slate-data-type=\"image\"\/><\/div>\n<div style=\"margin:16px 0px 24px;margin-bottom:24px;margin-top:16px;margin-left:0px;margin-right:0px\">\n<ul style=\"margin:16px 0px 24px;margin-bottom:24px;margin-top:16px;margin-left:0px;margin-right:0px\">\n<li style=\"font-size:14px;color:rgb(34, 34, 34)\">\n<p><span style=\"color:rgb(0, 0, 0);font-size:medium\"><strong><span style=\"font-size:24px\"><span style=\"color:rgb(186, 55, 42)\">2000LBS<\/span><\/span><\/strong><\/span><span style=\"color:rgb(0, 0, 0);font-size:medium\"><strong><span style=\"font-size:24px\"> Specifikationer<\/span><\/strong><\/span><\/p>\n<\/li>\n<\/ul>\n<\/div>\n<\/div>\n<\/div>\n<div>\n<div>\u00a0<\/div>\n<div>\n<div>\u00a0<\/div>\n<div style=\"margin:16px 0px 24px;margin-bottom:24px;margin-top:16px;margin-left:0px;margin-right:0px\"><img decoding=\"async\" style=\"width:100%\" width=\"100%\" src=\"https:\/\/d2qc09rl1gfuof.cloudfront.net\/product\/CYSDJP2000BDI2OUW\/hand-winch-a100-1.11.jpg\" slate-data-type=\"image\"\/><\/div>\n<div style=\"margin:16px 0px 24px;margin-bottom:24px;margin-top:16px;margin-left:0px;margin-right:0px\">\n<ul style=\"margin:16px 0px 24px;margin-bottom:24px;margin-top:16px;margin-left:0px;margin-right:0px\">\n<li style=\"font-size:14px;color:rgb(34, 34, 34)\">\n<p><span style=\"color:rgb(0, 0, 0);font-size:medium\"><strong><span style=\"font-size:24px\"><span style=\"color:rgb(186, 55, 42)\">1600LBS<\/span><\/span><\/strong><\/span><span style=\"color:rgb(0, 0, 0);font-size:medium\"><strong><span style=\"font-size:24px\"> Specifikationer<\/span><\/strong><\/span><\/p>\n<\/li>\n<\/ul>\n<\/div>\n<\/div>\n<\/div>\n<div>\n<div>\u00a0<\/div>\n<div>\n<div>\u00a0<\/div>\n<div style=\"margin:16px 0px 24px;margin-bottom:24px;margin-top:16px;margin-left:0px;margin-right:0px\"><img decoding=\"async\" style=\"width:100%\" width=\"100%\" src=\"https:\/\/d2qc09rl1gfuof.cloudfront.net\/product\/CYSDJP1600BDKMHDE\/hand-winch-a100-1.11.jpg\" slate-data-type=\"image\"\/><\/div>\n<div style=\"margin:16px 0px 24px;margin-bottom:24px;margin-top:16px;margin-left:0px;margin-right:0px\">\n<ul style=\"margin:16px 0px 24px;margin-bottom:24px;margin-top:16px;margin-left:0px;margin-right:0px\">\n<li style=\"font-size:14px;color:rgb(34, 34, 34)\">\n<p><span style=\"color:rgb(0, 0, 0);font-size:medium\"><strong><span style=\"font-size:24px\"><span style=\"color:rgb(186, 55, 42)\">1200LBS<\/span><\/span><\/strong><\/span><span style=\"color:rgb(0, 0, 0);font-size:medium\"><strong><span style=\"font-size:24px\"> Specifikationer<\/span><\/strong><\/span><\/p>\n<\/li>\n<\/ul>\n<\/div>\n<\/div>\n<\/div>\n<div>\n<div>\u00a0<\/div>\n<div>\n<div>\u00a0<\/div>\n<div style=\"margin:16px 0px 24px;margin-bottom:24px;margin-top:16px;margin-left:0px;margin-right:0px\"><img decoding=\"async\" style=\"width:100%\" width=\"100%\" src=\"https:\/\/d2qc09rl1gfuof.cloudfront.net\/product\/CYSDJP1200BDE18BE\/hand-winch-a100-1.11.jpg\" slate-data-type=\"image\"\/><\/div>\n<\/div>\n<\/div>\n<\/div>\n<p><\/p>\n<\/div>\n<\/div>\n<div class=\"detailmodule_dynamic\"><kse:widget data-widget-type=\"customText\" id=\"1005000000397265\" type=\"custom\"><\/kse:widget><\/div>\n<p><\/p>","protected":false},"excerpt":{"rendered":"<p>Hign-concerned Chemical:&nbsp;None Origin:&nbsp;Mainland China Brand Name:&nbsp;VEVOR Item Model Number:&nbsp;KW3500 Max Pulling Capacity:&nbsp;3500 lbs\/2000 lbs\/1600 lbs\/1200 lbs Product Weight:&nbsp;11.35 lbs\/7.6 lbs\/8.59 lbs\/6.28 lbs 3500lbs Product Size:&nbsp;10.23 x 6.29 x 7.08 in\/260<\/p>","protected":false},"featured_media":25237,"comment_status":"open","ping_status":"closed","template":"","meta":{"_acf_changed":false},"product_brand":[],"product_cat":[522],"product_tag":[],"class_list":{"0":"post-25236","1":"product","2":"type-product","3":"status-publish","4":"has-post-thumbnail","6":"product_cat-electric-winches","8":"first","9":"instock","10":"shipping-taxable","11":"purchasable","12":"product-type-variable"},"acf":[],"_links":{"self":[{"href":"https:\/\/electricstore.eu\/da\/wp-json\/wp\/v2\/product\/25236","targetHints":{"allow":["GET"]}}],"collection":[{"href":"https:\/\/electricstore.eu\/da\/wp-json\/wp\/v2\/product"}],"about":[{"href":"https:\/\/electricstore.eu\/da\/wp-json\/wp\/v2\/types\/product"}],"replies":[{"embeddable":true,"href":"https:\/\/electricstore.eu\/da\/wp-json\/wp\/v2\/comments?post=25236"}],"wp:featuredmedia":[{"embeddable":true,"href":"https:\/\/electricstore.eu\/da\/wp-json\/wp\/v2\/media\/25237"}],"wp:attachment":[{"href":"https:\/\/electricstore.eu\/da\/wp-json\/wp\/v2\/media?parent=25236"}],"wp:term":[{"taxonomy":"product_brand","embeddable":true,"href":"https:\/\/electricstore.eu\/da\/wp-json\/wp\/v2\/product_brand?post=25236"},{"taxonomy":"product_cat","embeddable":true,"href":"https:\/\/electricstore.eu\/da\/wp-json\/wp\/v2\/product_cat?post=25236"},{"taxonomy":"product_tag","embeddable":true,"href":"https:\/\/electricstore.eu\/da\/wp-json\/wp\/v2\/product_tag?post=25236"}],"curies":[{"name":"wp","href":"https:\/\/api.w.org\/{rel}","templated":true}]}}