{"id":24949,"date":"2025-05-20T18:43:35","date_gmt":"2025-05-20T18:43:35","guid":{"rendered":"https:\/\/electricstore.eu\/p\/uncategorized\/vevor-200-300-350-lbs-beach-fishing-cart-with-two-11-13-16-wheels-7-rod-holders-steel-pier-wagon-trolley-for-sand-picnic\/"},"modified":"2025-05-20T18:46:42","modified_gmt":"2025-05-20T18:46:42","slug":"vevor-200-300-350-lbs-beach-fishing-cart-with-two-11-13-16-wheels-7-rod-holders-steel-pier-wagon-trolley-for-sand-picnic","status":"publish","type":"product","link":"https:\/\/electricstore.eu\/da\/p\/o\/bike-trailers-and-wagons\/vevor-200-300-350-lbs-beach-fishing-cart-with-two-11-13-16-wheels-7-rod-holders-steel-pier-wagon-trolley-for-sand-picnic\/","title":{"rendered":"VEVOR 200\/300\/350 lbs strandfiskevogn med to 11\u2033\/13\u2033\/16\u2033 hjul, 7 stangholdere, st\u00e5lbrovogn til sandpicnic"},"content":{"rendered":"<div class=\"product-specs-list-container\">\n<ul class=\"product-specs-list util-clearfix\">\n<li class=\"product-prop line-limit-length\"><span\n                                        class=\"property-title\">Meget bekymret kemikalie:&nbsp;<\/span><span\n                                        class=\"property-desc line-limit-length\">Ingen<\/span>\n                            <\/li>\n<li class=\"product-prop line-limit-length\"><span\n                                        class=\"property-title\">Oprindelse:&nbsp;<\/span><span\n                                        class=\"property-desc line-limit-length\">Kinas fastland<\/span>\n                            <\/li>\n<li class=\"product-prop line-limit-length\"><span\n                                        class=\"property-title\">Belastningskapacitet:&nbsp;<\/span><span\n                                        class=\"property-desc line-limit-length\">200\/300\/350 pund<\/span>\n                            <\/li>\n<li class=\"product-prop line-limit-length\"><span\n                                        class=\"property-title\">M\u00e6rkenavn:&nbsp;<\/span><span\n                                        class=\"property-desc line-limit-length\">VEVOR<\/span>\n                            <\/li>\n<li class=\"product-prop line-limit-length\"><span\n                                        class=\"property-title\">M\u00e6rke:&nbsp;<\/span><span\n                                        class=\"property-desc line-limit-length\">VEVOR<\/span>\n                            <\/li>\n<li class=\"product-prop line-limit-length\"><span\n                                        class=\"property-title\">Maksimal v\u00e6gtkapacitet:&nbsp;<\/span><span\n                                        class=\"property-desc line-limit-length\">200\/300\/350 pund<\/span>\n                            <\/li>\n<li class=\"product-prop line-limit-length\"><span\n                                        class=\"property-title\">Hjulst\u00f8rrelse:&nbsp;<\/span><span\n                                        class=\"property-desc line-limit-length\">13\/11\/16 i<\/span>\n                            <\/li>\n<li class=\"product-prop line-limit-length\"><span\n                                        class=\"property-title\">Type:&nbsp;<\/span><span\n                                        class=\"property-desc line-limit-length\">Strandfiskevogn<\/span>\n                            <\/li>\n<li class=\"product-prop line-limit-length\"><span\n                                        class=\"property-title\">Farve:&nbsp;<\/span><span\n                                        class=\"property-desc line-limit-length\">Sort\/Hvid<\/span>\n                            <\/li>\n<\/ul><\/div>\n<div class=\"detailmodule_html\">\n<div class=\"detail-desc-decorate-richtext\">\n<div class=\"detailmodule_dynamic\">\n <kse:widget data-widget-type=\"customText\" id=\"1005000000821364\" type=\"relation\"><\/kse:widget>\n<\/div>\n<div style=\"font-family:&quot;Open sans&quot;, Arial, Helvetica, sans-serif\">\n<div>\n  <img decoding=\"async\" style=\"width:100%\" width=\"100%\" src=\"https:\/\/d2qc09rl1gfuof.cloudfront.net\/vevor\/boutique-banner\/pc\/banner-en.jpg\" slate-data-type=\"image\" \/>\n <\/div>\n<div>\n<div style=\"font-size:16px;font-weight:bold;text-align:center;color:rgb(34, 34, 34);margin:24px 0px;margin-bottom:24px;margin-top:24px;margin-left:0px;margin-right:0px\" align=\"center\">\n   VEVOR Strandfiskevogn: Din p\u00e5lidelige udend\u00f8rsven\n  <\/div>\n<div>\n   <img decoding=\"async\" style=\"width:100%\" width=\"100%\" src=\"https:\/\/d2qc09rl1gfuof.cloudfront.net\/product\/LLKYJC11YC0080XFQ\/fishing-cart-a100-1.4.jpg\" slate-data-type=\"image\" \/>\n  <\/div>\n<div style=\"font-size:14px;text-align:center;color:rgb(34, 34, 34);margin:16px 0px 24px;margin-bottom:24px;margin-top:16px;margin-left:0px;margin-right:0px\" align=\"center\">\n   Forestil dig dette: en fiskevogn med en solid st\u00e5lramme, der ruller problemfrit p\u00e5 28 cm oppustelige gummihjul. Med m\u00e5lene 81 x 34 x 18 cm og klar til at b\u00e6re op til 90 kg med 7 stangholdere, er den din perfekte partner til fiskeeventyr.\n  <\/div><\/div>\n<div>\n<div style=\"margin:8px 0px;margin-bottom:8px;margin-top:8px;margin-left:0px;margin-right:0px\">\n   <img decoding=\"async\" style=\"width:100%\" width=\"100%\" src=\"https:\/\/d2qc09rl1gfuof.cloudfront.net\/product\/LLKYJC11YC0080XFQ\/fishing-cart-a100-2.2.jpg\" slate-data-type=\"image\" \/>\n  <\/div>\n<div style=\"font-size:14px;text-align:center;color:rgb(34, 34, 34);margin:16px 0px 24px;margin-bottom:24px;margin-top:16px;margin-left:0px;margin-right:0px\" align=\"center\">\n   Vores strandfiskevogn har hjul, der elsker udfordringer \u2013 uanset om det er sandstrande, klippefyldte stier eller gr\u00e6smarker, g\u00f8r de enhver rejse problemfri og ubesv\u00e6ret.\n  <\/div><\/div>\n<div>\n<div style=\"margin:8px 0px;margin-bottom:8px;margin-top:8px;margin-left:0px;margin-right:0px\">\n   <img decoding=\"async\" style=\"width:100%\" width=\"100%\" src=\"https:\/\/d2qc09rl1gfuof.cloudfront.net\/product\/LLKYJC11YC0080XFQ\/fishing-cart-a100-2.3.jpg\" slate-data-type=\"image\" \/>\n  <\/div>\n<div style=\"font-size:14px;text-align:center;color:rgb(34, 34, 34);margin:16px 0px 24px;margin-bottom:24px;margin-top:16px;margin-left:0px;margin-right:0px\" align=\"center\">\n   Vi har opgraderet til rustfri st\u00e5lbolte, der modst\u00e5r l\u00f8sning, rust og slid, hvilket sikrer en robust og p\u00e5lidelig fiskevogn p\u00e5 stranden, der holder formen efter langvarig brug.\n  <\/div><\/div>\n<div>\n<div style=\"margin:8px 0px;margin-bottom:8px;margin-top:8px;margin-left:0px;margin-right:0px\">\n   <img decoding=\"async\" style=\"width:100%\" width=\"100%\" src=\"https:\/\/d2qc09rl1gfuof.cloudfront.net\/product\/LLKYJC11YC0080XFQ\/fishing-cart-a100-2.4.jpg\" slate-data-type=\"image\" \/>\n  <\/div>\n<div style=\"font-size:14px;text-align:center;color:rgb(34, 34, 34);margin:16px 0px 24px;margin-bottom:24px;margin-top:16px;margin-left:0px;margin-right:0px\" align=\"center\">\n   Sig farvel til besv\u00e6rlig hjulmontering. Vores vogn har en simpel stiftmekanisme til hurtig og nem montering og afmontering af hjul, plus en O-ringsstift for ekstra ro i sindet.\n  <\/div><\/div>\n<div>\n<div style=\"margin:8px 0px;margin-bottom:8px;margin-top:8px;margin-left:0px;margin-right:0px\">\n   <img decoding=\"async\" style=\"width:100%\" width=\"100%\" src=\"https:\/\/d2qc09rl1gfuof.cloudfront.net\/product\/LLKYJC11YC0080XFQ\/fishing-cart-a100-2.5.jpg\" slate-data-type=\"image\" \/>\n  <\/div>\n<div style=\"font-size:14px;text-align:center;color:rgb(34, 34, 34);margin:16px 0px 24px;margin-bottom:24px;margin-top:16px;margin-left:0px;margin-right:0px\" align=\"center\">\n   Mere end bare en fiskekammerat! Uanset om det er udend\u00f8rs fotografering, picnic eller camping, h\u00e5ndterer denne fiskevogn til molen alt dit udstyr med lethed og sparer dig for de frem og tilbage ture.\n  <\/div><\/div>\n<div style=\"margin:16px 0px 24px;margin-bottom:24px;margin-top:16px;margin-left:0px;margin-right:0px\"><\/div>\n<div style=\"margin:24px 0px;margin-bottom:24px;margin-top:24px;margin-left:0px;margin-right:0px\">\n<div style=\"font-size:16px;font-weight:bold;color:rgb(34, 34, 34);margin:24px 0px 16px;margin-bottom:16px;margin-top:24px;margin-left:0px;margin-right:0px\">\n   Funktioner og detaljer\n  <\/div>\n<ul style=\"margin:16px 0px 24px;margin-bottom:24px;margin-top:16px;margin-left:0px;margin-right:0px\">\n<li style=\"font-size:14px;color:rgb(34, 34, 34)\">\n<p>Robust stel: M\u00f8d VEVOR strandfiskevognen, fremstillet af h\u00f8jkvalitetsst\u00e5l for en stel, der ikke bare er robust, men ogs\u00e5 rustbestandig. Det er som at have en p\u00e5lidelig fiskekammerat, der aldrig skuffer dig. Plus, den er let \u2013 s\u00e5 du kan fokusere p\u00e5 fangsten, ikke p\u00e5 at b\u00e6re!<\/p>\n<\/li>\n<li style=\"font-size:14px;color:rgb(34, 34, 34)\">\n<p>Praktiske oppustelige hjul: Denne fiskevogn til stranden er udstyret med 11-tommer oppustelige gummihjul, der glider hen over sand, mudder, grus og gr\u00e6s som en dr\u00f8m. Disse hjul b\u00e6rer ikke bare din last; de g\u00f8r din rejse til det perfekte fiskested lige s\u00e5 problemfri som din yndlingsfiskeline.<\/p>\n<\/li>\n<li style=\"font-size:14px;color:rgb(34, 34, 34)\">\n<p>Rigelig opbevaringsplads: Med en ramme, der er 89 cm lang, 34 cm bred og 18 cm h\u00f8j, plus robuste 28 cm hjul, kan denne fiskevogn klare op til 90 kg. Surfudstyr, strandudstyr, you name it \u2013 pak det og tag afsted uden bekymringer!<\/p>\n<\/li>\n<li style=\"font-size:14px;color:rgb(34, 34, 34)\">\n<p>Aftagelig struktur: Glem besv\u00e6ret med det besv\u00e6rlige og vanskelige opbevaringsdesign af vogne i \u00e9t stykke. Vores fiskevogn til molen har en aftagelig struktur, hvilket g\u00f8r opbevaring til en leg. Det er som magi: en kompakt vogn, der passer p\u00e6nt ind i dit hjem uden rod.<\/p>\n<\/li>\n<li style=\"font-size:14px;color:rgb(34, 34, 34)\">\n<p>Multifunktionel og b\u00e6rbar: Udstyret med 7 stangholdere og et b\u00e6rbart design til stanginds\u00e6tning er denne fiskevogn revolutionerende for lystfiskere. Holderne med en diameter p\u00e5 5 cm passer til forskellige fiskest\u00e6nger. Det handler om bekvemmelighed: tag en stang, kast den, og du er i gang med at fiske p\u00e5 ingen tid.<\/p>\n<\/li>\n<\/ul><\/div>\n<div>\n<div>\n<div style=\"margin:16px 0px 24px;margin-bottom:24px;margin-top:16px;margin-left:0px;margin-right:0px\">\n    <strong>200lbs 11 tommer hjul<\/strong>\n   <\/div>\n<div style=\"margin:16px 0px 24px;margin-bottom:24px;margin-top:16px;margin-left:0px;margin-right:0px\">\n    <img decoding=\"async\" style=\"width:100%\" width=\"100%\" src=\"https:\/\/d2qc09rl1gfuof.cloudfront.net\/product\/LLKYJC11YC0080XFQ\/fishing-cart-a100-1.11.jpg\" slate-data-type=\"image\" \/>\n   <\/div><\/div><\/div>\n<div>\n<div>\n<div style=\"margin:16px 0px 24px;margin-bottom:24px;margin-top:16px;margin-left:0px;margin-right:0px\">\n    <strong>13 tommer hjul p\u00e5 130 kg<\/strong>\n   <\/div>\n<div style=\"margin:16px 0px 24px;margin-bottom:24px;margin-top:16px;margin-left:0px;margin-right:0px\">\n    <img decoding=\"async\" style=\"width:100%\" width=\"100%\" src=\"https:\/\/d2qc09rl1gfuof.cloudfront.net\/product\/LLKYJC13YC0073FBM\/fishing-cart-a100-1.11.jpg\" slate-data-type=\"image\" \/>\n   <\/div><\/div><\/div>\n<div>\n<div>\n<div style=\"margin:16px 0px 24px;margin-bottom:24px;margin-top:16px;margin-left:0px;margin-right:0px\">\n    <strong>16 tommer hjul p\u00e5 350 pund<\/strong>\n   <\/div>\n<div style=\"margin:16px 0px 24px;margin-bottom:24px;margin-top:16px;margin-left:0px;margin-right:0px\">\n    <img decoding=\"async\" style=\"width:100%\" width=\"100%\" src=\"https:\/\/d2qc09rl1gfuof.cloudfront.net\/product\/LLKYJC15YC00NZ89O\/fishing-cart-a100-1.11.jpg\" slate-data-type=\"image\" \/>\n   <\/div><\/div><\/div>\n<\/div>\n<div class=\"detailmodule_dynamic\">\n <kse:widget data-widget-type=\"customText\" id=\"1005000000397265\" type=\"custom\"><\/kse:widget>\n<\/div>\n<p><\/p>\n<\/div>\n<\/div>","protected":false},"excerpt":{"rendered":"<p>Hign-concerned Chemical:&nbsp;None Origin:&nbsp;Mainland China Load Capacity:&nbsp;200\/300\/350lbs Brand Name:&nbsp;VEVOR Brand:&nbsp;VEVOR Maximum Weight Capacity:&nbsp;200\/300\/350lbs Wheel Size:&nbsp;11\/13\/16 in Type:&nbsp;Beach Fishing Cart Color:&nbsp;Black\/White VEVOR Beach Fishing Cart: Your Reliable Outdoor Buddy Picture this: a<\/p>","protected":false},"featured_media":24950,"comment_status":"open","ping_status":"closed","template":"","meta":{"_acf_changed":false},"product_brand":[],"product_cat":[523],"product_tag":[],"class_list":{"0":"post-24949","1":"product","2":"type-product","3":"status-publish","4":"has-post-thumbnail","6":"product_cat-bike-trailers-and-wagons","8":"first","9":"instock","10":"shipping-taxable","11":"purchasable","12":"product-type-variable"},"acf":[],"_links":{"self":[{"href":"https:\/\/electricstore.eu\/da\/wp-json\/wp\/v2\/product\/24949","targetHints":{"allow":["GET"]}}],"collection":[{"href":"https:\/\/electricstore.eu\/da\/wp-json\/wp\/v2\/product"}],"about":[{"href":"https:\/\/electricstore.eu\/da\/wp-json\/wp\/v2\/types\/product"}],"replies":[{"embeddable":true,"href":"https:\/\/electricstore.eu\/da\/wp-json\/wp\/v2\/comments?post=24949"}],"wp:featuredmedia":[{"embeddable":true,"href":"https:\/\/electricstore.eu\/da\/wp-json\/wp\/v2\/media\/24950"}],"wp:attachment":[{"href":"https:\/\/electricstore.eu\/da\/wp-json\/wp\/v2\/media?parent=24949"}],"wp:term":[{"taxonomy":"product_brand","embeddable":true,"href":"https:\/\/electricstore.eu\/da\/wp-json\/wp\/v2\/product_brand?post=24949"},{"taxonomy":"product_cat","embeddable":true,"href":"https:\/\/electricstore.eu\/da\/wp-json\/wp\/v2\/product_cat?post=24949"},{"taxonomy":"product_tag","embeddable":true,"href":"https:\/\/electricstore.eu\/da\/wp-json\/wp\/v2\/product_tag?post=24949"}],"curies":[{"name":"wp","href":"https:\/\/api.w.org\/{rel}","templated":true}]}}