{"id":24937,"date":"2025-05-20T18:43:31","date_gmt":"2025-05-20T18:43:31","guid":{"rendered":"https:\/\/electricstore.eu\/p\/uncategorized\/vevor-ratchet-chain-binder-3-8-1-2-heavy-duty-load-binders-12000-lbs-limit-hauling-chain-binders-for-flatbed-truck-trailer-4pc\/"},"modified":"2025-05-20T18:46:10","modified_gmt":"2025-05-20T18:46:10","slug":"vevor-ratchet-chain-binder-3-8-1-2-heavy-duty-load-binders-12000-lbs-limit-hauling-chain-binders-for-flatbed-truck-trailer-4pc","status":"publish","type":"product","link":"https:\/\/electricstore.eu\/da\/p\/o\/electric-lifting-hoists\/vevor-ratchet-chain-binder-3-8-1-2-heavy-duty-load-binders-12000-lbs-limit-hauling-chain-binders-for-flatbed-truck-trailer-4pc\/","title":{"rendered":"VEVOR Skraldek\u00e6debinder 3\/8\u2033-1\/2\u2033 Kraftige lastbindere 12000 lbs Begr\u00e6nsningsk\u00e6debindere til fladvognsanh\u00e6ngere 4 stk."},"content":{"rendered":"<div class=\"product-specs-list-container\">\n<ul class=\"product-specs-list util-clearfix\">\n<li class=\"product-prop line-limit-length\"><span\n                                        class=\"property-title\">Meget bekymret kemikalie:&nbsp;<\/span><span\n                                        class=\"property-desc line-limit-length\">Ingen<\/span>\n                            <\/li>\n<li class=\"product-prop line-limit-length\"><span\n                                        class=\"property-title\">Oprindelse:&nbsp;<\/span><span\n                                        class=\"property-desc line-limit-length\">Kinas fastland<\/span>\n                            <\/li>\n<li class=\"product-prop line-limit-length\"><span\n                                        class=\"property-title\">M\u00e6rkenavn:&nbsp;<\/span><span\n                                        class=\"property-desc line-limit-length\">VEVOR<\/span>\n                            <\/li>\n<li class=\"product-prop line-limit-length\"><span\n                                        class=\"property-title\">M\u00e6rke:&nbsp;<\/span><span\n                                        class=\"property-desc line-limit-length\">VEVOR<\/span>\n                            <\/li>\n<li class=\"product-prop line-limit-length\"><span\n                                        class=\"property-title\">Materiale:&nbsp;<\/span><span\n                                        class=\"property-desc line-limit-length\">St\u00f8bt st\u00e5l<\/span>\n                            <\/li>\n<li class=\"product-prop line-limit-length\"><span\n                                        class=\"property-title\">Maks. belastning af k\u00e6de:&nbsp;<\/span><span\n                                        class=\"property-desc line-limit-length\">3220 kg<\/span>\n                            <\/li>\n<li class=\"product-prop line-limit-length\"><span\n                                        class=\"property-title\">Palstruktur:&nbsp;<\/span><span\n                                        class=\"property-desc line-limit-length\">Eksternt justeringsh\u00e5ndtag<\/span>\n                            <\/li>\n<li class=\"product-prop line-limit-length\"><span\n                                        class=\"property-title\">Maks. belastning af skraldebinder:&nbsp;<\/span><span\n                                        class=\"property-desc line-limit-length\">5443 kg<\/span>\n                            <\/li>\n<li class=\"product-prop line-limit-length\"><span\n                                        class=\"property-title\">Model:&nbsp;<\/span><span\n                                        class=\"property-desc line-limit-length\">3\/8-1\/2 k\u00e6debindere<\/span>\n                            <\/li>\n<li class=\"product-prop line-limit-length\"><span\n                                        class=\"property-title\">Type:&nbsp;<\/span><span\n                                        class=\"property-desc line-limit-length\">K\u00e6debindere<\/span>\n                            <\/li>\n<li class=\"product-prop line-limit-length\"><span\n                                        class=\"property-title\">Funktioner:&nbsp;<\/span><span\n                                        class=\"property-desc line-limit-length\">Nem installation, kraftig<\/span>\n                            <\/li>\n<li class=\"product-prop line-limit-length\"><span\n                                        class=\"property-title\">Slutte:&nbsp;<\/span><span\n                                        class=\"property-desc line-limit-length\">Pulverlakeret<\/span>\n                            <\/li>\n<\/ul><\/div>\n<div class=\"detailmodule_html\">\n<div class=\"detail-desc-decorate-richtext\">\n<div style=\"font-family:&quot;Open sans&quot;, Arial, Helvetica, sans-serif\">\n<div><img decoding=\"async\" style=\"width:100%\" width=\"100%\" src=\"https:\/\/d2qc09rl1gfuof.cloudfront.net\/vevor\/boutique-banner\/pc\/banner-en.jpg\" slate-data-type=\"image\"\/><\/div>\n<div>\n<div style=\"font-size:16px;font-weight:bold;text-align:center;color:rgb(34, 34, 34);margin:24px 0px;margin-bottom:24px;margin-top:24px;margin-left:0px;margin-right:0px\" align=\"center\">B\u00e6rbar skraldebinder<\/div>\n<div><img decoding=\"async\" style=\"width:100%\" width=\"100%\" src=\"https:\/\/d2qc09rl1gfuof.cloudfront.net\/product\/DLTJLLJQBBTYCEEB7\/chain-binder-a100-1.4.jpg\" slate-data-type=\"image\"\/><\/div>\n<div style=\"font-size:14px;text-align:center;color:rgb(34, 34, 34);margin:16px 0px 24px;margin-bottom:24px;margin-top:16px;margin-left:0px;margin-right:0px\" align=\"center\">Denne VEVOR-strammer er mere arbejdsbesparende end almindelige. Du kan tage h\u00e5ndtaget af og l\u00e6gge den i v\u00e6rkt\u00f8jskassen eller det smalle opbevaringsrum i biler. Ideel til samlet transport af forskellige tunge varer, udstyr og k\u00f8ret\u00f8jer. F\u00e5 dine produkter derhen, hvor de skal v\u00e6re, med VEVOR!<\/div>\n<\/div>\n<div>\n<div style=\"font-size:16px;font-weight:bold;text-align:center;color:rgb(34, 34, 34);margin:24px 0px;margin-bottom:24px;margin-top:24px;margin-left:0px;margin-right:0px\" align=\"center\"><\/div>\n<div style=\"margin:8px 0px;margin-bottom:8px;margin-top:8px;margin-left:0px;margin-right:0px\"><img decoding=\"async\" style=\"width:100%\" width=\"100%\" src=\"https:\/\/d2qc09rl1gfuof.cloudfront.net\/product\/DLTJLLJQBBTYCEEB7\/chain-binder-a100-2.2.jpg\" slate-data-type=\"image\"\/><\/div>\n<div style=\"font-size:14px;text-align:center;color:rgb(34, 34, 34);margin:16px 0px 24px;margin-bottom:24px;margin-top:16px;margin-left:0px;margin-right:0px\" align=\"center\">Skralden g\u00f8r det nemt at stramme\/l\u00f8sne k\u00e6den. Det 40 cm lange h\u00e5ndtag er 5 cm l\u00e6ngere end det almindelige, og den arbejdsbesparende effekt er \u00f8get med 14% for ubesv\u00e6ret betjening.<\/div>\n<\/div>\n<div>\n<div style=\"font-size:16px;font-weight:bold;text-align:center;color:rgb(34, 34, 34);margin:24px 0px;margin-bottom:24px;margin-top:24px;margin-left:0px;margin-right:0px\" align=\"center\"><\/div>\n<div style=\"margin:8px 0px;margin-bottom:8px;margin-top:8px;margin-left:0px;margin-right:0px\"><img decoding=\"async\" style=\"width:100%\" width=\"100%\" src=\"https:\/\/d2qc09rl1gfuof.cloudfront.net\/product\/DLTJLLJQBBTYCEEB7\/chain-binder-a100-2.3.jpg\" slate-data-type=\"image\"\/><\/div>\n<div style=\"font-size:14px;text-align:center;color:rgb(34, 34, 34);margin:16px 0px 24px;margin-bottom:24px;margin-top:16px;margin-left:0px;margin-right:0px\" align=\"center\">Skift kontakten for at styre skraldens positive og negative rotation. Den belagte overflade er rust- og korrosionsbestandig, hvilket er velegnet til alle former for kr\u00e6vende feltbrug.<\/div>\n<\/div>\n<div>\n<div style=\"font-size:16px;font-weight:bold;text-align:center;color:rgb(34, 34, 34);margin:24px 0px;margin-bottom:24px;margin-top:24px;margin-left:0px;margin-right:0px\" align=\"center\"><\/div>\n<div style=\"margin:8px 0px;margin-bottom:8px;margin-top:8px;margin-left:0px;margin-right:0px\"><img decoding=\"async\" style=\"width:100%\" width=\"100%\" src=\"https:\/\/d2qc09rl1gfuof.cloudfront.net\/product\/DLTJLLJQBBTYCEEB7\/chain-binder-a100-2.4.jpg\" slate-data-type=\"image\"\/><\/div>\n<div style=\"font-size:14px;text-align:center;color:rgb(34, 34, 34);margin:16px 0px 24px;margin-bottom:24px;margin-top:16px;margin-left:0px;margin-right:0px\" align=\"center\">G80 st\u00f8bte st\u00e5lk\u00e6der, der er smedet ved h\u00f8j temperatur, deformeres og kn\u00e6kker ikke let, selv under barske udend\u00f8rsforhold i lang tid, og de er slidst\u00e6rke og korrosionsbestandige.<\/div>\n<\/div>\n<div>\n<div style=\"font-size:16px;font-weight:bold;text-align:center;color:rgb(34, 34, 34);margin:24px 0px;margin-bottom:24px;margin-top:24px;margin-left:0px;margin-right:0px\" align=\"center\"><\/div>\n<div style=\"margin:8px 0px;margin-bottom:8px;margin-top:8px;margin-left:0px;margin-right:0px\"><img decoding=\"async\" style=\"width:100%\" width=\"100%\" src=\"https:\/\/d2qc09rl1gfuof.cloudfront.net\/product\/DLTJLLJQBBTYCEEB7\/chain-binder-a100-2.5.jpg\" slate-data-type=\"image\"\/><\/div>\n<div style=\"font-size:14px;text-align:center;color:rgb(34, 34, 34);margin:16px 0px 24px;margin-bottom:24px;margin-top:16px;margin-left:0px;margin-right:0px\" align=\"center\">H\u00e5ndtaget er aftageligt, hvilket kan bruges til flere form\u00e5l. Derudover kan skraldebindermaskinen erstatte wireopstrammeren p\u00e5 konventionelle godsvogne.<\/div>\n<\/div>\n<div style=\"margin:16px 0px 24px;margin-bottom:24px;margin-top:16px;margin-left:0px;margin-right:0px\"><\/div>\n<div style=\"margin:24px 0px;margin-bottom:24px;margin-top:24px;margin-left:0px;margin-right:0px\">\n<div style=\"font-size:16px;font-weight:bold;color:rgb(34, 34, 34);margin:24px 0px 16px;margin-bottom:16px;margin-top:24px;margin-left:0px;margin-right:0px\">Funktioner og detaljer<\/div>\n<ul style=\"margin:16px 0px 24px;margin-bottom:24px;margin-top:16px;margin-left:0px;margin-right:0px\">\n<li style=\"font-size:14px;color:rgb(34, 34, 34)\">\n<p>Arbejdsbesparende betjening: G\u00f8r dig klar til \u00f8get l\u00e6ngde! 40 cm lange h\u00e5ndtag giver gearing, og skraldeh\u00e5ndtag \u00f8ger gearingen. Det rillede metalh\u00e5ndtag og det konkav-konvekse gummigreb med tekstur bidrager til en skridsikker effekt, der er behagelig at gribe og nem at bruge.<\/p>\n<\/li>\n<li style=\"font-size:14px;color:rgb(34, 34, 34)\">\n<p>Bygget til kr\u00e6vende opgaver: Lastbinderkrogen er lavet af st\u00f8bt st\u00e5l, hvilket giver en st\u00e6rkere lasteevne. Overfladen er belagt for at forhindre rust. Arbejdsbelastningsgr\u00e6nse: 12000 lbs, Brudstyrke: 48000 lbs. G\u00e6lder for 3\/8&quot; og 1\/2&quot; k\u00e6der. 3\/8&quot; G80 k\u00e6des arbejdsbelastningsgr\u00e6nse: 7100 lbs, Brudstyrke: 28400 lbs.<\/p>\n<\/li>\n<li style=\"font-size:14px;color:rgb(34, 34, 34)\">\n<p>Opbevaring med lethed: Du beh\u00f8ver ikke bekymre dig om opbevaring. Opbevaringskomplikationer h\u00f8rer fortiden til. H\u00e5ndtaget har en patenteret aftagelig struktur, som kan opbevares et sted med begr\u00e6nset plads i lastbilen ved blot at fjerne h\u00e5ndtaget. Det kan ogs\u00e5 bruges til strammere til godsvogne.<\/p>\n<\/li>\n<li style=\"font-size:14px;color:rgb(34, 34, 34)\">\n<p>Sikkerhed er vores prioritet: Bindemidlet er korrekt vurderet med din sikkerhed i tankerne og har et faldsikringsm\u00e6rke for at beskytte dine f\u00f8dder mod at blive ramt. Det opgraderede design af den eksterne kontakt er mere arbejdsbesparende og vil ikke klemme dine h\u00e6nder. Smedet griber med 360-graders rotation sikrer maksimal holdbarhed og p\u00e5lidelighed.<\/p>\n<\/li>\n<li style=\"font-size:14px;color:rgb(34, 34, 34)\">\n<p>Kan anvendes i flere scenarier: Vores skraldebindere er designet til at sikre laster i k\u00e6debindingsapplikationer inden for transport, industri og landbrug samt til lastopbevaring i den maritime industri, landbrug og udend\u00f8rs forsyningsvirksomheder. Opfylder alle CVSA-, DOT-, NACM- og FMCSA-krav. Advarsel: Denne lastbinder er ikke designet eller godkendt til l\u00f8ft over hovedh\u00f8jde.<\/p>\n<\/li>\n<\/ul>\n<\/div>\n<div>\n<div>\n<div style=\"margin:16px 0px 24px;margin-bottom:24px;margin-top:16px;margin-left:0px;margin-right:0px\"><img decoding=\"async\" style=\"width:100%\" width=\"100%\" src=\"https:\/\/d2qc09rl1gfuof.cloudfront.net\/product\/DLTJLLJQBBTYCEEB7\/chain-binder-a100-1.11.jpg\" slate-data-type=\"image\"\/><\/div>\n<\/div>\n<\/div>\n<\/div>\n<\/div>\n<\/div>\n<p><\/p>","protected":false},"excerpt":{"rendered":"<p>Hign-concerned Chemical:&nbsp;None Origin:&nbsp;Mainland China Brand Name:&nbsp;VEVOR Brand:&nbsp;VEVOR Material:&nbsp;Cast Steel Max. Load of Chain:&nbsp;7100 lbs \/ 3220 kg Pawl Structure:&nbsp;External Adjusting Handle Max. Load of Ratchet Binder:&nbsp;12000 lbs \/ 5443 kg<\/p>","protected":false},"featured_media":24939,"comment_status":"open","ping_status":"closed","template":"","meta":{"_acf_changed":false},"product_brand":[],"product_cat":[517],"product_tag":[],"class_list":{"0":"post-24937","1":"product","2":"type-product","3":"status-publish","4":"has-post-thumbnail","6":"product_cat-electric-lifting-hoists","8":"first","9":"instock","10":"shipping-taxable","11":"purchasable","12":"product-type-variable"},"acf":[],"_links":{"self":[{"href":"https:\/\/electricstore.eu\/da\/wp-json\/wp\/v2\/product\/24937","targetHints":{"allow":["GET"]}}],"collection":[{"href":"https:\/\/electricstore.eu\/da\/wp-json\/wp\/v2\/product"}],"about":[{"href":"https:\/\/electricstore.eu\/da\/wp-json\/wp\/v2\/types\/product"}],"replies":[{"embeddable":true,"href":"https:\/\/electricstore.eu\/da\/wp-json\/wp\/v2\/comments?post=24937"}],"wp:featuredmedia":[{"embeddable":true,"href":"https:\/\/electricstore.eu\/da\/wp-json\/wp\/v2\/media\/24939"}],"wp:attachment":[{"href":"https:\/\/electricstore.eu\/da\/wp-json\/wp\/v2\/media?parent=24937"}],"wp:term":[{"taxonomy":"product_brand","embeddable":true,"href":"https:\/\/electricstore.eu\/da\/wp-json\/wp\/v2\/product_brand?post=24937"},{"taxonomy":"product_cat","embeddable":true,"href":"https:\/\/electricstore.eu\/da\/wp-json\/wp\/v2\/product_cat?post=24937"},{"taxonomy":"product_tag","embeddable":true,"href":"https:\/\/electricstore.eu\/da\/wp-json\/wp\/v2\/product_tag?post=24937"}],"curies":[{"name":"wp","href":"https:\/\/api.w.org\/{rel}","templated":true}]}}