{"id":24898,"date":"2025-05-20T18:43:19","date_gmt":"2025-05-20T18:43:19","guid":{"rendered":"https:\/\/electricstore.eu\/p\/uncategorized\/vevor-4t-chain-sling-1m-2m-x-8mm-four-leg-with-powder-coating-steel-hook-grade-80-high-temperature-resistance-for-lifting\/"},"modified":"2025-05-20T18:45:36","modified_gmt":"2025-05-20T18:45:36","slug":"vevor-4t-chain-sling-1m-2m-x-8mm-four-leg-with-powder-coating-steel-hook-grade-80-high-temperature-resistance-for-lifting","status":"publish","type":"product","link":"https:\/\/electricstore.eu\/da\/p\/o\/electric-lifting-hoists\/vevor-4t-chain-sling-1m-2m-x-8mm-four-leg-with-powder-coating-steel-hook-grade-80-high-temperature-resistance-for-lifting\/","title":{"rendered":"VEVOR 4T K\u00e6deslynge \u2013 1M \/ 2M x 8MM Firbenet med pulverlakeret st\u00e5lkrog \u2013 Grad 80 H\u00f8j temperaturbestandighed til l\u00f8ft"},"content":{"rendered":"<div class=\"product-specs-list-container\">\n<ul class=\"product-specs-list util-clearfix\">\n<li class=\"product-prop line-limit-length\"><span\n                                        class=\"property-title\">Meget bekymret kemikalie:&nbsp;<\/span><span\n                                        class=\"property-desc line-limit-length\">Ingen<\/span>\n                            <\/li>\n<li class=\"product-prop line-limit-length\"><span\n                                        class=\"property-title\">Modelnummer:&nbsp;<\/span><span\n                                        class=\"property-desc line-limit-length\">K\u00e6deslynge<\/span>\n                            <\/li>\n<li class=\"product-prop line-limit-length\"><span\n                                        class=\"property-title\">Oprindelse:&nbsp;<\/span><span\n                                        class=\"property-desc line-limit-length\">Kinas fastland<\/span>\n                            <\/li>\n<li class=\"product-prop line-limit-length\"><span\n                                        class=\"property-title\">M\u00e6rkenavn:&nbsp;<\/span><span\n                                        class=\"property-desc line-limit-length\">VEVOR<\/span>\n                            <\/li>\n<li class=\"product-prop line-limit-length\"><span\n                                        class=\"property-title\">Materiale:&nbsp;<\/span><span\n                                        class=\"property-desc line-limit-length\">Legeret st\u00e5l<\/span>\n                            <\/li>\n<\/ul><\/div>\n<div class=\"detailmodule_html\">\n<div class=\"detail-desc-decorate-richtext\">\n<div style=\"padding:20px;padding-bottom:20px;padding-top:20px;padding-left:20px;padding-right:20px\">\n<div style=\"text-align:center;width:100%\" align=\"center\"><img decoding=\"async\" src=\"https:\/\/vevor-bmp-prm.s3.ap-east-1.amazonaws.com\/default\/vevor-1.png\" slate-data-type=\"image\"\/><\/div>\n<div style=\"font-size:16px;font-weight:bold;line-height:36px\">Produktbeskrivelse<\/div>\n<div style=\"width:100%\"><img decoding=\"async\" src=\"https:\/\/d2qc09rl1gfuof.cloudfront.net\/product\/GLSJG80SZGL8MMX2M\/chain-slings-a100-1.4.jpg\" slate-data-type=\"image\"\/><\/div>\n<div style=\"margin-top:15px;display:flex\">\n<div style=\"width:33%\"><img decoding=\"async\" style=\"width:100%\" width=\"100%\" src=\"https:\/\/d2qc09rl1gfuof.cloudfront.net\/product\/GLSJG80SZGL8MMX2M\/four-+leg-+Lifting+-Chain-x1.jpg\" slate-data-type=\"image\"\/><\/div>\n<div style=\"padding:0px 15px;padding-bottom:0px;padding-top:0px;padding-left:15px;padding-right:15px;width:33%\">\n<div style=\"font-size:16px;font-weight:700;line-height:36px\">5\/16&#039;&#039; x 6,5&#039; k\u00e6deslynge<\/div>\n<div style=\"font-size:14px\"><\/div>\n<div style=\"font-size:14px\">Denne firebenede k\u00e6deslynge er konstrueret af en G80 Mn-st\u00e5lk\u00e6de og en pulverlakeret st\u00e5lkrog, som ikke str\u00e6kker sig under belastning. Den er slid- og temperaturbestandig for at sikre lang levetid, hvilket er et nyttigt v\u00e6rkt\u00f8j til at forbedre arbejdseffektiviteten.<\/div>\n<ul style=\"font-size:14px;background-color:rgb(243, 243, 243);border:1px solid rgb(204, 204, 204);margin-top:8px;padding:10px 40px;padding-bottom:10px;padding-top:10px;padding-left:40px;padding-right:40px\">\n<li>\n<p>8800 lbs lastekapacitet<\/p>\n<\/li>\n<li>\n<p>Holdbar st\u00e5lkonstruktion<\/p>\n<\/li>\n<li>\n<p>Kraftig k\u00e6de og kroge<\/p>\n<\/li>\n<li>\n<p>Forholdsregler ved brug<\/p>\n<\/li>\n<\/ul>\n<\/div>\n<div style=\"border-left:1px solid rgb(204, 204, 204);padding:0px 15px;padding-bottom:0px;padding-top:0px;padding-left:15px;padding-right:15px;width:33%\">\n<div style=\"padding:0px 15px;padding-bottom:0px;padding-top:0px;padding-left:15px;padding-right:15px\">\n<div><img decoding=\"async\" style=\"width:100%\" width=\"100%\" src=\"https:\/\/www.jinlantrade.com\/ebay\/VEVOR\/vevor-2.png\" slate-data-type=\"image\"\/><\/div>\n<div style=\"font-size:14px;font-weight:bold;line-height:24px\">Robust udstyr og v\u00e6rkt\u00f8j, betal mindre<\/div>\n<div style=\"font-size:12px;margin:8px 0px;margin-bottom:8px;margin-top:8px;margin-left:0px;margin-right:0px\">VEVOR er et f\u00f8rende m\u00e6rke, der specialiserer sig i udstyr og v\u00e6rkt\u00f8j. Sammen med tusindvis af motiverede<br \/>medarbejdere, VEVOR er dedikeret til at forsyne vores kunder med robust udstyr og v\u00e6rkt\u00f8j til utroligt gode priser.<br \/>lave priser. I dag s\u00e6lges VEVORs produkter i mere end 200 lande og regioner med 10 millioner<br \/>plus medlemmer verden over.<\/div>\n<div style=\"font-size:14px;font-weight:bold;line-height:24px\">Hvorfor v\u00e6lge VEVOR?<\/div>\n<ul style=\"font-size:14px;background-color:rgb(243, 243, 243);border:1px solid rgb(204, 204, 204);margin-top:8px;padding:10px 40px;padding-bottom:10px;padding-top:10px;padding-left:40px;padding-right:40px\">\n<li>\n<p>Premium robust kvalitet<\/p>\n<\/li>\n<li>\n<p>Utroligt lave priser<\/p>\n<\/li>\n<li>\n<p>Hurtig og sikker levering<\/p>\n<\/li>\n<li>\n<p>30 dages gratis returnering<\/p>\n<\/li>\n<li>\n<p>24\/7 Opm\u00e6rksom service<\/p>\n<\/li>\n<\/ul>\n<\/div>\n<\/div>\n<\/div>\n<div style=\"margin-top:30px\">\n<div style=\"font-size:16px;font-weight:bold;line-height:36px\">N\u00f8glefunktioner<\/div>\n<div style=\"padding:30px;padding-bottom:30px;padding-top:30px;padding-left:30px;padding-right:30px\">\n<div>\n<div style=\"margin-top:15px;padding:0px 15px;padding-bottom:0px;padding-top:0px;padding-left:15px;padding-right:15px;display:inline-block;width:33%;box-sizing:border-box\">\n<div><img decoding=\"async\" style=\"width:100%\" width=\"100%\" src=\"https:\/\/d2qc09rl1gfuof.cloudfront.net\/product\/GLSJG80SZGL8MMX2M\/chain-slings-m100-2.jpg\" slate-data-type=\"image\"\/><\/div>\n<div style=\"font-size:16px;font-weight:700;line-height:36px\">Stor lastekapacitet<\/div>\n<div style=\"font-size:14px\">Vores k\u00e6deslynge er udstyret med fuldautomatisk svejseteknologi. Den har en nominel kapacitet p\u00e5 8800 lbs. Den skal bruges inden for dens nominelle belastningsomr\u00e5de.<\/div>\n<\/div>\n<div style=\"margin-top:15px;padding:0px 15px;padding-bottom:0px;padding-top:0px;padding-left:15px;padding-right:15px;display:inline-block;width:33%;box-sizing:border-box\">\n<div><img decoding=\"async\" style=\"width:100%\" width=\"100%\" src=\"https:\/\/d2qc09rl1gfuof.cloudfront.net\/product\/GLSJG80SZGL8MMX2M\/chain-slings-m100-3.jpg\" slate-data-type=\"image\"\/><\/div>\n<div style=\"font-size:16px;font-weight:700;line-height:36px\">Robust struktur<\/div>\n<div style=\"font-size:14px\">Hele strukturen er lavet af f\u00f8rsteklasses st\u00e5lmateriale, der har bedre modstandsdygtighed over for korrosion, rust og slid.<\/div>\n<\/div>\n<div style=\"margin-top:15px;padding:0px 15px;padding-bottom:0px;padding-top:0px;padding-left:15px;padding-right:15px;display:inline-block;width:33%;box-sizing:border-box\">\n<div><img decoding=\"async\" style=\"width:100%\" width=\"100%\" src=\"https:\/\/d2qc09rl1gfuof.cloudfront.net\/product\/GLSJG80SZGL8MMX2M\/chain-slings-m100-4.jpg\" slate-data-type=\"image\"\/><\/div>\n<div style=\"font-size:16px;font-weight:700;line-height:36px\">Kraftig k\u00e6de<\/div>\n<div style=\"font-size:14px\">1,5 x 1,8 m lang k\u00e6de er lavet af Mn-st\u00e5l. Den er slidst\u00e6rk og vil ikke forl\u00e6nges under belastning, designet til langvarig brug.<\/div>\n<\/div>\n<div style=\"margin-top:15px;padding:0px 15px;padding-bottom:0px;padding-top:0px;padding-left:15px;padding-right:15px;display:inline-block;width:33%;box-sizing:border-box\">\n<div><img decoding=\"async\" style=\"width:100%\" width=\"100%\" src=\"https:\/\/d2qc09rl1gfuof.cloudfront.net\/product\/GLSJG80SZGL8MMX2M\/chain-slings-m100-5.jpg\" slate-data-type=\"image\"\/><\/div>\n<div style=\"font-size:16px;font-weight:700;line-height:36px\">Selvl\u00e5sende kroge<\/div>\n<div style=\"font-size:14px\">Krogen med sikkerhedsl\u00e5s er lavet af legeret st\u00e5l for at opfylde kravene til styrke og h\u00e5rdhed og forhindre glidning.<\/div>\n<\/div>\n<div style=\"margin-top:15px;padding:0px 15px;padding-bottom:0px;padding-top:0px;padding-left:15px;padding-right:15px;display:inline-block;width:33%;box-sizing:border-box\">\n<div><img decoding=\"async\" style=\"width:100%\" width=\"100%\" src=\"https:\/\/d2qc09rl1gfuof.cloudfront.net\/product\/GLSJG80SZGL8MMX2M\/chain-slings-m100-6.jpg\" slate-data-type=\"image\"\/><\/div>\n<div style=\"font-size:16px;font-weight:700;line-height:36px\">Nem at bruge<\/div>\n<div style=\"font-size:14px\">Fastg\u00f8r oph\u00e6ngningsringen til din l\u00f8fteanordning, h\u00e6gt dine laster p\u00e5, og s\u00e5 er du klar til at begynde at l\u00f8fte. Du kan v\u00e6re tryg ved brug.<\/div>\n<\/div>\n<div style=\"margin-top:15px;padding:0px 15px;padding-bottom:0px;padding-top:0px;padding-left:15px;padding-right:15px;display:inline-block;width:33%;box-sizing:border-box\">\n<div><img decoding=\"async\" style=\"width:100%\" width=\"100%\" src=\"https:\/\/d2qc09rl1gfuof.cloudfront.net\/product\/GLSJG80SZGL8MMX2M\/chain-slings-m100-7.jpg\" slate-data-type=\"image\"\/><\/div>\n<div style=\"font-size:16px;font-weight:700;line-height:36px\">Udbredt brugt<\/div>\n<div style=\"font-size:14px\">Velegnet til l\u00f8ft eller flytning af byrder i forskellige industrier, s\u00e5som maskiner, fabrikker, lager, garage osv.<\/div>\n<\/div>\n<\/div>\n<\/div>\n<\/div>\n<div style=\"margin-top:15px;display:flex\">\n<div style=\"width:33%\"><img decoding=\"async\" style=\"width:100%\" width=\"100%\" src=\"https:\/\/d2qc09rl1gfuof.cloudfront.net\/product\/GLSJG80SZGL8MMX2M\/chain-slings-a100-2.jpg\" slate-data-type=\"image\"\/><\/div>\n<div style=\"padding:0px 15px;padding-bottom:0px;padding-top:0px;padding-left:15px;padding-right:15px;width:33%\">\n<div style=\"font-size:16px;font-weight:700;line-height:36px\">Specifikationer<\/div>\n<ul style=\"font-size:14px;border:1px solid rgb(204, 204, 204);margin-top:8px;padding:10px 40px;padding-bottom:10px;padding-top:10px;padding-left:40px;padding-right:40px\">\n<li>\n<p>Materiale: G80, legeret st\u00e5l<\/p>\n<\/li>\n<li>\n<p>K\u00e6derod: 4<\/p>\n<\/li>\n<li>\n<p>K\u00e6dediameter: 5\/16&quot;\/8 mm<\/p>\n<\/li>\n<li>\n<p>Arbejdsl\u00e6ngde: 2 m<\/p>\n<\/li>\n<li>\n<p>Lastkapacitet: 8800 lbs\/4 t<\/p>\n<\/li>\n<\/ul>\n<\/div>\n<div style=\"border-left:1px solid rgb(204, 204, 204);padding:0px 15px;padding-bottom:0px;padding-top:0px;padding-left:15px;padding-right:15px;width:33%\">\n<div style=\"width:100%\"><img decoding=\"async\" style=\"width:100%\" width=\"100%\" src=\"https:\/\/d2qc09rl1gfuof.cloudfront.net\/product\/GLSJG80SZGL8MMX2M\/chain-slings-a100-3.jpg\" slate-data-type=\"image\"\/><\/div>\n<div style=\"font-size:14px;font-weight:bold;line-height:24px\">Pakkens indhold<\/div>\n<ul style=\"font-size:14px;background-color:rgb(243, 243, 243);border:1px solid rgb(204, 204, 204);margin-top:8px;padding:10px 40px;padding-bottom:10px;padding-top:10px;padding-left:40px;padding-right:40px\">\n<li>\n<p>1 x K\u00e6deslynge<\/p>\n<\/li>\n<\/ul>\n<\/div>\n<\/div>\n<div style=\"margin-top:15px;display:flex\">\n<div style=\"width:33%\"><img decoding=\"async\" style=\"width:100%\" width=\"100%\" src=\"https:\/\/d2qc09rl1gfuof.cloudfront.net\/product\/GLSJG80SZGL8MMX1M\/chain-slings-a100-2.jpg\" slate-data-type=\"image\"\/><\/div>\n<div style=\"padding:0px 15px;padding-bottom:0px;padding-top:0px;padding-left:15px;padding-right:15px;width:33%\">\n<div style=\"font-size:16px;font-weight:700;line-height:36px\">Specifikationer<\/div>\n<ul style=\"font-size:14px;border:1px solid rgb(204, 204, 204);margin-top:8px;padding:10px 40px;padding-bottom:10px;padding-top:10px;padding-left:40px;padding-right:40px\">\n<li>\n<p>Materiale: G80, legeret st\u00e5l<\/p>\n<\/li>\n<li>\n<p>K\u00e6derod: 4<\/p>\n<\/li>\n<li>\n<p>K\u00e6dediameter: 5\/16&quot;\/8 mm<\/p>\n<\/li>\n<li>\n<p>Arbejdsl\u00e6ngde: 1 m<\/p>\n<\/li>\n<li>\n<p>Lastkapacitet: 8800 lbs\/4 t<\/p>\n<\/li>\n<\/ul>\n<\/div>\n<div style=\"border-left:1px solid rgb(204, 204, 204);padding:0px 15px;padding-bottom:0px;padding-top:0px;padding-left:15px;padding-right:15px;width:33%\">\n<div style=\"width:100%\"><img decoding=\"async\" style=\"width:100%\" width=\"100%\" src=\"https:\/\/d2qc09rl1gfuof.cloudfront.net\/product\/GLSJG80SZGL8MMX1M\/chain-slings-a100-3.jpg\" slate-data-type=\"image\"\/><\/div>\n<div style=\"font-size:14px;font-weight:bold;line-height:24px\">Pakkens indhold<\/div>\n<ul style=\"font-size:14px;background-color:rgb(243, 243, 243);border:1px solid rgb(204, 204, 204);margin-top:8px;padding:10px 40px;padding-bottom:10px;padding-top:10px;padding-left:40px;padding-right:40px\">\n<li>\n<p>1 x K\u00e6deslynge<\/p>\n<\/li>\n<\/ul>\n<\/div>\n<\/div>\n<div>\n<div style=\"font-size:16px;font-weight:bold;line-height:36px\">Funktioner og detaljer<\/div>\n<ul style=\"font-size:14px;padding-left:40px\">\n<li>\n<p>\u30108800 LBS LASTEKAPACITET\u3011- K\u00e6del\u00e6ngde: 6,5&#039;. K\u00e6dediameter: 5\/16&#039;&#039;. Arbejdskapacitet: 8800 lbs. Du kan bruge dette produkt i ro og magt med en h\u00f8j sikkerhedskoefficient.<\/p>\n<\/li>\n<li>\n<p>\u3010HOLDBAR ST\u00c5LKONSTRUKTION\u3011 - Vores k\u00e6deslynge er konstrueret af G80 Mn-st\u00e5lk\u00e6de og legeret st\u00e5lkrog og har fuldautomatisk svejseteknologi, der er designet til langvarig brug.<\/p>\n<\/li>\n<li>\n<p>\u3010KRAFTIGE K\u00c6DER &amp; KROGE\u3011 - K\u00e6den i denne k\u00e6deslynge er lavet af G80 Mn-st\u00e5l. Taljeleddet og krogen er af legeret st\u00e5l med pulverlakering. Den er modstandsdygtig over for slid og h\u00f8je temperaturer.<\/p>\n<\/li>\n<li>\n<p>\u3010FORHOLDSREGLER VED BRUG\u3011- Genstande skal h\u00e6nge i midten af krogen. Krogens kant m\u00e5 ikke h\u00e6nges ind. K\u00e6den m\u00e5 ikke bruges i en forvr\u00e6nget, omvendt eller sammenfiltret tilstand.<\/p>\n<\/li>\n<li>\n<p>\u3010BRED ANVENDELSE\u3011 - Den er perfekt til forskellige l\u00f8fte- og flytteaktiviteter p\u00e5 fabrikker, byggepladser, minedrift, havne, bygninger osv. Den kraftige k\u00e6deslynge er designet til bugsering og h\u00e5ndtering af lastsikkerhed.<\/p>\n<\/li>\n<\/ul>\n<\/div>\n<\/div>\n<\/div>\n<\/div>\n<p><\/p>","protected":false},"excerpt":{"rendered":"<p>Hign-concerned Chemical:&nbsp;None Model Number:&nbsp;Chain Sling Origin:&nbsp;Mainland China Brand Name:&nbsp;VEVOR Material:&nbsp;Alloy Steel Product Description 5\/16&#x27;&#x27; x 6.5&#x27; Chain Sling This Chain Sling of four legs is constructed of a G80 Mn-steel<\/p>","protected":false},"featured_media":24899,"comment_status":"open","ping_status":"closed","template":"","meta":{"_acf_changed":false},"product_brand":[],"product_cat":[517],"product_tag":[],"class_list":{"0":"post-24898","1":"product","2":"type-product","3":"status-publish","4":"has-post-thumbnail","6":"product_cat-electric-lifting-hoists","8":"first","9":"instock","10":"shipping-taxable","11":"purchasable","12":"product-type-variable"},"acf":[],"_links":{"self":[{"href":"https:\/\/electricstore.eu\/da\/wp-json\/wp\/v2\/product\/24898","targetHints":{"allow":["GET"]}}],"collection":[{"href":"https:\/\/electricstore.eu\/da\/wp-json\/wp\/v2\/product"}],"about":[{"href":"https:\/\/electricstore.eu\/da\/wp-json\/wp\/v2\/types\/product"}],"replies":[{"embeddable":true,"href":"https:\/\/electricstore.eu\/da\/wp-json\/wp\/v2\/comments?post=24898"}],"wp:featuredmedia":[{"embeddable":true,"href":"https:\/\/electricstore.eu\/da\/wp-json\/wp\/v2\/media\/24899"}],"wp:attachment":[{"href":"https:\/\/electricstore.eu\/da\/wp-json\/wp\/v2\/media?parent=24898"}],"wp:term":[{"taxonomy":"product_brand","embeddable":true,"href":"https:\/\/electricstore.eu\/da\/wp-json\/wp\/v2\/product_brand?post=24898"},{"taxonomy":"product_cat","embeddable":true,"href":"https:\/\/electricstore.eu\/da\/wp-json\/wp\/v2\/product_cat?post=24898"},{"taxonomy":"product_tag","embeddable":true,"href":"https:\/\/electricstore.eu\/da\/wp-json\/wp\/v2\/product_tag?post=24898"}],"curies":[{"name":"wp","href":"https:\/\/api.w.org\/{rel}","templated":true}]}}