{"id":24801,"date":"2025-05-20T18:42:53","date_gmt":"2025-05-20T18:42:53","guid":{"rendered":"https:\/\/electricstore.eu\/p\/uncategorized\/vevor-4400lbs-electric-chain-hoist-21-6-ft-min-three-phase-overhead-crane-with-g100-chain-wireless-control-for-garage-litfing\/"},"modified":"2025-05-20T18:44:32","modified_gmt":"2025-05-20T18:44:32","slug":"vevor-4400lbs-electric-chain-hoist-21-6-ft-min-three-phase-overhead-crane-with-g100-chain-wireless-control-for-garage-litfing","status":"publish","type":"product","link":"https:\/\/electricstore.eu\/da\/p\/o\/electric-lifting-hoists\/vevor-4400lbs-electric-chain-hoist-21-6-ft-min-three-phase-overhead-crane-with-g100-chain-wireless-control-for-garage-litfing\/","title":{"rendered":"VEVOR 4400lbs elektrisk k\u00e6detalje 21,6 ft\/min trefaset traverskran med G100 k\u00e6de tr\u00e5dl\u00f8s styring til garageopt\u00f8ning"},"content":{"rendered":"<div class=\"product-specs-list-container\">\n<ul class=\"product-specs-list util-clearfix\">\n<li class=\"product-prop line-limit-length\"><span\n                                        class=\"property-title\">Meget bekymret kemikalie:&nbsp;<\/span><span\n                                        class=\"property-desc line-limit-length\">Ingen<\/span>\n                            <\/li>\n<li class=\"product-prop line-limit-length\"><span\n                                        class=\"property-title\">Oprindelse:&nbsp;<\/span><span\n                                        class=\"property-desc line-limit-length\">Kinas fastland<\/span>\n                            <\/li>\n<li class=\"product-prop line-limit-length\"><span\n                                        class=\"property-title\">M\u00e6rkenavn:&nbsp;<\/span><span\n                                        class=\"property-desc line-limit-length\">VEVOR<\/span>\n                            <\/li>\n<li class=\"product-prop line-limit-length\"><span\n                                        class=\"property-title\">Varemodelnummer:&nbsp;<\/span><span\n                                        class=\"property-desc line-limit-length\">WX4400LBS-2<\/span>\n                            <\/li>\n<li class=\"product-prop line-limit-length\"><span\n                                        class=\"property-title\">Belastningseffekt:&nbsp;<\/span><span\n                                        class=\"property-desc line-limit-length\">3,5 kW<\/span>\n                            <\/li>\n<li class=\"product-prop line-limit-length\"><span\n                                        class=\"property-title\">L\u00f8ftebelastning:&nbsp;<\/span><span\n                                        class=\"property-desc line-limit-length\">1996 kg<\/span>\n                            <\/li>\n<li class=\"product-prop line-limit-length\"><span\n                                        class=\"property-title\">Produktv\u00e6gt:&nbsp;<\/span><span\n                                        class=\"property-desc line-limit-length\">102,7 kg<\/span>\n                            <\/li>\n<li class=\"product-prop line-limit-length\"><span\n                                        class=\"property-title\">K\u00e6demateriale:&nbsp;<\/span><span\n                                        class=\"property-desc line-limit-length\">8620 Legeret st\u00e5l<\/span>\n                            <\/li>\n<li class=\"product-prop line-limit-length\"><span\n                                        class=\"property-title\">Type:&nbsp;<\/span><span\n                                        class=\"property-desc line-limit-length\">Elektrisk k\u00e6detalje<\/span>\n                            <\/li>\n<\/ul><\/div>\n<div class=\"detailmodule_html\">\n<div class=\"detail-desc-decorate-richtext\">\n<div style=\"font-family:&quot;Open sans&quot;, Arial, Helvetica, sans-serif\">\n<div>\n  <img decoding=\"async\" style=\"width:100%\" width=\"100%\" src=\"https:\/\/d2qc09rl1gfuof.cloudfront.net\/vevor\/boutique-banner\/pc\/banner-en.jpg\" slate-data-type=\"image\" \/>\n <\/div>\n<div>\n<div style=\"font-size:16px;font-weight:bold;text-align:center;color:rgb(34, 34, 34);margin:24px 0px;margin-bottom:24px;margin-top:24px;margin-left:0px;margin-right:0px\" align=\"center\">\n   VEVOR Elektrisk K\u00e6detalje \u2013 \u00c6ndr din m\u00e5de at se p\u00e5 l\u00f8ft\n  <\/div>\n<div>\n   <img decoding=\"async\" style=\"width:100%\" width=\"100%\" src=\"https:\/\/d2qc09rl1gfuof.cloudfront.net\/product\/DDHLHLCS6MDDC52ZE\/chain-hoist-a100-1.4-pt.jpg\" slate-data-type=\"image\" \/>\n  <\/div>\n<div style=\"font-size:14px;text-align:center;color:rgb(34, 34, 34);margin:16px 0px 24px;margin-bottom:24px;margin-top:16px;margin-left:0px;margin-right:0px\" align=\"center\">\n   Vores elektriske k\u00e6detalje har en kraftig l\u00f8ftekapacitet, hvilket g\u00f8r den perfekt til l\u00f8ft af tunge genstande i garager. Dens hurtige l\u00f8ftehastighed sikrer effektiv drift uden lange ventetider.\n  <\/div><\/div>\n<div>\n<div style=\"margin:8px 0px;margin-bottom:8px;margin-top:8px;margin-left:0px;margin-right:0px\">\n   <img decoding=\"async\" style=\"width:100%\" width=\"100%\" src=\"https:\/\/d2qc09rl1gfuof.cloudfront.net\/product\/DDHLHLCS6MDDC52ZE\/chain-hoist-a100-2.2-pt.jpg\" slate-data-type=\"image\" \/>\n  <\/div>\n<div style=\"font-size:14px;text-align:center;color:rgb(34, 34, 34);margin:16px 0px 24px;margin-bottom:24px;margin-top:16px;margin-left:0px;margin-right:0px\" align=\"center\">\n   Den robuste k\u00e6de giver en lettere samlet v\u00e6gt og h\u00f8jere styrke for den elektriske k\u00e6detalje. Den b\u00e6rer tunge belastninger og bevarer samtidig komforten.\n  <\/div><\/div>\n<div>\n<div style=\"margin:8px 0px;margin-bottom:8px;margin-top:8px;margin-left:0px;margin-right:0px\">\n   <img decoding=\"async\" style=\"width:100%\" width=\"100%\" src=\"https:\/\/d2qc09rl1gfuof.cloudfront.net\/product\/DDHLHLCS6MDDC52ZE\/chain-hoist-a100-2.3-pt.jpg\" slate-data-type=\"image\" \/>\n  <\/div>\n<div style=\"font-size:14px;text-align:center;color:rgb(34, 34, 34);margin:16px 0px 24px;margin-bottom:24px;margin-top:16px;margin-left:0px;margin-right:0px\" align=\"center\">\n   Denne elektriske k\u00e6delift har et komfortabelt og praktisk design, inklusive en l\u00f8fteslynge til h\u00e5ndtering af forskellige tunge genstande. Den f\u00f8lsomme fjernbetjening muligg\u00f8r pr\u00e6cis og bekvem l\u00f8ftning.\n  <\/div><\/div>\n<div>\n<div style=\"margin:8px 0px;margin-bottom:8px;margin-top:8px;margin-left:0px;margin-right:0px\">\n   <img decoding=\"async\" style=\"width:100%\" width=\"100%\" src=\"https:\/\/d2qc09rl1gfuof.cloudfront.net\/product\/DDHLHLCS6MDDC52ZE\/chain-hoist-a100-2.4-pt.jpg\" slate-data-type=\"image\" \/>\n  <\/div>\n<div style=\"font-size:14px;text-align:center;color:rgb(34, 34, 34);margin:16px 0px 24px;margin-bottom:24px;margin-top:16px;margin-left:0px;margin-right:0px\" align=\"center\">\n   Den effektive kobbermotor sikrer stabil og sikker l\u00f8ftning af tunge genstande. Med et n\u00f8dbremsesystem og luftk\u00f8lesystem er den elektriske k\u00e6kkel\u00f8je p\u00e5lidelig og sikker at bruge.\n  <\/div><\/div>\n<div>\n<div style=\"margin:8px 0px;margin-bottom:8px;margin-top:8px;margin-left:0px;margin-right:0px\">\n   <img decoding=\"async\" style=\"width:100%\" width=\"100%\" src=\"https:\/\/d2qc09rl1gfuof.cloudfront.net\/product\/DDHLHLCS6MDDC52ZE\/chain-hoist-a100-2.5-pt.jpg\" slate-data-type=\"image\" \/>\n  <\/div>\n<div style=\"font-size:14px;text-align:center;color:rgb(34, 34, 34);margin:16px 0px 24px;margin-bottom:24px;margin-top:16px;margin-left:0px;margin-right:0px\" align=\"center\">\n   Vores monterede k\u00e6detalje har opgraderet sin holdbarhed og b\u00e6reevne til flere l\u00f8ftebehov. Dens mere holdbare og robuste materialer forbedrer levetiden og stabiliteten.\n  <\/div><\/div>\n<div style=\"margin:16px 0px 24px;margin-bottom:24px;margin-top:16px;margin-left:0px;margin-right:0px\"><\/div>\n<div style=\"margin:24px 0px;margin-bottom:24px;margin-top:24px;margin-left:0px;margin-right:0px\">\n<div style=\"font-size:16px;font-weight:bold;color:rgb(34, 34, 34);margin:24px 0px 16px;margin-bottom:16px;margin-top:24px;margin-left:0px;margin-right:0px\">\n   Funktioner og detaljer\n  <\/div>\n<ul style=\"margin:16px 0px 24px;margin-bottom:24px;margin-top:16px;margin-left:0px;margin-right:0px\">\n<li style=\"font-size:14px;color:rgb(34, 34, 34)\">\n<p>1800 kg lasteevne: Vores elektriske k\u00e6detalje er udstyret med en G100-k\u00e6de, der giver en sikker l\u00f8ftekapacitet p\u00e5 1996 kg. Den kan l\u00f8fte alle slags tunge genstande med en hastighed p\u00e5 6,6 m\/min med en maksimal l\u00f8fteh\u00f8jde p\u00e5 6,096 m.<\/p>\n<\/li>\n<li style=\"font-size:14px;color:rgb(34, 34, 34)\">\n<p>Kraftig motor: Kobbermotoren yder 3,5 kW effekt til at h\u00e5ndtere tunge belastninger uden deformation. Den store k\u00f8lerventilator holder den elektriske k\u00e6detalje k\u00f8lig for at undg\u00e5 overophedning. Alle disse funktioner sikrer effektivt arbejde og sparer dig mere tid og energi.<\/p>\n<\/li>\n<li style=\"font-size:14px;color:rgb(34, 34, 34)\">\n<p>Installer p\u00e5 ingen tid: Vores elektriske k\u00e6detalje er nem at installere og kan h\u00e6nges direkte i loftet med metallister eller massive tr\u00e6lister. Den har en n\u00f8dstopkontakt og et elektromagnetisk bremsesystem for at forhindre unormal glidning.<\/p>\n<\/li>\n<li style=\"font-size:14px;color:rgb(34, 34, 34)\">\n<p>Tr\u00e5dl\u00f8s fjernbetjening: Den elektriske k\u00e6delifttalje har en tr\u00e5dl\u00f8s fjernbetjening med en maksimal kontrolafstand p\u00e5 100 m. Den har en f\u00f8lsom kontaktfunktion og giver dig mulighed for at betjene den elektriske talje med \u00e9n h\u00e5nd for at l\u00f8fte, placere og s\u00e6nke udstyr.<\/p>\n<\/li>\n<li style=\"font-size:14px;color:rgb(34, 34, 34)\">\n<p>Brug den overalt: Vores elektriske k\u00e6detalje er velegnet til garager, butikker, hoteller og hjem, perfekt til b\u00e5de professionelle og hobbyfolk. Den er fantastisk til reparation af b\u00e5de, biler, pl\u00e6neklippere, golfvogne, boligindretning, motorer, kampesten, tr\u00e6er osv. Den er en ideel hj\u00e6lper til at l\u00f8fte maskiner og er ogs\u00e5 praktisk for j\u00e6gere til at h\u00e6nge deres bytte op.<\/p>\n<\/li>\n<\/ul><\/div>\n<div>\n<div>\n<div style=\"margin:16px 0px 24px;margin-bottom:24px;margin-top:16px;margin-left:0px;margin-right:0px\">\n    <img decoding=\"async\" style=\"width:100%\" width=\"100%\" src=\"https:\/\/d2qc09rl1gfuof.cloudfront.net\/product\/DDHLHLCS6MDDC52ZE\/chain-hoist-a100-1.11-pt.jpg\" slate-data-type=\"image\" \/>\n   <\/div><\/div><\/div>\n<\/div>\n<p><\/p>\n<\/div>\n<\/div>","protected":false},"excerpt":{"rendered":"<p>Hign-concerned Chemical:&nbsp;None Origin:&nbsp;Mainland China Brand Name:&nbsp;VEVOR Item Model Number:&nbsp;WX4400LBS-2 Load Power:&nbsp;3.5KW Lifting Load:&nbsp;4400 lbs\/1996 kg Product Weight:&nbsp;226.4 lbs\/102.7 kg Chain Material:&nbsp;8620 Alloy Steel Type:&nbsp;Electric Chain Hoist VEVOR Electric Chain Hoist<\/p>","protected":false},"featured_media":24802,"comment_status":"open","ping_status":"closed","template":"","meta":{"_acf_changed":false},"product_brand":[],"product_cat":[517],"product_tag":[],"class_list":{"0":"post-24801","1":"product","2":"type-product","3":"status-publish","4":"has-post-thumbnail","6":"product_cat-electric-lifting-hoists","8":"first","9":"instock","10":"shipping-taxable","11":"purchasable","12":"product-type-variable"},"acf":[],"_links":{"self":[{"href":"https:\/\/electricstore.eu\/da\/wp-json\/wp\/v2\/product\/24801","targetHints":{"allow":["GET"]}}],"collection":[{"href":"https:\/\/electricstore.eu\/da\/wp-json\/wp\/v2\/product"}],"about":[{"href":"https:\/\/electricstore.eu\/da\/wp-json\/wp\/v2\/types\/product"}],"replies":[{"embeddable":true,"href":"https:\/\/electricstore.eu\/da\/wp-json\/wp\/v2\/comments?post=24801"}],"wp:featuredmedia":[{"embeddable":true,"href":"https:\/\/electricstore.eu\/da\/wp-json\/wp\/v2\/media\/24802"}],"wp:attachment":[{"href":"https:\/\/electricstore.eu\/da\/wp-json\/wp\/v2\/media?parent=24801"}],"wp:term":[{"taxonomy":"product_brand","embeddable":true,"href":"https:\/\/electricstore.eu\/da\/wp-json\/wp\/v2\/product_brand?post=24801"},{"taxonomy":"product_cat","embeddable":true,"href":"https:\/\/electricstore.eu\/da\/wp-json\/wp\/v2\/product_cat?post=24801"},{"taxonomy":"product_tag","embeddable":true,"href":"https:\/\/electricstore.eu\/da\/wp-json\/wp\/v2\/product_tag?post=24801"}],"curies":[{"name":"wp","href":"https:\/\/api.w.org\/{rel}","templated":true}]}}