{"id":24676,"date":"2025-05-20T18:41:38","date_gmt":"2025-05-20T18:41:38","guid":{"rendered":"https:\/\/electricstore.eu\/p\/uncategorized\/homcom-3-6-year-old-kids-electric-car-with-2-motors-and-remote-control-12v-110x68x52-cm-black\/"},"modified":"2025-05-20T18:42:20","modified_gmt":"2025-05-20T18:42:20","slug":"homcom-3-6-year-old-kids-electric-car-with-2-motors-and-remote-control-12v-110x68x52-cm-black","status":"publish","type":"product","link":"https:\/\/electricstore.eu\/da\/p\/o\/homcom-3-6-year-old-kids-electric-car-with-2-motors-and-remote-control-12v-110x68x52-cm-black\/","title":{"rendered":"HOMCOM 3-6 \u00e5r gammel b\u00f8rne elbil med 2 motorer og fjernbetjening 12V 110x68x52 cm sort"},"content":{"rendered":"<div class=\"product-specs-list-container\">\n<ul class=\"product-specs-list util-clearfix\">\n<li class=\"product-prop line-limit-length\"><span\n                                        class=\"property-title\">M\u00e6rkenavn:&nbsp;<\/span><span\n                                        class=\"property-desc line-limit-length\">HOMCOM<\/span>\n                            <\/li>\n<li class=\"product-prop line-limit-length\"><span\n                                        class=\"property-title\">Funktioner:&nbsp;<\/span><span\n                                        class=\"property-desc line-limit-length\">Rid videre<\/span>\n                            <\/li>\n<\/ul><\/div>\n<div class=\"detailmodule_html\">\n<div class=\"detail-desc-decorate-richtext\">\n<p><\/p>\n<div style=\"overflow:visible;height:auto\" class=\"lc-1\">\n<div class=\"f-line\">\n<div class=\"fts\">\n<div>\nHvis du leder efter et elektrisk b\u00f8rnek\u00f8ret\u00f8j til dine b\u00f8rn, s\u00e5 tjek denne HOMCOM b\u00f8rnebil ud. Den har USB-stik, TF og en AUX-afspiller til tilslutning af MP3, forlygter med lys, sikkerhedssele, forudinstalleret musik og ekstra brede d\u00e6k. Den kan k\u00f8res af b\u00f8rn med bilens rat eller af en voksen med den medf\u00f8lgende fjernbetjening.\n<\/div><\/div><\/div>\n<\/div>\n<div class=\"lc-1\">\n<div class=\"f-line\">\n<div class=\"fts\">\n<div>\n    <strong>Funktioner:<\/strong>\n   <\/div>\n<div>\n\u25cf De to motorer giver bedre vejgreb og k\u00f8rsel p\u00e5 gr\u00e6s eller jord med uj\u00e6vnheder<br \/>\n<br \/>\u25cf Nem forskydning med skubbeh\u00e5ndtag og hjulassistance<br \/>\n<br \/>\u25cf Str\u00f8mindikator, der overv\u00e5ger, hvor meget batteri der er tilbage<br \/>\n<br \/>\u25cf LED-for- og baglygter og horn<br \/>\n<br \/>\u25cf Den langsomme startmekanisme giver dit barn maksimal beskyttelse<br \/>\n<br \/>\u25cf Justering med to hastigheder (manuel) eller tre hastigheder (fjernbetjening) med en maksimal hastighed p\u00e5 5 km\/t<br \/>\n<br \/>\u25cf Med 2 k\u00f8retilstande: manuelt med rat eller 2,4G fjernbetjening<br \/>\n<br \/>\u25cf Musikfunktion, multimediecenter og USB-indgang, AUX-interface (med kabel)<br \/>\n<br \/>\u25cf Montering er p\u00e5kr\u00e6vet<br \/>\n\n   <\/div><\/div><\/div>\n<\/div>\n<div class=\"lc-1\">\n<div class=\"f-line\">\n<div class=\"fts\">\n<div>\n    <strong>Specifikationer:<\/strong>\n   <\/div>\n<div>\n-Farve: Sort<br \/>\n<br \/>-Materiale: PP, metal<br \/>\n<br \/>- Samlede m\u00e5l: 110x68x52 cm (LxANxAL)<br \/>\n<br \/>-S\u00e6dem\u00e5l: 39\u00d721,5\u00d714 cm (s\u00e6de til gulv)<br \/>\n<br \/>-Hjulm\u00e5l: \u00d8 23,5 cm<br \/>\n<br \/>-Hastighed: 3-5 km\/t<br \/>\n<br \/>-Batteri: 12V 4,5ah x 1<br \/>\n<br \/>-Motor: 30W x 2<br \/>\n<br \/>-R\u00e6kkevidde: 25 m<br \/>\n<br \/>-Opladningstid: 8-12 timer<br \/>\n<br \/>-Autonomi: 1 time (med fuld belastning)<br \/>\n<br \/>-Anbefalet alder: 37-72 m\u00e5neder<br \/>\n<br \/>-Certificeringer: i 71-1-2-3, i 62115, EMC, ROHS, ERP, MSDS<br \/>\n<br \/>-Maksimal belastning: 30 kg<br \/>\n<br \/>-Batterier: 2 x AA (medf\u00f8lger ikke)<br \/>\n<br \/>-Reference: 370-217V90BK<br \/>\n<br \/>Bem\u00e6rk: Brug altid under opsyn af en voksen<br \/>\n\n   <\/div><\/div><\/div>\n<\/div>\n<div>\n <img decoding=\"async\" width=\"1000    \" height=\"35\" src=\"https:\/\/ae01.alicdn.com\/kf\/HTB1KhgjkfiSBuNkSnhJq6zDcpXaR.jpg\" slate-data-type=\"image\" \/>\n<\/div>\n<div class=\"content01\">\n<div class=\"content_img\">\n  <img decoding=\"async\" width=\"1000\" src=\"https:\/\/ae04.alicdn.com\/kf\/S6f3232904d2d430eb1080880defcc687L.jpg\" slate-data-type=\"image\" \/>\n <\/div>\n<div class=\"content_img\">\n  <img decoding=\"async\" width=\"1000\" src=\"https:\/\/ae04.alicdn.com\/kf\/S98e47e773a424676a86e44a825a1172ax.jpg\" slate-data-type=\"image\" \/>\n <\/div>\n<div class=\"content_img\">\n  <img decoding=\"async\" width=\"1000\" src=\"https:\/\/ae04.alicdn.com\/kf\/S78adacce884e4e2d8251152be20733aaS.jpg\" slate-data-type=\"image\" \/>\n <\/div>\n<div class=\"content_img\">\n  <img decoding=\"async\" width=\"1000\" src=\"https:\/\/ae04.alicdn.com\/kf\/Sd1e4a1047ce1470bb1f19770adab455cM.jpg\" slate-data-type=\"image\" \/>\n <\/div>\n<div class=\"content_img\">\n  <img decoding=\"async\" width=\"1000\" src=\"https:\/\/ae04.alicdn.com\/kf\/S8ab3209f2944438c9bfc6e4e87a79226e.jpg\" slate-data-type=\"image\" \/>\n <\/div>\n<div class=\"content_img\">\n  <img decoding=\"async\" width=\"1000\" src=\"https:\/\/ae04.alicdn.com\/kf\/S7b1ac00abd2942d2904710caea873118f.jpg\" slate-data-type=\"image\" \/>\n <\/div>\n<\/div>\n<div>\n <img fetchpriority=\"high\" decoding=\"async\" width=\"1000\" height=\"1881\" src=\"https:\/\/ae01.alicdn.com\/kf\/Ua8ece3e103ed470793ec3cb15da8a01fz.jpg\" slate-data-type=\"image\" \/>\n<\/div>\n<p><\/p>\n<\/div>\n<\/div>","protected":false},"excerpt":{"rendered":"<p>Brand Name:&nbsp;HOMCOM Features:&nbsp;Ride On If you are looking for a children&#8217;s electric vehicle for your children, check out This HOMCOM children&#8217;s car. It has USB slot, TF and an auxiliary<\/p>","protected":false},"featured_media":24677,"comment_status":"open","ping_status":"closed","template":"","meta":{"_acf_changed":false},"product_brand":[],"product_cat":[15],"product_tag":[],"class_list":{"0":"post-24676","1":"product","2":"type-product","3":"status-publish","4":"has-post-thumbnail","6":"product_cat-o","8":"first","9":"instock","10":"shipping-taxable","11":"purchasable","12":"product-type-variable"},"acf":[],"_links":{"self":[{"href":"https:\/\/electricstore.eu\/da\/wp-json\/wp\/v2\/product\/24676","targetHints":{"allow":["GET"]}}],"collection":[{"href":"https:\/\/electricstore.eu\/da\/wp-json\/wp\/v2\/product"}],"about":[{"href":"https:\/\/electricstore.eu\/da\/wp-json\/wp\/v2\/types\/product"}],"replies":[{"embeddable":true,"href":"https:\/\/electricstore.eu\/da\/wp-json\/wp\/v2\/comments?post=24676"}],"wp:featuredmedia":[{"embeddable":true,"href":"https:\/\/electricstore.eu\/da\/wp-json\/wp\/v2\/media\/24677"}],"wp:attachment":[{"href":"https:\/\/electricstore.eu\/da\/wp-json\/wp\/v2\/media?parent=24676"}],"wp:term":[{"taxonomy":"product_brand","embeddable":true,"href":"https:\/\/electricstore.eu\/da\/wp-json\/wp\/v2\/product_brand?post=24676"},{"taxonomy":"product_cat","embeddable":true,"href":"https:\/\/electricstore.eu\/da\/wp-json\/wp\/v2\/product_cat?post=24676"},{"taxonomy":"product_tag","embeddable":true,"href":"https:\/\/electricstore.eu\/da\/wp-json\/wp\/v2\/product_tag?post=24676"}],"curies":[{"name":"wp","href":"https:\/\/api.w.org\/{rel}","templated":true}]}}