{"id":24663,"date":"2025-05-20T18:41:29","date_gmt":"2025-05-20T18:41:29","guid":{"rendered":"https:\/\/electricstore.eu\/p\/uncategorized\/pawhut-cargo-bicycle-trailer-40kg-light-steel-frame-with\/"},"modified":"2025-05-20T18:41:56","modified_gmt":"2025-05-20T18:41:56","slug":"pawhut-cargo-bicycle-trailer-40kg-light-steel-frame-with","status":"publish","type":"product","link":"https:\/\/electricstore.eu\/da\/p\/o\/bike-trailers-and-wagons\/pawhut-cargo-bicycle-trailer-40kg-light-steel-frame-with\/","title":{"rendered":"PawHut cykeltrailer med 40 kg let st\u00e5lramme"},"content":{"rendered":"<div class=\"product-specs-list-container\">\n<ul class=\"product-specs-list util-clearfix\">\n<li class=\"product-prop line-limit-length\"><span\n                                        class=\"property-title\">M\u00e6rkenavn:&nbsp;<\/span><span\n                                        class=\"property-desc line-limit-length\">PawHut<\/span>\n                            <\/li>\n<\/ul><\/div>\n<div class=\"detailmodule_html\">\n<div class=\"detail-desc-decorate-richtext\">\n<p><\/p>\n<div style=\"overflow:visible;height:auto\" class=\"lc-1\">\n<div class=\"f-line\">\n<div class=\"fts\">\n<div>\nFor at f\u00e5 endnu mere ud af din bycykel, &amp; hvad er bedre end denne fantastiske store ladcykeltrailer? Dens st\u00e5lstruktur og store hjul g\u00f8r den til en robust og nem trailer at transportere. Derudover er den meget tilpasningsdygtig, da sidepanelerne kan foldes ned p\u00e5 bunden, og bag- og fordelene nemt kan skilles ad. S\u00e5 den giver masser af plads til at laste store genstande. Det er en trailer, der er forberedt til at b\u00e6re op til 50 kg, og designet til at holde den nem, n\u00e5r den ikke er i brug. Derfor er den store ladcykeltrailer hurtigt at skille ad. &amp; Hvad venter du p\u00e5 for at f\u00e5 mest muligt ud af din bycykel?<\/p><\/div><\/div><\/div>\n<\/div>\n<div class=\"lc-1\">\n<div class=\"f-line\">\n<div class=\"fts\">\n<div>\n    <strong>Funktioner:<\/strong><br \/>\n    <br \/>\u25cf Let st\u00e5lramme;\n<\/div>\n<div>\n\u25cf Forst\u00e6rket solid PE-baggrund;\n<\/div>\n<div>\n\u25cf Store hjul og st\u00e5lstruktur giver optimal stabilitet;\n<\/div>\n<div>\n\u25cf Forst\u00e6rket st\u00e5lankerstang;\n<\/div>\n<div>\n\u25cf Nem at samle og skille ad;\n<\/div>\n<div>\n\u25cf Lastvognen hj\u00e6lper med pakkeleveringsopgaver, overf\u00f8rsel af tung last osv.;\n<\/div>\n<div>\n\u25cf Sidebarrierer kan foldes ind p\u00e5 trailerens platform;\n<\/div>\n<div>\n\u25cf Forreste og bageste barrierer kan tr\u00e6kkes ned;\n<\/div>\n<div>\n\u25cf Inkluder Aosom cykelstik af typen &#039;B&#039;, der er ikke behov for andet for at forbinde anh\u00e6ngeren til cyklen;\n<\/div>\n<div>\n\u25cf Hurtigudl\u00f8sende hjul;\n<\/div>\n<div>\n\u25cf 4 reflekser i alt fordelt mellem baghjulene og hjulene<\/p><\/div><\/div><\/div>\n<\/div>\n<div class=\"lc-1\">\n<div class=\"f-line\">\n<div class=\"fts\">\n<div>\n    <strong>Specifikationer:<\/strong><br \/>\n    <br \/>-Materiale: St\u00e6rk st\u00e5lkonstruktion med plastikbase<br \/>\n<br \/>-Farve: Sort<br \/>\n<br \/>- Underst\u00f8tter en maksimal v\u00e6gt p\u00e5 50 kg<br \/>\n<br \/>- Trailerv\u00e6gt: 11,5 kg<br \/>\n<br \/>-M\u00e5l: 145x70x49cm (LxBxH)<br \/>\n<br \/>-PE-paneltykkelse: 2 mm\n<\/div>\n<div class=\"detailmodule_html\">\n<div class=\"detail-desc-decorate-richtext\">\n<div class=\"lc-1\">\n<div class=\"f-line\">\n<div class=\"fts\">\n<div>\n-Egnet cykelhjuldiameter: 20&quot;-26&quot;<br \/>\n<br \/>-Reference: B4-0008<br \/>\n\n        <\/div><\/div><\/div><\/div><\/div><\/div><\/div><\/div>\n<\/div>\n<div>\n <img decoding=\"async\" width=\"1000    \" height=\"35\" src=\"https:\/\/ae01.alicdn.com\/kf\/HTB1KhgjkfiSBuNkSnhJq6zDcpXaR.jpg\" slate-data-type=\"image\" \/>\n<\/div>\n<div class=\"content01\">\n<div class=\"content_img\">\n  <img decoding=\"async\" width=\"1000\" src=\"https:\/\/ae01.alicdn.com\/kf\/H2c64b258a67643ed85a0cc187dc8bb3cQ.jpg\" slate-data-type=\"image\" \/>\n <\/div>\n<div class=\"content_img\">\n  <img decoding=\"async\" width=\"1000\" src=\"https:\/\/ae01.alicdn.com\/kf\/Ha7bcb129fe7d4a999932bc04554ebedbq.jpg\" slate-data-type=\"image\" \/>\n <\/div>\n<div class=\"content_img\">\n  <img decoding=\"async\" width=\"1000\" src=\"https:\/\/ae01.alicdn.com\/kf\/Hab3a76bdd7564a8b9d6f90e3279125fbF.jpg\" slate-data-type=\"image\" \/>\n <\/div>\n<div class=\"content_img\">\n  <img decoding=\"async\" width=\"1000\" src=\"https:\/\/ae01.alicdn.com\/kf\/Hfe13f487df274ceea08e55911aec8ed9M.jpg\" slate-data-type=\"image\" \/>\n <\/div>\n<div class=\"content_img\">\n  <img decoding=\"async\" width=\"1000\" src=\"https:\/\/ae01.alicdn.com\/kf\/Hfd097be8084043459af95bdb322fc4cf5.jpg\" slate-data-type=\"image\" \/>\n <\/div>\n<div class=\"content_img\">\n  <img decoding=\"async\" width=\"1000\" src=\"https:\/\/ae01.alicdn.com\/kf\/H5068429d5fe74a8cad3b2c1594bd1abcs.jpg\" slate-data-type=\"image\" \/>\n <\/div>\n<div class=\"content_img\">\n  <img decoding=\"async\" width=\"1000\" src=\"https:\/\/gsp.aliexpress.com\/apps\/product\/publish?spm=5261.ProductManageOnline.0.0.789e4edf7O1jHp&amp;productId=4000370801767\" slate-data-type=\"image\" \/>\n <\/div>\n<div class=\"content_img\">\n  <img decoding=\"async\" width=\"1000\" src=\"https:\/\/gsp.aliexpress.com\/apps\/product\/publish?spm=5261.ProductManageOnline.0.0.789e4edf7O1jHp&amp;productId=4000370801767\" slate-data-type=\"image\" \/>\n <\/div>\n<\/div>\n<div>\n <img fetchpriority=\"high\" decoding=\"async\" width=\"1000\" height=\"1881\" src=\"https:\/\/ae01.alicdn.com\/kf\/HTB1i.OtVMHqK1RjSZFkq6x.WFXaT.jpg\" slate-data-type=\"image\" \/>\n<\/div>\n<p><\/p>\n<\/div>\n<\/div>","protected":false},"excerpt":{"rendered":"<p>Brand Name:&nbsp;PawHut To get even more out of your city bike, &amp; iquest; What better than this fantastic large cargo bike trailer? Its steel structure and large wheels make it<\/p>","protected":false},"featured_media":24664,"comment_status":"open","ping_status":"closed","template":"","meta":{"_acf_changed":false},"product_brand":[],"product_cat":[523],"product_tag":[],"class_list":{"0":"post-24663","1":"product","2":"type-product","3":"status-publish","4":"has-post-thumbnail","6":"product_cat-bike-trailers-and-wagons","8":"first","9":"instock","10":"shipping-taxable","11":"purchasable","12":"product-type-variable"},"acf":[],"_links":{"self":[{"href":"https:\/\/electricstore.eu\/da\/wp-json\/wp\/v2\/product\/24663","targetHints":{"allow":["GET"]}}],"collection":[{"href":"https:\/\/electricstore.eu\/da\/wp-json\/wp\/v2\/product"}],"about":[{"href":"https:\/\/electricstore.eu\/da\/wp-json\/wp\/v2\/types\/product"}],"replies":[{"embeddable":true,"href":"https:\/\/electricstore.eu\/da\/wp-json\/wp\/v2\/comments?post=24663"}],"wp:featuredmedia":[{"embeddable":true,"href":"https:\/\/electricstore.eu\/da\/wp-json\/wp\/v2\/media\/24664"}],"wp:attachment":[{"href":"https:\/\/electricstore.eu\/da\/wp-json\/wp\/v2\/media?parent=24663"}],"wp:term":[{"taxonomy":"product_brand","embeddable":true,"href":"https:\/\/electricstore.eu\/da\/wp-json\/wp\/v2\/product_brand?post=24663"},{"taxonomy":"product_cat","embeddable":true,"href":"https:\/\/electricstore.eu\/da\/wp-json\/wp\/v2\/product_cat?post=24663"},{"taxonomy":"product_tag","embeddable":true,"href":"https:\/\/electricstore.eu\/da\/wp-json\/wp\/v2\/product_tag?post=24663"}],"curies":[{"name":"wp","href":"https:\/\/api.w.org\/{rel}","templated":true}]}}