{"id":24638,"date":"2025-05-20T18:41:15","date_gmt":"2025-05-20T18:41:15","guid":{"rendered":"https:\/\/electricstore.eu\/p\/uncategorized\/homcom-electric-car-for-child-3-years-outdoor-with-remote-control-music-lights-2-door-opening-30kg-115x70x55cm\/"},"modified":"2025-05-20T18:41:40","modified_gmt":"2025-05-20T18:41:40","slug":"homcom-electric-car-for-child-3-years-outdoor-with-remote-control-music-lights-2-door-opening-30kg-115x70x55cm","status":"publish","type":"product","link":"https:\/\/electricstore.eu\/da\/p\/o\/homcom-electric-car-for-child-3-years-outdoor-with-remote-control-music-lights-2-door-opening-30kg-115x70x55cm\/","title":{"rendered":"HOMCOM elbil til barn + 3 \u00e5r udend\u00f8rs med fjernbetjening, musiklys, 2 d\u00f8r\u00e5bninger, 30 kg, 115x70x55 cm"},"content":{"rendered":"<div class=\"product-specs-list-container\">\n<ul class=\"product-specs-list util-clearfix\">\n<li class=\"product-prop line-limit-length\"><span\n                                        class=\"property-title\">M\u00e6rkenavn:&nbsp;<\/span><span\n                                        class=\"property-desc line-limit-length\">HOMCOM<\/span>\n                            <\/li>\n<li class=\"product-prop line-limit-length\"><span\n                                        class=\"property-title\">Oprindelse:&nbsp;<\/span><span\n                                        class=\"property-desc line-limit-length\">Kinas fastland<\/span>\n                            <\/li>\n<li class=\"product-prop line-limit-length\"><span\n                                        class=\"property-title\">Funktioner:&nbsp;<\/span><span\n                                        class=\"property-desc line-limit-length\">Rid videre<\/span>\n                            <\/li>\n<\/ul><\/div>\n<div class=\"detailmodule_html\">\n<div class=\"detail-desc-decorate-richtext\">\n<p>Denne batteridrevne b\u00f8rnebil med fremad- og bagl\u00e6nsk\u00f8rsel kan styres manuelt af b\u00f8rn eller for\u00e6ldre med fjernbetjening. S\u00e5ledes er det super nemt at flytte k\u00f8ret\u00f8jet eller styre det af en voksen. B\u00f8rnene vil have det sjovt med deres virkelig fungerende lygter, lytte til musik i MP3-format takket v\u00e6re dens TF-l\u00e6ser og USB-port eller k\u00f8re den komfortabelt med det praktiske rat og sikkert takket v\u00e6re sikkerhedsselen.<\/p>\n<p><\/p>\n<div class=\"detailmodule_html\">\n<div class=\"detail-desc-decorate-richtext\">\n<div class=\"lc-1\">\n<div class=\"f-line\">\n<div class=\"fts\">\n<div><strong>Funktioner:<\/strong><\/div>\n<\/div>\n<\/div>\n<\/div>\n<\/div>\n<\/div>\n<p>\u25cf Denne batteridrevne b\u00f8rnebil fungerer med gaspedal og rat;<\/p>\n<p>\u25cf Har TF-kortpladser og USB-port, s\u00e5 du kan afspille musik i MP3-format;<\/p>\n<p>\u25cf Med historiefort\u00e6llingstilstand og engelskl\u00e6ring;<\/p>\n<p>\u25cf Den har 2 12V\/30W motorer, og n\u00e5r den er fuldt opladet, tilbyder batteriet ca. 1 times batteritid;<\/p>\n<p>\u25cf For- og baglygterne fungerer virkelig;<\/p>\n<p>\u25cf Inkluderer indikator for resterende batteri;<\/p>\n<p>\u25cf Fjernbetjening til for\u00e6ldrekontrol;<\/p>\n<p>\u25cf Kr\u00e6ver montering<\/p>\n<p><\/p>\n<div class=\"detailmodule_html\">\n<div class=\"detail-desc-decorate-richtext\">\n<div class=\"lc-1\">\n<div class=\"f-line\">\n<div class=\"fts\">\n<div><strong>Specifikationer:<\/strong><\/div>\n<\/div>\n<\/div>\n<\/div>\n<\/div>\n<\/div>\n<p>\u25cf Farve: R\u00f8d;<\/p>\n<p>\u25cf Materiale: PP, metal;<\/p>\n<p>\u25cf Samlede m\u00e5l: 102x60x44 cm (LxANxAL);<\/p>\n<p>\u25cf S\u00e6dem\u00e5l: 35,5\u00d719,5\u00d721,5 cm (LxANxAL);<\/p>\n<p>\u25cf Hjulm\u00e5l: \u00d8 21\u00d76,5 cm (DxAN);<\/p>\n<p>\u25cf Opladningstid: 8-12 timer;<\/p>\n<p>\u25cf Motor: 30 W;<\/p>\n<p>\u25cf Oplader: 12V \/ 500MA;<\/p>\n<p>\u25cf Anbefalet alder: 3-5 \u00e5r;<\/p>\n<p>\u25cf Maksimal belastning: 25 kg;<\/p>\n<p>\u25cf Reference: 370-079V90D<\/p>\n<p><\/p>\n<p><img decoding=\"async\" src=\"https:\/\/ae01.alicdn.com\/kf\/HTB1KhgjkfiSBuNkSnhJq6zDcpXaR.jpg\" slate-data-type=\"image\"\/><\/p>\n<\/p>\n<p><img decoding=\"async\" src=\"https:\/\/ae01.alicdn.com\/kf\/S8f0b0bcc1bbb489ea861b651b5af8d5aJ.jpg\" slate-data-type=\"image\"\/><img decoding=\"async\" src=\"https:\/\/ae01.alicdn.com\/kf\/Se8c6f2a1a4214ead87fb5b19710ddec0z.jpg\" slate-data-type=\"image\"\/><img decoding=\"async\" src=\"https:\/\/ae01.alicdn.com\/kf\/Sb5e6a314294a4c6f8d8585f79dd715b20.jpg\" slate-data-type=\"image\"\/><img decoding=\"async\" src=\"https:\/\/ae01.alicdn.com\/kf\/S807d823845b448c8b7f8eb1ddc4b4e2ed.jpg\" slate-data-type=\"image\"\/><img decoding=\"async\" src=\"https:\/\/ae01.alicdn.com\/kf\/S70fa9c78f16e4272b24bedaffe02d853R.jpg\" slate-data-type=\"image\"\/><img decoding=\"async\" src=\"https:\/\/ae01.alicdn.com\/kf\/S35bf9aec658f488583003bec3fe69ae9z.jpg\" slate-data-type=\"image\"\/><img decoding=\"async\" src=\"https:\/\/ae01.alicdn.com\/kf\/HTB1i.OtVMHqK1RjSZFkq6x.WFXaT.jpg\" slate-data-type=\"image\"\/><\/p>\n<p><img decoding=\"async\" width=\"750\" height=\"auto\" src=\"https:\/\/ae01.alicdn.com\/kf\/S11b87778fb234582a169c08233ec9094s.png\" slate-data-type=\"image\"\/><\/p>\n<\/div>\n<\/div>","protected":false},"excerpt":{"rendered":"<p>Brand Name:&nbsp;HOMCOM Origin:&nbsp;Mainland China Features:&nbsp;Ride On This children&#8217;s battery car with forward and backward driving, can be controlled manually by children or by parents with remote control. Thus, moving the<\/p>","protected":false},"featured_media":24639,"comment_status":"open","ping_status":"closed","template":"","meta":{"_acf_changed":false},"product_brand":[],"product_cat":[15],"product_tag":[],"class_list":{"0":"post-24638","1":"product","2":"type-product","3":"status-publish","4":"has-post-thumbnail","6":"product_cat-o","8":"first","9":"instock","10":"shipping-taxable","11":"purchasable","12":"product-type-variable"},"acf":[],"_links":{"self":[{"href":"https:\/\/electricstore.eu\/da\/wp-json\/wp\/v2\/product\/24638","targetHints":{"allow":["GET"]}}],"collection":[{"href":"https:\/\/electricstore.eu\/da\/wp-json\/wp\/v2\/product"}],"about":[{"href":"https:\/\/electricstore.eu\/da\/wp-json\/wp\/v2\/types\/product"}],"replies":[{"embeddable":true,"href":"https:\/\/electricstore.eu\/da\/wp-json\/wp\/v2\/comments?post=24638"}],"wp:featuredmedia":[{"embeddable":true,"href":"https:\/\/electricstore.eu\/da\/wp-json\/wp\/v2\/media\/24639"}],"wp:attachment":[{"href":"https:\/\/electricstore.eu\/da\/wp-json\/wp\/v2\/media?parent=24638"}],"wp:term":[{"taxonomy":"product_brand","embeddable":true,"href":"https:\/\/electricstore.eu\/da\/wp-json\/wp\/v2\/product_brand?post=24638"},{"taxonomy":"product_cat","embeddable":true,"href":"https:\/\/electricstore.eu\/da\/wp-json\/wp\/v2\/product_cat?post=24638"},{"taxonomy":"product_tag","embeddable":true,"href":"https:\/\/electricstore.eu\/da\/wp-json\/wp\/v2\/product_tag?post=24638"}],"curies":[{"name":"wp","href":"https:\/\/api.w.org\/{rel}","templated":true}]}}