{"id":24626,"date":"2025-05-20T18:41:10","date_gmt":"2025-05-20T18:41:10","guid":{"rendered":"https:\/\/electricstore.eu\/p\/uncategorized\/homcom-electric-quad-for-children-18-36-months-6v-advance-reverse-72x40x455cm\/"},"modified":"2025-05-20T18:41:22","modified_gmt":"2025-05-20T18:41:22","slug":"homcom-electric-quad-for-children-18-36-months-6v-advance-reverse-72x40x455cm","status":"publish","type":"product","link":"https:\/\/electricstore.eu\/da\/p\/o\/homcom-electric-quad-for-children-18-36-months-6v-advance-reverse-72x40x455cm\/","title":{"rendered":"HOMCOM Elektrisk ATV til B\u00f8rn 18-36 M\u00e5neder 6V Advance Bak 72x40x45,5cm"},"content":{"rendered":"<div class=\"product-specs-list-container\">\n<ul class=\"product-specs-list util-clearfix\">\n<li class=\"product-prop line-limit-length\"><span\n                                        class=\"property-title\">M\u00e6rkenavn:&nbsp;<\/span><span\n                                        class=\"property-desc line-limit-length\">HOMCOM<\/span>\n                            <\/li>\n<li class=\"product-prop line-limit-length\"><span\n                                        class=\"property-title\">Funktioner:&nbsp;<\/span><span\n                                        class=\"property-desc line-limit-length\">Rid videre<\/span>\n                            <\/li>\n<\/ul><\/div>\n<div class=\"detailmodule_html\">\n<div class=\"detail-desc-decorate-richtext\">\n<p>Har du set denne elektriske HOMCOM quad? Det er en god m\u00e5de for de sm\u00e5 at nyde naturen p\u00e5. Med en r\u00e6kkevidde p\u00e5 op til 50 minutter efter en fuld opladning vil de kunne k\u00f8re gennem deres yndlingssteder som rigtige chauff\u00f8rer. Med 4 store hjul, et let greb og en frem- og bakknap tilbyder dette batteridrevne k\u00f8ret\u00f8j den mest realistiske k\u00f8reoplevelse, s\u00e5 b\u00f8rnene kan have det sjovt.<\/p>\n<div class=\"detailmodule_html\">\n<div class=\"detail-desc-decorate-richtext\">\n<div style=\"overflow:visible;height:auto\" class=\"lc-1\">\n<div class=\"f-line\">\n<div class=\"fts\">\n<div>\u00a0<\/div>\n<\/div>\n<\/div>\n<\/div>\n<div class=\"lc-1\">\n<div class=\"f-line\">\n<div class=\"fts\">\n<div><strong>Funktioner:<\/strong><\/div>\n<div>\u25cf Elektrisk b\u00f8rnek\u00f8ret\u00f8j med meget realistisk design og en sikkerhedshastighed p\u00e5 2,8-4,6 km\/t;<\/div>\n<div>\u25cf Nem at bruge, har en knap til fremad- og bagudg\u00e5ende gear n\u00e6r styret;<\/div>\n<div>\u25cf 4 ekstra brede d\u00e6k for sikker og j\u00e6vn k\u00f8rsel;<\/div>\n<div>\u25cf Efter en fuld belastning har den en autonomi p\u00e5 op til 50 minutter;<\/div>\n<div>\u25cf Den leveres med en krog foran p\u00e5 bilen, s\u00e5 hvis batteriet l\u00f8ber t\u00f8r, eller barnet bliver tr\u00e6t af at k\u00f8re med ATV&#039;en, kan du tr\u00e6kke den ud;<\/div>\n<div>\u25cf Montering er p\u00e5kr\u00e6vet;<\/div>\n<div>\u25cf Vigtigt: Brug altid under opsyn af en voksen;<\/div>\n<div><\/div>\n<\/div>\n<\/div>\n<\/div>\n<div class=\"lc-1\">\n<div class=\"f-line\">\n<div class=\"fts\">\n<div><strong>Specifikationer:<\/strong><\/div>\n<\/div>\n<\/div>\n<\/div>\n<\/div>\n<\/div>\n<p>\u25cf Farve: Lyser\u00f8d;<\/p>\n<p>\u25cf Materiale: PP og metal;<\/p>\n<p>\u25cf Samlede m\u00e5l: 72x40x45,5 cm (LxANxAL);<\/p>\n<p>\u25cf S\u00e6dem\u00e5l: 31,5x15x30 cm (LxANxAL);<\/p>\n<p>\u25cf Hjuldiameter: \u00d8 19,5 cm;<\/p>\n<p>\u25cf Batteri: 6V, 4,5A;<\/p>\n<p>\u25cf Oplader: 6V, 500MA;<\/p>\n<p>\u25cf Opladningstid: 8-12 timer;<\/p>\n<p>\u25cf Autonomi: 50 minutter;<\/p>\n<p>\u25cf Maksimal hastighed: 2,8-4,6 km\/t;<\/p>\n<p>\u25cf Anbefalet alder: fra 18-36 m\u00e5neder;<\/p>\n<p>\u25cf Maksimal underst\u00f8ttet v\u00e6gt: 20 kg;<\/p>\n<p>\u25cf Certificeringer: EN71-1.2.3 og EN62115;<\/p>\n<p>\u25cf Reference: 370-166V90PK;<\/p>\n<div class=\"detailmodule_html\">\n<div class=\"detail-desc-decorate-richtext\">\n<div class=\"lc-1\">\n<div class=\"f-line\">\n<div class=\"fts\">\n<div><img decoding=\"async\" width=\"1000    \" height=\"35\" src=\"https:\/\/ae01.alicdn.com\/kf\/HTB1KhgjkfiSBuNkSnhJq6zDcpXaR.jpg\" slate-data-type=\"image\"\/><\/div>\n<\/div>\n<\/div>\n<\/div>\n<\/div>\n<\/div>\n<p><img decoding=\"async\" src=\"https:\/\/ae01.alicdn.com\/kf\/S2695d8ea214049228bd1bd8d40b65a45t.jpg\" slate-data-type=\"image\"\/><img decoding=\"async\" src=\"https:\/\/ae01.alicdn.com\/kf\/Se9cba31ec7404a47ac5c51a54c1d3b19p.jpg\" slate-data-type=\"image\"\/><img decoding=\"async\" src=\"https:\/\/ae01.alicdn.com\/kf\/S220f86688bdc47d78e070fcef5e64ce09.jpg\" slate-data-type=\"image\"\/><img decoding=\"async\" src=\"https:\/\/ae01.alicdn.com\/kf\/S2c4775c9cb9d4583acacc67115bead4bs.jpg\" slate-data-type=\"image\"\/><\/p>\n<div class=\"detailmodule_html\">\n<div class=\"detail-desc-decorate-richtext\">\n<div><img fetchpriority=\"high\" decoding=\"async\" width=\"1000\" height=\"1881\" src=\"https:\/\/ae01.alicdn.com\/kf\/Ua8ece3e103ed470793ec3cb15da8a01fz.jpg\" slate-data-type=\"image\"\/><\/div>\n<\/div>\n<\/div>\n<p><\/p>\n<\/div>\n<\/div>","protected":false},"excerpt":{"rendered":"<p>Brand Name:&nbsp;HOMCOM Features:&nbsp;Ride On Have You Seen This HOMCOM electric quad? It is a good way for the little ones to enjoy outdoors. With a range of up to 50<\/p>","protected":false},"featured_media":24628,"comment_status":"open","ping_status":"closed","template":"","meta":{"_acf_changed":false},"product_brand":[],"product_cat":[15],"product_tag":[],"class_list":{"0":"post-24626","1":"product","2":"type-product","3":"status-publish","4":"has-post-thumbnail","6":"product_cat-o","8":"first","9":"instock","10":"shipping-taxable","11":"purchasable","12":"product-type-variable"},"acf":[],"_links":{"self":[{"href":"https:\/\/electricstore.eu\/da\/wp-json\/wp\/v2\/product\/24626","targetHints":{"allow":["GET"]}}],"collection":[{"href":"https:\/\/electricstore.eu\/da\/wp-json\/wp\/v2\/product"}],"about":[{"href":"https:\/\/electricstore.eu\/da\/wp-json\/wp\/v2\/types\/product"}],"replies":[{"embeddable":true,"href":"https:\/\/electricstore.eu\/da\/wp-json\/wp\/v2\/comments?post=24626"}],"wp:featuredmedia":[{"embeddable":true,"href":"https:\/\/electricstore.eu\/da\/wp-json\/wp\/v2\/media\/24628"}],"wp:attachment":[{"href":"https:\/\/electricstore.eu\/da\/wp-json\/wp\/v2\/media?parent=24626"}],"wp:term":[{"taxonomy":"product_brand","embeddable":true,"href":"https:\/\/electricstore.eu\/da\/wp-json\/wp\/v2\/product_brand?post=24626"},{"taxonomy":"product_cat","embeddable":true,"href":"https:\/\/electricstore.eu\/da\/wp-json\/wp\/v2\/product_cat?post=24626"},{"taxonomy":"product_tag","embeddable":true,"href":"https:\/\/electricstore.eu\/da\/wp-json\/wp\/v2\/product_tag?post=24626"}],"curies":[{"name":"wp","href":"https:\/\/api.w.org\/{rel}","templated":true}]}}