{"id":24444,"date":"2025-05-20T18:36:17","date_gmt":"2025-05-20T18:36:17","guid":{"rendered":"https:\/\/electricstore.eu\/p\/uncategorized\/24-36v-500w-front-rear-electric-bike-conversion-kit-ebike-rear-bicycle-hub-motor-wheel-conversion-kit-with-lcd-display\/"},"modified":"2025-05-20T18:36:58","modified_gmt":"2025-05-20T18:36:58","slug":"24-36v-500w-front-rear-electric-bike-conversion-kit-ebike-rear-bicycle-hub-motor-wheel-conversion-kit-with-lcd-display","status":"publish","type":"product","link":"https:\/\/electricstore.eu\/da\/p\/p\/kits\/electric-hub-motor-kits\/24-36v-500w-front-rear-electric-bike-conversion-kit-ebike-rear-bicycle-hub-motor-wheel-conversion-kit-with-lcd-display\/","title":{"rendered":"24\u201d 36V 500W For\/Bag Elcykel Konverteringss\u00e6t Elcykel Baghjulsnavmotor Konverteringss\u00e6t med LCD-sk\u00e6rm"},"content":{"rendered":"<div class=\"product-specs-list-container\">\n<ul class=\"product-specs-list util-clearfix\">\n<li class=\"product-prop line-limit-length\"><span\n                                        class=\"property-title\">Meget bekymret kemikalie:&nbsp;<\/span><span\n                                        class=\"property-desc line-limit-length\">Ingen<\/span>\n                            <\/li>\n<li class=\"product-prop line-limit-length\"><span\n                                        class=\"property-title\">Starttilstand:&nbsp;<\/span><span\n                                        class=\"property-desc line-limit-length\">Elektrisk<\/span>\n                            <\/li>\n<li class=\"product-prop line-limit-length\"><span\n                                        class=\"property-title\">M\u00e6rkenavn:&nbsp;<\/span><span\n                                        class=\"property-desc line-limit-length\">HANGKAI<\/span>\n                            <\/li>\n<li class=\"product-prop line-limit-length\"><span\n                                        class=\"property-title\">Oprindelse:&nbsp;<\/span><span\n                                        class=\"property-desc line-limit-length\">Kinas fastland<\/span>\n                            <\/li>\n<li class=\"product-prop line-limit-length\"><span\n                                        class=\"property-title\">S\u00e6rlig funktion:&nbsp;<\/span><span\n                                        class=\"property-desc line-limit-length\">Elektrisk<\/span>\n                            <\/li>\n<li class=\"product-prop line-limit-length\"><span\n                                        class=\"property-title\">Magt:&nbsp;<\/span><span\n                                        class=\"property-desc line-limit-length\">500W<\/span>\n                            <\/li>\n<li class=\"product-prop line-limit-length\"><span\n                                        class=\"property-title\">Hastighed:&nbsp;<\/span><span\n                                        class=\"property-desc line-limit-length\">30-35 km\/t<\/span>\n                            <\/li>\n<li class=\"product-prop line-limit-length\"><span\n                                        class=\"property-title\">Sk\u00e6rmst\u00f8rrelse:&nbsp;<\/span><span\n                                        class=\"property-desc line-limit-length\">6,8*9,6 cm\/2,67*3,77 tommer<\/span>\n                            <\/li>\n<\/ul><\/div>\n<p style=\"text-align:center\" align=\"center\"><span style=\"font-size:18px\"><strong>24\u201d 36V 500W For\/Bag Elcykel Konverteringss\u00e6t Elcykel Baghjulsnavmotor Konverteringss\u00e6t med LCD-sk\u00e6rm<\/strong><\/span><\/p>\n<p><\/p>\n<p><span style=\"font-size:18px\"><strong>YDFKUA6VNDZH8 <\/strong><\/span><\/p>\n<p><\/p>\n<p><span style=\"font-size:18px\"><strong>36V 500W Foran<\/strong><\/span><\/p>\n<p><\/p>\n<p class=\"MsoNormal\"><strong><span style=\"color:rgb(23, 26, 29);font-size:15pt;font-family:&quot;Times New Roman&quot;\">Specifikationer<\/span><\/strong><\/p>\n<p class=\"MsoNormal\"><span style=\"color:rgb(23, 26, 29);font-size:12pt;font-family:&quot;Times New Roman&quot;\">Materiale: <\/span><span style=\"background-color:rgb(255, 255, 255);color:rgb(14, 16, 26);font-size:12pt;font-family:&quot;Times New Roman&quot;\">Aluminiumlegering<\/span><\/p>\n<p class=\"MsoNormal\"><span style=\"background-color:rgb(255, 255, 255);color:rgb(14, 16, 26);font-size:12pt;font-family:&quot;Times New Roman&quot;\">Farve: Sort<\/span><\/p>\n<p class=\"MsoNormal\"><span style=\"background-color:rgb(255, 255, 255);color:rgb(14, 16, 26);font-size:12pt;font-family:&quot;Times New Roman&quot;\">Affjedringstype: Foran<\/span><\/p>\n<p class=\"MsoNormal\"><span style=\"background-color:rgb(255, 255, 255);color:rgb(14, 16, 26);font-size:12pt;font-family:&quot;Times New Roman&quot;\">S\u00e6rlig funktion: Elektrisk<\/span><\/p>\n<p class=\"MsoNormal\"><span style=\"background-color:rgb(255, 255, 255);color:rgb(14, 16, 26);font-size:12pt;font-family:&quot;Times New Roman&quot;\">Samlingskrav: Ja<\/span><\/p>\n<p class=\"MsoNormal\"><span style=\"background-color:rgb(255, 255, 255);color:rgb(14, 16, 26);font-size:12pt;font-family:&quot;Times New Roman&quot;\">Bremsetype: Power-off bremsegreb (g\u00e6lder for V-bremser, skivebremser) <\/span><\/p>\n<p class=\"MsoNormal\"><span style=\"background-color:rgb(255, 255, 255);color:rgb(14, 16, 26);font-size:12pt;font-family:&quot;Times New Roman&quot;\">Motortype: <\/span><span style=\"background-color:rgb(242, 186, 186);color:rgb(14, 16, 26);font-size:12pt;font-family:&quot;Times New Roman&quot;\">B\u00f8rstel\u00f8s <\/span><span style=\"background-color:rgb(255, 255, 255);color:rgb(14, 16, 26);font-size:12pt;font-family:&quot;Times New Roman&quot;\">Gearmotor<\/span><\/p>\n<p class=\"MsoNormal\"><span style=\"background-color:rgb(255, 255, 255);color:rgb(14, 16, 26);font-size:12pt;font-family:&quot;Times New Roman&quot;\">Gearjustering: 5 gear<\/span><\/p>\n<p class=\"MsoNormal\"><span style=\"background-color:rgb(255, 255, 255);color:rgb(14, 16, 26);font-size:12pt;font-family:&quot;Times New Roman&quot;\">Anbefalet batteri: 36V 13AH eller batteri med h\u00f8jere kapacitet (medf\u00f8lger ikke)<\/span><\/p>\n<p class=\"MsoNormal\"><span style=\"background-color:rgb(255, 255, 255);color:rgb(14, 16, 26);font-size:12pt;font-family:&quot;Times New Roman&quot;\">Udgangssp\u00e6nding: 36V<\/span><\/p>\n<p class=\"MsoNormal\"><span style=\"background-color:rgb(255, 255, 255);color:rgb(14, 16, 26);font-size:12pt;font-family:&quot;Times New Roman&quot;\">Effekt: 500W<\/span><\/p>\n<p class=\"MsoNormal\"><span style=\"background-color:rgb(255, 255, 255);color:rgb(14, 16, 26);font-size:12pt;font-family:&quot;Times New Roman&quot;\">Minimum flad gaffelafstand: 100 mm\/3,94 tommer<\/span><\/p>\n<p class=\"MsoNormal\"><span style=\"background-color:rgb(255, 255, 255);color:rgb(14, 16, 26);font-size:12pt;font-family:&quot;Times New Roman&quot;\">Hastighed: 30-35 km\/t\u00a0\u00a0<\/span><\/p>\n<p class=\"MsoNormal\"><span style=\"background-color:rgb(255, 255, 255);color:rgb(14, 16, 26);font-size:12pt;font-family:&quot;Times New Roman&quot;\">Sk\u00e6rmst\u00f8rrelse: 6,8 * 9,6 cm \/ 2,67 * 3,77 tommer<\/span><\/p>\n<p class=\"MsoNormal\"><span style=\"background-color:rgb(255, 255, 255);color:rgb(14, 16, 26);font-size:12pt;font-family:&quot;Times New Roman&quot;\">Pakningsst\u00f8rrelse: 55 * 55 * 22 cm \/ 21,65 * 21,65 * 8,66 tommer<\/span><\/p>\n<p class=\"MsoNormal\"><span style=\"background-color:rgb(255, 255, 255);color:rgb(14, 16, 26);font-size:12pt;font-family:&quot;Times New Roman&quot;\">Motorhjulets diameter: 61 cm\/24 tommer<\/span><\/p>\n<p class=\"MsoNormal\"><span style=\"background-color:rgb(255, 255, 255);color:rgb(14, 16, 26);font-size:12pt;font-family:&quot;Times New Roman&quot;\">Bruttov\u00e6gt: 9 kg\/19,84 lbs<\/span><\/p>\n<p class=\"MsoNormal\"><span style=\"background-color:rgb(255, 255, 255);color:rgb(14, 16, 26);font-size:12pt;font-family:&quot;Times New Roman&quot;\">Nettov\u00e6gt: 8 kg \/ 17,63 lbs<\/span><\/p>\n<p class=\"MsoNormal\"><span style=\"background-color:rgb(255, 255, 255);color:rgb(14, 16, 26);font-size:12pt;font-family:&quot;Times New Roman&quot;\">Lastkapacitet: 120 kg \/ 264 lbs<\/span><\/p>\n<p><\/p>\n<p class=\"MsoNormal\"><strong><span style=\"color:rgb(23, 26, 29);font-size:15pt;font-family:&quot;Times New Roman&quot;\">Pakken er inkluderet<\/span><\/strong><\/p>\n<p class=\"MsoNormal\"><span style=\"color:rgb(23, 26, 29);font-size:12pt;font-family:&quot;Times New Roman&quot;\">1 * Motorhjul \u00a0<\/span><\/p>\n<p class=\"MsoNormal\"><span style=\"color:rgb(23, 26, 29);font-size:12pt;font-family:&quot;Times New Roman&quot;\">1* Sk\u00e6rm<\/span><\/p>\n<p class=\"MsoNormal\"><span style=\"color:rgb(23, 26, 29);font-size:12pt;font-family:&quot;Times New Roman&quot;\">2* Bremsegreb<\/span><\/p>\n<p class=\"MsoNormal\"><span style=\"color:rgb(23, 26, 29);font-size:12pt;font-family:&quot;Times New Roman&quot;\">2* Gash\u00e5ndtag<\/span><\/p>\n<p class=\"MsoNormal\"><span style=\"color:rgb(23, 26, 29);font-size:12pt;font-family:&quot;Times New Roman&quot;\">1 * Padelsensor<\/span><\/p>\n<p class=\"MsoNormal\"><span style=\"color:rgb(23, 26, 29);font-size:12pt;font-family:&quot;Times New Roman&quot;\">1 * Controller<\/span><\/p>\n<p class=\"MsoNormal\"><span style=\"color:rgb(23, 26, 29);font-size:12pt;font-family:&quot;Times New Roman&quot;\">1 * Tommelfingerh\u00e5ndtag<\/span><\/p>\n<p class=\"MsoNormal\"><span style=\"color:rgb(23, 26, 29);font-size:12pt;font-family:&quot;Times New Roman&quot;\">1 * Controller-taske<\/span><\/p>\n<p class=\"MsoNormal\"><span style=\"color:rgb(23, 26, 29);font-size:12pt;font-family:&quot;Times New Roman&quot;\">Alt tilbeh\u00f8r til montering<\/span><\/p>\n<p><\/p>\n<p style=\"text-align:center\" align=\"center\"><img decoding=\"async\" src=\"https:\/\/ae01.alicdn.com\/kf\/S119efed99f014759b74568f5126575daw.jpg\" slate-data-type=\"image\"\/><\/p>\n<p style=\"text-align:center\" align=\"center\"><img decoding=\"async\" src=\"https:\/\/ae01.alicdn.com\/kf\/Sb3e251d1970649f285772f1ddcc02017S.jpg\" slate-data-type=\"image\"\/><img decoding=\"async\" src=\"https:\/\/ae01.alicdn.com\/kf\/S73ef15a1538144a7b9993c59607d000db.jpg\" slate-data-type=\"image\"\/><img decoding=\"async\" src=\"https:\/\/ae01.alicdn.com\/kf\/Sdd2d267a9cd249e88723d6d8689951c1I.jpg\" slate-data-type=\"image\"\/><img decoding=\"async\" src=\"https:\/\/ae01.alicdn.com\/kf\/S8ecd1635217343a092c0108abdd662cfc.jpg\" slate-data-type=\"image\"\/><img decoding=\"async\" src=\"https:\/\/ae01.alicdn.com\/kf\/Se88adc5a780445148be00063852f1669l.jpg\" slate-data-type=\"image\"\/><img decoding=\"async\" src=\"https:\/\/ae01.alicdn.com\/kf\/Sc9f6365b711f4b87ba3ff77b17f0d82cc.jpg\" slate-data-type=\"image\"\/><img decoding=\"async\" src=\"https:\/\/ae01.alicdn.com\/kf\/S1aad26c89ccb4044bc6473f9fbe0e3c9B.jpg\" slate-data-type=\"image\"\/><img decoding=\"async\" src=\"https:\/\/ae01.alicdn.com\/kf\/S374b7c556b9b4e10ad1fb9b420f7c8198.jpg\" slate-data-type=\"image\"\/><img decoding=\"async\" src=\"https:\/\/ae01.alicdn.com\/kf\/S9b6a3c758ee54428b954679a43569ab7y.jpg\" slate-data-type=\"image\"\/><img decoding=\"async\" src=\"https:\/\/ae01.alicdn.com\/kf\/Sc3a7ce9b3eef404e9ac5f49243db8e2dn.jpg\" slate-data-type=\"image\"\/><img decoding=\"async\" src=\"https:\/\/ae01.alicdn.com\/kf\/S2dff059ec92f4c4c9c3f0b3ebc97866fT.jpg\" slate-data-type=\"image\"\/><img decoding=\"async\" src=\"https:\/\/ae01.alicdn.com\/kf\/Se1f5e54e71934f45b30bf334eb0179a0y.jpg\" slate-data-type=\"image\"\/><img decoding=\"async\" src=\"https:\/\/ae01.alicdn.com\/kf\/S1b2d44e026e0402e98ca40c2a740b17ef.jpg\" slate-data-type=\"image\"\/><img decoding=\"async\" src=\"https:\/\/ae01.alicdn.com\/kf\/S99e2db28f9614698946fc82f244b0d8dd.jpg\" slate-data-type=\"image\"\/><\/p>\n<p><\/p>\n<p><strong><span style=\"font-size:24pt;font-family:Calibri\">YDFKUA9ONDZH8 <\/span><\/strong><span style=\"font-size:18px\"><strong>Baghjul <\/strong><\/span><\/p>\n<p><\/p>\n<p class=\"MsoNormal\"><strong><span style=\"color:rgb(23, 26, 29);font-size:15pt;font-family:&quot;Times New Roman&quot;\">Specifikationer<\/span><\/strong><\/p>\n<p class=\"MsoNormal\"><span style=\"color:rgb(23, 26, 29);font-size:12pt;font-family:&quot;Times New Roman&quot;\">Materiale: <\/span><span style=\"background-color:rgb(255, 255, 255);color:rgb(14, 16, 26);font-size:12pt;font-family:&quot;Times New Roman&quot;\">Aluminiumlegering<\/span><\/p>\n<p class=\"MsoNormal\"><span style=\"background-color:rgb(255, 255, 255);color:rgb(14, 16, 26);font-size:12pt;font-family:&quot;Times New Roman&quot;\">Farve: Sort<\/span><\/p>\n<p class=\"MsoNormal\"><span style=\"background-color:rgb(255, 255, 255);color:rgb(14, 16, 26);font-size:12pt;font-family:&quot;Times New Roman&quot;\">Affjedringstype: Bagp\u00e5<\/span><\/p>\n<p class=\"MsoNormal\"><span style=\"background-color:rgb(255, 255, 255);color:rgb(14, 16, 26);font-size:12pt;font-family:&quot;Times New Roman&quot;\">S\u00e6rlig funktion: Elektrisk<\/span><\/p>\n<p class=\"MsoNormal\"><span style=\"background-color:rgb(255, 255, 255);color:rgb(14, 16, 26);font-size:12pt;font-family:&quot;Times New Roman&quot;\">Samlingskrav: Ja<\/span><\/p>\n<p class=\"MsoNormal\"><span style=\"background-color:rgb(255, 255, 255);color:rgb(14, 16, 26);font-size:12pt;font-family:&quot;Times New Roman&quot;\">Bremsetype: Power-off bremsegreb (g\u00e6lder for V-bremser, skivebremser) <\/span><\/p>\n<p class=\"MsoNormal\"><span style=\"background-color:rgb(255, 255, 255);color:rgb(14, 16, 26);font-size:12pt;font-family:&quot;Times New Roman&quot;\">Motortype: <\/span><span style=\"background-color:rgb(242, 186, 186);color:rgb(14, 16, 26);font-size:12pt;font-family:&quot;Times New Roman&quot;\">B\u00f8rstel\u00f8s <\/span><span style=\"background-color:rgb(255, 255, 255);color:rgb(14, 16, 26);font-size:12pt;font-family:&quot;Times New Roman&quot;\">Gearmotor<\/span><\/p>\n<p class=\"MsoNormal\"><span style=\"background-color:rgb(255, 255, 255);color:rgb(14, 16, 26);font-size:12pt;font-family:&quot;Times New Roman&quot;\">Gearjustering: 5 gear<\/span><\/p>\n<p class=\"MsoNormal\"><span style=\"background-color:rgb(255, 255, 255);color:rgb(14, 16, 26);font-size:12pt;font-family:&quot;Times New Roman&quot;\">Anbefalet batteri: 36V 13AH eller batteri med h\u00f8jere kapacitet (medf\u00f8lger ikke)<\/span><\/p>\n<p class=\"MsoNormal\"><span style=\"background-color:rgb(255, 255, 255);color:rgb(14, 16, 26);font-size:12pt;font-family:&quot;Times New Roman&quot;\">Udgangssp\u00e6nding: 36V<\/span><\/p>\n<p class=\"MsoNormal\"><span style=\"background-color:rgb(255, 255, 255);color:rgb(14, 16, 26);font-size:12pt;font-family:&quot;Times New Roman&quot;\">Effekt: 500W<\/span><\/p>\n<p class=\"MsoNormal\"><span style=\"background-color:rgb(255, 255, 255);color:rgb(14, 16, 26);font-size:12pt;font-family:&quot;Times New Roman&quot;\">Minimum flad gaffelafstand: 100 mm\/3,94 tommer<\/span><\/p>\n<p class=\"MsoNormal\"><span style=\"background-color:rgb(255, 255, 255);color:rgb(14, 16, 26);font-size:12pt;font-family:&quot;Times New Roman&quot;\">Hastighed: 30-35 km\/t\u00a0\u00a0<\/span><\/p>\n<p class=\"MsoNormal\"><span style=\"background-color:rgb(255, 255, 255);color:rgb(14, 16, 26);font-size:12pt;font-family:&quot;Times New Roman&quot;\">Sk\u00e6rmst\u00f8rrelse: 6,8 * 9,6 cm \/ 2,67 * 3,77 tommer<\/span><\/p>\n<p class=\"MsoNormal\"><span style=\"background-color:rgb(255, 255, 255);color:rgb(14, 16, 26);font-size:12pt;font-family:&quot;Times New Roman&quot;\">Pakningsst\u00f8rrelse: 55 * 55 * 22 cm \/ 21,65 * 21,65 * 8,66 tommer<\/span><\/p>\n<p class=\"MsoNormal\"><span style=\"background-color:rgb(255, 255, 255);color:rgb(14, 16, 26);font-size:12pt;font-family:&quot;Times New Roman&quot;\">Motorhjulets diameter: 61 cm\/24 tommer<\/span><\/p>\n<p class=\"MsoNormal\"><span style=\"background-color:rgb(255, 255, 255);color:rgb(14, 16, 26);font-size:12pt;font-family:&quot;Times New Roman&quot;\">Bruttov\u00e6gt: 9 kg\/19,84 lbs<\/span><\/p>\n<p class=\"MsoNormal\"><span style=\"background-color:rgb(255, 255, 255);color:rgb(14, 16, 26);font-size:12pt;font-family:&quot;Times New Roman&quot;\">Nettov\u00e6gt: 8 kg \/ 17,63 lbs<\/span><\/p>\n<p class=\"MsoNormal\"><span style=\"background-color:rgb(255, 255, 255);color:rgb(14, 16, 26);font-size:12pt;font-family:&quot;Times New Roman&quot;\">Lastkapacitet: 120 kg \/ 264 lbs<\/span><\/p>\n<p><\/p>\n<p class=\"MsoNormal\"><strong><span style=\"color:rgb(23, 26, 29);font-size:15pt;font-family:&quot;Times New Roman&quot;\">Pakken er inkluderet<\/span><\/strong><\/p>\n<p class=\"MsoNormal\"><span style=\"color:rgb(23, 26, 29);font-size:12pt;font-family:&quot;Times New Roman&quot;\">1 * Motorhjul \u00a0<\/span><\/p>\n<p class=\"MsoNormal\"><span style=\"color:rgb(23, 26, 29);font-size:12pt;font-family:&quot;Times New Roman&quot;\">1* Sk\u00e6rm<\/span><\/p>\n<p class=\"MsoNormal\"><span style=\"color:rgb(23, 26, 29);font-size:12pt;font-family:&quot;Times New Roman&quot;\">2* Bremsegreb<\/span><\/p>\n<p class=\"MsoNormal\"><span style=\"color:rgb(23, 26, 29);font-size:12pt;font-family:&quot;Times New Roman&quot;\">2* Gash\u00e5ndtag<\/span><\/p>\n<p class=\"MsoNormal\"><span style=\"color:rgb(23, 26, 29);font-size:12pt;font-family:&quot;Times New Roman&quot;\">1 * Padelsensor<\/span><\/p>\n<p class=\"MsoNormal\"><span style=\"color:rgb(23, 26, 29);font-size:12pt;font-family:&quot;Times New Roman&quot;\">1 * Controller<\/span><\/p>\n<p class=\"MsoNormal\"><span style=\"color:rgb(23, 26, 29);font-size:12pt;font-family:&quot;Times New Roman&quot;\">1 * Tommelfingerh\u00e5ndtag<\/span><\/p>\n<p class=\"MsoNormal\"><span style=\"color:rgb(23, 26, 29);font-size:12pt;font-family:&quot;Times New Roman&quot;\">1 * Controller-taske<\/span><\/p>\n<p class=\"MsoNormal\"><span style=\"color:rgb(23, 26, 29);font-size:12pt;font-family:&quot;Times New Roman&quot;\">Alt tilbeh\u00f8r til montering<\/span><\/p>\n<p><\/p>\n<p class=\"MsoNormal\"><img decoding=\"async\" src=\"https:\/\/ae01.alicdn.com\/kf\/Sc53432bbf5e54c5eba74a41d858cc9aap.jpg\" slate-data-type=\"image\"\/><img decoding=\"async\" src=\"https:\/\/ae01.alicdn.com\/kf\/Sac0504753d9a44d1b37bcfc9184669247.jpg\" slate-data-type=\"image\"\/><img decoding=\"async\" src=\"https:\/\/ae01.alicdn.com\/kf\/S119efed99f014759b74568f5126575daw.jpg\" slate-data-type=\"image\"\/><img decoding=\"async\" src=\"https:\/\/ae01.alicdn.com\/kf\/S8ecd1635217343a092c0108abdd662cfc.jpg\" slate-data-type=\"image\"\/><img decoding=\"async\" src=\"https:\/\/ae01.alicdn.com\/kf\/Sf1e143e3d21f431192eef7244e1f5ad9J.jpg\" slate-data-type=\"image\"\/><img decoding=\"async\" src=\"https:\/\/ae01.alicdn.com\/kf\/S371e39d04d914cfbb91d210de7266dc4J.jpg\" slate-data-type=\"image\"\/><img decoding=\"async\" src=\"https:\/\/ae01.alicdn.com\/kf\/S5d9e8ba876b54eb68f85b3c4ccd1fa39S.jpg\" slate-data-type=\"image\"\/><img decoding=\"async\" src=\"https:\/\/ae01.alicdn.com\/kf\/S9b6a3c758ee54428b954679a43569ab7y.jpg\" slate-data-type=\"image\"\/><img decoding=\"async\" src=\"https:\/\/ae01.alicdn.com\/kf\/S26b90069c55645b8aa0845e0759d9a18v.jpg\" slate-data-type=\"image\"\/><img decoding=\"async\" src=\"https:\/\/ae01.alicdn.com\/kf\/S8184e482c37a47319aab236398f77340B.jpg\" slate-data-type=\"image\"\/><img decoding=\"async\" src=\"https:\/\/ae01.alicdn.com\/kf\/S2dff059ec92f4c4c9c3f0b3ebc97866fT.jpg\" slate-data-type=\"image\"\/><img decoding=\"async\" src=\"https:\/\/ae01.alicdn.com\/kf\/Se1f5e54e71934f45b30bf334eb0179a0y.jpg\" slate-data-type=\"image\"\/><img decoding=\"async\" src=\"https:\/\/ae01.alicdn.com\/kf\/S1b2d44e026e0402e98ca40c2a740b17ef.jpg\" slate-data-type=\"image\"\/><img decoding=\"async\" src=\"https:\/\/ae01.alicdn.com\/kf\/Sc10f08418054423ebce0f6b12ff310ebQ.jpg\" slate-data-type=\"image\"\/><img decoding=\"async\" src=\"https:\/\/ae01.alicdn.com\/kf\/S0d2cf21acaab47d0b1d142b168ebc8bcC.jpg\" slate-data-type=\"image\"\/><img decoding=\"async\" src=\"https:\/\/ae01.alicdn.com\/kf\/S801149da572f445484836d3f8f2840d7L.jpg\" slate-data-type=\"image\"\/><\/p>\n<\/p>\n<p class=\"MsoNormal\"><strong><span style=\"color:rgb(23, 26, 29);font-size:15pt;font-family:&quot;Times New Roman&quot;\">Noter<\/span><\/strong><\/p>\n<p style=\"margin-left:21pt\" class=\"MsoNormal\"><span style=\"color:rgb(23, 26, 29);font-size:12pt;font-family:&quot;Times New Roman&quot;\"><span>1.\u00a0<\/span><\/span><span style=\"color:rgb(23, 26, 29);font-size:12pt;font-family:&quot;Times New Roman&quot;\">N\u00e5r du tilslutter controlleren til ledningerne, skal du s\u00f8rge for at tilslutte de rigtige farver til controlleren. Ellers kan controlleren g\u00e5 i stykker.<\/span><\/p>\n<p style=\"margin-left:21pt\" class=\"MsoNormal\"><span style=\"color:rgb(23, 26, 29);font-size:12pt;font-family:&quot;Times New Roman&quot;\"><span>2.\u00a0<\/span><\/span><span style=\"color:rgb(23, 26, 29);font-size:12pt;font-family:&quot;Times New Roman&quot;\">Dette s\u00e6t indeholder ikke d\u00e6k, batterier og opladere, som skal k\u00f8bes af kunderne. Kontroller venligst produktets st\u00f8rrelse og den praktiske sp\u00e6nding inden k\u00f8b.<\/span><\/p>\n<p style=\"margin-left:21pt\" class=\"MsoNormal\"><span style=\"color:rgb(23, 26, 29);font-size:12pt;font-family:&quot;Times New Roman&quot;\"><span>3.\u00a0<\/span><\/span><span style=\"color:rgb(23, 26, 29);font-size:12pt;font-family:&quot;Times New Roman&quot;\">Den er egnet til baghjulet p\u00e5 en tohjulet cykel. Den kan ikke bruges til trehjulede eller flerhjulede cykler.<\/span><\/p>\n<p style=\"margin-left:21pt\" class=\"MsoNormal\"><span style=\"color:rgb(23, 26, 29);font-size:12pt;font-family:&quot;Times New Roman&quot;\"><span>4.\u00a0<\/span><\/span><span style=\"color:rgb(23, 26, 29);font-size:12pt;font-family:&quot;Times New Roman&quot;\">Tillad venligst en lille farveforskel for\u00e5rsaget af optagelyset og 1-3 cm fejl p\u00e5 grund af manuel m\u00e5ling, og s\u00f8rg for, at du ikke har noget imod det, f\u00f8r du bestiller.<\/span><\/p>","protected":false},"excerpt":{"rendered":"<p>Hign-concerned Chemical:&nbsp;None Start Mode:&nbsp;Electric Brand Name:&nbsp;HANGKAI Origin:&nbsp;Mainland China Special Feature:&nbsp;Electric Power:&nbsp;500W Speed:&nbsp;30-35km\/h Display Size:&nbsp;6.8*9.6cm\/2.67*3.77in 24\u201d 36V 500W Front\/Rear Electric Bike Conversion Kit Ebike Rear Bicycle Hub Motor Wheel Conversion Kit<\/p>","protected":false},"featured_media":24446,"comment_status":"open","ping_status":"closed","template":"","meta":{"_acf_changed":false},"product_brand":[],"product_cat":[528],"product_tag":[],"class_list":{"0":"post-24444","1":"product","2":"type-product","3":"status-publish","4":"has-post-thumbnail","6":"product_cat-electric-hub-motor-kits","8":"first","9":"instock","10":"shipping-taxable","11":"purchasable","12":"product-type-variable"},"acf":[],"_links":{"self":[{"href":"https:\/\/electricstore.eu\/da\/wp-json\/wp\/v2\/product\/24444","targetHints":{"allow":["GET"]}}],"collection":[{"href":"https:\/\/electricstore.eu\/da\/wp-json\/wp\/v2\/product"}],"about":[{"href":"https:\/\/electricstore.eu\/da\/wp-json\/wp\/v2\/types\/product"}],"replies":[{"embeddable":true,"href":"https:\/\/electricstore.eu\/da\/wp-json\/wp\/v2\/comments?post=24444"}],"wp:featuredmedia":[{"embeddable":true,"href":"https:\/\/electricstore.eu\/da\/wp-json\/wp\/v2\/media\/24446"}],"wp:attachment":[{"href":"https:\/\/electricstore.eu\/da\/wp-json\/wp\/v2\/media?parent=24444"}],"wp:term":[{"taxonomy":"product_brand","embeddable":true,"href":"https:\/\/electricstore.eu\/da\/wp-json\/wp\/v2\/product_brand?post=24444"},{"taxonomy":"product_cat","embeddable":true,"href":"https:\/\/electricstore.eu\/da\/wp-json\/wp\/v2\/product_cat?post=24444"},{"taxonomy":"product_tag","embeddable":true,"href":"https:\/\/electricstore.eu\/da\/wp-json\/wp\/v2\/product_tag?post=24444"}],"curies":[{"name":"wp","href":"https:\/\/api.w.org\/{rel}","templated":true}]}}