{"id":24321,"date":"2025-05-20T18:35:33","date_gmt":"2025-05-20T18:35:33","guid":{"rendered":"https:\/\/electricstore.eu\/p\/uncategorized\/hyper-gogo-pioneer-12-electric-chopper-motorcycle-for-kids-24v-5-2ah-160w-with-12x3-tires-8-12-16-km-h-speed-12-km-max-range\/"},"modified":"2025-05-20T18:35:56","modified_gmt":"2025-05-20T18:35:56","slug":"hyper-gogo-pioneer-12-electric-chopper-motorcycle-for-kids-24v-5-2ah-160w-with-12x3-tires-8-12-16-km-h-speed-12-km-max-range","status":"publish","type":"product","link":"https:\/\/electricstore.eu\/da\/p\/motorbikes\/electric-children-motorbikes\/hyper-gogo-pioneer-12-electric-chopper-motorcycle-for-kids-24v-5-2ah-160w-with-12x3-tires-8-12-16-km-h-speed-12-km-max-range\/","title":{"rendered":"HYPER GOGO Pioneer 12 elektrisk choppermotorcykel til b\u00f8rn 24V 5,2Ah 160W med 12&#039;x3\u2032 d\u00e6k, 8\/12\/16 km\/t hastighed, 12 km maks. r\u00e6kkevidde"},"content":{"rendered":"<div class=\"product-specs-list-container\">\n<ul class=\"product-specs-list util-clearfix\">\n<li class=\"product-prop line-limit-length\"><span\n                                        class=\"property-title\">Modelnummer:&nbsp;<\/span><span\n                                        class=\"property-desc line-limit-length\">Pioner 12<\/span>\n                            <\/li>\n<li class=\"product-prop line-limit-length\"><span\n                                        class=\"property-title\">Hjulnummer:&nbsp;<\/span><span\n                                        class=\"property-desc line-limit-length\">To<\/span>\n                            <\/li>\n<li class=\"product-prop line-limit-length\"><span\n                                        class=\"property-title\">Anbefalet alder:&nbsp;<\/span><span\n                                        class=\"property-desc line-limit-length\">6-12 \u00e5r, 14+ \u00e5r<\/span>\n                            <\/li>\n<li class=\"product-prop line-limit-length\"><span\n                                        class=\"property-title\">Funktioner:&nbsp;<\/span><span\n                                        class=\"property-desc line-limit-length\">Rid videre<\/span>\n                            <\/li>\n<li class=\"product-prop line-limit-length\"><span\n                                        class=\"property-title\">Maks. belastning:&nbsp;<\/span><span\n                                        class=\"property-desc line-limit-length\">65 kg<\/span>\n                            <\/li>\n<li class=\"product-prop line-limit-length\"><span\n                                        class=\"property-title\">Op ad bakke:&nbsp;<\/span><span\n                                        class=\"property-desc line-limit-length\">10\u00b0 (17,6%)<\/span>\n                            <\/li>\n<li class=\"product-prop line-limit-length\"><span\n                                        class=\"property-title\">Maksimal hastighed:&nbsp;<\/span><span\n                                        class=\"property-desc line-limit-length\">16 km\/t (10 mph)<\/span>\n                            <\/li>\n<li class=\"product-prop line-limit-length\"><span\n                                        class=\"property-title\">Maks. r\u00e6kkevidde:&nbsp;<\/span><span\n                                        class=\"property-desc line-limit-length\">12 km<\/span>\n                            <\/li>\n<li class=\"product-prop line-limit-length\"><span\n                                        class=\"property-title\">Hastighedsniveauer:&nbsp;<\/span><span\n                                        class=\"property-desc line-limit-length\">8\/12\/16 km\/t (5\/8\/10 mph)<\/span>\n                            <\/li>\n<li class=\"product-prop line-limit-length\"><span\n                                        class=\"property-title\">Vandt\u00e6thedsniveau:&nbsp;<\/span><span\n                                        class=\"property-desc line-limit-length\">IP6<\/span>\n                            <\/li>\n<li class=\"product-prop line-limit-length\"><span\n                                        class=\"property-title\">Rammens materiale:&nbsp;<\/span><span\n                                        class=\"property-desc line-limit-length\">St\u00e5l<\/span>\n                            <\/li>\n<li class=\"product-prop line-limit-length\"><span\n                                        class=\"property-title\">Bremsesystem:&nbsp;<\/span><span\n                                        class=\"property-desc line-limit-length\">Baghjulsbremse<\/span>\n                            <\/li>\n<li class=\"product-prop line-limit-length\"><span\n                                        class=\"property-title\">Anbefalede rytterh\u00f8jder:&nbsp;<\/span><span\n                                        class=\"property-desc line-limit-length\">90-160 cm (2&#039;11.5&quot;-5&#039;3&quot;)<\/span>\n                            <\/li>\n<li class=\"product-prop line-limit-length\"><span\n                                        class=\"property-title\">Nominel effekt og sp\u00e6nding:&nbsp;<\/span><span\n                                        class=\"property-desc line-limit-length\">160W, 24V<\/span>\n                            <\/li>\n<li class=\"product-prop line-limit-length\"><span\n                                        class=\"property-title\">Maks. udgangsmoment:&nbsp;<\/span><span\n                                        class=\"property-desc line-limit-length\">11 Nm<\/span>\n                            <\/li>\n<li class=\"product-prop line-limit-length\"><span\n                                        class=\"property-title\">Kapacitet:&nbsp;<\/span><span\n                                        class=\"property-desc line-limit-length\">5,2 Ah<\/span>\n                            <\/li>\n<li class=\"product-prop line-limit-length\"><span\n                                        class=\"property-title\">Sp\u00e6nding:&nbsp;<\/span><span\n                                        class=\"property-desc line-limit-length\">21,9V<\/span>\n                            <\/li>\n<li class=\"product-prop line-limit-length\"><span\n                                        class=\"property-title\">Opladningstid:&nbsp;<\/span><span\n                                        class=\"property-desc line-limit-length\">4 timer<\/span>\n                            <\/li>\n<li class=\"product-prop line-limit-length\"><span\n                                        class=\"property-title\">Str\u00f8mkapacitet:&nbsp;<\/span><span\n                                        class=\"property-desc line-limit-length\">113,88 Wh<\/span>\n                            <\/li>\n<li class=\"product-prop line-limit-length\"><span\n                                        class=\"property-title\">Indtastning:&nbsp;<\/span><span\n                                        class=\"property-desc line-limit-length\">DC24V 1.5A<\/span>\n                            <\/li>\n<li class=\"product-prop line-limit-length\"><span\n                                        class=\"property-title\">St\u00f8rrelse:&nbsp;<\/span><span\n                                        class=\"property-desc line-limit-length\">12&quot;x3&quot;<\/span>\n                            <\/li>\n<li class=\"product-prop line-limit-length\"><span\n                                        class=\"property-title\">Type:&nbsp;<\/span><span\n                                        class=\"property-desc line-limit-length\">Pneumatiske gummid\u00e6k<\/span>\n                            <\/li>\n<li class=\"product-prop line-limit-length\"><span\n                                        class=\"property-title\">D\u00e6ktryk:&nbsp;<\/span><span\n                                        class=\"property-desc line-limit-length\">100-200 KPa<\/span>\n                            <\/li>\n<\/ul><\/div>\n<div class=\"detailmodule_dynamic\"><kse:widget data-widget-type=\"relatedProduct\" id=\"1005000009406803\" title=\"\" type=\"relation\"><\/kse:widget><\/div>\n<div class=\"detailmodule_html\">\n<div class=\"detail-desc-decorate-richtext\">\n<p><\/p>\n<div style=\"background-color:rgb(240, 234, 255);margin:20px 0px 10px;margin-bottom:10px;margin-top:20px;margin-left:0px;margin-right:0px;width:100%;height:34px\">\n <span style=\"background-color:rgb(55, 139, 238);color:rgb(255, 255, 255);font-size:24px;font-family:Verdana, Arial\">H\u00f8jdepunkter<\/span><\/p>\n<\/div>\n<div class=\"detailmodule_text\">\n<div class=\"detailmodule_html\">\n<div class=\"detail-desc-decorate-richtext\">\n<div class=\"detailmodule_text-image\">\n<div class=\"detailmodule_text-image\">\n<div class=\"detailmodule_html\">\n<div class=\"detail-desc-decorate-richtext\">\n<div class=\"detailmodule_text-image\">\n<div class=\"detailmodule_html\">\n<div class=\"detail-desc-decorate-richtext\">\n<div style=\"font-family:&quot;Open Sans&quot;, Arial, Helvetica, sans-serif, Heiti;font-size:14px;color:rgb(0, 0, 0);box-sizing:content-box\" class=\"detailmodule_html\">\n<div style=\"box-sizing:content-box\" class=\"detail-desc-decorate-richtext\">\n<div style=\"width:944px;height:auto;box-sizing:content-box\">\n<div style=\"box-sizing:content-box\">\n<div class=\"detailmodule_html\">\n<div class=\"detail-desc-decorate-richtext\">\n<div style=\"font-family:&quot;Open Sans&quot;, Arial, Helvetica, sans-serif, Heiti;font-size:14px;color:rgb(0, 0, 0);box-sizing:content-box\" class=\"detailmodule_html\">\n<div style=\"box-sizing:content-box\" class=\"detail-desc-decorate-richtext\">\n<div style=\"width:944px;height:auto;box-sizing:content-box\">\n<div style=\"box-sizing:content-box\">\n<div class=\"detailmodule_html\">\n<div class=\"detail-desc-decorate-richtext\">\n<div class=\"detailmodule_text-image\">\n<div class=\"detailmodule_text-image\">\n<div class=\"detailmodule_html\">\n<div class=\"detail-desc-decorate-richtext\">\n<div style=\"width:944px;height:auto;box-sizing:content-box\">\n<div style=\"box-sizing:content-box\">\n<div class=\"detailmodule_html\">\n<div class=\"detail-desc-decorate-richtext\">\n<div style=\"font-family:&quot;Open Sans&quot;, Arial, Helvetica, sans-serif, Heiti;font-size:14px;color:rgb(0, 0, 0);box-sizing:content-box\" class=\"detailmodule_html\">\n<div style=\"box-sizing:content-box\" class=\"detail-desc-decorate-richtext\">\n<div style=\"width:944px;height:auto;box-sizing:content-box\">\n<div style=\"box-sizing:content-box\">\n<div class=\"detailmodule_html\">\n<div class=\"detail-desc-decorate-richtext\">\n<div class=\"detailmodule_text-image\">\n<div class=\"detailmodule_text\">\n<p><span style=\"color:rgb(0, 0, 0);font-size:16px;font-family:arial, helvetica, sans-serif\">1, Realistic &amp; Attractive Chopper Motorcycle;<\/span><\/p>\n<p><span style=\"color:rgb(0, 0, 0);font-size:16px;font-family:arial, helvetica, sans-serif\">2, Enhanced Safety Design;<\/span><\/p>\n<p><span style=\"color:rgb(0, 0, 0);font-size:16px;font-family:arial, helvetica, sans-serif\">3, Long Range and Variable Speed for More Fun;<\/span><\/p>\n<p><span style=\"color:rgb(0, 0, 0);font-size:16px;font-family:arial, helvetica, sans-serif\">4, Adjustable Handlebar;<\/span><\/p>\n<p><span style=\"color:rgb(0, 0, 0);font-size:16px;font-family:arial, helvetica, sans-serif\">5, Perfect Gift for Your Kids;<\/span><\/p>\n<p><span style=\"color:rgb(0, 0, 0);font-size:16px;font-family:arial, helvetica, sans-serif\">6, Enjoyable Indoor and Outdoor Riding.<\/span><\/p>\n<\/p><\/div><\/div><\/div><\/div><\/div><\/div><\/div><\/div><\/div><\/div><\/div><\/div><\/div><\/div><\/div><\/div><\/div><\/div><\/div><\/div><\/div><\/div><\/div><\/div><\/div><\/div><\/div><\/div><\/div><\/div><\/div><\/div><\/div><\/div><\/div><\/div><\/div>\n<\/div>\n<div style=\"background-color:rgb(240, 234, 255);margin:20px 0px 10px;margin-bottom:10px;margin-top:20px;margin-left:0px;margin-right:0px;width:100%;height:34px\">\n <span style=\"background-color:rgb(55, 139, 238);color:rgb(255, 255, 255);font-size:24px;font-family:Verdana, Arial\">Produktdetaljer<\/span>\n<\/div>\n<p><img decoding=\"async\" src=\"https:\/\/ae01.alicdn.com\/kf\/Scd2b8949ca5243228837a4fe3e291824h.jpg\" slate-data-type=\"image\" \/><img decoding=\"async\" src=\"https:\/\/ae01.alicdn.com\/kf\/Sa2ff22d4a45440409571d9e211d7cf16B.jpg\" slate-data-type=\"image\" \/><img decoding=\"async\" src=\"https:\/\/ae01.alicdn.com\/kf\/S8f78c4d1bcd7433f87f274d3519ee1ddv.jpg\" slate-data-type=\"image\" \/><img decoding=\"async\" src=\"https:\/\/ae01.alicdn.com\/kf\/S742ea07a35454d4fafa673fbd0b8f195G.jpg\" slate-data-type=\"image\" \/><img decoding=\"async\" src=\"https:\/\/ae01.alicdn.com\/kf\/Sf1c4da4348c045c6ae5a912f41829e38o.jpg\" slate-data-type=\"image\" \/><img decoding=\"async\" src=\"https:\/\/ae01.alicdn.com\/kf\/Sdc8ed884178f4a9eab490d6e747e6bdfG.jpg\" slate-data-type=\"image\" \/><img decoding=\"async\" src=\"https:\/\/ae01.alicdn.com\/kf\/Sbb0f300d29ac443a966ba007e3bfce92p.jpg\" slate-data-type=\"image\" \/><img decoding=\"async\" src=\"https:\/\/ae01.alicdn.com\/kf\/S9567ab35b46d492583bfc18e8c3f829cQ.jpg\" slate-data-type=\"image\" \/><img decoding=\"async\" src=\"https:\/\/ae01.alicdn.com\/kf\/S3253076b78cc4cf2b8dd67eeb6aaa2few.jpg\" slate-data-type=\"image\" \/><\/p>\n<div style=\"background-color:rgb(240, 234, 255);margin:20px 0px 10px;margin-bottom:10px;margin-top:20px;margin-left:0px;margin-right:0px;width:100%;height:34px\">\n <span style=\"background-color:rgb(55, 139, 238);color:rgb(255, 255, 255);font-size:24px;font-family:Verdana, Arial\">Specifikation <\/span>\n<\/div>\n<p><\/p>\n<table style=\"border-collapse:collapse;font-family:&quot;Microsoft YaHei&quot;\" border=\"1\" cellspacing=\"8\">\n<tbody>\n<tr>\n<td width=\"130\" style=\"width:130\">\n<p><span style=\"font-size:16px;font-family:arial, helvetica, sans-serif\">Generel<\/span><\/p>\n<\/td>\n<td width=\"426\" style=\"width:426\">\n<p><span style=\"font-size:16px;font-family:arial, helvetica, sans-serif\">M\u00e6rke: HYPER GOGO<\/span><span style=\"font-size:16px;font-family:arial, helvetica, sans-serif\"><strong><br \/><\/strong><\/span><span style=\"font-size:16px;font-family:arial, helvetica, sans-serif\">Product: Electric Motorcycle for Kids<\/span><span style=\"font-size:16px;font-family:arial, helvetica, sans-serif\"><strong><br \/><\/strong><\/span><span style=\"font-size:16px;font-family:arial, helvetica, sans-serif\">Model: Pioneer 12<\/span><span style=\"font-size:16px;font-family:arial, helvetica, sans-serif\"><strong><br \/><\/strong><\/span><span style=\"font-size:16px;font-family:arial, helvetica, sans-serif\">Farve: Gr\u00f8n<\/span><\/p>\n<\/td>\n<\/tr>\n<tr>\n<td width=\"130\" style=\"width:130\">\n<p><span style=\"font-size:16px;font-family:arial, helvetica, sans-serif\">Grundl\u00e6ggende specifikation<\/span><\/p>\n<\/td>\n<td width=\"426\" style=\"width:426\">\n<p><span style=\"font-size:16px;font-family:arial, helvetica, sans-serif\">Max Load: 65 kg<\/span><span style=\"font-size:16px;font-family:arial, helvetica, sans-serif\"><strong><br \/><\/strong><\/span><span style=\"font-size:16px;font-family:arial, helvetica, sans-serif\">Uphill: 10&deg; (17.6%)<\/span><span style=\"font-size:16px;font-family:arial, helvetica, sans-serif\"><strong><br \/><\/strong><\/span><span style=\"font-size:16px;font-family:arial, helvetica, sans-serif\">Max Speed: 16&nbsp;km\/h&nbsp;(10 mph)<\/span><span style=\"font-size:16px;font-family:arial, helvetica, sans-serif\"><strong><br \/><\/strong><\/span><span style=\"font-size:16px;font-family:arial, helvetica, sans-serif\">Max Range: 12 km<\/span><span style=\"font-size:16px;font-family:arial, helvetica, sans-serif\"><strong><br \/><\/strong><\/span><span style=\"font-size:16px;font-family:arial, helvetica, sans-serif\">Speed Levels: 8\/12\/16&nbsp;km\/h (5\/8\/10 mph)<\/span><span style=\"font-size:16px;font-family:arial, helvetica, sans-serif\"><strong><br \/><\/strong><\/span><span style=\"font-size:16px;font-family:arial, helvetica, sans-serif\">Waterproof Level: IP6<\/span><span style=\"font-size:16px;font-family:arial, helvetica, sans-serif\"><strong><br \/><\/strong><\/span><span style=\"font-size:16px;font-family:arial, helvetica, sans-serif\">Material&nbsp;of Frame: Steel<\/span><span style=\"font-size:16px;font-family:arial, helvetica, sans-serif\"><strong><br \/><\/strong><\/span><span style=\"font-size:16px;font-family:arial, helvetica, sans-serif\">Braking System: Rear Hub Brake<\/span><span style=\"font-size:16px;font-family:arial, helvetica, sans-serif\"><strong><br \/><\/strong><\/span><span style=\"font-size:16px;font-family:arial, helvetica, sans-serif\">Recommended Rider Heights: 90-160&nbsp;cm (2\u201911.5\u201d-5\u20193\u201d)<\/span><\/p>\n<\/td>\n<\/tr>\n<tr>\n<td width=\"130\" style=\"width:130\">\n<p><span style=\"font-size:16px;font-family:arial, helvetica, sans-serif\">Motor<\/span><\/p>\n<\/td>\n<td width=\"426\" style=\"width:426\">\n<p><span style=\"font-size:16px;font-family:arial, helvetica, sans-serif\">Rated Power &amp; Voltage: 160W, 24V<\/span><span style=\"font-size:16px;font-family:arial, helvetica, sans-serif\"><strong><br \/><\/strong><\/span><span style=\"font-size:16px;font-family:arial, helvetica, sans-serif\">Max Output Torque: 11 N.m<\/span><\/p>\n<\/td>\n<\/tr>\n<tr>\n<td width=\"130\" style=\"width:130\">\n<p><span style=\"font-size:16px;font-family:arial, helvetica, sans-serif\">Batteri<\/span><\/p>\n<\/td>\n<td width=\"426\" style=\"width:426\">\n<p><span style=\"font-size:16px;font-family:arial, helvetica, sans-serif\">Capacity: 5.2Ah<\/span><span style=\"font-size:16px;font-family:arial, helvetica, sans-serif\"><strong><br \/><\/strong><\/span><span style=\"font-size:16px;font-family:arial, helvetica, sans-serif\">Voltage: 21.9V<\/span><span style=\"font-size:16px;font-family:arial, helvetica, sans-serif\"><strong><br \/><\/strong><\/span><span style=\"font-size:16px;font-family:arial, helvetica, sans-serif\">Charging Time:&nbsp;4h<\/span><span style=\"font-size:16px;font-family:arial, helvetica, sans-serif\"><strong><br \/><\/strong><\/span><span style=\"font-size:16px;font-family:arial, helvetica, sans-serif\">Power Capacity: 113.88Wh<\/span><\/p>\n<\/td>\n<\/tr>\n<tr>\n<td width=\"130\" style=\"width:130\">\n<p><span style=\"font-size:16px;font-family:arial, helvetica, sans-serif\">Oplader<\/span><\/p>\n<\/td>\n<td width=\"426\" style=\"width:426\">\n<p><span style=\"font-size:16px;font-family:arial, helvetica, sans-serif\">Input: DC24V 1.5A<\/span><\/p>\n<\/td>\n<\/tr>\n<tr>\n<td width=\"130\" style=\"width:130\">\n<p><span style=\"font-size:16px;font-family:arial, helvetica, sans-serif\">D\u00e6k<\/span><\/p>\n<\/td>\n<td width=\"426\" style=\"width:426\">\n<p><span style=\"font-size:16px;font-family:arial, helvetica, sans-serif\">Size: 12&quot;x3&quot;<\/span><span style=\"font-size:16px;font-family:arial, helvetica, sans-serif\"><strong><br \/><\/strong><\/span><span style=\"font-size:16px;font-family:arial, helvetica, sans-serif\">Type: Pneumatic&nbsp;Rubber&nbsp;Tires<\/span><span style=\"font-size:16px;font-family:arial, helvetica, sans-serif\"><strong><br \/><\/strong><\/span><span style=\"font-size:16px;font-family:arial, helvetica, sans-serif\">Tire Pressure: 100-200 KPa<\/span><\/p>\n<\/td>\n<\/tr>\n<tr>\n<td width=\"130\" style=\"width:130\">\n<p><span style=\"font-size:16px;font-family:arial, helvetica, sans-serif\">V\u00e6gt og st\u00f8rrelse<\/span><\/p>\n<\/td>\n<td width=\"426\" style=\"width:426\">\n<p><span style=\"font-size:16px;font-family:arial, helvetica, sans-serif\">Product Weight:&nbsp;15 kg<\/span><span style=\"font-size:16px;font-family:arial, helvetica, sans-serif\"><strong><br \/><\/strong><\/span><span style=\"font-size:16px;font-family:arial, helvetica, sans-serif\">Package&nbsp;Weight: 17.96&nbsp;kg<\/span><span style=\"font-size:16px;font-family:arial, helvetica, sans-serif\"><strong><br \/><\/strong><\/span><span style=\"font-size:16px;font-family:arial, helvetica, sans-serif\">Product Size: 1189&#215;612.3&#215;685.7 mm<\/span><span style=\"font-size:16px;font-family:arial, helvetica, sans-serif\"><strong><br \/><\/strong><\/span><span style=\"font-size:16px;font-family:arial, helvetica, sans-serif\">Package Size (L x W x H): 1050x245x530 mm<\/span><\/p>\n<\/td>\n<\/tr>\n<tr>\n<td width=\"130\" style=\"width:130\">\n<p><span style=\"font-size:16px;font-family:arial, helvetica, sans-serif\">Package&nbsp;List<\/span><\/p>\n<\/td>\n<td width=\"426\" style=\"width:426\">\n<p><span style=\"font-size:16px;font-family:arial, helvetica, sans-serif\">1 x Semi-assembled Motorcycle for Kids<\/span><span style=\"font-size:16px;font-family:arial, helvetica, sans-serif\"><strong><br \/><\/strong><\/span><span style=\"font-size:16px;font-family:arial, helvetica, sans-serif\">1 x Brugermanual<\/span><span style=\"font-size:16px;font-family:arial, helvetica, sans-serif\"><strong><br \/><\/strong><\/span><span style=\"font-size:16px;font-family:arial, helvetica, sans-serif\">1 x Oplader<\/span><span style=\"font-size:16px;font-family:arial, helvetica, sans-serif\"><strong><br \/><\/strong><\/span><span style=\"font-size:16px;font-family:arial, helvetica, sans-serif\">1 x Forhjul<\/span><span style=\"font-size:16px;font-family:arial, helvetica, sans-serif\"><strong><br \/><\/strong><\/span><span style=\"font-size:16px;font-family:arial, helvetica, sans-serif\">2 x Pedaler<\/span><span style=\"font-size:16px;font-family:arial, helvetica, sans-serif\"><strong><br \/><\/strong><\/span><span style=\"font-size:16px;font-family:arial, helvetica, sans-serif\">1 x Opbevaringsboks<\/span><span style=\"font-size:16px;font-family:arial, helvetica, sans-serif\"><strong><br \/><\/strong><\/span><span style=\"font-size:16px;font-family:arial, helvetica, sans-serif\">1 x st\u00f8tteben<\/span><span style=\"font-size:16px;font-family:arial, helvetica, sans-serif\"><strong><br \/><\/strong><\/span><span style=\"font-size:16px;font-family:arial, helvetica, sans-serif\">4 x styrklemme<\/span><span style=\"font-size:16px;font-family:arial, helvetica, sans-serif\"><strong><br \/><\/strong><\/span><span style=\"font-size:16px;font-family:arial, helvetica, sans-serif\">1 x Aksel med m\u00f8trikker til forhjul<\/span><span style=\"font-size:16px;font-family:arial, helvetica, sans-serif\"><strong><br \/><\/strong><\/span><span style=\"font-size:16px;font-family:arial, helvetica, sans-serif\">2 x Bolt til st\u00f8tteben<\/span><span style=\"font-size:16px;font-family:arial, helvetica, sans-serif\"><strong><br \/><\/strong><\/span><span style=\"font-size:16px;font-family:arial, helvetica, sans-serif\">4 x Bolt for Handlebar<\/span><span style=\"font-size:16px;font-family:arial, helvetica, sans-serif\"><strong><br \/><\/strong><\/span><span style=\"font-size:16px;font-family:arial, helvetica, sans-serif\">1 x 4 mm unbrakon\u00f8gle<\/span><span style=\"font-size:16px;font-family:arial, helvetica, sans-serif\"><strong><br \/><\/strong><\/span><span style=\"font-size:16px;font-family:arial, helvetica, sans-serif\">1 x 6 mm unbrakon\u00f8gle<\/span><span style=\"font-size:16px;font-family:arial, helvetica, sans-serif\"><strong><br \/><\/strong><\/span><span style=\"font-size:16px;font-family:arial, helvetica, sans-serif\">2 x 16 mm skruen\u00f8gle<\/span><\/p>\n<\/td>\n<\/tr>\n<tr>\n<td width=\"556\" colspan=\"2\" style=\"width:556\">\n<p><span style=\"font-size:16px;font-family:arial, helvetica, sans-serif\">Bem\u00e6rk venligst, at det maksimale interval opn\u00e5s med en belastning p\u00e5 60 kg og 16 km\/t p\u00e5 flade veje uden st\u00e6rk vind ved 26\u00b0C.<\/span><\/p>\n<\/td>\n<\/tr>\n<\/tbody>\n<\/table>\n<p><\/div>\n<\/div>","protected":false},"excerpt":{"rendered":"<p>Model Number:&nbsp;Pioneer 12 Wheel Number:&nbsp;Two Recommend Age:&nbsp;6-12Y,14+y Features:&nbsp;Ride On Max Load:&nbsp;65 kg Uphill:&nbsp;10\u00b0 (17.6%) Max Speed:&nbsp;16 km\/h (10 mph) Max Range:&nbsp;12 km Speed Levels:&nbsp;8\/12\/16 km\/h (5\/8\/10 mph) Waterproof Level:&nbsp;IP6 Material<\/p>","protected":false},"featured_media":24322,"comment_status":"open","ping_status":"closed","template":"","meta":{"_acf_changed":false},"product_brand":[],"product_cat":[313],"product_tag":[],"class_list":{"0":"post-24321","1":"product","2":"type-product","3":"status-publish","4":"has-post-thumbnail","6":"product_cat-electric-children-motorbikes","8":"first","9":"instock","10":"shipping-taxable","11":"purchasable","12":"product-type-variable"},"acf":[],"_links":{"self":[{"href":"https:\/\/electricstore.eu\/da\/wp-json\/wp\/v2\/product\/24321","targetHints":{"allow":["GET"]}}],"collection":[{"href":"https:\/\/electricstore.eu\/da\/wp-json\/wp\/v2\/product"}],"about":[{"href":"https:\/\/electricstore.eu\/da\/wp-json\/wp\/v2\/types\/product"}],"replies":[{"embeddable":true,"href":"https:\/\/electricstore.eu\/da\/wp-json\/wp\/v2\/comments?post=24321"}],"wp:featuredmedia":[{"embeddable":true,"href":"https:\/\/electricstore.eu\/da\/wp-json\/wp\/v2\/media\/24322"}],"wp:attachment":[{"href":"https:\/\/electricstore.eu\/da\/wp-json\/wp\/v2\/media?parent=24321"}],"wp:term":[{"taxonomy":"product_brand","embeddable":true,"href":"https:\/\/electricstore.eu\/da\/wp-json\/wp\/v2\/product_brand?post=24321"},{"taxonomy":"product_cat","embeddable":true,"href":"https:\/\/electricstore.eu\/da\/wp-json\/wp\/v2\/product_cat?post=24321"},{"taxonomy":"product_tag","embeddable":true,"href":"https:\/\/electricstore.eu\/da\/wp-json\/wp\/v2\/product_tag?post=24321"}],"curies":[{"name":"wp","href":"https:\/\/api.w.org\/{rel}","templated":true}]}}