{"id":24002,"date":"2025-05-20T18:34:56","date_gmt":"2025-05-20T18:34:56","guid":{"rendered":"https:\/\/electricstore.eu\/p\/uncategorized\/csc-electric-bicycle-conversion-kit-48v-1000w-1500w-brushless-hub-motor-36v-350w-ebike-conversion-kit-48v-18ah-hailong-battery-2\/"},"modified":"2025-05-20T18:35:16","modified_gmt":"2025-05-20T18:35:16","slug":"csc-electric-bicycle-conversion-kit-48v-1000w-1500w-brushless-hub-motor-36v-350w-ebike-conversion-kit-48v-18ah-hailong-battery-2","status":"publish","type":"product","link":"https:\/\/electricstore.eu\/da\/p\/p\/kits\/electric-hub-motor-kits\/csc-electric-bicycle-conversion-kit-48v-1000w-1500w-brushless-hub-motor-36v-350w-ebike-conversion-kit-48v-18ah-hailong-battery-2\/","title":{"rendered":"CSC Elcykel Konverteringss\u00e6t 48V 1000W 1500W B\u00f8rstel\u00f8s Navmotor 36V 350w Elcykel Konverteringss\u00e6t 48V 18AH Hailong Batteri"},"content":{"rendered":"<div class=\"product-specs-list-container\">\n<ul class=\"product-specs-list util-clearfix\">\n<li class=\"product-prop line-limit-length\"><span\n                                        class=\"property-title\">Motortype:&nbsp;<\/span><span\n                                        class=\"property-desc line-limit-length\">B\u00f8rstel\u00f8s navmotor uden gear<\/span>\n                            <\/li>\n<li class=\"product-prop line-limit-length\"><span\n                                        class=\"property-title\">Effekt:&nbsp;<\/span><span\n                                        class=\"property-desc line-limit-length\">&gt; 400w<\/span>\n                            <\/li>\n<li class=\"product-prop line-limit-length\"><span\n                                        class=\"property-title\">Design:&nbsp;<\/span><span\n                                        class=\"property-desc line-limit-length\">B\u00f8rstel\u00f8s<\/span>\n                            <\/li>\n<li class=\"product-prop line-limit-length\"><span\n                                        class=\"property-title\">Sp\u00e6nding:&nbsp;<\/span><span\n                                        class=\"property-desc line-limit-length\">48V<\/span>\n                            <\/li>\n<li class=\"product-prop line-limit-length\"><span\n                                        class=\"property-title\">M\u00e6rkenavn:&nbsp;<\/span><span\n                                        class=\"property-desc line-limit-length\">CSC<\/span>\n                            <\/li>\n<li class=\"product-prop line-limit-length\"><span\n                                        class=\"property-title\">Oprindelse:&nbsp;<\/span><span\n                                        class=\"property-desc line-limit-length\">Kinas fastland<\/span>\n                            <\/li>\n<li class=\"product-prop line-limit-length\"><span\n                                        class=\"property-title\">Sp\u00e6nding:&nbsp;<\/span><span\n                                        class=\"property-desc line-limit-length\">36V<\/span>\n                            <\/li>\n<li class=\"product-prop line-limit-length\"><span\n                                        class=\"property-title\">Motor type:&nbsp;<\/span><span\n                                        class=\"property-desc line-limit-length\">B\u00f8rstel\u00f8s gearmotor<\/span>\n                            <\/li>\n<li class=\"product-prop line-limit-length\"><span\n                                        class=\"property-title\">Passende d\u00e6kst\u00f8rrelse:&nbsp;<\/span><span\n                                        class=\"property-desc line-limit-length\">26 tommer 27,5 tommer 28 tommer 29 tommer 700C<\/span>\n                            <\/li>\n<li class=\"product-prop line-limit-length\"><span\n                                        class=\"property-title\">Kapacitet:&nbsp;<\/span><span\n                                        class=\"property-desc line-limit-length\">36V 15AH, 48V 15AH 18AH 24AH<\/span>\n                            <\/li>\n<li class=\"product-prop line-limit-length\"><span\n                                        class=\"property-title\">Motorakseldiameter:&nbsp;<\/span><span\n                                        class=\"property-desc line-limit-length\">36V M12 (12MM * 10MM), 48V M14 (14MM * 10MM),<\/span>\n                            <\/li>\n<li class=\"product-prop line-limit-length\"><span\n                                        class=\"property-title\">Bremsetype:&nbsp;<\/span><span\n                                        class=\"property-desc line-limit-length\">V-bremse, kompatibel med skivebremser<\/span>\n                            <\/li>\n<li class=\"product-prop line-limit-length\"><span\n                                        class=\"property-title\">Affjedringstype:&nbsp;<\/span><span\n                                        class=\"property-desc line-limit-length\">Foran eller bagp\u00e5<\/span>\n                            <\/li>\n<li class=\"product-prop line-limit-length\"><span\n                                        class=\"property-title\">Note:&nbsp;<\/span><span\n                                        class=\"property-desc line-limit-length\">Kontroller de dimensioner, der er stemplet p\u00e5 d\u00e6kket, f\u00f8r du bestiller<\/span>\n                            <\/li>\n<li class=\"product-prop line-limit-length\"><span\n                                        class=\"property-title\">BMS:&nbsp;<\/span><span\n                                        class=\"property-desc line-limit-length\">36V 10.4AH(20 Amp),48V 18AH(30Amp).24AH(40Amp)<\/span>\n                            <\/li>\n<li class=\"product-prop line-limit-length\"><span\n                                        class=\"property-title\">Motorkraft:&nbsp;<\/span><span\n                                        class=\"property-desc line-limit-length\">250W 350W 500W 1000W 1500W<\/span>\n                            <\/li>\n<\/ul><\/div>\n<p><\/p>\n<p><\/p>\n<p><\/p>\n<p><kse:widget data-widget-type=\"customText\" id=\"1005000011616010\" type=\"custom\"><\/kse:widget><\/p>\n<div class=\"detailmodule_html\">\n<div class=\"detail-desc-decorate-richtext\">\n<div class=\"detailmodule_text\">\n<p style=\"font-family:OpenSans;font-size:20px;font-weight:900;line-height:28px;white-space:pre-wrap;color:rgb(0, 0, 0);margin-bottom:12px\" class=\"detail-desc-decorate-title\">Pakkeliste<\/p>\n<p style=\"font-family:OpenSans;font-size:14px;text-align:left;color:rgb(0, 0, 0);background-color:rgb(255, 255, 255);display:block;width:100%\" align=\"left\">Noted:Conversion Kit not include , tire, freewheel, disc brake.( If you need a Battery, tire, freewheel, disc brake, Please contact us for an additional fee )<br \/>1 * battery and charger \uff08If you order &quot;NO battery&quot;, the battery and charger is not included\uff09<br \/>1 * Baghjul til motor<br \/>1 * DC-controller <br \/>1 * Controller-taske<br \/>1 par * Str\u00f8mafbryder Bremsegreb<br \/>1 * Sk\u00e6rm SW900<br \/>1 * 8 magnetpedalassistentsensor<br \/>1 s\u00e6t * Drejegash\u00e5ndtag<\/p>\n<\/div>\n<div class=\"detailmodule_image\"><img decoding=\"async\" class=\"detail-desc-decorate-image\" src=\"https:\/\/ae04.alicdn.com\/kf\/H7fef7aef407745faabf15817e0fca9fbj.jpg\" slate-data-type=\"image\"\/><\/div>\n<div class=\"detailmodule_text\">\n<p style=\"font-family:OpenSans;font-size:20px;font-weight:900;line-height:28px;white-space:pre-wrap;color:rgb(0, 0, 0);margin-bottom:12px\" class=\"detail-desc-decorate-title\">Motorhjul<\/p>\n<p style=\"font-family:OpenSans;font-size:14px;font-weight:300;line-height:20px;white-space:pre-wrap;color:rgb(0, 0, 0);margin-bottom:12px\" class=\"detail-desc-decorate-content\">1. Fuld hastighed: 36V 250\/350\/500W ca. 20-35 km\/t,<br \/>48V 1000W omkring 45-55 km\/t, <br \/>48V 1500W omkring 50-60 km\/t, <br \/> (forskellige hjulst\u00f8rrelser, vej- og vejrforhold og rytterens v\u00e6gt vil have forskellig hastighed)<br \/>2. Navmotor: B\u00f8rstel\u00f8s gearnavmotor til 36V <br \/>B\u00f8rstel\u00f8s navmotor uden gear til 48V <br \/>3. F\u00e6lg: Dobbeltv\u00e6gget aluminiumslegeringsf\u00e6lg<br \/>4. Hjul krankboks: Bag 135 mm-142 mm<br \/>5. Drejningsmoment: 25-35 NM for 36v 250W 350W 500W<br \/>30-40 NM for 500W 1000W<br \/>35-45 NM for 1500W<br \/>6. Omdr.\/min.: 320 for 36V 250W 350w<br \/>350 til 36V 500W<br \/>470 til 48V 500W 1000W<br \/>540 til 48V 1500W<br \/>7. Motoren er egnet til gevindfril\u00f8b, ikke egnet til kassette. Hvis du har brug for en motor, der er egnet til kassette, bedes du kontakte os.<\/p>\n<\/div>\n<div class=\"detailmodule_image\"><img decoding=\"async\" class=\"detail-desc-decorate-image\" src=\"https:\/\/ae01.alicdn.com\/kf\/H7bc9f84c75704df78fd5fb271f27f1d3c.jpg\" slate-data-type=\"image\"\/><img decoding=\"async\" class=\"detail-desc-decorate-image\" src=\"https:\/\/ae01.alicdn.com\/kf\/H406141f49450451f823fc314a1c6ea900.jpg\" slate-data-type=\"image\"\/><img decoding=\"async\" style=\"margin-bottom:10px\" class=\"detail-desc-decorate-image\" src=\"https:\/\/ae01.alicdn.com\/kf\/S9dc1cb71554746f39dc1078dea02b7bff.jpg\" slate-data-type=\"image\"\/><\/div>\n<div class=\"detailmodule_text\">\n<p style=\"font-family:OpenSans;font-size:14px;text-align:left;color:rgb(0, 0, 0);background-color:rgb(255, 255, 255);display:block;width:100%\" align=\"left\">36V<\/p>\n<\/div>\n<div class=\"detailmodule_image\"><img decoding=\"async\" class=\"detail-desc-decorate-image\" src=\"https:\/\/ae01.alicdn.com\/kf\/H7add78d689ad4c839b04ae6a669449e3p.jpg\" slate-data-type=\"image\"\/><\/div>\n<div class=\"detailmodule_text\">\n<p style=\"font-family:OpenSans;font-size:14px;text-align:left;color:rgb(0, 0, 0);background-color:rgb(255, 255, 255);display:block;width:100%\" align=\"left\">48V<\/p>\n<\/div>\n<div class=\"detailmodule_image\"><img decoding=\"async\" class=\"detail-desc-decorate-image\" src=\"https:\/\/ae01.alicdn.com\/kf\/Hf784f9dcfd9349b0ac9a2935009c8311q.jpg\" slate-data-type=\"image\"\/><\/div>\n<div class=\"detailmodule_text\">\n<p style=\"font-family:OpenSans;font-size:20px;font-weight:900;line-height:28px;white-space:pre-wrap;color:rgb(0, 0, 0);margin-bottom:12px\" class=\"detail-desc-decorate-title\">display<\/p>\n<p style=\"font-family:OpenSans;font-size:14px;font-weight:300;line-height:20px;white-space:pre-wrap;color:rgb(0, 0, 0);margin-bottom:12px\" class=\"detail-desc-decorate-content\">SW900 display med fartpilotfunktion<\/p>\n<\/div>\n<div class=\"detailmodule_image\"><img decoding=\"async\" class=\"detail-desc-decorate-image\" src=\"https:\/\/ae04.alicdn.com\/kf\/H2f740dbf099f4e75aecfea87ee7c29a2m.jpg\" slate-data-type=\"image\"\/><\/div>\n<div class=\"detailmodule_text\">\n<p style=\"font-family:OpenSans;font-size:20px;font-weight:900;line-height:28px;white-space:pre-wrap;color:rgb(0, 0, 0);margin-bottom:12px\" class=\"detail-desc-decorate-title\">controller<\/p>\n<p style=\"font-family:OpenSans;font-size:14px;font-weight:300;line-height:20px;white-space:pre-wrap;color:rgb(0, 0, 0);margin-bottom:12px\" class=\"detail-desc-decorate-content\">CSC 6 mosfet-controller<br \/>Passer til: 36V 250W\/350W\/500W motorhjul, SW900 Display<br \/>Nominel str\u00f8m: 15A, Maks. str\u00f8m: 30\u00b11A<br \/>St\u00f8rrelse: 100*64*32 mm<\/p>\n<p>CSC 12 mosfet-controller <br \/>Passer til: 48V 1000W motorhjul, SW900 Display<br \/>Nominel str\u00f8m: 22A, Maks. str\u00f8m: 44\u00b11A<br \/>St\u00f8rrelse: 149*83,3*42 mm<\/p>\n<p>CSC 15 mosfet-controller <br \/>Passer til: 48V 1500W motorhjul, SW900 Display<br \/>Nominel str\u00f8m: 35A, Maks. str\u00f8m: 70\u00b11A<br \/>St\u00f8rrelse: 118,2 * 82,33 * 41 mm<\/p>\n<\/div>\n<div class=\"detailmodule_image\"><img decoding=\"async\" class=\"detail-desc-decorate-image\" src=\"https:\/\/ae01.alicdn.com\/kf\/H91b578cda72b4fe3bcd7881269329105N.jpg\" slate-data-type=\"image\"\/><\/div>\n<div class=\"detailmodule_text-image\">\n<p style=\"font-family:OpenSans;font-size:20px;font-weight:900;line-height:28px;white-space:pre-wrap;color:rgb(0, 0, 0);margin-bottom:12px\" class=\"detail-desc-decorate-title\">Controller-taske<\/p>\n<\/div>\n<div class=\"detailmodule_image\"><img decoding=\"async\" class=\"detail-desc-decorate-image\" src=\"https:\/\/ae01.alicdn.com\/kf\/Hfb0c0e235e9d410f815ccbb3e9f9291as.jpg\" slate-data-type=\"image\"\/><\/div>\n<div class=\"detailmodule_text\">\n<p style=\"font-family:OpenSans;font-size:20px;font-weight:900;line-height:28px;white-space:pre-wrap;color:rgb(0, 0, 0);margin-bottom:12px\" class=\"detail-desc-decorate-title\">PAS<\/p>\n<\/div>\n<div class=\"detailmodule_image\"><a href=\"https:\/\/www.aliexpress.com\/store\/product\/Electric-Bicycle-Pedal-BZ-4-8-8-Magnet-or-KT-V12L-12-Magnets-E-bike-PAS\/502344_32947529138.html?spm=2114.12010612.8148356.5.19f8628fiwlFMT\" target=\"_self\" class=\"\"><img decoding=\"async\" class=\"detail-desc-decorate-image\" src=\"https:\/\/ae01.alicdn.com\/kf\/H088209dd4faa4eca81369d582b8c1418x.jpg\" slate-data-type=\"image\"\/><\/a><\/div>\n<div class=\"detailmodule_text\">\n<p style=\"font-family:OpenSans;font-size:20px;font-weight:900;line-height:28px;white-space:pre-wrap;color:rgb(0, 0, 0);margin-bottom:12px\" class=\"detail-desc-decorate-title\">Gash\u00e5ndtag<\/p>\n<\/div>\n<div class=\"detailmodule_image\"><img decoding=\"async\" style=\"margin-bottom:10px\" class=\"detail-desc-decorate-image\" src=\"https:\/\/ae01.alicdn.com\/kf\/S9ec2b138586f4c92bd46e650dd6cab1aO.jpg\" slate-data-type=\"image\"\/><\/div>\n<div class=\"detailmodule_text\">\n<p style=\"font-family:OpenSans;font-size:20px;font-weight:900;line-height:28px;white-space:pre-wrap;color:rgb(0, 0, 0);margin-bottom:12px\" class=\"detail-desc-decorate-title\">Str\u00f8mafbryder til bremseafbryder<\/p>\n<\/div>\n<div class=\"detailmodule_image\"><a href=\"https:\/\/www.aliexpress.com\/store\/product\/Ebike-Aluminum-Brake-Lever-with-Cut-Off-Electricity-Power-Parking-Function-Electric-Bicycle-Accessories\/502344_32965382287.html?spm=2114.12010612.8148356.31.19f8628fzogu7o\" target=\"_self\" class=\"\"><img decoding=\"async\" class=\"detail-desc-decorate-image\" src=\"https:\/\/ae01.alicdn.com\/kf\/Hd706089279f9482eb3a73aa6ede2c220x.jpg\" slate-data-type=\"image\"\/><\/a><\/div>\n<div class=\"detailmodule_text\">\n<p style=\"font-family:OpenSans;font-size:20px;font-weight:900;line-height:28px;white-space:pre-wrap;color:rgb(0, 0, 0);margin-bottom:12px\" class=\"detail-desc-decorate-title\">batteri<\/p>\n<p style=\"font-family:OpenSans;font-size:14px;font-weight:300;line-height:20px;white-space:pre-wrap;color:rgb(0, 0, 0);margin-bottom:12px\" class=\"detail-desc-decorate-content\">36V 15AH batteri<br \/>Stik til controller: XT60<br \/>Nominel sp\u00e6nding: 36V<br \/>Nominel kapacitet: 15 Ah<br \/>Sammensat type: 10-serie 6-parallel 10-serie 6-parallel 10-serie 6-parallel<br \/>Celler: Kraftfulde 18650 3,7V 2500mAh 10A 5C-celler<br \/>BMS: 20 Amp kontinuerlig 50\u00b110 Amp maksimum<br \/>Tilpasset motoreffekt: 36V 250W 350W 500W<br \/>Ladestr\u00f8m: 2-5A<br \/>Ladeafbrydelsessp\u00e6nding: 42V<br \/>Afbrydelsessp\u00e6nding for udladning: 30V<br \/>Udladningstemperatur: -20 til 65\u00b0C<br \/>Opladningstemperatur: 0 til 45\u00b0C<br \/>Dimensioner: 90*110*360 mm<br \/>Batteriv\u00e6gt: 3,8 kg<br \/>Cykluslevetid: \u226580% kapacitet efter 800 cyklusser.<br \/>&#8212;&#8212;&#8212;&#8212;&#8212;&#8212;&#8212;&#8212;&#8212;&#8212;&#8212;&#8212;&#8212;&#8212;&#8212;&#8212;&#8212;&#8212;&#8212;&#8212;&#8212;&#8212;<\/p>\n<p>48V 12,5AH batteri<br \/>Stik til controller: XT60<br \/>Nominel sp\u00e6nding: 48V<br \/>Nominel kapacitet: 12,5 Ah<br \/>Sammensat type: 13Serie 5Parallel 13S5P<br \/>Celler: Kraftfulde 18650 3,7V 2500mAh 10A 5C-celler<br \/>BMS: 30 Amp kontinuerlig 100 \u00b1 10 Amp maksimum<br \/>Tilpasset motoreffekt: 48V, 500W, 750W, 1000W<br \/>Ladestr\u00f8m: 2-5A<br \/>Ladeafbrydelsessp\u00e6nding: 54,6V<br \/>Afbrydelsessp\u00e6nding for udladning: 39V<br \/>Udladningstemperatur: -20 til 65\u00b0C<br \/>Opladningstemperatur: 0 til 45\u00b0C<br \/>Dimensioner: 90*110*360 mm<br \/>Batteriv\u00e6gt: 4,1 kg<br \/>Cykluslevetid: \u226580% kapacitet efter 800 cyklusser.<br \/>&#8212;&#8212;&#8212;&#8212;&#8212;&#8212;&#8212;&#8212;&#8212;&#8212;&#8212;&#8212;&#8212;&#8212;&#8212;&#8212;&#8212;&#8212;&#8212;&#8212;&#8212;&#8212;<\/p>\n<p>48V 18AH batteri<br \/>Nominel sp\u00e6nding: 48V<br \/>Nominel kapacitet: 18 Ah<br \/>Sammensat type: 13Serie 4Parallel 13S4P<br \/>Celler: Kraftfulde 21700 3,7V 4500mAh celler<br \/>BMS: 40 Amp kontinuerlig 100 \u00b1 10 Amp maksimum<br \/>Tilpas motoreffekt: 48V 250W-1500W<br \/>Ladestr\u00f8m: 2-5A<br \/>Ladeafbrydelsessp\u00e6nding: 54,6V<br \/>Afbrydelsessp\u00e6nding for udladning: 39V<br \/>Udladningstemperatur: -20 til 65\u00b0C<br \/>Opladningstemperatur: 0 til 45\u00b0C<br \/>Dimensioner: 90*110*360 mm<br \/>Batteriv\u00e6gt: 4,77 kg<br \/>Cykluslevetid: \u226580% kapacitet efter 800 cyklusser.<br \/>&#8212;&#8212;&#8212;&#8212;&#8212;&#8212;&#8212;&#8212;&#8212;&#8212;&#8212;&#8212;&#8212;&#8212;&#8212;&#8212;&#8212;&#8212;&#8212;&#8212;&#8212;&#8212;<\/p>\n<p>48V 24AH batteri<br \/>Nominel sp\u00e6nding: 48V<br \/>Nominel kapacitet: 24 Ah<br \/>Sammensat type: 13Serie 5Parallel 13S5P<br \/>Celler: Kraftfulde 21700 3,7V 4800mAh celler<br \/>BMS: 40 Amp kontinuerlig 100 \u00b1 10 Amp maksimum<br \/>Tilpas motoreffekt: 48V 250W-1500W<br \/>Ladestr\u00f8m: 2-5A<br \/>Ladeafbrydelsessp\u00e6nding: 54,6V<br \/>Afbrydelsessp\u00e6nding for udladning: 39V<br \/>Udladningstemperatur: -20 til 65\u00b0C<br \/>Opladningstemperatur: 0 til 45\u00b0C<br \/>Dimensioner: 90*110*360 mm<br \/>Batteriv\u00e6gt: 5,73 kg<br \/>Cykluslevetid: \u226580% kapacitet efter 800 cyklusser.<br \/>&#8212;&#8212;&#8212;&#8212;&#8212;&#8212;&#8212;&#8212;&#8212;&#8212;&#8212;&#8212;&#8212;&#8212;&#8212;&#8212;&#8212;&#8212;&#8212;&#8212;&#8212;&#8212;<\/p>\n<p>52V 13,5AH batteri<br \/>Nominel sp\u00e6nding: 52V<br \/>Nominel kapacitet: 13,5 Ah<br \/>Sammensat type: 14Series 3Parallels 14S3P<br \/>Celler: Kraftfulde 21700 3,7V 4500mAh celler<br \/>BMS: 30 Amp kontinuerlig 100 \u00b1 10 Amp maksimum<br \/>Tilpas motoreffekt: 52V 250W-750W<br \/>Ladestr\u00f8m: 2-5A<br \/>Ladeafbrydelsessp\u00e6nding: 60V<br \/>Afbrydelsessp\u00e6nding for udladning: 39V<br \/>Udladningstemperatur: -20 til 65\u00b0C<br \/>Opladningstemperatur: 0 til 45\u00b0C<br \/>Dimensioner: 90*110*360 mm<br \/>Batteriv\u00e6gt: 4,15 kg<br \/>Cykluslevetid: \u226580% kapacitet efter 800 cyklusser.<br \/>&#8212;&#8212;&#8212;&#8212;&#8212;&#8212;&#8212;&#8212;&#8212;&#8212;&#8212;&#8212;&#8212;&#8212;&#8212;&#8212;&#8212;&#8212;&#8212;&#8212;&#8212;&#8212;<\/p>\n<p>52V 18AH batteri<br \/>Nominel sp\u00e6nding: 52V<br \/>Nominel kapacitet: 18 Ah<br \/>Sammensat type: 14Serie 4Parallel 14S4P<br \/>Celler: Kraftfulde 21700 3,7V 4500mAh celler<br \/>BMS: 40 Amp kontinuerlig 100 \u00b1 10 Amp maksimum<br \/>Tilpas motoreffekt: 52V 250W-1500W<br \/>Ladestr\u00f8m: 2-5A<br \/>Ladeafbrydelsessp\u00e6nding: 60V<br \/>Afbrydelsessp\u00e6nding for udladning: 39-42V<br \/>Udladningstemperatur: -20 til 65\u00b0C<br \/>Opladningstemperatur: 0 til 45\u00b0C<br \/>Dimensioner: 90*110*360 mm<br \/>Batteriv\u00e6gt: 4,99 kg<br \/>Cykluslevetid: \u226580% kapacitet efter 800 cyklusser.<br \/>&#8212;&#8212;&#8212;&#8212;&#8212;&#8212;&#8212;&#8212;&#8212;&#8212;&#8212;&#8212;&#8212;&#8212;&#8212;&#8212;&#8212;&#8212;&#8212;&#8212;&#8212;&#8212;<\/p>\n<\/div>\n<div class=\"detailmodule_image\"><img decoding=\"async\" class=\"detail-desc-decorate-image\" src=\"https:\/\/ae01.alicdn.com\/kf\/H73dd922a6dd0414f90bee11960a200df2.png\" slate-data-type=\"image\"\/><img decoding=\"async\" class=\"detail-desc-decorate-image\" src=\"https:\/\/ae01.alicdn.com\/kf\/H2f40eb453ff042d19f4edd32f21b3176U.jpg\" slate-data-type=\"image\"\/><\/div>\n<div class=\"detailmodule_image\"><img decoding=\"async\" class=\"detail-desc-decorate-image\" src=\"https:\/\/ae01.alicdn.com\/kf\/H8b810db2ab8b4d8eb427b8a220c721431.jpg\" slate-data-type=\"image\"\/><\/div>\n<div class=\"detailmodule_image\"><img decoding=\"async\" class=\"detail-desc-decorate-image\" src=\"https:\/\/ae01.alicdn.com\/kf\/Hf9f37f875a884c5f9a1fa1d70020da65l.jpg\" slate-data-type=\"image\"\/><\/div>\n<p><\/p>\n<p><\/p>\n<p><\/p>\n<p><\/p>\n<p><\/p>\n<p><\/p>\n<p><\/p>\n<p><\/p>\n<p><\/p>\n<p><\/p>\n<p><\/p>\n<p><\/p>\n<p><\/p>\n<p><\/p>\n<p><\/p>\n<p><\/p>\n<p><\/p>\n<p><\/p>\n<p><\/p>\n<p><\/p>\n<p><\/p>\n<div><\/div>\n<\/div>\n<\/div>\n<p><\/p>\n<p><\/p>\n<p><\/p>\n<p><\/p>\n<p><\/p>\n<p><\/p>\n<p><\/p>\n<p><\/p>\n<p><\/p>\n<p><\/p>\n<p><\/p>\n<p><\/p>\n<p><\/p>\n<p><\/p>\n<p><\/p>\n<p><\/p>\n<p><\/p>\n<p><\/p>","protected":false},"excerpt":{"rendered":"<p>Motor Type:&nbsp;Brushless Non-gear Hub Motor Wattage:&nbsp;&gt; 400w Design:&nbsp;Brushless Voltage:&nbsp;48V Brand Name:&nbsp;CSC Origin:&nbsp;Mainland China Voltage:&nbsp;36V Motor type:&nbsp;Brushless gear motor Suitable tire size:&nbsp;26 in 27.5 in 28 in 29 in 700C Capacity:&nbsp;36V<\/p>","protected":false},"featured_media":22948,"comment_status":"open","ping_status":"closed","template":"","meta":{"_acf_changed":false},"product_brand":[],"product_cat":[528],"product_tag":[],"class_list":{"0":"post-24002","1":"product","2":"type-product","3":"status-publish","4":"has-post-thumbnail","6":"product_cat-electric-hub-motor-kits","8":"first","9":"instock","10":"shipping-taxable","11":"purchasable","12":"product-type-variable"},"acf":[],"_links":{"self":[{"href":"https:\/\/electricstore.eu\/da\/wp-json\/wp\/v2\/product\/24002","targetHints":{"allow":["GET"]}}],"collection":[{"href":"https:\/\/electricstore.eu\/da\/wp-json\/wp\/v2\/product"}],"about":[{"href":"https:\/\/electricstore.eu\/da\/wp-json\/wp\/v2\/types\/product"}],"replies":[{"embeddable":true,"href":"https:\/\/electricstore.eu\/da\/wp-json\/wp\/v2\/comments?post=24002"}],"wp:featuredmedia":[{"embeddable":true,"href":"https:\/\/electricstore.eu\/da\/wp-json\/wp\/v2\/media\/22948"}],"wp:attachment":[{"href":"https:\/\/electricstore.eu\/da\/wp-json\/wp\/v2\/media?parent=24002"}],"wp:term":[{"taxonomy":"product_brand","embeddable":true,"href":"https:\/\/electricstore.eu\/da\/wp-json\/wp\/v2\/product_brand?post=24002"},{"taxonomy":"product_cat","embeddable":true,"href":"https:\/\/electricstore.eu\/da\/wp-json\/wp\/v2\/product_cat?post=24002"},{"taxonomy":"product_tag","embeddable":true,"href":"https:\/\/electricstore.eu\/da\/wp-json\/wp\/v2\/product_tag?post=24002"}],"curies":[{"name":"wp","href":"https:\/\/api.w.org\/{rel}","templated":true}]}}