{"id":23374,"date":"2025-05-20T18:33:51","date_gmt":"2025-05-20T18:33:51","guid":{"rendered":"https:\/\/electricstore.eu\/p\/uncategorized\/electric-bike-battery-36v-10-4ah-500w-powerful-lithium-cells-48v-13ah-1000w-battery-for-ebike\/"},"modified":"2025-05-20T18:33:53","modified_gmt":"2025-05-20T18:33:53","slug":"electric-bike-battery-36v-10-4ah-500w-powerful-lithium-cells-48v-13ah-1000w-battery-for-ebike","status":"publish","type":"product","link":"https:\/\/electricstore.eu\/da\/p\/p\/ebike-batteries\/downtube-e-bike-batteries\/electric-bike-battery-36v-10-4ah-500w-powerful-lithium-cells-48v-13ah-1000w-battery-for-ebike\/","title":{"rendered":"Elcykelbatteri 36V 10,4AH 500W Kraftige litiumceller 48V 13AH 1000W batteri til eBike"},"content":{"rendered":"<div class=\"product-specs-list-container\">\n<ul class=\"product-specs-list util-clearfix\">\n<li class=\"product-prop line-limit-length\"><span\n                                        class=\"property-title\">Kapacitet:&nbsp;<\/span><span\n                                        class=\"property-desc line-limit-length\">10 \u2013 20 Ah<\/span>\n                            <\/li>\n<li class=\"product-prop line-limit-length\"><span\n                                        class=\"property-title\">Sp\u00e6nding:&nbsp;<\/span><span\n                                        class=\"property-desc line-limit-length\">48v<\/span>\n                            <\/li>\n<li class=\"product-prop line-limit-length\"><span\n                                        class=\"property-title\">Type:&nbsp;<\/span><span\n                                        class=\"property-desc line-limit-length\">litiumbatteri<\/span>\n                            <\/li>\n<li class=\"product-prop line-limit-length\"><span\n                                        class=\"property-title\">M\u00e6rkenavn:&nbsp;<\/span><span\n                                        class=\"property-desc line-limit-length\">CSC<\/span>\n                            <\/li>\n<li class=\"product-prop line-limit-length\"><span\n                                        class=\"property-title\">Oprindelse:&nbsp;<\/span><span\n                                        class=\"property-desc line-limit-length\">Kinas fastland<\/span>\n                            <\/li>\n<li class=\"product-prop line-limit-length\"><span\n                                        class=\"property-title\">Sp\u00e6nding:&nbsp;<\/span><span\n                                        class=\"property-desc line-limit-length\">36v<\/span>\n                            <\/li>\n<\/ul><\/div>\n<div class=\"detailmodule_text-image\">\n<p style=\"font-family:OpenSans;font-size:20px;font-weight:900;line-height:28px;white-space:pre-wrap;color:rgb(0, 0, 0);margin-bottom:12px\" class=\"detail-desc-decorate-title\">36V 10.4AH Battery<\/p>\n<p style=\"font-family:OpenSans;font-size:14px;font-weight:300;line-height:20px;white-space:pre-wrap;color:rgb(0, 0, 0);margin-bottom:12px\" class=\"detail-desc-decorate-content\">Stik til controller: XT60<br \/>Nominel sp\u00e6nding: 36V<br \/>Nominal Capacity: 10.4Ah<br \/>Composed Type: 10Series 4Paralles 10S4P<br \/>Cells: Powerful 18650 3.7V 2600mAh 5C Cells<br \/>BMS: 20 Amp continuous 400\u00b110Amp maximum<br \/>Tilpasset motoreffekt: 36V 250W 350W 500W<br \/>Charge Current: 2A<br \/>Ladeafbrydelsessp\u00e6nding: 42V<br \/>Afbrydelsessp\u00e6nding for udladning: 30V<br \/>Udladningstemperatur: -20 til 65\u00b0C<br \/>Opladningstemperatur: 0 til 45\u00b0C<br \/>Dimensions: 70*80*205mm<br \/>Battery Weight: 2.9kg<br \/>Cykluslevetid: \u226580% kapacitet efter 800 cyklusser.<\/p>\n<div><img decoding=\"async\" class=\"detail-desc-decorate-image\" src=\"https:\/\/ae01.alicdn.com\/kf\/S72fb5736b7ed4501a57e529cee275859G.jpg\" slate-data-type=\"image\"\/><\/div>\n<\/div>\n<div class=\"detailmodule_text-image\">\n<p style=\"font-family:OpenSans;font-size:20px;font-weight:900;line-height:28px;white-space:pre-wrap;color:rgb(0, 0, 0);margin-bottom:12px\" class=\"detail-desc-decorate-title\">48V 13AH Battery<\/p>\n<p style=\"font-family:OpenSans;font-size:14px;font-weight:300;line-height:20px;white-space:pre-wrap;color:rgb(0, 0, 0);margin-bottom:12px\" class=\"detail-desc-decorate-content\">Stik til controller: XT60<br \/>Nominel sp\u00e6nding: 48V<br \/>Nominal Capacity: 13Ah<br \/>Sammensat type: 13Serie 5Parallel 13S5P<br \/>Cells: Powerful 18650 3.7V 2600mAh 5C Cells<br \/>BMS: 30Amp continuous 60\u00b110Amp maximum<br \/>Tilpasset motoreffekt: 48V, 500W, 750W, 1000W<br \/>Charge Current: 2A<br \/>Ladeafbrydelsessp\u00e6nding: 54,6V<br \/>Afbrydelsessp\u00e6nding for udladning: 39V<br \/>Udladningstemperatur: -20 til 65\u00b0C<br \/>Opladningstemperatur: 0 til 45\u00b0C<br \/>Dimensions: 70*95*270mm<br \/>Battery Weight: 4.4kg<br \/>Cykluslevetid: \u226580% kapacitet efter 800 cyklusser.<\/p>\n<div><img decoding=\"async\" class=\"detail-desc-decorate-image\" src=\"https:\/\/ae01.alicdn.com\/kf\/Sef0229418144480883c055d6f1b8484cp.jpg\" slate-data-type=\"image\"\/><\/div>\n<\/div>\n<div class=\"detailmodule_text-image\">\n<p style=\"font-family:OpenSans;font-size:20px;font-weight:900;line-height:28px;white-space:pre-wrap;color:rgb(0, 0, 0);margin-bottom:12px\" class=\"detail-desc-decorate-title\">more pictures<\/p>\n<div><img decoding=\"async\" class=\"detail-desc-decorate-image\" src=\"https:\/\/ae01.alicdn.com\/kf\/Sb192aea0f4e24c99ae56e6499d33056dz.jpg\" slate-data-type=\"image\"\/><img decoding=\"async\" class=\"detail-desc-decorate-image\" src=\"https:\/\/ae01.alicdn.com\/kf\/S17ceb65eb11c41a5b23532d185a130648.jpg\" slate-data-type=\"image\"\/><img decoding=\"async\" class=\"detail-desc-decorate-image\" src=\"https:\/\/ae01.alicdn.com\/kf\/Sfd5d857dc05d4d1a9a7d4fc2965da033Q.jpg\" slate-data-type=\"image\"\/><img decoding=\"async\" class=\"detail-desc-decorate-image\" src=\"https:\/\/ae01.alicdn.com\/kf\/S55812da570a242d291342fb501a78f804.jpg\" slate-data-type=\"image\"\/><img decoding=\"async\" class=\"detail-desc-decorate-image\" src=\"https:\/\/ae01.alicdn.com\/kf\/Seef94df485cc4668a9037d9175e7076b5.jpg\" slate-data-type=\"image\"\/><img decoding=\"async\" class=\"detail-desc-decorate-image\" src=\"https:\/\/ae01.alicdn.com\/kf\/S5f1fabead3934c40b8f1c3079c8e1e2dp.jpg\" slate-data-type=\"image\"\/><img decoding=\"async\" class=\"detail-desc-decorate-image\" src=\"https:\/\/ae01.alicdn.com\/kf\/S5741a34181ee4b0e8c6cef678186afedJ.jpg\" slate-data-type=\"image\"\/><img decoding=\"async\" class=\"detail-desc-decorate-image\" src=\"https:\/\/ae01.alicdn.com\/kf\/S3f10e64211cd4185afd8debe6ef41231P.jpg\" slate-data-type=\"image\"\/><img decoding=\"async\" class=\"detail-desc-decorate-image\" src=\"https:\/\/ae01.alicdn.com\/kf\/S460fae700978497c8e0d0c063a51eebdd.jpg\" slate-data-type=\"image\"\/><\/div>\n<\/div>\n<div class=\"detailmodule_text\">\n<p style=\"font-family:OpenSans;font-size:20px;font-weight:900;line-height:28px;white-space:pre-wrap;color:rgb(0, 0, 0);margin-bottom:12px\" class=\"detail-desc-decorate-title\">Forsendelse og garanti<\/p>\n<p style=\"font-family:OpenSans;font-size:14px;font-weight:300;line-height:20px;white-space:pre-wrap;color:rgb(0, 0, 0);margin-bottom:12px\" class=\"detail-desc-decorate-content\">Sporingsnummer er ogs\u00e5 tilg\u00e6ngeligt for s\u00e6lgers forsendelsesmetode.<\/p>\n<p>1.) Prisen inkluderer alle skatter<\/p>\n<p>2. ) Hvis du har sp\u00f8rgsm\u00e5l efter du har modtaget varerne, bedes du kontakte os f\u00f8rst. Din tilfredshed er vores h\u00f8jeste prioritet, og vi er sikre p\u00e5, at du vil v\u00e6re tilfreds med vores service.<\/p>\n<\/div>\n<div class=\"detailmodule_image\"><img decoding=\"async\" class=\"detail-desc-decorate-image\" src=\"https:\/\/ae01.alicdn.com\/kf\/S8bf12e6c65f746449ad69534878f8a47q.jpg\" slate-data-type=\"image\"\/><\/div>\n<p><\/p>","protected":false},"excerpt":{"rendered":"<p>Capacity:&nbsp;10 &#8211; 20Ah Voltage:&nbsp;48v Type:&nbsp;lithium battery Brand Name:&nbsp;CSC Origin:&nbsp;Mainland China Voltage:&nbsp;36v 36V 10.4AH Battery Connector for Controller: XT60Nominal Voltage: 36VNominal Capacity: 10.4AhComposed Type: 10Series 4Paralles 10S4PCells: Powerful 18650 3.7V 2600mAh<\/p>","protected":false},"featured_media":23078,"comment_status":"open","ping_status":"closed","template":"","meta":{"_acf_changed":false},"product_brand":[],"product_cat":[533],"product_tag":[],"class_list":{"0":"post-23374","1":"product","2":"type-product","3":"status-publish","4":"has-post-thumbnail","6":"product_cat-downtube-e-bike-batteries","8":"first","9":"instock","10":"shipping-taxable","11":"purchasable","12":"product-type-variable"},"acf":[],"_links":{"self":[{"href":"https:\/\/electricstore.eu\/da\/wp-json\/wp\/v2\/product\/23374","targetHints":{"allow":["GET"]}}],"collection":[{"href":"https:\/\/electricstore.eu\/da\/wp-json\/wp\/v2\/product"}],"about":[{"href":"https:\/\/electricstore.eu\/da\/wp-json\/wp\/v2\/types\/product"}],"replies":[{"embeddable":true,"href":"https:\/\/electricstore.eu\/da\/wp-json\/wp\/v2\/comments?post=23374"}],"wp:featuredmedia":[{"embeddable":true,"href":"https:\/\/electricstore.eu\/da\/wp-json\/wp\/v2\/media\/23078"}],"wp:attachment":[{"href":"https:\/\/electricstore.eu\/da\/wp-json\/wp\/v2\/media?parent=23374"}],"wp:term":[{"taxonomy":"product_brand","embeddable":true,"href":"https:\/\/electricstore.eu\/da\/wp-json\/wp\/v2\/product_brand?post=23374"},{"taxonomy":"product_cat","embeddable":true,"href":"https:\/\/electricstore.eu\/da\/wp-json\/wp\/v2\/product_cat?post=23374"},{"taxonomy":"product_tag","embeddable":true,"href":"https:\/\/electricstore.eu\/da\/wp-json\/wp\/v2\/product_tag?post=23374"}],"curies":[{"name":"wp","href":"https:\/\/api.w.org\/{rel}","templated":true}]}}