{"id":21938,"date":"2025-05-20T18:28:20","date_gmt":"2025-05-20T18:28:20","guid":{"rendered":"https:\/\/electricstore.eu\/p\/uncategorized\/ev05m-electric-motorbike-for-children-150w-14-4v-4ah-kids-electric-motorcycle-12-inch-tire-electric-scooter-max-speed-16km-h\/"},"modified":"2025-05-20T18:28:47","modified_gmt":"2025-05-20T18:28:47","slug":"ev05m-electric-motorbike-for-children-150w-14-4v-4ah-kids-electric-motorcycle-12-inch-tire-electric-scooter-max-speed-16km-h","status":"publish","type":"product","link":"https:\/\/electricstore.eu\/da\/p\/p\/kits\/electric-hub-motor-kits\/ev05m-electric-motorbike-for-children-150w-14-4v-4ah-kids-electric-motorcycle-12-inch-tire-electric-scooter-max-speed-16km-h\/","title":{"rendered":"EV05M Elmotorcykel til b\u00f8rn 150W 14.4V 4Ah Elmotorcykel til b\u00f8rn 12 tommer d\u00e6k Elscooter Maks. hastighed 16 km\/t"},"content":{"rendered":"<div class=\"product-specs-list-container\">\n<ul class=\"product-specs-list util-clearfix\">\n<li class=\"product-prop line-limit-length\"><span\n                                        class=\"property-title\">Modelnummer:&nbsp;<\/span><span\n                                        class=\"property-desc line-limit-length\">EV05M<\/span>\n                            <\/li>\n<li class=\"product-prop line-limit-length\"><span\n                                        class=\"property-title\">Effekt:&nbsp;<\/span><span\n                                        class=\"property-desc line-limit-length\">&lt; 200W<\/span>\n                            <\/li>\n<li class=\"product-prop line-limit-length\"><span\n                                        class=\"property-title\">Str\u00f8mforsyning:&nbsp;<\/span><span\n                                        class=\"property-desc line-limit-length\">litiumbatteri<\/span>\n                            <\/li>\n<li class=\"product-prop line-limit-length\"><span\n                                        class=\"property-title\">Str\u00f8mkilde:&nbsp;<\/span><span\n                                        class=\"property-desc line-limit-length\">litiumbatteri<\/span>\n                            <\/li>\n<li class=\"product-prop line-limit-length\"><span\n                                        class=\"property-title\">Oprindelse:&nbsp;<\/span><span\n                                        class=\"property-desc line-limit-length\">Kinas fastland<\/span>\n                            <\/li>\n<\/ul><\/div>\n<p><span style=\"font-size:20px\"><strong>EV05M Electric Motorbike for Children 150W 14.4V 4Ah Kids&#x27; Electric Motorcycle 12 Inch Tire Electric Scooter Max Speed 16KM\/H<\/strong><\/span><\/p>\n<p><\/p>\n<p><strong><span style=\"font-size:18px\">Powerful and Resistant Supply<\/span><\/strong><\/p>\n<p>The electric motorcycle for children is equipped with a 150W engine offering reliable performance and suitable for young drivers. With a maximum load of 40 kg, this motorbike is perfect for children aged 3 to 12 years. The power of the engine makes it possible to adapt to different types of terrain and to drive in complete security.<\/p>\n<p><\/p>\n<p><strong><span style=\"font-size:18px\">Adjustable Speed and Improved Self<\/span><\/strong><\/p>\n<p><strong>T<\/strong>he motorbike has two adjustable speeds, 8 km\/h for quiet learning and 16 km\/h for plus speed, allowing the child to choose the mode that suits him best. The autonomy of the 14.4V 4Ah battery allows you to travel up to 10 km, ideal for long driving sessions.<\/p>\n<p><\/p>\n<p><strong><span style=\"font-size:18px\">Ergonomic Design for a Maximum of Comfort<\/span><\/strong><\/p>\n<p>Designed to provide optimal comfort, this motorbike is equipped with 12-inch rubber wheels for excellent adhesion, even on rough terrain. Its high-density anti-slip seat ensures a pleasant and stable ride, even for plus young drivers.<\/p>\n<\/p>\n<p><strong><span style=\"font-size:18px\">Reless Security System<\/span><\/strong><\/p>\n<p>The security is at the heart of this electric motorcycle, with a robust iron frame that guarantees its strength and durability. The high-performance brake system ensures a secure stop, and the wide wheels provide better stability when using.<\/p>\n<p><\/p>\n<\/p>\n<p><strong><span style=\"font-size:18px\">An Exceptional Gift for Children<\/span><\/strong><\/p>\n<p>Offer your children an unforgettable gift that will stimulate their passion for adventure and discovery. This electric motorcycle for children allows them to develop driving skills while remaining in security, with the opportunity to have fun while exploring new walks of life.<\/p>\n<p><\/p>\n<p><strong><span style=\"font-size:18px\">Specifikationer<\/span><\/strong><\/p>\n<p>Motor Power: 150W<\/p>\n<p>Max. Slope\uff1a8\u00b0<\/p>\n<p>Battery Capacity: 14.4V 4AH<\/p>\n<p>Charging Time\uff1aAbout 4-5 hours<\/p>\n<p>Gear Mode\uff1a8km\/h\u300116km\/h<\/p>\n<p>Max.Range\uff1a10km<\/p>\n<p>Tire Size: 12-inch tires<\/p>\n<p>Load Weight\uff1a40kg<\/p>\n<p>Net Weight\uff1a11.3kg<\/p>\n<p>Gross Weight\uff1a13.65kg<\/p>\n<p>Product Dimensions\uff1a91.1*56.9*64.2cm<\/p>\n<p>Package Dimensions\uff1a93.5*17.5*53cm<\/p>\n<p>Recommended Age: 3-12 years<\/p>\n<p><\/p>\n<p><img decoding=\"async\" src=\"https:\/\/ae01.alicdn.com\/kf\/S0499ab041e66461b9277cc3174397e87K.jpg\" slate-data-type=\"image\"\/><img decoding=\"async\" src=\"https:\/\/ae01.alicdn.com\/kf\/S15a49869733341eb82f4c79c2a0aa26c6.jpg\" slate-data-type=\"image\"\/><img decoding=\"async\" src=\"https:\/\/ae01.alicdn.com\/kf\/S5a90651f2bfd4195b08795492cffa947F.jpg\" slate-data-type=\"image\"\/><img decoding=\"async\" src=\"https:\/\/ae01.alicdn.com\/kf\/S0a814495455d4d748ba84fc569c7986aw.jpg\" slate-data-type=\"image\"\/><img decoding=\"async\" src=\"https:\/\/ae01.alicdn.com\/kf\/S7599e2e8ec1b4c21a1f531bd31146508V.jpg\" slate-data-type=\"image\"\/><img decoding=\"async\" src=\"https:\/\/ae01.alicdn.com\/kf\/Sd6772f184a8a4f88a1dc2a9ebf8a6476u.jpg\" slate-data-type=\"image\"\/><img decoding=\"async\" src=\"https:\/\/ae01.alicdn.com\/kf\/S5484f062df234135823d507046f9327eN.jpg\" slate-data-type=\"image\"\/><img decoding=\"async\" src=\"https:\/\/ae01.alicdn.com\/kf\/Sa896fe4cd51b45d9a694255a7c49e676U.jpg\" slate-data-type=\"image\"\/><img decoding=\"async\" src=\"https:\/\/ae01.alicdn.com\/kf\/S027f689cfe4b4bcda4a2f4c0e2ee699fq.jpg\" slate-data-type=\"image\"\/><img decoding=\"async\" src=\"https:\/\/ae01.alicdn.com\/kf\/S3339ccb5c7ab4c7eaeac410bcdafa802q.jpg\" slate-data-type=\"image\"\/><img decoding=\"async\" src=\"https:\/\/ae01.alicdn.com\/kf\/S0ba5fa0eb1c74b05ad58bf99a3cc21a35.jpg\" slate-data-type=\"image\"\/><img decoding=\"async\" src=\"https:\/\/ae01.alicdn.com\/kf\/S9f79b1a9b2604e25b1efc481dfcb73bdW.jpg\" slate-data-type=\"image\"\/><img decoding=\"async\" src=\"https:\/\/ae01.alicdn.com\/kf\/S4eae6946b2ca423ab0e2e5bbc952789bZ.jpg\" slate-data-type=\"image\"\/><img decoding=\"async\" src=\"https:\/\/ae01.alicdn.com\/kf\/S45ef444a843d4621944f5360b14a7262w.jpg\" slate-data-type=\"image\"\/><img decoding=\"async\" src=\"https:\/\/ae01.alicdn.com\/kf\/Sa67e45f77fa840b8bc9234449909efbcW.jpg\" slate-data-type=\"image\"\/><img decoding=\"async\" src=\"https:\/\/ae01.alicdn.com\/kf\/S0335627fc463461594a10f5e4f00a9d3e.jpg\" slate-data-type=\"image\"\/><img decoding=\"async\" src=\"https:\/\/ae01.alicdn.com\/kf\/S8a761f262f7f4f25b2ba8e2f3d6c22ceP.jpg\" slate-data-type=\"image\"\/><img decoding=\"async\" src=\"https:\/\/ae01.alicdn.com\/kf\/Saf03e28d657745d6afe9a3e2f24b9bc43.jpg\" slate-data-type=\"image\"\/><img decoding=\"async\" src=\"https:\/\/ae01.alicdn.com\/kf\/S8607b9be00f7422bb121226d37e3364c7.jpg\" slate-data-type=\"image\"\/><img decoding=\"async\" src=\"https:\/\/ae01.alicdn.com\/kf\/S50fee0bc3c4447028d19c3ae3599b3b4I.jpg\" slate-data-type=\"image\"\/><\/p>","protected":false},"excerpt":{"rendered":"<p>Model Number:&nbsp;EV05M Wattage:&nbsp;&lt; 200W Power Supply:&nbsp;lithium battery Power Source:&nbsp;lithium battery Origin:&nbsp;Mainland China EV05M Electric Motorbike for Children 150W 14.4V 4Ah Kids&#x27; Electric Motorcycle 12 Inch Tire Electric Scooter Max Speed<\/p>","protected":false},"featured_media":21939,"comment_status":"open","ping_status":"closed","template":"","meta":{"_acf_changed":false},"product_brand":[],"product_cat":[528],"product_tag":[],"class_list":{"0":"post-21938","1":"product","2":"type-product","3":"status-publish","4":"has-post-thumbnail","6":"product_cat-electric-hub-motor-kits","8":"first","9":"instock","10":"shipping-taxable","11":"purchasable","12":"product-type-variable"},"acf":[],"_links":{"self":[{"href":"https:\/\/electricstore.eu\/da\/wp-json\/wp\/v2\/product\/21938","targetHints":{"allow":["GET"]}}],"collection":[{"href":"https:\/\/electricstore.eu\/da\/wp-json\/wp\/v2\/product"}],"about":[{"href":"https:\/\/electricstore.eu\/da\/wp-json\/wp\/v2\/types\/product"}],"replies":[{"embeddable":true,"href":"https:\/\/electricstore.eu\/da\/wp-json\/wp\/v2\/comments?post=21938"}],"wp:featuredmedia":[{"embeddable":true,"href":"https:\/\/electricstore.eu\/da\/wp-json\/wp\/v2\/media\/21939"}],"wp:attachment":[{"href":"https:\/\/electricstore.eu\/da\/wp-json\/wp\/v2\/media?parent=21938"}],"wp:term":[{"taxonomy":"product_brand","embeddable":true,"href":"https:\/\/electricstore.eu\/da\/wp-json\/wp\/v2\/product_brand?post=21938"},{"taxonomy":"product_cat","embeddable":true,"href":"https:\/\/electricstore.eu\/da\/wp-json\/wp\/v2\/product_cat?post=21938"},{"taxonomy":"product_tag","embeddable":true,"href":"https:\/\/electricstore.eu\/da\/wp-json\/wp\/v2\/product_tag?post=21938"}],"curies":[{"name":"wp","href":"https:\/\/api.w.org\/{rel}","templated":true}]}}