{"id":21842,"date":"2025-05-20T18:27:30","date_gmt":"2025-05-20T18:27:30","guid":{"rendered":"https:\/\/electricstore.eu\/p\/uncategorized\/motorcycle-lift-hydraulic-motorcycle-jack-680kg-jack-motorbike-lift-portable-motorcycle-lift-table-w-4-wheels\/"},"modified":"2025-05-20T18:27:46","modified_gmt":"2025-05-20T18:27:46","slug":"motorcycle-lift-hydraulic-motorcycle-jack-680kg-jack-motorbike-lift-portable-motorcycle-lift-table-w-4-wheels","status":"publish","type":"product","link":"https:\/\/electricstore.eu\/da\/p\/a\/motorcycle-lift-hydraulic-motorcycle-jack-680kg-jack-motorbike-lift-portable-motorcycle-lift-table-w-4-wheels\/","title":{"rendered":"Motorcykellift Hydraulisk motorcykeldonkraft 680 kg donkraft Motorcykellift B\u00e6rbart motorcykell\u00f8ftebord med 4 hjul"},"content":{"rendered":"<div class=\"product-specs-list-container\">\n<ul class=\"product-specs-list util-clearfix\">\n<li class=\"product-prop line-limit-length\"><span\n                                        class=\"property-title\">Meget bekymret kemikalie:&nbsp;<\/span><span\n                                        class=\"property-desc line-limit-length\">Ingen<\/span>\n                            <\/li>\n<li class=\"product-prop line-limit-length\"><span\n                                        class=\"property-title\">Oprindelse:&nbsp;<\/span><span\n                                        class=\"property-desc line-limit-length\">Kinas fastland<\/span>\n                            <\/li>\n<\/ul><\/div>\n<p><img decoding=\"async\" src=\"https:\/\/ae01.alicdn.com\/kf\/S388cd948c765441eba4b4a790bc20050t.jpg\" slate-data-type=\"image\"\/><img decoding=\"async\" src=\"https:\/\/ae01.alicdn.com\/kf\/S153e5d01bffc4765a00a7b590a16b315j.jpg\" slate-data-type=\"image\"\/><img decoding=\"async\" src=\"https:\/\/ae01.alicdn.com\/kf\/S2826f140a1684c30ab1fba946a65490am.jpg\" slate-data-type=\"image\"\/><img decoding=\"async\" src=\"https:\/\/ae01.alicdn.com\/kf\/Sdde7e85cff54408abaa8395a56cc0e02C.jpg\" slate-data-type=\"image\"\/><img decoding=\"async\" src=\"https:\/\/ae01.alicdn.com\/kf\/S490fcd5f13734c52a813746729e56770W.jpg\" slate-data-type=\"image\"\/><img decoding=\"async\" src=\"https:\/\/ae01.alicdn.com\/kf\/S25f78e25eda24ea9be14785e9edf8168m.jpg\" slate-data-type=\"image\"\/><img decoding=\"async\" src=\"https:\/\/ae01.alicdn.com\/kf\/Sa60a07e5ebaf4635bfd4f08d25a2d998P.jpg\" slate-data-type=\"image\"\/><img decoding=\"async\" src=\"https:\/\/ae01.alicdn.com\/kf\/S10a0a96e5feb418c968d247754594077A.jpg\" slate-data-type=\"image\"\/><img decoding=\"async\" src=\"https:\/\/ae01.alicdn.com\/kf\/S1f5d7508c61447ceb88e64a6eae06a73y.jpg\" slate-data-type=\"image\"\/><img decoding=\"async\" src=\"https:\/\/ae01.alicdn.com\/kf\/S6a357fb28d144b49bbeb53029998fc477.jpg\" slate-data-type=\"image\"\/><img decoding=\"async\" src=\"https:\/\/ae01.alicdn.com\/kf\/Sdfb018ae735746a99062f6c8729794987.jpg\" slate-data-type=\"image\"\/><img decoding=\"async\" src=\"https:\/\/ae01.alicdn.com\/kf\/Sc9004cde1b144c669419972fd78af669G.jpg\" slate-data-type=\"image\"\/><img decoding=\"async\" src=\"https:\/\/ae01.alicdn.com\/kf\/S64506aa2a5e7460184d9ab9ed20676533.jpg\" slate-data-type=\"image\"\/><img decoding=\"async\" src=\"https:\/\/ae01.alicdn.com\/kf\/S8c9290b0f4f34116b90de910bcfc4a32g.jpg\" slate-data-type=\"image\"\/><img decoding=\"async\" src=\"https:\/\/ae01.alicdn.com\/kf\/S17aca4d2079f4cf29117ce53fc6a33d0S.jpg\" slate-data-type=\"image\"\/><img decoding=\"async\" src=\"https:\/\/ae01.alicdn.com\/kf\/Sbd35952685b34e04a813955440de9970C.jpg\" slate-data-type=\"image\"\/><img decoding=\"async\" src=\"https:\/\/ae01.alicdn.com\/kf\/Sbe0cde4b5d3e472c987363e342711eacD.jpg\" slate-data-type=\"image\"\/><img decoding=\"async\" src=\"https:\/\/ae01.alicdn.com\/kf\/S43331f6910c14635b030f08641cfa593H.jpg\" slate-data-type=\"image\"\/><img decoding=\"async\" src=\"https:\/\/ae01.alicdn.com\/kf\/Sfb6e12918b7845118c3677d1551c7466t.jpg\" slate-data-type=\"image\"\/><img decoding=\"async\" src=\"https:\/\/ae01.alicdn.com\/kf\/S2a4b52a547db429d96c926d551166388v.jpg\" slate-data-type=\"image\"\/><img decoding=\"async\" src=\"https:\/\/ae01.alicdn.com\/kf\/S612a1e37351b4caba0b947670d19b803z.jpg\" slate-data-type=\"image\"\/><img decoding=\"async\" src=\"https:\/\/ae01.alicdn.com\/kf\/S3f0a340070fc41b784f5acc25b4564edF.jpg\" slate-data-type=\"image\"\/><img decoding=\"async\" src=\"https:\/\/ae01.alicdn.com\/kf\/S58396ccb3d8e42fbba779b3b9e2c7bbdr.jpg\" slate-data-type=\"image\"\/><img decoding=\"async\" src=\"https:\/\/ae01.alicdn.com\/kf\/S727dc45ae01245a991c9252a525af273P.jpg\" slate-data-type=\"image\"\/><\/p>\n<p><strong><span style=\"color:rgb(0, 0, 0);font-size:15pt;font-family:&quot;Times New Roman&quot;\">Beskrivelse<\/span><\/strong><\/p>\n<p><\/p>\n<p class=\"MsoNormal\"><span style=\"color:rgb(0, 0, 0);font-size:12pt;font-family:&quot;Times New Roman&quot;\">Denne hydrauliske motorcykellift er en god hj\u00e6lper i din garage, da den er lavet af materialer af h\u00f8j kvalitet og er udf\u00f8rt i fint h\u00e5ndv\u00e6rk. Den h\u00f8je lastekapacitet og den f\u00f8rsteklasses hydrauliske oliepumpe hj\u00e6lper dig med nemt at l\u00f8fte motorcyklen til den rigtige arbejdsh\u00f8jde, hvilket g\u00f8r det nemt for dig at udf\u00f8re reparation og vedligeholdelse af motorcyklen. At eje denne hydrauliske motorcykellift vil forbedre din arbejdseffektivitet betydeligt.<\/span><\/p>\n<p><\/p>\n<p class=\"MsoNormal\"><strong><span style=\"color:rgb(0, 0, 0);font-size:15pt;font-family:&quot;Times New Roman&quot;\">N\u00f8glefunktioner<\/span><\/strong><\/p>\n<p class=\"MsoNormal\"><strong><span style=\"color:rgb(0, 0, 0);font-size:12pt;font-family:&quot;Times New Roman&quot;\">Byg til at holde: <\/span><\/strong><span style=\"color:rgb(0, 0, 0);font-size:12pt;font-family:&quot;Times New Roman&quot;\">Den er hovedsageligt lavet af jern af h\u00f8j kvalitet, og overfladen er behandlet med en plastspr\u00f8jteproces, som er <\/span><span style=\"background-color:rgb(236, 178, 215);color:rgb(0, 0, 0);font-size:12pt;font-family:&quot;Times New Roman&quot;\">slidst\u00e6rk<\/span><span style=\"color:rgb(0, 0, 0);font-size:12pt;font-family:&quot;Times New Roman&quot;\">\u00a0og <\/span><span style=\"background-color:rgb(236, 178, 215);color:rgb(0, 0, 0);font-size:12pt;font-family:&quot;Times New Roman&quot;\">korrosionsbestandig<\/span><span style=\"color:rgb(0, 0, 0);font-size:12pt;font-family:&quot;Times New Roman&quot;\">\u00a0for at sikre en lang levetid.<\/span><\/p>\n<p><\/p>\n<p class=\"MsoNormal\"><strong><span style=\"color:rgb(17, 17, 17);font-size:12pt;font-family:&quot;Times New Roman&quot;\">H\u00f8j lasteevne: <\/span><\/strong><span style=\"color:rgb(17, 17, 17);font-size:12pt;font-family:&quot;Times New Roman&quot;\">De h\u00f8jkvalitets jernr\u00f8r giver den en god b\u00e6reevne p\u00e5 1500 lbs og kan stabilt l\u00f8fte motorcykler med forskellige v\u00e6gtniveauer.<\/span><\/p>\n<p><\/p>\n<p class=\"MsoNormal\"><strong><span style=\"color:rgb(17, 17, 17);font-size:12pt;font-family:&quot;Times New Roman&quot;\">Enkel betjening:<\/span><\/strong><span style=\"color:rgb(17, 17, 17);font-size:12pt;font-family:&quot;Times New Roman&quot;\">\u00a0Det lange h\u00e5ndtag (22,64 tommer) g\u00f8r det nemt at betjene den, selv n\u00e5r du st\u00e5r op. <\/span><span style=\"background-color:rgb(236, 178, 215);color:rgb(17, 17, 17);font-size:12pt;font-family:&quot;Times New Roman&quot;\">skridsikker<\/span><span style=\"color:rgb(17, 17, 17);font-size:12pt;font-family:&quot;Times New Roman&quot;\">\u00a0pedal og hydraulisk oliepumpe af h\u00f8j kvalitet kan hj\u00e6lpe dig med at l\u00f8fte motorcyklen til <\/span><span style=\"color:rgb(0, 0, 0);font-size:12pt;font-family:&quot;Times New Roman&quot;\">4,53-14,37 tommer<\/span><span style=\"color:rgb(17, 17, 17);font-size:12pt;font-family:&quot;Times New Roman&quot;\">, s\u00e5 du kan starte reparationsarbejdet uden at bruge for meget tid og kr\u00e6fter. <\/span><\/p>\n<p><\/p>\n<p class=\"MsoNormal\"><strong><span style=\"color:rgb(0, 0, 0);font-size:12pt;font-family:&quot;Times New Roman&quot;\">Let at flytte: <\/span><\/strong><span style=\"color:rgb(0, 0, 0);font-size:12pt;font-family:&quot;Times New Roman&quot;\">To ligel\u00f8bende hjul og to universalhjul g\u00f8r det muligt at bev\u00e6ge den problemfrit til ethvert sted, du har brug for.<\/span><\/p>\n<p><\/p>\n<p class=\"MsoNormal\"><strong><span style=\"color:rgb(17, 17, 17);font-size:12pt;font-family:&quot;Times New Roman&quot;\">H\u00f8j sikkerhed: <\/span><\/strong><span style=\"color:rgb(17, 17, 17);font-size:12pt;font-family:&quot;Times New Roman&quot;\">Den er udstyret med sikkerhedsn\u00e5le med 3 positioner, som kan fastg\u00f8re motorcyklen i den \u00f8nskede h\u00f8jde og forbedre stabiliteten. Overfladen p\u00e5 gummibelagt bordplade har et tekstureret design, som effektivt kan forhindre glidning og forbedre brugssikkerheden.<\/span><\/p>\n<p><\/p>\n<p class=\"MsoNormal\"><strong><span style=\"color:rgb(0, 0, 0);font-size:12pt;font-family:&quot;Times New Roman&quot;\">Pladsbesparende design: <\/span><\/strong><span style=\"color:rgb(0, 0, 0);font-size:12pt;font-family:&quot;Times New Roman&quot;\">Den kan s\u00e6nkes ned til n\u00e6sten gulvniveau, n\u00e5r den ikke er i brug, for at spare opbevaringsplads, og dens kompakte st\u00f8rrelse (81,5 x 33,7 x 89,5 cm) optager ikke meget plads. <\/span><\/p>\n<p><\/p>\n<p class=\"MsoNormal\"><strong><span style=\"color:rgb(0, 0, 0);font-size:12pt;font-family:&quot;Times New Roman&quot;\">Beskyttelsespakke: <\/span><\/strong><span style=\"color:rgb(0, 0, 0);font-size:12pt;font-family:&quot;Times New Roman&quot;\">For at forhindre produktet i at blive beskadiget og st\u00f8dt under transport, har vi pakket det i en plastikpose og karton for at beskytte dine produkter bedst muligt.<\/span><\/p>\n<p><\/p>\n<p class=\"MsoNormal\"><strong><span style=\"color:rgb(14, 16, 26);font-size:12pt;font-family:&quot;Times New Roman&quot;\">Kundeservice: <\/span><\/strong><span style=\"color:rgb(14, 16, 26);font-size:12pt;font-family:&quot;Times New Roman&quot;\">Kommunikation er den bedste m\u00e5de at l\u00f8se problemer p\u00e5. <\/span><span style=\"background-color:rgb(236, 178, 215);color:rgb(14, 16, 26);font-size:12pt;font-family:&quot;Times New Roman&quot;\">Hvis du har problemer, er du velkommen til at kontakte os. Vi vil svare dig hurtigst muligt og l\u00f8se problemet for dig.<\/span><\/p>\n<p><\/p>\n<p class=\"MsoNormal\"><strong><span style=\"color:rgb(0, 0, 0);font-size:15pt;font-family:&quot;Times New Roman&quot;\">Detaljer <\/span><\/strong><\/p>\n<p class=\"MsoNormal\"><strong><span style=\"background-color:rgb(236, 178, 215);color:rgb(14, 16, 26);font-size:12pt;font-family:&quot;Times New Roman&quot;\">Skridsikker<\/span><\/strong><strong><span style=\"color:rgb(0, 0, 0);font-size:12pt;font-family:&quot;Times New Roman&quot;\">\u00a0H\u00e5ndtag:<\/span><\/strong><span style=\"color:rgb(0, 0, 0);font-size:12pt;font-family:&quot;Times New Roman&quot;\">\u00a0Gummibeskyttelsesd\u00e6kslet p\u00e5 h\u00e5ndtaget er behageligt og nemt at gribe fat i, og teksturdesignet kan forhindre glidning under brug, hvilket forbedrer sikkerheden.<\/span><\/p>\n<p><\/p>\n<p class=\"MsoNormal\"><strong><span style=\"font-size:12pt;font-family:&quot;Times New Roman&quot;\">Dobbelte tv\u00e6rst\u00e6nger: <\/span><\/strong><span style=\"font-size:12pt;font-family:&quot;Times New Roman&quot;\">De forst\u00e6rkede tv\u00e6rst\u00e6nger forbedrer den samlede stabilitet og st\u00f8tte, hvilket g\u00f8r reparationsprocessen sikker og effektiv.<\/span><\/p>\n<p><\/p>\n<p class=\"MsoNormal\"><strong><span style=\"font-size:12pt;font-family:&quot;Times New Roman&quot;\">Fastg\u00f8relsesbolt:<\/span><\/strong><span style=\"font-size:12pt;font-family:&quot;Times New Roman&quot;\">\u00a0Den kan justere vinklen og h\u00f8jden i henhold til jordforholdene for at im\u00f8dekomme forskellige fastg\u00f8relsesbehov.<\/span><\/p>\n<p><\/p>\n<p class=\"MsoNormal\"><strong><span style=\"color:rgb(0, 0, 0);font-size:15pt;font-family:&quot;Times New Roman&quot;\">Anvendelse<\/span><\/strong><\/p>\n<p class=\"MsoNormal\"><span style=\"font-size:12pt;font-family:&quot;Times New Roman&quot;\">Den er velegnet til brug i garagen, v\u00e6rkstedet eller p\u00e5 banen og er velegnet til at l\u00f8fte motorcykler s\u00e5som landevejsmotorcykler, strandmotorcykler og adventuremotorcykler.<\/span><\/p>\n<p><\/p>\n<p class=\"MsoNormal\"><strong><span style=\"color:rgb(0, 0, 0);font-size:15pt;font-family:&quot;Times New Roman&quot;\">Specifikation<\/span><\/strong><\/p>\n<p class=\"MsoNormal\"><span style=\"color:rgb(0, 0, 0);font-size:12pt;font-family:&quot;Times New Roman&quot;\">Farve: Sort, R\u00f8d<\/span><\/p>\n<p class=\"MsoNormal\"><span style=\"color:rgb(0, 0, 0);font-size:12pt;font-family:&quot;Times New Roman&quot;\">Kampsport: Jern, gummi, plastik<\/span><\/p>\n<p class=\"MsoNormal\"><span style=\"color:rgb(0, 0, 0);font-size:12pt;font-family:&quot;Times New Roman&quot;\">Proces: Plastspr\u00f8jtning, spr\u00f8jtest\u00f8bning<\/span><\/p>\n<p class=\"MsoNormal\"><span style=\"color:rgb(0, 0, 0);font-size:12pt;font-family:&quot;Times New Roman&quot;\">Maks. lasteevne: 680 kg\/1500 lbs<\/span><\/p>\n<p class=\"MsoNormal\"><span style=\"color:rgb(0, 0, 0);font-size:12pt;font-family:&quot;Times New Roman&quot;\">L\u00f8fteomr\u00e5de: 115-365 mm \/ 4,53-14,37 tommer<\/span><\/p>\n<p class=\"MsoNormal\"><span style=\"color:rgb(0, 0, 0);font-size:12pt;font-family:&quot;Times New Roman&quot;\">H\u00e5ndtagsl\u00e6ngde: 57,5 cm \/ 22,64 tommer<\/span><\/p>\n<p class=\"MsoNormal\"><span style=\"font-size:12pt;font-family:&quot;Times New Roman&quot;\">Gummi bordplade<\/span><span style=\"color:rgb(0, 0, 0);font-size:12pt;font-family:&quot;Times New Roman&quot;\">\u00a0L\u00e6ngde: 30,5 cm \/ 12 tommer<\/span><\/p>\n<p class=\"MsoNormal\"><span style=\"color:rgb(0, 0, 0);font-size:12pt;font-family:&quot;Times New Roman&quot;\">Produktst\u00f8rrelse: 78*35*84,5 cm\/30,71*13,78*33,27 tommer<\/span><\/p>\n<p class=\"MsoNormal\"><span style=\"color:rgb(0, 0, 0);font-size:12pt;font-family:&quot;Times New Roman&quot;\">Pakkest\u00f8rrelse: 82 * 43 * 14 cm \/ 32,28 * 16,93 * 5,51 tommer<\/span><\/p>\n<p class=\"MsoNormal\"><span style=\"color:rgb(0, 0, 0);font-size:12pt;font-family:&quot;Times New Roman&quot;\">Bruttov\u00e6gt: 26,75 kg \/ 58,97 lbs<\/span><\/p>\n<p class=\"MsoNormal\"><span style=\"color:rgb(0, 0, 0);font-size:12pt;font-family:&quot;Times New Roman&quot;\">Nettov\u00e6gt: 25,2 kg \/ 55,56 lbs<\/span><\/p>\n<p><\/p>\n<p class=\"MsoNormal\"><strong><span style=\"color:rgb(0, 0, 0);font-size:15pt;font-family:&quot;Times New Roman&quot;\">Pakken er inkluderet<\/span><\/strong><\/p>\n<p class=\"MsoNormal\"><span style=\"color:rgb(0, 0, 0);font-size:12pt;font-family:&quot;Times New Roman&quot;\">1 * Hydraulisk motorcykellift<\/span><\/p>\n<p class=\"MsoNormal\"><span style=\"color:rgb(0, 0, 0);font-size:12pt;font-family:&quot;Times New Roman&quot;\">1 * Engelsk manual<\/span><\/p>\n<p class=\"MsoNormal\"><span style=\"color:rgb(0, 0, 0);font-size:12pt;font-family:&quot;Times New Roman&quot;\">Andet tilbeh\u00f8r til installation \u00a0\u00a0<\/span><\/p>\n<p><\/p>\n<p class=\"MsoNormal\"><strong><span style=\"color:rgb(0, 0, 0);font-size:15pt;font-family:&quot;Times New Roman&quot;\">Noter<\/span><\/strong><\/p>\n<p class=\"MsoNormal\"><span style=\"color:rgb(0, 0, 0);font-size:12pt;font-family:&quot;Times New Roman&quot;\">Tillad venligst en lille farveforskel for\u00e5rsaget af optagelyset og en fejl p\u00e5 1-3 cm p\u00e5 grund af manuel m\u00e5ling, og s\u00f8rg for, at du ikke har noget imod det, f\u00f8r du bestiller.<\/span><\/p>","protected":false},"excerpt":{"rendered":"<p>Hign-concerned Chemical:&nbsp;None Origin:&nbsp;Mainland China Description This motorcycle hydraulic lift is a good helper in your garage, which is made of high-quality materials and fine craftsmanship. The high load capacity and<\/p>","protected":false},"featured_media":21843,"comment_status":"open","ping_status":"closed","template":"","meta":{"_acf_changed":false},"product_brand":[],"product_cat":[525],"product_tag":[],"class_list":{"0":"post-21842","1":"product","2":"type-product","3":"status-publish","4":"has-post-thumbnail","6":"product_cat-a","8":"first","9":"instock","10":"shipping-taxable","11":"purchasable","12":"product-type-variable"},"acf":[],"_links":{"self":[{"href":"https:\/\/electricstore.eu\/da\/wp-json\/wp\/v2\/product\/21842","targetHints":{"allow":["GET"]}}],"collection":[{"href":"https:\/\/electricstore.eu\/da\/wp-json\/wp\/v2\/product"}],"about":[{"href":"https:\/\/electricstore.eu\/da\/wp-json\/wp\/v2\/types\/product"}],"replies":[{"embeddable":true,"href":"https:\/\/electricstore.eu\/da\/wp-json\/wp\/v2\/comments?post=21842"}],"wp:featuredmedia":[{"embeddable":true,"href":"https:\/\/electricstore.eu\/da\/wp-json\/wp\/v2\/media\/21843"}],"wp:attachment":[{"href":"https:\/\/electricstore.eu\/da\/wp-json\/wp\/v2\/media?parent=21842"}],"wp:term":[{"taxonomy":"product_brand","embeddable":true,"href":"https:\/\/electricstore.eu\/da\/wp-json\/wp\/v2\/product_brand?post=21842"},{"taxonomy":"product_cat","embeddable":true,"href":"https:\/\/electricstore.eu\/da\/wp-json\/wp\/v2\/product_cat?post=21842"},{"taxonomy":"product_tag","embeddable":true,"href":"https:\/\/electricstore.eu\/da\/wp-json\/wp\/v2\/product_tag?post=21842"}],"curies":[{"name":"wp","href":"https:\/\/api.w.org\/{rel}","templated":true}]}}