{"id":21829,"date":"2025-05-20T18:27:23","date_gmt":"2025-05-20T18:27:23","guid":{"rendered":"https:\/\/electricstore.eu\/p\/uncategorized\/fossibot-f2400-pure-sine-wave-portable-power-station-2048wh-2400w-output-generator-16-output-ports-solar-portable-folding-trolley\/"},"modified":"2025-05-20T18:27:46","modified_gmt":"2025-05-20T18:27:46","slug":"fossibot-f2400-pure-sine-wave-portable-power-station-2048wh-2400w-output-generator-16-output-ports-solar-portable-folding-trolley","status":"publish","type":"product","link":"https:\/\/electricstore.eu\/da\/p\/batteries\/portable-power-stations\/fossibot-f2400-pure-sine-wave-portable-power-station-2048wh-2400w-output-generator-16-output-ports-solar-portable-folding-trolley\/","title":{"rendered":"Fossibot F2400 Ren Sinusb\u00f8lge B\u00e6rbart Kraftv\u00e6rk 2048Wh 2400W Udgangsgenerator 16 Udgangsporte Solcelledrevet B\u00e6rbar Sammenklappelig Trolley"},"content":{"rendered":"<div class=\"product-specs-list-container\">\n<ul class=\"product-specs-list util-clearfix\">\n<li class=\"product-prop line-limit-length\"><span\n                                        class=\"property-title\">Anvendelse:&nbsp;<\/span><span\n                                        class=\"property-desc line-limit-length\">Solenergilagring<\/span>\n                            <\/li>\n<li class=\"product-prop line-limit-length\"><span\n                                        class=\"property-title\">Nominel kapacitet:&nbsp;<\/span><span\n                                        class=\"property-desc line-limit-length\">2400W<\/span>\n                            <\/li>\n<li class=\"product-prop line-limit-length\"><span\n                                        class=\"property-title\">Modelnummer:&nbsp;<\/span><span\n                                        class=\"property-desc line-limit-length\">F2400 fossibot<\/span>\n                            <\/li>\n<li class=\"product-prop line-limit-length\"><span\n                                        class=\"property-title\">Type:&nbsp;<\/span><span\n                                        class=\"property-desc line-limit-length\">LiFePO4<\/span>\n                            <\/li>\n<li class=\"product-prop line-limit-length\"><span\n                                        class=\"property-title\">S\u00e6ttype:&nbsp;<\/span><span\n                                        class=\"property-desc line-limit-length\">Opladers\u00e6t<\/span>\n                            <\/li>\n<li class=\"product-prop line-limit-length\"><span\n                                        class=\"property-title\">M\u00e6rkenavn:&nbsp;<\/span><span\n                                        class=\"property-desc line-limit-length\">fossibot<\/span>\n                            <\/li>\n<li class=\"product-prop line-limit-length\"><span\n                                        class=\"property-title\">Kapacitet:&nbsp;<\/span><span\n                                        class=\"property-desc line-limit-length\">2048 Wh\/640000 mA<\/span>\n                            <\/li>\n<li class=\"product-prop line-limit-length\"><span\n                                        class=\"property-title\">Batteritype:&nbsp;<\/span><span\n                                        class=\"property-desc line-limit-length\">LiFePO4-batteri<\/span>\n                            <\/li>\n<li class=\"product-prop line-limit-length\"><span\n                                        class=\"property-title\">Nominel frekvens:&nbsp;<\/span><span\n                                        class=\"property-desc line-limit-length\">50Hz\/60Hz<\/span>\n                            <\/li>\n<li class=\"product-prop line-limit-length\"><span\n                                        class=\"property-title\">Pakke:&nbsp;<\/span><span\n                                        class=\"property-desc line-limit-length\">Med foldbar vogn<\/span>\n                            <\/li>\n<li class=\"product-prop line-limit-length\"><span\n                                        class=\"property-title\">LED-belysning:&nbsp;<\/span><span\n                                        class=\"property-desc line-limit-length\">Effekt 1W, varm tone<\/span>\n                            <\/li>\n<li class=\"product-prop line-limit-length\"><span\n                                        class=\"property-title\">AC-udgang:&nbsp;<\/span><span\n                                        class=\"property-desc line-limit-length\">Nominel effekt 2400W, ren sinusb\u00f8lge<\/span>\n                            <\/li>\n<li class=\"product-prop line-limit-length\"><span\n                                        class=\"property-title\">Funktioner 01:&nbsp;<\/span><span\n                                        class=\"property-desc line-limit-length\">B\u00e6rbart kraftv\u00e6rk<\/span>\n                            <\/li>\n<li class=\"product-prop line-limit-length\"><span\n                                        class=\"property-title\">Funktioner 02:&nbsp;<\/span><span\n                                        class=\"property-desc line-limit-length\">Yose-kraft<\/span>\n                            <\/li>\n<li class=\"product-prop line-limit-length\"><span\n                                        class=\"property-title\">Funktioner 03:&nbsp;<\/span><span\n                                        class=\"property-desc line-limit-length\">B\u00e6rbart campingvognsbatteri<\/span>\n                            <\/li>\n<li class=\"product-prop line-limit-length\"><span\n                                        class=\"property-title\">Funktioner 04:&nbsp;<\/span><span\n                                        class=\"property-desc line-limit-length\">B\u00e6rbart solkraftv\u00e6rk<\/span>\n                            <\/li>\n<li class=\"product-prop line-limit-length\"><span\n                                        class=\"property-title\">Funktioner 05:&nbsp;<\/span><span\n                                        class=\"property-desc line-limit-length\">B\u00e6rbart kraftv\u00e6rk<\/span>\n                            <\/li>\n<li class=\"product-prop line-limit-length\"><span\n                                        class=\"property-title\">Funktioner 06:&nbsp;<\/span><span\n                                        class=\"property-desc line-limit-length\">Portalil kraftv\u00e6rk<\/span>\n                            <\/li>\n<\/ul><\/div>\n<div class=\"detailmodule_html\">\n<div class=\"detail-desc-decorate-richtext\">\n<p><\/p>\n<div id=\"nav-description\" class=\"description--wrap--LscZ0He\">\n<div>\n<div class=\"extend--content--VuIQZia\">\n<div>\n<div id=\"product-description\" class=\"description--product-description--Mjtql28\">\n<div class=\"description--origin-part--rWy05pE\">\n<div class=\"detailmodule_html\">\n<div class=\"detail-desc-decorate-richtext\">\n<p><span style=\"font-size:22px\"><strong>Produkth\u00f8jdepunkter &gt;&gt;&gt;<\/strong><\/span>:<\/p>\n<p><\/p>\n<ul style=\"font-family:&quot;Microsoft YaHei&quot;;font-size:medium;font-weight:400;letter-spacing:normal;text-align:start;white-space:normal;color:rgb(0, 0, 0);margin-bottom:10px;padding-left:0px\" class=\"clearfix\" align=\"start\">\n<li style=\"font-size:14px;margin-right:10px;padding-left:18px;list-style:none;position:relative\">\n<p><strong>2400W effekt, 2048Wh LiFePO4-batteri<\/strong><\/p>\n<\/li>\n<li style=\"font-size:14px;margin-right:10px;padding-left:18px;list-style:none;position:relative\">\n<p>B\u00e6rbar str\u00f8mforsyning med super stor kapacitet p\u00e5 2048 Wh\/640000 mAh og en nominel udgangseffekt p\u00e5 2400 W. Udstyret med 6 AC-str\u00f8mstik, 6 USB-udgange og 4 DC-udgange kan den bruges til de fleste enheder som riskogere, tv&#039;er, elektriske t\u00e6pper, elkedler, h\u00e5rtromler, v\u00e6rkt\u00f8j og endda apparater med h\u00f8jere effekt (s\u00e5som elektriske komfurer, elektriske mikrob\u00f8lgeovne) og k\u00f8leskabe.<\/p>\n<\/li>\n<li style=\"font-size:14px;margin-right:10px;padding-left:18px;list-style:none;position:relative\">\n<p><\/p>\n<\/li>\n<li style=\"font-size:14px;margin-right:10px;padding-left:18px;list-style:none;position:relative\">\n<p><strong>Tovejs inverterteknologi<\/strong><br \/>FOSSiBOT b\u00e6rbare kraftstation anvender den nyeste tovejs inverterteknologi og den perfekte kombination af intelligente knapper til justering af indgangseffekt. Indgangseffekten n\u00e5r 1100 W og kan oplade 0-80% p\u00e5 80 minutter, og en fuld opladning p\u00e5 1,78 timer.<\/p>\n<\/li>\n<li style=\"font-size:14px;margin-right:10px;padding-left:18px;list-style:none;position:relative\">\n<p><strong>Intelligent knap til justering af indgangseffekt<\/strong><\/p>\n<\/li>\n<li style=\"font-size:14px;margin-right:10px;padding-left:18px;list-style:none;position:relative\">\n<p>F2400 solkraftv\u00e6rk, med 300W, 500W, 700W, 900W og 1100W str\u00f8mforsyning med beskyttelse mod indgangsstr\u00f8m. Opladningshastigheden er fuldt styret, og justeringsknappen kan holde indgangssp\u00e6ndingen konstant, hvilket forl\u00e6nger FOSSiBOT F2400&#039;s levetid betydeligt og beskytter dit udstyr.<\/p>\n<\/li>\n<li style=\"font-size:14px;margin-right:10px;padding-left:18px;list-style:none;position:relative\">\n<p><\/p>\n<\/li>\n<li style=\"font-size:14px;margin-right:10px;padding-left:18px;list-style:none;position:relative\">\n<p><strong>3 opladningsmetoder<\/strong><\/p>\n<\/li>\n<li style=\"font-size:14px;margin-right:10px;padding-left:18px;list-style:none;position:relative\">\n<p>Direkte opladning fra stikkontakten, solcelleopladning og biloplader. Hvis du v\u00e6lger at oplade b\u00e5de solenergi og str\u00f8m fra elnettet p\u00e5 samme tid, er opladningseffekten op til 1600 W, og du kan oplade 0-80% p\u00e5 70 minutter. Den kan oplades fuldt p\u00e5 90 minutter, hvilket er hurtigere end nogen anden solcellegenerator.<\/p>\n<\/li>\n<\/ul>\n<p><span style=\"font-size:22px\"><strong>Specifikation &gt;&gt;&gt;:<\/strong><\/span><\/p>\n<p><\/p>\n<table style=\"border-collapse:collapse;font-family:&quot;Microsoft YaHei&quot;;width:651px\" class=\"jbEidtTable\" border=\"1\" cellpadding=\"5\" cellspacing=\"0\">\n<tbody>\n<tr>\n<td style=\"font-size:14px;text-align:left;width:219.938px\" align=\"left\">\n<p><strong>Generel<\/strong><\/p>\n<\/td>\n<td style=\"font-size:14px;text-align:left;width:408.062px\" align=\"left\">\n<p>M\u00e6rke: FOSSiBOT<br \/>Type: B\u00e6rbart kraftv\u00e6rk<br \/>Model: F2400<br \/>Farve: Gr\u00f8n<\/p>\n<\/td>\n<\/tr>\n<tr>\n<td style=\"font-size:14px;text-align:left;width:219.938px\" align=\"left\">\n<p><strong>Specifikation<\/strong><\/p>\n<\/td>\n<td style=\"font-size:14px;text-align:left;width:408.062px\" align=\"left\">\n<p>Batteritype: LiFePO4-batteri<br \/>Kapacitet: 2048 Wh\/640000 mA<br \/>Driftstemperatur: 0-40 grader celsius \/ 32-104 grader Fahrenheit<br \/>Opbevaringstemperatur: -10-40 celsius \/ -4-104 Fahrenheit<br \/>Luftfugtighed: 5%-95%<br \/>K\u00f8lestrategi: Ventilator x 7<br \/>LED-belysning: Effekt 1W, varm tone<\/p>\n<p>AC-udgang: Nominel effekt 2400W, ren sinusb\u00f8lge, 6-ports udgang, oversp\u00e6ndingseffekt 4600W<br \/>Nominel frekvens: 50Hz\/60Hz<br \/>Udgangssp\u00e6nding: EU 220-240V AC<br \/>Invertereffektivitet: ETH = 90%<br \/>USB-A-udgang: QC3.0 x 2 (5V3A\/9V2A\/12V1.5A)<br \/>Type-C-udgang: PD 20W x 3 100W x 1 (5V3A 9V3A 12V3A 15V3A 20V5A)<\/p>\n<p>DC-udgang<br \/>XT60: 12V\/25A x 1<br \/>DC5521: 12V3A stikkontakt x 2<br \/>Cigaret\u00e6nder: 12V10A stikkontakt x 1<\/p>\n<p>Input<br \/>AC Super Charge: 1100W, EU (AC 220-240V\/50Hz, 10A), US\/JP (AC 100-120V 50Hz\/60Hz, 10A)<br \/>Solcelleopladning: 12V-48V\/15A MAX500W<br \/>Bilopladning: 12V\/8A, 24V\/10A<\/p>\n<\/td>\n<\/tr>\n<tr>\n<td style=\"font-size:14px;text-align:left;width:219.938px\" align=\"left\">\n<p><strong>V\u00e6gt og st\u00f8rrelse<\/strong><\/p>\n<\/td>\n<td style=\"font-size:14px;text-align:left;width:408.062px\" align=\"left\">\n<p>Produktv\u00e6gt: 22 kg<br \/>Pakkev\u00e6gt: 24 kg<br \/>Produktst\u00f8rrelse (L x B x H): 38,6 cm x 28,4 cm x 32,1 cm<br \/>Pakkest\u00f8rrelse (L x B x H): 48,4 cm x 36,8 cm x 44,1 cm<\/p>\n<\/td>\n<\/tr>\n<tr>\n<td style=\"font-size:14px;text-align:left;width:219.938px\" align=\"left\">\n<p><strong>Containerpakke<\/strong><\/p>\n<\/td>\n<td style=\"font-size:14px;text-align:left;width:408.062px\" align=\"left\">\n<p>1 x F2400 kraftv\u00e6rk<br \/>1 x str\u00f8mkabel<br \/>1 x Opladningskabel til k\u00f8ret\u00f8j<br \/>1 x Solcellekabel<br \/>1 x Brugermanual<\/p>\n<p>1 x Sammenklappelig vogn<\/p>\n<\/td>\n<\/tr>\n<\/tbody>\n<\/table>\n<p><\/p>\n<p><img decoding=\"async\" src=\"https:\/\/ae01.alicdn.com\/kf\/Sb9669de8797747708a9fd8041a53d8993.jpg\" slate-data-type=\"image\"\/><img decoding=\"async\" src=\"https:\/\/ae01.alicdn.com\/kf\/S882ce0fdd47f415098a95bb09c59420fM.jpg\" slate-data-type=\"image\"\/><img decoding=\"async\" src=\"https:\/\/ae01.alicdn.com\/kf\/S6631c68eb4114dd69641cae247b9d421N.jpg\" slate-data-type=\"image\"\/><img decoding=\"async\" src=\"https:\/\/ae01.alicdn.com\/kf\/S369162acd03f45ddafc9cf654617545fz.jpg\" slate-data-type=\"image\"\/><img decoding=\"async\" src=\"https:\/\/ae01.alicdn.com\/kf\/Sc99d8582579b4d8d8953573d6113c28aL.jpg\" slate-data-type=\"image\"\/><img decoding=\"async\" src=\"https:\/\/ae01.alicdn.com\/kf\/S967a3d37f0ae4ec4a8c0afd21019e9244.jpg\" slate-data-type=\"image\"\/><img decoding=\"async\" src=\"https:\/\/ae01.alicdn.com\/kf\/S0272cc35172546608efcc9af9ee1c7dbh.jpg\" slate-data-type=\"image\"\/><img decoding=\"async\" src=\"https:\/\/ae01.alicdn.com\/kf\/Sc323e7f185654aa790149f69c0708067V.jpg\" slate-data-type=\"image\"\/><img decoding=\"async\" src=\"https:\/\/ae01.alicdn.com\/kf\/S44ee694ac58b43b4b789a9d38056a7335.jpg\" slate-data-type=\"image\"\/><img decoding=\"async\" src=\"https:\/\/ae01.alicdn.com\/kf\/S5e528fc8ff774ff19a0f24edb2f54d9d4.jpg\" slate-data-type=\"image\"\/><img decoding=\"async\" src=\"https:\/\/ae01.alicdn.com\/kf\/S819addc4d72a4c24b25dd4b2fa8fb276p.jpg\" slate-data-type=\"image\"\/><\/p>\n<\/div>\n<\/div>\n<\/div>\n<\/div>\n<\/div>\n<\/div>\n<\/div>\n<\/div>\n<div style=\"margin:32px 0px;margin-bottom:32px;margin-top:32px;margin-left:0px;margin-right:0px\" class=\"comet-v2-divider comet-v2-divider-small split-line--wrap--dVhU29K\"><\/div>\n<p><\/p>\n<\/div>\n<\/div>","protected":false},"excerpt":{"rendered":"<p>Application:&nbsp;Solar Power Storage Nominal Capacity:&nbsp;2400W Model Number:&nbsp;F2400 fossibot Type:&nbsp;LiFePO4 Set Type:&nbsp;Charger Sets Brand Name:&nbsp;fossibot Capacity:&nbsp;2048Wh\/640000mA Battery Type:&nbsp;LiFePO4 battery Rated Frequency:&nbsp;50Hz\/60Hz Package:&nbsp;With Folding Trolley LED Lighting:&nbsp;Power 1W, Warm tone AC Output:&nbsp;Rated<\/p>","protected":false},"featured_media":21830,"comment_status":"open","ping_status":"closed","template":"","meta":{"_acf_changed":false},"product_brand":[],"product_cat":[515],"product_tag":[],"class_list":{"0":"post-21829","1":"product","2":"type-product","3":"status-publish","4":"has-post-thumbnail","6":"product_cat-portable-power-stations","8":"first","9":"instock","10":"shipping-taxable","11":"purchasable","12":"product-type-variable"},"acf":[],"_links":{"self":[{"href":"https:\/\/electricstore.eu\/da\/wp-json\/wp\/v2\/product\/21829","targetHints":{"allow":["GET"]}}],"collection":[{"href":"https:\/\/electricstore.eu\/da\/wp-json\/wp\/v2\/product"}],"about":[{"href":"https:\/\/electricstore.eu\/da\/wp-json\/wp\/v2\/types\/product"}],"replies":[{"embeddable":true,"href":"https:\/\/electricstore.eu\/da\/wp-json\/wp\/v2\/comments?post=21829"}],"wp:featuredmedia":[{"embeddable":true,"href":"https:\/\/electricstore.eu\/da\/wp-json\/wp\/v2\/media\/21830"}],"wp:attachment":[{"href":"https:\/\/electricstore.eu\/da\/wp-json\/wp\/v2\/media?parent=21829"}],"wp:term":[{"taxonomy":"product_brand","embeddable":true,"href":"https:\/\/electricstore.eu\/da\/wp-json\/wp\/v2\/product_brand?post=21829"},{"taxonomy":"product_cat","embeddable":true,"href":"https:\/\/electricstore.eu\/da\/wp-json\/wp\/v2\/product_cat?post=21829"},{"taxonomy":"product_tag","embeddable":true,"href":"https:\/\/electricstore.eu\/da\/wp-json\/wp\/v2\/product_tag?post=21829"}],"curies":[{"name":"wp","href":"https:\/\/api.w.org\/{rel}","templated":true}]}}