{"id":21774,"date":"2025-05-20T18:26:54","date_gmt":"2025-05-20T18:26:54","guid":{"rendered":"https:\/\/electricstore.eu\/p\/uncategorized\/fossibot-f1200-pure-sine-wave-1200w-portable-power-station-1024wh-capacity-3-led-modes-morse-energy-storage-portable-generator\/"},"modified":"2025-05-20T18:27:00","modified_gmt":"2025-05-20T18:27:00","slug":"fossibot-f1200-pure-sine-wave-1200w-portable-power-station-1024wh-capacity-3-led-modes-morse-energy-storage-portable-generator","status":"publish","type":"product","link":"https:\/\/electricstore.eu\/da\/p\/batteries\/portable-power-stations\/fossibot-f1200-pure-sine-wave-1200w-portable-power-station-1024wh-capacity-3-led-modes-morse-energy-storage-portable-generator\/","title":{"rendered":"Fossibot F1200 ren sinusb\u00f8lge 1200W b\u00e6rbar kraftv\u00e6rk 1024Wh kapacitet 3 LED-tilstande morse energilagring b\u00e6rbar generator"},"content":{"rendered":"<div class=\"product-specs-list-container\">\n<ul class=\"product-specs-list util-clearfix\">\n<li class=\"product-prop line-limit-length\"><span\n                                        class=\"property-title\">Anvendelse:&nbsp;<\/span><span\n                                        class=\"property-desc line-limit-length\">Solenergilagring<\/span>\n                            <\/li>\n<li class=\"product-prop line-limit-length\"><span\n                                        class=\"property-title\">Nominel kapacitet:&nbsp;<\/span><span\n                                        class=\"property-desc line-limit-length\">1024Wh<\/span>\n                            <\/li>\n<li class=\"product-prop line-limit-length\"><span\n                                        class=\"property-title\">Modelnummer:&nbsp;<\/span><span\n                                        class=\"property-desc line-limit-length\">F1200 FOSSiBOT<\/span>\n                            <\/li>\n<li class=\"product-prop line-limit-length\"><span\n                                        class=\"property-title\">Type:&nbsp;<\/span><span\n                                        class=\"property-desc line-limit-length\">LiFePO4<\/span>\n                            <\/li>\n<li class=\"product-prop line-limit-length\"><span\n                                        class=\"property-title\">S\u00e6ttype:&nbsp;<\/span><span\n                                        class=\"property-desc line-limit-length\">Opladers\u00e6t<\/span>\n                            <\/li>\n<li class=\"product-prop line-limit-length\"><span\n                                        class=\"property-title\">M\u00e6rkenavn:&nbsp;<\/span><span\n                                        class=\"property-desc line-limit-length\">fossibot<\/span>\n                            <\/li>\n<li class=\"product-prop line-limit-length\"><span\n                                        class=\"property-title\">M\u00e6rke:&nbsp;<\/span><span\n                                        class=\"property-desc line-limit-length\">FOSSiBOT<\/span>\n                            <\/li>\n<li class=\"product-prop line-limit-length\"><span\n                                        class=\"property-title\">Model:&nbsp;<\/span><span\n                                        class=\"property-desc line-limit-length\">F1200<\/span>\n                            <\/li>\n<li class=\"product-prop line-limit-length\"><span\n                                        class=\"property-title\">Nominel effekt:&nbsp;<\/span><span\n                                        class=\"property-desc line-limit-length\">1200W<\/span>\n                            <\/li>\n<li class=\"product-prop line-limit-length\"><span\n                                        class=\"property-title\">LED-lystilstand:&nbsp;<\/span><span\n                                        class=\"property-desc line-limit-length\">Lystilstand, SOS-tilstand, Strobe<\/span>\n                            <\/li>\n<li class=\"product-prop line-limit-length\"><span\n                                        class=\"property-title\">Kapacitet:&nbsp;<\/span><span\n                                        class=\"property-desc line-limit-length\">1024Wh<\/span>\n                            <\/li>\n<li class=\"product-prop line-limit-length\"><span\n                                        class=\"property-title\">Type:&nbsp;<\/span><span\n                                        class=\"property-desc line-limit-length\">LiFePO4 (LFP)<\/span>\n                            <\/li>\n<li class=\"product-prop line-limit-length\"><span\n                                        class=\"property-title\">Livscyklus:&nbsp;<\/span><span\n                                        class=\"property-desc line-limit-length\">4000 cyklusser til 80% + kapacitet<\/span>\n                            <\/li>\n<li class=\"product-prop line-limit-length\"><span\n                                        class=\"property-title\">Funktioner 01:&nbsp;<\/span><span\n                                        class=\"property-desc line-limit-length\">B\u00e6rbart batteri<\/span>\n                            <\/li>\n<li class=\"product-prop line-limit-length\"><span\n                                        class=\"property-title\">Funktioner 02:&nbsp;<\/span><span\n                                        class=\"property-desc line-limit-length\">B\u00e6rbar, rapporterbar str\u00f8m<\/span>\n                            <\/li>\n<li class=\"product-prop line-limit-length\"><span\n                                        class=\"property-title\">Funktioner 03:&nbsp;<\/span><span\n                                        class=\"property-desc line-limit-length\">Bluetti kraftv\u00e6rk<\/span>\n                            <\/li>\n<li class=\"product-prop line-limit-length\"><span\n                                        class=\"property-title\">Funktioner 04:&nbsp;<\/span><span\n                                        class=\"property-desc line-limit-length\">B\u00e6rbart campingbatteri<\/span>\n                            <\/li>\n<li class=\"product-prop line-limit-length\"><span\n                                        class=\"property-title\">Funktioner 05:&nbsp;<\/span><span\n                                        class=\"property-desc line-limit-length\">3600w b\u00e6rbar kraftstation<\/span>\n                            <\/li>\n<li class=\"product-prop line-limit-length\"><span\n                                        class=\"property-title\">AC-stikkontakt:&nbsp;<\/span><span\n                                        class=\"property-desc line-limit-length\">2x220V-240V, 50\/60Hz, ren sinusb\u00f8lge maks. 1200W, rise peak 2400W<\/span>\n                            <\/li>\n<li class=\"product-prop line-limit-length\"><span\n                                        class=\"property-title\">Biludsalg:&nbsp;<\/span><span\n                                        class=\"property-desc line-limit-length\">1x12V\/8A, 24V\/8A, 96W maks.<\/span>\n                            <\/li>\n<\/ul><\/div>\n<div class=\"detailmodule_html\">\n<div class=\"detail-desc-decorate-richtext\">\n<p><span style=\"font-size:26px\"><strong>H\u00f8jdepunkter:<\/strong><\/span><\/p>\n<ul style=\"font-family:&quot;Microsoft YaHei&quot;;font-size:medium;font-weight:400;letter-spacing:normal;text-align:start;white-space:normal;color:rgb(0, 0, 0);margin-bottom:10px;padding-left:0px\" class=\"clearfix\" align=\"start\">\n<li style=\"font-size:14px;margin-right:10px;padding-left:18px;list-style:none;position:relative;float:left\">\n<h3><strong>1024wh kapacitet og 1200w nominel effekt<\/strong><\/h3>\n<div><\/div>\n<p>Fossibot F1200 har en batterikapacitet p\u00e5 1024 Wh og en konstant effekt p\u00e5 1200 W, der sikrer opladning af h\u00f8jttalere, guitar og k\u00f8ler, s\u00e5 din forsamling holdes str\u00f8mforsynet og k\u00f8lig.<\/p>\n<div><\/div>\n<h3><strong>H\u00f8jkapacitets Lifepo4-batteri<\/strong><\/h3>\n<div><\/div>\n<p>Powered by a high-capacity lifepo4 battery, the fossibot f1200 ensures safety and longevity with over 4000 cycles to 80%capacity.<\/p>\n<div><\/div>\n<h3><strong>BMS-beskyttelse<\/strong><\/h3>\n<div><\/div>\n<p>Med et elbilsbatteri og avanceret BMS sikrer f1200 h\u00f8j kvalitet og anvender flere beskyttelsesmekanismer til sikker batteribrug.<\/p>\n<div><\/div>\n<h3><strong>&lt;10ms svejsning<\/strong>Kl\u00f8e tid<\/h3>\n<div><\/div>\n<p>Ingen bekymringer om pludselige str\u00f8mafbrydelser med UPS-l\u00f8sningen. Med en certificeret omskiftningstid p\u00e5 &lt;10 ms sikrer f1200 uafbrudt drift af vigtige enheder som CPAP-maskiner under str\u00f8mafbrydelser.<\/p>\n<div><\/div>\n<h3><strong>5 gear til justering af opladningshastighed<\/strong><\/h3>\n<div><\/div>\n<p>f1200&#039;s justerbare indgangseffekt (200w til 1000w) med en drejeknap giver mulighed for hurtig eller langsom opladning. Det giver en personlig og effektiv enhedsopladningsoplevelse.<\/p>\n<div><\/div>\n<h3><strong>Ren sinusb\u00f8lge<\/strong><\/h3>\n<div><\/div>\n<p>Med en smart batteriisolator og avanceret kredsl\u00f8bsdesign tilbyder f1200 pr\u00e6cis den samme kvalitet af ren AC-udgang uden b\u00f8lge som den fra elnettet.<\/p>\n<div><\/div>\n<h3><strong>B\u00e6rbar og nem at b\u00e6re<\/strong><\/h3>\n<div><\/div>\n<p>Fossibot f1200 er kompakt og b\u00e6rbar og er dit kraftv\u00e6rk p\u00e5 farten. Med sit slanke design og lette konstruktion sikrer den bekvemmelighed og effektivitet p\u00e5 dine eventyr.<\/p>\n<\/li>\n<\/ul>\n<p><span style=\"font-size:24px\"><strong>Specifikation:<\/strong><\/span><\/p>\n<ul style=\"font-family:&quot;Microsoft YaHei&quot;;font-size:medium;font-weight:400;letter-spacing:normal;text-align:start;white-space:normal;color:rgb(0, 0, 0);margin-bottom:10px;padding-left:0px\" class=\"clearfix\" align=\"start\">\n<li style=\"font-size:14px;margin-right:10px;padding-left:18px;list-style:none;position:relative;float:left\">\n<table style=\"border-collapse:collapse;width:1000px\" class=\"jbEidtTable\" border=\"1\" cellpadding=\"5\" cellspacing=\"0\">\n<tbody>\n<tr>\n<td style=\"font-size:14px;text-align:left;height:89px\" align=\"left\">\n<p>Generel<\/p>\n<\/td>\n<td style=\"font-size:14px;text-align:left;height:89px\" align=\"left\">\n<p>M\u00e6rke: fossibot<br \/>Type: b\u00e6rbart kraftv\u00e6rk<br \/>Model: f1200<br \/>Farve: sort<\/p>\n<\/td>\n<\/tr>\n<tr>\n<td style=\"font-size:14px;text-align:left;height:89px\" align=\"left\">\n<p>Specifikation<\/p>\n<\/td>\n<td style=\"font-size:14px;text-align:left;height:89px\" align=\"left\">\n<div>Nominel effekt: 1200w<br \/>LED-lystilstand: lystilstand, sos-tilstand, strobe<\/div>\n<p>Batterioplysninger<br \/>Kapacitet: 1024wh<br \/>Type: LifePo4 (LFP)<br \/>Livscyklus: 4000 cyklusser til 80%+ kapacitet<br \/>Systemadministration: bms<\/p>\n<p>Produktion<br \/>AC-udtag: 2 x 220v-240v, 50\/60hz, ren sinusb\u00f8lge maks. 1200w, spidsbelastning 2400w<br \/>Biludtag: 1 x 12v\/8a, 24v\/8a, maks. 96w.<br \/>USB-A: 2 x 5V\/3A, 9V\/2A, 12V\/1.5A, maks. 18W.<br \/>USB-C: 1 x 20W maks., 1 x 100W maks.<\/p>\n<p>Input<br \/>AC-opladningsindgang: maks. 1000 W.<br \/>Solcelleindgang: 12v-50v\/8a 200w maks.<br \/>Bilindgang: 12v\/8a, 24v\/8a fra cigarett\u00e6nderporten<br \/>AC + solenergiindgang: 1200w, med AC- og solenergiindgang samtidigt<\/p>\n<p>Genopladningstider<br \/>AC-genopladning (1000w): \u224870 min.<br \/>Solcelleopladning (200w): \u22486,5 timer (med optimalt solskin, ideel orientering)<br \/>Bilopladning (96w): \u224810,67 timer<br \/>Ac+solcelleopladning (1200w): \u22481 time (med optimalt solskin, ideel orientering)<\/p>\n<p>Generel<br \/>Samtidig opladning og afladning: underst\u00f8ttelse<br \/>Driftstemperatur: 5-140\u2109 (-15-60\u2103)<br \/>Opladningstemperatur: 0\u00b0-55\u00b0C (32-131\u00b0F)<\/p>\n<\/td>\n<\/tr>\n<tr>\n<td style=\"font-size:14px;text-align:left;height:75px\" align=\"left\">\n<p>V\u00e6gt og st\u00f8rrelse<\/p>\n<\/td>\n<td style=\"font-size:14px;text-align:left;height:75px\" align=\"left\">\n<p>Produktv\u00e6gt: 11 kg<br \/>Pakkev\u00e6gt: 14 kg<br \/>Pakkest\u00f8rrelse (lxbxh): 29x23x25cm<\/p>\n<\/td>\n<\/tr>\n<tr>\n<td style=\"font-size:14px;text-align:left;height:76px\" align=\"left\">\n<p>Pakkens indhold<\/p>\n<\/td>\n<td style=\"font-size:14px;text-align:left;height:76px\" align=\"left\">\n<p>1 x b\u00e6rbar kraftv\u00e6rk<br \/>1 x AC-opladekabel<br \/>1 x bilopladekabel<br \/>1 x solcellekabel til opladning<br \/>1 x tilbeh\u00f8rstaske<br \/>1 x brugermanual<\/p>\n<\/td>\n<\/tr>\n<\/tbody>\n<\/table>\n<\/li>\n<li style=\"font-size:14px;font-weight:bold;margin-right:10px;padding-left:18px;list-style:none;float:left\">\n<p><\/p>\n<\/li>\n<\/ul>\n<p><img decoding=\"async\" src=\"https:\/\/ae01.alicdn.com\/kf\/Sf8825350e5fb4bc28b9ffb46847e375cW.jpg\" slate-data-type=\"image\"><img decoding=\"async\" src=\"https:\/\/ae01.alicdn.com\/kf\/Sa0b92f280c6e49318da3c62445b15da1l.jpg\" slate-data-type=\"image\"><img decoding=\"async\" src=\"https:\/\/ae01.alicdn.com\/kf\/S228d063ab00647d19faee080a037fdec0.jpg\" slate-data-type=\"image\"><img decoding=\"async\" src=\"https:\/\/ae01.alicdn.com\/kf\/Sd26051724ad54ee1a1ac299e8fbbb09aW.jpg\" slate-data-type=\"image\"><img decoding=\"async\" src=\"https:\/\/ae01.alicdn.com\/kf\/S557794ad6cb446c1ab80d204a744e1cbh.jpg\" slate-data-type=\"image\"><img decoding=\"async\" src=\"https:\/\/ae01.alicdn.com\/kf\/S87e04eed83654f7b83f267de4dc05b21m.jpg\" slate-data-type=\"image\"><img decoding=\"async\" src=\"https:\/\/ae01.alicdn.com\/kf\/S3d5abc44a82f41158a39a0d554bb1a41R.jpg\" slate-data-type=\"image\"><img decoding=\"async\" src=\"https:\/\/ae01.alicdn.com\/kf\/Sfd5344f5c578441fbb2d5beb89838020W.jpg\" slate-data-type=\"image\"><img decoding=\"async\" src=\"https:\/\/ae01.alicdn.com\/kf\/S76a94c4ee2e347c4afef1fd5ced23165M.jpg\" slate-data-type=\"image\"><img decoding=\"async\" src=\"https:\/\/ae01.alicdn.com\/kf\/S96e31c6fe0564752a049619255e43e72C.jpg\" slate-data-type=\"image\"><img decoding=\"async\" src=\"https:\/\/ae01.alicdn.com\/kf\/S1c119888ad154730a28cd88c94ded39e7.jpg\" slate-data-type=\"image\"><img decoding=\"async\" src=\"https:\/\/ae01.alicdn.com\/kf\/S8d84cfecf79c4ef4afd082d69325456aH.jpg\" slate-data-type=\"image\"><img decoding=\"async\" src=\"https:\/\/ae01.alicdn.com\/kf\/S4e34eb1e763d4c1e9583e8ef51dd25d7l.jpg\" slate-data-type=\"image\"><img decoding=\"async\" src=\"https:\/\/ae01.alicdn.com\/kf\/S8e982e82eda24233b8fd8f9f84eeb23fc.jpg\" slate-data-type=\"image\"><img decoding=\"async\" src=\"https:\/\/ae01.alicdn.com\/kf\/S79d0e1a7abb64447b389eb40463aeba65.jpg\" slate-data-type=\"image\"><\/p>\n<\/div>\n<\/div>","protected":false},"excerpt":{"rendered":"<p>Application:&nbsp;Solar Power Storage Nominal Capacity:&nbsp;1024Wh Model Number:&nbsp;F1200 FOSSiBOT Type:&nbsp;LiFePO4 Set Type:&nbsp;Charger Sets Brand Name:&nbsp;fossibot Brand:&nbsp;FOSSiBOT Model:&nbsp;F1200 Rated Power:&nbsp;1200W LED Light Mode:&nbsp;Light Mode, SOS Mode, Strobe Capacity:&nbsp;1024Wh Type:&nbsp;LiFePO4 (LFP) Lifecycle:&nbsp;4000 cycles<\/p>","protected":false},"featured_media":21775,"comment_status":"open","ping_status":"closed","template":"","meta":{"_acf_changed":false},"product_brand":[],"product_cat":[515],"product_tag":[],"class_list":{"0":"post-21774","1":"product","2":"type-product","3":"status-publish","4":"has-post-thumbnail","6":"product_cat-portable-power-stations","8":"first","9":"instock","10":"shipping-taxable","11":"purchasable","12":"product-type-simple"},"acf":[],"_links":{"self":[{"href":"https:\/\/electricstore.eu\/da\/wp-json\/wp\/v2\/product\/21774","targetHints":{"allow":["GET"]}}],"collection":[{"href":"https:\/\/electricstore.eu\/da\/wp-json\/wp\/v2\/product"}],"about":[{"href":"https:\/\/electricstore.eu\/da\/wp-json\/wp\/v2\/types\/product"}],"replies":[{"embeddable":true,"href":"https:\/\/electricstore.eu\/da\/wp-json\/wp\/v2\/comments?post=21774"}],"wp:featuredmedia":[{"embeddable":true,"href":"https:\/\/electricstore.eu\/da\/wp-json\/wp\/v2\/media\/21775"}],"wp:attachment":[{"href":"https:\/\/electricstore.eu\/da\/wp-json\/wp\/v2\/media?parent=21774"}],"wp:term":[{"taxonomy":"product_brand","embeddable":true,"href":"https:\/\/electricstore.eu\/da\/wp-json\/wp\/v2\/product_brand?post=21774"},{"taxonomy":"product_cat","embeddable":true,"href":"https:\/\/electricstore.eu\/da\/wp-json\/wp\/v2\/product_cat?post=21774"},{"taxonomy":"product_tag","embeddable":true,"href":"https:\/\/electricstore.eu\/da\/wp-json\/wp\/v2\/product_tag?post=21774"}],"curies":[{"name":"wp","href":"https:\/\/api.w.org\/{rel}","templated":true}]}}