{"id":21752,"date":"2025-05-20T18:26:44","date_gmt":"2025-05-20T18:26:44","guid":{"rendered":"https:\/\/electricstore.eu\/p\/uncategorized\/vtoman-v10-pro-car-jump-starter-4500a-with-led-lights-power-bank-car-power-supply-type-c-quick-charge-for-12v-vehicles\/"},"modified":"2025-05-20T18:26:44","modified_gmt":"2025-05-20T18:26:44","slug":"vtoman-v10-pro-car-jump-starter-4500a-with-led-lights-power-bank-car-power-supply-type-c-quick-charge-for-12v-vehicles","status":"publish","type":"product","link":"https:\/\/electricstore.eu\/da\/p\/batteries\/jump-starter-compressor-power-banks\/vtoman-v10-pro-car-jump-starter-4500a-with-led-lights-power-bank-car-power-supply-type-c-quick-charge-for-12v-vehicles\/","title":{"rendered":"VTOMAN V10 PRO Bil Jumpstarter 4500A Med LED-lys Powerbank Bilstr\u00f8mforsyning Type C Hurtigopladning Til 12V K\u00f8ret\u00f8jer"},"content":{"rendered":"<div class=\"product-specs-list-container\">\n<ul class=\"product-specs-list util-clearfix\">\n<li class=\"product-prop line-limit-length\"><span\n                                        class=\"property-title\">Batterikapacitet (mAh):&nbsp;<\/span><span\n                                        class=\"property-desc line-limit-length\">3000-5000<\/span>\n                            <\/li>\n<li class=\"product-prop line-limit-length\"><span\n                                        class=\"property-title\">M\u00e6rke:&nbsp;<\/span><span\n                                        class=\"property-desc line-limit-length\">VTOMNA<\/span>\n                            <\/li>\n<li class=\"product-prop line-limit-length\"><span\n                                        class=\"property-title\">Model:&nbsp;<\/span><span\n                                        class=\"property-desc line-limit-length\">V10 PRO<\/span>\n                            <\/li>\n<li class=\"product-prop line-limit-length\"><span\n                                        class=\"property-title\">Nominel str\u00f8m:&nbsp;<\/span><span\n                                        class=\"property-desc line-limit-length\">4500A<\/span>\n                            <\/li>\n<li class=\"product-prop line-limit-length\"><span\n                                        class=\"property-title\">Dragter:&nbsp;<\/span><span\n                                        class=\"property-desc line-limit-length\">til 12V-k\u00f8ret\u00f8jer (inklusive alle benzin- og dieselmotorer op til 10,0 liter)<\/span>\n                            <\/li>\n<li class=\"product-prop line-limit-length\"><span\n                                        class=\"property-title\">Funktioner 02:&nbsp;<\/span><span\n                                        class=\"property-desc line-limit-length\">Type-C hurtigopladning<\/span>\n                            <\/li>\n<li class=\"product-prop line-limit-length\"><span\n                                        class=\"property-title\">Funktioner 03:&nbsp;<\/span><span\n                                        class=\"property-desc line-limit-length\">Start d\u00f8de batterier<\/span>\n                            <\/li>\n<li class=\"product-prop line-limit-length\"><span\n                                        class=\"property-title\">Funktioner 04:&nbsp;<\/span><span\n                                        class=\"property-desc line-limit-length\">4500A til 12V k\u00f8ret\u00f8jer<\/span>\n                            <\/li>\n<li class=\"product-prop line-limit-length\"><span\n                                        class=\"property-title\">Funktioner 05:&nbsp;<\/span><span\n                                        class=\"property-desc line-limit-length\">10 mest avancerede sikkerhedsteknologier<\/span>\n                            <\/li>\n<li class=\"product-prop line-limit-length\"><span\n                                        class=\"property-title\">Funktioner 06:&nbsp;<\/span><span\n                                        class=\"property-desc line-limit-length\">B\u00e6rbar og kompakt<\/span>\n                            <\/li>\n<li class=\"product-prop line-limit-length\"><span\n                                        class=\"property-title\">Funktioner 01:&nbsp;<\/span><span\n                                        class=\"property-desc line-limit-length\">24 m\u00e5neders standbytid<\/span>\n                            <\/li>\n<\/ul><\/div>\n<p><span style=\"font-size:26px\"><strong>H\u00f8jdepunkter:<\/strong><\/span><\/p>\n<ul style=\"font-family:&quot;Microsoft YaHei&quot;;font-size:medium;font-weight:400;letter-spacing:normal;text-align:start;white-space:normal;color:rgb(0, 0, 0);margin-bottom:10px;padding-left:0px\" class=\"clearfix\" align=\"start\">\n<li style=\"font-size:14px;margin-right:10px;padding-left:18px;list-style:none;position:relative;float:left\">\n<h3><strong>4500A til 12V k\u00f8ret\u00f8jer<\/strong><\/h3>\n<p>Med en \u00e6gte nominel effekt p\u00e5 4500 ampere kan V10 Pro jumpstarterbatteripakken sikkert og effektivt starte alle 12V-k\u00f8ret\u00f8jer (inklusive alle benzin- og dieselmotorer op til 10,0 liter) p\u00e5 bare 30 sekunder. Den er universelt kompatibel med biler, lastbiler, motorcykler, traktorer, pl\u00e6neklippere, SUV&#039;er, snescootere, b\u00e5de, varevogne, autocampere og meget mere.<\/p>\n<h3><strong>Start d\u00f8de batterier<\/strong><\/h3>\n<p>Med V10 Pro jump boxen, selvom dit bilbatteri er helt d\u00f8dt, eller sp\u00e6ndingen er for lav til at registrere, skal du blot trykke p\u00e5 &quot;BOOST&quot;-knappen, og din bil genstarter med det samme \u2013 start op til 70 gange p\u00e5 en enkelt opladning, selv i ekstremt vejr (-4\u2109 til 140\u2109). Vent aldrig \u00e6ngsteligt i timevis p\u00e5 vejhj\u00e6lp igen.<\/p>\n<h3><strong>Type-C hurtigopladning<\/strong><\/h3>\n<p>Udstyret med USB-C\/PD15W, dobbelte USB-A\/hurtigopladningsudgange og 15V\/10A DC, fungerer denne b\u00e6rbare batteristarter ogs\u00e5 som en alsidig batterioplader-powerbank til opladning af tablets, telefoner, wearables, luftkompressorer, bilk\u00f8leskabe osv.<\/p>\n<h3><strong>10 mest avancerede sikkerhedsteknologier<\/strong><\/h3>\n<p>VTOMAN bilbatteri-starterpakke prioriterer sikkerhed og brugervenlighed. Denne forbedrede startkabelindikator bruger et omvendt r\u00f8dt lys til at underrette dig om forkert brug, hvilket eliminerer bekymringer om forkerte tilslutninger eller gnister. Den tilbyder en omfattende r\u00e6kke beskyttelsesfunktioner, herunder gnistsikker, omvendt opladning, overstr\u00f8m, overopladning, omvendt polaritet, h\u00f8j temperatur, lav temperatur, kortslutning, oversp\u00e6nding og overbelastningsbeskyttelse.<\/p>\n<h3><strong>B\u00e6rbar og kompakt<\/strong><\/h3>\n<p>VTOMAN V10 Pro bilbatteri-jumpstarteren leveres med et robust etui, s\u00e5 du nemt kan opbevare den i bagagerummet i n\u00f8dsituationer. Den er meget b\u00e6rbar og velegnet til forskellige udend\u00f8rsaktiviteter og camping, og den har 3 tilstande med 400 lumen LED-lys (Normal, Strobe, SOS).<\/p>\n<h3><strong>24 m\u00e5neders standbytid<\/strong><\/h3>\n<p>Den slukker automatisk efter 10 sekunders inaktivitet, hvilket sparer str\u00f8m og sikrer en standbytid p\u00e5 24 m\u00e5neder. Det er din p\u00e5lidelige alt-i-\u00e9n-l\u00f8sning til n\u00f8dsituationer langs vejen.<\/p>\n<\/li>\n<li style=\"font-size:14px;font-weight:bold;margin-right:10px;padding-left:18px;list-style:none;float:left\">\n<p><span style=\"font-size:26px\"><strong>Specifikation:<\/strong><\/span><\/p>\n<\/li>\n<li style=\"font-size:14px;margin-right:10px;padding-left:18px;list-style:none;position:relative;float:left\">\n<table style=\"border-collapse:collapse;width:1000px\" class=\"jbEidtTable\" border=\"1\" cellpadding=\"5\" cellspacing=\"0\">\n<tbody>\n<tr>\n<td style=\"font-size:14px;text-align:left\" align=\"left\">\n<p><strong>Generel<\/strong><\/p>\n<\/td>\n<td style=\"font-size:14px;text-align:left\" align=\"left\">\n<p>M\u00e6rke: VTOMNA<br \/>Type: Bilstarter<br \/>Model: V10 PRO<br \/>Farve: Gul<\/p>\n<\/td>\n<\/tr>\n<tr>\n<td style=\"font-size:14px;text-align:left\" align=\"left\">\n<p><strong>Specifikation<\/strong><\/p>\n<\/td>\n<td style=\"font-size:14px;text-align:left\" align=\"left\">\n<p>Nominel str\u00f8m: 4500A<br \/>Passer til: 12V-k\u00f8ret\u00f8jer (inklusive alle benzin- og dieselmotorer op til 10,0 liter)<\/p>\n<\/td>\n<\/tr>\n<tr>\n<td style=\"font-size:14px;text-align:left\" align=\"left\">\n<p><strong>V\u00e6gt og st\u00f8rrelse<\/strong><\/p>\n<\/td>\n<td style=\"font-size:14px;text-align:left\" align=\"left\">\n<p>Pakkev\u00e6gt: 640 g<br \/>Pakkest\u00f8rrelse (L x B x H): 230 * 94 * 35 mm<\/p>\n<\/td>\n<\/tr>\n<tr>\n<td style=\"font-size:14px;text-align:left\" align=\"left\">\n<p><strong>Pakkens indhold<\/strong><\/p>\n<\/td>\n<td style=\"font-size:14px;text-align:left\" align=\"left\">\n<p>1 x Bilstarter<br \/>1 x startkabel<br \/>1 x USB-A til Type-C-kabel<br \/>1 x Type-C til Type-C-kabel<br \/>1 x opbevaringsetui<br \/>1 x Brugermanual<\/p>\n<\/td>\n<\/tr>\n<\/tbody>\n<\/table>\n<\/li>\n<\/ul>\n<p><img decoding=\"async\" src=\"https:\/\/ae01.alicdn.com\/kf\/Sc600202e0dc64b898a894dea26f916461.jpg\" slate-data-type=\"image\"\/><img decoding=\"async\" src=\"https:\/\/ae01.alicdn.com\/kf\/Sebb0626c4d7d499c852a7f1da2fce90cK.jpg\" slate-data-type=\"image\"\/><img decoding=\"async\" src=\"https:\/\/ae01.alicdn.com\/kf\/S356867fe7509432d9c10f8cbdf554f3d2.jpg\" slate-data-type=\"image\"\/><img decoding=\"async\" src=\"https:\/\/ae01.alicdn.com\/kf\/S4898ce700f864c83ab95ea2b81172d73U.jpg\" slate-data-type=\"image\"\/><img decoding=\"async\" src=\"https:\/\/ae01.alicdn.com\/kf\/S1678e755b3844ab59c22e4b2cae55c87K.jpg\" slate-data-type=\"image\"\/><img decoding=\"async\" src=\"https:\/\/ae01.alicdn.com\/kf\/S967ac49f559a42c19bbd0e97da7410e4A.jpg\" slate-data-type=\"image\"\/><img decoding=\"async\" src=\"https:\/\/ae01.alicdn.com\/kf\/Sbb5c5babf8844ffcb1030170ec8db036a.jpg\" slate-data-type=\"image\"\/><img decoding=\"async\" src=\"https:\/\/ae01.alicdn.com\/kf\/S3e28dfa1575e4c5fad3e7ad71e63243a0.jpg\" slate-data-type=\"image\"\/><img decoding=\"async\" src=\"https:\/\/ae01.alicdn.com\/kf\/S92fcf4cefc14436fab1d15759c729e63c.jpg\" slate-data-type=\"image\"\/><img decoding=\"async\" src=\"https:\/\/ae01.alicdn.com\/kf\/Sa23e005522994f1b98ba035e79ddfb27p.jpg\" slate-data-type=\"image\"\/><img decoding=\"async\" src=\"https:\/\/ae01.alicdn.com\/kf\/S5ffb78eeb8664be78833e7921638ae6fP.jpg\" slate-data-type=\"image\"\/><img decoding=\"async\" src=\"https:\/\/ae01.alicdn.com\/kf\/S2d81bd5174e645ef9f6645b1644d2f3bK.jpg\" slate-data-type=\"image\"\/><img decoding=\"async\" src=\"https:\/\/ae01.alicdn.com\/kf\/S1f6683fa371c4a65921e9aae8f9424a0B.jpg\" slate-data-type=\"image\"\/><img decoding=\"async\" src=\"https:\/\/ae01.alicdn.com\/kf\/Sd98411c6a5f547578da7e786510deeccB.jpg\" slate-data-type=\"image\"\/><img decoding=\"async\" src=\"https:\/\/ae01.alicdn.com\/kf\/S02f3de51e4754ccc8b5b2a6e4eed52a2A.jpg\" slate-data-type=\"image\"\/><\/p>","protected":false},"excerpt":{"rendered":"<p>Battery Capacity(mAh):&nbsp;3000-5000 Brand:&nbsp;VTOMNA Model:&nbsp;V10 PRO Rated Current:&nbsp;4500A Suits:&nbsp;for 12V Vehicles(including all gasoline and up to 10.0 liters diesel engines) Features 02:&nbsp;Type-C Quick Charge Features 03:&nbsp;Start Dead Batteries Features 04:&nbsp;4500A for<\/p>","protected":false},"featured_media":21753,"comment_status":"open","ping_status":"closed","template":"","meta":{"_acf_changed":false},"product_brand":[],"product_cat":[527],"product_tag":[],"class_list":{"0":"post-21752","1":"product","2":"type-product","3":"status-publish","4":"has-post-thumbnail","6":"product_cat-jump-starter-compressor-power-banks","8":"first","9":"instock","10":"shipping-taxable","11":"purchasable","12":"product-type-simple"},"acf":[],"_links":{"self":[{"href":"https:\/\/electricstore.eu\/da\/wp-json\/wp\/v2\/product\/21752","targetHints":{"allow":["GET"]}}],"collection":[{"href":"https:\/\/electricstore.eu\/da\/wp-json\/wp\/v2\/product"}],"about":[{"href":"https:\/\/electricstore.eu\/da\/wp-json\/wp\/v2\/types\/product"}],"replies":[{"embeddable":true,"href":"https:\/\/electricstore.eu\/da\/wp-json\/wp\/v2\/comments?post=21752"}],"wp:featuredmedia":[{"embeddable":true,"href":"https:\/\/electricstore.eu\/da\/wp-json\/wp\/v2\/media\/21753"}],"wp:attachment":[{"href":"https:\/\/electricstore.eu\/da\/wp-json\/wp\/v2\/media?parent=21752"}],"wp:term":[{"taxonomy":"product_brand","embeddable":true,"href":"https:\/\/electricstore.eu\/da\/wp-json\/wp\/v2\/product_brand?post=21752"},{"taxonomy":"product_cat","embeddable":true,"href":"https:\/\/electricstore.eu\/da\/wp-json\/wp\/v2\/product_cat?post=21752"},{"taxonomy":"product_tag","embeddable":true,"href":"https:\/\/electricstore.eu\/da\/wp-json\/wp\/v2\/product_tag?post=21752"}],"curies":[{"name":"wp","href":"https:\/\/api.w.org\/{rel}","templated":true}]}}